{"id":63350,"date":"2025-02-18T10:22:47","date_gmt":"2025-02-18T10:22:47","guid":{"rendered":"https:\/\/pro.costa-verde.com\/?page_id=63350"},"modified":"2025-02-18T10:31:21","modified_gmt":"2025-02-18T10:31:21","slug":"costa-verde-y-el-proyecto-lasercer","status":"publish","type":"page","link":"https:\/\/pro.costa-verde.com\/es\/costa-verde-y-el-proyecto-lasercer\/","title":{"rendered":"Costa Verde y el proyecto LaserCer"},"content":{"rendered":"\t\t<div data-elementor-type=\"wp-page\" data-elementor-id=\"63350\" class=\"elementor elementor-63350 elementor-63348\" data-elementor-post-type=\"page\">\n\t\t\t\t\t\t<section class=\"elementor-section elementor-top-section elementor-element elementor-element-4e696d57 elementor-section-boxed elementor-section-height-default elementor-section-height-default\" data-id=\"4e696d57\" data-element_type=\"section\">\n\t\t\t\t\t\t<div class=\"elementor-container elementor-column-gap-default\">\n\t\t\t\t\t<div class=\"elementor-column elementor-col-100 elementor-top-column elementor-element elementor-element-7149df70\" data-id=\"7149df70\" data-element_type=\"column\">\n\t\t\t<div class=\"elementor-widget-wrap elementor-element-populated\">\n\t\t\t\t\t\t<div class=\"elementor-element elementor-element-3311861 elementor-widget elementor-widget-image\" data-id=\"3311861\" data-element_type=\"widget\" data-widget_type=\"image.default\">\n\t\t\t\t<div class=\"elementor-widget-container\">\n\t\t\t\t\t\t\t\t\t\t\t\t\t\t\t<img fetchpriority=\"high\" decoding=\"async\" width=\"1024\" height=\"717\" src=\"https:\/\/pro.costa-verde.com\/wp-content\/uploads\/2025\/02\/IMG_3889_cortado-1024x717.jpg\" class=\"attachment-large size-large wp-image-63359\" alt=\"\" srcset=\"https:\/\/pro.costa-verde.com\/wp-content\/uploads\/2025\/02\/IMG_3889_cortado-1024x717.jpg 1024w, https:\/\/pro.costa-verde.com\/wp-content\/uploads\/2025\/02\/IMG_3889_cortado-300x210.jpg 300w, https:\/\/pro.costa-verde.com\/wp-content\/uploads\/2025\/02\/IMG_3889_cortado-768x538.jpg 768w, https:\/\/pro.costa-verde.com\/wp-content\/uploads\/2025\/02\/IMG_3889_cortado-1536x1076.jpg 1536w, https:\/\/pro.costa-verde.com\/wp-content\/uploads\/2025\/02\/IMG_3889_cortado-600x420.jpg 600w, https:\/\/pro.costa-verde.com\/wp-content\/uploads\/2025\/02\/IMG_3889_cortado-120x84.jpg 120w, https:\/\/pro.costa-verde.com\/wp-content\/uploads\/2025\/02\/IMG_3889_cortado.jpg 1920w\" sizes=\"(max-width: 1024px) 100vw, 1024px\" \/>\t\t\t\t\t\t\t\t\t\t\t\t\t\t\t<\/div>\n\t\t\t\t<\/div>\n\t\t\t\t<div class=\"elementor-element elementor-element-7843fbcb elementor-widget elementor-widget-text-editor\" data-id=\"7843fbcb\" data-element_type=\"widget\" data-widget_type=\"text-editor.default\">\n\t\t\t\t<div class=\"elementor-widget-container\">\n\t\t\t\t\t\t\t\t\t<p>El mes de febrero estuvo marcado en <a href=\"https:\/\/www.ua.pt\/pt\/\"><strong>Costa Verde<\/strong> <\/a>por la reuni\u00f3n de lanzamiento del proyecto <strong>LaserCer<\/strong>.<\/p><p>Este proyecto pretende investigar y validar el uso de tecnolog\u00edas de Manufactura Aditiva integradas con tecnolog\u00edas inform\u00e1ticas avanzadas en el proceso de dise\u00f1o y producci\u00f3n, con el objetivo de crear productos disruptivos en el sector de la porcelana, a partir de procesos de fabricaci\u00f3n optimizados, basados en sistemas de Inteligencia Artificial y Realidad Mixta. Este proyecto abordar\u00e1 diversos aspectos del proceso de dise\u00f1o y fabricaci\u00f3n de productos de porcelana para una tecnolog\u00eda de Fabricaci\u00f3n Aditiva: el <strong>Sinterizado Selectivo por L\u00e1ser<\/strong>.<\/p><p>El consorcio participante est\u00e1 formado por <a href=\"https:\/\/www.ua.pt\/pt\/\"><strong>Costa Verde<\/strong><\/a>, empresa con fuerte experiencia tecnol\u00f3gica en el sector industrial de la porcelana, y la <a href=\"https:\/\/www.ua.pt\/pt\/\"><strong>Universidad de Aveiro<\/strong><\/a> (<a href=\"https:\/\/www.ua.pt\/pt\/demac\"><strong>Departamento de Ingenier\u00eda de Materiales y Cer\u00e1mica<\/strong><\/a> y <a href=\"https:\/\/www.ua.pt\/pt\/esan\"><strong>Escuela Superior Aveiro-Norte<\/strong><\/a>), como entidad no empresarial del sistema de I&amp;I, con amplia experiencia en el campo de la investigaci\u00f3n y desarrollo de materiales cer\u00e1micos y tecnolog\u00edas de Fabricaci\u00f3n Aditiva, garantizando as\u00ed la realizaci\u00f3n de las actividades de investigaci\u00f3n industrial y desarrollo experimental necesarias, con vistas a reforzar la competitividad e inserci\u00f3n internacional de <strong>Costa Verde<\/strong>.<\/p><p style=\"text-align: justify;\">\u00a0<\/p>\t\t\t\t\t\t\t\t<\/div>\n\t\t\t\t<\/div>\n\t\t\t\t\t<\/div>\n\t\t<\/div>\n\t\t\t\t\t<\/div>\n\t\t<\/section>\n\t\t\t\t<\/div>\n\t\t","protected":false},"excerpt":{"rendered":"<p>El mes de febrero estuvo marcado en Costa Verde por la reuni\u00f3n de lanzamiento del proyecto LaserCer. Este proyecto pretende investigar y validar el uso de tecnolog\u00edas de Manufactura Aditiva integradas con tecnolog\u00edas inform\u00e1ticas avanzadas en el proceso de dise\u00f1o y producci\u00f3n, con el objetivo de crear productos disruptivos en el sector de la porcelana, [&hellip;]<\/p>\n","protected":false},"author":438,"featured_media":63359,"parent":0,"menu_order":0,"comment_status":"open","ping_status":"closed","template":"","meta":{"footnotes":""},"class_list":["post-63350","page","type-page","status-publish","has-post-thumbnail","hentry"],"yoast_head":"<!-- This site is optimized with the Yoast SEO plugin v26.9 - https:\/\/yoast.com\/product\/yoast-seo-wordpress\/ -->\n<title>Costa Verde y el proyecto LaserCer<\/title>\n<meta name=\"description\" content=\"El mes de febrero estuvo marcado en Costa Verde por la reuni\u00f3n de lanzamiento del proyecto LaserCer. Sepa m\u00e1s!\" \/>\n<meta name=\"robots\" content=\"index, follow, max-snippet:-1, max-image-preview:large, max-video-preview:-1\" \/>\n<link rel=\"canonical\" href=\"https:\/\/pro.costa-verde.com\/costa-verde-e-o-projeto-lasercer\/\" \/>\n<meta property=\"og:locale\" content=\"es_ES\" \/>\n<meta property=\"og:type\" content=\"article\" \/>\n<meta property=\"og:title\" content=\"Costa Verde y el proyecto LaserCer\" \/>\n<meta property=\"og:description\" content=\"El mes de febrero estuvo marcado en Costa Verde por la reuni\u00f3n de lanzamiento del proyecto LaserCer. Sepa m\u00e1s!\" \/>\n<meta property=\"og:url\" content=\"https:\/\/pro.costa-verde.com\/costa-verde-e-o-projeto-lasercer\/\" \/>\n<meta property=\"og:site_name\" content=\"Costa Verde\" \/>\n<meta property=\"article:publisher\" content=\"https:\/\/www.facebook.com\/costaverdeporcelanas\/\" \/>\n<meta property=\"article:modified_time\" content=\"2025-02-18T10:31:21+00:00\" \/>\n<meta property=\"og:image\" content=\"https:\/\/pro.costa-verde.com\/wp-content\/uploads\/2025\/02\/IMG_3889_cortado.jpg\" \/>\n\t<meta property=\"og:image:width\" content=\"1920\" \/>\n\t<meta property=\"og:image:height\" content=\"1345\" \/>\n\t<meta property=\"og:image:type\" content=\"image\/jpeg\" \/>\n<meta name=\"twitter:card\" content=\"summary_large_image\" \/>\n<meta name=\"twitter:label1\" content=\"Tiempo de lectura\" \/>\n\t<meta name=\"twitter:data1\" content=\"2 minutos\" \/>\n<script type=\"application\/ld+json\" class=\"yoast-schema-graph\">{\"@context\":\"https:\/\/schema.org\",\"@graph\":[{\"@type\":\"WebPage\",\"@id\":\"https:\/\/pro.costa-verde.com\/costa-verde-e-o-projeto-lasercer\/\",\"url\":\"https:\/\/pro.costa-verde.com\/costa-verde-e-o-projeto-lasercer\/\",\"name\":\"Costa Verde y el proyecto LaserCer\",\"isPartOf\":{\"@id\":\"https:\/\/pro.costa-verde.com\/#website\"},\"primaryImageOfPage\":{\"@id\":\"https:\/\/pro.costa-verde.com\/costa-verde-e-o-projeto-lasercer\/#primaryimage\"},\"image\":{\"@id\":\"https:\/\/pro.costa-verde.com\/costa-verde-e-o-projeto-lasercer\/#primaryimage\"},\"thumbnailUrl\":\"https:\/\/pro.costa-verde.com\/wp-content\/uploads\/2025\/02\/IMG_3889_cortado.jpg\",\"datePublished\":\"2025-02-18T10:22:47+00:00\",\"dateModified\":\"2025-02-18T10:31:21+00:00\",\"description\":\"El mes de febrero estuvo marcado en Costa Verde por la reuni\u00f3n de lanzamiento del proyecto LaserCer. Sepa m\u00e1s!\",\"breadcrumb\":{\"@id\":\"https:\/\/pro.costa-verde.com\/costa-verde-e-o-projeto-lasercer\/#breadcrumb\"},\"inLanguage\":\"es\",\"potentialAction\":[{\"@type\":\"ReadAction\",\"target\":[\"https:\/\/pro.costa-verde.com\/costa-verde-e-o-projeto-lasercer\/\"]}]},{\"@type\":\"ImageObject\",\"inLanguage\":\"es\",\"@id\":\"https:\/\/pro.costa-verde.com\/costa-verde-e-o-projeto-lasercer\/#primaryimage\",\"url\":\"https:\/\/pro.costa-verde.com\/wp-content\/uploads\/2025\/02\/IMG_3889_cortado.jpg\",\"contentUrl\":\"https:\/\/pro.costa-verde.com\/wp-content\/uploads\/2025\/02\/IMG_3889_cortado.jpg\",\"width\":1920,\"height\":1345},{\"@type\":\"BreadcrumbList\",\"@id\":\"https:\/\/pro.costa-verde.com\/costa-verde-e-o-projeto-lasercer\/#breadcrumb\",\"itemListElement\":[{\"@type\":\"ListItem\",\"position\":1,\"name\":\"In\u00edcio\",\"item\":\"https:\/\/pro.costa-verde.com\/es\/\"},{\"@type\":\"ListItem\",\"position\":2,\"name\":\"Costa Verde y el proyecto LaserCer\"}]},{\"@type\":\"WebSite\",\"@id\":\"https:\/\/pro.costa-verde.com\/#website\",\"url\":\"https:\/\/pro.costa-verde.com\/\",\"name\":\"Costa Verde\",\"description\":\"Loja Online\",\"potentialAction\":[{\"@type\":\"SearchAction\",\"target\":{\"@type\":\"EntryPoint\",\"urlTemplate\":\"https:\/\/pro.costa-verde.com\/?s={search_term_string}\"},\"query-input\":{\"@type\":\"PropertyValueSpecification\",\"valueRequired\":true,\"valueName\":\"search_term_string\"}}],\"inLanguage\":\"es\"}]}<\/script>\n<!-- \/ Yoast SEO plugin. -->","yoast_head_json":{"title":"Costa Verde y el proyecto LaserCer","description":"El mes de febrero estuvo marcado en Costa Verde por la reuni\u00f3n de lanzamiento del proyecto LaserCer. Sepa m\u00e1s!","robots":{"index":"index","follow":"follow","max-snippet":"max-snippet:-1","max-image-preview":"max-image-preview:large","max-video-preview":"max-video-preview:-1"},"canonical":"https:\/\/pro.costa-verde.com\/costa-verde-e-o-projeto-lasercer\/","og_locale":"es_ES","og_type":"article","og_title":"Costa Verde y el proyecto LaserCer","og_description":"El mes de febrero estuvo marcado en Costa Verde por la reuni\u00f3n de lanzamiento del proyecto LaserCer. Sepa m\u00e1s!","og_url":"https:\/\/pro.costa-verde.com\/costa-verde-e-o-projeto-lasercer\/","og_site_name":"Costa Verde","article_publisher":"https:\/\/www.facebook.com\/costaverdeporcelanas\/","article_modified_time":"2025-02-18T10:31:21+00:00","og_image":[{"width":1920,"height":1345,"url":"https:\/\/pro.costa-verde.com\/wp-content\/uploads\/2025\/02\/IMG_3889_cortado.jpg","type":"image\/jpeg"}],"twitter_card":"summary_large_image","twitter_misc":{"Tiempo de lectura":"2 minutos"},"schema":{"@context":"https:\/\/schema.org","@graph":[{"@type":"WebPage","@id":"https:\/\/pro.costa-verde.com\/costa-verde-e-o-projeto-lasercer\/","url":"https:\/\/pro.costa-verde.com\/costa-verde-e-o-projeto-lasercer\/","name":"Costa Verde y el proyecto LaserCer","isPartOf":{"@id":"https:\/\/pro.costa-verde.com\/#website"},"primaryImageOfPage":{"@id":"https:\/\/pro.costa-verde.com\/costa-verde-e-o-projeto-lasercer\/#primaryimage"},"image":{"@id":"https:\/\/pro.costa-verde.com\/costa-verde-e-o-projeto-lasercer\/#primaryimage"},"thumbnailUrl":"https:\/\/pro.costa-verde.com\/wp-content\/uploads\/2025\/02\/IMG_3889_cortado.jpg","datePublished":"2025-02-18T10:22:47+00:00","dateModified":"2025-02-18T10:31:21+00:00","description":"El mes de febrero estuvo marcado en Costa Verde por la reuni\u00f3n de lanzamiento del proyecto LaserCer. Sepa m\u00e1s!","breadcrumb":{"@id":"https:\/\/pro.costa-verde.com\/costa-verde-e-o-projeto-lasercer\/#breadcrumb"},"inLanguage":"es","potentialAction":[{"@type":"ReadAction","target":["https:\/\/pro.costa-verde.com\/costa-verde-e-o-projeto-lasercer\/"]}]},{"@type":"ImageObject","inLanguage":"es","@id":"https:\/\/pro.costa-verde.com\/costa-verde-e-o-projeto-lasercer\/#primaryimage","url":"https:\/\/pro.costa-verde.com\/wp-content\/uploads\/2025\/02\/IMG_3889_cortado.jpg","contentUrl":"https:\/\/pro.costa-verde.com\/wp-content\/uploads\/2025\/02\/IMG_3889_cortado.jpg","width":1920,"height":1345},{"@type":"BreadcrumbList","@id":"https:\/\/pro.costa-verde.com\/costa-verde-e-o-projeto-lasercer\/#breadcrumb","itemListElement":[{"@type":"ListItem","position":1,"name":"In\u00edcio","item":"https:\/\/pro.costa-verde.com\/es\/"},{"@type":"ListItem","position":2,"name":"Costa Verde y el proyecto LaserCer"}]},{"@type":"WebSite","@id":"https:\/\/pro.costa-verde.com\/#website","url":"https:\/\/pro.costa-verde.com\/","name":"Costa Verde","description":"Loja Online","potentialAction":[{"@type":"SearchAction","target":{"@type":"EntryPoint","urlTemplate":"https:\/\/pro.costa-verde.com\/?s={search_term_string}"},"query-input":{"@type":"PropertyValueSpecification","valueRequired":true,"valueName":"search_term_string"}}],"inLanguage":"es"}]}},"_links":{"self":[{"href":"https:\/\/pro.costa-verde.com\/es\/wp-json\/wp\/v2\/pages\/63350","targetHints":{"allow":["GET"]}}],"collection":[{"href":"https:\/\/pro.costa-verde.com\/es\/wp-json\/wp\/v2\/pages"}],"about":[{"href":"https:\/\/pro.costa-verde.com\/es\/wp-json\/wp\/v2\/types\/page"}],"author":[{"embeddable":true,"href":"https:\/\/pro.costa-verde.com\/es\/wp-json\/wp\/v2\/users\/438"}],"replies":[{"embeddable":true,"href":"https:\/\/pro.costa-verde.com\/es\/wp-json\/wp\/v2\/comments?post=63350"}],"version-history":[{"count":8,"href":"https:\/\/pro.costa-verde.com\/es\/wp-json\/wp\/v2\/pages\/63350\/revisions"}],"predecessor-version":[{"id":63377,"href":"https:\/\/pro.costa-verde.com\/es\/wp-json\/wp\/v2\/pages\/63350\/revisions\/63377"}],"wp:featuredmedia":[{"embeddable":true,"href":"https:\/\/pro.costa-verde.com\/es\/wp-json\/wp\/v2\/media\/63359"}],"wp:attachment":[{"href":"https:\/\/pro.costa-verde.com\/es\/wp-json\/wp\/v2\/media?parent=63350"}],"curies":[{"name":"wp","href":"https:\/\/api.w.org\/{rel}","templated":true}]}}