{"id":63284,"date":"2025-02-04T16:32:40","date_gmt":"2025-02-04T16:32:40","guid":{"rendered":"https:\/\/pro.costa-verde.com\/?page_id=63284"},"modified":"2025-02-04T16:34:04","modified_gmt":"2025-02-04T16:34:04","slug":"costa-verde-en-la-feria-ambiente-2025","status":"publish","type":"page","link":"https:\/\/pro.costa-verde.com\/es\/costa-verde-en-la-feria-ambiente-2025\/","title":{"rendered":"Costa Verde en la Feria Ambiente 2025!"},"content":{"rendered":"\t\t<div data-elementor-type=\"wp-page\" data-elementor-id=\"63284\" class=\"elementor elementor-63284 elementor-63282\" data-elementor-post-type=\"page\">\n\t\t\t\t\t\t<section class=\"elementor-section elementor-top-section elementor-element elementor-element-4e696d57 elementor-section-boxed elementor-section-height-default elementor-section-height-default\" data-id=\"4e696d57\" data-element_type=\"section\">\n\t\t\t\t\t\t<div class=\"elementor-container elementor-column-gap-default\">\n\t\t\t\t\t<div class=\"elementor-column elementor-col-100 elementor-top-column elementor-element elementor-element-7149df70\" data-id=\"7149df70\" data-element_type=\"column\">\n\t\t\t<div class=\"elementor-widget-wrap elementor-element-populated\">\n\t\t\t\t\t\t<div class=\"elementor-element elementor-element-3311861 elementor-widget elementor-widget-image\" data-id=\"3311861\" data-element_type=\"widget\" data-widget_type=\"image.default\">\n\t\t\t\t<div class=\"elementor-widget-container\">\n\t\t\t\t\t\t\t\t\t\t\t\t\t\t\t<img fetchpriority=\"high\" decoding=\"async\" width=\"1024\" height=\"576\" src=\"https:\/\/pro.costa-verde.com\/wp-content\/uploads\/2025\/02\/Ambiente-25-v2-1024x576.jpg\" class=\"attachment-large size-large wp-image-63288\" alt=\"\" srcset=\"https:\/\/pro.costa-verde.com\/wp-content\/uploads\/2025\/02\/Ambiente-25-v2-1024x576.jpg 1024w, https:\/\/pro.costa-verde.com\/wp-content\/uploads\/2025\/02\/Ambiente-25-v2-300x169.jpg 300w, https:\/\/pro.costa-verde.com\/wp-content\/uploads\/2025\/02\/Ambiente-25-v2-768x432.jpg 768w, https:\/\/pro.costa-verde.com\/wp-content\/uploads\/2025\/02\/Ambiente-25-v2-1536x864.jpg 1536w, https:\/\/pro.costa-verde.com\/wp-content\/uploads\/2025\/02\/Ambiente-25-v2-600x338.jpg 600w, https:\/\/pro.costa-verde.com\/wp-content\/uploads\/2025\/02\/Ambiente-25-v2-120x68.jpg 120w, https:\/\/pro.costa-verde.com\/wp-content\/uploads\/2025\/02\/Ambiente-25-v2.jpg 1920w\" sizes=\"(max-width: 1024px) 100vw, 1024px\" \/>\t\t\t\t\t\t\t\t\t\t\t\t\t\t\t<\/div>\n\t\t\t\t<\/div>\n\t\t\t\t<div class=\"elementor-element elementor-element-7843fbcb elementor-widget elementor-widget-text-editor\" data-id=\"7843fbcb\" data-element_type=\"widget\" data-widget_type=\"text-editor.default\">\n\t\t\t\t<div class=\"elementor-widget-container\">\n\t\t\t\t\t\t\t\t\t<p>Costa Verde estar\u00e1 presente una vez m\u00e1s en la feria Ambiente, en Frankfurt, que se celebrar\u00e1 del 7 al 11 de febrero.<\/p><p>Participante habitual en este evento desde principios de la d\u00e9cada de los 90, Costa Verde centra sus esfuerzos en la presentaci\u00f3n de las nuevas colecciones Onda, Misty &amp; Cloudy y Calm, as\u00ed como en las \u00faltimas piezas de la l\u00ednea gastron\u00f3mica Terra, dise\u00f1ada por Pere Gifre.<\/p><p>Con un stand de 75m\u00b2 en su ubicaci\u00f3n habitual en el Hall 12, Costa Verde recibir\u00e1 a clientes de m\u00e1s de 50 regiones en todo el mundo donde ya distribuye sus productos, as\u00ed como a potenciales compradores internacionales y a la prensa.<\/p><p>Como resultado de sus iniciativas de sostenibilidad llevadas a cabo diariamente, Costa Verde ha sido nuevamente reconocida y seleccionada para formar parte de la iniciativa <strong>Ethical Style<\/strong>, un programa para expositores que ofrecen productos ecol\u00f3gica y socialmente responsables.<\/p><p>\u00a1Del 7 al 11 de febrero, el destino es Frankfurt!<\/p><p style=\"text-align: justify;\">\u00a0<\/p>\t\t\t\t\t\t\t\t<\/div>\n\t\t\t\t<\/div>\n\t\t\t\t\t<\/div>\n\t\t<\/div>\n\t\t\t\t\t<\/div>\n\t\t<\/section>\n\t\t\t\t<\/div>\n\t\t","protected":false},"excerpt":{"rendered":"<p>Costa Verde estar\u00e1 presente una vez m\u00e1s en la feria Ambiente, en Frankfurt, que se celebrar\u00e1 del 7 al 11 de febrero. Participante habitual en este evento desde principios de la d\u00e9cada de los 90, Costa Verde centra sus esfuerzos en la presentaci\u00f3n de las nuevas colecciones Onda, Misty &amp; Cloudy y Calm, as\u00ed como [&hellip;]<\/p>\n","protected":false},"author":438,"featured_media":63288,"parent":0,"menu_order":0,"comment_status":"open","ping_status":"closed","template":"","meta":{"footnotes":""},"class_list":["post-63284","page","type-page","status-publish","has-post-thumbnail","hentry"],"yoast_head":"<!-- This site is optimized with the Yoast SEO plugin v26.9 - https:\/\/yoast.com\/product\/yoast-seo-wordpress\/ -->\n<title>Costa Verde en la Feria Ambiente 2025! - Costa Verde<\/title>\n<meta name=\"description\" content=\"Costa Verde estar\u00e1 presente una vez m\u00e1s en la feria Ambiente, en Frankfurt, que se celebrar\u00e1 del 7 al 11 de febrero! Sepa m\u00e1s!\" \/>\n<meta name=\"robots\" content=\"index, follow, max-snippet:-1, max-image-preview:large, max-video-preview:-1\" \/>\n<link rel=\"canonical\" href=\"https:\/\/pro.costa-verde.com\/costa-verde-na-feira-ambiente-2025\/\" \/>\n<meta property=\"og:locale\" content=\"es_ES\" \/>\n<meta property=\"og:type\" content=\"article\" \/>\n<meta property=\"og:title\" content=\"Costa Verde en la Feria Ambiente 2025! - Costa Verde\" \/>\n<meta property=\"og:description\" content=\"Costa Verde estar\u00e1 presente una vez m\u00e1s en la feria Ambiente, en Frankfurt, que se celebrar\u00e1 del 7 al 11 de febrero! Sepa m\u00e1s!\" \/>\n<meta property=\"og:url\" content=\"https:\/\/pro.costa-verde.com\/costa-verde-na-feira-ambiente-2025\/\" \/>\n<meta property=\"og:site_name\" content=\"Costa Verde\" \/>\n<meta property=\"article:publisher\" content=\"https:\/\/www.facebook.com\/costaverdeporcelanas\/\" \/>\n<meta property=\"article:modified_time\" content=\"2025-02-04T16:34:04+00:00\" \/>\n<meta property=\"og:image\" content=\"https:\/\/pro.costa-verde.com\/wp-content\/uploads\/2025\/02\/Ambiente-25-v2.jpg\" \/>\n\t<meta property=\"og:image:width\" content=\"1920\" \/>\n\t<meta property=\"og:image:height\" content=\"1080\" \/>\n\t<meta property=\"og:image:type\" content=\"image\/jpeg\" \/>\n<meta name=\"twitter:card\" content=\"summary_large_image\" \/>\n<meta name=\"twitter:label1\" content=\"Tiempo de lectura\" \/>\n\t<meta name=\"twitter:data1\" content=\"1 minuto\" \/>\n<script type=\"application\/ld+json\" class=\"yoast-schema-graph\">{\"@context\":\"https:\/\/schema.org\",\"@graph\":[{\"@type\":\"WebPage\",\"@id\":\"https:\/\/pro.costa-verde.com\/costa-verde-na-feira-ambiente-2025\/\",\"url\":\"https:\/\/pro.costa-verde.com\/costa-verde-na-feira-ambiente-2025\/\",\"name\":\"Costa Verde en la Feria Ambiente 2025! - Costa Verde\",\"isPartOf\":{\"@id\":\"https:\/\/pro.costa-verde.com\/#website\"},\"primaryImageOfPage\":{\"@id\":\"https:\/\/pro.costa-verde.com\/costa-verde-na-feira-ambiente-2025\/#primaryimage\"},\"image\":{\"@id\":\"https:\/\/pro.costa-verde.com\/costa-verde-na-feira-ambiente-2025\/#primaryimage\"},\"thumbnailUrl\":\"https:\/\/pro.costa-verde.com\/wp-content\/uploads\/2025\/02\/Ambiente-25-v2.jpg\",\"datePublished\":\"2025-02-04T16:32:40+00:00\",\"dateModified\":\"2025-02-04T16:34:04+00:00\",\"description\":\"Costa Verde estar\u00e1 presente una vez m\u00e1s en la feria Ambiente, en Frankfurt, que se celebrar\u00e1 del 7 al 11 de febrero! Sepa m\u00e1s!\",\"breadcrumb\":{\"@id\":\"https:\/\/pro.costa-verde.com\/costa-verde-na-feira-ambiente-2025\/#breadcrumb\"},\"inLanguage\":\"es\",\"potentialAction\":[{\"@type\":\"ReadAction\",\"target\":[\"https:\/\/pro.costa-verde.com\/costa-verde-na-feira-ambiente-2025\/\"]}]},{\"@type\":\"ImageObject\",\"inLanguage\":\"es\",\"@id\":\"https:\/\/pro.costa-verde.com\/costa-verde-na-feira-ambiente-2025\/#primaryimage\",\"url\":\"https:\/\/pro.costa-verde.com\/wp-content\/uploads\/2025\/02\/Ambiente-25-v2.jpg\",\"contentUrl\":\"https:\/\/pro.costa-verde.com\/wp-content\/uploads\/2025\/02\/Ambiente-25-v2.jpg\",\"width\":1920,\"height\":1080},{\"@type\":\"BreadcrumbList\",\"@id\":\"https:\/\/pro.costa-verde.com\/costa-verde-na-feira-ambiente-2025\/#breadcrumb\",\"itemListElement\":[{\"@type\":\"ListItem\",\"position\":1,\"name\":\"In\u00edcio\",\"item\":\"https:\/\/pro.costa-verde.com\/es\/\"},{\"@type\":\"ListItem\",\"position\":2,\"name\":\"Costa Verde en la Feria Ambiente 2025!\"}]},{\"@type\":\"WebSite\",\"@id\":\"https:\/\/pro.costa-verde.com\/#website\",\"url\":\"https:\/\/pro.costa-verde.com\/\",\"name\":\"Costa Verde\",\"description\":\"Loja Online\",\"potentialAction\":[{\"@type\":\"SearchAction\",\"target\":{\"@type\":\"EntryPoint\",\"urlTemplate\":\"https:\/\/pro.costa-verde.com\/?s={search_term_string}\"},\"query-input\":{\"@type\":\"PropertyValueSpecification\",\"valueRequired\":true,\"valueName\":\"search_term_string\"}}],\"inLanguage\":\"es\"}]}<\/script>\n<!-- \/ Yoast SEO plugin. -->","yoast_head_json":{"title":"Costa Verde en la Feria Ambiente 2025! - Costa Verde","description":"Costa Verde estar\u00e1 presente una vez m\u00e1s en la feria Ambiente, en Frankfurt, que se celebrar\u00e1 del 7 al 11 de febrero! Sepa m\u00e1s!","robots":{"index":"index","follow":"follow","max-snippet":"max-snippet:-1","max-image-preview":"max-image-preview:large","max-video-preview":"max-video-preview:-1"},"canonical":"https:\/\/pro.costa-verde.com\/costa-verde-na-feira-ambiente-2025\/","og_locale":"es_ES","og_type":"article","og_title":"Costa Verde en la Feria Ambiente 2025! - Costa Verde","og_description":"Costa Verde estar\u00e1 presente una vez m\u00e1s en la feria Ambiente, en Frankfurt, que se celebrar\u00e1 del 7 al 11 de febrero! Sepa m\u00e1s!","og_url":"https:\/\/pro.costa-verde.com\/costa-verde-na-feira-ambiente-2025\/","og_site_name":"Costa Verde","article_publisher":"https:\/\/www.facebook.com\/costaverdeporcelanas\/","article_modified_time":"2025-02-04T16:34:04+00:00","og_image":[{"width":1920,"height":1080,"url":"https:\/\/pro.costa-verde.com\/wp-content\/uploads\/2025\/02\/Ambiente-25-v2.jpg","type":"image\/jpeg"}],"twitter_card":"summary_large_image","twitter_misc":{"Tiempo de lectura":"1 minuto"},"schema":{"@context":"https:\/\/schema.org","@graph":[{"@type":"WebPage","@id":"https:\/\/pro.costa-verde.com\/costa-verde-na-feira-ambiente-2025\/","url":"https:\/\/pro.costa-verde.com\/costa-verde-na-feira-ambiente-2025\/","name":"Costa Verde en la Feria Ambiente 2025! - Costa Verde","isPartOf":{"@id":"https:\/\/pro.costa-verde.com\/#website"},"primaryImageOfPage":{"@id":"https:\/\/pro.costa-verde.com\/costa-verde-na-feira-ambiente-2025\/#primaryimage"},"image":{"@id":"https:\/\/pro.costa-verde.com\/costa-verde-na-feira-ambiente-2025\/#primaryimage"},"thumbnailUrl":"https:\/\/pro.costa-verde.com\/wp-content\/uploads\/2025\/02\/Ambiente-25-v2.jpg","datePublished":"2025-02-04T16:32:40+00:00","dateModified":"2025-02-04T16:34:04+00:00","description":"Costa Verde estar\u00e1 presente una vez m\u00e1s en la feria Ambiente, en Frankfurt, que se celebrar\u00e1 del 7 al 11 de febrero! Sepa m\u00e1s!","breadcrumb":{"@id":"https:\/\/pro.costa-verde.com\/costa-verde-na-feira-ambiente-2025\/#breadcrumb"},"inLanguage":"es","potentialAction":[{"@type":"ReadAction","target":["https:\/\/pro.costa-verde.com\/costa-verde-na-feira-ambiente-2025\/"]}]},{"@type":"ImageObject","inLanguage":"es","@id":"https:\/\/pro.costa-verde.com\/costa-verde-na-feira-ambiente-2025\/#primaryimage","url":"https:\/\/pro.costa-verde.com\/wp-content\/uploads\/2025\/02\/Ambiente-25-v2.jpg","contentUrl":"https:\/\/pro.costa-verde.com\/wp-content\/uploads\/2025\/02\/Ambiente-25-v2.jpg","width":1920,"height":1080},{"@type":"BreadcrumbList","@id":"https:\/\/pro.costa-verde.com\/costa-verde-na-feira-ambiente-2025\/#breadcrumb","itemListElement":[{"@type":"ListItem","position":1,"name":"In\u00edcio","item":"https:\/\/pro.costa-verde.com\/es\/"},{"@type":"ListItem","position":2,"name":"Costa Verde en la Feria Ambiente 2025!"}]},{"@type":"WebSite","@id":"https:\/\/pro.costa-verde.com\/#website","url":"https:\/\/pro.costa-verde.com\/","name":"Costa Verde","description":"Loja Online","potentialAction":[{"@type":"SearchAction","target":{"@type":"EntryPoint","urlTemplate":"https:\/\/pro.costa-verde.com\/?s={search_term_string}"},"query-input":{"@type":"PropertyValueSpecification","valueRequired":true,"valueName":"search_term_string"}}],"inLanguage":"es"}]}},"_links":{"self":[{"href":"https:\/\/pro.costa-verde.com\/es\/wp-json\/wp\/v2\/pages\/63284","targetHints":{"allow":["GET"]}}],"collection":[{"href":"https:\/\/pro.costa-verde.com\/es\/wp-json\/wp\/v2\/pages"}],"about":[{"href":"https:\/\/pro.costa-verde.com\/es\/wp-json\/wp\/v2\/types\/page"}],"author":[{"embeddable":true,"href":"https:\/\/pro.costa-verde.com\/es\/wp-json\/wp\/v2\/users\/438"}],"replies":[{"embeddable":true,"href":"https:\/\/pro.costa-verde.com\/es\/wp-json\/wp\/v2\/comments?post=63284"}],"version-history":[{"count":5,"href":"https:\/\/pro.costa-verde.com\/es\/wp-json\/wp\/v2\/pages\/63284\/revisions"}],"predecessor-version":[{"id":63304,"href":"https:\/\/pro.costa-verde.com\/es\/wp-json\/wp\/v2\/pages\/63284\/revisions\/63304"}],"wp:featuredmedia":[{"embeddable":true,"href":"https:\/\/pro.costa-verde.com\/es\/wp-json\/wp\/v2\/media\/63288"}],"wp:attachment":[{"href":"https:\/\/pro.costa-verde.com\/es\/wp-json\/wp\/v2\/media?parent=63284"}],"curies":[{"name":"wp","href":"https:\/\/api.w.org\/{rel}","templated":true}]}}