{"id":62802,"date":"2025-01-13T09:47:51","date_gmt":"2025-01-13T09:47:51","guid":{"rendered":"https:\/\/pro.costa-verde.com\/?page_id=62802"},"modified":"2025-01-13T10:00:30","modified_gmt":"2025-01-13T10:00:30","slug":"costa-verde-en-primer-plano-la-revista-human","status":"publish","type":"page","link":"https:\/\/pro.costa-verde.com\/es\/costa-verde-en-primer-plano-la-revista-human\/","title":{"rendered":"Costa Verde en primer plano la revista Human"},"content":{"rendered":"\t\t<div data-elementor-type=\"wp-page\" data-elementor-id=\"62802\" class=\"elementor elementor-62802\" data-elementor-post-type=\"page\">\n\t\t\t\t\t\t<section class=\"elementor-section elementor-top-section elementor-element elementor-element-4e696d57 elementor-section-boxed elementor-section-height-default elementor-section-height-default\" data-id=\"4e696d57\" data-element_type=\"section\">\n\t\t\t\t\t\t<div class=\"elementor-container elementor-column-gap-default\">\n\t\t\t\t\t<div class=\"elementor-column elementor-col-100 elementor-top-column elementor-element elementor-element-7149df70\" data-id=\"7149df70\" data-element_type=\"column\">\n\t\t\t<div class=\"elementor-widget-wrap elementor-element-populated\">\n\t\t\t\t\t\t<div class=\"elementor-element elementor-element-3311861 elementor-widget elementor-widget-image\" data-id=\"3311861\" data-element_type=\"widget\" data-widget_type=\"image.default\">\n\t\t\t\t<div class=\"elementor-widget-container\">\n\t\t\t\t\t\t\t\t\t\t\t\t\t\t\t<img fetchpriority=\"high\" decoding=\"async\" width=\"768\" height=\"576\" src=\"https:\/\/pro.costa-verde.com\/wp-content\/uploads\/2025\/01\/editada-4-768x576.jpg\" class=\"attachment-medium_large size-medium_large wp-image-62811\" alt=\"\" srcset=\"https:\/\/pro.costa-verde.com\/wp-content\/uploads\/2025\/01\/editada-4-768x576.jpg 768w, https:\/\/pro.costa-verde.com\/wp-content\/uploads\/2025\/01\/editada-4-300x225.jpg 300w, https:\/\/pro.costa-verde.com\/wp-content\/uploads\/2025\/01\/editada-4-1024x768.jpg 1024w, https:\/\/pro.costa-verde.com\/wp-content\/uploads\/2025\/01\/editada-4-1536x1152.jpg 1536w, https:\/\/pro.costa-verde.com\/wp-content\/uploads\/2025\/01\/editada-4-600x450.jpg 600w, https:\/\/pro.costa-verde.com\/wp-content\/uploads\/2025\/01\/editada-4-120x90.jpg 120w, https:\/\/pro.costa-verde.com\/wp-content\/uploads\/2025\/01\/editada-4.jpg 1920w\" sizes=\"(max-width: 768px) 100vw, 768px\" \/>\t\t\t\t\t\t\t\t\t\t\t\t\t\t\t<\/div>\n\t\t\t\t<\/div>\n\t\t\t\t<div class=\"elementor-element elementor-element-7843fbcb elementor-widget elementor-widget-text-editor\" data-id=\"7843fbcb\" data-element_type=\"widget\" data-widget_type=\"text-editor.default\">\n\t\t\t\t<div class=\"elementor-widget-container\">\n\t\t\t\t\t\t\t\t\t<p style=\"margin-bottom: 12.0pt; text-align: justify; tab-stops: 190.5pt;\"><span lang=\"ES\" style=\"font-size: 12.0pt; mso-ansi-language: ES;\">Costa Verde, uno de los fabricantes de porcelana m\u00e1s modernos del mundo, ha invertido en el desarrollo humano y organizacional a trav\u00e9s de su Plan de Liderazgo y Motivaci\u00f3n (PLM), implementado en colaboraci\u00f3n con Seal Human Company y la metodolog\u00eda DISC. <\/span><\/p><p style=\"margin-bottom: 12.0pt; text-align: justify; tab-stops: 190.5pt;\"><span lang=\"ES\" style=\"font-size: 12.0pt; mso-ansi-language: ES;\">Seg\u00fan Miguel Neves, administrador de la empresa, la iniciativa busca mejorar la comunicaci\u00f3n, la retenci\u00f3n de talentos y el equilibrio entre la vida profesional y personal, preparando a los l\u00edderes para afrontar retos como la sostenibilidad, las transformaciones digitales y la multiculturalidad en el mercado laboral.<\/span><\/p><p style=\"margin-bottom: 12.0pt; text-align: justify; tab-stops: 190.5pt;\"><span lang=\"ES\" style=\"font-size: 12.0pt; mso-ansi-language: ES;\">Desde 2023, PLM ha contribuido a un liderazgo m\u00e1s asertivo y eficiente, fortaleciendo el esp\u00edritu de equipo y los objetivos estrat\u00e9gicos de la empresa. Con m\u00e1s de 350 empleados de 10 nacionalidades, Costa Verde ve en la humanizaci\u00f3n de las relaciones un pilar esencial para la competitividad y el crecimiento sostenible. Mediante la identificaci\u00f3n de perfiles de comportamiento, la metodolog\u00eda DISC ha facilitado la comunicaci\u00f3n interna y la alineaci\u00f3n de los equipos.<\/span><\/p><p style=\"margin-bottom: 12.0pt; text-align: justify; tab-stops: 190.5pt;\"><span lang=\"ES\" style=\"font-size: 12.0pt; mso-ansi-language: ES;\">Fundada en 1992 y con una fuerte presencia internacional en m\u00e1s de 50 mercados, Costa Verde reafirma su posici\u00f3n de referencia en el sector de la porcelana, integrando en su estrategia la innovaci\u00f3n, el capital humano y la sostenibilidad.<\/span><\/p><p style=\"margin-bottom: 12.0pt; text-align: justify; tab-stops: 190.5pt;\"><span lang=\"ES\" style=\"font-size: 12.0pt; mso-ansi-language: ES;\">Lea el art\u00edculo completo <a href=\"https:\/\/www.human.pt\/2024\/12\/29\/atracao-gestao-e-retencao-de-talento-e-capital-humano-e-um-grande-desafio\/\">aqu\u00ed<\/a>! (portugu\u00eas)<\/span><\/p><p style=\"text-align: justify;\">\u00a0<\/p>\t\t\t\t\t\t\t\t<\/div>\n\t\t\t\t<\/div>\n\t\t\t\t\t<\/div>\n\t\t<\/div>\n\t\t\t\t\t<\/div>\n\t\t<\/section>\n\t\t\t\t<\/div>\n\t\t","protected":false},"excerpt":{"rendered":"<p>Costa Verde, uno de los fabricantes de porcelana m\u00e1s modernos del mundo, ha invertido en el desarrollo humano y organizacional a trav\u00e9s de su Plan de Liderazgo y Motivaci\u00f3n (PLM), implementado en colaboraci\u00f3n con Seal Human Company y la metodolog\u00eda DISC. Seg\u00fan Miguel Neves, administrador de la empresa, la iniciativa busca mejorar la comunicaci\u00f3n, la [&hellip;]<\/p>\n","protected":false},"author":438,"featured_media":62811,"parent":0,"menu_order":0,"comment_status":"open","ping_status":"closed","template":"","meta":{"footnotes":""},"class_list":["post-62802","page","type-page","status-publish","has-post-thumbnail","hentry"],"yoast_head":"<!-- This site is optimized with the Yoast SEO plugin v26.9 - https:\/\/yoast.com\/product\/yoast-seo-wordpress\/ -->\n<title>Costa Verde en primer plano la revista Human<\/title>\n<meta name=\"description\" content=\"Costa Verde, uno de los fabricantes de porcelana m\u00e1s modernos del mundo, ha invertido en el desarrollo humano y organizacional a trav\u00e9s de su Plan de Liderazgo y Motivaci\u00f3n (PLM), implementado en colaboraci\u00f3n con Seal Human Company y la metodolog\u00eda DISC.\" \/>\n<meta name=\"robots\" content=\"index, follow, max-snippet:-1, max-image-preview:large, max-video-preview:-1\" \/>\n<link rel=\"canonical\" href=\"https:\/\/pro.costa-verde.com\/es\/costa-verde-en-primer-plano-la-revista-human\/\" \/>\n<meta property=\"og:locale\" content=\"es_ES\" \/>\n<meta property=\"og:type\" content=\"article\" \/>\n<meta property=\"og:title\" content=\"Costa Verde en primer plano la revista Human\" \/>\n<meta property=\"og:description\" content=\"Costa Verde, uno de los fabricantes de porcelana m\u00e1s modernos del mundo, ha invertido en el desarrollo humano y organizacional a trav\u00e9s de su Plan de Liderazgo y Motivaci\u00f3n (PLM), implementado en colaboraci\u00f3n con Seal Human Company y la metodolog\u00eda DISC.\" \/>\n<meta property=\"og:url\" content=\"https:\/\/pro.costa-verde.com\/es\/costa-verde-en-primer-plano-la-revista-human\/\" \/>\n<meta property=\"og:site_name\" content=\"Costa Verde\" \/>\n<meta property=\"article:publisher\" content=\"https:\/\/www.facebook.com\/costaverdeporcelanas\/\" \/>\n<meta property=\"article:modified_time\" content=\"2025-01-13T10:00:30+00:00\" \/>\n<meta property=\"og:image\" content=\"https:\/\/pro.costa-verde.com\/wp-content\/uploads\/2025\/01\/editada-4.jpg\" \/>\n\t<meta property=\"og:image:width\" content=\"1920\" \/>\n\t<meta property=\"og:image:height\" content=\"1440\" \/>\n\t<meta property=\"og:image:type\" content=\"image\/jpeg\" \/>\n<meta name=\"twitter:card\" content=\"summary_large_image\" \/>\n<meta name=\"twitter:label1\" content=\"Tiempo de lectura\" \/>\n\t<meta name=\"twitter:data1\" content=\"2 minutos\" \/>\n<script type=\"application\/ld+json\" class=\"yoast-schema-graph\">{\"@context\":\"https:\/\/schema.org\",\"@graph\":[{\"@type\":\"WebPage\",\"@id\":\"https:\/\/pro.costa-verde.com\/es\/costa-verde-en-primer-plano-la-revista-human\/\",\"url\":\"https:\/\/pro.costa-verde.com\/es\/costa-verde-en-primer-plano-la-revista-human\/\",\"name\":\"Costa Verde en primer plano la revista Human\",\"isPartOf\":{\"@id\":\"https:\/\/pro.costa-verde.com\/#website\"},\"primaryImageOfPage\":{\"@id\":\"https:\/\/pro.costa-verde.com\/es\/costa-verde-en-primer-plano-la-revista-human\/#primaryimage\"},\"image\":{\"@id\":\"https:\/\/pro.costa-verde.com\/es\/costa-verde-en-primer-plano-la-revista-human\/#primaryimage\"},\"thumbnailUrl\":\"https:\/\/pro.costa-verde.com\/wp-content\/uploads\/2025\/01\/editada-4.jpg\",\"datePublished\":\"2025-01-13T09:47:51+00:00\",\"dateModified\":\"2025-01-13T10:00:30+00:00\",\"description\":\"Costa Verde, uno de los fabricantes de porcelana m\u00e1s modernos del mundo, ha invertido en el desarrollo humano y organizacional a trav\u00e9s de su Plan de Liderazgo y Motivaci\u00f3n (PLM), implementado en colaboraci\u00f3n con Seal Human Company y la metodolog\u00eda DISC.\",\"breadcrumb\":{\"@id\":\"https:\/\/pro.costa-verde.com\/es\/costa-verde-en-primer-plano-la-revista-human\/#breadcrumb\"},\"inLanguage\":\"es\",\"potentialAction\":[{\"@type\":\"ReadAction\",\"target\":[\"https:\/\/pro.costa-verde.com\/es\/costa-verde-en-primer-plano-la-revista-human\/\"]}]},{\"@type\":\"ImageObject\",\"inLanguage\":\"es\",\"@id\":\"https:\/\/pro.costa-verde.com\/es\/costa-verde-en-primer-plano-la-revista-human\/#primaryimage\",\"url\":\"https:\/\/pro.costa-verde.com\/wp-content\/uploads\/2025\/01\/editada-4.jpg\",\"contentUrl\":\"https:\/\/pro.costa-verde.com\/wp-content\/uploads\/2025\/01\/editada-4.jpg\",\"width\":1920,\"height\":1440},{\"@type\":\"BreadcrumbList\",\"@id\":\"https:\/\/pro.costa-verde.com\/es\/costa-verde-en-primer-plano-la-revista-human\/#breadcrumb\",\"itemListElement\":[{\"@type\":\"ListItem\",\"position\":1,\"name\":\"In\u00edcio\",\"item\":\"https:\/\/pro.costa-verde.com\/es\/\"},{\"@type\":\"ListItem\",\"position\":2,\"name\":\"Costa Verde en primer plano la revista Human\"}]},{\"@type\":\"WebSite\",\"@id\":\"https:\/\/pro.costa-verde.com\/#website\",\"url\":\"https:\/\/pro.costa-verde.com\/\",\"name\":\"Costa Verde\",\"description\":\"Loja Online\",\"potentialAction\":[{\"@type\":\"SearchAction\",\"target\":{\"@type\":\"EntryPoint\",\"urlTemplate\":\"https:\/\/pro.costa-verde.com\/?s={search_term_string}\"},\"query-input\":{\"@type\":\"PropertyValueSpecification\",\"valueRequired\":true,\"valueName\":\"search_term_string\"}}],\"inLanguage\":\"es\"}]}<\/script>\n<!-- \/ Yoast SEO plugin. -->","yoast_head_json":{"title":"Costa Verde en primer plano la revista Human","description":"Costa Verde, uno de los fabricantes de porcelana m\u00e1s modernos del mundo, ha invertido en el desarrollo humano y organizacional a trav\u00e9s de su Plan de Liderazgo y Motivaci\u00f3n (PLM), implementado en colaboraci\u00f3n con Seal Human Company y la metodolog\u00eda DISC.","robots":{"index":"index","follow":"follow","max-snippet":"max-snippet:-1","max-image-preview":"max-image-preview:large","max-video-preview":"max-video-preview:-1"},"canonical":"https:\/\/pro.costa-verde.com\/es\/costa-verde-en-primer-plano-la-revista-human\/","og_locale":"es_ES","og_type":"article","og_title":"Costa Verde en primer plano la revista Human","og_description":"Costa Verde, uno de los fabricantes de porcelana m\u00e1s modernos del mundo, ha invertido en el desarrollo humano y organizacional a trav\u00e9s de su Plan de Liderazgo y Motivaci\u00f3n (PLM), implementado en colaboraci\u00f3n con Seal Human Company y la metodolog\u00eda DISC.","og_url":"https:\/\/pro.costa-verde.com\/es\/costa-verde-en-primer-plano-la-revista-human\/","og_site_name":"Costa Verde","article_publisher":"https:\/\/www.facebook.com\/costaverdeporcelanas\/","article_modified_time":"2025-01-13T10:00:30+00:00","og_image":[{"width":1920,"height":1440,"url":"https:\/\/pro.costa-verde.com\/wp-content\/uploads\/2025\/01\/editada-4.jpg","type":"image\/jpeg"}],"twitter_card":"summary_large_image","twitter_misc":{"Tiempo de lectura":"2 minutos"},"schema":{"@context":"https:\/\/schema.org","@graph":[{"@type":"WebPage","@id":"https:\/\/pro.costa-verde.com\/es\/costa-verde-en-primer-plano-la-revista-human\/","url":"https:\/\/pro.costa-verde.com\/es\/costa-verde-en-primer-plano-la-revista-human\/","name":"Costa Verde en primer plano la revista Human","isPartOf":{"@id":"https:\/\/pro.costa-verde.com\/#website"},"primaryImageOfPage":{"@id":"https:\/\/pro.costa-verde.com\/es\/costa-verde-en-primer-plano-la-revista-human\/#primaryimage"},"image":{"@id":"https:\/\/pro.costa-verde.com\/es\/costa-verde-en-primer-plano-la-revista-human\/#primaryimage"},"thumbnailUrl":"https:\/\/pro.costa-verde.com\/wp-content\/uploads\/2025\/01\/editada-4.jpg","datePublished":"2025-01-13T09:47:51+00:00","dateModified":"2025-01-13T10:00:30+00:00","description":"Costa Verde, uno de los fabricantes de porcelana m\u00e1s modernos del mundo, ha invertido en el desarrollo humano y organizacional a trav\u00e9s de su Plan de Liderazgo y Motivaci\u00f3n (PLM), implementado en colaboraci\u00f3n con Seal Human Company y la metodolog\u00eda DISC.","breadcrumb":{"@id":"https:\/\/pro.costa-verde.com\/es\/costa-verde-en-primer-plano-la-revista-human\/#breadcrumb"},"inLanguage":"es","potentialAction":[{"@type":"ReadAction","target":["https:\/\/pro.costa-verde.com\/es\/costa-verde-en-primer-plano-la-revista-human\/"]}]},{"@type":"ImageObject","inLanguage":"es","@id":"https:\/\/pro.costa-verde.com\/es\/costa-verde-en-primer-plano-la-revista-human\/#primaryimage","url":"https:\/\/pro.costa-verde.com\/wp-content\/uploads\/2025\/01\/editada-4.jpg","contentUrl":"https:\/\/pro.costa-verde.com\/wp-content\/uploads\/2025\/01\/editada-4.jpg","width":1920,"height":1440},{"@type":"BreadcrumbList","@id":"https:\/\/pro.costa-verde.com\/es\/costa-verde-en-primer-plano-la-revista-human\/#breadcrumb","itemListElement":[{"@type":"ListItem","position":1,"name":"In\u00edcio","item":"https:\/\/pro.costa-verde.com\/es\/"},{"@type":"ListItem","position":2,"name":"Costa Verde en primer plano la revista Human"}]},{"@type":"WebSite","@id":"https:\/\/pro.costa-verde.com\/#website","url":"https:\/\/pro.costa-verde.com\/","name":"Costa Verde","description":"Loja Online","potentialAction":[{"@type":"SearchAction","target":{"@type":"EntryPoint","urlTemplate":"https:\/\/pro.costa-verde.com\/?s={search_term_string}"},"query-input":{"@type":"PropertyValueSpecification","valueRequired":true,"valueName":"search_term_string"}}],"inLanguage":"es"}]}},"_links":{"self":[{"href":"https:\/\/pro.costa-verde.com\/es\/wp-json\/wp\/v2\/pages\/62802","targetHints":{"allow":["GET"]}}],"collection":[{"href":"https:\/\/pro.costa-verde.com\/es\/wp-json\/wp\/v2\/pages"}],"about":[{"href":"https:\/\/pro.costa-verde.com\/es\/wp-json\/wp\/v2\/types\/page"}],"author":[{"embeddable":true,"href":"https:\/\/pro.costa-verde.com\/es\/wp-json\/wp\/v2\/users\/438"}],"replies":[{"embeddable":true,"href":"https:\/\/pro.costa-verde.com\/es\/wp-json\/wp\/v2\/comments?post=62802"}],"version-history":[{"count":10,"href":"https:\/\/pro.costa-verde.com\/es\/wp-json\/wp\/v2\/pages\/62802\/revisions"}],"predecessor-version":[{"id":62844,"href":"https:\/\/pro.costa-verde.com\/es\/wp-json\/wp\/v2\/pages\/62802\/revisions\/62844"}],"wp:featuredmedia":[{"embeddable":true,"href":"https:\/\/pro.costa-verde.com\/es\/wp-json\/wp\/v2\/media\/62811"}],"wp:attachment":[{"href":"https:\/\/pro.costa-verde.com\/es\/wp-json\/wp\/v2\/media?parent=62802"}],"curies":[{"name":"wp","href":"https:\/\/api.w.org\/{rel}","templated":true}]}}