{"id":62718,"date":"2025-01-06T13:00:19","date_gmt":"2025-01-06T13:00:19","guid":{"rendered":"https:\/\/pro.costa-verde.com\/?page_id=62718"},"modified":"2025-01-06T14:13:20","modified_gmt":"2025-01-06T14:13:20","slug":"chef-camilla-jesholt-buffatti-gana-el-concurso-mejor-plato-de-navidad-con-la-coleccion-terra","status":"publish","type":"page","link":"https:\/\/pro.costa-verde.com\/es\/chef-camilla-jesholt-buffatti-gana-el-concurso-mejor-plato-de-navidad-con-la-coleccion-terra\/","title":{"rendered":"\u00a1Chef Camilla Jesholt Buffatti gana el Concurso Mejor Plato de Navidad con la colecci\u00f3n Terra!"},"content":{"rendered":"\t\t<div data-elementor-type=\"wp-page\" data-elementor-id=\"62718\" class=\"elementor elementor-62718 elementor-62716\" data-elementor-post-type=\"page\">\n\t\t\t\t\t\t<section class=\"elementor-section elementor-top-section elementor-element elementor-element-4e696d57 elementor-section-boxed elementor-section-height-default elementor-section-height-default\" data-id=\"4e696d57\" data-element_type=\"section\">\n\t\t\t\t\t\t<div class=\"elementor-container elementor-column-gap-default\">\n\t\t\t\t\t<div class=\"elementor-column elementor-col-100 elementor-top-column elementor-element elementor-element-7149df70\" data-id=\"7149df70\" data-element_type=\"column\">\n\t\t\t<div class=\"elementor-widget-wrap elementor-element-populated\">\n\t\t\t\t\t\t<div class=\"elementor-element elementor-element-3311861 elementor-widget elementor-widget-image\" data-id=\"3311861\" data-element_type=\"widget\" data-widget_type=\"image.default\">\n\t\t\t\t<div class=\"elementor-widget-container\">\n\t\t\t\t\t\t\t\t\t\t\t\t\t\t\t<img decoding=\"async\" src=\"https:\/\/pro.costa-verde.com\/wp-content\/uploads\/2025\/01\/Camilla_Contest-1-600x800.jpeg\" title=\"Camilla_Contest (1)\" alt=\"Camilla_Contest (1)\" loading=\"lazy\" \/>\t\t\t\t\t\t\t\t\t\t\t\t\t\t\t<\/div>\n\t\t\t\t<\/div>\n\t\t\t\t<div class=\"elementor-element elementor-element-7843fbcb elementor-widget elementor-widget-text-editor\" data-id=\"7843fbcb\" data-element_type=\"widget\" data-widget_type=\"text-editor.default\">\n\t\t\t\t<div class=\"elementor-widget-container\">\n\t\t\t\t\t\t\t\t\t<p>La reconocida chef Camilla Jesholt Buffatti, Dise\u00f1adora de Pasteler\u00eda y Postres, ha ganado la \u00faltima edici\u00f3n del Concurso Internacional <em>Best Christmas Plate<\/em>, una iniciativa de <em>Culinary Passions<\/em> y del Chef Richard Knott.<\/p><p>La pieza elegida ha sido el <a href=\"https:\/\/pro.costa-verde.com\/es\/produto\/plato-redondo-30-h5cm\/\">Plato Redondo de 30h5cm<\/a> de la <a href=\"https:\/\/pro.costa-verde.com\/es\/colecciones-costa-verde\/terra\/?_gl=1*1peezj0*_up*MQ..*_ga*MTk4OTIzMzQ0Ni4xNzM1OTEwMjc3*_ga_JN2ZRFB67Z*MTczNTkxMDI3Ny4xLjAuMTczNTkxMDI3Ny4wLjAuMA..\">colecci\u00f3n Terra<\/a>, en una producci\u00f3n y presentaci\u00f3n que, seg\u00fan las palabras de la chef Camilla Jesholt Buffatti, representan \u00abUn viaje sensorial que evoca las \u00faltimas hojas cayendo, disolvi\u00e9ndose en el viento invernal, mientras el rojo vibrante a\u00f1ade calidez al ambiente festivo\u00bb.<\/p><p>El postre ganador es una mousse de chocolate negro y crema de vainilla bourbon, helado de frambuesa y rosa. Tambi\u00e9n se utiliz\u00f3 una hoja de gel de kombucha de rosa, rosa mosqueta y frambuesa, acompa\u00f1ada de chocolate negro de avellana quebradizo y tuile de chocolate ligero.<\/p><p>2024 termin\u00f3 de la mejor manera para la chef Camilla Jesholt Buffatti, que una vez m\u00e1s vio reconocida su val\u00eda al ganar tambi\u00e9n el Concurso <em>Chef VIC Competition<\/em>, en competencia directa con el <em>Jefe de Cocina del Grupo Gordon Ramsay<\/em>.<\/p><p>En el futuro, la colecci\u00f3n Terra ser\u00e1 la gama utilizada en <em>SilikomArt<\/em> y en <em>Hangar78 International School \/ Food &amp; Pastry Innovation Lab<\/em>.<\/p><p><strong>Acerca de la colecci\u00f3n Terra: <\/strong><\/p><p>Como una obra de arte esculpida en la tierra, las piezas de la colecci\u00f3n se revelan de un modo bello e imperfecto. Es a trav\u00e9s de la asociaci\u00f3n entre las manos del artista <a href=\"https:\/\/www.instagram.com\/peregifre\/\">Pere Gifre<\/a> y nuestra t\u00e9cnica de porcelana que <a href=\"https:\/\/pro.costa-verde.com\/es\/?_gl=1%2Aqdk2k9%2A_ga%2AMTQxMzgxNDczMS4xNzM1OTExMjI1%2A_up%2AMQ..%2A_ga_JN2ZRFB67Z%2AMTczNTkxMTIyOC4xLjAuMTczNTkxMTIyOC4wLjAuMA..%2A_ga_598TSNE0K8%2AMTczNTkxMTIyOC4xLjAuMTczNTkxMTIyOC4wLjAuMA..\">Costa Verde<\/a> lanza esta colecci\u00f3n.<\/p><p>Con sus l\u00edneas llamativas y perfiles org\u00e1nicos, Terra simboliza el inicio de una nueva era para la marca Costa Verde. Una colecci\u00f3n que pretende despertar los sentidos, siendo una alianza entre diferentes experiencias t\u00e1ctiles que nos conectan con la naturaleza. Del toque \u00e1spero a lo satinado, de lo plano a lo escarpado, cada pieza es \u00fanica, singular y disruptiva.<\/p><p style=\"text-align: justify;\">\u00a0<\/p>\t\t\t\t\t\t\t\t<\/div>\n\t\t\t\t<\/div>\n\t\t\t\t\t<\/div>\n\t\t<\/div>\n\t\t\t\t\t<\/div>\n\t\t<\/section>\n\t\t\t\t<\/div>\n\t\t","protected":false},"excerpt":{"rendered":"<p>La reconocida chef Camilla Jesholt Buffatti, Dise\u00f1adora de Pasteler\u00eda y Postres, ha ganado la \u00faltima edici\u00f3n del Concurso Internacional Best Christmas Plate, una iniciativa de Culinary Passions y del Chef Richard Knott. La pieza elegida ha sido el Plato Redondo de 30h5cm de la colecci\u00f3n Terra, en una producci\u00f3n y presentaci\u00f3n que, seg\u00fan las palabras [&hellip;]<\/p>\n","protected":false},"author":438,"featured_media":62722,"parent":0,"menu_order":0,"comment_status":"open","ping_status":"closed","template":"","meta":{"footnotes":""},"class_list":["post-62718","page","type-page","status-publish","has-post-thumbnail","hentry"],"yoast_head":"<!-- This site is optimized with the Yoast SEO plugin v26.9 - https:\/\/yoast.com\/product\/yoast-seo-wordpress\/ -->\n<title>\u00a1Chef Camilla Jesholt Buffatti gana el Concurso Mejor Plato de Navidad con la colecci\u00f3n Terra! - Costa Verde<\/title>\n<meta name=\"description\" content=\"La reconocida chef Camilla Jesholt Buffatti, Dise\u00f1adora de Pasteler\u00eda y Postres, ha ganado la \u00faltima edici\u00f3n del Concurso Internacional Best Christmas Plate!\" \/>\n<meta name=\"robots\" content=\"index, follow, max-snippet:-1, max-image-preview:large, max-video-preview:-1\" \/>\n<link rel=\"canonical\" href=\"https:\/\/pro.costa-verde.com\/chef-camilla-jesholt-buffatti-vence-competicao-best-christmas-platecom-colecao-terra\/\" \/>\n<meta property=\"og:locale\" content=\"es_ES\" \/>\n<meta property=\"og:type\" content=\"article\" \/>\n<meta property=\"og:title\" content=\"\u00a1Chef Camilla Jesholt Buffatti gana el Concurso Mejor Plato de Navidad con la colecci\u00f3n Terra! - Costa Verde\" \/>\n<meta property=\"og:description\" content=\"La reconocida chef Camilla Jesholt Buffatti, Dise\u00f1adora de Pasteler\u00eda y Postres, ha ganado la \u00faltima edici\u00f3n del Concurso Internacional Best Christmas Plate!\" \/>\n<meta property=\"og:url\" content=\"https:\/\/pro.costa-verde.com\/chef-camilla-jesholt-buffatti-vence-competicao-best-christmas-platecom-colecao-terra\/\" \/>\n<meta property=\"og:site_name\" content=\"Costa Verde\" \/>\n<meta property=\"article:publisher\" content=\"https:\/\/www.facebook.com\/costaverdeporcelanas\/\" \/>\n<meta property=\"article:modified_time\" content=\"2025-01-06T14:13:20+00:00\" \/>\n<meta property=\"og:image\" content=\"https:\/\/pro.costa-verde.com\/wp-content\/uploads\/2025\/01\/Camilla_Contest-1.jpeg\" \/>\n\t<meta property=\"og:image:width\" content=\"1440\" \/>\n\t<meta property=\"og:image:height\" content=\"1920\" \/>\n\t<meta property=\"og:image:type\" content=\"image\/jpeg\" \/>\n<meta name=\"twitter:card\" content=\"summary_large_image\" \/>\n<meta name=\"twitter:label1\" content=\"Tiempo de lectura\" \/>\n\t<meta name=\"twitter:data1\" content=\"2 minutos\" \/>\n<script type=\"application\/ld+json\" class=\"yoast-schema-graph\">{\"@context\":\"https:\/\/schema.org\",\"@graph\":[{\"@type\":\"WebPage\",\"@id\":\"https:\/\/pro.costa-verde.com\/chef-camilla-jesholt-buffatti-vence-competicao-best-christmas-platecom-colecao-terra\/\",\"url\":\"https:\/\/pro.costa-verde.com\/chef-camilla-jesholt-buffatti-vence-competicao-best-christmas-platecom-colecao-terra\/\",\"name\":\"\u00a1Chef Camilla Jesholt Buffatti gana el Concurso Mejor Plato de Navidad con la colecci\u00f3n Terra! - Costa Verde\",\"isPartOf\":{\"@id\":\"https:\/\/pro.costa-verde.com\/#website\"},\"primaryImageOfPage\":{\"@id\":\"https:\/\/pro.costa-verde.com\/chef-camilla-jesholt-buffatti-vence-competicao-best-christmas-platecom-colecao-terra\/#primaryimage\"},\"image\":{\"@id\":\"https:\/\/pro.costa-verde.com\/chef-camilla-jesholt-buffatti-vence-competicao-best-christmas-platecom-colecao-terra\/#primaryimage\"},\"thumbnailUrl\":\"https:\/\/pro.costa-verde.com\/wp-content\/uploads\/2025\/01\/Camilla_Contest-1.jpeg\",\"datePublished\":\"2025-01-06T13:00:19+00:00\",\"dateModified\":\"2025-01-06T14:13:20+00:00\",\"description\":\"La reconocida chef Camilla Jesholt Buffatti, Dise\u00f1adora de Pasteler\u00eda y Postres, ha ganado la \u00faltima edici\u00f3n del Concurso Internacional Best Christmas Plate!\",\"breadcrumb\":{\"@id\":\"https:\/\/pro.costa-verde.com\/chef-camilla-jesholt-buffatti-vence-competicao-best-christmas-platecom-colecao-terra\/#breadcrumb\"},\"inLanguage\":\"es\",\"potentialAction\":[{\"@type\":\"ReadAction\",\"target\":[\"https:\/\/pro.costa-verde.com\/chef-camilla-jesholt-buffatti-vence-competicao-best-christmas-platecom-colecao-terra\/\"]}]},{\"@type\":\"ImageObject\",\"inLanguage\":\"es\",\"@id\":\"https:\/\/pro.costa-verde.com\/chef-camilla-jesholt-buffatti-vence-competicao-best-christmas-platecom-colecao-terra\/#primaryimage\",\"url\":\"https:\/\/pro.costa-verde.com\/wp-content\/uploads\/2025\/01\/Camilla_Contest-1.jpeg\",\"contentUrl\":\"https:\/\/pro.costa-verde.com\/wp-content\/uploads\/2025\/01\/Camilla_Contest-1.jpeg\",\"width\":1440,\"height\":1920},{\"@type\":\"BreadcrumbList\",\"@id\":\"https:\/\/pro.costa-verde.com\/chef-camilla-jesholt-buffatti-vence-competicao-best-christmas-platecom-colecao-terra\/#breadcrumb\",\"itemListElement\":[{\"@type\":\"ListItem\",\"position\":1,\"name\":\"In\u00edcio\",\"item\":\"https:\/\/pro.costa-verde.com\/es\/\"},{\"@type\":\"ListItem\",\"position\":2,\"name\":\"\u00a1Chef Camilla Jesholt Buffatti gana el Concurso Mejor Plato de Navidad con la colecci\u00f3n Terra!\"}]},{\"@type\":\"WebSite\",\"@id\":\"https:\/\/pro.costa-verde.com\/#website\",\"url\":\"https:\/\/pro.costa-verde.com\/\",\"name\":\"Costa Verde\",\"description\":\"Loja Online\",\"potentialAction\":[{\"@type\":\"SearchAction\",\"target\":{\"@type\":\"EntryPoint\",\"urlTemplate\":\"https:\/\/pro.costa-verde.com\/?s={search_term_string}\"},\"query-input\":{\"@type\":\"PropertyValueSpecification\",\"valueRequired\":true,\"valueName\":\"search_term_string\"}}],\"inLanguage\":\"es\"}]}<\/script>\n<!-- \/ Yoast SEO plugin. -->","yoast_head_json":{"title":"\u00a1Chef Camilla Jesholt Buffatti gana el Concurso Mejor Plato de Navidad con la colecci\u00f3n Terra! - Costa Verde","description":"La reconocida chef Camilla Jesholt Buffatti, Dise\u00f1adora de Pasteler\u00eda y Postres, ha ganado la \u00faltima edici\u00f3n del Concurso Internacional Best Christmas Plate!","robots":{"index":"index","follow":"follow","max-snippet":"max-snippet:-1","max-image-preview":"max-image-preview:large","max-video-preview":"max-video-preview:-1"},"canonical":"https:\/\/pro.costa-verde.com\/chef-camilla-jesholt-buffatti-vence-competicao-best-christmas-platecom-colecao-terra\/","og_locale":"es_ES","og_type":"article","og_title":"\u00a1Chef Camilla Jesholt Buffatti gana el Concurso Mejor Plato de Navidad con la colecci\u00f3n Terra! - Costa Verde","og_description":"La reconocida chef Camilla Jesholt Buffatti, Dise\u00f1adora de Pasteler\u00eda y Postres, ha ganado la \u00faltima edici\u00f3n del Concurso Internacional Best Christmas Plate!","og_url":"https:\/\/pro.costa-verde.com\/chef-camilla-jesholt-buffatti-vence-competicao-best-christmas-platecom-colecao-terra\/","og_site_name":"Costa Verde","article_publisher":"https:\/\/www.facebook.com\/costaverdeporcelanas\/","article_modified_time":"2025-01-06T14:13:20+00:00","og_image":[{"width":1440,"height":1920,"url":"https:\/\/pro.costa-verde.com\/wp-content\/uploads\/2025\/01\/Camilla_Contest-1.jpeg","type":"image\/jpeg"}],"twitter_card":"summary_large_image","twitter_misc":{"Tiempo de lectura":"2 minutos"},"schema":{"@context":"https:\/\/schema.org","@graph":[{"@type":"WebPage","@id":"https:\/\/pro.costa-verde.com\/chef-camilla-jesholt-buffatti-vence-competicao-best-christmas-platecom-colecao-terra\/","url":"https:\/\/pro.costa-verde.com\/chef-camilla-jesholt-buffatti-vence-competicao-best-christmas-platecom-colecao-terra\/","name":"\u00a1Chef Camilla Jesholt Buffatti gana el Concurso Mejor Plato de Navidad con la colecci\u00f3n Terra! - Costa Verde","isPartOf":{"@id":"https:\/\/pro.costa-verde.com\/#website"},"primaryImageOfPage":{"@id":"https:\/\/pro.costa-verde.com\/chef-camilla-jesholt-buffatti-vence-competicao-best-christmas-platecom-colecao-terra\/#primaryimage"},"image":{"@id":"https:\/\/pro.costa-verde.com\/chef-camilla-jesholt-buffatti-vence-competicao-best-christmas-platecom-colecao-terra\/#primaryimage"},"thumbnailUrl":"https:\/\/pro.costa-verde.com\/wp-content\/uploads\/2025\/01\/Camilla_Contest-1.jpeg","datePublished":"2025-01-06T13:00:19+00:00","dateModified":"2025-01-06T14:13:20+00:00","description":"La reconocida chef Camilla Jesholt Buffatti, Dise\u00f1adora de Pasteler\u00eda y Postres, ha ganado la \u00faltima edici\u00f3n del Concurso Internacional Best Christmas Plate!","breadcrumb":{"@id":"https:\/\/pro.costa-verde.com\/chef-camilla-jesholt-buffatti-vence-competicao-best-christmas-platecom-colecao-terra\/#breadcrumb"},"inLanguage":"es","potentialAction":[{"@type":"ReadAction","target":["https:\/\/pro.costa-verde.com\/chef-camilla-jesholt-buffatti-vence-competicao-best-christmas-platecom-colecao-terra\/"]}]},{"@type":"ImageObject","inLanguage":"es","@id":"https:\/\/pro.costa-verde.com\/chef-camilla-jesholt-buffatti-vence-competicao-best-christmas-platecom-colecao-terra\/#primaryimage","url":"https:\/\/pro.costa-verde.com\/wp-content\/uploads\/2025\/01\/Camilla_Contest-1.jpeg","contentUrl":"https:\/\/pro.costa-verde.com\/wp-content\/uploads\/2025\/01\/Camilla_Contest-1.jpeg","width":1440,"height":1920},{"@type":"BreadcrumbList","@id":"https:\/\/pro.costa-verde.com\/chef-camilla-jesholt-buffatti-vence-competicao-best-christmas-platecom-colecao-terra\/#breadcrumb","itemListElement":[{"@type":"ListItem","position":1,"name":"In\u00edcio","item":"https:\/\/pro.costa-verde.com\/es\/"},{"@type":"ListItem","position":2,"name":"\u00a1Chef Camilla Jesholt Buffatti gana el Concurso Mejor Plato de Navidad con la colecci\u00f3n Terra!"}]},{"@type":"WebSite","@id":"https:\/\/pro.costa-verde.com\/#website","url":"https:\/\/pro.costa-verde.com\/","name":"Costa Verde","description":"Loja Online","potentialAction":[{"@type":"SearchAction","target":{"@type":"EntryPoint","urlTemplate":"https:\/\/pro.costa-verde.com\/?s={search_term_string}"},"query-input":{"@type":"PropertyValueSpecification","valueRequired":true,"valueName":"search_term_string"}}],"inLanguage":"es"}]}},"_links":{"self":[{"href":"https:\/\/pro.costa-verde.com\/es\/wp-json\/wp\/v2\/pages\/62718","targetHints":{"allow":["GET"]}}],"collection":[{"href":"https:\/\/pro.costa-verde.com\/es\/wp-json\/wp\/v2\/pages"}],"about":[{"href":"https:\/\/pro.costa-verde.com\/es\/wp-json\/wp\/v2\/types\/page"}],"author":[{"embeddable":true,"href":"https:\/\/pro.costa-verde.com\/es\/wp-json\/wp\/v2\/users\/438"}],"replies":[{"embeddable":true,"href":"https:\/\/pro.costa-verde.com\/es\/wp-json\/wp\/v2\/comments?post=62718"}],"version-history":[{"count":4,"href":"https:\/\/pro.costa-verde.com\/es\/wp-json\/wp\/v2\/pages\/62718\/revisions"}],"predecessor-version":[{"id":62742,"href":"https:\/\/pro.costa-verde.com\/es\/wp-json\/wp\/v2\/pages\/62718\/revisions\/62742"}],"wp:featuredmedia":[{"embeddable":true,"href":"https:\/\/pro.costa-verde.com\/es\/wp-json\/wp\/v2\/media\/62722"}],"wp:attachment":[{"href":"https:\/\/pro.costa-verde.com\/es\/wp-json\/wp\/v2\/media?parent=62718"}],"curies":[{"name":"wp","href":"https:\/\/api.w.org\/{rel}","templated":true}]}}