{"id":62684,"date":"2024-12-23T09:49:59","date_gmt":"2024-12-23T09:49:59","guid":{"rendered":"https:\/\/pro.costa-verde.com\/?page_id=62684"},"modified":"2024-12-23T09:53:35","modified_gmt":"2024-12-23T09:53:35","slug":"mesa-de-autor-de-la-inspiracion-a-la-mesa","status":"publish","type":"page","link":"https:\/\/pro.costa-verde.com\/es\/mesa-de-autor-de-la-inspiracion-a-la-mesa\/","title":{"rendered":"Mesa de autor: De la inspiraci\u00f3n a la mesa"},"content":{"rendered":"\t\t<div data-elementor-type=\"wp-page\" data-elementor-id=\"62684\" class=\"elementor elementor-62684 elementor-62682\" data-elementor-post-type=\"page\">\n\t\t\t\t\t\t<section class=\"elementor-section elementor-top-section elementor-element elementor-element-4e696d57 elementor-section-boxed elementor-section-height-default elementor-section-height-default\" data-id=\"4e696d57\" data-element_type=\"section\">\n\t\t\t\t\t\t<div class=\"elementor-container elementor-column-gap-default\">\n\t\t\t\t\t<div class=\"elementor-column elementor-col-100 elementor-top-column elementor-element elementor-element-7149df70\" data-id=\"7149df70\" data-element_type=\"column\">\n\t\t\t<div class=\"elementor-widget-wrap elementor-element-populated\">\n\t\t\t\t\t\t<div class=\"elementor-element elementor-element-3311861 elementor-widget elementor-widget-image\" data-id=\"3311861\" data-element_type=\"widget\" data-widget_type=\"image.default\">\n\t\t\t\t<div class=\"elementor-widget-container\">\n\t\t\t\t\t\t\t\t\t\t\t\t\t\t\t<img fetchpriority=\"high\" decoding=\"async\" width=\"1024\" height=\"668\" src=\"https:\/\/pro.costa-verde.com\/wp-content\/uploads\/2024\/12\/SAC-1024x668.jpg\" class=\"attachment-large size-large wp-image-62689\" alt=\"\" srcset=\"https:\/\/pro.costa-verde.com\/wp-content\/uploads\/2024\/12\/SAC-1024x668.jpg 1024w, https:\/\/pro.costa-verde.com\/wp-content\/uploads\/2024\/12\/SAC-300x196.jpg 300w, https:\/\/pro.costa-verde.com\/wp-content\/uploads\/2024\/12\/SAC-768x501.jpg 768w, https:\/\/pro.costa-verde.com\/wp-content\/uploads\/2024\/12\/SAC-600x391.jpg 600w, https:\/\/pro.costa-verde.com\/wp-content\/uploads\/2024\/12\/SAC-120x78.jpg 120w, https:\/\/pro.costa-verde.com\/wp-content\/uploads\/2024\/12\/SAC.jpg 1144w\" sizes=\"(max-width: 1024px) 100vw, 1024px\" \/>\t\t\t\t\t\t\t\t\t\t\t\t\t\t\t<\/div>\n\t\t\t\t<\/div>\n\t\t\t\t<div class=\"elementor-element elementor-element-7843fbcb elementor-widget elementor-widget-text-editor\" data-id=\"7843fbcb\" data-element_type=\"widget\" data-widget_type=\"text-editor.default\">\n\t\t\t\t<div class=\"elementor-widget-container\">\n\t\t\t\t\t\t\t\t\t<h2 style=\"text-align: justify;\">Robalo y Costa Verde lanzan una competici\u00f3n para celebrar la creatividad en el dise\u00f1o de mesa<\/h2><p style=\"text-align: justify;\">Nel d\u00eda 6 de enero de 2025, el mundo del dise\u00f1o, el arte y la gastronom\u00eda adquiere una nueva dimensi\u00f3n con el lanzamiento de la competici\u00f3n \u00abMesa de Autor\u00bb, una colaboraci\u00f3n entre Robalo y Costa Verde. Este proyecto innovador invita a los creativos \u2013 ya sean artistas, chefs, dise\u00f1adores o entusiastas de la gastronom\u00eda \u2013 a transformar sus inspiraciones en arte tangible, creando una colecci\u00f3n de mesa \u00fanica y exclusiva.<\/p><p style=\"text-align: justify;\">M\u00e1s que una simple competici\u00f3n, Mesa de Autor es una celebraci\u00f3n de la creatividad, una oportunidad para unir el talento art\u00edstico con la funcionalidad cotidiana. Este proyecto busca inspirar y unir arte y gastronom\u00eda de una manera in\u00e9dita.<\/p><h3 style=\"text-align: justify;\">Arte e innovaci\u00f3n en armon\u00eda<\/h3><p style=\"text-align: justify;\">El dise\u00f1o ganador se producir\u00e1 utilizando tecnolog\u00eda avanzada de impresi\u00f3n digital sobre porcelana, un m\u00e9todo que ofrece la m\u00e1xima fidelidad a los detalles art\u00edsticos, combinando resistencia, durabilidad y sostenibilidad.<\/p><p style=\"text-align: justify;\">Con esta tecnolog\u00eda es posible imprimir im\u00e1genes, texturas e incluso patrones en relieve directamente sobre las piezas, aportando personalizaci\u00f3n y exclusividad. Adem\u00e1s, el proceso adopta pr\u00e1cticas ecoeficientes, reafirmando el compromiso de las marcas con la preservaci\u00f3n del medio ambiente.<\/p><h3 style=\"text-align: justify;\">\u00bfC\u00f3mo participar?<\/h3><p style=\"text-align: justify;\">Las inscripciones estar\u00e1n abiertas del 6 al 27 de enero de 2025 en el sitio web oficial de la competici\u00f3n, donde los participantes podr\u00e1n consultar el reglamento completo.<\/p><h3 style=\"text-align: justify;\">\u00bfPor qu\u00e9 participar?<\/h3><p style=\"text-align: justify;\">\u2022 <strong>Reconocimiento y visibilidad:<\/strong> El dise\u00f1o ganador ser\u00e1 firmado por el autor en todas las piezas de la colecci\u00f3n.<br \/>\u2022 <strong>Producci\u00f3n exclusiva:<\/strong> La creaci\u00f3n se transformar\u00e1 en una colecci\u00f3n oficial de Costa Verde.<br \/>\u2022 <strong>Premios \u00fanicos:<\/strong> Adem\u00e1s de una colecci\u00f3n de mesa completa con su propio dise\u00f1o, el ganador tendr\u00e1 una experiencia VIP en la f\u00e1brica de Costa Verde para seguir muy de cerca el proceso de producci\u00f3n.<\/p><p style=\"text-align: justify;\">Paulo Pinto Santos, Director de Marketing de Costa Verde, afirma: \u201cEl arte tiene el poder de transformar nuestro d\u00eda a d\u00eda, y la Mesa de Autor es nuestra forma de unir creatividad y funcionalidad. Estamos ansiosos por descubrir los proyectos que surgir\u00e1n de esta competici\u00f3n.\u201d<\/p><p style=\"text-align: justify;\">Jo\u00e3o Robalo, Director de Desarrollo de Negocio de Robalo, a\u00f1adi\u00f3: \u201cCon esta iniciativa, deseamos destacar el poder del arte en el mundo de la gastronom\u00eda, celebrando a los talentos que crean impacto y belleza en la mesa.\u201d<\/p><p style=\"text-align: justify;\">La Mesa de Autor es m\u00e1s que una competici\u00f3n; es una oportunidad para convertir la inspiraci\u00f3n en legado. Si quiere aportar creatividad a la mesa y dejar su huella en la historia del dise\u00f1o y la gastronom\u00eda, ahora es el momento. No pierda la oportunidad de participar y convertir su visi\u00f3n art\u00edstica en una celebraci\u00f3n vivida en la mesa.<\/p><p style=\"text-align: justify;\">\u00a1Inscr\u00edbase ahora y d\u00e9jese inspirar!<\/p><p>\u00a1Sepa m\u00e1s <a href=\"https:\/\/www.mesadeautor.com\/\">aqu\u00ed<\/a>!<\/p><p style=\"text-align: justify;\">\u00a0<\/p>\t\t\t\t\t\t\t\t<\/div>\n\t\t\t\t<\/div>\n\t\t\t\t\t<\/div>\n\t\t<\/div>\n\t\t\t\t\t<\/div>\n\t\t<\/section>\n\t\t\t\t<\/div>\n\t\t","protected":false},"excerpt":{"rendered":"<p>Robalo y Costa Verde lanzan una competici\u00f3n para celebrar la creatividad en el dise\u00f1o de mesa Nel d\u00eda 6 de enero de 2025, el mundo del dise\u00f1o, el arte y la gastronom\u00eda adquiere una nueva dimensi\u00f3n con el lanzamiento de la competici\u00f3n \u00abMesa de Autor\u00bb, una colaboraci\u00f3n entre Robalo y Costa Verde. Este proyecto innovador [&hellip;]<\/p>\n","protected":false},"author":438,"featured_media":62689,"parent":0,"menu_order":0,"comment_status":"open","ping_status":"closed","template":"","meta":{"footnotes":""},"class_list":["post-62684","page","type-page","status-publish","has-post-thumbnail","hentry"],"yoast_head":"<!-- This site is optimized with the Yoast SEO plugin v26.9 - https:\/\/yoast.com\/product\/yoast-seo-wordpress\/ -->\n<title>Mesa de autor: De la inspiraci\u00f3n a la mesa - Costa Verde<\/title>\n<meta name=\"description\" content=\"El mundo del arte y la gastronom\u00eda adquiere una nueva dimensi\u00f3n con el lanzamiento de la competici\u00f3n \u00abMesa de Autor\u00bb, una colaboraci\u00f3n entre Robalo y Costa Verde.\" \/>\n<meta name=\"robots\" content=\"index, follow, max-snippet:-1, max-image-preview:large, max-video-preview:-1\" \/>\n<link rel=\"canonical\" href=\"https:\/\/pro.costa-verde.com\/mesa-de-autor-da-inspiracao-a-mesa-de-refeicao\/\" \/>\n<meta property=\"og:locale\" content=\"es_ES\" \/>\n<meta property=\"og:type\" content=\"article\" \/>\n<meta property=\"og:title\" content=\"Mesa de autor: De la inspiraci\u00f3n a la mesa - Costa Verde\" \/>\n<meta property=\"og:description\" content=\"El mundo del arte y la gastronom\u00eda adquiere una nueva dimensi\u00f3n con el lanzamiento de la competici\u00f3n \u00abMesa de Autor\u00bb, una colaboraci\u00f3n entre Robalo y Costa Verde.\" \/>\n<meta property=\"og:url\" content=\"https:\/\/pro.costa-verde.com\/mesa-de-autor-da-inspiracao-a-mesa-de-refeicao\/\" \/>\n<meta property=\"og:site_name\" content=\"Costa Verde\" \/>\n<meta property=\"article:publisher\" content=\"https:\/\/www.facebook.com\/costaverdeporcelanas\/\" \/>\n<meta property=\"article:modified_time\" content=\"2024-12-23T09:53:35+00:00\" \/>\n<meta property=\"og:image\" content=\"https:\/\/pro.costa-verde.com\/wp-content\/uploads\/2024\/12\/SAC.jpg\" \/>\n\t<meta property=\"og:image:width\" content=\"1144\" \/>\n\t<meta property=\"og:image:height\" content=\"746\" \/>\n\t<meta property=\"og:image:type\" content=\"image\/jpeg\" \/>\n<meta name=\"twitter:card\" content=\"summary_large_image\" \/>\n<meta name=\"twitter:label1\" content=\"Tiempo de lectura\" \/>\n\t<meta name=\"twitter:data1\" content=\"3 minutos\" \/>\n<script type=\"application\/ld+json\" class=\"yoast-schema-graph\">{\"@context\":\"https:\/\/schema.org\",\"@graph\":[{\"@type\":\"WebPage\",\"@id\":\"https:\/\/pro.costa-verde.com\/mesa-de-autor-da-inspiracao-a-mesa-de-refeicao\/\",\"url\":\"https:\/\/pro.costa-verde.com\/mesa-de-autor-da-inspiracao-a-mesa-de-refeicao\/\",\"name\":\"Mesa de autor: De la inspiraci\u00f3n a la mesa - Costa Verde\",\"isPartOf\":{\"@id\":\"https:\/\/pro.costa-verde.com\/#website\"},\"primaryImageOfPage\":{\"@id\":\"https:\/\/pro.costa-verde.com\/mesa-de-autor-da-inspiracao-a-mesa-de-refeicao\/#primaryimage\"},\"image\":{\"@id\":\"https:\/\/pro.costa-verde.com\/mesa-de-autor-da-inspiracao-a-mesa-de-refeicao\/#primaryimage\"},\"thumbnailUrl\":\"https:\/\/pro.costa-verde.com\/wp-content\/uploads\/2024\/12\/SAC.jpg\",\"datePublished\":\"2024-12-23T09:49:59+00:00\",\"dateModified\":\"2024-12-23T09:53:35+00:00\",\"description\":\"El mundo del arte y la gastronom\u00eda adquiere una nueva dimensi\u00f3n con el lanzamiento de la competici\u00f3n \u00abMesa de Autor\u00bb, una colaboraci\u00f3n entre Robalo y Costa Verde.\",\"breadcrumb\":{\"@id\":\"https:\/\/pro.costa-verde.com\/mesa-de-autor-da-inspiracao-a-mesa-de-refeicao\/#breadcrumb\"},\"inLanguage\":\"es\",\"potentialAction\":[{\"@type\":\"ReadAction\",\"target\":[\"https:\/\/pro.costa-verde.com\/mesa-de-autor-da-inspiracao-a-mesa-de-refeicao\/\"]}]},{\"@type\":\"ImageObject\",\"inLanguage\":\"es\",\"@id\":\"https:\/\/pro.costa-verde.com\/mesa-de-autor-da-inspiracao-a-mesa-de-refeicao\/#primaryimage\",\"url\":\"https:\/\/pro.costa-verde.com\/wp-content\/uploads\/2024\/12\/SAC.jpg\",\"contentUrl\":\"https:\/\/pro.costa-verde.com\/wp-content\/uploads\/2024\/12\/SAC.jpg\",\"width\":1144,\"height\":746},{\"@type\":\"BreadcrumbList\",\"@id\":\"https:\/\/pro.costa-verde.com\/mesa-de-autor-da-inspiracao-a-mesa-de-refeicao\/#breadcrumb\",\"itemListElement\":[{\"@type\":\"ListItem\",\"position\":1,\"name\":\"In\u00edcio\",\"item\":\"https:\/\/pro.costa-verde.com\/es\/\"},{\"@type\":\"ListItem\",\"position\":2,\"name\":\"Mesa de autor: De la inspiraci\u00f3n a la mesa\"}]},{\"@type\":\"WebSite\",\"@id\":\"https:\/\/pro.costa-verde.com\/#website\",\"url\":\"https:\/\/pro.costa-verde.com\/\",\"name\":\"Costa Verde\",\"description\":\"Loja Online\",\"potentialAction\":[{\"@type\":\"SearchAction\",\"target\":{\"@type\":\"EntryPoint\",\"urlTemplate\":\"https:\/\/pro.costa-verde.com\/?s={search_term_string}\"},\"query-input\":{\"@type\":\"PropertyValueSpecification\",\"valueRequired\":true,\"valueName\":\"search_term_string\"}}],\"inLanguage\":\"es\"}]}<\/script>\n<!-- \/ Yoast SEO plugin. -->","yoast_head_json":{"title":"Mesa de autor: De la inspiraci\u00f3n a la mesa - Costa Verde","description":"El mundo del arte y la gastronom\u00eda adquiere una nueva dimensi\u00f3n con el lanzamiento de la competici\u00f3n \u00abMesa de Autor\u00bb, una colaboraci\u00f3n entre Robalo y Costa Verde.","robots":{"index":"index","follow":"follow","max-snippet":"max-snippet:-1","max-image-preview":"max-image-preview:large","max-video-preview":"max-video-preview:-1"},"canonical":"https:\/\/pro.costa-verde.com\/mesa-de-autor-da-inspiracao-a-mesa-de-refeicao\/","og_locale":"es_ES","og_type":"article","og_title":"Mesa de autor: De la inspiraci\u00f3n a la mesa - Costa Verde","og_description":"El mundo del arte y la gastronom\u00eda adquiere una nueva dimensi\u00f3n con el lanzamiento de la competici\u00f3n \u00abMesa de Autor\u00bb, una colaboraci\u00f3n entre Robalo y Costa Verde.","og_url":"https:\/\/pro.costa-verde.com\/mesa-de-autor-da-inspiracao-a-mesa-de-refeicao\/","og_site_name":"Costa Verde","article_publisher":"https:\/\/www.facebook.com\/costaverdeporcelanas\/","article_modified_time":"2024-12-23T09:53:35+00:00","og_image":[{"width":1144,"height":746,"url":"https:\/\/pro.costa-verde.com\/wp-content\/uploads\/2024\/12\/SAC.jpg","type":"image\/jpeg"}],"twitter_card":"summary_large_image","twitter_misc":{"Tiempo de lectura":"3 minutos"},"schema":{"@context":"https:\/\/schema.org","@graph":[{"@type":"WebPage","@id":"https:\/\/pro.costa-verde.com\/mesa-de-autor-da-inspiracao-a-mesa-de-refeicao\/","url":"https:\/\/pro.costa-verde.com\/mesa-de-autor-da-inspiracao-a-mesa-de-refeicao\/","name":"Mesa de autor: De la inspiraci\u00f3n a la mesa - Costa Verde","isPartOf":{"@id":"https:\/\/pro.costa-verde.com\/#website"},"primaryImageOfPage":{"@id":"https:\/\/pro.costa-verde.com\/mesa-de-autor-da-inspiracao-a-mesa-de-refeicao\/#primaryimage"},"image":{"@id":"https:\/\/pro.costa-verde.com\/mesa-de-autor-da-inspiracao-a-mesa-de-refeicao\/#primaryimage"},"thumbnailUrl":"https:\/\/pro.costa-verde.com\/wp-content\/uploads\/2024\/12\/SAC.jpg","datePublished":"2024-12-23T09:49:59+00:00","dateModified":"2024-12-23T09:53:35+00:00","description":"El mundo del arte y la gastronom\u00eda adquiere una nueva dimensi\u00f3n con el lanzamiento de la competici\u00f3n \u00abMesa de Autor\u00bb, una colaboraci\u00f3n entre Robalo y Costa Verde.","breadcrumb":{"@id":"https:\/\/pro.costa-verde.com\/mesa-de-autor-da-inspiracao-a-mesa-de-refeicao\/#breadcrumb"},"inLanguage":"es","potentialAction":[{"@type":"ReadAction","target":["https:\/\/pro.costa-verde.com\/mesa-de-autor-da-inspiracao-a-mesa-de-refeicao\/"]}]},{"@type":"ImageObject","inLanguage":"es","@id":"https:\/\/pro.costa-verde.com\/mesa-de-autor-da-inspiracao-a-mesa-de-refeicao\/#primaryimage","url":"https:\/\/pro.costa-verde.com\/wp-content\/uploads\/2024\/12\/SAC.jpg","contentUrl":"https:\/\/pro.costa-verde.com\/wp-content\/uploads\/2024\/12\/SAC.jpg","width":1144,"height":746},{"@type":"BreadcrumbList","@id":"https:\/\/pro.costa-verde.com\/mesa-de-autor-da-inspiracao-a-mesa-de-refeicao\/#breadcrumb","itemListElement":[{"@type":"ListItem","position":1,"name":"In\u00edcio","item":"https:\/\/pro.costa-verde.com\/es\/"},{"@type":"ListItem","position":2,"name":"Mesa de autor: De la inspiraci\u00f3n a la mesa"}]},{"@type":"WebSite","@id":"https:\/\/pro.costa-verde.com\/#website","url":"https:\/\/pro.costa-verde.com\/","name":"Costa Verde","description":"Loja Online","potentialAction":[{"@type":"SearchAction","target":{"@type":"EntryPoint","urlTemplate":"https:\/\/pro.costa-verde.com\/?s={search_term_string}"},"query-input":{"@type":"PropertyValueSpecification","valueRequired":true,"valueName":"search_term_string"}}],"inLanguage":"es"}]}},"_links":{"self":[{"href":"https:\/\/pro.costa-verde.com\/es\/wp-json\/wp\/v2\/pages\/62684","targetHints":{"allow":["GET"]}}],"collection":[{"href":"https:\/\/pro.costa-verde.com\/es\/wp-json\/wp\/v2\/pages"}],"about":[{"href":"https:\/\/pro.costa-verde.com\/es\/wp-json\/wp\/v2\/types\/page"}],"author":[{"embeddable":true,"href":"https:\/\/pro.costa-verde.com\/es\/wp-json\/wp\/v2\/users\/438"}],"replies":[{"embeddable":true,"href":"https:\/\/pro.costa-verde.com\/es\/wp-json\/wp\/v2\/comments?post=62684"}],"version-history":[{"count":4,"href":"https:\/\/pro.costa-verde.com\/es\/wp-json\/wp\/v2\/pages\/62684\/revisions"}],"predecessor-version":[{"id":62702,"href":"https:\/\/pro.costa-verde.com\/es\/wp-json\/wp\/v2\/pages\/62684\/revisions\/62702"}],"wp:featuredmedia":[{"embeddable":true,"href":"https:\/\/pro.costa-verde.com\/es\/wp-json\/wp\/v2\/media\/62689"}],"wp:attachment":[{"href":"https:\/\/pro.costa-verde.com\/es\/wp-json\/wp\/v2\/media?parent=62684"}],"curies":[{"name":"wp","href":"https:\/\/api.w.org\/{rel}","templated":true}]}}