{"id":62405,"date":"2024-12-11T15:18:57","date_gmt":"2024-12-11T15:18:57","guid":{"rendered":"https:\/\/pro.costa-verde.com\/?page_id=62405"},"modified":"2024-12-11T15:22:26","modified_gmt":"2024-12-11T15:22:26","slug":"juntos-por-la-integridad-en-el-mes-anticorrupcion","status":"publish","type":"page","link":"https:\/\/pro.costa-verde.com\/es\/juntos-por-la-integridad-en-el-mes-anticorrupcion\/","title":{"rendered":"Juntos por la integridad en el mes anticorrupci\u00f3n"},"content":{"rendered":"\t\t<div data-elementor-type=\"wp-page\" data-elementor-id=\"62405\" class=\"elementor elementor-62405 elementor-62403\" data-elementor-post-type=\"page\">\n\t\t\t\t\t\t<section class=\"elementor-section elementor-top-section elementor-element elementor-element-4e696d57 elementor-section-boxed elementor-section-height-default elementor-section-height-default\" data-id=\"4e696d57\" data-element_type=\"section\">\n\t\t\t\t\t\t<div class=\"elementor-container elementor-column-gap-default\">\n\t\t\t\t\t<div class=\"elementor-column elementor-col-100 elementor-top-column elementor-element elementor-element-7149df70\" data-id=\"7149df70\" data-element_type=\"column\">\n\t\t\t<div class=\"elementor-widget-wrap elementor-element-populated\">\n\t\t\t\t\t\t<div class=\"elementor-element elementor-element-3311861 elementor-widget elementor-widget-image\" data-id=\"3311861\" data-element_type=\"widget\" data-widget_type=\"image.default\">\n\t\t\t\t<div class=\"elementor-widget-container\">\n\t\t\t\t\t\t\t\t\t\t\t\t\t\t\t<img fetchpriority=\"high\" decoding=\"async\" width=\"1024\" height=\"532\" src=\"https:\/\/pro.costa-verde.com\/wp-content\/uploads\/2024\/12\/PPI-1024x532.jpg\" class=\"attachment-large size-large wp-image-62410\" alt=\"\" srcset=\"https:\/\/pro.costa-verde.com\/wp-content\/uploads\/2024\/12\/PPI-1024x532.jpg 1024w, https:\/\/pro.costa-verde.com\/wp-content\/uploads\/2024\/12\/PPI-300x156.jpg 300w, https:\/\/pro.costa-verde.com\/wp-content\/uploads\/2024\/12\/PPI-768x399.jpg 768w, https:\/\/pro.costa-verde.com\/wp-content\/uploads\/2024\/12\/PPI-1536x798.jpg 1536w, https:\/\/pro.costa-verde.com\/wp-content\/uploads\/2024\/12\/PPI-600x312.jpg 600w, https:\/\/pro.costa-verde.com\/wp-content\/uploads\/2024\/12\/PPI-120x62.jpg 120w, https:\/\/pro.costa-verde.com\/wp-content\/uploads\/2024\/12\/PPI.jpg 1920w\" sizes=\"(max-width: 1024px) 100vw, 1024px\" \/>\t\t\t\t\t\t\t\t\t\t\t\t\t\t\t<\/div>\n\t\t\t\t<\/div>\n\t\t\t\t<div class=\"elementor-element elementor-element-7843fbcb elementor-widget elementor-widget-text-editor\" data-id=\"7843fbcb\" data-element_type=\"widget\" data-widget_type=\"text-editor.default\">\n\t\t\t\t<div class=\"elementor-widget-container\">\n\t\t\t\t\t\t\t\t\t<p>Costa Verde, como miembro de la APEE, Asociaci\u00f3n Portuguesa de \u00c9tica Empresarial, se une al Mes Anticorrupci\u00f3n, que es una iniciativa de la Estrategia Nacional Anticorrupci\u00f3n, aprobada por la Resoluci\u00f3n del Consejo de Ministros n.\u00ba 37\/2021, de 6 de abril.<\/p><p>La Plataforma Portuguesa por la Integridad, como iniciativa de la Red Portuguesa del Pacto Mundial de las Naciones Unidas y de la Asociaci\u00f3n Portuguesa de \u00c9tica Empresarial, mantiene su alineaci\u00f3n con las Naciones Unidas, concretamente con las iniciativas de la Oficina de las Naciones Unidas contra la Droga y el Delito (UNODC). Se trata de una iniciativa que promueve la integridad, la transparencia y la lucha contra la corrupci\u00f3n en Portugal, siendo un espacio de colaboraci\u00f3n que re\u00fane a diferentes sectores de la sociedad, incluyendo organizaciones de la sociedad civil, el sector privado, el mundo acad\u00e9mico y las administraciones p\u00fablicas, con el objetivo de fortalecer las pr\u00e1cticas \u00e9ticas y combatir las pr\u00e1cticas corruptas.<\/p><p>Entre sus principales objetivos, la Plataforma Portuguesa por la Integridad busca sensibilizar y capacitar a las partes interesadas para aplicar medidas que promuevan la integridad en diversos \u00e1mbitos, como la gobernanza empresarial, la administraci\u00f3n p\u00fablica y el desarrollo sostenible. Entre las actividades promovidas por la plataforma se encuentran la difusi\u00f3n de buenas pr\u00e1cticas en materia de integridad y transparencia, la formaci\u00f3n y capacitaci\u00f3n de organizaciones y particulares, la promoci\u00f3n de pol\u00edticas p\u00fablicas que refuercen la \u00e9tica y el seguimiento de iniciativas anticorrupci\u00f3n.<\/p><p style=\"text-align: justify;\">\u00a0<\/p>\t\t\t\t\t\t\t\t<\/div>\n\t\t\t\t<\/div>\n\t\t\t\t\t<\/div>\n\t\t<\/div>\n\t\t\t\t\t<\/div>\n\t\t<\/section>\n\t\t\t\t<\/div>\n\t\t","protected":false},"excerpt":{"rendered":"<p>Costa Verde, como miembro de la APEE, Asociaci\u00f3n Portuguesa de \u00c9tica Empresarial, se une al Mes Anticorrupci\u00f3n, que es una iniciativa de la Estrategia Nacional Anticorrupci\u00f3n, aprobada por la Resoluci\u00f3n del Consejo de Ministros n.\u00ba 37\/2021, de 6 de abril. La Plataforma Portuguesa por la Integridad, como iniciativa de la Red Portuguesa del Pacto Mundial [&hellip;]<\/p>\n","protected":false},"author":438,"featured_media":62410,"parent":0,"menu_order":0,"comment_status":"open","ping_status":"closed","template":"","meta":{"footnotes":""},"class_list":["post-62405","page","type-page","status-publish","has-post-thumbnail","hentry"],"yoast_head":"<!-- This site is optimized with the Yoast SEO plugin v26.9 - https:\/\/yoast.com\/product\/yoast-seo-wordpress\/ -->\n<title>Juntos por la integridad en el mes anticorrupci\u00f3n - Costa Verde<\/title>\n<meta name=\"description\" content=\"Costa Verde, como miembro de la APEE, Asociaci\u00f3n Portuguesa de \u00c9tica Empresarial, se une al Mes Anticorrupci\u00f3n. Sepa m\u00e1s!\" \/>\n<meta name=\"robots\" content=\"index, follow, max-snippet:-1, max-image-preview:large, max-video-preview:-1\" \/>\n<link rel=\"canonical\" href=\"https:\/\/pro.costa-verde.com\/juntos-pela-integridade-no-mes-da-anticorrupcao\/\" \/>\n<meta property=\"og:locale\" content=\"es_ES\" \/>\n<meta property=\"og:type\" content=\"article\" \/>\n<meta property=\"og:title\" content=\"Juntos por la integridad en el mes anticorrupci\u00f3n - Costa Verde\" \/>\n<meta property=\"og:description\" content=\"Costa Verde, como miembro de la APEE, Asociaci\u00f3n Portuguesa de \u00c9tica Empresarial, se une al Mes Anticorrupci\u00f3n. Sepa m\u00e1s!\" \/>\n<meta property=\"og:url\" content=\"https:\/\/pro.costa-verde.com\/juntos-pela-integridade-no-mes-da-anticorrupcao\/\" \/>\n<meta property=\"og:site_name\" content=\"Costa Verde\" \/>\n<meta property=\"article:publisher\" content=\"https:\/\/www.facebook.com\/costaverdeporcelanas\/\" \/>\n<meta property=\"article:modified_time\" content=\"2024-12-11T15:22:26+00:00\" \/>\n<meta property=\"og:image\" content=\"https:\/\/pro.costa-verde.com\/wp-content\/uploads\/2024\/12\/PPI.jpg\" \/>\n\t<meta property=\"og:image:width\" content=\"1920\" \/>\n\t<meta property=\"og:image:height\" content=\"998\" \/>\n\t<meta property=\"og:image:type\" content=\"image\/jpeg\" \/>\n<meta name=\"twitter:card\" content=\"summary_large_image\" \/>\n<meta name=\"twitter:label1\" content=\"Tiempo de lectura\" \/>\n\t<meta name=\"twitter:data1\" content=\"2 minutos\" \/>\n<script type=\"application\/ld+json\" class=\"yoast-schema-graph\">{\"@context\":\"https:\/\/schema.org\",\"@graph\":[{\"@type\":\"WebPage\",\"@id\":\"https:\/\/pro.costa-verde.com\/juntos-pela-integridade-no-mes-da-anticorrupcao\/\",\"url\":\"https:\/\/pro.costa-verde.com\/juntos-pela-integridade-no-mes-da-anticorrupcao\/\",\"name\":\"Juntos por la integridad en el mes anticorrupci\u00f3n - Costa Verde\",\"isPartOf\":{\"@id\":\"https:\/\/pro.costa-verde.com\/#website\"},\"primaryImageOfPage\":{\"@id\":\"https:\/\/pro.costa-verde.com\/juntos-pela-integridade-no-mes-da-anticorrupcao\/#primaryimage\"},\"image\":{\"@id\":\"https:\/\/pro.costa-verde.com\/juntos-pela-integridade-no-mes-da-anticorrupcao\/#primaryimage\"},\"thumbnailUrl\":\"https:\/\/pro.costa-verde.com\/wp-content\/uploads\/2024\/12\/PPI.jpg\",\"datePublished\":\"2024-12-11T15:18:57+00:00\",\"dateModified\":\"2024-12-11T15:22:26+00:00\",\"description\":\"Costa Verde, como miembro de la APEE, Asociaci\u00f3n Portuguesa de \u00c9tica Empresarial, se une al Mes Anticorrupci\u00f3n. Sepa m\u00e1s!\",\"breadcrumb\":{\"@id\":\"https:\/\/pro.costa-verde.com\/juntos-pela-integridade-no-mes-da-anticorrupcao\/#breadcrumb\"},\"inLanguage\":\"es\",\"potentialAction\":[{\"@type\":\"ReadAction\",\"target\":[\"https:\/\/pro.costa-verde.com\/juntos-pela-integridade-no-mes-da-anticorrupcao\/\"]}]},{\"@type\":\"ImageObject\",\"inLanguage\":\"es\",\"@id\":\"https:\/\/pro.costa-verde.com\/juntos-pela-integridade-no-mes-da-anticorrupcao\/#primaryimage\",\"url\":\"https:\/\/pro.costa-verde.com\/wp-content\/uploads\/2024\/12\/PPI.jpg\",\"contentUrl\":\"https:\/\/pro.costa-verde.com\/wp-content\/uploads\/2024\/12\/PPI.jpg\",\"width\":1920,\"height\":998},{\"@type\":\"BreadcrumbList\",\"@id\":\"https:\/\/pro.costa-verde.com\/juntos-pela-integridade-no-mes-da-anticorrupcao\/#breadcrumb\",\"itemListElement\":[{\"@type\":\"ListItem\",\"position\":1,\"name\":\"In\u00edcio\",\"item\":\"https:\/\/pro.costa-verde.com\/es\/\"},{\"@type\":\"ListItem\",\"position\":2,\"name\":\"Juntos por la integridad en el mes anticorrupci\u00f3n\"}]},{\"@type\":\"WebSite\",\"@id\":\"https:\/\/pro.costa-verde.com\/#website\",\"url\":\"https:\/\/pro.costa-verde.com\/\",\"name\":\"Costa Verde\",\"description\":\"Loja Online\",\"potentialAction\":[{\"@type\":\"SearchAction\",\"target\":{\"@type\":\"EntryPoint\",\"urlTemplate\":\"https:\/\/pro.costa-verde.com\/?s={search_term_string}\"},\"query-input\":{\"@type\":\"PropertyValueSpecification\",\"valueRequired\":true,\"valueName\":\"search_term_string\"}}],\"inLanguage\":\"es\"}]}<\/script>\n<!-- \/ Yoast SEO plugin. -->","yoast_head_json":{"title":"Juntos por la integridad en el mes anticorrupci\u00f3n - Costa Verde","description":"Costa Verde, como miembro de la APEE, Asociaci\u00f3n Portuguesa de \u00c9tica Empresarial, se une al Mes Anticorrupci\u00f3n. Sepa m\u00e1s!","robots":{"index":"index","follow":"follow","max-snippet":"max-snippet:-1","max-image-preview":"max-image-preview:large","max-video-preview":"max-video-preview:-1"},"canonical":"https:\/\/pro.costa-verde.com\/juntos-pela-integridade-no-mes-da-anticorrupcao\/","og_locale":"es_ES","og_type":"article","og_title":"Juntos por la integridad en el mes anticorrupci\u00f3n - Costa Verde","og_description":"Costa Verde, como miembro de la APEE, Asociaci\u00f3n Portuguesa de \u00c9tica Empresarial, se une al Mes Anticorrupci\u00f3n. Sepa m\u00e1s!","og_url":"https:\/\/pro.costa-verde.com\/juntos-pela-integridade-no-mes-da-anticorrupcao\/","og_site_name":"Costa Verde","article_publisher":"https:\/\/www.facebook.com\/costaverdeporcelanas\/","article_modified_time":"2024-12-11T15:22:26+00:00","og_image":[{"width":1920,"height":998,"url":"https:\/\/pro.costa-verde.com\/wp-content\/uploads\/2024\/12\/PPI.jpg","type":"image\/jpeg"}],"twitter_card":"summary_large_image","twitter_misc":{"Tiempo de lectura":"2 minutos"},"schema":{"@context":"https:\/\/schema.org","@graph":[{"@type":"WebPage","@id":"https:\/\/pro.costa-verde.com\/juntos-pela-integridade-no-mes-da-anticorrupcao\/","url":"https:\/\/pro.costa-verde.com\/juntos-pela-integridade-no-mes-da-anticorrupcao\/","name":"Juntos por la integridad en el mes anticorrupci\u00f3n - Costa Verde","isPartOf":{"@id":"https:\/\/pro.costa-verde.com\/#website"},"primaryImageOfPage":{"@id":"https:\/\/pro.costa-verde.com\/juntos-pela-integridade-no-mes-da-anticorrupcao\/#primaryimage"},"image":{"@id":"https:\/\/pro.costa-verde.com\/juntos-pela-integridade-no-mes-da-anticorrupcao\/#primaryimage"},"thumbnailUrl":"https:\/\/pro.costa-verde.com\/wp-content\/uploads\/2024\/12\/PPI.jpg","datePublished":"2024-12-11T15:18:57+00:00","dateModified":"2024-12-11T15:22:26+00:00","description":"Costa Verde, como miembro de la APEE, Asociaci\u00f3n Portuguesa de \u00c9tica Empresarial, se une al Mes Anticorrupci\u00f3n. Sepa m\u00e1s!","breadcrumb":{"@id":"https:\/\/pro.costa-verde.com\/juntos-pela-integridade-no-mes-da-anticorrupcao\/#breadcrumb"},"inLanguage":"es","potentialAction":[{"@type":"ReadAction","target":["https:\/\/pro.costa-verde.com\/juntos-pela-integridade-no-mes-da-anticorrupcao\/"]}]},{"@type":"ImageObject","inLanguage":"es","@id":"https:\/\/pro.costa-verde.com\/juntos-pela-integridade-no-mes-da-anticorrupcao\/#primaryimage","url":"https:\/\/pro.costa-verde.com\/wp-content\/uploads\/2024\/12\/PPI.jpg","contentUrl":"https:\/\/pro.costa-verde.com\/wp-content\/uploads\/2024\/12\/PPI.jpg","width":1920,"height":998},{"@type":"BreadcrumbList","@id":"https:\/\/pro.costa-verde.com\/juntos-pela-integridade-no-mes-da-anticorrupcao\/#breadcrumb","itemListElement":[{"@type":"ListItem","position":1,"name":"In\u00edcio","item":"https:\/\/pro.costa-verde.com\/es\/"},{"@type":"ListItem","position":2,"name":"Juntos por la integridad en el mes anticorrupci\u00f3n"}]},{"@type":"WebSite","@id":"https:\/\/pro.costa-verde.com\/#website","url":"https:\/\/pro.costa-verde.com\/","name":"Costa Verde","description":"Loja Online","potentialAction":[{"@type":"SearchAction","target":{"@type":"EntryPoint","urlTemplate":"https:\/\/pro.costa-verde.com\/?s={search_term_string}"},"query-input":{"@type":"PropertyValueSpecification","valueRequired":true,"valueName":"search_term_string"}}],"inLanguage":"es"}]}},"_links":{"self":[{"href":"https:\/\/pro.costa-verde.com\/es\/wp-json\/wp\/v2\/pages\/62405","targetHints":{"allow":["GET"]}}],"collection":[{"href":"https:\/\/pro.costa-verde.com\/es\/wp-json\/wp\/v2\/pages"}],"about":[{"href":"https:\/\/pro.costa-verde.com\/es\/wp-json\/wp\/v2\/types\/page"}],"author":[{"embeddable":true,"href":"https:\/\/pro.costa-verde.com\/es\/wp-json\/wp\/v2\/users\/438"}],"replies":[{"embeddable":true,"href":"https:\/\/pro.costa-verde.com\/es\/wp-json\/wp\/v2\/comments?post=62405"}],"version-history":[{"count":4,"href":"https:\/\/pro.costa-verde.com\/es\/wp-json\/wp\/v2\/pages\/62405\/revisions"}],"predecessor-version":[{"id":62422,"href":"https:\/\/pro.costa-verde.com\/es\/wp-json\/wp\/v2\/pages\/62405\/revisions\/62422"}],"wp:featuredmedia":[{"embeddable":true,"href":"https:\/\/pro.costa-verde.com\/es\/wp-json\/wp\/v2\/media\/62410"}],"wp:attachment":[{"href":"https:\/\/pro.costa-verde.com\/es\/wp-json\/wp\/v2\/media?parent=62405"}],"curies":[{"name":"wp","href":"https:\/\/api.w.org\/{rel}","templated":true}]}}