{"id":62359,"date":"2024-12-05T09:00:46","date_gmt":"2024-12-05T09:00:46","guid":{"rendered":"https:\/\/pro.costa-verde.com\/?page_id=62359"},"modified":"2024-12-05T09:05:22","modified_gmt":"2024-12-05T09:05:22","slug":"costa-verde-en-la-masterclass-de-o-gerente","status":"publish","type":"page","link":"https:\/\/pro.costa-verde.com\/es\/costa-verde-en-la-masterclass-de-o-gerente\/","title":{"rendered":"Costa Verde en la Masterclass de O Gerente"},"content":{"rendered":"\t\t<div data-elementor-type=\"wp-page\" data-elementor-id=\"62359\" class=\"elementor elementor-62359 elementor-62357\" data-elementor-post-type=\"page\">\n\t\t\t\t\t\t<section class=\"elementor-section elementor-top-section elementor-element elementor-element-4e696d57 elementor-section-boxed elementor-section-height-default elementor-section-height-default\" data-id=\"4e696d57\" data-element_type=\"section\">\n\t\t\t\t\t\t<div class=\"elementor-container elementor-column-gap-default\">\n\t\t\t\t\t<div class=\"elementor-column elementor-col-100 elementor-top-column elementor-element elementor-element-7149df70\" data-id=\"7149df70\" data-element_type=\"column\">\n\t\t\t<div class=\"elementor-widget-wrap elementor-element-populated\">\n\t\t\t\t\t\t<div class=\"elementor-element elementor-element-3311861 elementor-widget elementor-widget-image\" data-id=\"3311861\" data-element_type=\"widget\" data-widget_type=\"image.default\">\n\t\t\t\t<div class=\"elementor-widget-container\">\n\t\t\t\t\t\t\t\t\t\t\t\t\t\t\t<img fetchpriority=\"high\" decoding=\"async\" width=\"1017\" height=\"1024\" src=\"https:\/\/pro.costa-verde.com\/wp-content\/uploads\/2024\/12\/O-gerente-1017x1024.jpg\" class=\"attachment-large size-large wp-image-62363\" alt=\"\" srcset=\"https:\/\/pro.costa-verde.com\/wp-content\/uploads\/2024\/12\/O-gerente-1017x1024.jpg 1017w, https:\/\/pro.costa-verde.com\/wp-content\/uploads\/2024\/12\/O-gerente-298x300.jpg 298w, https:\/\/pro.costa-verde.com\/wp-content\/uploads\/2024\/12\/O-gerente-150x150.jpg 150w, https:\/\/pro.costa-verde.com\/wp-content\/uploads\/2024\/12\/O-gerente-768x773.jpg 768w, https:\/\/pro.costa-verde.com\/wp-content\/uploads\/2024\/12\/O-gerente-1525x1536.jpg 1525w, https:\/\/pro.costa-verde.com\/wp-content\/uploads\/2024\/12\/O-gerente-300x302.jpg 300w, https:\/\/pro.costa-verde.com\/wp-content\/uploads\/2024\/12\/O-gerente-600x604.jpg 600w, https:\/\/pro.costa-verde.com\/wp-content\/uploads\/2024\/12\/O-gerente-120x121.jpg 120w, https:\/\/pro.costa-verde.com\/wp-content\/uploads\/2024\/12\/O-gerente.jpg 1589w\" sizes=\"(max-width: 1017px) 100vw, 1017px\" \/>\t\t\t\t\t\t\t\t\t\t\t\t\t\t\t<\/div>\n\t\t\t\t<\/div>\n\t\t\t\t<div class=\"elementor-element elementor-element-7843fbcb elementor-widget elementor-widget-text-editor\" data-id=\"7843fbcb\" data-element_type=\"widget\" data-widget_type=\"text-editor.default\">\n\t\t\t\t<div class=\"elementor-widget-container\">\n\t\t\t\t\t\t\t\t\t<p>Costa Verde fue invitada a la m\u00e1s reciente masterclass de la plataforma O Gerente, cuyo tema fue \u00abFood Design, Food Styling y el Papel Esencial del Plato en la Presentaci\u00f3n y Visualizaci\u00f3n de los Alimentos\u00bb.<\/p>\n<p>Por cerca de 2 horas y media, Paulo Pinto Santos, Director de Marketing, tuvo la oportunidad de abordar temas como el concepto y los fundamentos del food design y food styling, la psicolog\u00eda del dise\u00f1o del plato y la experiencia sensorial, los principios del food styling como los elementos visuales esenciales para el emplatado, la importancia del plato como parte de la identidad visual del restaurante, las innovaciones y tendencias contempor\u00e1neas en food design y food styling y el food design como elemento central de la experiencia gastron\u00f3mica.<\/p>\n<p>O Gerente es una consultora de restauraci\u00f3n que apoya a los empresarios en la consecuci\u00f3n de resultados a trav\u00e9s de un m\u00e9todo de gesti\u00f3n y marketing de eficacia probada.<\/p>\n<p>Desde el a\u00f1o 2000, han colaborado en diversos proyectos relacionados con la restauraci\u00f3n, la apertura y gesti\u00f3n de restaurantes y bares, la organizaci\u00f3n de eventos, la consultor\u00eda y la direcci\u00f3n de hosteler\u00eda.<\/p>\n<p>Con una carrera dedicada a ayudar a los restaurantes, siguen ayudando, ense\u00f1ando y aplicando m\u00e9todos de gesti\u00f3n y marketing que ya han transformado muchos negocios en Portugal y fuera de sus fronteras.<\/p>\n<p>Costa Verde agradece una vez m\u00e1s su invitaci\u00f3n.<\/p>\t\t\t\t\t\t\t\t<\/div>\n\t\t\t\t<\/div>\n\t\t\t\t\t<\/div>\n\t\t<\/div>\n\t\t\t\t\t<\/div>\n\t\t<\/section>\n\t\t\t\t<\/div>\n\t\t","protected":false},"excerpt":{"rendered":"<p>Costa Verde fue invitada a la m\u00e1s reciente masterclass de la plataforma O Gerente, cuyo tema fue \u00abFood Design, Food Styling y el Papel Esencial del Plato en la Presentaci\u00f3n y Visualizaci\u00f3n de los Alimentos\u00bb. Por cerca de 2 horas y media, Paulo Pinto Santos, Director de Marketing, tuvo la oportunidad de abordar temas como [&hellip;]<\/p>\n","protected":false},"author":438,"featured_media":62363,"parent":0,"menu_order":0,"comment_status":"open","ping_status":"closed","template":"","meta":{"footnotes":""},"class_list":["post-62359","page","type-page","status-publish","has-post-thumbnail","hentry"],"yoast_head":"<!-- This site is optimized with the Yoast SEO plugin v26.9 - https:\/\/yoast.com\/product\/yoast-seo-wordpress\/ -->\n<title>Costa Verde en la Masterclass de O Gerente - Costa Verde<\/title>\n<meta name=\"robots\" content=\"index, follow, max-snippet:-1, max-image-preview:large, max-video-preview:-1\" \/>\n<link rel=\"canonical\" href=\"https:\/\/pro.costa-verde.com\/costa-verde-em-masterclasse-o-gerente\/\" \/>\n<meta property=\"og:locale\" content=\"es_ES\" \/>\n<meta property=\"og:type\" content=\"article\" \/>\n<meta property=\"og:title\" content=\"Costa Verde en la Masterclass de O Gerente - Costa Verde\" \/>\n<meta property=\"og:description\" content=\"Costa Verde fue invitada a la m\u00e1s reciente masterclass de la plataforma O Gerente, cuyo tema fue \u00abFood Design, Food Styling y el Papel Esencial del Plato en la Presentaci\u00f3n y Visualizaci\u00f3n de los Alimentos\u00bb. Por cerca de 2 horas y media, Paulo Pinto Santos, Director de Marketing, tuvo la oportunidad de abordar temas como [&hellip;]\" \/>\n<meta property=\"og:url\" content=\"https:\/\/pro.costa-verde.com\/costa-verde-em-masterclasse-o-gerente\/\" \/>\n<meta property=\"og:site_name\" content=\"Costa Verde\" \/>\n<meta property=\"article:publisher\" content=\"https:\/\/www.facebook.com\/costaverdeporcelanas\/\" \/>\n<meta property=\"article:modified_time\" content=\"2024-12-05T09:05:22+00:00\" \/>\n<meta property=\"og:image\" content=\"https:\/\/pro.costa-verde.com\/wp-content\/uploads\/2024\/12\/O-gerente-e1733332341593.jpg\" \/>\n\t<meta property=\"og:image:width\" content=\"1589\" \/>\n\t<meta property=\"og:image:height\" content=\"1600\" \/>\n\t<meta property=\"og:image:type\" content=\"image\/jpeg\" \/>\n<meta name=\"twitter:card\" content=\"summary_large_image\" \/>\n<meta name=\"twitter:label1\" content=\"Tiempo de lectura\" \/>\n\t<meta name=\"twitter:data1\" content=\"2 minutos\" \/>\n<script type=\"application\/ld+json\" class=\"yoast-schema-graph\">{\"@context\":\"https:\/\/schema.org\",\"@graph\":[{\"@type\":\"WebPage\",\"@id\":\"https:\/\/pro.costa-verde.com\/costa-verde-em-masterclasse-o-gerente\/\",\"url\":\"https:\/\/pro.costa-verde.com\/costa-verde-em-masterclasse-o-gerente\/\",\"name\":\"Costa Verde en la Masterclass de O Gerente - Costa Verde\",\"isPartOf\":{\"@id\":\"https:\/\/pro.costa-verde.com\/#website\"},\"primaryImageOfPage\":{\"@id\":\"https:\/\/pro.costa-verde.com\/costa-verde-em-masterclasse-o-gerente\/#primaryimage\"},\"image\":{\"@id\":\"https:\/\/pro.costa-verde.com\/costa-verde-em-masterclasse-o-gerente\/#primaryimage\"},\"thumbnailUrl\":\"https:\/\/pro.costa-verde.com\/wp-content\/uploads\/2024\/12\/O-gerente-e1733332341593.jpg\",\"datePublished\":\"2024-12-05T09:00:46+00:00\",\"dateModified\":\"2024-12-05T09:05:22+00:00\",\"breadcrumb\":{\"@id\":\"https:\/\/pro.costa-verde.com\/costa-verde-em-masterclasse-o-gerente\/#breadcrumb\"},\"inLanguage\":\"es\",\"potentialAction\":[{\"@type\":\"ReadAction\",\"target\":[\"https:\/\/pro.costa-verde.com\/costa-verde-em-masterclasse-o-gerente\/\"]}]},{\"@type\":\"ImageObject\",\"inLanguage\":\"es\",\"@id\":\"https:\/\/pro.costa-verde.com\/costa-verde-em-masterclasse-o-gerente\/#primaryimage\",\"url\":\"https:\/\/pro.costa-verde.com\/wp-content\/uploads\/2024\/12\/O-gerente-e1733332341593.jpg\",\"contentUrl\":\"https:\/\/pro.costa-verde.com\/wp-content\/uploads\/2024\/12\/O-gerente-e1733332341593.jpg\",\"width\":1589,\"height\":1600},{\"@type\":\"BreadcrumbList\",\"@id\":\"https:\/\/pro.costa-verde.com\/costa-verde-em-masterclasse-o-gerente\/#breadcrumb\",\"itemListElement\":[{\"@type\":\"ListItem\",\"position\":1,\"name\":\"In\u00edcio\",\"item\":\"https:\/\/pro.costa-verde.com\/es\/\"},{\"@type\":\"ListItem\",\"position\":2,\"name\":\"Costa Verde en la Masterclass de O Gerente\"}]},{\"@type\":\"WebSite\",\"@id\":\"https:\/\/pro.costa-verde.com\/#website\",\"url\":\"https:\/\/pro.costa-verde.com\/\",\"name\":\"Costa Verde\",\"description\":\"Loja Online\",\"potentialAction\":[{\"@type\":\"SearchAction\",\"target\":{\"@type\":\"EntryPoint\",\"urlTemplate\":\"https:\/\/pro.costa-verde.com\/?s={search_term_string}\"},\"query-input\":{\"@type\":\"PropertyValueSpecification\",\"valueRequired\":true,\"valueName\":\"search_term_string\"}}],\"inLanguage\":\"es\"}]}<\/script>\n<!-- \/ Yoast SEO plugin. -->","yoast_head_json":{"title":"Costa Verde en la Masterclass de O Gerente - Costa Verde","robots":{"index":"index","follow":"follow","max-snippet":"max-snippet:-1","max-image-preview":"max-image-preview:large","max-video-preview":"max-video-preview:-1"},"canonical":"https:\/\/pro.costa-verde.com\/costa-verde-em-masterclasse-o-gerente\/","og_locale":"es_ES","og_type":"article","og_title":"Costa Verde en la Masterclass de O Gerente - Costa Verde","og_description":"Costa Verde fue invitada a la m\u00e1s reciente masterclass de la plataforma O Gerente, cuyo tema fue \u00abFood Design, Food Styling y el Papel Esencial del Plato en la Presentaci\u00f3n y Visualizaci\u00f3n de los Alimentos\u00bb. Por cerca de 2 horas y media, Paulo Pinto Santos, Director de Marketing, tuvo la oportunidad de abordar temas como [&hellip;]","og_url":"https:\/\/pro.costa-verde.com\/costa-verde-em-masterclasse-o-gerente\/","og_site_name":"Costa Verde","article_publisher":"https:\/\/www.facebook.com\/costaverdeporcelanas\/","article_modified_time":"2024-12-05T09:05:22+00:00","og_image":[{"width":1589,"height":1600,"url":"https:\/\/pro.costa-verde.com\/wp-content\/uploads\/2024\/12\/O-gerente-e1733332341593.jpg","type":"image\/jpeg"}],"twitter_card":"summary_large_image","twitter_misc":{"Tiempo de lectura":"2 minutos"},"schema":{"@context":"https:\/\/schema.org","@graph":[{"@type":"WebPage","@id":"https:\/\/pro.costa-verde.com\/costa-verde-em-masterclasse-o-gerente\/","url":"https:\/\/pro.costa-verde.com\/costa-verde-em-masterclasse-o-gerente\/","name":"Costa Verde en la Masterclass de O Gerente - Costa Verde","isPartOf":{"@id":"https:\/\/pro.costa-verde.com\/#website"},"primaryImageOfPage":{"@id":"https:\/\/pro.costa-verde.com\/costa-verde-em-masterclasse-o-gerente\/#primaryimage"},"image":{"@id":"https:\/\/pro.costa-verde.com\/costa-verde-em-masterclasse-o-gerente\/#primaryimage"},"thumbnailUrl":"https:\/\/pro.costa-verde.com\/wp-content\/uploads\/2024\/12\/O-gerente-e1733332341593.jpg","datePublished":"2024-12-05T09:00:46+00:00","dateModified":"2024-12-05T09:05:22+00:00","breadcrumb":{"@id":"https:\/\/pro.costa-verde.com\/costa-verde-em-masterclasse-o-gerente\/#breadcrumb"},"inLanguage":"es","potentialAction":[{"@type":"ReadAction","target":["https:\/\/pro.costa-verde.com\/costa-verde-em-masterclasse-o-gerente\/"]}]},{"@type":"ImageObject","inLanguage":"es","@id":"https:\/\/pro.costa-verde.com\/costa-verde-em-masterclasse-o-gerente\/#primaryimage","url":"https:\/\/pro.costa-verde.com\/wp-content\/uploads\/2024\/12\/O-gerente-e1733332341593.jpg","contentUrl":"https:\/\/pro.costa-verde.com\/wp-content\/uploads\/2024\/12\/O-gerente-e1733332341593.jpg","width":1589,"height":1600},{"@type":"BreadcrumbList","@id":"https:\/\/pro.costa-verde.com\/costa-verde-em-masterclasse-o-gerente\/#breadcrumb","itemListElement":[{"@type":"ListItem","position":1,"name":"In\u00edcio","item":"https:\/\/pro.costa-verde.com\/es\/"},{"@type":"ListItem","position":2,"name":"Costa Verde en la Masterclass de O Gerente"}]},{"@type":"WebSite","@id":"https:\/\/pro.costa-verde.com\/#website","url":"https:\/\/pro.costa-verde.com\/","name":"Costa Verde","description":"Loja Online","potentialAction":[{"@type":"SearchAction","target":{"@type":"EntryPoint","urlTemplate":"https:\/\/pro.costa-verde.com\/?s={search_term_string}"},"query-input":{"@type":"PropertyValueSpecification","valueRequired":true,"valueName":"search_term_string"}}],"inLanguage":"es"}]}},"_links":{"self":[{"href":"https:\/\/pro.costa-verde.com\/es\/wp-json\/wp\/v2\/pages\/62359","targetHints":{"allow":["GET"]}}],"collection":[{"href":"https:\/\/pro.costa-verde.com\/es\/wp-json\/wp\/v2\/pages"}],"about":[{"href":"https:\/\/pro.costa-verde.com\/es\/wp-json\/wp\/v2\/types\/page"}],"author":[{"embeddable":true,"href":"https:\/\/pro.costa-verde.com\/es\/wp-json\/wp\/v2\/users\/438"}],"replies":[{"embeddable":true,"href":"https:\/\/pro.costa-verde.com\/es\/wp-json\/wp\/v2\/comments?post=62359"}],"version-history":[{"count":4,"href":"https:\/\/pro.costa-verde.com\/es\/wp-json\/wp\/v2\/pages\/62359\/revisions"}],"predecessor-version":[{"id":62382,"href":"https:\/\/pro.costa-verde.com\/es\/wp-json\/wp\/v2\/pages\/62359\/revisions\/62382"}],"wp:featuredmedia":[{"embeddable":true,"href":"https:\/\/pro.costa-verde.com\/es\/wp-json\/wp\/v2\/media\/62363"}],"wp:attachment":[{"href":"https:\/\/pro.costa-verde.com\/es\/wp-json\/wp\/v2\/media?parent=62359"}],"curies":[{"name":"wp","href":"https:\/\/api.w.org\/{rel}","templated":true}]}}