{"id":62325,"date":"2024-12-04T16:41:18","date_gmt":"2024-12-04T16:41:18","guid":{"rendered":"https:\/\/pro.costa-verde.com\/?page_id=62325"},"modified":"2024-12-04T16:44:52","modified_gmt":"2024-12-04T16:44:52","slug":"costa-verde-solidaria-2024","status":"publish","type":"page","link":"https:\/\/pro.costa-verde.com\/es\/costa-verde-solidaria-2024\/","title":{"rendered":"Costa Verde Solid\u00e1ria 2024"},"content":{"rendered":"\t\t<div data-elementor-type=\"wp-page\" data-elementor-id=\"62325\" class=\"elementor elementor-62325 elementor-62323\" data-elementor-post-type=\"page\">\n\t\t\t\t\t\t<section class=\"elementor-section elementor-top-section elementor-element elementor-element-4e696d57 elementor-section-boxed elementor-section-height-default elementor-section-height-default\" data-id=\"4e696d57\" data-element_type=\"section\">\n\t\t\t\t\t\t<div class=\"elementor-container elementor-column-gap-default\">\n\t\t\t\t\t<div class=\"elementor-column elementor-col-100 elementor-top-column elementor-element elementor-element-7149df70\" data-id=\"7149df70\" data-element_type=\"column\">\n\t\t\t<div class=\"elementor-widget-wrap elementor-element-populated\">\n\t\t\t\t\t\t<div class=\"elementor-element elementor-element-3311861 elementor-widget elementor-widget-image\" data-id=\"3311861\" data-element_type=\"widget\" data-widget_type=\"image.default\">\n\t\t\t\t<div class=\"elementor-widget-container\">\n\t\t\t\t\t\t\t\t\t\t\t\t\t\t\t<img fetchpriority=\"high\" decoding=\"async\" width=\"1024\" height=\"683\" src=\"https:\/\/pro.costa-verde.com\/wp-content\/uploads\/2024\/12\/campanha-solidaria-1024x683.jpg\" class=\"attachment-large size-large wp-image-62329\" alt=\"\" srcset=\"https:\/\/pro.costa-verde.com\/wp-content\/uploads\/2024\/12\/campanha-solidaria-1024x683.jpg 1024w, https:\/\/pro.costa-verde.com\/wp-content\/uploads\/2024\/12\/campanha-solidaria-300x200.jpg 300w, https:\/\/pro.costa-verde.com\/wp-content\/uploads\/2024\/12\/campanha-solidaria-768x512.jpg 768w, https:\/\/pro.costa-verde.com\/wp-content\/uploads\/2024\/12\/campanha-solidaria-600x400.jpg 600w, https:\/\/pro.costa-verde.com\/wp-content\/uploads\/2024\/12\/campanha-solidaria-120x80.jpg 120w, https:\/\/pro.costa-verde.com\/wp-content\/uploads\/2024\/12\/campanha-solidaria.jpg 1357w\" sizes=\"(max-width: 1024px) 100vw, 1024px\" \/>\t\t\t\t\t\t\t\t\t\t\t\t\t\t\t<\/div>\n\t\t\t\t<\/div>\n\t\t\t\t<div class=\"elementor-element elementor-element-7843fbcb elementor-widget elementor-widget-text-editor\" data-id=\"7843fbcb\" data-element_type=\"widget\" data-widget_type=\"text-editor.default\">\n\t\t\t\t<div class=\"elementor-widget-container\">\n\t\t\t\t\t\t\t\t\t<p class=\"MsoNormal\" style=\"text-align: justify;\">Bajo el lema \u00abSolidaridad es amor en movimiento. D\u00e9jese mover.\u00bb, el objetivo de esta iniciativa, por und\u00e9cimo a\u00f1o consecutivo, es hacer m\u00e1s felices y confortables las fiestas navide\u00f1as a quienes m\u00e1s lo necesitan. Para ello, Costa Verde invita a todos sus empleados, parceros y amigos a donar alimentos, ropa, calzado, juguetes, utensilios varios y otros art\u00edculos. Estos art\u00edculos se entregar\u00e1n a una asociaci\u00f3n del municipio de Vagos, el Centro Social y Asistencial Ouca, que a su vez los distribuir\u00e1 entre familias necesitadas del municipio, en una iniciativa que ya ha ayudado e impactado a cientos de familias del municipio a lo largo de m\u00e1s de 10 a\u00f1os.<\/p><p class=\"MsoNormal\" style=\"text-align: justify;\">Costa Verde es una empresa certificada por la norma SA8000 \u2013 Responsabilidad Social, lo que refleja la conciencia de un conjunto de preocupaciones, tanto ambientales como sociales, que interfieren directa o indirectamente en el d\u00eda a d\u00eda de las personas. Dado que sus decisiones e iniciativas siempre tienen en cuenta la comunidad en la que se incluye y el medio ambiente en el que opera, Costa Verde asume sus responsabilidades sociales, teniendo en cuenta el respeto de los derechos humanos, la protecci\u00f3n del medio ambiente, el cumplimiento de las normas sociales, el respeto de los valores \u00e9ticos y la inversi\u00f3n en el desarrollo personal de sus empleados.<\/p><p class=\"MsoNormal\" style=\"text-align: justify;\"><span style=\"color: var( --e-global-color-text );\">Con todo esto en mente, el objetivo de Costa Verde es proporcionar a todas estas personas una Navidad mejor.<\/span><\/p>\t\t\t\t\t\t\t\t<\/div>\n\t\t\t\t<\/div>\n\t\t\t\t\t<\/div>\n\t\t<\/div>\n\t\t\t\t\t<\/div>\n\t\t<\/section>\n\t\t\t\t<\/div>\n\t\t","protected":false},"excerpt":{"rendered":"<p>Bajo el lema \u00abSolidaridad es amor en movimiento. D\u00e9jese mover.\u00bb, el objetivo de esta iniciativa, por und\u00e9cimo a\u00f1o consecutivo, es hacer m\u00e1s felices y confortables las fiestas navide\u00f1as a quienes m\u00e1s lo necesitan. Para ello, Costa Verde invita a todos sus empleados, parceros y amigos a donar alimentos, ropa, calzado, juguetes, utensilios varios y otros [&hellip;]<\/p>\n","protected":false},"author":438,"featured_media":62329,"parent":0,"menu_order":0,"comment_status":"open","ping_status":"closed","template":"","meta":{"footnotes":""},"class_list":["post-62325","page","type-page","status-publish","has-post-thumbnail","hentry"],"yoast_head":"<!-- This site is optimized with the Yoast SEO plugin v26.9 - https:\/\/yoast.com\/product\/yoast-seo-wordpress\/ -->\n<title>Costa Verde Solid\u00e1ria 2024<\/title>\n<meta name=\"robots\" content=\"index, follow, max-snippet:-1, max-image-preview:large, max-video-preview:-1\" \/>\n<link rel=\"canonical\" href=\"https:\/\/pro.costa-verde.com\/costa-verde-solidaria-2024\/\" \/>\n<meta property=\"og:locale\" content=\"es_ES\" \/>\n<meta property=\"og:type\" content=\"article\" \/>\n<meta property=\"og:title\" content=\"Costa Verde Solid\u00e1ria 2024\" \/>\n<meta property=\"og:description\" content=\"Bajo el lema \u00abSolidaridad es amor en movimiento. D\u00e9jese mover.\u00bb, el objetivo de esta iniciativa, por und\u00e9cimo a\u00f1o consecutivo, es hacer m\u00e1s felices y confortables las fiestas navide\u00f1as a quienes m\u00e1s lo necesitan. Para ello, Costa Verde invita a todos sus empleados, parceros y amigos a donar alimentos, ropa, calzado, juguetes, utensilios varios y otros [&hellip;]\" \/>\n<meta property=\"og:url\" content=\"https:\/\/pro.costa-verde.com\/costa-verde-solidaria-2024\/\" \/>\n<meta property=\"og:site_name\" content=\"Costa Verde\" \/>\n<meta property=\"article:publisher\" content=\"https:\/\/www.facebook.com\/costaverdeporcelanas\/\" \/>\n<meta property=\"article:modified_time\" content=\"2024-12-04T16:44:52+00:00\" \/>\n<meta property=\"og:image\" content=\"https:\/\/pro.costa-verde.com\/wp-content\/uploads\/2024\/12\/campanha-solidaria.jpg\" \/>\n\t<meta property=\"og:image:width\" content=\"1357\" \/>\n\t<meta property=\"og:image:height\" content=\"905\" \/>\n\t<meta property=\"og:image:type\" content=\"image\/jpeg\" \/>\n<meta name=\"twitter:card\" content=\"summary_large_image\" \/>\n<meta name=\"twitter:label1\" content=\"Tiempo de lectura\" \/>\n\t<meta name=\"twitter:data1\" content=\"2 minutos\" \/>\n<script type=\"application\/ld+json\" class=\"yoast-schema-graph\">{\"@context\":\"https:\/\/schema.org\",\"@graph\":[{\"@type\":\"WebPage\",\"@id\":\"https:\/\/pro.costa-verde.com\/costa-verde-solidaria-2024\/\",\"url\":\"https:\/\/pro.costa-verde.com\/costa-verde-solidaria-2024\/\",\"name\":\"Costa Verde Solid\u00e1ria 2024\",\"isPartOf\":{\"@id\":\"https:\/\/pro.costa-verde.com\/#website\"},\"primaryImageOfPage\":{\"@id\":\"https:\/\/pro.costa-verde.com\/costa-verde-solidaria-2024\/#primaryimage\"},\"image\":{\"@id\":\"https:\/\/pro.costa-verde.com\/costa-verde-solidaria-2024\/#primaryimage\"},\"thumbnailUrl\":\"https:\/\/pro.costa-verde.com\/wp-content\/uploads\/2024\/12\/campanha-solidaria.jpg\",\"datePublished\":\"2024-12-04T16:41:18+00:00\",\"dateModified\":\"2024-12-04T16:44:52+00:00\",\"breadcrumb\":{\"@id\":\"https:\/\/pro.costa-verde.com\/costa-verde-solidaria-2024\/#breadcrumb\"},\"inLanguage\":\"es\",\"potentialAction\":[{\"@type\":\"ReadAction\",\"target\":[\"https:\/\/pro.costa-verde.com\/costa-verde-solidaria-2024\/\"]}]},{\"@type\":\"ImageObject\",\"inLanguage\":\"es\",\"@id\":\"https:\/\/pro.costa-verde.com\/costa-verde-solidaria-2024\/#primaryimage\",\"url\":\"https:\/\/pro.costa-verde.com\/wp-content\/uploads\/2024\/12\/campanha-solidaria.jpg\",\"contentUrl\":\"https:\/\/pro.costa-verde.com\/wp-content\/uploads\/2024\/12\/campanha-solidaria.jpg\",\"width\":1357,\"height\":905},{\"@type\":\"BreadcrumbList\",\"@id\":\"https:\/\/pro.costa-verde.com\/costa-verde-solidaria-2024\/#breadcrumb\",\"itemListElement\":[{\"@type\":\"ListItem\",\"position\":1,\"name\":\"In\u00edcio\",\"item\":\"https:\/\/pro.costa-verde.com\/es\/\"},{\"@type\":\"ListItem\",\"position\":2,\"name\":\"Costa Verde Solid\u00e1ria 2024\"}]},{\"@type\":\"WebSite\",\"@id\":\"https:\/\/pro.costa-verde.com\/#website\",\"url\":\"https:\/\/pro.costa-verde.com\/\",\"name\":\"Costa Verde\",\"description\":\"Loja Online\",\"potentialAction\":[{\"@type\":\"SearchAction\",\"target\":{\"@type\":\"EntryPoint\",\"urlTemplate\":\"https:\/\/pro.costa-verde.com\/?s={search_term_string}\"},\"query-input\":{\"@type\":\"PropertyValueSpecification\",\"valueRequired\":true,\"valueName\":\"search_term_string\"}}],\"inLanguage\":\"es\"}]}<\/script>\n<!-- \/ Yoast SEO plugin. -->","yoast_head_json":{"title":"Costa Verde Solid\u00e1ria 2024","robots":{"index":"index","follow":"follow","max-snippet":"max-snippet:-1","max-image-preview":"max-image-preview:large","max-video-preview":"max-video-preview:-1"},"canonical":"https:\/\/pro.costa-verde.com\/costa-verde-solidaria-2024\/","og_locale":"es_ES","og_type":"article","og_title":"Costa Verde Solid\u00e1ria 2024","og_description":"Bajo el lema \u00abSolidaridad es amor en movimiento. D\u00e9jese mover.\u00bb, el objetivo de esta iniciativa, por und\u00e9cimo a\u00f1o consecutivo, es hacer m\u00e1s felices y confortables las fiestas navide\u00f1as a quienes m\u00e1s lo necesitan. Para ello, Costa Verde invita a todos sus empleados, parceros y amigos a donar alimentos, ropa, calzado, juguetes, utensilios varios y otros [&hellip;]","og_url":"https:\/\/pro.costa-verde.com\/costa-verde-solidaria-2024\/","og_site_name":"Costa Verde","article_publisher":"https:\/\/www.facebook.com\/costaverdeporcelanas\/","article_modified_time":"2024-12-04T16:44:52+00:00","og_image":[{"width":1357,"height":905,"url":"https:\/\/pro.costa-verde.com\/wp-content\/uploads\/2024\/12\/campanha-solidaria.jpg","type":"image\/jpeg"}],"twitter_card":"summary_large_image","twitter_misc":{"Tiempo de lectura":"2 minutos"},"schema":{"@context":"https:\/\/schema.org","@graph":[{"@type":"WebPage","@id":"https:\/\/pro.costa-verde.com\/costa-verde-solidaria-2024\/","url":"https:\/\/pro.costa-verde.com\/costa-verde-solidaria-2024\/","name":"Costa Verde Solid\u00e1ria 2024","isPartOf":{"@id":"https:\/\/pro.costa-verde.com\/#website"},"primaryImageOfPage":{"@id":"https:\/\/pro.costa-verde.com\/costa-verde-solidaria-2024\/#primaryimage"},"image":{"@id":"https:\/\/pro.costa-verde.com\/costa-verde-solidaria-2024\/#primaryimage"},"thumbnailUrl":"https:\/\/pro.costa-verde.com\/wp-content\/uploads\/2024\/12\/campanha-solidaria.jpg","datePublished":"2024-12-04T16:41:18+00:00","dateModified":"2024-12-04T16:44:52+00:00","breadcrumb":{"@id":"https:\/\/pro.costa-verde.com\/costa-verde-solidaria-2024\/#breadcrumb"},"inLanguage":"es","potentialAction":[{"@type":"ReadAction","target":["https:\/\/pro.costa-verde.com\/costa-verde-solidaria-2024\/"]}]},{"@type":"ImageObject","inLanguage":"es","@id":"https:\/\/pro.costa-verde.com\/costa-verde-solidaria-2024\/#primaryimage","url":"https:\/\/pro.costa-verde.com\/wp-content\/uploads\/2024\/12\/campanha-solidaria.jpg","contentUrl":"https:\/\/pro.costa-verde.com\/wp-content\/uploads\/2024\/12\/campanha-solidaria.jpg","width":1357,"height":905},{"@type":"BreadcrumbList","@id":"https:\/\/pro.costa-verde.com\/costa-verde-solidaria-2024\/#breadcrumb","itemListElement":[{"@type":"ListItem","position":1,"name":"In\u00edcio","item":"https:\/\/pro.costa-verde.com\/es\/"},{"@type":"ListItem","position":2,"name":"Costa Verde Solid\u00e1ria 2024"}]},{"@type":"WebSite","@id":"https:\/\/pro.costa-verde.com\/#website","url":"https:\/\/pro.costa-verde.com\/","name":"Costa Verde","description":"Loja Online","potentialAction":[{"@type":"SearchAction","target":{"@type":"EntryPoint","urlTemplate":"https:\/\/pro.costa-verde.com\/?s={search_term_string}"},"query-input":{"@type":"PropertyValueSpecification","valueRequired":true,"valueName":"search_term_string"}}],"inLanguage":"es"}]}},"_links":{"self":[{"href":"https:\/\/pro.costa-verde.com\/es\/wp-json\/wp\/v2\/pages\/62325","targetHints":{"allow":["GET"]}}],"collection":[{"href":"https:\/\/pro.costa-verde.com\/es\/wp-json\/wp\/v2\/pages"}],"about":[{"href":"https:\/\/pro.costa-verde.com\/es\/wp-json\/wp\/v2\/types\/page"}],"author":[{"embeddable":true,"href":"https:\/\/pro.costa-verde.com\/es\/wp-json\/wp\/v2\/users\/438"}],"replies":[{"embeddable":true,"href":"https:\/\/pro.costa-verde.com\/es\/wp-json\/wp\/v2\/comments?post=62325"}],"version-history":[{"count":4,"href":"https:\/\/pro.costa-verde.com\/es\/wp-json\/wp\/v2\/pages\/62325\/revisions"}],"predecessor-version":[{"id":62344,"href":"https:\/\/pro.costa-verde.com\/es\/wp-json\/wp\/v2\/pages\/62325\/revisions\/62344"}],"wp:featuredmedia":[{"embeddable":true,"href":"https:\/\/pro.costa-verde.com\/es\/wp-json\/wp\/v2\/media\/62329"}],"wp:attachment":[{"href":"https:\/\/pro.costa-verde.com\/es\/wp-json\/wp\/v2\/media?parent=62325"}],"curies":[{"name":"wp","href":"https:\/\/api.w.org\/{rel}","templated":true}]}}