{"id":61489,"date":"2024-11-19T15:24:50","date_gmt":"2024-11-19T15:24:50","guid":{"rendered":"https:\/\/pro.costa-verde.com\/?page_id=61489"},"modified":"2024-11-19T16:54:56","modified_gmt":"2024-11-19T16:54:56","slug":"costa-verde-apoya-associacao-salvador","status":"publish","type":"page","link":"https:\/\/pro.costa-verde.com\/es\/costa-verde-apoya-associacao-salvador\/","title":{"rendered":"Costa Verde apoya Associa\u00e7\u00e3o Salvador"},"content":{"rendered":"\t\t<div data-elementor-type=\"wp-page\" data-elementor-id=\"61489\" class=\"elementor elementor-61489 elementor-61487\" data-elementor-post-type=\"page\">\n\t\t\t\t\t\t<section class=\"elementor-section elementor-top-section elementor-element elementor-element-4e696d57 elementor-section-boxed elementor-section-height-default elementor-section-height-default\" data-id=\"4e696d57\" data-element_type=\"section\">\n\t\t\t\t\t\t<div class=\"elementor-container elementor-column-gap-default\">\n\t\t\t\t\t<div class=\"elementor-column elementor-col-100 elementor-top-column elementor-element elementor-element-7149df70\" data-id=\"7149df70\" data-element_type=\"column\">\n\t\t\t<div class=\"elementor-widget-wrap elementor-element-populated\">\n\t\t\t\t\t\t<div class=\"elementor-element elementor-element-3311861 elementor-widget elementor-widget-image\" data-id=\"3311861\" data-element_type=\"widget\" data-widget_type=\"image.default\">\n\t\t\t\t<div class=\"elementor-widget-container\">\n\t\t\t\t\t\t\t\t\t\t\t\t\t\t\t<img fetchpriority=\"high\" decoding=\"async\" width=\"1024\" height=\"538\" src=\"https:\/\/pro.costa-verde.com\/wp-content\/uploads\/2024\/11\/Associacao_Salvador_Noticia-1024x538.jpeg\" class=\"attachment-large size-large wp-image-61494\" alt=\"\" srcset=\"https:\/\/pro.costa-verde.com\/wp-content\/uploads\/2024\/11\/Associacao_Salvador_Noticia-1024x538.jpeg 1024w, https:\/\/pro.costa-verde.com\/wp-content\/uploads\/2024\/11\/Associacao_Salvador_Noticia-300x158.jpeg 300w, https:\/\/pro.costa-verde.com\/wp-content\/uploads\/2024\/11\/Associacao_Salvador_Noticia-768x403.jpeg 768w, https:\/\/pro.costa-verde.com\/wp-content\/uploads\/2024\/11\/Associacao_Salvador_Noticia-600x315.jpeg 600w, https:\/\/pro.costa-verde.com\/wp-content\/uploads\/2024\/11\/Associacao_Salvador_Noticia-120x63.jpeg 120w, https:\/\/pro.costa-verde.com\/wp-content\/uploads\/2024\/11\/Associacao_Salvador_Noticia.jpeg 1280w\" sizes=\"(max-width: 1024px) 100vw, 1024px\" \/>\t\t\t\t\t\t\t\t\t\t\t\t\t\t\t<\/div>\n\t\t\t\t<\/div>\n\t\t\t\t<div class=\"elementor-element elementor-element-7843fbcb elementor-widget elementor-widget-text-editor\" data-id=\"7843fbcb\" data-element_type=\"widget\" data-widget_type=\"text-editor.default\">\n\t\t\t\t<div class=\"elementor-widget-container\">\n\t\t\t\t\t\t\t\t\t<p style=\"text-align: justify;\"><a href=\"https:\/\/pro.costa-verde.com\/es\/?_gl=1%2Aqu5gc5%2A_ga%2AMTM2NDcyNDk0MC4xNzMyMDI5NjEx%2A_up%2AMQ..\"><strong>Costa Verde<\/strong>,<\/a> reconocida por su responsabilidad social, se enorgullece de jugar un papel activo en diversas iniciativas solidarias. A lo largo de los a\u00f1os, la empresa ha demostrado un compromiso constante en el apoyo a diversas organizaciones y acciones sociales. Recientemente, Costa Verde extendi\u00f3 este apoyo a <strong>Associa\u00e7\u00e3o Salvador<\/strong>, una organizaci\u00f3n sin \u00e1nimo de lucro dedicada a mejorar la calidad de vida de las personas con discapacidad motriz en Portugal.<\/p>\n<p style=\"text-align: justify;\">La <strong><a href=\"https:\/\/associacaosalvador.com\/\">Associa\u00e7\u00e3o Salvador<\/a><\/strong>, fundada en 2003, viene desempe\u00f1ando un papel clave en la promoci\u00f3n de la inclusi\u00f3n social, apoyando y desarrollando proyectos orientados a la autonom\u00eda y la accesibilidad de las personas con discapacidad motora. La asociaci\u00f3n lleva a cabo una labor vital ofreciendo servicios de apoyo directo, como el Programa de Apoyo al Transporte, Ayuda T\u00e9cnica para la adquisici\u00f3n de equipos de movilidad y tambi\u00e9n desarrollando iniciativas educativas y de sensibilizaci\u00f3n. Adem\u00e1s, la asociaci\u00f3n se dedica a promover la inclusi\u00f3n en el mercado laboral, ofreciendo formaci\u00f3n y apoyo a las personas con discapacidad motora para facilitar su integraci\u00f3n profesional.<\/p>\n<p style=\"text-align: justify;\">La importancia de la <b><a href=\"https:\/\/associacaosalvador.com\/\">Associa\u00e7\u00e3o Salvador<\/a><\/b> es evidente, siendo un puente crucial para muchos ciudadanos con discapacidad motora, proporcionando recursos, apoyo emocional y pr\u00e1ctico, as\u00ed como fomentando una sociedad m\u00e1s inclusiva y consciente. La organizaci\u00f3n es as\u00ed una referencia en Portugal en lo que respecta a la defensa de los derechos de las personas con discapacidad, contribuyendo de manera decisiva al cambio de mentalidad y a la construcci\u00f3n de un pa\u00eds m\u00e1s accesible para todos.<\/p>\n<p style=\"text-align: justify;\">La colaboraci\u00f3n de <b>Costa Verde<\/b> con Associa\u00e7\u00e3o Salvador demuestra el compromiso constante de la empresa con las causas sociales. Como parte de su apoyo, Costa Verde realiz\u00f3 una donaci\u00f3n de porcelana y contribuy\u00f3 a la renovaci\u00f3n de las instalaciones de la asociaci\u00f3n, lo que permiti\u00f3 mejorar las condiciones de trabajo y de acogida de las personas que se benefician de los servicios prestados por la organizaci\u00f3n.<\/p>\n<p style=\"text-align: justify;\"><a href=\"https:\/\/pro.costa-verde.com\/es\/?_gl=1%2Aqu5gc5%2A_ga%2AMTM2NDcyNDk0MC4xNzMyMDI5NjEx%2A_up%2AMQ..\"><b>Costa Verde<\/b><\/a> se siente profundamente honrada de contribuir al impacto positivo que la <b>Associa\u00e7\u00e3o Salvador<\/b> tiene en la vida de las personas con discapacidad motora y reafirma su compromiso de seguir apoyando este y otros proyectos sociales que benefician a toda la comunidad.<\/p>\n<p style=\"text-align: justify;\">\n<\/p>\t\t\t\t\t\t\t\t<\/div>\n\t\t\t\t<\/div>\n\t\t\t\t\t<\/div>\n\t\t<\/div>\n\t\t\t\t\t<\/div>\n\t\t<\/section>\n\t\t\t\t<\/div>\n\t\t","protected":false},"excerpt":{"rendered":"<p>Costa Verde, reconocida por su responsabilidad social, se enorgullece de jugar un papel activo en diversas iniciativas solidarias. A lo largo de los a\u00f1os, la empresa ha demostrado un compromiso constante en el apoyo a diversas organizaciones y acciones sociales. Recientemente, Costa Verde extendi\u00f3 este apoyo a Associa\u00e7\u00e3o Salvador, una organizaci\u00f3n sin \u00e1nimo de lucro [&hellip;]<\/p>\n","protected":false},"author":438,"featured_media":61494,"parent":0,"menu_order":0,"comment_status":"open","ping_status":"closed","template":"","meta":{"footnotes":""},"class_list":["post-61489","page","type-page","status-publish","has-post-thumbnail","hentry"],"yoast_head":"<!-- This site is optimized with the Yoast SEO plugin v26.9 - https:\/\/yoast.com\/product\/yoast-seo-wordpress\/ -->\n<title>Costa Verde apoya Associa\u00e7\u00e3o Salvador<\/title>\n<meta name=\"description\" content=\"Recientemente, Costa Verde apoyo a Associa\u00e7\u00e3o Salvador, una organizaci\u00f3n sin \u00e1nimo de lucro dedicada a mejorar la calidad de vida de las personas con discapacidad motriz en Portugal.\" \/>\n<meta name=\"robots\" content=\"index, follow, max-snippet:-1, max-image-preview:large, max-video-preview:-1\" \/>\n<link rel=\"canonical\" href=\"https:\/\/pro.costa-verde.com\/costa-verde-apoia-associacao-salvador\/\" \/>\n<meta property=\"og:locale\" content=\"es_ES\" \/>\n<meta property=\"og:type\" content=\"article\" \/>\n<meta property=\"og:title\" content=\"Costa Verde apoya Associa\u00e7\u00e3o Salvador\" \/>\n<meta property=\"og:description\" content=\"Recientemente, Costa Verde apoyo a Associa\u00e7\u00e3o Salvador, una organizaci\u00f3n sin \u00e1nimo de lucro dedicada a mejorar la calidad de vida de las personas con discapacidad motriz en Portugal.\" \/>\n<meta property=\"og:url\" content=\"https:\/\/pro.costa-verde.com\/costa-verde-apoia-associacao-salvador\/\" \/>\n<meta property=\"og:site_name\" content=\"Costa Verde\" \/>\n<meta property=\"article:publisher\" content=\"https:\/\/www.facebook.com\/costaverdeporcelanas\/\" \/>\n<meta property=\"article:modified_time\" content=\"2024-11-19T16:54:56+00:00\" \/>\n<meta property=\"og:image\" content=\"https:\/\/pro.costa-verde.com\/wp-content\/uploads\/2024\/11\/Associacao_Salvador_Noticia.jpeg\" \/>\n\t<meta property=\"og:image:width\" content=\"1280\" \/>\n\t<meta property=\"og:image:height\" content=\"672\" \/>\n\t<meta property=\"og:image:type\" content=\"image\/jpeg\" \/>\n<meta name=\"twitter:card\" content=\"summary_large_image\" \/>\n<meta name=\"twitter:label1\" content=\"Tiempo de lectura\" \/>\n\t<meta name=\"twitter:data1\" content=\"2 minutos\" \/>\n<script type=\"application\/ld+json\" class=\"yoast-schema-graph\">{\"@context\":\"https:\/\/schema.org\",\"@graph\":[{\"@type\":\"WebPage\",\"@id\":\"https:\/\/pro.costa-verde.com\/costa-verde-apoia-associacao-salvador\/\",\"url\":\"https:\/\/pro.costa-verde.com\/costa-verde-apoia-associacao-salvador\/\",\"name\":\"Costa Verde apoya Associa\u00e7\u00e3o Salvador\",\"isPartOf\":{\"@id\":\"https:\/\/pro.costa-verde.com\/#website\"},\"primaryImageOfPage\":{\"@id\":\"https:\/\/pro.costa-verde.com\/costa-verde-apoia-associacao-salvador\/#primaryimage\"},\"image\":{\"@id\":\"https:\/\/pro.costa-verde.com\/costa-verde-apoia-associacao-salvador\/#primaryimage\"},\"thumbnailUrl\":\"https:\/\/pro.costa-verde.com\/wp-content\/uploads\/2024\/11\/Associacao_Salvador_Noticia.jpeg\",\"datePublished\":\"2024-11-19T15:24:50+00:00\",\"dateModified\":\"2024-11-19T16:54:56+00:00\",\"description\":\"Recientemente, Costa Verde apoyo a Associa\u00e7\u00e3o Salvador, una organizaci\u00f3n sin \u00e1nimo de lucro dedicada a mejorar la calidad de vida de las personas con discapacidad motriz en Portugal.\",\"breadcrumb\":{\"@id\":\"https:\/\/pro.costa-verde.com\/costa-verde-apoia-associacao-salvador\/#breadcrumb\"},\"inLanguage\":\"es\",\"potentialAction\":[{\"@type\":\"ReadAction\",\"target\":[\"https:\/\/pro.costa-verde.com\/costa-verde-apoia-associacao-salvador\/\"]}]},{\"@type\":\"ImageObject\",\"inLanguage\":\"es\",\"@id\":\"https:\/\/pro.costa-verde.com\/costa-verde-apoia-associacao-salvador\/#primaryimage\",\"url\":\"https:\/\/pro.costa-verde.com\/wp-content\/uploads\/2024\/11\/Associacao_Salvador_Noticia.jpeg\",\"contentUrl\":\"https:\/\/pro.costa-verde.com\/wp-content\/uploads\/2024\/11\/Associacao_Salvador_Noticia.jpeg\",\"width\":1280,\"height\":672},{\"@type\":\"BreadcrumbList\",\"@id\":\"https:\/\/pro.costa-verde.com\/costa-verde-apoia-associacao-salvador\/#breadcrumb\",\"itemListElement\":[{\"@type\":\"ListItem\",\"position\":1,\"name\":\"In\u00edcio\",\"item\":\"https:\/\/pro.costa-verde.com\/es\/\"},{\"@type\":\"ListItem\",\"position\":2,\"name\":\"Costa Verde apoya Associa\u00e7\u00e3o Salvador\"}]},{\"@type\":\"WebSite\",\"@id\":\"https:\/\/pro.costa-verde.com\/#website\",\"url\":\"https:\/\/pro.costa-verde.com\/\",\"name\":\"Costa Verde\",\"description\":\"Loja Online\",\"potentialAction\":[{\"@type\":\"SearchAction\",\"target\":{\"@type\":\"EntryPoint\",\"urlTemplate\":\"https:\/\/pro.costa-verde.com\/?s={search_term_string}\"},\"query-input\":{\"@type\":\"PropertyValueSpecification\",\"valueRequired\":true,\"valueName\":\"search_term_string\"}}],\"inLanguage\":\"es\"}]}<\/script>\n<!-- \/ Yoast SEO plugin. -->","yoast_head_json":{"title":"Costa Verde apoya Associa\u00e7\u00e3o Salvador","description":"Recientemente, Costa Verde apoyo a Associa\u00e7\u00e3o Salvador, una organizaci\u00f3n sin \u00e1nimo de lucro dedicada a mejorar la calidad de vida de las personas con discapacidad motriz en Portugal.","robots":{"index":"index","follow":"follow","max-snippet":"max-snippet:-1","max-image-preview":"max-image-preview:large","max-video-preview":"max-video-preview:-1"},"canonical":"https:\/\/pro.costa-verde.com\/costa-verde-apoia-associacao-salvador\/","og_locale":"es_ES","og_type":"article","og_title":"Costa Verde apoya Associa\u00e7\u00e3o Salvador","og_description":"Recientemente, Costa Verde apoyo a Associa\u00e7\u00e3o Salvador, una organizaci\u00f3n sin \u00e1nimo de lucro dedicada a mejorar la calidad de vida de las personas con discapacidad motriz en Portugal.","og_url":"https:\/\/pro.costa-verde.com\/costa-verde-apoia-associacao-salvador\/","og_site_name":"Costa Verde","article_publisher":"https:\/\/www.facebook.com\/costaverdeporcelanas\/","article_modified_time":"2024-11-19T16:54:56+00:00","og_image":[{"width":1280,"height":672,"url":"https:\/\/pro.costa-verde.com\/wp-content\/uploads\/2024\/11\/Associacao_Salvador_Noticia.jpeg","type":"image\/jpeg"}],"twitter_card":"summary_large_image","twitter_misc":{"Tiempo de lectura":"2 minutos"},"schema":{"@context":"https:\/\/schema.org","@graph":[{"@type":"WebPage","@id":"https:\/\/pro.costa-verde.com\/costa-verde-apoia-associacao-salvador\/","url":"https:\/\/pro.costa-verde.com\/costa-verde-apoia-associacao-salvador\/","name":"Costa Verde apoya Associa\u00e7\u00e3o Salvador","isPartOf":{"@id":"https:\/\/pro.costa-verde.com\/#website"},"primaryImageOfPage":{"@id":"https:\/\/pro.costa-verde.com\/costa-verde-apoia-associacao-salvador\/#primaryimage"},"image":{"@id":"https:\/\/pro.costa-verde.com\/costa-verde-apoia-associacao-salvador\/#primaryimage"},"thumbnailUrl":"https:\/\/pro.costa-verde.com\/wp-content\/uploads\/2024\/11\/Associacao_Salvador_Noticia.jpeg","datePublished":"2024-11-19T15:24:50+00:00","dateModified":"2024-11-19T16:54:56+00:00","description":"Recientemente, Costa Verde apoyo a Associa\u00e7\u00e3o Salvador, una organizaci\u00f3n sin \u00e1nimo de lucro dedicada a mejorar la calidad de vida de las personas con discapacidad motriz en Portugal.","breadcrumb":{"@id":"https:\/\/pro.costa-verde.com\/costa-verde-apoia-associacao-salvador\/#breadcrumb"},"inLanguage":"es","potentialAction":[{"@type":"ReadAction","target":["https:\/\/pro.costa-verde.com\/costa-verde-apoia-associacao-salvador\/"]}]},{"@type":"ImageObject","inLanguage":"es","@id":"https:\/\/pro.costa-verde.com\/costa-verde-apoia-associacao-salvador\/#primaryimage","url":"https:\/\/pro.costa-verde.com\/wp-content\/uploads\/2024\/11\/Associacao_Salvador_Noticia.jpeg","contentUrl":"https:\/\/pro.costa-verde.com\/wp-content\/uploads\/2024\/11\/Associacao_Salvador_Noticia.jpeg","width":1280,"height":672},{"@type":"BreadcrumbList","@id":"https:\/\/pro.costa-verde.com\/costa-verde-apoia-associacao-salvador\/#breadcrumb","itemListElement":[{"@type":"ListItem","position":1,"name":"In\u00edcio","item":"https:\/\/pro.costa-verde.com\/es\/"},{"@type":"ListItem","position":2,"name":"Costa Verde apoya Associa\u00e7\u00e3o Salvador"}]},{"@type":"WebSite","@id":"https:\/\/pro.costa-verde.com\/#website","url":"https:\/\/pro.costa-verde.com\/","name":"Costa Verde","description":"Loja Online","potentialAction":[{"@type":"SearchAction","target":{"@type":"EntryPoint","urlTemplate":"https:\/\/pro.costa-verde.com\/?s={search_term_string}"},"query-input":{"@type":"PropertyValueSpecification","valueRequired":true,"valueName":"search_term_string"}}],"inLanguage":"es"}]}},"_links":{"self":[{"href":"https:\/\/pro.costa-verde.com\/es\/wp-json\/wp\/v2\/pages\/61489","targetHints":{"allow":["GET"]}}],"collection":[{"href":"https:\/\/pro.costa-verde.com\/es\/wp-json\/wp\/v2\/pages"}],"about":[{"href":"https:\/\/pro.costa-verde.com\/es\/wp-json\/wp\/v2\/types\/page"}],"author":[{"embeddable":true,"href":"https:\/\/pro.costa-verde.com\/es\/wp-json\/wp\/v2\/users\/438"}],"replies":[{"embeddable":true,"href":"https:\/\/pro.costa-verde.com\/es\/wp-json\/wp\/v2\/comments?post=61489"}],"version-history":[{"count":8,"href":"https:\/\/pro.costa-verde.com\/es\/wp-json\/wp\/v2\/pages\/61489\/revisions"}],"predecessor-version":[{"id":61520,"href":"https:\/\/pro.costa-verde.com\/es\/wp-json\/wp\/v2\/pages\/61489\/revisions\/61520"}],"wp:featuredmedia":[{"embeddable":true,"href":"https:\/\/pro.costa-verde.com\/es\/wp-json\/wp\/v2\/media\/61494"}],"wp:attachment":[{"href":"https:\/\/pro.costa-verde.com\/es\/wp-json\/wp\/v2\/media?parent=61489"}],"curies":[{"name":"wp","href":"https:\/\/api.w.org\/{rel}","templated":true}]}}