{"id":60860,"date":"2024-10-04T15:02:12","date_gmt":"2024-10-04T14:02:12","guid":{"rendered":"https:\/\/pro.costa-verde.com\/?page_id=60860"},"modified":"2024-10-04T15:04:16","modified_gmt":"2024-10-04T14:04:16","slug":"costa-verde-gana-el-estatus-de-empresa-innovadora-de-cotec-2024","status":"publish","type":"page","link":"https:\/\/pro.costa-verde.com\/es\/costa-verde-gana-el-estatus-de-empresa-innovadora-de-cotec-2024\/","title":{"rendered":"Costa Verde gana el estatus de EMPRESA INNOVADORA de COTEC 2024"},"content":{"rendered":"\t\t<div data-elementor-type=\"wp-page\" data-elementor-id=\"60860\" class=\"elementor elementor-60860 elementor-60858\" data-elementor-post-type=\"page\">\n\t\t\t\t\t\t<section class=\"elementor-section elementor-top-section elementor-element elementor-element-4e696d57 elementor-section-boxed elementor-section-height-default elementor-section-height-default\" data-id=\"4e696d57\" data-element_type=\"section\">\n\t\t\t\t\t\t<div class=\"elementor-container elementor-column-gap-default\">\n\t\t\t\t\t<div class=\"elementor-column elementor-col-100 elementor-top-column elementor-element elementor-element-7149df70\" data-id=\"7149df70\" data-element_type=\"column\">\n\t\t\t<div class=\"elementor-widget-wrap elementor-element-populated\">\n\t\t\t\t\t\t<div class=\"elementor-element elementor-element-3311861 elementor-widget elementor-widget-image\" data-id=\"3311861\" data-element_type=\"widget\" data-widget_type=\"image.default\">\n\t\t\t\t<div class=\"elementor-widget-container\">\n\t\t\t\t\t\t\t\t\t\t\t\t\t\t\t<img fetchpriority=\"high\" decoding=\"async\" width=\"768\" height=\"872\" src=\"https:\/\/pro.costa-verde.com\/wp-content\/uploads\/2024\/10\/IMG_2632-768x872.jpg\" class=\"attachment-medium_large size-medium_large wp-image-60864\" alt=\"\" srcset=\"https:\/\/pro.costa-verde.com\/wp-content\/uploads\/2024\/10\/IMG_2632-768x872.jpg 768w, https:\/\/pro.costa-verde.com\/wp-content\/uploads\/2024\/10\/IMG_2632-264x300.jpg 264w, https:\/\/pro.costa-verde.com\/wp-content\/uploads\/2024\/10\/IMG_2632-902x1024.jpg 902w, https:\/\/pro.costa-verde.com\/wp-content\/uploads\/2024\/10\/IMG_2632-1353x1536.jpg 1353w, https:\/\/pro.costa-verde.com\/wp-content\/uploads\/2024\/10\/IMG_2632-300x341.jpg 300w, https:\/\/pro.costa-verde.com\/wp-content\/uploads\/2024\/10\/IMG_2632-600x681.jpg 600w, https:\/\/pro.costa-verde.com\/wp-content\/uploads\/2024\/10\/IMG_2632-120x136.jpg 120w, https:\/\/pro.costa-verde.com\/wp-content\/uploads\/2024\/10\/IMG_2632.jpg 1691w\" sizes=\"(max-width: 768px) 100vw, 768px\" \/>\t\t\t\t\t\t\t\t\t\t\t\t\t\t\t<\/div>\n\t\t\t\t<\/div>\n\t\t\t\t<div class=\"elementor-element elementor-element-7843fbcb elementor-widget elementor-widget-text-editor\" data-id=\"7843fbcb\" data-element_type=\"widget\" data-widget_type=\"text-editor.default\">\n\t\t\t\t<div class=\"elementor-widget-container\">\n\t\t\t\t\t\t\t\t\t<p style=\"text-align: justify;\"><a href=\"https:\/\/pro.costa-verde.com\/es\/\"><strong>Costa Verde<\/strong><\/a> ha visto recompensada su actividad en 2023 con la obtenci\u00f3n del estatus de <strong>Empresa Innovadora COTEC 2024<\/strong>. Este estatus es sin\u00f3nimo de un crecimiento de al menos el 36% en comparaci\u00f3n con el a\u00f1o anterior, distinguiendo y reconociendo la solidez financiera, la inversi\u00f3n en capital de innovaci\u00f3n y resultados econ\u00f3micos y financieros notables.<\/p><p style=\"text-align: justify;\"><span style=\"color: var( --e-global-color-text );\">Todas las empresas que hayan alcanzado el estatus de INOVADORA tendr\u00e1n la oportunidad, a finales de este a\u00f1o, de solicitar el estatus de INOVADORA EVOLUTION. Este nuevo enfoque adoptado por COTEC compara el potencial de innovaci\u00f3n de la empresa con la evoluci\u00f3n de su perfil de sostenibilidad.<\/span><\/p><p style=\"text-align: justify;\"><span style=\"color: var( --e-global-color-text );\">El crecimiento del estatus INOVADORA de COTEC es un buen indicador del prestigio alcanzado por las empresas con un impacto en su relaci\u00f3n con las instituciones del sector bancario que son socios de la iniciativa desde su creaci\u00f3n en 2021.<\/span><\/p><p style=\"text-align: justify;\">\u00a0<\/p>\t\t\t\t\t\t\t\t<\/div>\n\t\t\t\t<\/div>\n\t\t\t\t\t<\/div>\n\t\t<\/div>\n\t\t\t\t\t<\/div>\n\t\t<\/section>\n\t\t\t\t<\/div>\n\t\t","protected":false},"excerpt":{"rendered":"<p>Costa Verde ha visto recompensada su actividad en 2023 con la obtenci\u00f3n del estatus de Empresa Innovadora COTEC 2024. Este estatus es sin\u00f3nimo de un crecimiento de al menos el 36% en comparaci\u00f3n con el a\u00f1o anterior, distinguiendo y reconociendo la solidez financiera, la inversi\u00f3n en capital de innovaci\u00f3n y resultados econ\u00f3micos y financieros notables. [&hellip;]<\/p>\n","protected":false},"author":438,"featured_media":60864,"parent":0,"menu_order":0,"comment_status":"open","ping_status":"closed","template":"","meta":{"footnotes":""},"class_list":["post-60860","page","type-page","status-publish","has-post-thumbnail","hentry"],"yoast_head":"<!-- This site is optimized with the Yoast SEO plugin v26.9 - https:\/\/yoast.com\/product\/yoast-seo-wordpress\/ -->\n<title>Costa Verde gana el estatus de EMPRESA INNOVADORA de COTEC 2024 - Costa Verde<\/title>\n<meta name=\"description\" content=\"Costa Verde ha visto recompensada su actividad en 2023 con la obtenci\u00f3n del estatus de Empresa Innovadora COTEC 2024. Sepa m\u00e1s!\" \/>\n<meta name=\"robots\" content=\"index, follow, max-snippet:-1, max-image-preview:large, max-video-preview:-1\" \/>\n<link rel=\"canonical\" href=\"https:\/\/pro.costa-verde.com\/es\/costa-verde-gana-el-estatus-de-empresa-innovadora-de-cotec-2024\/\" \/>\n<meta property=\"og:locale\" content=\"es_ES\" \/>\n<meta property=\"og:type\" content=\"article\" \/>\n<meta property=\"og:title\" content=\"Costa Verde gana el estatus de EMPRESA INNOVADORA de COTEC 2024 - Costa Verde\" \/>\n<meta property=\"og:description\" content=\"Costa Verde ha visto recompensada su actividad en 2023 con la obtenci\u00f3n del estatus de Empresa Innovadora COTEC 2024. Sepa m\u00e1s!\" \/>\n<meta property=\"og:url\" content=\"https:\/\/pro.costa-verde.com\/es\/costa-verde-gana-el-estatus-de-empresa-innovadora-de-cotec-2024\/\" \/>\n<meta property=\"og:site_name\" content=\"Costa Verde\" \/>\n<meta property=\"article:publisher\" content=\"https:\/\/www.facebook.com\/costaverdeporcelanas\/\" \/>\n<meta property=\"article:modified_time\" content=\"2024-10-04T14:04:16+00:00\" \/>\n<meta property=\"og:image\" content=\"https:\/\/pro.costa-verde.com\/wp-content\/uploads\/2024\/10\/IMG_2632.jpg\" \/>\n\t<meta property=\"og:image:width\" content=\"1691\" \/>\n\t<meta property=\"og:image:height\" content=\"1920\" \/>\n\t<meta property=\"og:image:type\" content=\"image\/jpeg\" \/>\n<meta name=\"twitter:card\" content=\"summary_large_image\" \/>\n<meta name=\"twitter:label1\" content=\"Tiempo de lectura\" \/>\n\t<meta name=\"twitter:data1\" content=\"1 minuto\" \/>\n<script type=\"application\/ld+json\" class=\"yoast-schema-graph\">{\"@context\":\"https:\/\/schema.org\",\"@graph\":[{\"@type\":\"WebPage\",\"@id\":\"https:\/\/pro.costa-verde.com\/es\/costa-verde-gana-el-estatus-de-empresa-innovadora-de-cotec-2024\/\",\"url\":\"https:\/\/pro.costa-verde.com\/es\/costa-verde-gana-el-estatus-de-empresa-innovadora-de-cotec-2024\/\",\"name\":\"Costa Verde gana el estatus de EMPRESA INNOVADORA de COTEC 2024 - Costa Verde\",\"isPartOf\":{\"@id\":\"https:\/\/pro.costa-verde.com\/#website\"},\"primaryImageOfPage\":{\"@id\":\"https:\/\/pro.costa-verde.com\/es\/costa-verde-gana-el-estatus-de-empresa-innovadora-de-cotec-2024\/#primaryimage\"},\"image\":{\"@id\":\"https:\/\/pro.costa-verde.com\/es\/costa-verde-gana-el-estatus-de-empresa-innovadora-de-cotec-2024\/#primaryimage\"},\"thumbnailUrl\":\"https:\/\/pro.costa-verde.com\/wp-content\/uploads\/2024\/10\/IMG_2632.jpg\",\"datePublished\":\"2024-10-04T14:02:12+00:00\",\"dateModified\":\"2024-10-04T14:04:16+00:00\",\"description\":\"Costa Verde ha visto recompensada su actividad en 2023 con la obtenci\u00f3n del estatus de Empresa Innovadora COTEC 2024. Sepa m\u00e1s!\",\"breadcrumb\":{\"@id\":\"https:\/\/pro.costa-verde.com\/es\/costa-verde-gana-el-estatus-de-empresa-innovadora-de-cotec-2024\/#breadcrumb\"},\"inLanguage\":\"es\",\"potentialAction\":[{\"@type\":\"ReadAction\",\"target\":[\"https:\/\/pro.costa-verde.com\/es\/costa-verde-gana-el-estatus-de-empresa-innovadora-de-cotec-2024\/\"]}]},{\"@type\":\"ImageObject\",\"inLanguage\":\"es\",\"@id\":\"https:\/\/pro.costa-verde.com\/es\/costa-verde-gana-el-estatus-de-empresa-innovadora-de-cotec-2024\/#primaryimage\",\"url\":\"https:\/\/pro.costa-verde.com\/wp-content\/uploads\/2024\/10\/IMG_2632.jpg\",\"contentUrl\":\"https:\/\/pro.costa-verde.com\/wp-content\/uploads\/2024\/10\/IMG_2632.jpg\",\"width\":1691,\"height\":1920},{\"@type\":\"BreadcrumbList\",\"@id\":\"https:\/\/pro.costa-verde.com\/es\/costa-verde-gana-el-estatus-de-empresa-innovadora-de-cotec-2024\/#breadcrumb\",\"itemListElement\":[{\"@type\":\"ListItem\",\"position\":1,\"name\":\"In\u00edcio\",\"item\":\"https:\/\/pro.costa-verde.com\/es\/\"},{\"@type\":\"ListItem\",\"position\":2,\"name\":\"Costa Verde gana el estatus de EMPRESA INNOVADORA de COTEC 2024\"}]},{\"@type\":\"WebSite\",\"@id\":\"https:\/\/pro.costa-verde.com\/#website\",\"url\":\"https:\/\/pro.costa-verde.com\/\",\"name\":\"Costa Verde\",\"description\":\"Loja Online\",\"potentialAction\":[{\"@type\":\"SearchAction\",\"target\":{\"@type\":\"EntryPoint\",\"urlTemplate\":\"https:\/\/pro.costa-verde.com\/?s={search_term_string}\"},\"query-input\":{\"@type\":\"PropertyValueSpecification\",\"valueRequired\":true,\"valueName\":\"search_term_string\"}}],\"inLanguage\":\"es\"}]}<\/script>\n<!-- \/ Yoast SEO plugin. -->","yoast_head_json":{"title":"Costa Verde gana el estatus de EMPRESA INNOVADORA de COTEC 2024 - Costa Verde","description":"Costa Verde ha visto recompensada su actividad en 2023 con la obtenci\u00f3n del estatus de Empresa Innovadora COTEC 2024. Sepa m\u00e1s!","robots":{"index":"index","follow":"follow","max-snippet":"max-snippet:-1","max-image-preview":"max-image-preview:large","max-video-preview":"max-video-preview:-1"},"canonical":"https:\/\/pro.costa-verde.com\/es\/costa-verde-gana-el-estatus-de-empresa-innovadora-de-cotec-2024\/","og_locale":"es_ES","og_type":"article","og_title":"Costa Verde gana el estatus de EMPRESA INNOVADORA de COTEC 2024 - Costa Verde","og_description":"Costa Verde ha visto recompensada su actividad en 2023 con la obtenci\u00f3n del estatus de Empresa Innovadora COTEC 2024. Sepa m\u00e1s!","og_url":"https:\/\/pro.costa-verde.com\/es\/costa-verde-gana-el-estatus-de-empresa-innovadora-de-cotec-2024\/","og_site_name":"Costa Verde","article_publisher":"https:\/\/www.facebook.com\/costaverdeporcelanas\/","article_modified_time":"2024-10-04T14:04:16+00:00","og_image":[{"width":1691,"height":1920,"url":"https:\/\/pro.costa-verde.com\/wp-content\/uploads\/2024\/10\/IMG_2632.jpg","type":"image\/jpeg"}],"twitter_card":"summary_large_image","twitter_misc":{"Tiempo de lectura":"1 minuto"},"schema":{"@context":"https:\/\/schema.org","@graph":[{"@type":"WebPage","@id":"https:\/\/pro.costa-verde.com\/es\/costa-verde-gana-el-estatus-de-empresa-innovadora-de-cotec-2024\/","url":"https:\/\/pro.costa-verde.com\/es\/costa-verde-gana-el-estatus-de-empresa-innovadora-de-cotec-2024\/","name":"Costa Verde gana el estatus de EMPRESA INNOVADORA de COTEC 2024 - Costa Verde","isPartOf":{"@id":"https:\/\/pro.costa-verde.com\/#website"},"primaryImageOfPage":{"@id":"https:\/\/pro.costa-verde.com\/es\/costa-verde-gana-el-estatus-de-empresa-innovadora-de-cotec-2024\/#primaryimage"},"image":{"@id":"https:\/\/pro.costa-verde.com\/es\/costa-verde-gana-el-estatus-de-empresa-innovadora-de-cotec-2024\/#primaryimage"},"thumbnailUrl":"https:\/\/pro.costa-verde.com\/wp-content\/uploads\/2024\/10\/IMG_2632.jpg","datePublished":"2024-10-04T14:02:12+00:00","dateModified":"2024-10-04T14:04:16+00:00","description":"Costa Verde ha visto recompensada su actividad en 2023 con la obtenci\u00f3n del estatus de Empresa Innovadora COTEC 2024. Sepa m\u00e1s!","breadcrumb":{"@id":"https:\/\/pro.costa-verde.com\/es\/costa-verde-gana-el-estatus-de-empresa-innovadora-de-cotec-2024\/#breadcrumb"},"inLanguage":"es","potentialAction":[{"@type":"ReadAction","target":["https:\/\/pro.costa-verde.com\/es\/costa-verde-gana-el-estatus-de-empresa-innovadora-de-cotec-2024\/"]}]},{"@type":"ImageObject","inLanguage":"es","@id":"https:\/\/pro.costa-verde.com\/es\/costa-verde-gana-el-estatus-de-empresa-innovadora-de-cotec-2024\/#primaryimage","url":"https:\/\/pro.costa-verde.com\/wp-content\/uploads\/2024\/10\/IMG_2632.jpg","contentUrl":"https:\/\/pro.costa-verde.com\/wp-content\/uploads\/2024\/10\/IMG_2632.jpg","width":1691,"height":1920},{"@type":"BreadcrumbList","@id":"https:\/\/pro.costa-verde.com\/es\/costa-verde-gana-el-estatus-de-empresa-innovadora-de-cotec-2024\/#breadcrumb","itemListElement":[{"@type":"ListItem","position":1,"name":"In\u00edcio","item":"https:\/\/pro.costa-verde.com\/es\/"},{"@type":"ListItem","position":2,"name":"Costa Verde gana el estatus de EMPRESA INNOVADORA de COTEC 2024"}]},{"@type":"WebSite","@id":"https:\/\/pro.costa-verde.com\/#website","url":"https:\/\/pro.costa-verde.com\/","name":"Costa Verde","description":"Loja Online","potentialAction":[{"@type":"SearchAction","target":{"@type":"EntryPoint","urlTemplate":"https:\/\/pro.costa-verde.com\/?s={search_term_string}"},"query-input":{"@type":"PropertyValueSpecification","valueRequired":true,"valueName":"search_term_string"}}],"inLanguage":"es"}]}},"_links":{"self":[{"href":"https:\/\/pro.costa-verde.com\/es\/wp-json\/wp\/v2\/pages\/60860","targetHints":{"allow":["GET"]}}],"collection":[{"href":"https:\/\/pro.costa-verde.com\/es\/wp-json\/wp\/v2\/pages"}],"about":[{"href":"https:\/\/pro.costa-verde.com\/es\/wp-json\/wp\/v2\/types\/page"}],"author":[{"embeddable":true,"href":"https:\/\/pro.costa-verde.com\/es\/wp-json\/wp\/v2\/users\/438"}],"replies":[{"embeddable":true,"href":"https:\/\/pro.costa-verde.com\/es\/wp-json\/wp\/v2\/comments?post=60860"}],"version-history":[{"count":7,"href":"https:\/\/pro.costa-verde.com\/es\/wp-json\/wp\/v2\/pages\/60860\/revisions"}],"predecessor-version":[{"id":60880,"href":"https:\/\/pro.costa-verde.com\/es\/wp-json\/wp\/v2\/pages\/60860\/revisions\/60880"}],"wp:featuredmedia":[{"embeddable":true,"href":"https:\/\/pro.costa-verde.com\/es\/wp-json\/wp\/v2\/media\/60864"}],"wp:attachment":[{"href":"https:\/\/pro.costa-verde.com\/es\/wp-json\/wp\/v2\/media?parent=60860"}],"curies":[{"name":"wp","href":"https:\/\/api.w.org\/{rel}","templated":true}]}}