{"id":60116,"date":"2024-08-28T14:49:48","date_gmt":"2024-08-28T13:49:48","guid":{"rendered":"https:\/\/pro.costa-verde.com\/?page_id=60116"},"modified":"2024-08-28T14:49:51","modified_gmt":"2024-08-28T13:49:51","slug":"chefe-do-ano-2024-x-costa-verde","status":"publish","type":"page","link":"https:\/\/pro.costa-verde.com\/es\/chefe-do-ano-2024-x-costa-verde\/","title":{"rendered":"Chefe do Ano 2024 x Costa Verde"},"content":{"rendered":"\t\t<div data-elementor-type=\"wp-page\" data-elementor-id=\"60116\" class=\"elementor elementor-60116 elementor-60114\" data-elementor-post-type=\"page\">\n\t\t\t\t\t\t<section class=\"elementor-section elementor-top-section elementor-element elementor-element-4e696d57 elementor-section-boxed elementor-section-height-default elementor-section-height-default\" data-id=\"4e696d57\" data-element_type=\"section\">\n\t\t\t\t\t\t<div class=\"elementor-container elementor-column-gap-default\">\n\t\t\t\t\t<div class=\"elementor-column elementor-col-100 elementor-top-column elementor-element elementor-element-7149df70\" data-id=\"7149df70\" data-element_type=\"column\">\n\t\t\t<div class=\"elementor-widget-wrap elementor-element-populated\">\n\t\t\t\t\t\t<div class=\"elementor-element elementor-element-3311861 elementor-widget elementor-widget-image\" data-id=\"3311861\" data-element_type=\"widget\" data-widget_type=\"image.default\">\n\t\t\t\t<div class=\"elementor-widget-container\">\n\t\t\t\t\t\t\t\t\t\t\t\t\t\t\t<img fetchpriority=\"high\" decoding=\"async\" width=\"1024\" height=\"684\" src=\"https:\/\/pro.costa-verde.com\/wp-content\/uploads\/2024\/08\/@joaobeijinho-13-of-70-1024x684.jpg\" class=\"attachment-large size-large wp-image-60105\" alt=\"\" srcset=\"https:\/\/pro.costa-verde.com\/wp-content\/uploads\/2024\/08\/@joaobeijinho-13-of-70-1024x684.jpg 1024w, https:\/\/pro.costa-verde.com\/wp-content\/uploads\/2024\/08\/@joaobeijinho-13-of-70-300x200.jpg 300w, https:\/\/pro.costa-verde.com\/wp-content\/uploads\/2024\/08\/@joaobeijinho-13-of-70-768x513.jpg 768w, https:\/\/pro.costa-verde.com\/wp-content\/uploads\/2024\/08\/@joaobeijinho-13-of-70-1536x1026.jpg 1536w, https:\/\/pro.costa-verde.com\/wp-content\/uploads\/2024\/08\/@joaobeijinho-13-of-70-600x401.jpg 600w, https:\/\/pro.costa-verde.com\/wp-content\/uploads\/2024\/08\/@joaobeijinho-13-of-70-120x80.jpg 120w, https:\/\/pro.costa-verde.com\/wp-content\/uploads\/2024\/08\/@joaobeijinho-13-of-70.jpg 1920w\" sizes=\"(max-width: 1024px) 100vw, 1024px\" \/>\t\t\t\t\t\t\t\t\t\t\t\t\t\t\t<\/div>\n\t\t\t\t<\/div>\n\t\t\t\t<div class=\"elementor-element elementor-element-7843fbcb elementor-widget elementor-widget-text-editor\" data-id=\"7843fbcb\" data-element_type=\"widget\" data-widget_type=\"text-editor.default\">\n\t\t\t\t<div class=\"elementor-widget-container\">\n\t\t\t\t\t\t\t\t\t<p style=\"text-align: justify;\">La <strong>35\u00aa edici\u00f3n del Chefe do Ano<\/strong>\u00a0 (Chef del A\u00f1o) volvi\u00f3 a desafiar a los chefs de cocina a competir y participar en un movimiento que pretende defender y preservar las ra\u00edces de la gastronom\u00eda tradicional portuguesa. Fue en el Centro Multiusos de Lamego donde <strong>Diogo Novais Pereira<\/strong> se convirti\u00f3 en el ganador de esta \u00faltima edici\u00f3n, uni\u00e9ndose as\u00ed a la gran familia de Chefs del A\u00f1o.<\/p><p style=\"text-align: justify;\">El 19 de marzo, los 18 finalistas tuvieron la oportunidad de visitar Costa Verde y conocer todo nuestro proceso industrial y visitar la sala de exposiciones. Puede ver este momento <a href=\"https:\/\/youtu.be\/SjpT2VIRQto?t=429\">aqu\u00ed<\/a>, en el primer episodio de la serie lanzada por <strong>Edi\u00e7\u00f5es do Gosto<\/strong>. Se trata de una serie de tres cap\u00edtulos que muestra el camino de los 18 concursantes hasta la final nacional de 2024. Muestra diferentes perspectivas: los que concursan, los que juzgan y los que organizan el concurso. <a href=\"https:\/\/casa-e-cozinha.pt\/\"><strong>Canal Casa e Cozinha<\/strong><\/a> es donde se estren\u00f3 la serie Chefe do Ano (Chef del A\u00f1o) 2024.<\/p><p style=\"text-align: justify;\">Esperamos con impaciencia la pr\u00f3xima edici\u00f3n, en 2025.<\/p><p style=\"text-align: justify;\">\u00a0<\/p>\t\t\t\t\t\t\t\t<\/div>\n\t\t\t\t<\/div>\n\t\t\t\t\t<\/div>\n\t\t<\/div>\n\t\t\t\t\t<\/div>\n\t\t<\/section>\n\t\t\t\t<\/div>\n\t\t","protected":false},"excerpt":{"rendered":"<p>La 35\u00aa edici\u00f3n del Chefe do Ano\u00a0 (Chef del A\u00f1o) volvi\u00f3 a desafiar a los chefs de cocina a competir y participar en un movimiento que pretende defender y preservar las ra\u00edces de la gastronom\u00eda tradicional portuguesa. Fue en el Centro Multiusos de Lamego donde Diogo Novais Pereira se convirti\u00f3 en el ganador de esta [&hellip;]<\/p>\n","protected":false},"author":438,"featured_media":60105,"parent":0,"menu_order":0,"comment_status":"open","ping_status":"closed","template":"","meta":{"footnotes":""},"class_list":["post-60116","page","type-page","status-publish","has-post-thumbnail","hentry"],"yoast_head":"<!-- This site is optimized with the Yoast SEO plugin v26.9 - https:\/\/yoast.com\/product\/yoast-seo-wordpress\/ -->\n<title>Chefe do Ano 2024 x Costa Verde - Costa Verde<\/title>\n<meta name=\"description\" content=\"El 19 de marzo, los finalistas tuvieron la oportunidad de visitar Costa Verde y conocer todo nuestro proceso industrial. Puede ver este momento aqu\u00ed!\" \/>\n<meta name=\"robots\" content=\"index, follow, max-snippet:-1, max-image-preview:large, max-video-preview:-1\" \/>\n<link rel=\"canonical\" href=\"https:\/\/pro.costa-verde.com\/chefe-do-ano-2024-x-costa-verde\/\" \/>\n<meta property=\"og:locale\" content=\"es_ES\" \/>\n<meta property=\"og:type\" content=\"article\" \/>\n<meta property=\"og:title\" content=\"Chefe do Ano 2024 x Costa Verde - Costa Verde\" \/>\n<meta property=\"og:description\" content=\"El 19 de marzo, los finalistas tuvieron la oportunidad de visitar Costa Verde y conocer todo nuestro proceso industrial. Puede ver este momento aqu\u00ed!\" \/>\n<meta property=\"og:url\" content=\"https:\/\/pro.costa-verde.com\/chefe-do-ano-2024-x-costa-verde\/\" \/>\n<meta property=\"og:site_name\" content=\"Costa Verde\" \/>\n<meta property=\"article:publisher\" content=\"https:\/\/www.facebook.com\/costaverdeporcelanas\/\" \/>\n<meta property=\"article:modified_time\" content=\"2024-08-28T13:49:51+00:00\" \/>\n<meta property=\"og:image\" content=\"https:\/\/pro.costa-verde.com\/wp-content\/uploads\/2024\/08\/@joaobeijinho-13-of-70.jpg\" \/>\n\t<meta property=\"og:image:width\" content=\"1920\" \/>\n\t<meta property=\"og:image:height\" content=\"1282\" \/>\n\t<meta property=\"og:image:type\" content=\"image\/jpeg\" \/>\n<meta name=\"twitter:card\" content=\"summary_large_image\" \/>\n<meta name=\"twitter:label1\" content=\"Tiempo de lectura\" \/>\n\t<meta name=\"twitter:data1\" content=\"1 minuto\" \/>\n<script type=\"application\/ld+json\" class=\"yoast-schema-graph\">{\"@context\":\"https:\/\/schema.org\",\"@graph\":[{\"@type\":\"WebPage\",\"@id\":\"https:\/\/pro.costa-verde.com\/chefe-do-ano-2024-x-costa-verde\/\",\"url\":\"https:\/\/pro.costa-verde.com\/chefe-do-ano-2024-x-costa-verde\/\",\"name\":\"Chefe do Ano 2024 x Costa Verde - Costa Verde\",\"isPartOf\":{\"@id\":\"https:\/\/pro.costa-verde.com\/#website\"},\"primaryImageOfPage\":{\"@id\":\"https:\/\/pro.costa-verde.com\/chefe-do-ano-2024-x-costa-verde\/#primaryimage\"},\"image\":{\"@id\":\"https:\/\/pro.costa-verde.com\/chefe-do-ano-2024-x-costa-verde\/#primaryimage\"},\"thumbnailUrl\":\"https:\/\/pro.costa-verde.com\/wp-content\/uploads\/2024\/08\/@joaobeijinho-13-of-70.jpg\",\"datePublished\":\"2024-08-28T13:49:48+00:00\",\"dateModified\":\"2024-08-28T13:49:51+00:00\",\"description\":\"El 19 de marzo, los finalistas tuvieron la oportunidad de visitar Costa Verde y conocer todo nuestro proceso industrial. Puede ver este momento aqu\u00ed!\",\"breadcrumb\":{\"@id\":\"https:\/\/pro.costa-verde.com\/chefe-do-ano-2024-x-costa-verde\/#breadcrumb\"},\"inLanguage\":\"es\",\"potentialAction\":[{\"@type\":\"ReadAction\",\"target\":[\"https:\/\/pro.costa-verde.com\/chefe-do-ano-2024-x-costa-verde\/\"]}]},{\"@type\":\"ImageObject\",\"inLanguage\":\"es\",\"@id\":\"https:\/\/pro.costa-verde.com\/chefe-do-ano-2024-x-costa-verde\/#primaryimage\",\"url\":\"https:\/\/pro.costa-verde.com\/wp-content\/uploads\/2024\/08\/@joaobeijinho-13-of-70.jpg\",\"contentUrl\":\"https:\/\/pro.costa-verde.com\/wp-content\/uploads\/2024\/08\/@joaobeijinho-13-of-70.jpg\",\"width\":1920,\"height\":1282},{\"@type\":\"BreadcrumbList\",\"@id\":\"https:\/\/pro.costa-verde.com\/chefe-do-ano-2024-x-costa-verde\/#breadcrumb\",\"itemListElement\":[{\"@type\":\"ListItem\",\"position\":1,\"name\":\"In\u00edcio\",\"item\":\"https:\/\/pro.costa-verde.com\/es\/\"},{\"@type\":\"ListItem\",\"position\":2,\"name\":\"Chefe do Ano 2024 x Costa Verde\"}]},{\"@type\":\"WebSite\",\"@id\":\"https:\/\/pro.costa-verde.com\/#website\",\"url\":\"https:\/\/pro.costa-verde.com\/\",\"name\":\"Costa Verde\",\"description\":\"Loja Online\",\"potentialAction\":[{\"@type\":\"SearchAction\",\"target\":{\"@type\":\"EntryPoint\",\"urlTemplate\":\"https:\/\/pro.costa-verde.com\/?s={search_term_string}\"},\"query-input\":{\"@type\":\"PropertyValueSpecification\",\"valueRequired\":true,\"valueName\":\"search_term_string\"}}],\"inLanguage\":\"es\"}]}<\/script>\n<!-- \/ Yoast SEO plugin. -->","yoast_head_json":{"title":"Chefe do Ano 2024 x Costa Verde - Costa Verde","description":"El 19 de marzo, los finalistas tuvieron la oportunidad de visitar Costa Verde y conocer todo nuestro proceso industrial. Puede ver este momento aqu\u00ed!","robots":{"index":"index","follow":"follow","max-snippet":"max-snippet:-1","max-image-preview":"max-image-preview:large","max-video-preview":"max-video-preview:-1"},"canonical":"https:\/\/pro.costa-verde.com\/chefe-do-ano-2024-x-costa-verde\/","og_locale":"es_ES","og_type":"article","og_title":"Chefe do Ano 2024 x Costa Verde - Costa Verde","og_description":"El 19 de marzo, los finalistas tuvieron la oportunidad de visitar Costa Verde y conocer todo nuestro proceso industrial. Puede ver este momento aqu\u00ed!","og_url":"https:\/\/pro.costa-verde.com\/chefe-do-ano-2024-x-costa-verde\/","og_site_name":"Costa Verde","article_publisher":"https:\/\/www.facebook.com\/costaverdeporcelanas\/","article_modified_time":"2024-08-28T13:49:51+00:00","og_image":[{"width":1920,"height":1282,"url":"https:\/\/pro.costa-verde.com\/wp-content\/uploads\/2024\/08\/@joaobeijinho-13-of-70.jpg","type":"image\/jpeg"}],"twitter_card":"summary_large_image","twitter_misc":{"Tiempo de lectura":"1 minuto"},"schema":{"@context":"https:\/\/schema.org","@graph":[{"@type":"WebPage","@id":"https:\/\/pro.costa-verde.com\/chefe-do-ano-2024-x-costa-verde\/","url":"https:\/\/pro.costa-verde.com\/chefe-do-ano-2024-x-costa-verde\/","name":"Chefe do Ano 2024 x Costa Verde - Costa Verde","isPartOf":{"@id":"https:\/\/pro.costa-verde.com\/#website"},"primaryImageOfPage":{"@id":"https:\/\/pro.costa-verde.com\/chefe-do-ano-2024-x-costa-verde\/#primaryimage"},"image":{"@id":"https:\/\/pro.costa-verde.com\/chefe-do-ano-2024-x-costa-verde\/#primaryimage"},"thumbnailUrl":"https:\/\/pro.costa-verde.com\/wp-content\/uploads\/2024\/08\/@joaobeijinho-13-of-70.jpg","datePublished":"2024-08-28T13:49:48+00:00","dateModified":"2024-08-28T13:49:51+00:00","description":"El 19 de marzo, los finalistas tuvieron la oportunidad de visitar Costa Verde y conocer todo nuestro proceso industrial. Puede ver este momento aqu\u00ed!","breadcrumb":{"@id":"https:\/\/pro.costa-verde.com\/chefe-do-ano-2024-x-costa-verde\/#breadcrumb"},"inLanguage":"es","potentialAction":[{"@type":"ReadAction","target":["https:\/\/pro.costa-verde.com\/chefe-do-ano-2024-x-costa-verde\/"]}]},{"@type":"ImageObject","inLanguage":"es","@id":"https:\/\/pro.costa-verde.com\/chefe-do-ano-2024-x-costa-verde\/#primaryimage","url":"https:\/\/pro.costa-verde.com\/wp-content\/uploads\/2024\/08\/@joaobeijinho-13-of-70.jpg","contentUrl":"https:\/\/pro.costa-verde.com\/wp-content\/uploads\/2024\/08\/@joaobeijinho-13-of-70.jpg","width":1920,"height":1282},{"@type":"BreadcrumbList","@id":"https:\/\/pro.costa-verde.com\/chefe-do-ano-2024-x-costa-verde\/#breadcrumb","itemListElement":[{"@type":"ListItem","position":1,"name":"In\u00edcio","item":"https:\/\/pro.costa-verde.com\/es\/"},{"@type":"ListItem","position":2,"name":"Chefe do Ano 2024 x Costa Verde"}]},{"@type":"WebSite","@id":"https:\/\/pro.costa-verde.com\/#website","url":"https:\/\/pro.costa-verde.com\/","name":"Costa Verde","description":"Loja Online","potentialAction":[{"@type":"SearchAction","target":{"@type":"EntryPoint","urlTemplate":"https:\/\/pro.costa-verde.com\/?s={search_term_string}"},"query-input":{"@type":"PropertyValueSpecification","valueRequired":true,"valueName":"search_term_string"}}],"inLanguage":"es"}]}},"_links":{"self":[{"href":"https:\/\/pro.costa-verde.com\/es\/wp-json\/wp\/v2\/pages\/60116","targetHints":{"allow":["GET"]}}],"collection":[{"href":"https:\/\/pro.costa-verde.com\/es\/wp-json\/wp\/v2\/pages"}],"about":[{"href":"https:\/\/pro.costa-verde.com\/es\/wp-json\/wp\/v2\/types\/page"}],"author":[{"embeddable":true,"href":"https:\/\/pro.costa-verde.com\/es\/wp-json\/wp\/v2\/users\/438"}],"replies":[{"embeddable":true,"href":"https:\/\/pro.costa-verde.com\/es\/wp-json\/wp\/v2\/comments?post=60116"}],"version-history":[{"count":10,"href":"https:\/\/pro.costa-verde.com\/es\/wp-json\/wp\/v2\/pages\/60116\/revisions"}],"predecessor-version":[{"id":60167,"href":"https:\/\/pro.costa-verde.com\/es\/wp-json\/wp\/v2\/pages\/60116\/revisions\/60167"}],"wp:featuredmedia":[{"embeddable":true,"href":"https:\/\/pro.costa-verde.com\/es\/wp-json\/wp\/v2\/media\/60105"}],"wp:attachment":[{"href":"https:\/\/pro.costa-verde.com\/es\/wp-json\/wp\/v2\/media?parent=60116"}],"curies":[{"name":"wp","href":"https:\/\/api.w.org\/{rel}","templated":true}]}}