{"id":60113,"date":"2024-08-28T14:43:23","date_gmt":"2024-08-28T13:43:23","guid":{"rendered":"https:\/\/pro.costa-verde.com\/?page_id=60113"},"modified":"2024-08-28T14:49:56","modified_gmt":"2024-08-28T13:49:56","slug":"costa-verde-y-moods-destacados-en-economico-pro","status":"publish","type":"page","link":"https:\/\/pro.costa-verde.com\/es\/costa-verde-y-moods-destacados-en-economico-pro\/","title":{"rendered":"Costa Verde y Moods destacados en Economico Pro"},"content":{"rendered":"\t\t<div data-elementor-type=\"wp-page\" data-elementor-id=\"60113\" class=\"elementor elementor-60113 elementor-60111\" data-elementor-post-type=\"page\">\n\t\t\t\t\t\t<section class=\"elementor-section elementor-top-section elementor-element elementor-element-4e696d57 elementor-section-boxed elementor-section-height-default elementor-section-height-default\" data-id=\"4e696d57\" data-element_type=\"section\">\n\t\t\t\t\t\t<div class=\"elementor-container elementor-column-gap-default\">\n\t\t\t\t\t<div class=\"elementor-column elementor-col-100 elementor-top-column elementor-element elementor-element-7149df70\" data-id=\"7149df70\" data-element_type=\"column\">\n\t\t\t<div class=\"elementor-widget-wrap elementor-element-populated\">\n\t\t\t\t\t\t<div class=\"elementor-element elementor-element-3311861 elementor-widget elementor-widget-image\" data-id=\"3311861\" data-element_type=\"widget\" data-widget_type=\"image.default\">\n\t\t\t\t<div class=\"elementor-widget-container\">\n\t\t\t\t\t\t\t\t\t\t\t\t\t\t\t<img fetchpriority=\"high\" decoding=\"async\" width=\"804\" height=\"432\" src=\"https:\/\/pro.costa-verde.com\/wp-content\/uploads\/2024\/08\/economico-pro.jpg\" class=\"attachment-large size-large wp-image-60101\" alt=\"\" srcset=\"https:\/\/pro.costa-verde.com\/wp-content\/uploads\/2024\/08\/economico-pro.jpg 804w, https:\/\/pro.costa-verde.com\/wp-content\/uploads\/2024\/08\/economico-pro-300x161.jpg 300w, https:\/\/pro.costa-verde.com\/wp-content\/uploads\/2024\/08\/economico-pro-768x413.jpg 768w, https:\/\/pro.costa-verde.com\/wp-content\/uploads\/2024\/08\/economico-pro-600x322.jpg 600w, https:\/\/pro.costa-verde.com\/wp-content\/uploads\/2024\/08\/economico-pro-120x64.jpg 120w\" sizes=\"(max-width: 804px) 100vw, 804px\" \/>\t\t\t\t\t\t\t\t\t\t\t\t\t\t\t<\/div>\n\t\t\t\t<\/div>\n\t\t\t\t<div class=\"elementor-element elementor-element-7843fbcb elementor-widget elementor-widget-text-editor\" data-id=\"7843fbcb\" data-element_type=\"widget\" data-widget_type=\"text-editor.default\">\n\t\t\t\t<div class=\"elementor-widget-container\">\n\t\t\t\t\t\t\t\t\t<p style=\"text-align: justify;\"><strong>Costa Verde<\/strong> y su innovador y disruptivo concepto de porcelana, <strong>Moods<\/strong>, se destac\u00f3 en la \u00faltima edici\u00f3n del bolet\u00edn <strong>Economico Pro<\/strong>. <strong>Economico Pro<\/strong> es una plataforma de noticias basada en la Global Cleantech Cluster Association (GCCA), una red de clusters de empresas sostenibles en todos los continentes, fundada en 2010, que, en colaboraci\u00f3n con AICEP Portugal Global, pone a disposici\u00f3n \u00abOpportunity Portugal\u00bb. Esta iniciativa se refiere al ecosistema empresarial en todo el mundo.<\/p><p style=\"text-align: justify;\">\u00a1Gracias Economico Pro por hacernos llegar m\u00e1s lejos!<\/p><p style=\"text-align: justify;\">Acceda al art\u00edculo <a href=\"https:\/\/economico.pro\/news\/detail\/news\/costa-verde-erweitert-sein-angebot-von-hartporzellan-fuer-gastronomie\/\">aqu\u00ed<\/a>!<\/p>\t\t\t\t\t\t\t\t<\/div>\n\t\t\t\t<\/div>\n\t\t\t\t\t<\/div>\n\t\t<\/div>\n\t\t\t\t\t<\/div>\n\t\t<\/section>\n\t\t\t\t<\/div>\n\t\t","protected":false},"excerpt":{"rendered":"<p>Costa Verde y su innovador y disruptivo concepto de porcelana, Moods, se destac\u00f3 en la \u00faltima edici\u00f3n del bolet\u00edn Economico Pro. Economico Pro es una plataforma de noticias basada en la Global Cleantech Cluster Association (GCCA), una red de clusters de empresas sostenibles en todos los continentes, fundada en 2010, que, en colaboraci\u00f3n con AICEP [&hellip;]<\/p>\n","protected":false},"author":438,"featured_media":60101,"parent":0,"menu_order":0,"comment_status":"open","ping_status":"closed","template":"","meta":{"footnotes":""},"class_list":["post-60113","page","type-page","status-publish","has-post-thumbnail","hentry"],"yoast_head":"<!-- This site is optimized with the Yoast SEO plugin v26.9 - https:\/\/yoast.com\/product\/yoast-seo-wordpress\/ -->\n<title>Costa Verde y Moods destacados en Economico Pro<\/title>\n<meta name=\"description\" content=\"Costa Verde y su innovador y disruptivo concepto de porcelana, Moods, se destac\u00f3 en la \u00faltima edici\u00f3n del bolet\u00edn Economico Pro.\" \/>\n<meta name=\"robots\" content=\"index, follow, max-snippet:-1, max-image-preview:large, max-video-preview:-1\" \/>\n<link rel=\"canonical\" href=\"https:\/\/pro.costa-verde.com\/costa-verde-e-moods-em-destaque-na-economico-pro\/\" \/>\n<meta property=\"og:locale\" content=\"es_ES\" \/>\n<meta property=\"og:type\" content=\"article\" \/>\n<meta property=\"og:title\" content=\"Costa Verde y Moods destacados en Economico Pro\" \/>\n<meta property=\"og:description\" content=\"Costa Verde y su innovador y disruptivo concepto de porcelana, Moods, se destac\u00f3 en la \u00faltima edici\u00f3n del bolet\u00edn Economico Pro.\" \/>\n<meta property=\"og:url\" content=\"https:\/\/pro.costa-verde.com\/costa-verde-e-moods-em-destaque-na-economico-pro\/\" \/>\n<meta property=\"og:site_name\" content=\"Costa Verde\" \/>\n<meta property=\"article:publisher\" content=\"https:\/\/www.facebook.com\/costaverdeporcelanas\/\" \/>\n<meta property=\"article:modified_time\" content=\"2024-08-28T13:49:56+00:00\" \/>\n<meta property=\"og:image\" content=\"https:\/\/pro.costa-verde.com\/wp-content\/uploads\/2024\/08\/economico-pro.jpg\" \/>\n\t<meta property=\"og:image:width\" content=\"804\" \/>\n\t<meta property=\"og:image:height\" content=\"432\" \/>\n\t<meta property=\"og:image:type\" content=\"image\/jpeg\" \/>\n<meta name=\"twitter:card\" content=\"summary_large_image\" \/>\n<meta name=\"twitter:label1\" content=\"Tiempo de lectura\" \/>\n\t<meta name=\"twitter:data1\" content=\"1 minuto\" \/>\n<script type=\"application\/ld+json\" class=\"yoast-schema-graph\">{\"@context\":\"https:\/\/schema.org\",\"@graph\":[{\"@type\":\"WebPage\",\"@id\":\"https:\/\/pro.costa-verde.com\/costa-verde-e-moods-em-destaque-na-economico-pro\/\",\"url\":\"https:\/\/pro.costa-verde.com\/costa-verde-e-moods-em-destaque-na-economico-pro\/\",\"name\":\"Costa Verde y Moods destacados en Economico Pro\",\"isPartOf\":{\"@id\":\"https:\/\/pro.costa-verde.com\/#website\"},\"primaryImageOfPage\":{\"@id\":\"https:\/\/pro.costa-verde.com\/costa-verde-e-moods-em-destaque-na-economico-pro\/#primaryimage\"},\"image\":{\"@id\":\"https:\/\/pro.costa-verde.com\/costa-verde-e-moods-em-destaque-na-economico-pro\/#primaryimage\"},\"thumbnailUrl\":\"https:\/\/pro.costa-verde.com\/wp-content\/uploads\/2024\/08\/economico-pro.jpg\",\"datePublished\":\"2024-08-28T13:43:23+00:00\",\"dateModified\":\"2024-08-28T13:49:56+00:00\",\"description\":\"Costa Verde y su innovador y disruptivo concepto de porcelana, Moods, se destac\u00f3 en la \u00faltima edici\u00f3n del bolet\u00edn Economico Pro.\",\"breadcrumb\":{\"@id\":\"https:\/\/pro.costa-verde.com\/costa-verde-e-moods-em-destaque-na-economico-pro\/#breadcrumb\"},\"inLanguage\":\"es\",\"potentialAction\":[{\"@type\":\"ReadAction\",\"target\":[\"https:\/\/pro.costa-verde.com\/costa-verde-e-moods-em-destaque-na-economico-pro\/\"]}]},{\"@type\":\"ImageObject\",\"inLanguage\":\"es\",\"@id\":\"https:\/\/pro.costa-verde.com\/costa-verde-e-moods-em-destaque-na-economico-pro\/#primaryimage\",\"url\":\"https:\/\/pro.costa-verde.com\/wp-content\/uploads\/2024\/08\/economico-pro.jpg\",\"contentUrl\":\"https:\/\/pro.costa-verde.com\/wp-content\/uploads\/2024\/08\/economico-pro.jpg\",\"width\":804,\"height\":432},{\"@type\":\"BreadcrumbList\",\"@id\":\"https:\/\/pro.costa-verde.com\/costa-verde-e-moods-em-destaque-na-economico-pro\/#breadcrumb\",\"itemListElement\":[{\"@type\":\"ListItem\",\"position\":1,\"name\":\"In\u00edcio\",\"item\":\"https:\/\/pro.costa-verde.com\/es\/\"},{\"@type\":\"ListItem\",\"position\":2,\"name\":\"Costa Verde y Moods destacados en Economico Pro\"}]},{\"@type\":\"WebSite\",\"@id\":\"https:\/\/pro.costa-verde.com\/#website\",\"url\":\"https:\/\/pro.costa-verde.com\/\",\"name\":\"Costa Verde\",\"description\":\"Loja Online\",\"potentialAction\":[{\"@type\":\"SearchAction\",\"target\":{\"@type\":\"EntryPoint\",\"urlTemplate\":\"https:\/\/pro.costa-verde.com\/?s={search_term_string}\"},\"query-input\":{\"@type\":\"PropertyValueSpecification\",\"valueRequired\":true,\"valueName\":\"search_term_string\"}}],\"inLanguage\":\"es\"}]}<\/script>\n<!-- \/ Yoast SEO plugin. -->","yoast_head_json":{"title":"Costa Verde y Moods destacados en Economico Pro","description":"Costa Verde y su innovador y disruptivo concepto de porcelana, Moods, se destac\u00f3 en la \u00faltima edici\u00f3n del bolet\u00edn Economico Pro.","robots":{"index":"index","follow":"follow","max-snippet":"max-snippet:-1","max-image-preview":"max-image-preview:large","max-video-preview":"max-video-preview:-1"},"canonical":"https:\/\/pro.costa-verde.com\/costa-verde-e-moods-em-destaque-na-economico-pro\/","og_locale":"es_ES","og_type":"article","og_title":"Costa Verde y Moods destacados en Economico Pro","og_description":"Costa Verde y su innovador y disruptivo concepto de porcelana, Moods, se destac\u00f3 en la \u00faltima edici\u00f3n del bolet\u00edn Economico Pro.","og_url":"https:\/\/pro.costa-verde.com\/costa-verde-e-moods-em-destaque-na-economico-pro\/","og_site_name":"Costa Verde","article_publisher":"https:\/\/www.facebook.com\/costaverdeporcelanas\/","article_modified_time":"2024-08-28T13:49:56+00:00","og_image":[{"width":804,"height":432,"url":"https:\/\/pro.costa-verde.com\/wp-content\/uploads\/2024\/08\/economico-pro.jpg","type":"image\/jpeg"}],"twitter_card":"summary_large_image","twitter_misc":{"Tiempo de lectura":"1 minuto"},"schema":{"@context":"https:\/\/schema.org","@graph":[{"@type":"WebPage","@id":"https:\/\/pro.costa-verde.com\/costa-verde-e-moods-em-destaque-na-economico-pro\/","url":"https:\/\/pro.costa-verde.com\/costa-verde-e-moods-em-destaque-na-economico-pro\/","name":"Costa Verde y Moods destacados en Economico Pro","isPartOf":{"@id":"https:\/\/pro.costa-verde.com\/#website"},"primaryImageOfPage":{"@id":"https:\/\/pro.costa-verde.com\/costa-verde-e-moods-em-destaque-na-economico-pro\/#primaryimage"},"image":{"@id":"https:\/\/pro.costa-verde.com\/costa-verde-e-moods-em-destaque-na-economico-pro\/#primaryimage"},"thumbnailUrl":"https:\/\/pro.costa-verde.com\/wp-content\/uploads\/2024\/08\/economico-pro.jpg","datePublished":"2024-08-28T13:43:23+00:00","dateModified":"2024-08-28T13:49:56+00:00","description":"Costa Verde y su innovador y disruptivo concepto de porcelana, Moods, se destac\u00f3 en la \u00faltima edici\u00f3n del bolet\u00edn Economico Pro.","breadcrumb":{"@id":"https:\/\/pro.costa-verde.com\/costa-verde-e-moods-em-destaque-na-economico-pro\/#breadcrumb"},"inLanguage":"es","potentialAction":[{"@type":"ReadAction","target":["https:\/\/pro.costa-verde.com\/costa-verde-e-moods-em-destaque-na-economico-pro\/"]}]},{"@type":"ImageObject","inLanguage":"es","@id":"https:\/\/pro.costa-verde.com\/costa-verde-e-moods-em-destaque-na-economico-pro\/#primaryimage","url":"https:\/\/pro.costa-verde.com\/wp-content\/uploads\/2024\/08\/economico-pro.jpg","contentUrl":"https:\/\/pro.costa-verde.com\/wp-content\/uploads\/2024\/08\/economico-pro.jpg","width":804,"height":432},{"@type":"BreadcrumbList","@id":"https:\/\/pro.costa-verde.com\/costa-verde-e-moods-em-destaque-na-economico-pro\/#breadcrumb","itemListElement":[{"@type":"ListItem","position":1,"name":"In\u00edcio","item":"https:\/\/pro.costa-verde.com\/es\/"},{"@type":"ListItem","position":2,"name":"Costa Verde y Moods destacados en Economico Pro"}]},{"@type":"WebSite","@id":"https:\/\/pro.costa-verde.com\/#website","url":"https:\/\/pro.costa-verde.com\/","name":"Costa Verde","description":"Loja Online","potentialAction":[{"@type":"SearchAction","target":{"@type":"EntryPoint","urlTemplate":"https:\/\/pro.costa-verde.com\/?s={search_term_string}"},"query-input":{"@type":"PropertyValueSpecification","valueRequired":true,"valueName":"search_term_string"}}],"inLanguage":"es"}]}},"_links":{"self":[{"href":"https:\/\/pro.costa-verde.com\/es\/wp-json\/wp\/v2\/pages\/60113","targetHints":{"allow":["GET"]}}],"collection":[{"href":"https:\/\/pro.costa-verde.com\/es\/wp-json\/wp\/v2\/pages"}],"about":[{"href":"https:\/\/pro.costa-verde.com\/es\/wp-json\/wp\/v2\/types\/page"}],"author":[{"embeddable":true,"href":"https:\/\/pro.costa-verde.com\/es\/wp-json\/wp\/v2\/users\/438"}],"replies":[{"embeddable":true,"href":"https:\/\/pro.costa-verde.com\/es\/wp-json\/wp\/v2\/comments?post=60113"}],"version-history":[{"count":13,"href":"https:\/\/pro.costa-verde.com\/es\/wp-json\/wp\/v2\/pages\/60113\/revisions"}],"predecessor-version":[{"id":60170,"href":"https:\/\/pro.costa-verde.com\/es\/wp-json\/wp\/v2\/pages\/60113\/revisions\/60170"}],"wp:featuredmedia":[{"embeddable":true,"href":"https:\/\/pro.costa-verde.com\/es\/wp-json\/wp\/v2\/media\/60101"}],"wp:attachment":[{"href":"https:\/\/pro.costa-verde.com\/es\/wp-json\/wp\/v2\/media?parent=60113"}],"curies":[{"name":"wp","href":"https:\/\/api.w.org\/{rel}","templated":true}]}}