{"id":59934,"date":"2024-07-26T12:36:44","date_gmt":"2024-07-26T11:36:44","guid":{"rendered":"https:\/\/pro.costa-verde.com\/?page_id=59934"},"modified":"2024-07-30T16:01:19","modified_gmt":"2024-07-30T15:01:19","slug":"costa-verde-revalida-sus-certificaciones-de-salud-y-seguridad-medio-ambiente-y-energia","status":"publish","type":"page","link":"https:\/\/pro.costa-verde.com\/es\/costa-verde-revalida-sus-certificaciones-de-salud-y-seguridad-medio-ambiente-y-energia\/","title":{"rendered":"Costa Verde revalida sus certificaciones de Salud y Seguridad, Medio Ambiente y Energ\u00eda"},"content":{"rendered":"\t\t<div data-elementor-type=\"wp-page\" data-elementor-id=\"59934\" class=\"elementor elementor-59934 elementor-59932\" data-elementor-post-type=\"page\">\n\t\t\t\t\t\t<section class=\"elementor-section elementor-top-section elementor-element elementor-element-4e696d57 elementor-section-boxed elementor-section-height-default elementor-section-height-default\" data-id=\"4e696d57\" data-element_type=\"section\">\n\t\t\t\t\t\t<div class=\"elementor-container elementor-column-gap-default\">\n\t\t\t\t\t<div class=\"elementor-column elementor-col-100 elementor-top-column elementor-element elementor-element-7149df70\" data-id=\"7149df70\" data-element_type=\"column\">\n\t\t\t<div class=\"elementor-widget-wrap elementor-element-populated\">\n\t\t\t\t\t\t<div class=\"elementor-element elementor-element-3311861 elementor-widget elementor-widget-image\" data-id=\"3311861\" data-element_type=\"widget\" data-widget_type=\"image.default\">\n\t\t\t\t<div class=\"elementor-widget-container\">\n\t\t\t\t\t\t\t\t\t\t\t\t\t\t\t<img fetchpriority=\"high\" decoding=\"async\" width=\"1024\" height=\"768\" src=\"https:\/\/pro.costa-verde.com\/wp-content\/uploads\/2021\/11\/FOTO-HR-2-1024x768.jpg\" class=\"attachment-large size-large wp-image-38679\" alt=\"Paineis\" srcset=\"https:\/\/pro.costa-verde.com\/wp-content\/uploads\/2021\/11\/FOTO-HR-2-1024x768.jpg 1024w, https:\/\/pro.costa-verde.com\/wp-content\/uploads\/2021\/11\/FOTO-HR-2-300x225.jpg 300w, https:\/\/pro.costa-verde.com\/wp-content\/uploads\/2021\/11\/FOTO-HR-2-768x576.jpg 768w, https:\/\/pro.costa-verde.com\/wp-content\/uploads\/2021\/11\/FOTO-HR-2-1536x1152.jpg 1536w, https:\/\/pro.costa-verde.com\/wp-content\/uploads\/2021\/11\/FOTO-HR-2-2048x1536.jpg 2048w, https:\/\/pro.costa-verde.com\/wp-content\/uploads\/2021\/11\/FOTO-HR-2-600x450.jpg 600w, https:\/\/pro.costa-verde.com\/wp-content\/uploads\/2021\/11\/FOTO-HR-2-120x90.jpg 120w\" sizes=\"(max-width: 1024px) 100vw, 1024px\" \/>\t\t\t\t\t\t\t\t\t\t\t\t\t\t\t<\/div>\n\t\t\t\t<\/div>\n\t\t\t\t<div class=\"elementor-element elementor-element-7843fbcb elementor-widget elementor-widget-text-editor\" data-id=\"7843fbcb\" data-element_type=\"widget\" data-widget_type=\"text-editor.default\">\n\t\t\t\t<div class=\"elementor-widget-container\">\n\t\t\t\t\t\t\t\t\t<p>Costa Verde ha revalidado sus certificados ISO 45001, ISO 14001 e ISO 50001. Tras una exhaustiva y exigente auditor\u00eda realizada por SGS, organismo de certificaci\u00f3n independiente y reconocido al nivel mundial, las pr\u00e1cticas de Costa Verde han merecido y garantizado el mantenimiento de las certificaciones de los sistemas de Seguridad y Salud y Medio Ambiente y Energ\u00eda. Esto s\u00f3lo ha sido posible gracias a la gran implicaci\u00f3n de todo el equipo.<\/p><p>Estas revalidaciones refuerzan nuestro compromiso con la preservaci\u00f3n del medio ambiente y con el desarrollo sostenible y justo, en l\u00ednea con los 17 Objetivos de Desarrollo Sostenible de la Agenda 2030, definidos por la Organizaci\u00f3n de las Naciones Unidas. Mantener nuestras certificaciones en estas normas da a Costa Verde una ventaja competitiva m\u00e1s en el mercado, anim\u00e1ndonos a buscar cada vez m\u00e1s la mejora y maduraci\u00f3n de nuestros procesos.<\/p><p style=\"text-align: justify;\">Costa Verde tiene su sistema de gesti\u00f3n certificado desde 2003 en el \u00e1rea de Medio Ambiente, des del 2006 en el \u00e1rea de Salud y Seguridad y des del 2015 en el \u00e1rea de Energ\u00eda.<\/p><p style=\"text-align: justify;\">Descubra m\u00e1s <a href=\"https:\/\/pro.costa-verde.com\/es\/sostenibilidad\/?_gl=1*1foukwm*_ga*MTk4MDMyMTYwNC4xNzIxOTkzNzU2*_up*MQ..\">aqu\u00ed<\/a>!<\/p><p style=\"text-align: justify;\">\u00a0<\/p>\t\t\t\t\t\t\t\t<\/div>\n\t\t\t\t<\/div>\n\t\t\t\t\t<\/div>\n\t\t<\/div>\n\t\t\t\t\t<\/div>\n\t\t<\/section>\n\t\t\t\t<\/div>\n\t\t","protected":false},"excerpt":{"rendered":"<p>Costa Verde ha revalidado sus certificados ISO 45001, ISO 14001 e ISO 50001. Tras una exhaustiva y exigente auditor\u00eda realizada por SGS, organismo de certificaci\u00f3n independiente y reconocido al nivel mundial, las pr\u00e1cticas de Costa Verde han merecido y garantizado el mantenimiento de las certificaciones de los sistemas de Seguridad y Salud y Medio Ambiente [&hellip;]<\/p>\n","protected":false},"author":438,"featured_media":17523,"parent":0,"menu_order":0,"comment_status":"open","ping_status":"closed","template":"","meta":{"footnotes":""},"class_list":["post-59934","page","type-page","status-publish","has-post-thumbnail","hentry"],"yoast_head":"<!-- This site is optimized with the Yoast SEO plugin v26.9 - https:\/\/yoast.com\/product\/yoast-seo-wordpress\/ -->\n<title>Costa Verde revalida sus certificaciones - Costa Verde<\/title>\n<meta name=\"description\" content=\"Costa Verde revalida sus certificaciones de Salud y Seguridad, Medio Ambiente y Energ\u00eda. Sepa m\u00e1s!\" \/>\n<meta name=\"robots\" content=\"index, follow, max-snippet:-1, max-image-preview:large, max-video-preview:-1\" \/>\n<link rel=\"canonical\" href=\"https:\/\/pro.costa-verde.com\/costa-verde-revalida-certificacoes-da-saude-e-seguranca-ambiente-e-energia\/\" \/>\n<meta property=\"og:locale\" content=\"es_ES\" \/>\n<meta property=\"og:type\" content=\"article\" \/>\n<meta property=\"og:title\" content=\"Costa Verde revalida sus certificaciones - Costa Verde\" \/>\n<meta property=\"og:description\" content=\"Costa Verde revalida sus certificaciones de Salud y Seguridad, Medio Ambiente y Energ\u00eda. Sepa m\u00e1s!\" \/>\n<meta property=\"og:url\" content=\"https:\/\/pro.costa-verde.com\/costa-verde-revalida-certificacoes-da-saude-e-seguranca-ambiente-e-energia\/\" \/>\n<meta property=\"og:site_name\" content=\"Costa Verde\" \/>\n<meta property=\"article:publisher\" content=\"https:\/\/www.facebook.com\/costaverdeporcelanas\/\" \/>\n<meta property=\"article:modified_time\" content=\"2024-07-30T15:01:19+00:00\" \/>\n<meta property=\"og:image\" content=\"https:\/\/pro.costa-verde.com\/wp-content\/uploads\/2021\/01\/84_costa-verde.jpg\" \/>\n\t<meta property=\"og:image:width\" content=\"1120\" \/>\n\t<meta property=\"og:image:height\" content=\"600\" \/>\n\t<meta property=\"og:image:type\" content=\"image\/jpeg\" \/>\n<meta name=\"twitter:card\" content=\"summary_large_image\" \/>\n<meta name=\"twitter:label1\" content=\"Tiempo de lectura\" \/>\n\t<meta name=\"twitter:data1\" content=\"1 minuto\" \/>\n<script type=\"application\/ld+json\" class=\"yoast-schema-graph\">{\"@context\":\"https:\/\/schema.org\",\"@graph\":[{\"@type\":\"WebPage\",\"@id\":\"https:\/\/pro.costa-verde.com\/costa-verde-revalida-certificacoes-da-saude-e-seguranca-ambiente-e-energia\/\",\"url\":\"https:\/\/pro.costa-verde.com\/costa-verde-revalida-certificacoes-da-saude-e-seguranca-ambiente-e-energia\/\",\"name\":\"Costa Verde revalida sus certificaciones - Costa Verde\",\"isPartOf\":{\"@id\":\"https:\/\/pro.costa-verde.com\/#website\"},\"primaryImageOfPage\":{\"@id\":\"https:\/\/pro.costa-verde.com\/costa-verde-revalida-certificacoes-da-saude-e-seguranca-ambiente-e-energia\/#primaryimage\"},\"image\":{\"@id\":\"https:\/\/pro.costa-verde.com\/costa-verde-revalida-certificacoes-da-saude-e-seguranca-ambiente-e-energia\/#primaryimage\"},\"thumbnailUrl\":\"https:\/\/pro.costa-verde.com\/wp-content\/uploads\/2021\/01\/84_costa-verde.jpg\",\"datePublished\":\"2024-07-26T11:36:44+00:00\",\"dateModified\":\"2024-07-30T15:01:19+00:00\",\"description\":\"Costa Verde revalida sus certificaciones de Salud y Seguridad, Medio Ambiente y Energ\u00eda. Sepa m\u00e1s!\",\"breadcrumb\":{\"@id\":\"https:\/\/pro.costa-verde.com\/costa-verde-revalida-certificacoes-da-saude-e-seguranca-ambiente-e-energia\/#breadcrumb\"},\"inLanguage\":\"es\",\"potentialAction\":[{\"@type\":\"ReadAction\",\"target\":[\"https:\/\/pro.costa-verde.com\/costa-verde-revalida-certificacoes-da-saude-e-seguranca-ambiente-e-energia\/\"]}]},{\"@type\":\"ImageObject\",\"inLanguage\":\"es\",\"@id\":\"https:\/\/pro.costa-verde.com\/costa-verde-revalida-certificacoes-da-saude-e-seguranca-ambiente-e-energia\/#primaryimage\",\"url\":\"https:\/\/pro.costa-verde.com\/wp-content\/uploads\/2021\/01\/84_costa-verde.jpg\",\"contentUrl\":\"https:\/\/pro.costa-verde.com\/wp-content\/uploads\/2021\/01\/84_costa-verde.jpg\",\"width\":1120,\"height\":600,\"caption\":\"costa verde\"},{\"@type\":\"BreadcrumbList\",\"@id\":\"https:\/\/pro.costa-verde.com\/costa-verde-revalida-certificacoes-da-saude-e-seguranca-ambiente-e-energia\/#breadcrumb\",\"itemListElement\":[{\"@type\":\"ListItem\",\"position\":1,\"name\":\"In\u00edcio\",\"item\":\"https:\/\/pro.costa-verde.com\/es\/\"},{\"@type\":\"ListItem\",\"position\":2,\"name\":\"Costa Verde revalida sus certificaciones de Salud y Seguridad, Medio Ambiente y Energ\u00eda\"}]},{\"@type\":\"WebSite\",\"@id\":\"https:\/\/pro.costa-verde.com\/#website\",\"url\":\"https:\/\/pro.costa-verde.com\/\",\"name\":\"Costa Verde\",\"description\":\"Loja Online\",\"potentialAction\":[{\"@type\":\"SearchAction\",\"target\":{\"@type\":\"EntryPoint\",\"urlTemplate\":\"https:\/\/pro.costa-verde.com\/?s={search_term_string}\"},\"query-input\":{\"@type\":\"PropertyValueSpecification\",\"valueRequired\":true,\"valueName\":\"search_term_string\"}}],\"inLanguage\":\"es\"}]}<\/script>\n<!-- \/ Yoast SEO plugin. -->","yoast_head_json":{"title":"Costa Verde revalida sus certificaciones - Costa Verde","description":"Costa Verde revalida sus certificaciones de Salud y Seguridad, Medio Ambiente y Energ\u00eda. Sepa m\u00e1s!","robots":{"index":"index","follow":"follow","max-snippet":"max-snippet:-1","max-image-preview":"max-image-preview:large","max-video-preview":"max-video-preview:-1"},"canonical":"https:\/\/pro.costa-verde.com\/costa-verde-revalida-certificacoes-da-saude-e-seguranca-ambiente-e-energia\/","og_locale":"es_ES","og_type":"article","og_title":"Costa Verde revalida sus certificaciones - Costa Verde","og_description":"Costa Verde revalida sus certificaciones de Salud y Seguridad, Medio Ambiente y Energ\u00eda. Sepa m\u00e1s!","og_url":"https:\/\/pro.costa-verde.com\/costa-verde-revalida-certificacoes-da-saude-e-seguranca-ambiente-e-energia\/","og_site_name":"Costa Verde","article_publisher":"https:\/\/www.facebook.com\/costaverdeporcelanas\/","article_modified_time":"2024-07-30T15:01:19+00:00","og_image":[{"width":1120,"height":600,"url":"https:\/\/pro.costa-verde.com\/wp-content\/uploads\/2021\/01\/84_costa-verde.jpg","type":"image\/jpeg"}],"twitter_card":"summary_large_image","twitter_misc":{"Tiempo de lectura":"1 minuto"},"schema":{"@context":"https:\/\/schema.org","@graph":[{"@type":"WebPage","@id":"https:\/\/pro.costa-verde.com\/costa-verde-revalida-certificacoes-da-saude-e-seguranca-ambiente-e-energia\/","url":"https:\/\/pro.costa-verde.com\/costa-verde-revalida-certificacoes-da-saude-e-seguranca-ambiente-e-energia\/","name":"Costa Verde revalida sus certificaciones - Costa Verde","isPartOf":{"@id":"https:\/\/pro.costa-verde.com\/#website"},"primaryImageOfPage":{"@id":"https:\/\/pro.costa-verde.com\/costa-verde-revalida-certificacoes-da-saude-e-seguranca-ambiente-e-energia\/#primaryimage"},"image":{"@id":"https:\/\/pro.costa-verde.com\/costa-verde-revalida-certificacoes-da-saude-e-seguranca-ambiente-e-energia\/#primaryimage"},"thumbnailUrl":"https:\/\/pro.costa-verde.com\/wp-content\/uploads\/2021\/01\/84_costa-verde.jpg","datePublished":"2024-07-26T11:36:44+00:00","dateModified":"2024-07-30T15:01:19+00:00","description":"Costa Verde revalida sus certificaciones de Salud y Seguridad, Medio Ambiente y Energ\u00eda. Sepa m\u00e1s!","breadcrumb":{"@id":"https:\/\/pro.costa-verde.com\/costa-verde-revalida-certificacoes-da-saude-e-seguranca-ambiente-e-energia\/#breadcrumb"},"inLanguage":"es","potentialAction":[{"@type":"ReadAction","target":["https:\/\/pro.costa-verde.com\/costa-verde-revalida-certificacoes-da-saude-e-seguranca-ambiente-e-energia\/"]}]},{"@type":"ImageObject","inLanguage":"es","@id":"https:\/\/pro.costa-verde.com\/costa-verde-revalida-certificacoes-da-saude-e-seguranca-ambiente-e-energia\/#primaryimage","url":"https:\/\/pro.costa-verde.com\/wp-content\/uploads\/2021\/01\/84_costa-verde.jpg","contentUrl":"https:\/\/pro.costa-verde.com\/wp-content\/uploads\/2021\/01\/84_costa-verde.jpg","width":1120,"height":600,"caption":"costa verde"},{"@type":"BreadcrumbList","@id":"https:\/\/pro.costa-verde.com\/costa-verde-revalida-certificacoes-da-saude-e-seguranca-ambiente-e-energia\/#breadcrumb","itemListElement":[{"@type":"ListItem","position":1,"name":"In\u00edcio","item":"https:\/\/pro.costa-verde.com\/es\/"},{"@type":"ListItem","position":2,"name":"Costa Verde revalida sus certificaciones de Salud y Seguridad, Medio Ambiente y Energ\u00eda"}]},{"@type":"WebSite","@id":"https:\/\/pro.costa-verde.com\/#website","url":"https:\/\/pro.costa-verde.com\/","name":"Costa Verde","description":"Loja Online","potentialAction":[{"@type":"SearchAction","target":{"@type":"EntryPoint","urlTemplate":"https:\/\/pro.costa-verde.com\/?s={search_term_string}"},"query-input":{"@type":"PropertyValueSpecification","valueRequired":true,"valueName":"search_term_string"}}],"inLanguage":"es"}]}},"_links":{"self":[{"href":"https:\/\/pro.costa-verde.com\/es\/wp-json\/wp\/v2\/pages\/59934","targetHints":{"allow":["GET"]}}],"collection":[{"href":"https:\/\/pro.costa-verde.com\/es\/wp-json\/wp\/v2\/pages"}],"about":[{"href":"https:\/\/pro.costa-verde.com\/es\/wp-json\/wp\/v2\/types\/page"}],"author":[{"embeddable":true,"href":"https:\/\/pro.costa-verde.com\/es\/wp-json\/wp\/v2\/users\/438"}],"replies":[{"embeddable":true,"href":"https:\/\/pro.costa-verde.com\/es\/wp-json\/wp\/v2\/comments?post=59934"}],"version-history":[{"count":5,"href":"https:\/\/pro.costa-verde.com\/es\/wp-json\/wp\/v2\/pages\/59934\/revisions"}],"predecessor-version":[{"id":60074,"href":"https:\/\/pro.costa-verde.com\/es\/wp-json\/wp\/v2\/pages\/59934\/revisions\/60074"}],"wp:featuredmedia":[{"embeddable":true,"href":"https:\/\/pro.costa-verde.com\/es\/wp-json\/wp\/v2\/media\/17523"}],"wp:attachment":[{"href":"https:\/\/pro.costa-verde.com\/es\/wp-json\/wp\/v2\/media?parent=59934"}],"curies":[{"name":"wp","href":"https:\/\/api.w.org\/{rel}","templated":true}]}}