{"id":59774,"date":"2024-07-15T16:07:46","date_gmt":"2024-07-15T15:07:46","guid":{"rendered":"https:\/\/pro.costa-verde.com\/?page_id=59774"},"modified":"2024-07-15T16:09:57","modified_gmt":"2024-07-15T15:09:57","slug":"costa-verde-en-colaboracion-con-el-artista-fernando-gaspar","status":"publish","type":"page","link":"https:\/\/pro.costa-verde.com\/es\/costa-verde-en-colaboracion-con-el-artista-fernando-gaspar\/","title":{"rendered":"Costa Verde en colaboraci\u00f3n con el artista Fernando Gaspar"},"content":{"rendered":"\t\t<div data-elementor-type=\"wp-page\" data-elementor-id=\"59774\" class=\"elementor elementor-59774 elementor-59772\" data-elementor-post-type=\"page\">\n\t\t\t\t\t\t<section class=\"elementor-section elementor-top-section elementor-element elementor-element-4e696d57 elementor-section-boxed elementor-section-height-default elementor-section-height-default\" data-id=\"4e696d57\" data-element_type=\"section\">\n\t\t\t\t\t\t<div class=\"elementor-container elementor-column-gap-default\">\n\t\t\t\t\t<div class=\"elementor-column elementor-col-100 elementor-top-column elementor-element elementor-element-7149df70\" data-id=\"7149df70\" data-element_type=\"column\">\n\t\t\t<div class=\"elementor-widget-wrap elementor-element-populated\">\n\t\t\t\t\t\t<div class=\"elementor-element elementor-element-3311861 elementor-widget elementor-widget-image\" data-id=\"3311861\" data-element_type=\"widget\" data-widget_type=\"image.default\">\n\t\t\t\t<div class=\"elementor-widget-container\">\n\t\t\t\t\t\t\t\t\t\t\t\t\t\t\t<img fetchpriority=\"high\" decoding=\"async\" width=\"768\" height=\"768\" src=\"https:\/\/pro.costa-verde.com\/wp-content\/uploads\/2024\/07\/P1017053-1-768x768.jpg\" class=\"attachment-medium_large size-medium_large wp-image-59787\" alt=\"\" srcset=\"https:\/\/pro.costa-verde.com\/wp-content\/uploads\/2024\/07\/P1017053-1-768x768.jpg 768w, https:\/\/pro.costa-verde.com\/wp-content\/uploads\/2024\/07\/P1017053-1-300x300.jpg 300w, https:\/\/pro.costa-verde.com\/wp-content\/uploads\/2024\/07\/P1017053-1-1024x1024.jpg 1024w, https:\/\/pro.costa-verde.com\/wp-content\/uploads\/2024\/07\/P1017053-1-150x150.jpg 150w, https:\/\/pro.costa-verde.com\/wp-content\/uploads\/2024\/07\/P1017053-1-1536x1536.jpg 1536w, https:\/\/pro.costa-verde.com\/wp-content\/uploads\/2024\/07\/P1017053-1-600x600.jpg 600w, https:\/\/pro.costa-verde.com\/wp-content\/uploads\/2024\/07\/P1017053-1-120x120.jpg 120w, https:\/\/pro.costa-verde.com\/wp-content\/uploads\/2024\/07\/P1017053-1.jpg 1920w\" sizes=\"(max-width: 768px) 100vw, 768px\" \/>\t\t\t\t\t\t\t\t\t\t\t\t\t\t\t<\/div>\n\t\t\t\t<\/div>\n\t\t\t\t<div class=\"elementor-element elementor-element-7843fbcb elementor-widget elementor-widget-text-editor\" data-id=\"7843fbcb\" data-element_type=\"widget\" data-widget_type=\"text-editor.default\">\n\t\t\t\t<div class=\"elementor-widget-container\">\n\t\t\t\t\t\t\t\t\t<p style=\"text-align: justify;\"><a href=\"https:\/\/pro.costa-verde.com\/es\/?_gl=1%2Ak2wydv%2A_ga%2AMTQ2NDY2NDI0MS4xNzIxMDUzMTU1%2A_up%2AMQ..\"><b>Costa Verde<\/b><\/a> y el artista <a href=\"https:\/\/www.instagram.com\/f___gaspar\"><b>Fernando Gaspar<\/b><\/a> desarrollaron el proyecto \u00abInterven\u00e7\u00e3o em Azul\u00bb (Intervenci\u00f3n en Azul), con los objetivos principales de experimentar y probar nuevos m\u00e9todos para un enfoque renovado del trabajo art\u00edstico. Por sus virtudes y desaf\u00edos t\u00e9cnicos, la porcelana es el ejercicio definitivo de humildad y resistencia para un artista acostumbrado a otras superficies, materiales y pr\u00e1cticas.<\/p><p style=\"text-align: justify;\">El proyecto, presentado durante la \u00faltima edici\u00f3n de <a href=\"https:\/\/www.instagram.com\/vagossensationgourmet\/\"><b>Vagos Sensation Gourmet<\/b><\/a>, se bas\u00f3 en la <a href=\"https:\/\/pro.costa-verde.com\/es\/colecciones-costa-verde\/saturno\/?_gl=1*48tcyw*_ga*MTQ2NDY2NDI0MS4xNzIxMDUzMTU1*_up*MQ..\"><b>l\u00ednea Saturno<\/b><\/a> utilizando tecnolog\u00eda de impresi\u00f3n digital, resultando en patrones \u00fanicos y personalizados que se alcanzaron tras una cocci\u00f3n a 1.200\u00baC.<\/p><p style=\"text-align: justify;\"><span style=\"color: var( --e-global-color-text );\">Costa Verde agradece el reto planteado por el artista Fernando Gaspar, y cree que \u00e9ste s\u00f3lo ser\u00e1 el pistoletazo de salida para otros proyectos exploratorios que se desarrollar\u00e1n en un futuro pr\u00f3ximo.<\/span><\/p><p style=\"text-align: justify;\"><a href=\"https:\/\/www.instagram.com\/f___gaspar\"><b>Fernando Gaspar<\/b><\/a> es un artista portugu\u00e9s cuya carrera comenz\u00f3 en 1986, y que colabora y est\u00e1 representado en instituciones de arte y galer\u00edas de Portugal, Estados Unidos, Reino Unido, Suecia, Italia y Alemania. Con m\u00e1s de setenta exposiciones individuales, su obra ha ganado varios premios y galardones nacionales. Su patrimonio est\u00e1 representado en colecciones p\u00fablicas, institucionales y privadas de todos los rincones del mundo, como Portugal, Espa\u00f1a, Francia, Holanda, China, B\u00e9lgica, Suiza, Reino Unido, Dinamarca, Italia, Canad\u00e1, Colombia, Suecia, Alemania, Brasil y Estados Unidos.<br \/>A lo largo de los a\u00f1os, la plasticidad de su obra ha evolucionado hacia un enfoque cada vez m\u00e1s reflexivo y contempor\u00e1neo, marcado por un lenguaje muy fuerte y abiertamente independiente.<\/p><p style=\"text-align: justify;\"><span style=\"color: var( --e-global-color-text );\">M\u00e1s informaci\u00f3n <a href=\"https:\/\/fernandogaspar.com\/bio\/\">aqui<\/a>!<\/span><\/p><p style=\"text-align: justify;\">\u00a0<\/p>\t\t\t\t\t\t\t\t<\/div>\n\t\t\t\t<\/div>\n\t\t\t\t\t<\/div>\n\t\t<\/div>\n\t\t\t\t\t<\/div>\n\t\t<\/section>\n\t\t\t\t<section class=\"elementor-section elementor-top-section elementor-element elementor-element-4855a7a elementor-section-boxed elementor-section-height-default elementor-section-height-default\" data-id=\"4855a7a\" data-element_type=\"section\">\n\t\t\t\t\t\t<div class=\"elementor-container elementor-column-gap-default\">\n\t\t\t\t\t<div class=\"elementor-column elementor-col-100 elementor-top-column elementor-element elementor-element-63ccc46\" data-id=\"63ccc46\" data-element_type=\"column\">\n\t\t\t<div class=\"elementor-widget-wrap elementor-element-populated\">\n\t\t\t\t\t\t<div class=\"elementor-element elementor-element-4b1612c elementor-widget elementor-widget-image\" data-id=\"4b1612c\" data-element_type=\"widget\" data-widget_type=\"image.default\">\n\t\t\t\t<div class=\"elementor-widget-container\">\n\t\t\t\t\t\t\t\t\t\t\t\t<figure class=\"wp-caption\">\n\t\t\t\t\t\t\t\t\t\t<img decoding=\"async\" width=\"768\" height=\"512\" src=\"https:\/\/pro.costa-verde.com\/wp-content\/uploads\/2024\/07\/MathewBates_photography-768x512.jpeg\" class=\"attachment-medium_large size-medium_large wp-image-59791\" alt=\"\" srcset=\"https:\/\/pro.costa-verde.com\/wp-content\/uploads\/2024\/07\/MathewBates_photography-768x512.jpeg 768w, https:\/\/pro.costa-verde.com\/wp-content\/uploads\/2024\/07\/MathewBates_photography-300x200.jpeg 300w, https:\/\/pro.costa-verde.com\/wp-content\/uploads\/2024\/07\/MathewBates_photography-1024x683.jpeg 1024w, https:\/\/pro.costa-verde.com\/wp-content\/uploads\/2024\/07\/MathewBates_photography-1536x1024.jpeg 1536w, https:\/\/pro.costa-verde.com\/wp-content\/uploads\/2024\/07\/MathewBates_photography-600x400.jpeg 600w, https:\/\/pro.costa-verde.com\/wp-content\/uploads\/2024\/07\/MathewBates_photography-120x80.jpeg 120w, https:\/\/pro.costa-verde.com\/wp-content\/uploads\/2024\/07\/MathewBates_photography.jpeg 1920w\" sizes=\"(max-width: 768px) 100vw, 768px\" \/>\t\t\t\t\t\t\t\t\t\t\t<figcaption class=\"widget-image-caption wp-caption-text\">Cr\u00e9ditos: Mathew Bates <\/figcaption>\n\t\t\t\t\t\t\t\t\t\t<\/figure>\n\t\t\t\t\t\t\t\t\t<\/div>\n\t\t\t\t<\/div>\n\t\t\t\t\t<\/div>\n\t\t<\/div>\n\t\t\t\t\t<\/div>\n\t\t<\/section>\n\t\t\t\t<\/div>\n\t\t","protected":false},"excerpt":{"rendered":"<p>Costa Verde y el artista Fernando Gaspar desarrollaron el proyecto \u00abInterven\u00e7\u00e3o em Azul\u00bb (Intervenci\u00f3n en Azul), con los objetivos principales de experimentar y probar nuevos m\u00e9todos para un enfoque renovado del trabajo art\u00edstico. Por sus virtudes y desaf\u00edos t\u00e9cnicos, la porcelana es el ejercicio definitivo de humildad y resistencia para un artista acostumbrado a otras [&hellip;]<\/p>\n","protected":false},"author":438,"featured_media":59782,"parent":0,"menu_order":0,"comment_status":"open","ping_status":"closed","template":"","meta":{"footnotes":""},"class_list":["post-59774","page","type-page","status-publish","has-post-thumbnail","hentry"],"yoast_head":"<!-- This site is optimized with the Yoast SEO plugin v26.9 - https:\/\/yoast.com\/product\/yoast-seo-wordpress\/ -->\n<title>Costa Verde en colaboraci\u00f3n con el artista Fernando Gaspar - Costa Verde<\/title>\n<meta name=\"description\" content=\"Costa Verde y el artista Fernando Gaspar desarrollaron el proyecto &quot;Interven\u00e7\u00e3o em Azul&quot; (Intervenci\u00f3n en Azul). Sepa m\u00e1s!\" \/>\n<meta name=\"robots\" content=\"index, follow, max-snippet:-1, max-image-preview:large, max-video-preview:-1\" \/>\n<link rel=\"canonical\" href=\"https:\/\/pro.costa-verde.com\/es\/costa-verde-en-colaboracion-con-el-artista-fernando-gaspar\/\" \/>\n<meta property=\"og:locale\" content=\"es_ES\" \/>\n<meta property=\"og:type\" content=\"article\" \/>\n<meta property=\"og:title\" content=\"Costa Verde en colaboraci\u00f3n con el artista Fernando Gaspar - Costa Verde\" \/>\n<meta property=\"og:description\" content=\"Costa Verde y el artista Fernando Gaspar desarrollaron el proyecto &quot;Interven\u00e7\u00e3o em Azul&quot; (Intervenci\u00f3n en Azul). Sepa m\u00e1s!\" \/>\n<meta property=\"og:url\" content=\"https:\/\/pro.costa-verde.com\/es\/costa-verde-en-colaboracion-con-el-artista-fernando-gaspar\/\" \/>\n<meta property=\"og:site_name\" content=\"Costa Verde\" \/>\n<meta property=\"article:publisher\" content=\"https:\/\/www.facebook.com\/costaverdeporcelanas\/\" \/>\n<meta property=\"article:modified_time\" content=\"2024-07-15T15:09:57+00:00\" \/>\n<meta property=\"og:image\" content=\"https:\/\/pro.costa-verde.com\/wp-content\/uploads\/2024\/07\/P1017053.jpg\" \/>\n\t<meta property=\"og:image:width\" content=\"1920\" \/>\n\t<meta property=\"og:image:height\" content=\"1920\" \/>\n\t<meta property=\"og:image:type\" content=\"image\/jpeg\" \/>\n<meta name=\"twitter:card\" content=\"summary_large_image\" \/>\n<meta name=\"twitter:label1\" content=\"Tiempo de lectura\" \/>\n\t<meta name=\"twitter:data1\" content=\"2 minutos\" \/>\n<script type=\"application\/ld+json\" class=\"yoast-schema-graph\">{\"@context\":\"https:\/\/schema.org\",\"@graph\":[{\"@type\":\"WebPage\",\"@id\":\"https:\/\/pro.costa-verde.com\/es\/costa-verde-en-colaboracion-con-el-artista-fernando-gaspar\/\",\"url\":\"https:\/\/pro.costa-verde.com\/es\/costa-verde-en-colaboracion-con-el-artista-fernando-gaspar\/\",\"name\":\"Costa Verde en colaboraci\u00f3n con el artista Fernando Gaspar - Costa Verde\",\"isPartOf\":{\"@id\":\"https:\/\/pro.costa-verde.com\/#website\"},\"primaryImageOfPage\":{\"@id\":\"https:\/\/pro.costa-verde.com\/es\/costa-verde-en-colaboracion-con-el-artista-fernando-gaspar\/#primaryimage\"},\"image\":{\"@id\":\"https:\/\/pro.costa-verde.com\/es\/costa-verde-en-colaboracion-con-el-artista-fernando-gaspar\/#primaryimage\"},\"thumbnailUrl\":\"https:\/\/pro.costa-verde.com\/wp-content\/uploads\/2024\/07\/P1017053.jpg\",\"datePublished\":\"2024-07-15T15:07:46+00:00\",\"dateModified\":\"2024-07-15T15:09:57+00:00\",\"description\":\"Costa Verde y el artista Fernando Gaspar desarrollaron el proyecto \\\"Interven\u00e7\u00e3o em Azul\\\" (Intervenci\u00f3n en Azul). Sepa m\u00e1s!\",\"breadcrumb\":{\"@id\":\"https:\/\/pro.costa-verde.com\/es\/costa-verde-en-colaboracion-con-el-artista-fernando-gaspar\/#breadcrumb\"},\"inLanguage\":\"es\",\"potentialAction\":[{\"@type\":\"ReadAction\",\"target\":[\"https:\/\/pro.costa-verde.com\/es\/costa-verde-en-colaboracion-con-el-artista-fernando-gaspar\/\"]}]},{\"@type\":\"ImageObject\",\"inLanguage\":\"es\",\"@id\":\"https:\/\/pro.costa-verde.com\/es\/costa-verde-en-colaboracion-con-el-artista-fernando-gaspar\/#primaryimage\",\"url\":\"https:\/\/pro.costa-verde.com\/wp-content\/uploads\/2024\/07\/P1017053.jpg\",\"contentUrl\":\"https:\/\/pro.costa-verde.com\/wp-content\/uploads\/2024\/07\/P1017053.jpg\",\"width\":1920,\"height\":1920},{\"@type\":\"BreadcrumbList\",\"@id\":\"https:\/\/pro.costa-verde.com\/es\/costa-verde-en-colaboracion-con-el-artista-fernando-gaspar\/#breadcrumb\",\"itemListElement\":[{\"@type\":\"ListItem\",\"position\":1,\"name\":\"In\u00edcio\",\"item\":\"https:\/\/pro.costa-verde.com\/es\/\"},{\"@type\":\"ListItem\",\"position\":2,\"name\":\"Costa Verde en colaboraci\u00f3n con el artista Fernando Gaspar\"}]},{\"@type\":\"WebSite\",\"@id\":\"https:\/\/pro.costa-verde.com\/#website\",\"url\":\"https:\/\/pro.costa-verde.com\/\",\"name\":\"Costa Verde\",\"description\":\"Loja Online\",\"potentialAction\":[{\"@type\":\"SearchAction\",\"target\":{\"@type\":\"EntryPoint\",\"urlTemplate\":\"https:\/\/pro.costa-verde.com\/?s={search_term_string}\"},\"query-input\":{\"@type\":\"PropertyValueSpecification\",\"valueRequired\":true,\"valueName\":\"search_term_string\"}}],\"inLanguage\":\"es\"}]}<\/script>\n<!-- \/ Yoast SEO plugin. -->","yoast_head_json":{"title":"Costa Verde en colaboraci\u00f3n con el artista Fernando Gaspar - Costa Verde","description":"Costa Verde y el artista Fernando Gaspar desarrollaron el proyecto \"Interven\u00e7\u00e3o em Azul\" (Intervenci\u00f3n en Azul). Sepa m\u00e1s!","robots":{"index":"index","follow":"follow","max-snippet":"max-snippet:-1","max-image-preview":"max-image-preview:large","max-video-preview":"max-video-preview:-1"},"canonical":"https:\/\/pro.costa-verde.com\/es\/costa-verde-en-colaboracion-con-el-artista-fernando-gaspar\/","og_locale":"es_ES","og_type":"article","og_title":"Costa Verde en colaboraci\u00f3n con el artista Fernando Gaspar - Costa Verde","og_description":"Costa Verde y el artista Fernando Gaspar desarrollaron el proyecto \"Interven\u00e7\u00e3o em Azul\" (Intervenci\u00f3n en Azul). Sepa m\u00e1s!","og_url":"https:\/\/pro.costa-verde.com\/es\/costa-verde-en-colaboracion-con-el-artista-fernando-gaspar\/","og_site_name":"Costa Verde","article_publisher":"https:\/\/www.facebook.com\/costaverdeporcelanas\/","article_modified_time":"2024-07-15T15:09:57+00:00","og_image":[{"width":1920,"height":1920,"url":"https:\/\/pro.costa-verde.com\/wp-content\/uploads\/2024\/07\/P1017053.jpg","type":"image\/jpeg"}],"twitter_card":"summary_large_image","twitter_misc":{"Tiempo de lectura":"2 minutos"},"schema":{"@context":"https:\/\/schema.org","@graph":[{"@type":"WebPage","@id":"https:\/\/pro.costa-verde.com\/es\/costa-verde-en-colaboracion-con-el-artista-fernando-gaspar\/","url":"https:\/\/pro.costa-verde.com\/es\/costa-verde-en-colaboracion-con-el-artista-fernando-gaspar\/","name":"Costa Verde en colaboraci\u00f3n con el artista Fernando Gaspar - Costa Verde","isPartOf":{"@id":"https:\/\/pro.costa-verde.com\/#website"},"primaryImageOfPage":{"@id":"https:\/\/pro.costa-verde.com\/es\/costa-verde-en-colaboracion-con-el-artista-fernando-gaspar\/#primaryimage"},"image":{"@id":"https:\/\/pro.costa-verde.com\/es\/costa-verde-en-colaboracion-con-el-artista-fernando-gaspar\/#primaryimage"},"thumbnailUrl":"https:\/\/pro.costa-verde.com\/wp-content\/uploads\/2024\/07\/P1017053.jpg","datePublished":"2024-07-15T15:07:46+00:00","dateModified":"2024-07-15T15:09:57+00:00","description":"Costa Verde y el artista Fernando Gaspar desarrollaron el proyecto \"Interven\u00e7\u00e3o em Azul\" (Intervenci\u00f3n en Azul). Sepa m\u00e1s!","breadcrumb":{"@id":"https:\/\/pro.costa-verde.com\/es\/costa-verde-en-colaboracion-con-el-artista-fernando-gaspar\/#breadcrumb"},"inLanguage":"es","potentialAction":[{"@type":"ReadAction","target":["https:\/\/pro.costa-verde.com\/es\/costa-verde-en-colaboracion-con-el-artista-fernando-gaspar\/"]}]},{"@type":"ImageObject","inLanguage":"es","@id":"https:\/\/pro.costa-verde.com\/es\/costa-verde-en-colaboracion-con-el-artista-fernando-gaspar\/#primaryimage","url":"https:\/\/pro.costa-verde.com\/wp-content\/uploads\/2024\/07\/P1017053.jpg","contentUrl":"https:\/\/pro.costa-verde.com\/wp-content\/uploads\/2024\/07\/P1017053.jpg","width":1920,"height":1920},{"@type":"BreadcrumbList","@id":"https:\/\/pro.costa-verde.com\/es\/costa-verde-en-colaboracion-con-el-artista-fernando-gaspar\/#breadcrumb","itemListElement":[{"@type":"ListItem","position":1,"name":"In\u00edcio","item":"https:\/\/pro.costa-verde.com\/es\/"},{"@type":"ListItem","position":2,"name":"Costa Verde en colaboraci\u00f3n con el artista Fernando Gaspar"}]},{"@type":"WebSite","@id":"https:\/\/pro.costa-verde.com\/#website","url":"https:\/\/pro.costa-verde.com\/","name":"Costa Verde","description":"Loja Online","potentialAction":[{"@type":"SearchAction","target":{"@type":"EntryPoint","urlTemplate":"https:\/\/pro.costa-verde.com\/?s={search_term_string}"},"query-input":{"@type":"PropertyValueSpecification","valueRequired":true,"valueName":"search_term_string"}}],"inLanguage":"es"}]}},"_links":{"self":[{"href":"https:\/\/pro.costa-verde.com\/es\/wp-json\/wp\/v2\/pages\/59774","targetHints":{"allow":["GET"]}}],"collection":[{"href":"https:\/\/pro.costa-verde.com\/es\/wp-json\/wp\/v2\/pages"}],"about":[{"href":"https:\/\/pro.costa-verde.com\/es\/wp-json\/wp\/v2\/types\/page"}],"author":[{"embeddable":true,"href":"https:\/\/pro.costa-verde.com\/es\/wp-json\/wp\/v2\/users\/438"}],"replies":[{"embeddable":true,"href":"https:\/\/pro.costa-verde.com\/es\/wp-json\/wp\/v2\/comments?post=59774"}],"version-history":[{"count":7,"href":"https:\/\/pro.costa-verde.com\/es\/wp-json\/wp\/v2\/pages\/59774\/revisions"}],"predecessor-version":[{"id":59823,"href":"https:\/\/pro.costa-verde.com\/es\/wp-json\/wp\/v2\/pages\/59774\/revisions\/59823"}],"wp:featuredmedia":[{"embeddable":true,"href":"https:\/\/pro.costa-verde.com\/es\/wp-json\/wp\/v2\/media\/59782"}],"wp:attachment":[{"href":"https:\/\/pro.costa-verde.com\/es\/wp-json\/wp\/v2\/media?parent=59774"}],"curies":[{"name":"wp","href":"https:\/\/api.w.org\/{rel}","templated":true}]}}