{"id":59621,"date":"2024-07-02T14:56:22","date_gmt":"2024-07-02T13:56:22","guid":{"rendered":"https:\/\/pro.costa-verde.com\/?page_id=59621"},"modified":"2024-07-02T14:58:53","modified_gmt":"2024-07-02T13:58:53","slug":"costa-verde-apoya-a-la-asociacion-acreditar","status":"publish","type":"page","link":"https:\/\/pro.costa-verde.com\/es\/costa-verde-apoya-a-la-asociacion-acreditar\/","title":{"rendered":"\u00a1Costa Verde apoya a la asociaci\u00f3n Acreditar!"},"content":{"rendered":"\t\t<div data-elementor-type=\"wp-page\" data-elementor-id=\"59621\" class=\"elementor elementor-59621 elementor-59619\" data-elementor-post-type=\"page\">\n\t\t\t\t\t\t<section class=\"elementor-section elementor-top-section elementor-element elementor-element-4e696d57 elementor-section-boxed elementor-section-height-default elementor-section-height-default\" data-id=\"4e696d57\" data-element_type=\"section\">\n\t\t\t\t\t\t<div class=\"elementor-container elementor-column-gap-default\">\n\t\t\t\t\t<div class=\"elementor-column elementor-col-100 elementor-top-column elementor-element elementor-element-7149df70\" data-id=\"7149df70\" data-element_type=\"column\">\n\t\t\t<div class=\"elementor-widget-wrap elementor-element-populated\">\n\t\t\t\t\t\t<div class=\"elementor-element elementor-element-3311861 elementor-widget elementor-widget-image\" data-id=\"3311861\" data-element_type=\"widget\" data-widget_type=\"image.default\">\n\t\t\t\t<div class=\"elementor-widget-container\">\n\t\t\t\t\t\t\t\t\t\t\t\t\t\t\t<img fetchpriority=\"high\" decoding=\"async\" width=\"1024\" height=\"693\" src=\"https:\/\/pro.costa-verde.com\/wp-content\/uploads\/2024\/07\/Acreditar1_web-1024x693.jpg\" class=\"attachment-large size-large wp-image-59633\" alt=\"\" srcset=\"https:\/\/pro.costa-verde.com\/wp-content\/uploads\/2024\/07\/Acreditar1_web-1024x693.jpg 1024w, https:\/\/pro.costa-verde.com\/wp-content\/uploads\/2024\/07\/Acreditar1_web-300x203.jpg 300w, https:\/\/pro.costa-verde.com\/wp-content\/uploads\/2024\/07\/Acreditar1_web-768x520.jpg 768w, https:\/\/pro.costa-verde.com\/wp-content\/uploads\/2024\/07\/Acreditar1_web-600x406.jpg 600w, https:\/\/pro.costa-verde.com\/wp-content\/uploads\/2024\/07\/Acreditar1_web-120x81.jpg 120w, https:\/\/pro.costa-verde.com\/wp-content\/uploads\/2024\/07\/Acreditar1_web.jpg 1317w\" sizes=\"(max-width: 1024px) 100vw, 1024px\" \/>\t\t\t\t\t\t\t\t\t\t\t\t\t\t\t<\/div>\n\t\t\t\t<\/div>\n\t\t\t\t<div class=\"elementor-element elementor-element-7843fbcb elementor-widget elementor-widget-text-editor\" data-id=\"7843fbcb\" data-element_type=\"widget\" data-widget_type=\"text-editor.default\">\n\t\t\t\t<div class=\"elementor-widget-container\">\n\t\t\t\t\t\t\t\t\t<p style=\"text-align: justify;\"><strong><a href=\"https:\/\/pro.costa-verde.com\/es\/?_gl=1%2A1evwtwm%2A_ga%2AMTMxNTg0NjMyNS4xNzE5OTE1NjU5%2A_up%2AMQ..\">Costa Verde<\/a><\/strong> estableci\u00f3 un protocolo de cooperaci\u00f3n con <strong><a href=\"https:\/\/acreditar.org.pt\/\">Acreditar &#8211; Associa\u00e7\u00e3o de Pais e de Amigos de Crian\u00e7as com Cancro (Asociaci\u00f3n de Padres y Amigos de Ni\u00f1os con C\u00e1ncer)<\/a><\/strong>, cuyo punto culminante fue la reapertura de la Casa de Lisboa, que pas\u00f3 de 12 habitaciones a 32 habitaciones, un aumento de 20 unidades de alojamiento que permitir\u00e1 alojar gratuitamente hasta 32 familias al mismo tiempo, cuyos hijos est\u00e1n siendo tratados en el IPO de Lisboa y, en el caso de los adultos j\u00f3venes, en todos los hospitales de la gran Lisboa, en una inversi\u00f3n de m\u00e1s de 3,5 millones de euros. Costa Verde est\u00e1 colaborando con <b><a href=\"https:\/\/acreditar.org.pt\/\">Acreditar<\/a><\/b> con el pr\u00e9stamo de todos los elementos de porcelana que equipar\u00e1n sus cocinas, y ya prepara una segunda colaboraci\u00f3n, esta vez con la casa de Oporto.\u00a0<\/p><p style=\"text-align: justify;\"><b><a href=\"https:\/\/acreditar.org.pt\/\">Acreditar &#8211; Associa\u00e7\u00e3o de Pais e de Amigos de Crian\u00e7as com Cancro (Asociaci\u00f3n de Padres y Amigos de Ni\u00f1os con C\u00e1ncer)<\/a><\/b> existe desde 1994 con el objetivo de minimizar el impacto del c\u00e1ncer en los ni\u00f1os, los j\u00f3venes y sus familias. Presente en cuatro centros regionales: Lisboa, Coimbra, Oporto y Funchal, ofrece apoyo en todas las fases de la enfermedad y presta apoyo emocional, log\u00edstico, social y jur\u00eddico, entre otros. En cada necesidad, da voz a la defensa de los derechos de los ni\u00f1os y j\u00f3venes con c\u00e1ncer, los supervivientes y sus familias. Acreditar cuenta con m\u00e1s de 400 voluntarios en todo el pa\u00eds que ofrecen su tiempo y experiencia<\/p><p style=\"text-align: justify;\">\u00a0<\/p>\t\t\t\t\t\t\t\t<\/div>\n\t\t\t\t<\/div>\n\t\t\t\t\t<\/div>\n\t\t<\/div>\n\t\t\t\t\t<\/div>\n\t\t<\/section>\n\t\t\t\t<\/div>\n\t\t","protected":false},"excerpt":{"rendered":"<p>Costa Verde estableci\u00f3 un protocolo de cooperaci\u00f3n con Acreditar &#8211; Associa\u00e7\u00e3o de Pais e de Amigos de Crian\u00e7as com Cancro (Asociaci\u00f3n de Padres y Amigos de Ni\u00f1os con C\u00e1ncer), cuyo punto culminante fue la reapertura de la Casa de Lisboa, que pas\u00f3 de 12 habitaciones a 32 habitaciones, un aumento de 20 unidades de alojamiento [&hellip;]<\/p>\n","protected":false},"author":438,"featured_media":59637,"parent":0,"menu_order":0,"comment_status":"open","ping_status":"closed","template":"","meta":{"footnotes":""},"class_list":["post-59621","page","type-page","status-publish","has-post-thumbnail","hentry"],"yoast_head":"<!-- This site is optimized with the Yoast SEO plugin v26.9 - https:\/\/yoast.com\/product\/yoast-seo-wordpress\/ -->\n<title>\u00a1Costa Verde apoya a la asociaci\u00f3n Acreditar! - Costa Verde<\/title>\n<meta name=\"description\" content=\"Costa Verde estableci\u00f3 un protocolo de cooperaci\u00f3n con Acreditar, cuyo punto culminante fue la reapertura de la Casa de Lisboa. Sepa m\u00e1s!\" \/>\n<meta name=\"robots\" content=\"index, follow, max-snippet:-1, max-image-preview:large, max-video-preview:-1\" \/>\n<link rel=\"canonical\" href=\"https:\/\/pro.costa-verde.com\/costa-verde-apoia-associacao-acreditar\/\" \/>\n<meta property=\"og:locale\" content=\"es_ES\" \/>\n<meta property=\"og:type\" content=\"article\" \/>\n<meta property=\"og:title\" content=\"\u00a1Costa Verde apoya a la asociaci\u00f3n Acreditar! - Costa Verde\" \/>\n<meta property=\"og:description\" content=\"Costa Verde estableci\u00f3 un protocolo de cooperaci\u00f3n con Acreditar, cuyo punto culminante fue la reapertura de la Casa de Lisboa. Sepa m\u00e1s!\" \/>\n<meta property=\"og:url\" content=\"https:\/\/pro.costa-verde.com\/costa-verde-apoia-associacao-acreditar\/\" \/>\n<meta property=\"og:site_name\" content=\"Costa Verde\" \/>\n<meta property=\"article:publisher\" content=\"https:\/\/www.facebook.com\/costaverdeporcelanas\/\" \/>\n<meta property=\"article:modified_time\" content=\"2024-07-02T13:58:53+00:00\" \/>\n<meta property=\"og:image\" content=\"https:\/\/pro.costa-verde.com\/wp-content\/uploads\/2024\/07\/Acreditar_web.jpg\" \/>\n\t<meta property=\"og:image:width\" content=\"887\" \/>\n\t<meta property=\"og:image:height\" content=\"888\" \/>\n\t<meta property=\"og:image:type\" content=\"image\/jpeg\" \/>\n<meta name=\"twitter:card\" content=\"summary_large_image\" \/>\n<meta name=\"twitter:label1\" content=\"Tiempo de lectura\" \/>\n\t<meta name=\"twitter:data1\" content=\"2 minutos\" \/>\n<script type=\"application\/ld+json\" class=\"yoast-schema-graph\">{\"@context\":\"https:\/\/schema.org\",\"@graph\":[{\"@type\":\"WebPage\",\"@id\":\"https:\/\/pro.costa-verde.com\/costa-verde-apoia-associacao-acreditar\/\",\"url\":\"https:\/\/pro.costa-verde.com\/costa-verde-apoia-associacao-acreditar\/\",\"name\":\"\u00a1Costa Verde apoya a la asociaci\u00f3n Acreditar! - Costa Verde\",\"isPartOf\":{\"@id\":\"https:\/\/pro.costa-verde.com\/#website\"},\"primaryImageOfPage\":{\"@id\":\"https:\/\/pro.costa-verde.com\/costa-verde-apoia-associacao-acreditar\/#primaryimage\"},\"image\":{\"@id\":\"https:\/\/pro.costa-verde.com\/costa-verde-apoia-associacao-acreditar\/#primaryimage\"},\"thumbnailUrl\":\"https:\/\/pro.costa-verde.com\/wp-content\/uploads\/2024\/07\/Acreditar_web.jpg\",\"datePublished\":\"2024-07-02T13:56:22+00:00\",\"dateModified\":\"2024-07-02T13:58:53+00:00\",\"description\":\"Costa Verde estableci\u00f3 un protocolo de cooperaci\u00f3n con Acreditar, cuyo punto culminante fue la reapertura de la Casa de Lisboa. Sepa m\u00e1s!\",\"breadcrumb\":{\"@id\":\"https:\/\/pro.costa-verde.com\/costa-verde-apoia-associacao-acreditar\/#breadcrumb\"},\"inLanguage\":\"es\",\"potentialAction\":[{\"@type\":\"ReadAction\",\"target\":[\"https:\/\/pro.costa-verde.com\/costa-verde-apoia-associacao-acreditar\/\"]}]},{\"@type\":\"ImageObject\",\"inLanguage\":\"es\",\"@id\":\"https:\/\/pro.costa-verde.com\/costa-verde-apoia-associacao-acreditar\/#primaryimage\",\"url\":\"https:\/\/pro.costa-verde.com\/wp-content\/uploads\/2024\/07\/Acreditar_web.jpg\",\"contentUrl\":\"https:\/\/pro.costa-verde.com\/wp-content\/uploads\/2024\/07\/Acreditar_web.jpg\",\"width\":887,\"height\":888},{\"@type\":\"BreadcrumbList\",\"@id\":\"https:\/\/pro.costa-verde.com\/costa-verde-apoia-associacao-acreditar\/#breadcrumb\",\"itemListElement\":[{\"@type\":\"ListItem\",\"position\":1,\"name\":\"In\u00edcio\",\"item\":\"https:\/\/pro.costa-verde.com\/es\/\"},{\"@type\":\"ListItem\",\"position\":2,\"name\":\"\u00a1Costa Verde apoya a la asociaci\u00f3n Acreditar!\"}]},{\"@type\":\"WebSite\",\"@id\":\"https:\/\/pro.costa-verde.com\/#website\",\"url\":\"https:\/\/pro.costa-verde.com\/\",\"name\":\"Costa Verde\",\"description\":\"Loja Online\",\"potentialAction\":[{\"@type\":\"SearchAction\",\"target\":{\"@type\":\"EntryPoint\",\"urlTemplate\":\"https:\/\/pro.costa-verde.com\/?s={search_term_string}\"},\"query-input\":{\"@type\":\"PropertyValueSpecification\",\"valueRequired\":true,\"valueName\":\"search_term_string\"}}],\"inLanguage\":\"es\"}]}<\/script>\n<!-- \/ Yoast SEO plugin. -->","yoast_head_json":{"title":"\u00a1Costa Verde apoya a la asociaci\u00f3n Acreditar! - Costa Verde","description":"Costa Verde estableci\u00f3 un protocolo de cooperaci\u00f3n con Acreditar, cuyo punto culminante fue la reapertura de la Casa de Lisboa. Sepa m\u00e1s!","robots":{"index":"index","follow":"follow","max-snippet":"max-snippet:-1","max-image-preview":"max-image-preview:large","max-video-preview":"max-video-preview:-1"},"canonical":"https:\/\/pro.costa-verde.com\/costa-verde-apoia-associacao-acreditar\/","og_locale":"es_ES","og_type":"article","og_title":"\u00a1Costa Verde apoya a la asociaci\u00f3n Acreditar! - Costa Verde","og_description":"Costa Verde estableci\u00f3 un protocolo de cooperaci\u00f3n con Acreditar, cuyo punto culminante fue la reapertura de la Casa de Lisboa. Sepa m\u00e1s!","og_url":"https:\/\/pro.costa-verde.com\/costa-verde-apoia-associacao-acreditar\/","og_site_name":"Costa Verde","article_publisher":"https:\/\/www.facebook.com\/costaverdeporcelanas\/","article_modified_time":"2024-07-02T13:58:53+00:00","og_image":[{"width":887,"height":888,"url":"https:\/\/pro.costa-verde.com\/wp-content\/uploads\/2024\/07\/Acreditar_web.jpg","type":"image\/jpeg"}],"twitter_card":"summary_large_image","twitter_misc":{"Tiempo de lectura":"2 minutos"},"schema":{"@context":"https:\/\/schema.org","@graph":[{"@type":"WebPage","@id":"https:\/\/pro.costa-verde.com\/costa-verde-apoia-associacao-acreditar\/","url":"https:\/\/pro.costa-verde.com\/costa-verde-apoia-associacao-acreditar\/","name":"\u00a1Costa Verde apoya a la asociaci\u00f3n Acreditar! - Costa Verde","isPartOf":{"@id":"https:\/\/pro.costa-verde.com\/#website"},"primaryImageOfPage":{"@id":"https:\/\/pro.costa-verde.com\/costa-verde-apoia-associacao-acreditar\/#primaryimage"},"image":{"@id":"https:\/\/pro.costa-verde.com\/costa-verde-apoia-associacao-acreditar\/#primaryimage"},"thumbnailUrl":"https:\/\/pro.costa-verde.com\/wp-content\/uploads\/2024\/07\/Acreditar_web.jpg","datePublished":"2024-07-02T13:56:22+00:00","dateModified":"2024-07-02T13:58:53+00:00","description":"Costa Verde estableci\u00f3 un protocolo de cooperaci\u00f3n con Acreditar, cuyo punto culminante fue la reapertura de la Casa de Lisboa. Sepa m\u00e1s!","breadcrumb":{"@id":"https:\/\/pro.costa-verde.com\/costa-verde-apoia-associacao-acreditar\/#breadcrumb"},"inLanguage":"es","potentialAction":[{"@type":"ReadAction","target":["https:\/\/pro.costa-verde.com\/costa-verde-apoia-associacao-acreditar\/"]}]},{"@type":"ImageObject","inLanguage":"es","@id":"https:\/\/pro.costa-verde.com\/costa-verde-apoia-associacao-acreditar\/#primaryimage","url":"https:\/\/pro.costa-verde.com\/wp-content\/uploads\/2024\/07\/Acreditar_web.jpg","contentUrl":"https:\/\/pro.costa-verde.com\/wp-content\/uploads\/2024\/07\/Acreditar_web.jpg","width":887,"height":888},{"@type":"BreadcrumbList","@id":"https:\/\/pro.costa-verde.com\/costa-verde-apoia-associacao-acreditar\/#breadcrumb","itemListElement":[{"@type":"ListItem","position":1,"name":"In\u00edcio","item":"https:\/\/pro.costa-verde.com\/es\/"},{"@type":"ListItem","position":2,"name":"\u00a1Costa Verde apoya a la asociaci\u00f3n Acreditar!"}]},{"@type":"WebSite","@id":"https:\/\/pro.costa-verde.com\/#website","url":"https:\/\/pro.costa-verde.com\/","name":"Costa Verde","description":"Loja Online","potentialAction":[{"@type":"SearchAction","target":{"@type":"EntryPoint","urlTemplate":"https:\/\/pro.costa-verde.com\/?s={search_term_string}"},"query-input":{"@type":"PropertyValueSpecification","valueRequired":true,"valueName":"search_term_string"}}],"inLanguage":"es"}]}},"_links":{"self":[{"href":"https:\/\/pro.costa-verde.com\/es\/wp-json\/wp\/v2\/pages\/59621","targetHints":{"allow":["GET"]}}],"collection":[{"href":"https:\/\/pro.costa-verde.com\/es\/wp-json\/wp\/v2\/pages"}],"about":[{"href":"https:\/\/pro.costa-verde.com\/es\/wp-json\/wp\/v2\/types\/page"}],"author":[{"embeddable":true,"href":"https:\/\/pro.costa-verde.com\/es\/wp-json\/wp\/v2\/users\/438"}],"replies":[{"embeddable":true,"href":"https:\/\/pro.costa-verde.com\/es\/wp-json\/wp\/v2\/comments?post=59621"}],"version-history":[{"count":4,"href":"https:\/\/pro.costa-verde.com\/es\/wp-json\/wp\/v2\/pages\/59621\/revisions"}],"predecessor-version":[{"id":59656,"href":"https:\/\/pro.costa-verde.com\/es\/wp-json\/wp\/v2\/pages\/59621\/revisions\/59656"}],"wp:featuredmedia":[{"embeddable":true,"href":"https:\/\/pro.costa-verde.com\/es\/wp-json\/wp\/v2\/media\/59637"}],"wp:attachment":[{"href":"https:\/\/pro.costa-verde.com\/es\/wp-json\/wp\/v2\/media?parent=59621"}],"curies":[{"name":"wp","href":"https:\/\/api.w.org\/{rel}","templated":true}]}}