{"id":59331,"date":"2024-06-19T15:08:25","date_gmt":"2024-06-19T14:08:25","guid":{"rendered":"https:\/\/pro.costa-verde.com\/?page_id=59331"},"modified":"2024-06-20T07:59:47","modified_gmt":"2024-06-20T06:59:47","slug":"costa-verde-ha-colaborado-con-nelson-marques-en-su-ultimo-trabajo-chefs-sem-reserva-terceiro-prato","status":"publish","type":"page","link":"https:\/\/pro.costa-verde.com\/es\/costa-verde-ha-colaborado-con-nelson-marques-en-su-ultimo-trabajo-chefs-sem-reserva-terceiro-prato\/","title":{"rendered":"Costa Verde ha colaborado con Nelson Marques en su \u00faltimo trabajo Chefs Sem Reservas: Terceiro Prato"},"content":{"rendered":"\t\t<div data-elementor-type=\"wp-page\" data-elementor-id=\"59331\" class=\"elementor elementor-59331 elementor-59329\" data-elementor-post-type=\"page\">\n\t\t\t\t\t\t<section class=\"elementor-section elementor-top-section elementor-element elementor-element-4e696d57 elementor-section-boxed elementor-section-height-default elementor-section-height-default\" data-id=\"4e696d57\" data-element_type=\"section\">\n\t\t\t\t\t\t<div class=\"elementor-container elementor-column-gap-default\">\n\t\t\t\t\t<div class=\"elementor-column elementor-col-100 elementor-top-column elementor-element elementor-element-7149df70\" data-id=\"7149df70\" data-element_type=\"column\">\n\t\t\t<div class=\"elementor-widget-wrap elementor-element-populated\">\n\t\t\t\t\t\t<div class=\"elementor-element elementor-element-3311861 elementor-widget elementor-widget-image\" data-id=\"3311861\" data-element_type=\"widget\" data-widget_type=\"image.default\">\n\t\t\t\t<div class=\"elementor-widget-container\">\n\t\t\t\t\t\t\t\t\t\t\t\t\t\t\t<img fetchpriority=\"high\" decoding=\"async\" width=\"705\" height=\"1024\" src=\"https:\/\/pro.costa-verde.com\/wp-content\/uploads\/2024\/06\/Nelson-Maques-705x1024.jpg\" class=\"attachment-large size-large wp-image-59340\" alt=\"\" srcset=\"https:\/\/pro.costa-verde.com\/wp-content\/uploads\/2024\/06\/Nelson-Maques-705x1024.jpg 705w, https:\/\/pro.costa-verde.com\/wp-content\/uploads\/2024\/06\/Nelson-Maques-207x300.jpg 207w, https:\/\/pro.costa-verde.com\/wp-content\/uploads\/2024\/06\/Nelson-Maques-768x1115.jpg 768w, https:\/\/pro.costa-verde.com\/wp-content\/uploads\/2024\/06\/Nelson-Maques-300x436.jpg 300w, https:\/\/pro.costa-verde.com\/wp-content\/uploads\/2024\/06\/Nelson-Maques-600x871.jpg 600w, https:\/\/pro.costa-verde.com\/wp-content\/uploads\/2024\/06\/Nelson-Maques-103x150.jpg 103w, https:\/\/pro.costa-verde.com\/wp-content\/uploads\/2024\/06\/Nelson-Maques.jpg 788w\" sizes=\"(max-width: 705px) 100vw, 705px\" \/>\t\t\t\t\t\t\t\t\t\t\t\t\t\t\t<\/div>\n\t\t\t\t<\/div>\n\t\t\t\t<div class=\"elementor-element elementor-element-7843fbcb elementor-widget elementor-widget-text-editor\" data-id=\"7843fbcb\" data-element_type=\"widget\" data-widget_type=\"text-editor.default\">\n\t\t\t\t<div class=\"elementor-widget-container\">\n\t\t\t\t\t\t\t\t\t<p><strong>Costa Verde<\/strong> ha colaborado con Nelson Marques en su \u00faltimo trabajo <a href=\"https:\/\/www.clubedoautor.pt\/livro\/chefs-sem-reservas-terceiro-prato\"><strong>CHEFS SEM RESERVAS: TERCEIRO PRATO<\/strong><\/a>, que se present\u00f3 el pasado d\u00eda 17 en el restaurante<a href=\"https:\/\/www.instagram.com\/sauvageccb\/\"> <strong>Sauvage<\/strong><\/a> del Centro Cultural de Bel\u00e9m, en Lisboa.<\/p><p>Chefs Sem Reservas es mucho m\u00e1s que una recopilaci\u00f3n sobre el mundo de la alta cocina; es un viaje a trav\u00e9s de las historias de vida de los alquimistas que, con sus h\u00e1biles manos y sus mentes creativas, transforman los ingredientes en magia. A trav\u00e9s de una decena y media de conversaciones \u00edntimas, este tercer volumen vuelve a desvelar los secretos, recuerdos y confesiones de algunos de los mejores chefs de Portugal y del mundo. El reto ser\u00e1 descubrir los viajes que los llevaron hasta lo alto y los retos a los que se enfrentaron por el camino, en una b\u00fasqueda incesante de la perfecci\u00f3n, y conocer las historias de los que empezaron fregando platos y se convirtieron en los nombres m\u00e1s importantes de la gastronom\u00eda en las \u00faltimas tres d\u00e9cadas o los que cambiaron el campo de f\u00fatbol por la cocina, entre otras muchas historias inspiradoras. Cada una de ellas es una ventana a un mundo en el que la pasi\u00f3n y el sacrificio andan de la mano y un faro para todos aquellos que buscan una vida de \u00e9xito. Es un gran honor y un placer para Costa Verde haber aceptado la invitaci\u00f3n de Nelson Marques para colaborar en este tercer libro.<\/p><p><a href=\"https:\/\/pt.linkedin.com\/in\/nelsonmarques\"><strong>Nelson Marques<\/strong><\/a> ha sido periodista durante m\u00e1s de dos d\u00e9cadas, habiendo trabajado en las redacciones de Expresso, donde fue coordinador de la Revista, y P\u00fablico. Ha colaborado con SIC, RTP y numerosos medios nacionales, y ha escrito para diversas publicaciones internacionales, como The Guardian (Inglaterra), El Mundo (Espa\u00f1a), The Jerusalem Post (Israel) y \u00c9poca (Brasil). Ha publicado cientos de reportajes, destapado un esc\u00e1ndalo de acoso sexual del expresidente de FIFA Sepp Blatter, cubierto las elecciones que llevaron a Bolsonaro al poder en Brasil y entrevistado a algunas de las personalidades m\u00e1s importantes del planeta, desde Al Gore a Anthony Bourdain, pasando por Philippe Starck, Renzo Piano, Christian Louboutin, David LaChapelle, Katy Perry, Ronaldinho Ga\u00facho y muchos otros, entre ellos ganadores de premios Nobel, Oscar, Emmy, Grammy y Pulitzer. Su trabajo ha sido galardonado por el Club Portugu\u00e9s de Prensa, la Liga Portuguesa contra el C\u00e1ncer, el Premio Europeo al Mejor Reportero sobre el C\u00e1ncer, la Asociaci\u00f3n Nacional de Municipios Portugueses y los Premios Gourmand. Es autor de los libros Filhos da Quimio (2018), Chefs Sem Reservas (2019), Os Homens Tamb\u00e9m Choram (2021), Chefs Sem Reservas: Segundo Prato (2022) y O Sucesso Est\u00e1 Nos Detalhes (2023). Tambi\u00e9n es autor de Futuro, uno de los vol\u00famenes del libro que conmemora el 150 aniversario de Corticeira Amorim. Cree, tal vez ingenuamente, que son los libros los que salvar\u00e1n al mundo de los b\u00e1rbaros.<\/p><p>Enhorabuena y gracias, Nelson<\/p>\t\t\t\t\t\t\t\t<\/div>\n\t\t\t\t<\/div>\n\t\t\t\t\t<\/div>\n\t\t<\/div>\n\t\t\t\t\t<\/div>\n\t\t<\/section>\n\t\t\t\t<\/div>\n\t\t","protected":false},"excerpt":{"rendered":"<p>Costa Verde ha colaborado con Nelson Marques en su \u00faltimo trabajo CHEFS SEM RESERVAS: TERCEIRO PRATO, que se present\u00f3 el pasado d\u00eda 17 en el restaurante Sauvage del Centro Cultural de Bel\u00e9m, en Lisboa. Chefs Sem Reservas es mucho m\u00e1s que una recopilaci\u00f3n sobre el mundo de la alta cocina; es un viaje a trav\u00e9s [&hellip;]<\/p>\n","protected":false},"author":438,"featured_media":59340,"parent":0,"menu_order":0,"comment_status":"open","ping_status":"closed","template":"","meta":{"footnotes":""},"class_list":["post-59331","page","type-page","status-publish","has-post-thumbnail","hentry"],"yoast_head":"<!-- This site is optimized with the Yoast SEO plugin v26.9 - https:\/\/yoast.com\/product\/yoast-seo-wordpress\/ -->\n<title>Costa Verde ha colaborado con Nelson Marques en su \u00faltimo trabajo - Costa Verde<\/title>\n<meta name=\"description\" content=\"Costa Verde ha colaborado con Nelson Marques en su \u00faltimo trabajo Chefs Sem Reservas: Terceiro Prato. Sepa m\u00e1s!\" \/>\n<meta name=\"robots\" content=\"index, follow, max-snippet:-1, max-image-preview:large, max-video-preview:-1\" \/>\n<link rel=\"canonical\" href=\"https:\/\/pro.costa-verde.com\/es\/costa-verde-ha-colaborado-con-nelson-marques-en-su-ultimo-trabajo-chefs-sem-reserva-terceiro-prato\/\" \/>\n<meta property=\"og:locale\" content=\"es_ES\" \/>\n<meta property=\"og:type\" content=\"article\" \/>\n<meta property=\"og:title\" content=\"Costa Verde ha colaborado con Nelson Marques en su \u00faltimo trabajo - Costa Verde\" \/>\n<meta property=\"og:description\" content=\"Costa Verde ha colaborado con Nelson Marques en su \u00faltimo trabajo Chefs Sem Reservas: Terceiro Prato. Sepa m\u00e1s!\" \/>\n<meta property=\"og:url\" content=\"https:\/\/pro.costa-verde.com\/es\/costa-verde-ha-colaborado-con-nelson-marques-en-su-ultimo-trabajo-chefs-sem-reserva-terceiro-prato\/\" \/>\n<meta property=\"og:site_name\" content=\"Costa Verde\" \/>\n<meta property=\"article:publisher\" content=\"https:\/\/www.facebook.com\/costaverdeporcelanas\/\" \/>\n<meta property=\"article:modified_time\" content=\"2024-06-20T06:59:47+00:00\" \/>\n<meta property=\"og:image\" content=\"https:\/\/pro.costa-verde.com\/wp-content\/uploads\/2024\/06\/Nelson-Maques.jpg\" \/>\n\t<meta property=\"og:image:width\" content=\"788\" \/>\n\t<meta property=\"og:image:height\" content=\"1144\" \/>\n\t<meta property=\"og:image:type\" content=\"image\/jpeg\" \/>\n<meta name=\"twitter:card\" content=\"summary_large_image\" \/>\n<meta name=\"twitter:label1\" content=\"Tiempo de lectura\" \/>\n\t<meta name=\"twitter:data1\" content=\"3 minutos\" \/>\n<script type=\"application\/ld+json\" class=\"yoast-schema-graph\">{\"@context\":\"https:\/\/schema.org\",\"@graph\":[{\"@type\":\"WebPage\",\"@id\":\"https:\/\/pro.costa-verde.com\/es\/costa-verde-ha-colaborado-con-nelson-marques-en-su-ultimo-trabajo-chefs-sem-reserva-terceiro-prato\/\",\"url\":\"https:\/\/pro.costa-verde.com\/es\/costa-verde-ha-colaborado-con-nelson-marques-en-su-ultimo-trabajo-chefs-sem-reserva-terceiro-prato\/\",\"name\":\"Costa Verde ha colaborado con Nelson Marques en su \u00faltimo trabajo - Costa Verde\",\"isPartOf\":{\"@id\":\"https:\/\/pro.costa-verde.com\/#website\"},\"primaryImageOfPage\":{\"@id\":\"https:\/\/pro.costa-verde.com\/es\/costa-verde-ha-colaborado-con-nelson-marques-en-su-ultimo-trabajo-chefs-sem-reserva-terceiro-prato\/#primaryimage\"},\"image\":{\"@id\":\"https:\/\/pro.costa-verde.com\/es\/costa-verde-ha-colaborado-con-nelson-marques-en-su-ultimo-trabajo-chefs-sem-reserva-terceiro-prato\/#primaryimage\"},\"thumbnailUrl\":\"https:\/\/pro.costa-verde.com\/wp-content\/uploads\/2024\/06\/Nelson-Maques.jpg\",\"datePublished\":\"2024-06-19T14:08:25+00:00\",\"dateModified\":\"2024-06-20T06:59:47+00:00\",\"description\":\"Costa Verde ha colaborado con Nelson Marques en su \u00faltimo trabajo Chefs Sem Reservas: Terceiro Prato. Sepa m\u00e1s!\",\"breadcrumb\":{\"@id\":\"https:\/\/pro.costa-verde.com\/es\/costa-verde-ha-colaborado-con-nelson-marques-en-su-ultimo-trabajo-chefs-sem-reserva-terceiro-prato\/#breadcrumb\"},\"inLanguage\":\"es\",\"potentialAction\":[{\"@type\":\"ReadAction\",\"target\":[\"https:\/\/pro.costa-verde.com\/es\/costa-verde-ha-colaborado-con-nelson-marques-en-su-ultimo-trabajo-chefs-sem-reserva-terceiro-prato\/\"]}]},{\"@type\":\"ImageObject\",\"inLanguage\":\"es\",\"@id\":\"https:\/\/pro.costa-verde.com\/es\/costa-verde-ha-colaborado-con-nelson-marques-en-su-ultimo-trabajo-chefs-sem-reserva-terceiro-prato\/#primaryimage\",\"url\":\"https:\/\/pro.costa-verde.com\/wp-content\/uploads\/2024\/06\/Nelson-Maques.jpg\",\"contentUrl\":\"https:\/\/pro.costa-verde.com\/wp-content\/uploads\/2024\/06\/Nelson-Maques.jpg\",\"width\":788,\"height\":1144},{\"@type\":\"BreadcrumbList\",\"@id\":\"https:\/\/pro.costa-verde.com\/es\/costa-verde-ha-colaborado-con-nelson-marques-en-su-ultimo-trabajo-chefs-sem-reserva-terceiro-prato\/#breadcrumb\",\"itemListElement\":[{\"@type\":\"ListItem\",\"position\":1,\"name\":\"In\u00edcio\",\"item\":\"https:\/\/pro.costa-verde.com\/es\/\"},{\"@type\":\"ListItem\",\"position\":2,\"name\":\"Costa Verde ha colaborado con Nelson Marques en su \u00faltimo trabajo Chefs Sem Reservas: Terceiro Prato\"}]},{\"@type\":\"WebSite\",\"@id\":\"https:\/\/pro.costa-verde.com\/#website\",\"url\":\"https:\/\/pro.costa-verde.com\/\",\"name\":\"Costa Verde\",\"description\":\"Loja Online\",\"potentialAction\":[{\"@type\":\"SearchAction\",\"target\":{\"@type\":\"EntryPoint\",\"urlTemplate\":\"https:\/\/pro.costa-verde.com\/?s={search_term_string}\"},\"query-input\":{\"@type\":\"PropertyValueSpecification\",\"valueRequired\":true,\"valueName\":\"search_term_string\"}}],\"inLanguage\":\"es\"}]}<\/script>\n<!-- \/ Yoast SEO plugin. -->","yoast_head_json":{"title":"Costa Verde ha colaborado con Nelson Marques en su \u00faltimo trabajo - Costa Verde","description":"Costa Verde ha colaborado con Nelson Marques en su \u00faltimo trabajo Chefs Sem Reservas: Terceiro Prato. Sepa m\u00e1s!","robots":{"index":"index","follow":"follow","max-snippet":"max-snippet:-1","max-image-preview":"max-image-preview:large","max-video-preview":"max-video-preview:-1"},"canonical":"https:\/\/pro.costa-verde.com\/es\/costa-verde-ha-colaborado-con-nelson-marques-en-su-ultimo-trabajo-chefs-sem-reserva-terceiro-prato\/","og_locale":"es_ES","og_type":"article","og_title":"Costa Verde ha colaborado con Nelson Marques en su \u00faltimo trabajo - Costa Verde","og_description":"Costa Verde ha colaborado con Nelson Marques en su \u00faltimo trabajo Chefs Sem Reservas: Terceiro Prato. Sepa m\u00e1s!","og_url":"https:\/\/pro.costa-verde.com\/es\/costa-verde-ha-colaborado-con-nelson-marques-en-su-ultimo-trabajo-chefs-sem-reserva-terceiro-prato\/","og_site_name":"Costa Verde","article_publisher":"https:\/\/www.facebook.com\/costaverdeporcelanas\/","article_modified_time":"2024-06-20T06:59:47+00:00","og_image":[{"width":788,"height":1144,"url":"https:\/\/pro.costa-verde.com\/wp-content\/uploads\/2024\/06\/Nelson-Maques.jpg","type":"image\/jpeg"}],"twitter_card":"summary_large_image","twitter_misc":{"Tiempo de lectura":"3 minutos"},"schema":{"@context":"https:\/\/schema.org","@graph":[{"@type":"WebPage","@id":"https:\/\/pro.costa-verde.com\/es\/costa-verde-ha-colaborado-con-nelson-marques-en-su-ultimo-trabajo-chefs-sem-reserva-terceiro-prato\/","url":"https:\/\/pro.costa-verde.com\/es\/costa-verde-ha-colaborado-con-nelson-marques-en-su-ultimo-trabajo-chefs-sem-reserva-terceiro-prato\/","name":"Costa Verde ha colaborado con Nelson Marques en su \u00faltimo trabajo - Costa Verde","isPartOf":{"@id":"https:\/\/pro.costa-verde.com\/#website"},"primaryImageOfPage":{"@id":"https:\/\/pro.costa-verde.com\/es\/costa-verde-ha-colaborado-con-nelson-marques-en-su-ultimo-trabajo-chefs-sem-reserva-terceiro-prato\/#primaryimage"},"image":{"@id":"https:\/\/pro.costa-verde.com\/es\/costa-verde-ha-colaborado-con-nelson-marques-en-su-ultimo-trabajo-chefs-sem-reserva-terceiro-prato\/#primaryimage"},"thumbnailUrl":"https:\/\/pro.costa-verde.com\/wp-content\/uploads\/2024\/06\/Nelson-Maques.jpg","datePublished":"2024-06-19T14:08:25+00:00","dateModified":"2024-06-20T06:59:47+00:00","description":"Costa Verde ha colaborado con Nelson Marques en su \u00faltimo trabajo Chefs Sem Reservas: Terceiro Prato. Sepa m\u00e1s!","breadcrumb":{"@id":"https:\/\/pro.costa-verde.com\/es\/costa-verde-ha-colaborado-con-nelson-marques-en-su-ultimo-trabajo-chefs-sem-reserva-terceiro-prato\/#breadcrumb"},"inLanguage":"es","potentialAction":[{"@type":"ReadAction","target":["https:\/\/pro.costa-verde.com\/es\/costa-verde-ha-colaborado-con-nelson-marques-en-su-ultimo-trabajo-chefs-sem-reserva-terceiro-prato\/"]}]},{"@type":"ImageObject","inLanguage":"es","@id":"https:\/\/pro.costa-verde.com\/es\/costa-verde-ha-colaborado-con-nelson-marques-en-su-ultimo-trabajo-chefs-sem-reserva-terceiro-prato\/#primaryimage","url":"https:\/\/pro.costa-verde.com\/wp-content\/uploads\/2024\/06\/Nelson-Maques.jpg","contentUrl":"https:\/\/pro.costa-verde.com\/wp-content\/uploads\/2024\/06\/Nelson-Maques.jpg","width":788,"height":1144},{"@type":"BreadcrumbList","@id":"https:\/\/pro.costa-verde.com\/es\/costa-verde-ha-colaborado-con-nelson-marques-en-su-ultimo-trabajo-chefs-sem-reserva-terceiro-prato\/#breadcrumb","itemListElement":[{"@type":"ListItem","position":1,"name":"In\u00edcio","item":"https:\/\/pro.costa-verde.com\/es\/"},{"@type":"ListItem","position":2,"name":"Costa Verde ha colaborado con Nelson Marques en su \u00faltimo trabajo Chefs Sem Reservas: Terceiro Prato"}]},{"@type":"WebSite","@id":"https:\/\/pro.costa-verde.com\/#website","url":"https:\/\/pro.costa-verde.com\/","name":"Costa Verde","description":"Loja Online","potentialAction":[{"@type":"SearchAction","target":{"@type":"EntryPoint","urlTemplate":"https:\/\/pro.costa-verde.com\/?s={search_term_string}"},"query-input":{"@type":"PropertyValueSpecification","valueRequired":true,"valueName":"search_term_string"}}],"inLanguage":"es"}]}},"_links":{"self":[{"href":"https:\/\/pro.costa-verde.com\/es\/wp-json\/wp\/v2\/pages\/59331","targetHints":{"allow":["GET"]}}],"collection":[{"href":"https:\/\/pro.costa-verde.com\/es\/wp-json\/wp\/v2\/pages"}],"about":[{"href":"https:\/\/pro.costa-verde.com\/es\/wp-json\/wp\/v2\/types\/page"}],"author":[{"embeddable":true,"href":"https:\/\/pro.costa-verde.com\/es\/wp-json\/wp\/v2\/users\/438"}],"replies":[{"embeddable":true,"href":"https:\/\/pro.costa-verde.com\/es\/wp-json\/wp\/v2\/comments?post=59331"}],"version-history":[{"count":8,"href":"https:\/\/pro.costa-verde.com\/es\/wp-json\/wp\/v2\/pages\/59331\/revisions"}],"predecessor-version":[{"id":59373,"href":"https:\/\/pro.costa-verde.com\/es\/wp-json\/wp\/v2\/pages\/59331\/revisions\/59373"}],"wp:featuredmedia":[{"embeddable":true,"href":"https:\/\/pro.costa-verde.com\/es\/wp-json\/wp\/v2\/media\/59340"}],"wp:attachment":[{"href":"https:\/\/pro.costa-verde.com\/es\/wp-json\/wp\/v2\/media?parent=59331"}],"curies":[{"name":"wp","href":"https:\/\/api.w.org\/{rel}","templated":true}]}}