{"id":57843,"date":"2024-05-14T16:16:00","date_gmt":"2024-05-14T15:16:00","guid":{"rendered":"https:\/\/pro.costa-verde.com\/?page_id=57843"},"modified":"2024-08-02T10:15:52","modified_gmt":"2024-08-02T09:15:52","slug":"costa-verde-y-el-proyecto-endless-reciben-una-mencion-de-honor-en-el-premio-nacional-de-sostenibilidad","status":"publish","type":"page","link":"https:\/\/pro.costa-verde.com\/es\/costa-verde-y-el-proyecto-endless-reciben-una-mencion-de-honor-en-el-premio-nacional-de-sostenibilidad\/","title":{"rendered":"Costa Verde y el proyecto Endless reciben una Menci\u00f3n de Honor en el Premio Nacional de Sostenibilidad"},"content":{"rendered":"\t\t<div data-elementor-type=\"wp-page\" data-elementor-id=\"57843\" class=\"elementor elementor-57843 elementor-57841\" data-elementor-post-type=\"page\">\n\t\t\t\t\t\t<section class=\"elementor-section elementor-top-section elementor-element elementor-element-04a551c elementor-section-boxed elementor-section-height-default elementor-section-height-default\" data-id=\"04a551c\" data-element_type=\"section\">\n\t\t\t\t\t\t<div class=\"elementor-container elementor-column-gap-default\">\n\t\t\t\t\t<div class=\"elementor-column elementor-col-100 elementor-top-column elementor-element elementor-element-ff50961\" data-id=\"ff50961\" data-element_type=\"column\">\n\t\t\t<div class=\"elementor-widget-wrap elementor-element-populated\">\n\t\t\t\t\t\t<div class=\"elementor-element elementor-element-c9f8c66 elementor-arrows-position-inside elementor-pagination-position-outside elementor-widget elementor-widget-image-carousel\" data-id=\"c9f8c66\" data-element_type=\"widget\" data-settings=\"{&quot;slides_to_show&quot;:&quot;1&quot;,&quot;navigation&quot;:&quot;both&quot;,&quot;autoplay&quot;:&quot;yes&quot;,&quot;pause_on_hover&quot;:&quot;yes&quot;,&quot;pause_on_interaction&quot;:&quot;yes&quot;,&quot;autoplay_speed&quot;:5000,&quot;infinite&quot;:&quot;yes&quot;,&quot;effect&quot;:&quot;slide&quot;,&quot;speed&quot;:500}\" data-widget_type=\"image-carousel.default\">\n\t\t\t\t<div class=\"elementor-widget-container\">\n\t\t\t\t\t\t\t<div class=\"elementor-image-carousel-wrapper swiper\" role=\"region\" aria-roledescription=\"carousel\" aria-label=\"Carrusel de im\u00e1genes\" dir=\"ltr\">\n\t\t\t<div class=\"elementor-image-carousel swiper-wrapper\" aria-live=\"off\">\n\t\t\t\t\t\t\t\t<div class=\"swiper-slide\" role=\"group\" aria-roledescription=\"slide\" aria-label=\"1 de 2\"><figure class=\"swiper-slide-inner\"><img decoding=\"async\" class=\"swiper-slide-image\" src=\"https:\/\/pro.costa-verde.com\/wp-content\/uploads\/2024\/05\/IMG_2380-1024x683.jpg\" alt=\"IMG_2380\" \/><\/figure><\/div><div class=\"swiper-slide\" role=\"group\" aria-roledescription=\"slide\" aria-label=\"2 de 2\"><figure class=\"swiper-slide-inner\"><img decoding=\"async\" class=\"swiper-slide-image\" src=\"https:\/\/pro.costa-verde.com\/wp-content\/uploads\/2024\/05\/IMG_2385-1024x683.jpg\" alt=\"\" \/><\/figure><\/div>\t\t\t<\/div>\n\t\t\t\t\t\t\t\t\t\t\t\t<div class=\"elementor-swiper-button elementor-swiper-button-prev\" role=\"button\" tabindex=\"0\">\n\t\t\t\t\t\t<i aria-hidden=\"true\" class=\"eicon-chevron-left\"><\/i>\t\t\t\t\t<\/div>\n\t\t\t\t\t<div class=\"elementor-swiper-button elementor-swiper-button-next\" role=\"button\" tabindex=\"0\">\n\t\t\t\t\t\t<i aria-hidden=\"true\" class=\"eicon-chevron-right\"><\/i>\t\t\t\t\t<\/div>\n\t\t\t\t\n\t\t\t\t\t\t\t\t\t<div class=\"swiper-pagination\"><\/div>\n\t\t\t\t\t\t\t\t\t<\/div>\n\t\t\t\t\t\t<\/div>\n\t\t\t\t<\/div>\n\t\t\t\t\t<\/div>\n\t\t<\/div>\n\t\t\t\t\t<\/div>\n\t\t<\/section>\n\t\t\t\t<section class=\"elementor-section elementor-top-section elementor-element elementor-element-4e696d57 elementor-section-boxed elementor-section-height-default elementor-section-height-default\" data-id=\"4e696d57\" data-element_type=\"section\">\n\t\t\t\t\t\t<div class=\"elementor-container elementor-column-gap-default\">\n\t\t\t\t\t<div class=\"elementor-column elementor-col-100 elementor-top-column elementor-element elementor-element-7149df70\" data-id=\"7149df70\" data-element_type=\"column\">\n\t\t\t<div class=\"elementor-widget-wrap elementor-element-populated\">\n\t\t\t\t\t\t<div class=\"elementor-element elementor-element-7843fbcb elementor-widget elementor-widget-text-editor\" data-id=\"7843fbcb\" data-element_type=\"widget\" data-widget_type=\"text-editor.default\">\n\t\t\t\t<div class=\"elementor-widget-container\">\n\t\t\t\t\t\t\t\t\t<p style=\"text-align:justify\"><span style=\"font-size: 16px;\">La ceremonia de entrega de la cuarta edici\u00f3n del <b>Premio Nacional de Sostenibilidad<\/b> tuvo lugar el 7 de mayo en <a href=\"https:\/\/www.novasbe.unl.pt\/pt\/\">Nova SBE<\/a>, en la Gran Conferencia Sostenibilidad 20|30.<\/span><\/p>\n<p style=\"text-align:justify\"><span style=\"font-size: 16px;\">El camino hacia la descarbonizaci\u00f3n, la recuperaci\u00f3n de la naturaleza, las nuevas inversiones y negocios ESG, la Inteligencia Artificial, la Econom\u00eda Circular y los compromisos de abril de 1974 desde la perspectiva de los Objetivos de Desarrollo Sostenible de Naciones Unidas fueron los principales temas debatidos en esta edici\u00f3n.<\/span><\/p>\n<p style=\"text-align:justify\"><span style=\"font-size: 16px;\">Con 10 categor\u00edas en juego, <b>Descarbonizaci\u00f3n<\/b>,<b> Econom\u00eda Circular<\/b>, <b>Movilidad Sostenible<\/b>, <b>Preservaci\u00f3n del Capital Natural<\/b>, <b>Bienestar y Ciudades Sostenibles<\/b>, <b>Igualdad<\/b>, <b>Diversidad y Equidad<\/b>,<b> Salud y Bienestar<\/b> en las Organizaciones, <b>Comunicaci\u00f3n de la Sostenibilidad<\/b> y <b>Finanzas Sostenibles<\/b> y <b>Transformaci\u00f3n Digital en Sostenibilidad<\/b>, Costa Verde ha recibido la menci\u00f3n de honor para grandes organizaciones y en la categor\u00eda de Econom\u00eda Circular con su proyecto <b><a href=\"https:\/\/costa-verde.com\/es\/colecciones-gift\/endless-es\/\">Endless<\/a><\/b>, una colecci\u00f3n \u00fanica de ecodise\u00f1o que transforma lodos industriales en piezas de porcelana sostenible.<\/span><\/p>\n<p style=\"text-align:justify\"><span style=\"font-size: 16px;\">La iniciativa, fruto de a\u00f1os de investigaci\u00f3n y desarrollo, tiene como principal objetivo la recuperaci\u00f3n de lodos industriales y su reintroducci\u00f3n en el proceso productivo. Las materias primas utilizadas para producir porcelana son recursos extra\u00eddos de la naturaleza, como caolines, arenas, feldespatos y agua. Todos los efluentes resultantes de los procesos se canalizan a su propia Estaci\u00f3n Depuradora de Aguas Residuales Industriales, con lo que los residuos y el agua se reintroducen en la cadena de valor, con el objetivo de reducir el consumo de recursos naturales y minimizar los impactos ambientales de su funcionamiento.<\/span><\/p>\n<p style=\"text-align:justify\"><span style=\"font-size: 16px;\"><b><a href=\"https:\/\/costa-verde.com\/es\/colecciones-gift\/endless-es\/\">Endless<\/a><\/b> se dise\u00f1a mediante mono cocci\u00f3n, lo que da lugar a piezas diferenciadas y \u00fanicas, que aumentan la percepci\u00f3n del valor del producto, especialmente entre los compradores concienciados con el medio ambiente. La mono cocci\u00f3n genera un ahorro del 35% en energ\u00eda y emisiones de di\u00f3xido de carbono, contribuyendo a la descarbonizaci\u00f3n de la industria.<\/span><\/p>\n<p style=\"text-align:justify\"><span style=\"font-size: 16px;\">Decenas de proyectos se presentaron al concurso y fueron analizados por Deloitte, parcero de conocimiento del premio. Todas estas iniciativas fueron posteriormente analizadas por el jurado de cada categor\u00eda, que en el caso de Econom\u00eda Circular estuvo compuesto por <a href=\"https:\/\/www.linkedin.com\/in\/ant%C3%B3nio-miguel-ferreira-b9a96\/\">Ant\u00f3nio Miguel Ferreira<\/a>, CEO de <a href=\"https:\/\/www.claranet.com\/uk\/\">Claranet Portugal<\/a>, <a href=\"https:\/\/www.linkedin.com\/in\/antonio-nogueira-leite-7a136011\/\">Ant\u00f3nio Nogueira Leite<\/a>, Profesor Titular de la Facultad de Econom\u00eda de la Universidad Nova de Lisboa, <a href=\"https:\/\/www.linkedin.com\/in\/emidiopinheiro\/\">Em\u00eddio Pinheiro<\/a>, Presidente del Consejo de Administraci\u00f3n y CEO de EGF y Helena Pereira, Profesora Titular Em\u00e9rita de la Universidad de Lisboa, y presidido por Paulo Lemos, ex Director General de ENV y ex Secretario de Estado de Medio Ambiente.<\/span><\/p>\n<p style=\"text-align:justify\"><span style=\"font-size: 16px;\">El Premio Nacional de Sostenibilidad es una iniciativa lanzada en 2020 por el Jornal de Neg\u00f3cios y dise\u00f1ada para un horizonte temporal de 10 a\u00f1os, con el objetivo de reconocer, divulgar y premiar las mejores pol\u00edticas y pr\u00e1cticas, en defensa de los tres pilares de la sostenibilidad, con el fin de estimular y sensibilizar a la sociedad sobre la creciente importancia e impacto de la aplicaci\u00f3n de los principios de la Sostenibilidad en el d\u00eda a d\u00eda de los diferentes tipos de Entidades P\u00fablicas, Privadas, Colectivas e Individuales y su relaci\u00f3n con las diversas \u00e1reas de la sociedad y del conocimiento.<\/span><\/p>\n<p style=\"text-align:justify\"><span style=\"font-size: 16px;\">Costa Verde ve esta distinci\u00f3n como un reconocimiento a todo el trabajo realizado a lo largo de su existencia, fuertemente apalancado por pol\u00edticas de sostenibilidad, en una unidad de producci\u00f3n que es una de las m\u00e1s avanzadas del mundo y que cuenta con un alt\u00edsimo nivel de certificaci\u00f3n.<\/span><\/p>\t\t\t\t\t\t\t\t<\/div>\n\t\t\t\t<\/div>\n\t\t\t\t\t<\/div>\n\t\t<\/div>\n\t\t\t\t\t<\/div>\n\t\t<\/section>\n\t\t\t\t<\/div>\n\t\t","protected":false},"excerpt":{"rendered":"<p>Anterior Seguinte La ceremonia de entrega de la cuarta edici\u00f3n del Premio Nacional de Sostenibilidad tuvo lugar el 7 de mayo en Nova SBE, en la Gran Conferencia Sostenibilidad 20|30. El camino hacia la descarbonizaci\u00f3n, la recuperaci\u00f3n de la naturaleza, las nuevas inversiones y negocios ESG, la Inteligencia Artificial, la Econom\u00eda Circular y los compromisos [&hellip;]<\/p>\n","protected":false},"author":438,"featured_media":57848,"parent":0,"menu_order":0,"comment_status":"open","ping_status":"closed","template":"","meta":{"footnotes":""},"class_list":["post-57843","page","type-page","status-publish","has-post-thumbnail","hentry"],"yoast_head":"<!-- This site is optimized with the Yoast SEO plugin v26.9 - https:\/\/yoast.com\/product\/yoast-seo-wordpress\/ -->\n<title>Costa Verde y el proyecto Endless reciben una Menci\u00f3n de Honor<\/title>\n<meta name=\"robots\" content=\"index, follow, max-snippet:-1, max-image-preview:large, max-video-preview:-1\" \/>\n<link rel=\"canonical\" href=\"https:\/\/pro.costa-verde.com\/costa-verde-e-projeto-endless-recebem-mencao-honrosa-no-premio-nacional-de-sustentabilidade\/\" \/>\n<meta property=\"og:locale\" content=\"es_ES\" \/>\n<meta property=\"og:type\" content=\"article\" \/>\n<meta property=\"og:title\" content=\"Costa Verde y el proyecto Endless reciben una Menci\u00f3n de Honor\" \/>\n<meta property=\"og:description\" content=\"Anterior Seguinte La ceremonia de entrega de la cuarta edici\u00f3n del Premio Nacional de Sostenibilidad tuvo lugar el 7 de mayo en Nova SBE, en la Gran Conferencia Sostenibilidad 20|30. El camino hacia la descarbonizaci\u00f3n, la recuperaci\u00f3n de la naturaleza, las nuevas inversiones y negocios ESG, la Inteligencia Artificial, la Econom\u00eda Circular y los compromisos [&hellip;]\" \/>\n<meta property=\"og:url\" content=\"https:\/\/pro.costa-verde.com\/costa-verde-e-projeto-endless-recebem-mencao-honrosa-no-premio-nacional-de-sustentabilidade\/\" \/>\n<meta property=\"og:site_name\" content=\"Costa Verde\" \/>\n<meta property=\"article:publisher\" content=\"https:\/\/www.facebook.com\/costaverdeporcelanas\/\" \/>\n<meta property=\"article:modified_time\" content=\"2024-08-02T09:15:52+00:00\" \/>\n<meta property=\"og:image\" content=\"https:\/\/pro.costa-verde.com\/wp-content\/uploads\/2024\/05\/IMG_2380.jpg\" \/>\n\t<meta property=\"og:image:width\" content=\"1920\" \/>\n\t<meta property=\"og:image:height\" content=\"1280\" \/>\n\t<meta property=\"og:image:type\" content=\"image\/jpeg\" \/>\n<meta name=\"twitter:card\" content=\"summary_large_image\" \/>\n<meta name=\"twitter:label1\" content=\"Tiempo de lectura\" \/>\n\t<meta name=\"twitter:data1\" content=\"4 minutos\" \/>\n<script type=\"application\/ld+json\" class=\"yoast-schema-graph\">{\"@context\":\"https:\/\/schema.org\",\"@graph\":[{\"@type\":\"WebPage\",\"@id\":\"https:\/\/pro.costa-verde.com\/costa-verde-e-projeto-endless-recebem-mencao-honrosa-no-premio-nacional-de-sustentabilidade\/\",\"url\":\"https:\/\/pro.costa-verde.com\/costa-verde-e-projeto-endless-recebem-mencao-honrosa-no-premio-nacional-de-sustentabilidade\/\",\"name\":\"Costa Verde y el proyecto Endless reciben una Menci\u00f3n de Honor\",\"isPartOf\":{\"@id\":\"https:\/\/pro.costa-verde.com\/#website\"},\"primaryImageOfPage\":{\"@id\":\"https:\/\/pro.costa-verde.com\/costa-verde-e-projeto-endless-recebem-mencao-honrosa-no-premio-nacional-de-sustentabilidade\/#primaryimage\"},\"image\":{\"@id\":\"https:\/\/pro.costa-verde.com\/costa-verde-e-projeto-endless-recebem-mencao-honrosa-no-premio-nacional-de-sustentabilidade\/#primaryimage\"},\"thumbnailUrl\":\"https:\/\/pro.costa-verde.com\/wp-content\/uploads\/2024\/05\/IMG_2380.jpg\",\"datePublished\":\"2024-05-14T15:16:00+00:00\",\"dateModified\":\"2024-08-02T09:15:52+00:00\",\"breadcrumb\":{\"@id\":\"https:\/\/pro.costa-verde.com\/costa-verde-e-projeto-endless-recebem-mencao-honrosa-no-premio-nacional-de-sustentabilidade\/#breadcrumb\"},\"inLanguage\":\"es\",\"potentialAction\":[{\"@type\":\"ReadAction\",\"target\":[\"https:\/\/pro.costa-verde.com\/costa-verde-e-projeto-endless-recebem-mencao-honrosa-no-premio-nacional-de-sustentabilidade\/\"]}]},{\"@type\":\"ImageObject\",\"inLanguage\":\"es\",\"@id\":\"https:\/\/pro.costa-verde.com\/costa-verde-e-projeto-endless-recebem-mencao-honrosa-no-premio-nacional-de-sustentabilidade\/#primaryimage\",\"url\":\"https:\/\/pro.costa-verde.com\/wp-content\/uploads\/2024\/05\/IMG_2380.jpg\",\"contentUrl\":\"https:\/\/pro.costa-verde.com\/wp-content\/uploads\/2024\/05\/IMG_2380.jpg\",\"width\":1920,\"height\":1280},{\"@type\":\"BreadcrumbList\",\"@id\":\"https:\/\/pro.costa-verde.com\/costa-verde-e-projeto-endless-recebem-mencao-honrosa-no-premio-nacional-de-sustentabilidade\/#breadcrumb\",\"itemListElement\":[{\"@type\":\"ListItem\",\"position\":1,\"name\":\"In\u00edcio\",\"item\":\"https:\/\/pro.costa-verde.com\/es\/\"},{\"@type\":\"ListItem\",\"position\":2,\"name\":\"Costa Verde y el proyecto Endless reciben una Menci\u00f3n de Honor en el Premio Nacional de Sostenibilidad\"}]},{\"@type\":\"WebSite\",\"@id\":\"https:\/\/pro.costa-verde.com\/#website\",\"url\":\"https:\/\/pro.costa-verde.com\/\",\"name\":\"Costa Verde\",\"description\":\"Loja Online\",\"potentialAction\":[{\"@type\":\"SearchAction\",\"target\":{\"@type\":\"EntryPoint\",\"urlTemplate\":\"https:\/\/pro.costa-verde.com\/?s={search_term_string}\"},\"query-input\":{\"@type\":\"PropertyValueSpecification\",\"valueRequired\":true,\"valueName\":\"search_term_string\"}}],\"inLanguage\":\"es\"}]}<\/script>\n<!-- \/ Yoast SEO plugin. -->","yoast_head_json":{"title":"Costa Verde y el proyecto Endless reciben una Menci\u00f3n de Honor","robots":{"index":"index","follow":"follow","max-snippet":"max-snippet:-1","max-image-preview":"max-image-preview:large","max-video-preview":"max-video-preview:-1"},"canonical":"https:\/\/pro.costa-verde.com\/costa-verde-e-projeto-endless-recebem-mencao-honrosa-no-premio-nacional-de-sustentabilidade\/","og_locale":"es_ES","og_type":"article","og_title":"Costa Verde y el proyecto Endless reciben una Menci\u00f3n de Honor","og_description":"Anterior Seguinte La ceremonia de entrega de la cuarta edici\u00f3n del Premio Nacional de Sostenibilidad tuvo lugar el 7 de mayo en Nova SBE, en la Gran Conferencia Sostenibilidad 20|30. El camino hacia la descarbonizaci\u00f3n, la recuperaci\u00f3n de la naturaleza, las nuevas inversiones y negocios ESG, la Inteligencia Artificial, la Econom\u00eda Circular y los compromisos [&hellip;]","og_url":"https:\/\/pro.costa-verde.com\/costa-verde-e-projeto-endless-recebem-mencao-honrosa-no-premio-nacional-de-sustentabilidade\/","og_site_name":"Costa Verde","article_publisher":"https:\/\/www.facebook.com\/costaverdeporcelanas\/","article_modified_time":"2024-08-02T09:15:52+00:00","og_image":[{"width":1920,"height":1280,"url":"https:\/\/pro.costa-verde.com\/wp-content\/uploads\/2024\/05\/IMG_2380.jpg","type":"image\/jpeg"}],"twitter_card":"summary_large_image","twitter_misc":{"Tiempo de lectura":"4 minutos"},"schema":{"@context":"https:\/\/schema.org","@graph":[{"@type":"WebPage","@id":"https:\/\/pro.costa-verde.com\/costa-verde-e-projeto-endless-recebem-mencao-honrosa-no-premio-nacional-de-sustentabilidade\/","url":"https:\/\/pro.costa-verde.com\/costa-verde-e-projeto-endless-recebem-mencao-honrosa-no-premio-nacional-de-sustentabilidade\/","name":"Costa Verde y el proyecto Endless reciben una Menci\u00f3n de Honor","isPartOf":{"@id":"https:\/\/pro.costa-verde.com\/#website"},"primaryImageOfPage":{"@id":"https:\/\/pro.costa-verde.com\/costa-verde-e-projeto-endless-recebem-mencao-honrosa-no-premio-nacional-de-sustentabilidade\/#primaryimage"},"image":{"@id":"https:\/\/pro.costa-verde.com\/costa-verde-e-projeto-endless-recebem-mencao-honrosa-no-premio-nacional-de-sustentabilidade\/#primaryimage"},"thumbnailUrl":"https:\/\/pro.costa-verde.com\/wp-content\/uploads\/2024\/05\/IMG_2380.jpg","datePublished":"2024-05-14T15:16:00+00:00","dateModified":"2024-08-02T09:15:52+00:00","breadcrumb":{"@id":"https:\/\/pro.costa-verde.com\/costa-verde-e-projeto-endless-recebem-mencao-honrosa-no-premio-nacional-de-sustentabilidade\/#breadcrumb"},"inLanguage":"es","potentialAction":[{"@type":"ReadAction","target":["https:\/\/pro.costa-verde.com\/costa-verde-e-projeto-endless-recebem-mencao-honrosa-no-premio-nacional-de-sustentabilidade\/"]}]},{"@type":"ImageObject","inLanguage":"es","@id":"https:\/\/pro.costa-verde.com\/costa-verde-e-projeto-endless-recebem-mencao-honrosa-no-premio-nacional-de-sustentabilidade\/#primaryimage","url":"https:\/\/pro.costa-verde.com\/wp-content\/uploads\/2024\/05\/IMG_2380.jpg","contentUrl":"https:\/\/pro.costa-verde.com\/wp-content\/uploads\/2024\/05\/IMG_2380.jpg","width":1920,"height":1280},{"@type":"BreadcrumbList","@id":"https:\/\/pro.costa-verde.com\/costa-verde-e-projeto-endless-recebem-mencao-honrosa-no-premio-nacional-de-sustentabilidade\/#breadcrumb","itemListElement":[{"@type":"ListItem","position":1,"name":"In\u00edcio","item":"https:\/\/pro.costa-verde.com\/es\/"},{"@type":"ListItem","position":2,"name":"Costa Verde y el proyecto Endless reciben una Menci\u00f3n de Honor en el Premio Nacional de Sostenibilidad"}]},{"@type":"WebSite","@id":"https:\/\/pro.costa-verde.com\/#website","url":"https:\/\/pro.costa-verde.com\/","name":"Costa Verde","description":"Loja Online","potentialAction":[{"@type":"SearchAction","target":{"@type":"EntryPoint","urlTemplate":"https:\/\/pro.costa-verde.com\/?s={search_term_string}"},"query-input":{"@type":"PropertyValueSpecification","valueRequired":true,"valueName":"search_term_string"}}],"inLanguage":"es"}]}},"_links":{"self":[{"href":"https:\/\/pro.costa-verde.com\/es\/wp-json\/wp\/v2\/pages\/57843","targetHints":{"allow":["GET"]}}],"collection":[{"href":"https:\/\/pro.costa-verde.com\/es\/wp-json\/wp\/v2\/pages"}],"about":[{"href":"https:\/\/pro.costa-verde.com\/es\/wp-json\/wp\/v2\/types\/page"}],"author":[{"embeddable":true,"href":"https:\/\/pro.costa-verde.com\/es\/wp-json\/wp\/v2\/users\/438"}],"replies":[{"embeddable":true,"href":"https:\/\/pro.costa-verde.com\/es\/wp-json\/wp\/v2\/comments?post=57843"}],"version-history":[{"count":6,"href":"https:\/\/pro.costa-verde.com\/es\/wp-json\/wp\/v2\/pages\/57843\/revisions"}],"predecessor-version":[{"id":60078,"href":"https:\/\/pro.costa-verde.com\/es\/wp-json\/wp\/v2\/pages\/57843\/revisions\/60078"}],"wp:featuredmedia":[{"embeddable":true,"href":"https:\/\/pro.costa-verde.com\/es\/wp-json\/wp\/v2\/media\/57848"}],"wp:attachment":[{"href":"https:\/\/pro.costa-verde.com\/es\/wp-json\/wp\/v2\/media?parent=57843"}],"curies":[{"name":"wp","href":"https:\/\/api.w.org\/{rel}","templated":true}]}}