{"id":57528,"date":"2024-04-19T10:53:29","date_gmt":"2024-04-19T09:53:29","guid":{"rendered":"https:\/\/pro.costa-verde.com\/?page_id=57528"},"modified":"2024-04-29T17:10:13","modified_gmt":"2024-04-29T16:10:13","slug":"los-dos-primeros-finalistas-para-el-premio-de-chefe-do-ano-2024","status":"publish","type":"page","link":"https:\/\/pro.costa-verde.com\/es\/los-dos-primeros-finalistas-para-el-premio-de-chefe-do-ano-2024\/","title":{"rendered":"Los dos primeros finalistas para el premio de Chefe do Ano 2024 ya han sido descubiertos"},"content":{"rendered":"\t\t<div data-elementor-type=\"wp-page\" data-elementor-id=\"57528\" class=\"elementor elementor-57528 elementor-57526\" data-elementor-post-type=\"page\">\n\t\t\t\t\t\t<section class=\"elementor-section elementor-top-section elementor-element elementor-element-4e696d57 elementor-section-boxed elementor-section-height-default elementor-section-height-default\" data-id=\"4e696d57\" data-element_type=\"section\">\n\t\t\t\t\t\t<div class=\"elementor-container elementor-column-gap-default\">\n\t\t\t\t\t<div class=\"elementor-column elementor-col-100 elementor-top-column elementor-element elementor-element-7149df70\" data-id=\"7149df70\" data-element_type=\"column\">\n\t\t\t<div class=\"elementor-widget-wrap elementor-element-populated\">\n\t\t\t\t\t\t<div class=\"elementor-element elementor-element-3311861 elementor-widget elementor-widget-image\" data-id=\"3311861\" data-element_type=\"widget\" data-widget_type=\"image.default\">\n\t\t\t\t<div class=\"elementor-widget-container\">\n\t\t\t\t\t\t\t\t\t\t\t\t\t\t\t<img fetchpriority=\"high\" decoding=\"async\" width=\"1024\" height=\"681\" src=\"https:\/\/pro.costa-verde.com\/wp-content\/uploads\/2024\/04\/@joaobeijinho-64-of-70-1024x681.jpg\" class=\"attachment-large size-large wp-image-57533\" alt=\"\" srcset=\"https:\/\/pro.costa-verde.com\/wp-content\/uploads\/2024\/04\/@joaobeijinho-64-of-70-1024x681.jpg 1024w, https:\/\/pro.costa-verde.com\/wp-content\/uploads\/2024\/04\/@joaobeijinho-64-of-70-300x200.jpg 300w, https:\/\/pro.costa-verde.com\/wp-content\/uploads\/2024\/04\/@joaobeijinho-64-of-70-768x511.jpg 768w, https:\/\/pro.costa-verde.com\/wp-content\/uploads\/2024\/04\/@joaobeijinho-64-of-70-1536x1022.jpg 1536w, https:\/\/pro.costa-verde.com\/wp-content\/uploads\/2024\/04\/@joaobeijinho-64-of-70-600x399.jpg 600w, https:\/\/pro.costa-verde.com\/wp-content\/uploads\/2024\/04\/@joaobeijinho-64-of-70-120x80.jpg 120w, https:\/\/pro.costa-verde.com\/wp-content\/uploads\/2024\/04\/@joaobeijinho-64-of-70.jpg 1920w\" sizes=\"(max-width: 1024px) 100vw, 1024px\" \/>\t\t\t\t\t\t\t\t\t\t\t\t\t\t\t<\/div>\n\t\t\t\t<\/div>\n\t\t\t\t<div class=\"elementor-element elementor-element-7843fbcb elementor-widget elementor-widget-text-editor\" data-id=\"7843fbcb\" data-element_type=\"widget\" data-widget_type=\"text-editor.default\">\n\t\t\t\t<div class=\"elementor-widget-container\">\n\t\t\t\t\t\t\t\t\t<p>El mi\u00e9rcoles pasado, dia 17 de abril, la <a href=\"https:\/\/escolas.turismodeportugal.pt\/escola\/estoril\/\"><strong>Escuela de Hosteler\u00eda y Turismo de Estoril<\/strong><\/a> acogi\u00f3 la segunda etapa regional de la 35\u00aa edici\u00f3n del Chefe do Ano, que consagr\u00f3 a <a href=\"https:\/\/www.linkedin.com\/in\/m%C3%A1rio-santos-a02900121\/?originalSubdomain=pt\"><strong>M\u00e1rio Santos (Rossio Gastrobar &#8211; Altis Avenida, Lisboa)<\/strong><\/a> como ganador.<\/p>\n<p>Tras esta eliminatoria, ya est\u00e1n clasificados dos de los finalistas del concurso, cuya primera etapa, celebrada el 10 de abril en la <a href=\"https:\/\/escolas.turismodeportugal.pt\/escola\/porto\/\"><strong>Escuela de Hosteler\u00eda y Turismo de Oporto<\/strong><\/a>, tuvo como ganador a <a href=\"https:\/\/www.linkedin.com\/in\/jo%C3%A3o-costa-a26150b4\/?originalSubdomain=pt\"><strong>Jo\u00e3o Costa (Euskalduna Studio, Oporto)<\/strong><\/a>, quien ya hab\u00eda conquistado la categor\u00eda Cocina Makro del Joven Talento de la Gastronom\u00eda en 2015, y el premio JTG &#8216;Modernidad y Tradici\u00f3n&#8217;, en 2018.<\/p>\n<p>Finalizadas las dos primeras etapas del concurso nacional de cocina para profesionales m\u00e1s antiguo de Portugal, es el turno de la <a href=\"https:\/\/escolas.turismodeportugal.pt\/escola\/portimao\/\"><strong>Escuela de Hosteler\u00eda y Turismo de Portim\u00e3o<\/strong><\/a> para acoger la etapa sur de la edici\u00f3n de 2024, el pr\u00f3ximo 23 de abril.<\/p>\n<p>Costa Verde felicita por la dedicaci\u00f3n, el esfuerzo y el excelente trabajo realizado hasta el momento, deseando a todos mucho \u00e9xito y grandes logros.<\/p>\t\t\t\t\t\t\t\t<\/div>\n\t\t\t\t<\/div>\n\t\t\t\t\t<\/div>\n\t\t<\/div>\n\t\t\t\t\t<\/div>\n\t\t<\/section>\n\t\t\t\t<section class=\"elementor-section elementor-top-section elementor-element elementor-element-463b0f6 elementor-section-boxed elementor-section-height-default elementor-section-height-default\" data-id=\"463b0f6\" data-element_type=\"section\">\n\t\t\t\t\t\t<div class=\"elementor-container elementor-column-gap-default\">\n\t\t\t\t\t<div class=\"elementor-column elementor-col-50 elementor-top-column elementor-element elementor-element-0776134\" data-id=\"0776134\" data-element_type=\"column\">\n\t\t\t<div class=\"elementor-widget-wrap elementor-element-populated\">\n\t\t\t\t\t\t<div class=\"elementor-element elementor-element-a608022 elementor-widget elementor-widget-image\" data-id=\"a608022\" data-element_type=\"widget\" data-widget_type=\"image.default\">\n\t\t\t\t<div class=\"elementor-widget-container\">\n\t\t\t\t\t\t\t\t\t\t\t\t<figure class=\"wp-caption\">\n\t\t\t\t\t\t\t\t\t\t<img decoding=\"async\" width=\"1024\" height=\"683\" src=\"https:\/\/pro.costa-verde.com\/wp-content\/uploads\/2024\/04\/@joaobeijinho-4-of-7_cut1-1024x683.jpg\" class=\"attachment-large size-large wp-image-57552\" alt=\"\" srcset=\"https:\/\/pro.costa-verde.com\/wp-content\/uploads\/2024\/04\/@joaobeijinho-4-of-7_cut1-1024x683.jpg 1024w, https:\/\/pro.costa-verde.com\/wp-content\/uploads\/2024\/04\/@joaobeijinho-4-of-7_cut1-300x200.jpg 300w, https:\/\/pro.costa-verde.com\/wp-content\/uploads\/2024\/04\/@joaobeijinho-4-of-7_cut1-768x512.jpg 768w, https:\/\/pro.costa-verde.com\/wp-content\/uploads\/2024\/04\/@joaobeijinho-4-of-7_cut1-1536x1024.jpg 1536w, https:\/\/pro.costa-verde.com\/wp-content\/uploads\/2024\/04\/@joaobeijinho-4-of-7_cut1-600x400.jpg 600w, https:\/\/pro.costa-verde.com\/wp-content\/uploads\/2024\/04\/@joaobeijinho-4-of-7_cut1-120x80.jpg 120w, https:\/\/pro.costa-verde.com\/wp-content\/uploads\/2024\/04\/@joaobeijinho-4-of-7_cut1.jpg 1920w\" sizes=\"(max-width: 1024px) 100vw, 1024px\" \/>\t\t\t\t\t\t\t\t\t\t\t<figcaption class=\"widget-image-caption wp-caption-text\">Chefe M\u00e1rio Santos <\/figcaption>\n\t\t\t\t\t\t\t\t\t\t<\/figure>\n\t\t\t\t\t\t\t\t\t<\/div>\n\t\t\t\t<\/div>\n\t\t\t\t\t<\/div>\n\t\t<\/div>\n\t\t\t\t<div class=\"elementor-column elementor-col-50 elementor-top-column elementor-element elementor-element-b35427e\" data-id=\"b35427e\" data-element_type=\"column\">\n\t\t\t<div class=\"elementor-widget-wrap elementor-element-populated\">\n\t\t\t\t\t\t<div class=\"elementor-element elementor-element-858c492 elementor-widget elementor-widget-image\" data-id=\"858c492\" data-element_type=\"widget\" data-widget_type=\"image.default\">\n\t\t\t\t<div class=\"elementor-widget-container\">\n\t\t\t\t\t\t\t\t\t\t\t\t<figure class=\"wp-caption\">\n\t\t\t\t\t\t\t\t\t\t<img decoding=\"async\" width=\"1024\" height=\"684\" src=\"https:\/\/pro.costa-verde.com\/wp-content\/uploads\/2024\/04\/@joaobeijinho-171-of-276-1024x684.jpg\" class=\"attachment-large size-large wp-image-57537\" alt=\"\" srcset=\"https:\/\/pro.costa-verde.com\/wp-content\/uploads\/2024\/04\/@joaobeijinho-171-of-276-1024x684.jpg 1024w, https:\/\/pro.costa-verde.com\/wp-content\/uploads\/2024\/04\/@joaobeijinho-171-of-276-300x200.jpg 300w, https:\/\/pro.costa-verde.com\/wp-content\/uploads\/2024\/04\/@joaobeijinho-171-of-276-768x513.jpg 768w, https:\/\/pro.costa-verde.com\/wp-content\/uploads\/2024\/04\/@joaobeijinho-171-of-276-1536x1026.jpg 1536w, https:\/\/pro.costa-verde.com\/wp-content\/uploads\/2024\/04\/@joaobeijinho-171-of-276-600x401.jpg 600w, https:\/\/pro.costa-verde.com\/wp-content\/uploads\/2024\/04\/@joaobeijinho-171-of-276-120x80.jpg 120w, https:\/\/pro.costa-verde.com\/wp-content\/uploads\/2024\/04\/@joaobeijinho-171-of-276.jpg 1920w\" sizes=\"(max-width: 1024px) 100vw, 1024px\" \/>\t\t\t\t\t\t\t\t\t\t\t<figcaption class=\"widget-image-caption wp-caption-text\">Chefe Jo\u00e3o Costa <\/figcaption>\n\t\t\t\t\t\t\t\t\t\t<\/figure>\n\t\t\t\t\t\t\t\t\t<\/div>\n\t\t\t\t<\/div>\n\t\t\t\t\t<\/div>\n\t\t<\/div>\n\t\t\t\t\t<\/div>\n\t\t<\/section>\n\t\t\t\t<\/div>\n\t\t","protected":false},"excerpt":{"rendered":"<p>El mi\u00e9rcoles pasado, dia 17 de abril, la Escuela de Hosteler\u00eda y Turismo de Estoril acogi\u00f3 la segunda etapa regional de la 35\u00aa edici\u00f3n del Chefe do Ano, que consagr\u00f3 a M\u00e1rio Santos (Rossio Gastrobar &#8211; Altis Avenida, Lisboa) como ganador. Tras esta eliminatoria, ya est\u00e1n clasificados dos de los finalistas del concurso, cuya primera [&hellip;]<\/p>\n","protected":false},"author":438,"featured_media":57533,"parent":0,"menu_order":0,"comment_status":"open","ping_status":"closed","template":"","meta":{"footnotes":""},"class_list":["post-57528","page","type-page","status-publish","has-post-thumbnail","hentry"],"yoast_head":"<!-- This site is optimized with the Yoast SEO plugin v26.9 - https:\/\/yoast.com\/product\/yoast-seo-wordpress\/ -->\n<title>Los dos primeros finalistas para el premio de Chefe do Ano 2024 - Costa Verde<\/title>\n<meta name=\"description\" content=\"Dos de los 3 finalistas al premio de Chef del A\u00f1o de 2024 ya han sido descubiertos. \u00a1Descubre m\u00e1s!\" \/>\n<meta name=\"robots\" content=\"index, follow, max-snippet:-1, max-image-preview:large, max-video-preview:-1\" \/>\n<link rel=\"canonical\" href=\"https:\/\/pro.costa-verde.com\/es\/los-dos-primeros-finalistas-para-el-premio-de-chefe-do-ano-2024\/\" \/>\n<meta property=\"og:locale\" content=\"es_ES\" \/>\n<meta property=\"og:type\" content=\"article\" \/>\n<meta property=\"og:title\" content=\"Los dos primeros finalistas para el premio de Chefe do Ano 2024 - Costa Verde\" \/>\n<meta property=\"og:description\" content=\"Dos de los 3 finalistas al premio de Chef del A\u00f1o de 2024 ya han sido descubiertos. \u00a1Descubre m\u00e1s!\" \/>\n<meta property=\"og:url\" content=\"https:\/\/pro.costa-verde.com\/es\/los-dos-primeros-finalistas-para-el-premio-de-chefe-do-ano-2024\/\" \/>\n<meta property=\"og:site_name\" content=\"Costa Verde\" \/>\n<meta property=\"article:publisher\" content=\"https:\/\/www.facebook.com\/costaverdeporcelanas\/\" \/>\n<meta property=\"article:modified_time\" content=\"2024-04-29T16:10:13+00:00\" \/>\n<meta property=\"og:image\" content=\"https:\/\/pro.costa-verde.com\/wp-content\/uploads\/2024\/04\/@joaobeijinho-64-of-70.jpg\" \/>\n\t<meta property=\"og:image:width\" content=\"1920\" \/>\n\t<meta property=\"og:image:height\" content=\"1277\" \/>\n\t<meta property=\"og:image:type\" content=\"image\/jpeg\" \/>\n<meta name=\"twitter:card\" content=\"summary_large_image\" \/>\n<meta name=\"twitter:label1\" content=\"Tiempo de lectura\" \/>\n\t<meta name=\"twitter:data1\" content=\"2 minutos\" \/>\n<script type=\"application\/ld+json\" class=\"yoast-schema-graph\">{\"@context\":\"https:\/\/schema.org\",\"@graph\":[{\"@type\":\"WebPage\",\"@id\":\"https:\/\/pro.costa-verde.com\/es\/los-dos-primeros-finalistas-para-el-premio-de-chefe-do-ano-2024\/\",\"url\":\"https:\/\/pro.costa-verde.com\/es\/los-dos-primeros-finalistas-para-el-premio-de-chefe-do-ano-2024\/\",\"name\":\"Los dos primeros finalistas para el premio de Chefe do Ano 2024 - Costa Verde\",\"isPartOf\":{\"@id\":\"https:\/\/pro.costa-verde.com\/#website\"},\"primaryImageOfPage\":{\"@id\":\"https:\/\/pro.costa-verde.com\/es\/los-dos-primeros-finalistas-para-el-premio-de-chefe-do-ano-2024\/#primaryimage\"},\"image\":{\"@id\":\"https:\/\/pro.costa-verde.com\/es\/los-dos-primeros-finalistas-para-el-premio-de-chefe-do-ano-2024\/#primaryimage\"},\"thumbnailUrl\":\"https:\/\/pro.costa-verde.com\/wp-content\/uploads\/2024\/04\/@joaobeijinho-64-of-70.jpg\",\"datePublished\":\"2024-04-19T09:53:29+00:00\",\"dateModified\":\"2024-04-29T16:10:13+00:00\",\"description\":\"Dos de los 3 finalistas al premio de Chef del A\u00f1o de 2024 ya han sido descubiertos. \u00a1Descubre m\u00e1s!\",\"breadcrumb\":{\"@id\":\"https:\/\/pro.costa-verde.com\/es\/los-dos-primeros-finalistas-para-el-premio-de-chefe-do-ano-2024\/#breadcrumb\"},\"inLanguage\":\"es\",\"potentialAction\":[{\"@type\":\"ReadAction\",\"target\":[\"https:\/\/pro.costa-verde.com\/es\/los-dos-primeros-finalistas-para-el-premio-de-chefe-do-ano-2024\/\"]}]},{\"@type\":\"ImageObject\",\"inLanguage\":\"es\",\"@id\":\"https:\/\/pro.costa-verde.com\/es\/los-dos-primeros-finalistas-para-el-premio-de-chefe-do-ano-2024\/#primaryimage\",\"url\":\"https:\/\/pro.costa-verde.com\/wp-content\/uploads\/2024\/04\/@joaobeijinho-64-of-70.jpg\",\"contentUrl\":\"https:\/\/pro.costa-verde.com\/wp-content\/uploads\/2024\/04\/@joaobeijinho-64-of-70.jpg\",\"width\":1920,\"height\":1277},{\"@type\":\"BreadcrumbList\",\"@id\":\"https:\/\/pro.costa-verde.com\/es\/los-dos-primeros-finalistas-para-el-premio-de-chefe-do-ano-2024\/#breadcrumb\",\"itemListElement\":[{\"@type\":\"ListItem\",\"position\":1,\"name\":\"In\u00edcio\",\"item\":\"https:\/\/pro.costa-verde.com\/es\/\"},{\"@type\":\"ListItem\",\"position\":2,\"name\":\"Los dos primeros finalistas para el premio de Chefe do Ano 2024 ya han sido descubiertos\"}]},{\"@type\":\"WebSite\",\"@id\":\"https:\/\/pro.costa-verde.com\/#website\",\"url\":\"https:\/\/pro.costa-verde.com\/\",\"name\":\"Costa Verde\",\"description\":\"Loja Online\",\"potentialAction\":[{\"@type\":\"SearchAction\",\"target\":{\"@type\":\"EntryPoint\",\"urlTemplate\":\"https:\/\/pro.costa-verde.com\/?s={search_term_string}\"},\"query-input\":{\"@type\":\"PropertyValueSpecification\",\"valueRequired\":true,\"valueName\":\"search_term_string\"}}],\"inLanguage\":\"es\"}]}<\/script>\n<!-- \/ Yoast SEO plugin. -->","yoast_head_json":{"title":"Los dos primeros finalistas para el premio de Chefe do Ano 2024 - Costa Verde","description":"Dos de los 3 finalistas al premio de Chef del A\u00f1o de 2024 ya han sido descubiertos. \u00a1Descubre m\u00e1s!","robots":{"index":"index","follow":"follow","max-snippet":"max-snippet:-1","max-image-preview":"max-image-preview:large","max-video-preview":"max-video-preview:-1"},"canonical":"https:\/\/pro.costa-verde.com\/es\/los-dos-primeros-finalistas-para-el-premio-de-chefe-do-ano-2024\/","og_locale":"es_ES","og_type":"article","og_title":"Los dos primeros finalistas para el premio de Chefe do Ano 2024 - Costa Verde","og_description":"Dos de los 3 finalistas al premio de Chef del A\u00f1o de 2024 ya han sido descubiertos. \u00a1Descubre m\u00e1s!","og_url":"https:\/\/pro.costa-verde.com\/es\/los-dos-primeros-finalistas-para-el-premio-de-chefe-do-ano-2024\/","og_site_name":"Costa Verde","article_publisher":"https:\/\/www.facebook.com\/costaverdeporcelanas\/","article_modified_time":"2024-04-29T16:10:13+00:00","og_image":[{"width":1920,"height":1277,"url":"https:\/\/pro.costa-verde.com\/wp-content\/uploads\/2024\/04\/@joaobeijinho-64-of-70.jpg","type":"image\/jpeg"}],"twitter_card":"summary_large_image","twitter_misc":{"Tiempo de lectura":"2 minutos"},"schema":{"@context":"https:\/\/schema.org","@graph":[{"@type":"WebPage","@id":"https:\/\/pro.costa-verde.com\/es\/los-dos-primeros-finalistas-para-el-premio-de-chefe-do-ano-2024\/","url":"https:\/\/pro.costa-verde.com\/es\/los-dos-primeros-finalistas-para-el-premio-de-chefe-do-ano-2024\/","name":"Los dos primeros finalistas para el premio de Chefe do Ano 2024 - Costa Verde","isPartOf":{"@id":"https:\/\/pro.costa-verde.com\/#website"},"primaryImageOfPage":{"@id":"https:\/\/pro.costa-verde.com\/es\/los-dos-primeros-finalistas-para-el-premio-de-chefe-do-ano-2024\/#primaryimage"},"image":{"@id":"https:\/\/pro.costa-verde.com\/es\/los-dos-primeros-finalistas-para-el-premio-de-chefe-do-ano-2024\/#primaryimage"},"thumbnailUrl":"https:\/\/pro.costa-verde.com\/wp-content\/uploads\/2024\/04\/@joaobeijinho-64-of-70.jpg","datePublished":"2024-04-19T09:53:29+00:00","dateModified":"2024-04-29T16:10:13+00:00","description":"Dos de los 3 finalistas al premio de Chef del A\u00f1o de 2024 ya han sido descubiertos. \u00a1Descubre m\u00e1s!","breadcrumb":{"@id":"https:\/\/pro.costa-verde.com\/es\/los-dos-primeros-finalistas-para-el-premio-de-chefe-do-ano-2024\/#breadcrumb"},"inLanguage":"es","potentialAction":[{"@type":"ReadAction","target":["https:\/\/pro.costa-verde.com\/es\/los-dos-primeros-finalistas-para-el-premio-de-chefe-do-ano-2024\/"]}]},{"@type":"ImageObject","inLanguage":"es","@id":"https:\/\/pro.costa-verde.com\/es\/los-dos-primeros-finalistas-para-el-premio-de-chefe-do-ano-2024\/#primaryimage","url":"https:\/\/pro.costa-verde.com\/wp-content\/uploads\/2024\/04\/@joaobeijinho-64-of-70.jpg","contentUrl":"https:\/\/pro.costa-verde.com\/wp-content\/uploads\/2024\/04\/@joaobeijinho-64-of-70.jpg","width":1920,"height":1277},{"@type":"BreadcrumbList","@id":"https:\/\/pro.costa-verde.com\/es\/los-dos-primeros-finalistas-para-el-premio-de-chefe-do-ano-2024\/#breadcrumb","itemListElement":[{"@type":"ListItem","position":1,"name":"In\u00edcio","item":"https:\/\/pro.costa-verde.com\/es\/"},{"@type":"ListItem","position":2,"name":"Los dos primeros finalistas para el premio de Chefe do Ano 2024 ya han sido descubiertos"}]},{"@type":"WebSite","@id":"https:\/\/pro.costa-verde.com\/#website","url":"https:\/\/pro.costa-verde.com\/","name":"Costa Verde","description":"Loja Online","potentialAction":[{"@type":"SearchAction","target":{"@type":"EntryPoint","urlTemplate":"https:\/\/pro.costa-verde.com\/?s={search_term_string}"},"query-input":{"@type":"PropertyValueSpecification","valueRequired":true,"valueName":"search_term_string"}}],"inLanguage":"es"}]}},"_links":{"self":[{"href":"https:\/\/pro.costa-verde.com\/es\/wp-json\/wp\/v2\/pages\/57528","targetHints":{"allow":["GET"]}}],"collection":[{"href":"https:\/\/pro.costa-verde.com\/es\/wp-json\/wp\/v2\/pages"}],"about":[{"href":"https:\/\/pro.costa-verde.com\/es\/wp-json\/wp\/v2\/types\/page"}],"author":[{"embeddable":true,"href":"https:\/\/pro.costa-verde.com\/es\/wp-json\/wp\/v2\/users\/438"}],"replies":[{"embeddable":true,"href":"https:\/\/pro.costa-verde.com\/es\/wp-json\/wp\/v2\/comments?post=57528"}],"version-history":[{"count":8,"href":"https:\/\/pro.costa-verde.com\/es\/wp-json\/wp\/v2\/pages\/57528\/revisions"}],"predecessor-version":[{"id":57798,"href":"https:\/\/pro.costa-verde.com\/es\/wp-json\/wp\/v2\/pages\/57528\/revisions\/57798"}],"wp:featuredmedia":[{"embeddable":true,"href":"https:\/\/pro.costa-verde.com\/es\/wp-json\/wp\/v2\/media\/57533"}],"wp:attachment":[{"href":"https:\/\/pro.costa-verde.com\/es\/wp-json\/wp\/v2\/media?parent=57528"}],"curies":[{"name":"wp","href":"https:\/\/api.w.org\/{rel}","templated":true}]}}