{"id":57500,"date":"2024-04-24T15:14:27","date_gmt":"2024-04-24T14:14:27","guid":{"rendered":"https:\/\/pro.costa-verde.com\/?page_id=57500"},"modified":"2024-04-24T15:28:28","modified_gmt":"2024-04-24T14:28:28","slug":"costa-verde-recompensa-a-sus-empleados","status":"publish","type":"page","link":"https:\/\/pro.costa-verde.com\/es\/costa-verde-recompensa-a-sus-empleados\/","title":{"rendered":"Costa Verde recompensa a sus empleados"},"content":{"rendered":"\t\t<div data-elementor-type=\"wp-page\" data-elementor-id=\"57500\" class=\"elementor elementor-57500 elementor-57498\" data-elementor-post-type=\"page\">\n\t\t\t\t\t\t<section class=\"elementor-section elementor-top-section elementor-element elementor-element-4e696d57 elementor-section-boxed elementor-section-height-default elementor-section-height-default\" data-id=\"4e696d57\" data-element_type=\"section\">\n\t\t\t\t\t\t<div class=\"elementor-container elementor-column-gap-default\">\n\t\t\t\t\t<div class=\"elementor-column elementor-col-100 elementor-top-column elementor-element elementor-element-7149df70\" data-id=\"7149df70\" data-element_type=\"column\">\n\t\t\t<div class=\"elementor-widget-wrap elementor-element-populated\">\n\t\t\t\t\t\t<div class=\"elementor-element elementor-element-3311861 elementor-widget elementor-widget-image\" data-id=\"3311861\" data-element_type=\"widget\" data-widget_type=\"image.default\">\n\t\t\t\t<div class=\"elementor-widget-container\">\n\t\t\t\t\t\t\t\t\t\t\t\t\t\t\t<img fetchpriority=\"high\" decoding=\"async\" width=\"1024\" height=\"683\" src=\"https:\/\/pro.costa-verde.com\/wp-content\/uploads\/2024\/04\/IMG_0574-1024x683.jpg\" class=\"attachment-large size-large wp-image-57504\" alt=\"\" srcset=\"https:\/\/pro.costa-verde.com\/wp-content\/uploads\/2024\/04\/IMG_0574-1024x683.jpg 1024w, https:\/\/pro.costa-verde.com\/wp-content\/uploads\/2024\/04\/IMG_0574-300x200.jpg 300w, https:\/\/pro.costa-verde.com\/wp-content\/uploads\/2024\/04\/IMG_0574-768x512.jpg 768w, https:\/\/pro.costa-verde.com\/wp-content\/uploads\/2024\/04\/IMG_0574-1536x1024.jpg 1536w, https:\/\/pro.costa-verde.com\/wp-content\/uploads\/2024\/04\/IMG_0574-600x400.jpg 600w, https:\/\/pro.costa-verde.com\/wp-content\/uploads\/2024\/04\/IMG_0574-120x80.jpg 120w, https:\/\/pro.costa-verde.com\/wp-content\/uploads\/2024\/04\/IMG_0574.jpg 1920w\" sizes=\"(max-width: 1024px) 100vw, 1024px\" \/>\t\t\t\t\t\t\t\t\t\t\t\t\t\t\t<\/div>\n\t\t\t\t<\/div>\n\t\t\t\t<div class=\"elementor-element elementor-element-7843fbcb elementor-widget elementor-widget-text-editor\" data-id=\"7843fbcb\" data-element_type=\"widget\" data-widget_type=\"text-editor.default\">\n\t\t\t\t<div class=\"elementor-widget-container\">\n\t\t\t\t\t\t\t\t\t<h3 style=\"text-align: justify;\">Costa Verde ha recompensado a sus empleados con una suma cercana a los 100.000 euros.<\/h3>\n<p style=\"text-align: justify;\">Costa Verde, empresa productora de porcelana de mesa con sede en Vagos, acaba de recompensar a sus empleados, reflejando los resultados de su operaci\u00f3n en 2023, en reconocimiento al esfuerzo, dedicaci\u00f3n y profesionalidad demostrados tras un per\u00edodo de pandemia, que result\u00f3 traum\u00e1tico y, por tanto, bastante dif\u00edcil para la empresa, oblig\u00e1ndola a per\u00edodos de lay-off, dada la fuerte conexi\u00f3n de la empresa con el sector de horeca.<\/p>\n<p style=\"text-align: justify;\">Con un valor de inversi\u00f3n muy pr\u00f3ximo a los <strong>100.000 euros<\/strong>, Costa Verde, que vio crecer su facturaci\u00f3n en <strong>m\u00e1s de un 12% en 202<\/strong>3, alcanzando una cifra r\u00e9cord de m\u00e1s de <strong>17,5 millones de euros<\/strong>, decidi\u00f3 distribuir una prima de rendimiento entre sus empleados.<\/p>\n<p style=\"text-align: justify;\">Consciente de las dificultades por las que atraviesan las familias y del impacto en los presupuestos familiares de la subida de los tipos de inter\u00e9s hipotecarios, la empresa ha querido contribuir a aliviar esta presi\u00f3n y distribuir entre todos parte de los beneficios obtenidos el a\u00f1o pasado.<\/p>\n<p style=\"text-align: justify;\">Este premio se suma a otros beneficios que la empresa ofrece a sus empleados, como servicios m\u00e9dicos, de enfermer\u00eda y psicolog\u00eda, clases de fitness y las diversas colaboraciones establecidas con agentes locales.<\/p>\t\t\t\t\t\t\t\t<\/div>\n\t\t\t\t<\/div>\n\t\t\t\t\t<\/div>\n\t\t<\/div>\n\t\t\t\t\t<\/div>\n\t\t<\/section>\n\t\t\t\t<\/div>\n\t\t","protected":false},"excerpt":{"rendered":"<p>Costa Verde ha recompensado a sus empleados con una suma cercana a los 100.000 euros. Costa Verde, empresa productora de porcelana de mesa con sede en Vagos, acaba de recompensar a sus empleados, reflejando los resultados de su operaci\u00f3n en 2023, en reconocimiento al esfuerzo, dedicaci\u00f3n y profesionalidad demostrados tras un per\u00edodo de pandemia, que [&hellip;]<\/p>\n","protected":false},"author":438,"featured_media":57504,"parent":0,"menu_order":0,"comment_status":"open","ping_status":"closed","template":"","meta":{"footnotes":""},"class_list":["post-57500","page","type-page","status-publish","has-post-thumbnail","hentry"],"yoast_head":"<!-- This site is optimized with the Yoast SEO plugin v26.9 - https:\/\/yoast.com\/product\/yoast-seo-wordpress\/ -->\n<title>Costa Verde recompensa a sus empleados - Costa Verde<\/title>\n<meta name=\"description\" content=\"Costa Verde ha recompensado a sus empleados con una suma cercana a los 100.000 euros.\" \/>\n<meta name=\"robots\" content=\"index, follow, max-snippet:-1, max-image-preview:large, max-video-preview:-1\" \/>\n<link rel=\"canonical\" href=\"https:\/\/pro.costa-verde.com\/costa-verde-premeia-os-seus-funcionarios\/\" \/>\n<meta property=\"og:locale\" content=\"es_ES\" \/>\n<meta property=\"og:type\" content=\"article\" \/>\n<meta property=\"og:title\" content=\"Costa Verde recompensa a sus empleados - Costa Verde\" \/>\n<meta property=\"og:description\" content=\"Costa Verde ha recompensado a sus empleados con una suma cercana a los 100.000 euros.\" \/>\n<meta property=\"og:url\" content=\"https:\/\/pro.costa-verde.com\/costa-verde-premeia-os-seus-funcionarios\/\" \/>\n<meta property=\"og:site_name\" content=\"Costa Verde\" \/>\n<meta property=\"article:publisher\" content=\"https:\/\/www.facebook.com\/costaverdeporcelanas\/\" \/>\n<meta property=\"article:modified_time\" content=\"2024-04-24T14:28:28+00:00\" \/>\n<meta property=\"og:image\" content=\"https:\/\/pro.costa-verde.com\/wp-content\/uploads\/2024\/04\/IMG_0574.jpg\" \/>\n\t<meta property=\"og:image:width\" content=\"1920\" \/>\n\t<meta property=\"og:image:height\" content=\"1280\" \/>\n\t<meta property=\"og:image:type\" content=\"image\/jpeg\" \/>\n<meta name=\"twitter:card\" content=\"summary_large_image\" \/>\n<meta name=\"twitter:label1\" content=\"Tiempo de lectura\" \/>\n\t<meta name=\"twitter:data1\" content=\"2 minutos\" \/>\n<script type=\"application\/ld+json\" class=\"yoast-schema-graph\">{\"@context\":\"https:\/\/schema.org\",\"@graph\":[{\"@type\":\"WebPage\",\"@id\":\"https:\/\/pro.costa-verde.com\/costa-verde-premeia-os-seus-funcionarios\/\",\"url\":\"https:\/\/pro.costa-verde.com\/costa-verde-premeia-os-seus-funcionarios\/\",\"name\":\"Costa Verde recompensa a sus empleados - Costa Verde\",\"isPartOf\":{\"@id\":\"https:\/\/pro.costa-verde.com\/#website\"},\"primaryImageOfPage\":{\"@id\":\"https:\/\/pro.costa-verde.com\/costa-verde-premeia-os-seus-funcionarios\/#primaryimage\"},\"image\":{\"@id\":\"https:\/\/pro.costa-verde.com\/costa-verde-premeia-os-seus-funcionarios\/#primaryimage\"},\"thumbnailUrl\":\"https:\/\/pro.costa-verde.com\/wp-content\/uploads\/2024\/04\/IMG_0574.jpg\",\"datePublished\":\"2024-04-24T14:14:27+00:00\",\"dateModified\":\"2024-04-24T14:28:28+00:00\",\"description\":\"Costa Verde ha recompensado a sus empleados con una suma cercana a los 100.000 euros.\",\"breadcrumb\":{\"@id\":\"https:\/\/pro.costa-verde.com\/costa-verde-premeia-os-seus-funcionarios\/#breadcrumb\"},\"inLanguage\":\"es\",\"potentialAction\":[{\"@type\":\"ReadAction\",\"target\":[\"https:\/\/pro.costa-verde.com\/costa-verde-premeia-os-seus-funcionarios\/\"]}]},{\"@type\":\"ImageObject\",\"inLanguage\":\"es\",\"@id\":\"https:\/\/pro.costa-verde.com\/costa-verde-premeia-os-seus-funcionarios\/#primaryimage\",\"url\":\"https:\/\/pro.costa-verde.com\/wp-content\/uploads\/2024\/04\/IMG_0574.jpg\",\"contentUrl\":\"https:\/\/pro.costa-verde.com\/wp-content\/uploads\/2024\/04\/IMG_0574.jpg\",\"width\":1920,\"height\":1280},{\"@type\":\"BreadcrumbList\",\"@id\":\"https:\/\/pro.costa-verde.com\/costa-verde-premeia-os-seus-funcionarios\/#breadcrumb\",\"itemListElement\":[{\"@type\":\"ListItem\",\"position\":1,\"name\":\"In\u00edcio\",\"item\":\"https:\/\/pro.costa-verde.com\/es\/\"},{\"@type\":\"ListItem\",\"position\":2,\"name\":\"Costa Verde recompensa a sus empleados\"}]},{\"@type\":\"WebSite\",\"@id\":\"https:\/\/pro.costa-verde.com\/#website\",\"url\":\"https:\/\/pro.costa-verde.com\/\",\"name\":\"Costa Verde\",\"description\":\"Loja Online\",\"potentialAction\":[{\"@type\":\"SearchAction\",\"target\":{\"@type\":\"EntryPoint\",\"urlTemplate\":\"https:\/\/pro.costa-verde.com\/?s={search_term_string}\"},\"query-input\":{\"@type\":\"PropertyValueSpecification\",\"valueRequired\":true,\"valueName\":\"search_term_string\"}}],\"inLanguage\":\"es\"}]}<\/script>\n<!-- \/ Yoast SEO plugin. -->","yoast_head_json":{"title":"Costa Verde recompensa a sus empleados - Costa Verde","description":"Costa Verde ha recompensado a sus empleados con una suma cercana a los 100.000 euros.","robots":{"index":"index","follow":"follow","max-snippet":"max-snippet:-1","max-image-preview":"max-image-preview:large","max-video-preview":"max-video-preview:-1"},"canonical":"https:\/\/pro.costa-verde.com\/costa-verde-premeia-os-seus-funcionarios\/","og_locale":"es_ES","og_type":"article","og_title":"Costa Verde recompensa a sus empleados - Costa Verde","og_description":"Costa Verde ha recompensado a sus empleados con una suma cercana a los 100.000 euros.","og_url":"https:\/\/pro.costa-verde.com\/costa-verde-premeia-os-seus-funcionarios\/","og_site_name":"Costa Verde","article_publisher":"https:\/\/www.facebook.com\/costaverdeporcelanas\/","article_modified_time":"2024-04-24T14:28:28+00:00","og_image":[{"width":1920,"height":1280,"url":"https:\/\/pro.costa-verde.com\/wp-content\/uploads\/2024\/04\/IMG_0574.jpg","type":"image\/jpeg"}],"twitter_card":"summary_large_image","twitter_misc":{"Tiempo de lectura":"2 minutos"},"schema":{"@context":"https:\/\/schema.org","@graph":[{"@type":"WebPage","@id":"https:\/\/pro.costa-verde.com\/costa-verde-premeia-os-seus-funcionarios\/","url":"https:\/\/pro.costa-verde.com\/costa-verde-premeia-os-seus-funcionarios\/","name":"Costa Verde recompensa a sus empleados - Costa Verde","isPartOf":{"@id":"https:\/\/pro.costa-verde.com\/#website"},"primaryImageOfPage":{"@id":"https:\/\/pro.costa-verde.com\/costa-verde-premeia-os-seus-funcionarios\/#primaryimage"},"image":{"@id":"https:\/\/pro.costa-verde.com\/costa-verde-premeia-os-seus-funcionarios\/#primaryimage"},"thumbnailUrl":"https:\/\/pro.costa-verde.com\/wp-content\/uploads\/2024\/04\/IMG_0574.jpg","datePublished":"2024-04-24T14:14:27+00:00","dateModified":"2024-04-24T14:28:28+00:00","description":"Costa Verde ha recompensado a sus empleados con una suma cercana a los 100.000 euros.","breadcrumb":{"@id":"https:\/\/pro.costa-verde.com\/costa-verde-premeia-os-seus-funcionarios\/#breadcrumb"},"inLanguage":"es","potentialAction":[{"@type":"ReadAction","target":["https:\/\/pro.costa-verde.com\/costa-verde-premeia-os-seus-funcionarios\/"]}]},{"@type":"ImageObject","inLanguage":"es","@id":"https:\/\/pro.costa-verde.com\/costa-verde-premeia-os-seus-funcionarios\/#primaryimage","url":"https:\/\/pro.costa-verde.com\/wp-content\/uploads\/2024\/04\/IMG_0574.jpg","contentUrl":"https:\/\/pro.costa-verde.com\/wp-content\/uploads\/2024\/04\/IMG_0574.jpg","width":1920,"height":1280},{"@type":"BreadcrumbList","@id":"https:\/\/pro.costa-verde.com\/costa-verde-premeia-os-seus-funcionarios\/#breadcrumb","itemListElement":[{"@type":"ListItem","position":1,"name":"In\u00edcio","item":"https:\/\/pro.costa-verde.com\/es\/"},{"@type":"ListItem","position":2,"name":"Costa Verde recompensa a sus empleados"}]},{"@type":"WebSite","@id":"https:\/\/pro.costa-verde.com\/#website","url":"https:\/\/pro.costa-verde.com\/","name":"Costa Verde","description":"Loja Online","potentialAction":[{"@type":"SearchAction","target":{"@type":"EntryPoint","urlTemplate":"https:\/\/pro.costa-verde.com\/?s={search_term_string}"},"query-input":{"@type":"PropertyValueSpecification","valueRequired":true,"valueName":"search_term_string"}}],"inLanguage":"es"}]}},"_links":{"self":[{"href":"https:\/\/pro.costa-verde.com\/es\/wp-json\/wp\/v2\/pages\/57500","targetHints":{"allow":["GET"]}}],"collection":[{"href":"https:\/\/pro.costa-verde.com\/es\/wp-json\/wp\/v2\/pages"}],"about":[{"href":"https:\/\/pro.costa-verde.com\/es\/wp-json\/wp\/v2\/types\/page"}],"author":[{"embeddable":true,"href":"https:\/\/pro.costa-verde.com\/es\/wp-json\/wp\/v2\/users\/438"}],"replies":[{"embeddable":true,"href":"https:\/\/pro.costa-verde.com\/es\/wp-json\/wp\/v2\/comments?post=57500"}],"version-history":[{"count":10,"href":"https:\/\/pro.costa-verde.com\/es\/wp-json\/wp\/v2\/pages\/57500\/revisions"}],"predecessor-version":[{"id":57646,"href":"https:\/\/pro.costa-verde.com\/es\/wp-json\/wp\/v2\/pages\/57500\/revisions\/57646"}],"wp:featuredmedia":[{"embeddable":true,"href":"https:\/\/pro.costa-verde.com\/es\/wp-json\/wp\/v2\/media\/57504"}],"wp:attachment":[{"href":"https:\/\/pro.costa-verde.com\/es\/wp-json\/wp\/v2\/media?parent=57500"}],"curies":[{"name":"wp","href":"https:\/\/api.w.org\/{rel}","templated":true}]}}