{"id":57454,"date":"2024-04-16T14:30:50","date_gmt":"2024-04-16T13:30:50","guid":{"rendered":"https:\/\/pro.costa-verde.com\/?page_id=57454"},"modified":"2024-04-16T14:33:43","modified_gmt":"2024-04-16T13:33:43","slug":"costa-verde-destacada-en-el-mapa-de-la-sostenibilidad","status":"publish","type":"page","link":"https:\/\/pro.costa-verde.com\/es\/costa-verde-destacada-en-el-mapa-de-la-sostenibilidad\/","title":{"rendered":"Costa Verde destacada en el Mapa de la Sostenibilidad"},"content":{"rendered":"\t\t<div data-elementor-type=\"wp-page\" data-elementor-id=\"57454\" class=\"elementor elementor-57454 elementor-57452\" data-elementor-post-type=\"page\">\n\t\t\t\t\t\t<section class=\"elementor-section elementor-top-section elementor-element elementor-element-4e696d57 elementor-section-boxed elementor-section-height-default elementor-section-height-default\" data-id=\"4e696d57\" data-element_type=\"section\">\n\t\t\t\t\t\t<div class=\"elementor-container elementor-column-gap-default\">\n\t\t\t\t\t<div class=\"elementor-column elementor-col-100 elementor-top-column elementor-element elementor-element-7149df70\" data-id=\"7149df70\" data-element_type=\"column\">\n\t\t\t<div class=\"elementor-widget-wrap elementor-element-populated\">\n\t\t\t\t\t\t<div class=\"elementor-element elementor-element-3311861 elementor-widget elementor-widget-image\" data-id=\"3311861\" data-element_type=\"widget\" data-widget_type=\"image.default\">\n\t\t\t\t<div class=\"elementor-widget-container\">\n\t\t\t\t\t\t\t\t\t\t\t\t\t\t\t<img fetchpriority=\"high\" decoding=\"async\" width=\"1024\" height=\"544\" src=\"https:\/\/pro.costa-verde.com\/wp-content\/uploads\/2024\/04\/Mapa-de-Sustentabilidade-1024x544.jpg\" class=\"attachment-large size-large wp-image-57459\" alt=\"\" srcset=\"https:\/\/pro.costa-verde.com\/wp-content\/uploads\/2024\/04\/Mapa-de-Sustentabilidade-1024x544.jpg 1024w, https:\/\/pro.costa-verde.com\/wp-content\/uploads\/2024\/04\/Mapa-de-Sustentabilidade-300x159.jpg 300w, https:\/\/pro.costa-verde.com\/wp-content\/uploads\/2024\/04\/Mapa-de-Sustentabilidade-768x408.jpg 768w, https:\/\/pro.costa-verde.com\/wp-content\/uploads\/2024\/04\/Mapa-de-Sustentabilidade-1536x816.jpg 1536w, https:\/\/pro.costa-verde.com\/wp-content\/uploads\/2024\/04\/Mapa-de-Sustentabilidade-600x319.jpg 600w, https:\/\/pro.costa-verde.com\/wp-content\/uploads\/2024\/04\/Mapa-de-Sustentabilidade-120x64.jpg 120w, https:\/\/pro.costa-verde.com\/wp-content\/uploads\/2024\/04\/Mapa-de-Sustentabilidade.jpg 1600w\" sizes=\"(max-width: 1024px) 100vw, 1024px\" \/>\t\t\t\t\t\t\t\t\t\t\t\t\t\t\t<\/div>\n\t\t\t\t<\/div>\n\t\t\t\t<div class=\"elementor-element elementor-element-7843fbcb elementor-widget elementor-widget-text-editor\" data-id=\"7843fbcb\" data-element_type=\"widget\" data-widget_type=\"text-editor.default\">\n\t\t\t\t<div class=\"elementor-widget-container\">\n\t\t\t\t\t\t\t\t\t<p>IAPMEI y la RDP han lanzado el Mapa de la Sostenibilidad, un programa que da a conocer las buenas pr\u00e1cticas de sostenibilidad empresarial de un conjunto restringido de empresas portuguesas, en un contexto de transici\u00f3n ESG, Environmental Social Governance.<\/p>\n<p>El periodista Ant\u00f3nio Jorge viajar\u00e1 el pa\u00eds para investigar las estrategias adoptadas por estas empresas para incluir en su d\u00eda a d\u00eda medidas de sostenibilidad ambiental, social y de gobernanza.<\/p>\n<p>osta Verde es una de las empresas seleccionadas por el IAPMEI y la RDP, en una intervenci\u00f3n donde comparte sus buenas pr\u00e1cticas de sostenibilidad ambiental, social y de gobernanza. Siga <a href=\"https:\/\/www.rtp.pt\/play\/p12972\/e760483\/o-mapa-da-sustentabilidade?utm_source=brevo&amp;utm_campaign=Clientes%20CV%2015042024&amp;utm_medium=email\">aqu\u00ed<\/a> el episodio donde la Costa Verde est\u00e1 en el foco: <a href=\"https:\/\/www.rtp.pt\/play\/p12972\/e760483\/o-mapa-da-sustentabilidade?utm_source=brevo&amp;utm_campaign=Clientes%20CV%2015042024&amp;utm_medium=email\">El Mapa de la Sostenibilidad.<\/a><\/p>\t\t\t\t\t\t\t\t<\/div>\n\t\t\t\t<\/div>\n\t\t\t\t\t<\/div>\n\t\t<\/div>\n\t\t\t\t\t<\/div>\n\t\t<\/section>\n\t\t\t\t<\/div>\n\t\t","protected":false},"excerpt":{"rendered":"<p>IAPMEI y la RDP han lanzado el Mapa de la Sostenibilidad, un programa que da a conocer las buenas pr\u00e1cticas de sostenibilidad empresarial de un conjunto restringido de empresas portuguesas, en un contexto de transici\u00f3n ESG, Environmental Social Governance. El periodista Ant\u00f3nio Jorge viajar\u00e1 el pa\u00eds para investigar las estrategias adoptadas por estas empresas para [&hellip;]<\/p>\n","protected":false},"author":438,"featured_media":57459,"parent":0,"menu_order":0,"comment_status":"open","ping_status":"closed","template":"","meta":{"footnotes":""},"class_list":["post-57454","page","type-page","status-publish","has-post-thumbnail","hentry"],"yoast_head":"<!-- This site is optimized with the Yoast SEO plugin v26.9 - https:\/\/yoast.com\/product\/yoast-seo-wordpress\/ -->\n<title>Costa Verde destacada en el Mapa de la Sostenibilidad - Costa Verde<\/title>\n<meta name=\"description\" content=\"IAPMEI y la RDP han lanzado el Mapa de la Sostenibilidad, un programa que da a conocer las buenas pr\u00e1cticas de sostenibilidad empresarial.\" \/>\n<meta name=\"robots\" content=\"index, follow, max-snippet:-1, max-image-preview:large, max-video-preview:-1\" \/>\n<link rel=\"canonical\" href=\"https:\/\/pro.costa-verde.com\/a-costa-verde-em-destaque-no-mapa-da-sustentabilidade\/\" \/>\n<meta property=\"og:locale\" content=\"es_ES\" \/>\n<meta property=\"og:type\" content=\"article\" \/>\n<meta property=\"og:title\" content=\"Costa Verde destacada en el Mapa de la Sostenibilidad - Costa Verde\" \/>\n<meta property=\"og:description\" content=\"IAPMEI y la RDP han lanzado el Mapa de la Sostenibilidad, un programa que da a conocer las buenas pr\u00e1cticas de sostenibilidad empresarial.\" \/>\n<meta property=\"og:url\" content=\"https:\/\/pro.costa-verde.com\/a-costa-verde-em-destaque-no-mapa-da-sustentabilidade\/\" \/>\n<meta property=\"og:site_name\" content=\"Costa Verde\" \/>\n<meta property=\"article:publisher\" content=\"https:\/\/www.facebook.com\/costaverdeporcelanas\/\" \/>\n<meta property=\"article:modified_time\" content=\"2024-04-16T13:33:43+00:00\" \/>\n<meta property=\"og:image\" content=\"https:\/\/pro.costa-verde.com\/wp-content\/uploads\/2024\/04\/Mapa-de-Sustentabilidade.jpg\" \/>\n\t<meta property=\"og:image:width\" content=\"1600\" \/>\n\t<meta property=\"og:image:height\" content=\"850\" \/>\n\t<meta property=\"og:image:type\" content=\"image\/jpeg\" \/>\n<meta name=\"twitter:card\" content=\"summary_large_image\" \/>\n<meta name=\"twitter:label1\" content=\"Tiempo de lectura\" \/>\n\t<meta name=\"twitter:data1\" content=\"1 minuto\" \/>\n<script type=\"application\/ld+json\" class=\"yoast-schema-graph\">{\"@context\":\"https:\/\/schema.org\",\"@graph\":[{\"@type\":\"WebPage\",\"@id\":\"https:\/\/pro.costa-verde.com\/a-costa-verde-em-destaque-no-mapa-da-sustentabilidade\/\",\"url\":\"https:\/\/pro.costa-verde.com\/a-costa-verde-em-destaque-no-mapa-da-sustentabilidade\/\",\"name\":\"Costa Verde destacada en el Mapa de la Sostenibilidad - Costa Verde\",\"isPartOf\":{\"@id\":\"https:\/\/pro.costa-verde.com\/#website\"},\"primaryImageOfPage\":{\"@id\":\"https:\/\/pro.costa-verde.com\/a-costa-verde-em-destaque-no-mapa-da-sustentabilidade\/#primaryimage\"},\"image\":{\"@id\":\"https:\/\/pro.costa-verde.com\/a-costa-verde-em-destaque-no-mapa-da-sustentabilidade\/#primaryimage\"},\"thumbnailUrl\":\"https:\/\/pro.costa-verde.com\/wp-content\/uploads\/2024\/04\/Mapa-de-Sustentabilidade.jpg\",\"datePublished\":\"2024-04-16T13:30:50+00:00\",\"dateModified\":\"2024-04-16T13:33:43+00:00\",\"description\":\"IAPMEI y la RDP han lanzado el Mapa de la Sostenibilidad, un programa que da a conocer las buenas pr\u00e1cticas de sostenibilidad empresarial.\",\"breadcrumb\":{\"@id\":\"https:\/\/pro.costa-verde.com\/a-costa-verde-em-destaque-no-mapa-da-sustentabilidade\/#breadcrumb\"},\"inLanguage\":\"es\",\"potentialAction\":[{\"@type\":\"ReadAction\",\"target\":[\"https:\/\/pro.costa-verde.com\/a-costa-verde-em-destaque-no-mapa-da-sustentabilidade\/\"]}]},{\"@type\":\"ImageObject\",\"inLanguage\":\"es\",\"@id\":\"https:\/\/pro.costa-verde.com\/a-costa-verde-em-destaque-no-mapa-da-sustentabilidade\/#primaryimage\",\"url\":\"https:\/\/pro.costa-verde.com\/wp-content\/uploads\/2024\/04\/Mapa-de-Sustentabilidade.jpg\",\"contentUrl\":\"https:\/\/pro.costa-verde.com\/wp-content\/uploads\/2024\/04\/Mapa-de-Sustentabilidade.jpg\",\"width\":1600,\"height\":850},{\"@type\":\"BreadcrumbList\",\"@id\":\"https:\/\/pro.costa-verde.com\/a-costa-verde-em-destaque-no-mapa-da-sustentabilidade\/#breadcrumb\",\"itemListElement\":[{\"@type\":\"ListItem\",\"position\":1,\"name\":\"In\u00edcio\",\"item\":\"https:\/\/pro.costa-verde.com\/es\/\"},{\"@type\":\"ListItem\",\"position\":2,\"name\":\"Costa Verde destacada en el Mapa de la Sostenibilidad\"}]},{\"@type\":\"WebSite\",\"@id\":\"https:\/\/pro.costa-verde.com\/#website\",\"url\":\"https:\/\/pro.costa-verde.com\/\",\"name\":\"Costa Verde\",\"description\":\"Loja Online\",\"potentialAction\":[{\"@type\":\"SearchAction\",\"target\":{\"@type\":\"EntryPoint\",\"urlTemplate\":\"https:\/\/pro.costa-verde.com\/?s={search_term_string}\"},\"query-input\":{\"@type\":\"PropertyValueSpecification\",\"valueRequired\":true,\"valueName\":\"search_term_string\"}}],\"inLanguage\":\"es\"}]}<\/script>\n<!-- \/ Yoast SEO plugin. -->","yoast_head_json":{"title":"Costa Verde destacada en el Mapa de la Sostenibilidad - Costa Verde","description":"IAPMEI y la RDP han lanzado el Mapa de la Sostenibilidad, un programa que da a conocer las buenas pr\u00e1cticas de sostenibilidad empresarial.","robots":{"index":"index","follow":"follow","max-snippet":"max-snippet:-1","max-image-preview":"max-image-preview:large","max-video-preview":"max-video-preview:-1"},"canonical":"https:\/\/pro.costa-verde.com\/a-costa-verde-em-destaque-no-mapa-da-sustentabilidade\/","og_locale":"es_ES","og_type":"article","og_title":"Costa Verde destacada en el Mapa de la Sostenibilidad - Costa Verde","og_description":"IAPMEI y la RDP han lanzado el Mapa de la Sostenibilidad, un programa que da a conocer las buenas pr\u00e1cticas de sostenibilidad empresarial.","og_url":"https:\/\/pro.costa-verde.com\/a-costa-verde-em-destaque-no-mapa-da-sustentabilidade\/","og_site_name":"Costa Verde","article_publisher":"https:\/\/www.facebook.com\/costaverdeporcelanas\/","article_modified_time":"2024-04-16T13:33:43+00:00","og_image":[{"width":1600,"height":850,"url":"https:\/\/pro.costa-verde.com\/wp-content\/uploads\/2024\/04\/Mapa-de-Sustentabilidade.jpg","type":"image\/jpeg"}],"twitter_card":"summary_large_image","twitter_misc":{"Tiempo de lectura":"1 minuto"},"schema":{"@context":"https:\/\/schema.org","@graph":[{"@type":"WebPage","@id":"https:\/\/pro.costa-verde.com\/a-costa-verde-em-destaque-no-mapa-da-sustentabilidade\/","url":"https:\/\/pro.costa-verde.com\/a-costa-verde-em-destaque-no-mapa-da-sustentabilidade\/","name":"Costa Verde destacada en el Mapa de la Sostenibilidad - Costa Verde","isPartOf":{"@id":"https:\/\/pro.costa-verde.com\/#website"},"primaryImageOfPage":{"@id":"https:\/\/pro.costa-verde.com\/a-costa-verde-em-destaque-no-mapa-da-sustentabilidade\/#primaryimage"},"image":{"@id":"https:\/\/pro.costa-verde.com\/a-costa-verde-em-destaque-no-mapa-da-sustentabilidade\/#primaryimage"},"thumbnailUrl":"https:\/\/pro.costa-verde.com\/wp-content\/uploads\/2024\/04\/Mapa-de-Sustentabilidade.jpg","datePublished":"2024-04-16T13:30:50+00:00","dateModified":"2024-04-16T13:33:43+00:00","description":"IAPMEI y la RDP han lanzado el Mapa de la Sostenibilidad, un programa que da a conocer las buenas pr\u00e1cticas de sostenibilidad empresarial.","breadcrumb":{"@id":"https:\/\/pro.costa-verde.com\/a-costa-verde-em-destaque-no-mapa-da-sustentabilidade\/#breadcrumb"},"inLanguage":"es","potentialAction":[{"@type":"ReadAction","target":["https:\/\/pro.costa-verde.com\/a-costa-verde-em-destaque-no-mapa-da-sustentabilidade\/"]}]},{"@type":"ImageObject","inLanguage":"es","@id":"https:\/\/pro.costa-verde.com\/a-costa-verde-em-destaque-no-mapa-da-sustentabilidade\/#primaryimage","url":"https:\/\/pro.costa-verde.com\/wp-content\/uploads\/2024\/04\/Mapa-de-Sustentabilidade.jpg","contentUrl":"https:\/\/pro.costa-verde.com\/wp-content\/uploads\/2024\/04\/Mapa-de-Sustentabilidade.jpg","width":1600,"height":850},{"@type":"BreadcrumbList","@id":"https:\/\/pro.costa-verde.com\/a-costa-verde-em-destaque-no-mapa-da-sustentabilidade\/#breadcrumb","itemListElement":[{"@type":"ListItem","position":1,"name":"In\u00edcio","item":"https:\/\/pro.costa-verde.com\/es\/"},{"@type":"ListItem","position":2,"name":"Costa Verde destacada en el Mapa de la Sostenibilidad"}]},{"@type":"WebSite","@id":"https:\/\/pro.costa-verde.com\/#website","url":"https:\/\/pro.costa-verde.com\/","name":"Costa Verde","description":"Loja Online","potentialAction":[{"@type":"SearchAction","target":{"@type":"EntryPoint","urlTemplate":"https:\/\/pro.costa-verde.com\/?s={search_term_string}"},"query-input":{"@type":"PropertyValueSpecification","valueRequired":true,"valueName":"search_term_string"}}],"inLanguage":"es"}]}},"_links":{"self":[{"href":"https:\/\/pro.costa-verde.com\/es\/wp-json\/wp\/v2\/pages\/57454","targetHints":{"allow":["GET"]}}],"collection":[{"href":"https:\/\/pro.costa-verde.com\/es\/wp-json\/wp\/v2\/pages"}],"about":[{"href":"https:\/\/pro.costa-verde.com\/es\/wp-json\/wp\/v2\/types\/page"}],"author":[{"embeddable":true,"href":"https:\/\/pro.costa-verde.com\/es\/wp-json\/wp\/v2\/users\/438"}],"replies":[{"embeddable":true,"href":"https:\/\/pro.costa-verde.com\/es\/wp-json\/wp\/v2\/comments?post=57454"}],"version-history":[{"count":7,"href":"https:\/\/pro.costa-verde.com\/es\/wp-json\/wp\/v2\/pages\/57454\/revisions"}],"predecessor-version":[{"id":57475,"href":"https:\/\/pro.costa-verde.com\/es\/wp-json\/wp\/v2\/pages\/57454\/revisions\/57475"}],"wp:featuredmedia":[{"embeddable":true,"href":"https:\/\/pro.costa-verde.com\/es\/wp-json\/wp\/v2\/media\/57459"}],"wp:attachment":[{"href":"https:\/\/pro.costa-verde.com\/es\/wp-json\/wp\/v2\/media?parent=57454"}],"curies":[{"name":"wp","href":"https:\/\/api.w.org\/{rel}","templated":true}]}}