{"id":55962,"date":"2024-03-22T12:36:35","date_gmt":"2024-03-22T12:36:35","guid":{"rendered":"https:\/\/pro.costa-verde.com\/?page_id=55962"},"modified":"2024-03-22T12:36:35","modified_gmt":"2024-03-22T12:36:35","slug":"costa-verde-recibio-a-los-finalistas-del-concurso-chefe-do-ano-2024","status":"publish","type":"page","link":"https:\/\/pro.costa-verde.com\/es\/costa-verde-recibio-a-los-finalistas-del-concurso-chefe-do-ano-2024\/","title":{"rendered":"Costa Verde recibi\u00f3 a los finalistas del concurso Chefe do Ano 2024"},"content":{"rendered":"\t\t<div data-elementor-type=\"wp-page\" data-elementor-id=\"55962\" class=\"elementor elementor-55962 elementor-55960\" data-elementor-post-type=\"page\">\n\t\t\t\t\t\t<section class=\"elementor-section elementor-top-section elementor-element elementor-element-4e696d57 elementor-section-boxed elementor-section-height-default elementor-section-height-default\" data-id=\"4e696d57\" data-element_type=\"section\">\n\t\t\t\t\t\t<div class=\"elementor-container elementor-column-gap-default\">\n\t\t\t\t\t<div class=\"elementor-column elementor-col-100 elementor-top-column elementor-element elementor-element-7149df70\" data-id=\"7149df70\" data-element_type=\"column\">\n\t\t\t<div class=\"elementor-widget-wrap elementor-element-populated\">\n\t\t\t\t\t\t<div class=\"elementor-element elementor-element-e487c84 elementor-arrows-position-inside elementor-pagination-position-outside elementor-widget elementor-widget-image-carousel\" data-id=\"e487c84\" data-element_type=\"widget\" data-settings=\"{&quot;slides_to_show&quot;:&quot;1&quot;,&quot;navigation&quot;:&quot;both&quot;,&quot;autoplay&quot;:&quot;yes&quot;,&quot;pause_on_hover&quot;:&quot;yes&quot;,&quot;pause_on_interaction&quot;:&quot;yes&quot;,&quot;autoplay_speed&quot;:5000,&quot;infinite&quot;:&quot;yes&quot;,&quot;effect&quot;:&quot;slide&quot;,&quot;speed&quot;:500}\" data-widget_type=\"image-carousel.default\">\n\t\t\t\t<div class=\"elementor-widget-container\">\n\t\t\t\t\t\t\t<div class=\"elementor-image-carousel-wrapper swiper\" role=\"region\" aria-roledescription=\"carousel\" aria-label=\"Carrusel de im\u00e1genes\" dir=\"ltr\">\n\t\t\t<div class=\"elementor-image-carousel swiper-wrapper\" aria-live=\"off\">\n\t\t\t\t\t\t\t\t<div class=\"swiper-slide\" role=\"group\" aria-roledescription=\"slide\" aria-label=\"1 de 13\"><figure class=\"swiper-slide-inner\"><img decoding=\"async\" class=\"swiper-slide-image\" src=\"https:\/\/pro.costa-verde.com\/wp-content\/uploads\/2024\/03\/@joaobeijinho-46-of-70-1024x684.jpg\" alt=\"Chefe do Ano 24 @joaobeijinho\" \/><\/figure><\/div><div class=\"swiper-slide\" role=\"group\" aria-roledescription=\"slide\" aria-label=\"2 de 13\"><figure class=\"swiper-slide-inner\"><img decoding=\"async\" class=\"swiper-slide-image\" src=\"https:\/\/pro.costa-verde.com\/wp-content\/uploads\/2024\/03\/@joaobeijinho-31-of-70-1024x684.jpg\" alt=\"Chefe do Ano 24 @joaobeijinho\" \/><\/figure><\/div><div class=\"swiper-slide\" role=\"group\" aria-roledescription=\"slide\" aria-label=\"3 de 13\"><figure class=\"swiper-slide-inner\"><img decoding=\"async\" class=\"swiper-slide-image\" src=\"https:\/\/pro.costa-verde.com\/wp-content\/uploads\/2024\/03\/@joaobeijinho-41-of-70-1024x684.jpg\" alt=\"Chefe do Ano 24 @joaobeijinho\" \/><\/figure><\/div><div class=\"swiper-slide\" role=\"group\" aria-roledescription=\"slide\" aria-label=\"4 de 13\"><figure class=\"swiper-slide-inner\"><img decoding=\"async\" class=\"swiper-slide-image\" src=\"https:\/\/pro.costa-verde.com\/wp-content\/uploads\/2024\/03\/@joaobeijinho-47-of-70-1024x684.jpg\" alt=\"Chefe do Ano 24 @joaobeijinho\" \/><\/figure><\/div><div class=\"swiper-slide\" role=\"group\" aria-roledescription=\"slide\" aria-label=\"5 de 13\"><figure class=\"swiper-slide-inner\"><img decoding=\"async\" class=\"swiper-slide-image\" src=\"https:\/\/pro.costa-verde.com\/wp-content\/uploads\/2024\/03\/@joaobeijinho-39-of-74-1024x681.jpg\" alt=\"Chefe do Ano 24 @joaobeijinho\" \/><\/figure><\/div><div class=\"swiper-slide\" role=\"group\" aria-roledescription=\"slide\" aria-label=\"6 de 13\"><figure class=\"swiper-slide-inner\"><img decoding=\"async\" class=\"swiper-slide-image\" src=\"https:\/\/pro.costa-verde.com\/wp-content\/uploads\/2024\/03\/@joaobeijinho-37-of-70-1024x681.jpg\" alt=\"Chefe do Ano 24 @joaobeijinho\" \/><\/figure><\/div><div class=\"swiper-slide\" role=\"group\" aria-roledescription=\"slide\" aria-label=\"7 de 13\"><figure class=\"swiper-slide-inner\"><img decoding=\"async\" class=\"swiper-slide-image\" src=\"https:\/\/pro.costa-verde.com\/wp-content\/uploads\/2024\/03\/@joaobeijinho-9-of-74-1024x684.jpg\" alt=\"Chefe do Ano 24 @joaobeijinho\" \/><\/figure><\/div><div class=\"swiper-slide\" role=\"group\" aria-roledescription=\"slide\" aria-label=\"8 de 13\"><figure class=\"swiper-slide-inner\"><img decoding=\"async\" class=\"swiper-slide-image\" src=\"https:\/\/pro.costa-verde.com\/wp-content\/uploads\/2024\/03\/@joaobeijinho-11-of-70-1024x684.jpg\" alt=\"Chefe do Ano 24 @joaobeijinho\" \/><\/figure><\/div><div class=\"swiper-slide\" role=\"group\" aria-roledescription=\"slide\" aria-label=\"9 de 13\"><figure class=\"swiper-slide-inner\"><img decoding=\"async\" class=\"swiper-slide-image\" src=\"https:\/\/pro.costa-verde.com\/wp-content\/uploads\/2024\/03\/@joaobeijinho-57-of-70-1024x681.jpg\" alt=\"Chefe do Ano 24 @joaobeijinho\" \/><\/figure><\/div><div class=\"swiper-slide\" role=\"group\" aria-roledescription=\"slide\" aria-label=\"10 de 13\"><figure class=\"swiper-slide-inner\"><img decoding=\"async\" class=\"swiper-slide-image\" src=\"https:\/\/pro.costa-verde.com\/wp-content\/uploads\/2024\/03\/@joaobeijinho-29-of-70-1024x768.jpg\" alt=\"Chefe do Ano 24 @joaobeijinho\" \/><\/figure><\/div><div class=\"swiper-slide\" role=\"group\" aria-roledescription=\"slide\" aria-label=\"11 de 13\"><figure class=\"swiper-slide-inner\"><img decoding=\"async\" class=\"swiper-slide-image\" src=\"https:\/\/pro.costa-verde.com\/wp-content\/uploads\/2024\/03\/@joaobeijinho-36-of-70-1024x681.jpg\" alt=\"Chefe do Ano 24 @joaobeijinho\" \/><\/figure><\/div><div class=\"swiper-slide\" role=\"group\" aria-roledescription=\"slide\" aria-label=\"12 de 13\"><figure class=\"swiper-slide-inner\"><img decoding=\"async\" class=\"swiper-slide-image\" src=\"https:\/\/pro.costa-verde.com\/wp-content\/uploads\/2024\/03\/@joaobeijinho-64-of-70-1024x681.jpg\" alt=\"Chefe do Ano 24 @joaobeijinho\" \/><\/figure><\/div><div class=\"swiper-slide\" role=\"group\" aria-roledescription=\"slide\" aria-label=\"13 de 13\"><figure class=\"swiper-slide-inner\"><img decoding=\"async\" class=\"swiper-slide-image\" src=\"https:\/\/pro.costa-verde.com\/wp-content\/uploads\/2024\/03\/@joaobeijinho-42-of-70-1024x684.jpg\" alt=\"Chefe do Ano 24 @joaobeijinho\" \/><\/figure><\/div>\t\t\t<\/div>\n\t\t\t\t\t\t\t\t\t\t\t\t<div class=\"elementor-swiper-button elementor-swiper-button-prev\" role=\"button\" tabindex=\"0\">\n\t\t\t\t\t\t<i aria-hidden=\"true\" class=\"eicon-chevron-left\"><\/i>\t\t\t\t\t<\/div>\n\t\t\t\t\t<div class=\"elementor-swiper-button elementor-swiper-button-next\" role=\"button\" tabindex=\"0\">\n\t\t\t\t\t\t<i aria-hidden=\"true\" class=\"eicon-chevron-right\"><\/i>\t\t\t\t\t<\/div>\n\t\t\t\t\n\t\t\t\t\t\t\t\t\t<div class=\"swiper-pagination\"><\/div>\n\t\t\t\t\t\t\t\t\t<\/div>\n\t\t\t\t\t\t<\/div>\n\t\t\t\t<\/div>\n\t\t\t\t<div class=\"elementor-element elementor-element-7843fbcb elementor-widget elementor-widget-text-editor\" data-id=\"7843fbcb\" data-element_type=\"widget\" data-widget_type=\"text-editor.default\">\n\t\t\t\t<div class=\"elementor-widget-container\">\n\t\t\t\t\t\t\t\t\t<p>Costa Verde recibi\u00f3 a los finalistas del concurso <a href=\"https:\/\/egosto.pt\/chefedoano\/\">Chefe do Ano 2024<\/a>, en una visita en la que los varios concursantes tuvieron la oportunidad de visitar nuestras instalaciones y as\u00ed conocer in situ el proceso de creaci\u00f3n, desarrollo y producci\u00f3n de las piezas de porcelana de la marca, hoy presentes en m\u00e1s de 50 ubicaciones en todo el mundo, siendo la elecci\u00f3n de los chefs m\u00e1s exigentes. Con una visita inmersiva al mundo de la porcelana, Costa Verde tuvo como objetivo con este open doors mostrar c\u00f3mo se trabaja en lo que ser\u00e1 la mejor f\u00e1brica de porcelana en todo el mundo, dando as\u00ed la oportunidad a los profesionales de la cocina de conocer los varios procesos involucrados, y culminando con una visita a nuestro showroom, donde tuvieron la oportunidad de seleccionar las piezas que servir\u00e1n de base para sus presentaciones durante la competici\u00f3n.<\/p><p>La visita culmin\u00f3 en un almuerzo inusual que tuvo lugar en un almac\u00e9n de artes de pesca de arte x\u00e1vega en la Praia da Vagueira, momento en el que tuvieron la oportunidad de disfrutar de un almuerzo elaborado por los chefs Tony Martins y Hugo Alves, ganadores de la competici\u00f3n en 2020 y 2021 respectivamente, y concebido por los pescadores de esta arte de pesca. Agradecemos la visita de todos y la colaboraci\u00f3n de <a href=\"https:\/\/egosto.pt\/\">Edi\u00e7\u00f5es do Gosto<\/a>, organizador del concurso, y la oportunidad de, adem\u00e1s de poder mostrar nuestra empresa, proporcionar un evento gastron\u00f3mico donde se potenci\u00f3 la gastronom\u00eda local y tradicional.<\/p>\t\t\t\t\t\t\t\t<\/div>\n\t\t\t\t<\/div>\n\t\t\t\t\t<\/div>\n\t\t<\/div>\n\t\t\t\t\t<\/div>\n\t\t<\/section>\n\t\t\t\t<\/div>\n\t\t","protected":false},"excerpt":{"rendered":"<p>Anterior Seguinte Costa Verde recibi\u00f3 a los finalistas del concurso Chefe do Ano 2024, en una visita en la que los varios concursantes tuvieron la oportunidad de visitar nuestras instalaciones y as\u00ed conocer in situ el proceso de creaci\u00f3n, desarrollo y producci\u00f3n de las piezas de porcelana de la marca, hoy presentes en m\u00e1s de [&hellip;]<\/p>\n","protected":false},"author":438,"featured_media":55967,"parent":0,"menu_order":0,"comment_status":"open","ping_status":"closed","template":"","meta":{"footnotes":""},"class_list":["post-55962","page","type-page","status-publish","has-post-thumbnail","hentry"],"yoast_head":"<!-- This site is optimized with the Yoast SEO plugin v26.9 - https:\/\/yoast.com\/product\/yoast-seo-wordpress\/ -->\n<title>Costa Verde recibi\u00f3 a los finalistas del concurso Chefe do Ano 2024<\/title>\n<meta name=\"description\" content=\"Costa Verde recibi\u00f3 a los finalistas del concurso Chef del A\u00f1o 2024. Sepa m\u00e1s!\" \/>\n<meta name=\"robots\" content=\"index, follow, max-snippet:-1, max-image-preview:large, max-video-preview:-1\" \/>\n<link rel=\"canonical\" href=\"https:\/\/pro.costa-verde.com\/costa-verde-recebe-os-candidatos-a-chefe-do-ano-2024\/\" \/>\n<meta property=\"og:locale\" content=\"es_ES\" \/>\n<meta property=\"og:type\" content=\"article\" \/>\n<meta property=\"og:title\" content=\"Costa Verde recibi\u00f3 a los finalistas del concurso Chefe do Ano 2024\" \/>\n<meta property=\"og:description\" content=\"Costa Verde recibi\u00f3 a los finalistas del concurso Chef del A\u00f1o 2024. Sepa m\u00e1s!\" \/>\n<meta property=\"og:url\" content=\"https:\/\/pro.costa-verde.com\/costa-verde-recebe-os-candidatos-a-chefe-do-ano-2024\/\" \/>\n<meta property=\"og:site_name\" content=\"Costa Verde\" \/>\n<meta property=\"article:publisher\" content=\"https:\/\/www.facebook.com\/costaverdeporcelanas\/\" \/>\n<meta property=\"og:image\" content=\"https:\/\/pro.costa-verde.com\/wp-content\/uploads\/2024\/03\/@joaobeijinho-4-of-70.jpg\" \/>\n\t<meta property=\"og:image:width\" content=\"1920\" \/>\n\t<meta property=\"og:image:height\" content=\"1282\" \/>\n\t<meta property=\"og:image:type\" content=\"image\/jpeg\" \/>\n<meta name=\"twitter:card\" content=\"summary_large_image\" \/>\n<meta name=\"twitter:label1\" content=\"Tiempo de lectura\" \/>\n\t<meta name=\"twitter:data1\" content=\"5 minutos\" \/>\n<script type=\"application\/ld+json\" class=\"yoast-schema-graph\">{\"@context\":\"https:\/\/schema.org\",\"@graph\":[{\"@type\":\"WebPage\",\"@id\":\"https:\/\/pro.costa-verde.com\/costa-verde-recebe-os-candidatos-a-chefe-do-ano-2024\/\",\"url\":\"https:\/\/pro.costa-verde.com\/costa-verde-recebe-os-candidatos-a-chefe-do-ano-2024\/\",\"name\":\"Costa Verde recibi\u00f3 a los finalistas del concurso Chefe do Ano 2024\",\"isPartOf\":{\"@id\":\"https:\/\/pro.costa-verde.com\/#website\"},\"primaryImageOfPage\":{\"@id\":\"https:\/\/pro.costa-verde.com\/costa-verde-recebe-os-candidatos-a-chefe-do-ano-2024\/#primaryimage\"},\"image\":{\"@id\":\"https:\/\/pro.costa-verde.com\/costa-verde-recebe-os-candidatos-a-chefe-do-ano-2024\/#primaryimage\"},\"thumbnailUrl\":\"https:\/\/pro.costa-verde.com\/wp-content\/uploads\/2024\/03\/@joaobeijinho-4-of-70.jpg\",\"datePublished\":\"2024-03-22T12:36:35+00:00\",\"description\":\"Costa Verde recibi\u00f3 a los finalistas del concurso Chef del A\u00f1o 2024. Sepa m\u00e1s!\",\"breadcrumb\":{\"@id\":\"https:\/\/pro.costa-verde.com\/costa-verde-recebe-os-candidatos-a-chefe-do-ano-2024\/#breadcrumb\"},\"inLanguage\":\"es\",\"potentialAction\":[{\"@type\":\"ReadAction\",\"target\":[\"https:\/\/pro.costa-verde.com\/costa-verde-recebe-os-candidatos-a-chefe-do-ano-2024\/\"]}]},{\"@type\":\"ImageObject\",\"inLanguage\":\"es\",\"@id\":\"https:\/\/pro.costa-verde.com\/costa-verde-recebe-os-candidatos-a-chefe-do-ano-2024\/#primaryimage\",\"url\":\"https:\/\/pro.costa-verde.com\/wp-content\/uploads\/2024\/03\/@joaobeijinho-4-of-70.jpg\",\"contentUrl\":\"https:\/\/pro.costa-verde.com\/wp-content\/uploads\/2024\/03\/@joaobeijinho-4-of-70.jpg\",\"width\":1920,\"height\":1282},{\"@type\":\"BreadcrumbList\",\"@id\":\"https:\/\/pro.costa-verde.com\/costa-verde-recebe-os-candidatos-a-chefe-do-ano-2024\/#breadcrumb\",\"itemListElement\":[{\"@type\":\"ListItem\",\"position\":1,\"name\":\"In\u00edcio\",\"item\":\"https:\/\/pro.costa-verde.com\/es\/\"},{\"@type\":\"ListItem\",\"position\":2,\"name\":\"Costa Verde recibi\u00f3 a los finalistas del concurso Chefe do Ano 2024\"}]},{\"@type\":\"WebSite\",\"@id\":\"https:\/\/pro.costa-verde.com\/#website\",\"url\":\"https:\/\/pro.costa-verde.com\/\",\"name\":\"Costa Verde\",\"description\":\"Loja Online\",\"potentialAction\":[{\"@type\":\"SearchAction\",\"target\":{\"@type\":\"EntryPoint\",\"urlTemplate\":\"https:\/\/pro.costa-verde.com\/?s={search_term_string}\"},\"query-input\":{\"@type\":\"PropertyValueSpecification\",\"valueRequired\":true,\"valueName\":\"search_term_string\"}}],\"inLanguage\":\"es\"}]}<\/script>\n<!-- \/ Yoast SEO plugin. -->","yoast_head_json":{"title":"Costa Verde recibi\u00f3 a los finalistas del concurso Chefe do Ano 2024","description":"Costa Verde recibi\u00f3 a los finalistas del concurso Chef del A\u00f1o 2024. Sepa m\u00e1s!","robots":{"index":"index","follow":"follow","max-snippet":"max-snippet:-1","max-image-preview":"max-image-preview:large","max-video-preview":"max-video-preview:-1"},"canonical":"https:\/\/pro.costa-verde.com\/costa-verde-recebe-os-candidatos-a-chefe-do-ano-2024\/","og_locale":"es_ES","og_type":"article","og_title":"Costa Verde recibi\u00f3 a los finalistas del concurso Chefe do Ano 2024","og_description":"Costa Verde recibi\u00f3 a los finalistas del concurso Chef del A\u00f1o 2024. Sepa m\u00e1s!","og_url":"https:\/\/pro.costa-verde.com\/costa-verde-recebe-os-candidatos-a-chefe-do-ano-2024\/","og_site_name":"Costa Verde","article_publisher":"https:\/\/www.facebook.com\/costaverdeporcelanas\/","og_image":[{"width":1920,"height":1282,"url":"https:\/\/pro.costa-verde.com\/wp-content\/uploads\/2024\/03\/@joaobeijinho-4-of-70.jpg","type":"image\/jpeg"}],"twitter_card":"summary_large_image","twitter_misc":{"Tiempo de lectura":"5 minutos"},"schema":{"@context":"https:\/\/schema.org","@graph":[{"@type":"WebPage","@id":"https:\/\/pro.costa-verde.com\/costa-verde-recebe-os-candidatos-a-chefe-do-ano-2024\/","url":"https:\/\/pro.costa-verde.com\/costa-verde-recebe-os-candidatos-a-chefe-do-ano-2024\/","name":"Costa Verde recibi\u00f3 a los finalistas del concurso Chefe do Ano 2024","isPartOf":{"@id":"https:\/\/pro.costa-verde.com\/#website"},"primaryImageOfPage":{"@id":"https:\/\/pro.costa-verde.com\/costa-verde-recebe-os-candidatos-a-chefe-do-ano-2024\/#primaryimage"},"image":{"@id":"https:\/\/pro.costa-verde.com\/costa-verde-recebe-os-candidatos-a-chefe-do-ano-2024\/#primaryimage"},"thumbnailUrl":"https:\/\/pro.costa-verde.com\/wp-content\/uploads\/2024\/03\/@joaobeijinho-4-of-70.jpg","datePublished":"2024-03-22T12:36:35+00:00","description":"Costa Verde recibi\u00f3 a los finalistas del concurso Chef del A\u00f1o 2024. Sepa m\u00e1s!","breadcrumb":{"@id":"https:\/\/pro.costa-verde.com\/costa-verde-recebe-os-candidatos-a-chefe-do-ano-2024\/#breadcrumb"},"inLanguage":"es","potentialAction":[{"@type":"ReadAction","target":["https:\/\/pro.costa-verde.com\/costa-verde-recebe-os-candidatos-a-chefe-do-ano-2024\/"]}]},{"@type":"ImageObject","inLanguage":"es","@id":"https:\/\/pro.costa-verde.com\/costa-verde-recebe-os-candidatos-a-chefe-do-ano-2024\/#primaryimage","url":"https:\/\/pro.costa-verde.com\/wp-content\/uploads\/2024\/03\/@joaobeijinho-4-of-70.jpg","contentUrl":"https:\/\/pro.costa-verde.com\/wp-content\/uploads\/2024\/03\/@joaobeijinho-4-of-70.jpg","width":1920,"height":1282},{"@type":"BreadcrumbList","@id":"https:\/\/pro.costa-verde.com\/costa-verde-recebe-os-candidatos-a-chefe-do-ano-2024\/#breadcrumb","itemListElement":[{"@type":"ListItem","position":1,"name":"In\u00edcio","item":"https:\/\/pro.costa-verde.com\/es\/"},{"@type":"ListItem","position":2,"name":"Costa Verde recibi\u00f3 a los finalistas del concurso Chefe do Ano 2024"}]},{"@type":"WebSite","@id":"https:\/\/pro.costa-verde.com\/#website","url":"https:\/\/pro.costa-verde.com\/","name":"Costa Verde","description":"Loja Online","potentialAction":[{"@type":"SearchAction","target":{"@type":"EntryPoint","urlTemplate":"https:\/\/pro.costa-verde.com\/?s={search_term_string}"},"query-input":{"@type":"PropertyValueSpecification","valueRequired":true,"valueName":"search_term_string"}}],"inLanguage":"es"}]}},"_links":{"self":[{"href":"https:\/\/pro.costa-verde.com\/es\/wp-json\/wp\/v2\/pages\/55962","targetHints":{"allow":["GET"]}}],"collection":[{"href":"https:\/\/pro.costa-verde.com\/es\/wp-json\/wp\/v2\/pages"}],"about":[{"href":"https:\/\/pro.costa-verde.com\/es\/wp-json\/wp\/v2\/types\/page"}],"author":[{"embeddable":true,"href":"https:\/\/pro.costa-verde.com\/es\/wp-json\/wp\/v2\/users\/438"}],"replies":[{"embeddable":true,"href":"https:\/\/pro.costa-verde.com\/es\/wp-json\/wp\/v2\/comments?post=55962"}],"version-history":[{"count":15,"href":"https:\/\/pro.costa-verde.com\/es\/wp-json\/wp\/v2\/pages\/55962\/revisions"}],"predecessor-version":[{"id":56075,"href":"https:\/\/pro.costa-verde.com\/es\/wp-json\/wp\/v2\/pages\/55962\/revisions\/56075"}],"wp:featuredmedia":[{"embeddable":true,"href":"https:\/\/pro.costa-verde.com\/es\/wp-json\/wp\/v2\/media\/55967"}],"wp:attachment":[{"href":"https:\/\/pro.costa-verde.com\/es\/wp-json\/wp\/v2\/media?parent=55962"}],"curies":[{"name":"wp","href":"https:\/\/api.w.org\/{rel}","templated":true}]}}