{"id":55381,"date":"2024-02-06T14:35:29","date_gmt":"2024-02-06T14:35:29","guid":{"rendered":"https:\/\/pro.costa-verde.com\/?page_id=55381"},"modified":"2024-02-06T15:31:41","modified_gmt":"2024-02-06T15:31:41","slug":"costa-verde-en-ambiente","status":"publish","type":"page","link":"https:\/\/pro.costa-verde.com\/es\/costa-verde-en-ambiente\/","title":{"rendered":"Costa Verde en Ambiente"},"content":{"rendered":"\t\t<div data-elementor-type=\"wp-page\" data-elementor-id=\"55381\" class=\"elementor elementor-55381 elementor-55379\" data-elementor-post-type=\"page\">\n\t\t\t\t\t\t<section class=\"elementor-section elementor-top-section elementor-element elementor-element-4e696d57 elementor-section-boxed elementor-section-height-default elementor-section-height-default\" data-id=\"4e696d57\" data-element_type=\"section\">\n\t\t\t\t\t\t<div class=\"elementor-container elementor-column-gap-default\">\n\t\t\t\t\t<div class=\"elementor-column elementor-col-100 elementor-top-column elementor-element elementor-element-7149df70\" data-id=\"7149df70\" data-element_type=\"column\">\n\t\t\t<div class=\"elementor-widget-wrap elementor-element-populated\">\n\t\t\t\t\t\t<div class=\"elementor-element elementor-element-3311861 elementor-widget elementor-widget-image\" data-id=\"3311861\" data-element_type=\"widget\" data-widget_type=\"image.default\">\n\t\t\t\t<div class=\"elementor-widget-container\">\n\t\t\t\t\t\t\t\t\t\t\t\t\t\t\t<img fetchpriority=\"high\" decoding=\"async\" width=\"1006\" height=\"1024\" src=\"https:\/\/pro.costa-verde.com\/wp-content\/uploads\/2024\/02\/Frankfurt_editada-1006x1024.jpg\" class=\"attachment-large size-large wp-image-55409\" alt=\"\" srcset=\"https:\/\/pro.costa-verde.com\/wp-content\/uploads\/2024\/02\/Frankfurt_editada-1006x1024.jpg 1006w, https:\/\/pro.costa-verde.com\/wp-content\/uploads\/2024\/02\/Frankfurt_editada-295x300.jpg 295w, https:\/\/pro.costa-verde.com\/wp-content\/uploads\/2024\/02\/Frankfurt_editada-768x782.jpg 768w, https:\/\/pro.costa-verde.com\/wp-content\/uploads\/2024\/02\/Frankfurt_editada-300x305.jpg 300w, https:\/\/pro.costa-verde.com\/wp-content\/uploads\/2024\/02\/Frankfurt_editada-600x611.jpg 600w, https:\/\/pro.costa-verde.com\/wp-content\/uploads\/2024\/02\/Frankfurt_editada-120x122.jpg 120w, https:\/\/pro.costa-verde.com\/wp-content\/uploads\/2024\/02\/Frankfurt_editada.jpg 1493w\" sizes=\"(max-width: 1006px) 100vw, 1006px\" \/>\t\t\t\t\t\t\t\t\t\t\t\t\t\t\t<\/div>\n\t\t\t\t<\/div>\n\t\t\t\t<div class=\"elementor-element elementor-element-7843fbcb elementor-widget elementor-widget-text-editor\" data-id=\"7843fbcb\" data-element_type=\"widget\" data-widget_type=\"text-editor.default\">\n\t\t\t\t<div class=\"elementor-widget-container\">\n\t\t\t\t\t\t\t\t\t<p><span style=\"color: var( --e-global-color-text );\">Costa Verde ha vuelto a tener presencia en la feria Ambiente, que tuvo lugar del 26 al 30 de enero en la ciudad de Frankfurt, Alemania. Durante estos d\u00edas, Costa Verde tuvo la oportunidad de presentar sus nuevas colecciones, desarrollos y conceptos, destacando las l\u00edneas <strong>Bubbly<\/strong> y <strong>Tense<\/strong>, que combinan t\u00e9cnicas de impresi\u00f3n digital con el uso de tintas reactivas y vidriado por pulverizaci\u00f3n. Fueron d\u00edas intensos de reencuentro con socios y prospecci\u00f3n de nuevos clientes, a quienes tambi\u00e9n se les presentaron las colecciones <strong>Charmous<\/strong>, <strong>Serious<\/strong> y <strong>Eager<\/strong>, as\u00ed como soluciones de impresi\u00f3n digital.<\/span><\/p><p style=\"margin-bottom: 15.0pt;\">\u00a0<\/p><p style=\"margin-bottom: 0cm; font-variant-ligatures: normal; font-variant-caps: normal; white-space-collapse: preserve;\">Siendo la principal y m\u00e1s grande muestra internacional de bienes de consumo, Ambiente presenta una gran diversidad de productos para diferentes espacios y estilos, con un enfoque en los principales temas del futuro: Sostenibilidad, Estilo de Vida y Dise\u00f1o, Nuevos Proyectos, Retail y Expansi\u00f3n Digital.<\/p><p style=\"margin-bottom: 0cm; font-variant-ligatures: normal; font-variant-caps: normal; white-space-collapse: preserve;\">\u00a0<\/p><p style=\"margin-bottom: 0cm; font-variant-ligatures: normal; font-variant-caps: normal; white-space-collapse: preserve;\">Ambiente estar\u00e1 de vuelta en 2025, del 7 al 11 de febrero.<\/p>\t\t\t\t\t\t\t\t<\/div>\n\t\t\t\t<\/div>\n\t\t\t\t\t<\/div>\n\t\t<\/div>\n\t\t\t\t\t<\/div>\n\t\t<\/section>\n\t\t\t\t<\/div>\n\t\t","protected":false},"excerpt":{"rendered":"<p>Costa Verde ha vuelto a tener presencia en la feria Ambiente, que tuvo lugar del 26 al 30 de enero en la ciudad de Frankfurt, Alemania. Durante estos d\u00edas, Costa Verde tuvo la oportunidad de presentar sus nuevas colecciones, desarrollos y conceptos, destacando las l\u00edneas Bubbly y Tense, que combinan t\u00e9cnicas de impresi\u00f3n digital con [&hellip;]<\/p>\n","protected":false},"author":438,"featured_media":55386,"parent":0,"menu_order":0,"comment_status":"open","ping_status":"closed","template":"","meta":{"footnotes":""},"class_list":["post-55381","page","type-page","status-publish","has-post-thumbnail","hentry"],"yoast_head":"<!-- This site is optimized with the Yoast SEO plugin v26.9 - https:\/\/yoast.com\/product\/yoast-seo-wordpress\/ -->\n<title>Costa Verde en Ambiente - Costa Verde<\/title>\n<meta name=\"description\" content=\"Costa Verde ha vuelto a tener presencia en la feria Ambiente, que tuvo lugar del 26 al 30 de enero en la ciudad de Frankfurt, Alemania.\" \/>\n<meta name=\"robots\" content=\"index, follow, max-snippet:-1, max-image-preview:large, max-video-preview:-1\" \/>\n<link rel=\"canonical\" href=\"https:\/\/pro.costa-verde.com\/costa-verde-na-ambiente\/\" \/>\n<meta property=\"og:locale\" content=\"es_ES\" \/>\n<meta property=\"og:type\" content=\"article\" \/>\n<meta property=\"og:title\" content=\"Costa Verde en Ambiente - Costa Verde\" \/>\n<meta property=\"og:description\" content=\"Costa Verde ha vuelto a tener presencia en la feria Ambiente, que tuvo lugar del 26 al 30 de enero en la ciudad de Frankfurt, Alemania.\" \/>\n<meta property=\"og:url\" content=\"https:\/\/pro.costa-verde.com\/costa-verde-na-ambiente\/\" \/>\n<meta property=\"og:site_name\" content=\"Costa Verde\" \/>\n<meta property=\"article:publisher\" content=\"https:\/\/www.facebook.com\/costaverdeporcelanas\/\" \/>\n<meta property=\"article:modified_time\" content=\"2024-02-06T15:31:41+00:00\" \/>\n<meta property=\"og:image\" content=\"https:\/\/pro.costa-verde.com\/wp-content\/uploads\/2024\/02\/Frankfurt-e1707222077431.jpg\" \/>\n\t<meta property=\"og:image:width\" content=\"1440\" \/>\n\t<meta property=\"og:image:height\" content=\"1920\" \/>\n\t<meta property=\"og:image:type\" content=\"image\/jpeg\" \/>\n<meta name=\"twitter:card\" content=\"summary_large_image\" \/>\n<meta name=\"twitter:label1\" content=\"Tiempo de lectura\" \/>\n\t<meta name=\"twitter:data1\" content=\"1 minuto\" \/>\n<script type=\"application\/ld+json\" class=\"yoast-schema-graph\">{\"@context\":\"https:\/\/schema.org\",\"@graph\":[{\"@type\":\"WebPage\",\"@id\":\"https:\/\/pro.costa-verde.com\/costa-verde-na-ambiente\/\",\"url\":\"https:\/\/pro.costa-verde.com\/costa-verde-na-ambiente\/\",\"name\":\"Costa Verde en Ambiente - Costa Verde\",\"isPartOf\":{\"@id\":\"https:\/\/pro.costa-verde.com\/#website\"},\"primaryImageOfPage\":{\"@id\":\"https:\/\/pro.costa-verde.com\/costa-verde-na-ambiente\/#primaryimage\"},\"image\":{\"@id\":\"https:\/\/pro.costa-verde.com\/costa-verde-na-ambiente\/#primaryimage\"},\"thumbnailUrl\":\"https:\/\/pro.costa-verde.com\/wp-content\/uploads\/2024\/02\/Frankfurt-e1707222077431.jpg\",\"datePublished\":\"2024-02-06T14:35:29+00:00\",\"dateModified\":\"2024-02-06T15:31:41+00:00\",\"description\":\"Costa Verde ha vuelto a tener presencia en la feria Ambiente, que tuvo lugar del 26 al 30 de enero en la ciudad de Frankfurt, Alemania.\",\"breadcrumb\":{\"@id\":\"https:\/\/pro.costa-verde.com\/costa-verde-na-ambiente\/#breadcrumb\"},\"inLanguage\":\"es\",\"potentialAction\":[{\"@type\":\"ReadAction\",\"target\":[\"https:\/\/pro.costa-verde.com\/costa-verde-na-ambiente\/\"]}]},{\"@type\":\"ImageObject\",\"inLanguage\":\"es\",\"@id\":\"https:\/\/pro.costa-verde.com\/costa-verde-na-ambiente\/#primaryimage\",\"url\":\"https:\/\/pro.costa-verde.com\/wp-content\/uploads\/2024\/02\/Frankfurt-e1707222077431.jpg\",\"contentUrl\":\"https:\/\/pro.costa-verde.com\/wp-content\/uploads\/2024\/02\/Frankfurt-e1707222077431.jpg\",\"width\":1440,\"height\":1920},{\"@type\":\"BreadcrumbList\",\"@id\":\"https:\/\/pro.costa-verde.com\/costa-verde-na-ambiente\/#breadcrumb\",\"itemListElement\":[{\"@type\":\"ListItem\",\"position\":1,\"name\":\"In\u00edcio\",\"item\":\"https:\/\/pro.costa-verde.com\/es\/\"},{\"@type\":\"ListItem\",\"position\":2,\"name\":\"Costa Verde en Ambiente\"}]},{\"@type\":\"WebSite\",\"@id\":\"https:\/\/pro.costa-verde.com\/#website\",\"url\":\"https:\/\/pro.costa-verde.com\/\",\"name\":\"Costa Verde\",\"description\":\"Loja Online\",\"potentialAction\":[{\"@type\":\"SearchAction\",\"target\":{\"@type\":\"EntryPoint\",\"urlTemplate\":\"https:\/\/pro.costa-verde.com\/?s={search_term_string}\"},\"query-input\":{\"@type\":\"PropertyValueSpecification\",\"valueRequired\":true,\"valueName\":\"search_term_string\"}}],\"inLanguage\":\"es\"}]}<\/script>\n<!-- \/ Yoast SEO plugin. -->","yoast_head_json":{"title":"Costa Verde en Ambiente - Costa Verde","description":"Costa Verde ha vuelto a tener presencia en la feria Ambiente, que tuvo lugar del 26 al 30 de enero en la ciudad de Frankfurt, Alemania.","robots":{"index":"index","follow":"follow","max-snippet":"max-snippet:-1","max-image-preview":"max-image-preview:large","max-video-preview":"max-video-preview:-1"},"canonical":"https:\/\/pro.costa-verde.com\/costa-verde-na-ambiente\/","og_locale":"es_ES","og_type":"article","og_title":"Costa Verde en Ambiente - Costa Verde","og_description":"Costa Verde ha vuelto a tener presencia en la feria Ambiente, que tuvo lugar del 26 al 30 de enero en la ciudad de Frankfurt, Alemania.","og_url":"https:\/\/pro.costa-verde.com\/costa-verde-na-ambiente\/","og_site_name":"Costa Verde","article_publisher":"https:\/\/www.facebook.com\/costaverdeporcelanas\/","article_modified_time":"2024-02-06T15:31:41+00:00","og_image":[{"width":1440,"height":1920,"url":"https:\/\/pro.costa-verde.com\/wp-content\/uploads\/2024\/02\/Frankfurt-e1707222077431.jpg","type":"image\/jpeg"}],"twitter_card":"summary_large_image","twitter_misc":{"Tiempo de lectura":"1 minuto"},"schema":{"@context":"https:\/\/schema.org","@graph":[{"@type":"WebPage","@id":"https:\/\/pro.costa-verde.com\/costa-verde-na-ambiente\/","url":"https:\/\/pro.costa-verde.com\/costa-verde-na-ambiente\/","name":"Costa Verde en Ambiente - Costa Verde","isPartOf":{"@id":"https:\/\/pro.costa-verde.com\/#website"},"primaryImageOfPage":{"@id":"https:\/\/pro.costa-verde.com\/costa-verde-na-ambiente\/#primaryimage"},"image":{"@id":"https:\/\/pro.costa-verde.com\/costa-verde-na-ambiente\/#primaryimage"},"thumbnailUrl":"https:\/\/pro.costa-verde.com\/wp-content\/uploads\/2024\/02\/Frankfurt-e1707222077431.jpg","datePublished":"2024-02-06T14:35:29+00:00","dateModified":"2024-02-06T15:31:41+00:00","description":"Costa Verde ha vuelto a tener presencia en la feria Ambiente, que tuvo lugar del 26 al 30 de enero en la ciudad de Frankfurt, Alemania.","breadcrumb":{"@id":"https:\/\/pro.costa-verde.com\/costa-verde-na-ambiente\/#breadcrumb"},"inLanguage":"es","potentialAction":[{"@type":"ReadAction","target":["https:\/\/pro.costa-verde.com\/costa-verde-na-ambiente\/"]}]},{"@type":"ImageObject","inLanguage":"es","@id":"https:\/\/pro.costa-verde.com\/costa-verde-na-ambiente\/#primaryimage","url":"https:\/\/pro.costa-verde.com\/wp-content\/uploads\/2024\/02\/Frankfurt-e1707222077431.jpg","contentUrl":"https:\/\/pro.costa-verde.com\/wp-content\/uploads\/2024\/02\/Frankfurt-e1707222077431.jpg","width":1440,"height":1920},{"@type":"BreadcrumbList","@id":"https:\/\/pro.costa-verde.com\/costa-verde-na-ambiente\/#breadcrumb","itemListElement":[{"@type":"ListItem","position":1,"name":"In\u00edcio","item":"https:\/\/pro.costa-verde.com\/es\/"},{"@type":"ListItem","position":2,"name":"Costa Verde en Ambiente"}]},{"@type":"WebSite","@id":"https:\/\/pro.costa-verde.com\/#website","url":"https:\/\/pro.costa-verde.com\/","name":"Costa Verde","description":"Loja Online","potentialAction":[{"@type":"SearchAction","target":{"@type":"EntryPoint","urlTemplate":"https:\/\/pro.costa-verde.com\/?s={search_term_string}"},"query-input":{"@type":"PropertyValueSpecification","valueRequired":true,"valueName":"search_term_string"}}],"inLanguage":"es"}]}},"_links":{"self":[{"href":"https:\/\/pro.costa-verde.com\/es\/wp-json\/wp\/v2\/pages\/55381","targetHints":{"allow":["GET"]}}],"collection":[{"href":"https:\/\/pro.costa-verde.com\/es\/wp-json\/wp\/v2\/pages"}],"about":[{"href":"https:\/\/pro.costa-verde.com\/es\/wp-json\/wp\/v2\/types\/page"}],"author":[{"embeddable":true,"href":"https:\/\/pro.costa-verde.com\/es\/wp-json\/wp\/v2\/users\/438"}],"replies":[{"embeddable":true,"href":"https:\/\/pro.costa-verde.com\/es\/wp-json\/wp\/v2\/comments?post=55381"}],"version-history":[{"count":9,"href":"https:\/\/pro.costa-verde.com\/es\/wp-json\/wp\/v2\/pages\/55381\/revisions"}],"predecessor-version":[{"id":55422,"href":"https:\/\/pro.costa-verde.com\/es\/wp-json\/wp\/v2\/pages\/55381\/revisions\/55422"}],"wp:featuredmedia":[{"embeddable":true,"href":"https:\/\/pro.costa-verde.com\/es\/wp-json\/wp\/v2\/media\/55386"}],"wp:attachment":[{"href":"https:\/\/pro.costa-verde.com\/es\/wp-json\/wp\/v2\/media?parent=55381"}],"curies":[{"name":"wp","href":"https:\/\/api.w.org\/{rel}","templated":true}]}}