{"id":54407,"date":"2023-11-03T10:28:32","date_gmt":"2023-11-03T10:28:32","guid":{"rendered":"https:\/\/pro.costa-verde.com\/?page_id=54407"},"modified":"2023-11-03T10:28:32","modified_gmt":"2023-11-03T10:28:32","slug":"costa-verde-reconocida-por-un-global-compact-network-portugal","status":"publish","type":"page","link":"https:\/\/pro.costa-verde.com\/es\/costa-verde-reconocida-por-un-global-compact-network-portugal\/","title":{"rendered":"Costa Verde reconocida por UN Global Compact Network Portugal"},"content":{"rendered":"\t\t<div data-elementor-type=\"wp-page\" data-elementor-id=\"54407\" class=\"elementor elementor-54407 elementor-54405\" data-elementor-post-type=\"page\">\n\t\t\t\t\t\t<section class=\"elementor-section elementor-top-section elementor-element elementor-element-4e696d57 elementor-section-boxed elementor-section-height-default elementor-section-height-default\" data-id=\"4e696d57\" data-element_type=\"section\">\n\t\t\t\t\t\t<div class=\"elementor-container elementor-column-gap-default\">\n\t\t\t\t\t<div class=\"elementor-column elementor-col-100 elementor-top-column elementor-element elementor-element-7149df70\" data-id=\"7149df70\" data-element_type=\"column\">\n\t\t\t<div class=\"elementor-widget-wrap elementor-element-populated\">\n\t\t\t\t\t\t<div class=\"elementor-element elementor-element-3311861 elementor-widget elementor-widget-image\" data-id=\"3311861\" data-element_type=\"widget\" data-widget_type=\"image.default\">\n\t\t\t\t<div class=\"elementor-widget-container\">\n\t\t\t\t\t\t\t\t\t\t\t\t\t\t\t<img fetchpriority=\"high\" decoding=\"async\" width=\"1024\" height=\"768\" src=\"https:\/\/pro.costa-verde.com\/wp-content\/uploads\/2023\/11\/Global-compact_reconhecimento_9anos-1024x768.jpg\" class=\"attachment-large size-large wp-image-54411\" alt=\"UN Global Compact Network Portugal\" srcset=\"https:\/\/pro.costa-verde.com\/wp-content\/uploads\/2023\/11\/Global-compact_reconhecimento_9anos-1024x768.jpg 1024w, https:\/\/pro.costa-verde.com\/wp-content\/uploads\/2023\/11\/Global-compact_reconhecimento_9anos-300x225.jpg 300w, https:\/\/pro.costa-verde.com\/wp-content\/uploads\/2023\/11\/Global-compact_reconhecimento_9anos-768x576.jpg 768w, https:\/\/pro.costa-verde.com\/wp-content\/uploads\/2023\/11\/Global-compact_reconhecimento_9anos-1536x1152.jpg 1536w, https:\/\/pro.costa-verde.com\/wp-content\/uploads\/2023\/11\/Global-compact_reconhecimento_9anos-600x450.jpg 600w, https:\/\/pro.costa-verde.com\/wp-content\/uploads\/2023\/11\/Global-compact_reconhecimento_9anos-120x90.jpg 120w, https:\/\/pro.costa-verde.com\/wp-content\/uploads\/2023\/11\/Global-compact_reconhecimento_9anos.jpg 1920w\" sizes=\"(max-width: 1024px) 100vw, 1024px\" \/>\t\t\t\t\t\t\t\t\t\t\t\t\t\t\t<\/div>\n\t\t\t\t<\/div>\n\t\t\t\t<div class=\"elementor-element elementor-element-7843fbcb elementor-widget elementor-widget-text-editor\" data-id=\"7843fbcb\" data-element_type=\"widget\" data-widget_type=\"text-editor.default\">\n\t\t\t\t<div class=\"elementor-widget-container\">\n\t\t\t\t\t\t\t\t\t<p><a href=\"https:\/\/globalcompact.pt\/index.php\/pt\/\">UN Global Compact Network Portugal<\/a> reconoci\u00f3 la valiosa contribuci\u00f3n y el liderazgo demostrado por Costa Verde en el avance del Desarrollo Sostenible.<\/p><p><a href=\"https:\/\/pro.costa-verde.com\/es\/?_gl=1%2A51051n%2A_ga%2ANTE0NzMwMzQ1LjE2OTkwMDUzNjY.%2A_up%2AMQ..\">Costa Verde<\/a>, miembro de la UN Global Compact Network Portugal , integra en su actividad los Diez Principios del Pacto Mundial de las Naciones Unidas y su respectiva alineaci\u00f3n con las agendas globales, en particular la Agenda 2030 de las Naciones Unidas y los Objetivos de Desarrollo Sostenible, en una profunda implicaci\u00f3n centrada en las \u00e1reas de derechos humanos, pr\u00e1cticas laborales, protecci\u00f3n ambiental y anticorrupci\u00f3n.<\/p><p>Los Diez Principios del Pacto Mundial de las Naciones Unidas se derivan de cuatro declaraciones y convenciones universalmente aceptadas: la Declaraci\u00f3n Universal de Derechos Humanos, la Declaraci\u00f3n de la Organizaci\u00f3n Internacional del Trabajo sobre los principios y derechos fundamentales en el trabajo, la Declaraci\u00f3n de R\u00edo sobre el Medio Ambiente y el Desarrollo y la Convenci\u00f3n sobre las Naciones Unidas. Naciones contra la Corrupci\u00f3n.<\/p><p>\u00a1Obtenga m\u00e1s informaci\u00f3n sobre UN Global Compact Network Portugal <a href=\"https:\/\/globalcompact.pt\/index.php\/pt\/\">aqu\u00ed<\/a>!<\/p>\t\t\t\t\t\t\t\t<\/div>\n\t\t\t\t<\/div>\n\t\t\t\t\t<\/div>\n\t\t<\/div>\n\t\t\t\t\t<\/div>\n\t\t<\/section>\n\t\t\t\t<\/div>\n\t\t","protected":false},"excerpt":{"rendered":"<p>UN Global Compact Network Portugal reconoci\u00f3 la valiosa contribuci\u00f3n y el liderazgo demostrado por Costa Verde en el avance del Desarrollo Sostenible. Costa Verde, miembro de la UN Global Compact Network Portugal , integra en su actividad los Diez Principios del Pacto Mundial de las Naciones Unidas y su respectiva alineaci\u00f3n con las agendas globales, [&hellip;]<\/p>\n","protected":false},"author":438,"featured_media":54411,"parent":0,"menu_order":0,"comment_status":"open","ping_status":"closed","template":"","meta":{"footnotes":""},"class_list":["post-54407","page","type-page","status-publish","has-post-thumbnail","hentry"],"yoast_head":"<!-- This site is optimized with the Yoast SEO plugin v26.9 - https:\/\/yoast.com\/product\/yoast-seo-wordpress\/ -->\n<title>Costa Verde reconocida por UN Global Compact Network Portugal - Costa Verde<\/title>\n<meta name=\"description\" content=\"\u00a1Costa Verde reconocida por UN Global Compact Network Portugal por su valiosa contribuci\u00f3n al avance del Desarrollo Sostenible!\" \/>\n<meta name=\"robots\" content=\"index, follow, max-snippet:-1, max-image-preview:large, max-video-preview:-1\" \/>\n<link rel=\"canonical\" href=\"https:\/\/pro.costa-verde.com\/es\/costa-verde-reconocida-por-un-global-compact-network-portugal\/\" \/>\n<meta property=\"og:locale\" content=\"es_ES\" \/>\n<meta property=\"og:type\" content=\"article\" \/>\n<meta property=\"og:title\" content=\"Costa Verde reconocida por UN Global Compact Network Portugal - Costa Verde\" \/>\n<meta property=\"og:description\" content=\"\u00a1Costa Verde reconocida por UN Global Compact Network Portugal por su valiosa contribuci\u00f3n al avance del Desarrollo Sostenible!\" \/>\n<meta property=\"og:url\" content=\"https:\/\/pro.costa-verde.com\/es\/costa-verde-reconocida-por-un-global-compact-network-portugal\/\" \/>\n<meta property=\"og:site_name\" content=\"Costa Verde\" \/>\n<meta property=\"article:publisher\" content=\"https:\/\/www.facebook.com\/costaverdeporcelanas\/\" \/>\n<meta property=\"og:image\" content=\"https:\/\/pro.costa-verde.com\/wp-content\/uploads\/2023\/11\/Global-compact_reconhecimento_9anos.jpg\" \/>\n\t<meta property=\"og:image:width\" content=\"1920\" \/>\n\t<meta property=\"og:image:height\" content=\"1440\" \/>\n\t<meta property=\"og:image:type\" content=\"image\/jpeg\" \/>\n<meta name=\"twitter:card\" content=\"summary_large_image\" \/>\n<meta name=\"twitter:label1\" content=\"Tiempo de lectura\" \/>\n\t<meta name=\"twitter:data1\" content=\"1 minuto\" \/>\n<script type=\"application\/ld+json\" class=\"yoast-schema-graph\">{\"@context\":\"https:\/\/schema.org\",\"@graph\":[{\"@type\":\"WebPage\",\"@id\":\"https:\/\/pro.costa-verde.com\/es\/costa-verde-reconocida-por-un-global-compact-network-portugal\/\",\"url\":\"https:\/\/pro.costa-verde.com\/es\/costa-verde-reconocida-por-un-global-compact-network-portugal\/\",\"name\":\"Costa Verde reconocida por UN Global Compact Network Portugal - Costa Verde\",\"isPartOf\":{\"@id\":\"https:\/\/pro.costa-verde.com\/#website\"},\"primaryImageOfPage\":{\"@id\":\"https:\/\/pro.costa-verde.com\/es\/costa-verde-reconocida-por-un-global-compact-network-portugal\/#primaryimage\"},\"image\":{\"@id\":\"https:\/\/pro.costa-verde.com\/es\/costa-verde-reconocida-por-un-global-compact-network-portugal\/#primaryimage\"},\"thumbnailUrl\":\"https:\/\/pro.costa-verde.com\/wp-content\/uploads\/2023\/11\/Global-compact_reconhecimento_9anos.jpg\",\"datePublished\":\"2023-11-03T10:28:32+00:00\",\"description\":\"\u00a1Costa Verde reconocida por UN Global Compact Network Portugal por su valiosa contribuci\u00f3n al avance del Desarrollo Sostenible!\",\"breadcrumb\":{\"@id\":\"https:\/\/pro.costa-verde.com\/es\/costa-verde-reconocida-por-un-global-compact-network-portugal\/#breadcrumb\"},\"inLanguage\":\"es\",\"potentialAction\":[{\"@type\":\"ReadAction\",\"target\":[\"https:\/\/pro.costa-verde.com\/es\/costa-verde-reconocida-por-un-global-compact-network-portugal\/\"]}]},{\"@type\":\"ImageObject\",\"inLanguage\":\"es\",\"@id\":\"https:\/\/pro.costa-verde.com\/es\/costa-verde-reconocida-por-un-global-compact-network-portugal\/#primaryimage\",\"url\":\"https:\/\/pro.costa-verde.com\/wp-content\/uploads\/2023\/11\/Global-compact_reconhecimento_9anos.jpg\",\"contentUrl\":\"https:\/\/pro.costa-verde.com\/wp-content\/uploads\/2023\/11\/Global-compact_reconhecimento_9anos.jpg\",\"width\":1920,\"height\":1440,\"caption\":\"UN Global Compact Network Portugal.\"},{\"@type\":\"BreadcrumbList\",\"@id\":\"https:\/\/pro.costa-verde.com\/es\/costa-verde-reconocida-por-un-global-compact-network-portugal\/#breadcrumb\",\"itemListElement\":[{\"@type\":\"ListItem\",\"position\":1,\"name\":\"In\u00edcio\",\"item\":\"https:\/\/pro.costa-verde.com\/es\/\"},{\"@type\":\"ListItem\",\"position\":2,\"name\":\"Costa Verde reconocida por UN Global Compact Network Portugal\"}]},{\"@type\":\"WebSite\",\"@id\":\"https:\/\/pro.costa-verde.com\/#website\",\"url\":\"https:\/\/pro.costa-verde.com\/\",\"name\":\"Costa Verde\",\"description\":\"Loja Online\",\"potentialAction\":[{\"@type\":\"SearchAction\",\"target\":{\"@type\":\"EntryPoint\",\"urlTemplate\":\"https:\/\/pro.costa-verde.com\/?s={search_term_string}\"},\"query-input\":{\"@type\":\"PropertyValueSpecification\",\"valueRequired\":true,\"valueName\":\"search_term_string\"}}],\"inLanguage\":\"es\"}]}<\/script>\n<!-- \/ Yoast SEO plugin. -->","yoast_head_json":{"title":"Costa Verde reconocida por UN Global Compact Network Portugal - Costa Verde","description":"\u00a1Costa Verde reconocida por UN Global Compact Network Portugal por su valiosa contribuci\u00f3n al avance del Desarrollo Sostenible!","robots":{"index":"index","follow":"follow","max-snippet":"max-snippet:-1","max-image-preview":"max-image-preview:large","max-video-preview":"max-video-preview:-1"},"canonical":"https:\/\/pro.costa-verde.com\/es\/costa-verde-reconocida-por-un-global-compact-network-portugal\/","og_locale":"es_ES","og_type":"article","og_title":"Costa Verde reconocida por UN Global Compact Network Portugal - Costa Verde","og_description":"\u00a1Costa Verde reconocida por UN Global Compact Network Portugal por su valiosa contribuci\u00f3n al avance del Desarrollo Sostenible!","og_url":"https:\/\/pro.costa-verde.com\/es\/costa-verde-reconocida-por-un-global-compact-network-portugal\/","og_site_name":"Costa Verde","article_publisher":"https:\/\/www.facebook.com\/costaverdeporcelanas\/","og_image":[{"width":1920,"height":1440,"url":"https:\/\/pro.costa-verde.com\/wp-content\/uploads\/2023\/11\/Global-compact_reconhecimento_9anos.jpg","type":"image\/jpeg"}],"twitter_card":"summary_large_image","twitter_misc":{"Tiempo de lectura":"1 minuto"},"schema":{"@context":"https:\/\/schema.org","@graph":[{"@type":"WebPage","@id":"https:\/\/pro.costa-verde.com\/es\/costa-verde-reconocida-por-un-global-compact-network-portugal\/","url":"https:\/\/pro.costa-verde.com\/es\/costa-verde-reconocida-por-un-global-compact-network-portugal\/","name":"Costa Verde reconocida por UN Global Compact Network Portugal - Costa Verde","isPartOf":{"@id":"https:\/\/pro.costa-verde.com\/#website"},"primaryImageOfPage":{"@id":"https:\/\/pro.costa-verde.com\/es\/costa-verde-reconocida-por-un-global-compact-network-portugal\/#primaryimage"},"image":{"@id":"https:\/\/pro.costa-verde.com\/es\/costa-verde-reconocida-por-un-global-compact-network-portugal\/#primaryimage"},"thumbnailUrl":"https:\/\/pro.costa-verde.com\/wp-content\/uploads\/2023\/11\/Global-compact_reconhecimento_9anos.jpg","datePublished":"2023-11-03T10:28:32+00:00","description":"\u00a1Costa Verde reconocida por UN Global Compact Network Portugal por su valiosa contribuci\u00f3n al avance del Desarrollo Sostenible!","breadcrumb":{"@id":"https:\/\/pro.costa-verde.com\/es\/costa-verde-reconocida-por-un-global-compact-network-portugal\/#breadcrumb"},"inLanguage":"es","potentialAction":[{"@type":"ReadAction","target":["https:\/\/pro.costa-verde.com\/es\/costa-verde-reconocida-por-un-global-compact-network-portugal\/"]}]},{"@type":"ImageObject","inLanguage":"es","@id":"https:\/\/pro.costa-verde.com\/es\/costa-verde-reconocida-por-un-global-compact-network-portugal\/#primaryimage","url":"https:\/\/pro.costa-verde.com\/wp-content\/uploads\/2023\/11\/Global-compact_reconhecimento_9anos.jpg","contentUrl":"https:\/\/pro.costa-verde.com\/wp-content\/uploads\/2023\/11\/Global-compact_reconhecimento_9anos.jpg","width":1920,"height":1440,"caption":"UN Global Compact Network Portugal."},{"@type":"BreadcrumbList","@id":"https:\/\/pro.costa-verde.com\/es\/costa-verde-reconocida-por-un-global-compact-network-portugal\/#breadcrumb","itemListElement":[{"@type":"ListItem","position":1,"name":"In\u00edcio","item":"https:\/\/pro.costa-verde.com\/es\/"},{"@type":"ListItem","position":2,"name":"Costa Verde reconocida por UN Global Compact Network Portugal"}]},{"@type":"WebSite","@id":"https:\/\/pro.costa-verde.com\/#website","url":"https:\/\/pro.costa-verde.com\/","name":"Costa Verde","description":"Loja Online","potentialAction":[{"@type":"SearchAction","target":{"@type":"EntryPoint","urlTemplate":"https:\/\/pro.costa-verde.com\/?s={search_term_string}"},"query-input":{"@type":"PropertyValueSpecification","valueRequired":true,"valueName":"search_term_string"}}],"inLanguage":"es"}]}},"_links":{"self":[{"href":"https:\/\/pro.costa-verde.com\/es\/wp-json\/wp\/v2\/pages\/54407","targetHints":{"allow":["GET"]}}],"collection":[{"href":"https:\/\/pro.costa-verde.com\/es\/wp-json\/wp\/v2\/pages"}],"about":[{"href":"https:\/\/pro.costa-verde.com\/es\/wp-json\/wp\/v2\/types\/page"}],"author":[{"embeddable":true,"href":"https:\/\/pro.costa-verde.com\/es\/wp-json\/wp\/v2\/users\/438"}],"replies":[{"embeddable":true,"href":"https:\/\/pro.costa-verde.com\/es\/wp-json\/wp\/v2\/comments?post=54407"}],"version-history":[{"count":4,"href":"https:\/\/pro.costa-verde.com\/es\/wp-json\/wp\/v2\/pages\/54407\/revisions"}],"predecessor-version":[{"id":54430,"href":"https:\/\/pro.costa-verde.com\/es\/wp-json\/wp\/v2\/pages\/54407\/revisions\/54430"}],"wp:featuredmedia":[{"embeddable":true,"href":"https:\/\/pro.costa-verde.com\/es\/wp-json\/wp\/v2\/media\/54411"}],"wp:attachment":[{"href":"https:\/\/pro.costa-verde.com\/es\/wp-json\/wp\/v2\/media?parent=54407"}],"curies":[{"name":"wp","href":"https:\/\/api.w.org\/{rel}","templated":true}]}}