{"id":54369,"date":"2023-10-26T16:06:48","date_gmt":"2023-10-26T15:06:48","guid":{"rendered":"https:\/\/pro.costa-verde.com\/?page_id=54369"},"modified":"2023-10-26T16:20:26","modified_gmt":"2023-10-26T15:20:26","slug":"canal-de-denuncias","status":"publish","type":"page","link":"https:\/\/pro.costa-verde.com\/es\/canal-de-denuncias\/","title":{"rendered":"Canal de Denuncias"},"content":{"rendered":"\t\t<div data-elementor-type=\"wp-page\" data-elementor-id=\"54369\" class=\"elementor elementor-54369 elementor-54352\" data-elementor-post-type=\"page\">\n\t\t\t\t\t\t<section class=\"elementor-section elementor-top-section elementor-element elementor-element-c9ce48a elementor-section-boxed elementor-section-height-default elementor-section-height-default\" data-id=\"c9ce48a\" data-element_type=\"section\">\n\t\t\t\t\t\t<div class=\"elementor-container elementor-column-gap-default\">\n\t\t\t\t\t<div class=\"elementor-column elementor-col-100 elementor-top-column elementor-element elementor-element-555550d\" data-id=\"555550d\" data-element_type=\"column\">\n\t\t\t<div class=\"elementor-widget-wrap elementor-element-populated\">\n\t\t\t\t\t\t<div class=\"elementor-element elementor-element-bed0404 elementor-widget elementor-widget-text-editor\" data-id=\"bed0404\" data-element_type=\"widget\" data-widget_type=\"text-editor.default\">\n\t\t\t\t<div class=\"elementor-widget-container\">\n\t\t\t\t\t\t\t\t\t<p style=\"font-style: normal; font-variant-ligatures: normal; font-variant-caps: normal; font-weight: 400; font-size: 15px; font-family: Roboto, sans-serif;\"><span lang=\"ES-TRAD\">El Canal de Denuncias es un servicio de comunicaci\u00f3n interna de posibles pr\u00e1cticas irregulares, que pueden ser remitidas en un sistema eficaz, r\u00e1pido y adecuado para su detecci\u00f3n, investigaci\u00f3n y resoluci\u00f3n, de acuerdo con las normas de conducta del Costa Verde. Se garantiza siempre el anonimato, la confidencialidad, la salvaguardia y la no represalia del denunciante, cumpliendo con todos los est\u00e1ndares de protecci\u00f3n de datos y seguridad de la informaci\u00f3n.<\/span><\/p>\n<p style=\"font-style: normal; font-variant-ligatures: normal; font-variant-caps: normal; font-weight: 400; font-size: 15px; font-family: Roboto, sans-serif;\"><span lang=\"ES-TRAD\">Costa Verde se compromete a mantener un entorno laboral que aliente a cualquier gerente, director, empleado de la empresa, proveedor, cliente y proveedor de servicios&nbsp;a denunciar fundadas o efectivas violaciones de la ley, del C\u00f3digo de \u00c9tica y de Conducta Comercial. Quienes presenten denuncias fundadas estar\u00e1n protegidos contra posibles represalias.<\/span><\/p>\n<p style=\"font-style: normal; font-variant-ligatures: normal; font-variant-caps: normal; font-weight: 400; font-size: 15px; font-family: Roboto, sans-serif;\"><span style=\"color: var( --e-global-color-text );\">Obtenga m\u00e1s informaci\u00f3n sobre el canal de denuncias <a href=\"https:\/\/whistleblowersoftware.com\/secure\/canal_de_denuncia_costa_verde\">aqu\u00ed<\/a>!<\/span><\/p>\t\t\t\t\t\t\t\t<\/div>\n\t\t\t\t<\/div>\n\t\t\t\t\t<\/div>\n\t\t<\/div>\n\t\t\t\t\t<\/div>\n\t\t<\/section>\n\t\t\t\t<section class=\"elementor-section elementor-top-section elementor-element elementor-element-1f62599 elementor-section-boxed elementor-section-height-default elementor-section-height-default\" data-id=\"1f62599\" data-element_type=\"section\">\n\t\t\t\t\t\t<div class=\"elementor-container elementor-column-gap-default\">\n\t\t\t\t\t<div class=\"elementor-column elementor-col-100 elementor-top-column elementor-element elementor-element-2015f21\" data-id=\"2015f21\" data-element_type=\"column\">\n\t\t\t<div class=\"elementor-widget-wrap elementor-element-populated\">\n\t\t\t\t\t\t<div class=\"elementor-element elementor-element-f478c64 elementor-widget elementor-widget-image\" data-id=\"f478c64\" data-element_type=\"widget\" data-widget_type=\"image.default\">\n\t\t\t\t<div class=\"elementor-widget-container\">\n\t\t\t\t\t\t\t\t\t\t\t\t\t\t\t<img decoding=\"async\" src=\"https:\/\/pro.costa-verde.com\/wp-content\/uploads\/elementor\/thumbs\/20230421_COSTA_VERDE_SET2_10331-1-1-q6l6drd68ft44svk1w80u0dz4vywhtkmk5w36n0zx8.jpg\" title=\"20230421_COSTA_VERDE_SET2_10331 1\" alt=\"20230421_COSTA_VERDE_SET2_10331 1\" loading=\"lazy\" \/>\t\t\t\t\t\t\t\t\t\t\t\t\t\t\t<\/div>\n\t\t\t\t<\/div>\n\t\t\t\t\t<\/div>\n\t\t<\/div>\n\t\t\t\t\t<\/div>\n\t\t<\/section>\n\t\t\t\t<\/div>\n\t\t","protected":false},"excerpt":{"rendered":"<p>El Canal de Denuncias es un servicio de comunicaci\u00f3n interna de posibles pr\u00e1cticas irregulares, que pueden ser remitidas en un sistema eficaz, r\u00e1pido y adecuado para su detecci\u00f3n, investigaci\u00f3n y resoluci\u00f3n, de acuerdo con las normas de conducta del Costa Verde. Se garantiza siempre el anonimato, la confidencialidad, la salvaguardia y la no represalia del [&hellip;]<\/p>\n","protected":false},"author":438,"featured_media":26267,"parent":0,"menu_order":0,"comment_status":"closed","ping_status":"closed","template":"","meta":{"footnotes":""},"class_list":["post-54369","page","type-page","status-publish","has-post-thumbnail","hentry"],"yoast_head":"<!-- This site is optimized with the Yoast SEO plugin v26.9 - https:\/\/yoast.com\/product\/yoast-seo-wordpress\/ -->\n<title>Canal de Denuncias - Costa Verde<\/title>\n<meta name=\"description\" content=\"El Canal de Denuncias es un servicio de comunicaci\u00f3n interna de posibles pr\u00e1cticas irregulares. Obtenga m\u00e1s informaci\u00f3n aqu\u00ed!\" \/>\n<meta name=\"robots\" content=\"index, follow, max-snippet:-1, max-image-preview:large, max-video-preview:-1\" \/>\n<link rel=\"canonical\" href=\"https:\/\/pro.costa-verde.com\/canal-de-denuncias\/\" \/>\n<meta property=\"og:locale\" content=\"es_ES\" \/>\n<meta property=\"og:type\" content=\"article\" \/>\n<meta property=\"og:title\" content=\"Canal de Denuncias - Costa Verde\" \/>\n<meta property=\"og:description\" content=\"El Canal de Denuncias es un servicio de comunicaci\u00f3n interna de posibles pr\u00e1cticas irregulares. Obtenga m\u00e1s informaci\u00f3n aqu\u00ed!\" \/>\n<meta property=\"og:url\" content=\"https:\/\/pro.costa-verde.com\/canal-de-denuncias\/\" \/>\n<meta property=\"og:site_name\" content=\"Costa Verde\" \/>\n<meta property=\"article:publisher\" content=\"https:\/\/www.facebook.com\/costaverdeporcelanas\/\" \/>\n<meta property=\"article:modified_time\" content=\"2023-10-26T15:20:26+00:00\" \/>\n<meta property=\"og:image\" content=\"https:\/\/pro.costa-verde.com\/wp-content\/uploads\/2021\/04\/costa.verde_.png\" \/>\n\t<meta property=\"og:image:width\" content=\"200\" \/>\n\t<meta property=\"og:image:height\" content=\"200\" \/>\n\t<meta property=\"og:image:type\" content=\"image\/png\" \/>\n<meta name=\"twitter:card\" content=\"summary_large_image\" \/>\n<meta name=\"twitter:label1\" content=\"Tiempo de lectura\" \/>\n\t<meta name=\"twitter:data1\" content=\"1 minuto\" \/>\n<script type=\"application\/ld+json\" class=\"yoast-schema-graph\">{\"@context\":\"https:\/\/schema.org\",\"@graph\":[{\"@type\":\"WebPage\",\"@id\":\"https:\/\/pro.costa-verde.com\/canal-de-denuncias\/\",\"url\":\"https:\/\/pro.costa-verde.com\/canal-de-denuncias\/\",\"name\":\"Canal de Denuncias - Costa Verde\",\"isPartOf\":{\"@id\":\"https:\/\/pro.costa-verde.com\/#website\"},\"primaryImageOfPage\":{\"@id\":\"https:\/\/pro.costa-verde.com\/canal-de-denuncias\/#primaryimage\"},\"image\":{\"@id\":\"https:\/\/pro.costa-verde.com\/canal-de-denuncias\/#primaryimage\"},\"thumbnailUrl\":\"https:\/\/pro.costa-verde.com\/wp-content\/uploads\/2021\/04\/costa.verde_.png\",\"datePublished\":\"2023-10-26T15:06:48+00:00\",\"dateModified\":\"2023-10-26T15:20:26+00:00\",\"description\":\"El Canal de Denuncias es un servicio de comunicaci\u00f3n interna de posibles pr\u00e1cticas irregulares. Obtenga m\u00e1s informaci\u00f3n aqu\u00ed!\",\"breadcrumb\":{\"@id\":\"https:\/\/pro.costa-verde.com\/canal-de-denuncias\/#breadcrumb\"},\"inLanguage\":\"es\",\"potentialAction\":[{\"@type\":\"ReadAction\",\"target\":[\"https:\/\/pro.costa-verde.com\/canal-de-denuncias\/\"]}]},{\"@type\":\"ImageObject\",\"inLanguage\":\"es\",\"@id\":\"https:\/\/pro.costa-verde.com\/canal-de-denuncias\/#primaryimage\",\"url\":\"https:\/\/pro.costa-verde.com\/wp-content\/uploads\/2021\/04\/costa.verde_.png\",\"contentUrl\":\"https:\/\/pro.costa-verde.com\/wp-content\/uploads\/2021\/04\/costa.verde_.png\",\"width\":200,\"height\":200,\"caption\":\"Costa Verde - Canal de Denuncias\"},{\"@type\":\"BreadcrumbList\",\"@id\":\"https:\/\/pro.costa-verde.com\/canal-de-denuncias\/#breadcrumb\",\"itemListElement\":[{\"@type\":\"ListItem\",\"position\":1,\"name\":\"In\u00edcio\",\"item\":\"https:\/\/pro.costa-verde.com\/es\/\"},{\"@type\":\"ListItem\",\"position\":2,\"name\":\"Canal de Denuncias\"}]},{\"@type\":\"WebSite\",\"@id\":\"https:\/\/pro.costa-verde.com\/#website\",\"url\":\"https:\/\/pro.costa-verde.com\/\",\"name\":\"Costa Verde\",\"description\":\"Loja Online\",\"potentialAction\":[{\"@type\":\"SearchAction\",\"target\":{\"@type\":\"EntryPoint\",\"urlTemplate\":\"https:\/\/pro.costa-verde.com\/?s={search_term_string}\"},\"query-input\":{\"@type\":\"PropertyValueSpecification\",\"valueRequired\":true,\"valueName\":\"search_term_string\"}}],\"inLanguage\":\"es\"}]}<\/script>\n<!-- \/ Yoast SEO plugin. -->","yoast_head_json":{"title":"Canal de Denuncias - Costa Verde","description":"El Canal de Denuncias es un servicio de comunicaci\u00f3n interna de posibles pr\u00e1cticas irregulares. Obtenga m\u00e1s informaci\u00f3n aqu\u00ed!","robots":{"index":"index","follow":"follow","max-snippet":"max-snippet:-1","max-image-preview":"max-image-preview:large","max-video-preview":"max-video-preview:-1"},"canonical":"https:\/\/pro.costa-verde.com\/canal-de-denuncias\/","og_locale":"es_ES","og_type":"article","og_title":"Canal de Denuncias - Costa Verde","og_description":"El Canal de Denuncias es un servicio de comunicaci\u00f3n interna de posibles pr\u00e1cticas irregulares. Obtenga m\u00e1s informaci\u00f3n aqu\u00ed!","og_url":"https:\/\/pro.costa-verde.com\/canal-de-denuncias\/","og_site_name":"Costa Verde","article_publisher":"https:\/\/www.facebook.com\/costaverdeporcelanas\/","article_modified_time":"2023-10-26T15:20:26+00:00","og_image":[{"width":200,"height":200,"url":"https:\/\/pro.costa-verde.com\/wp-content\/uploads\/2021\/04\/costa.verde_.png","type":"image\/png"}],"twitter_card":"summary_large_image","twitter_misc":{"Tiempo de lectura":"1 minuto"},"schema":{"@context":"https:\/\/schema.org","@graph":[{"@type":"WebPage","@id":"https:\/\/pro.costa-verde.com\/canal-de-denuncias\/","url":"https:\/\/pro.costa-verde.com\/canal-de-denuncias\/","name":"Canal de Denuncias - Costa Verde","isPartOf":{"@id":"https:\/\/pro.costa-verde.com\/#website"},"primaryImageOfPage":{"@id":"https:\/\/pro.costa-verde.com\/canal-de-denuncias\/#primaryimage"},"image":{"@id":"https:\/\/pro.costa-verde.com\/canal-de-denuncias\/#primaryimage"},"thumbnailUrl":"https:\/\/pro.costa-verde.com\/wp-content\/uploads\/2021\/04\/costa.verde_.png","datePublished":"2023-10-26T15:06:48+00:00","dateModified":"2023-10-26T15:20:26+00:00","description":"El Canal de Denuncias es un servicio de comunicaci\u00f3n interna de posibles pr\u00e1cticas irregulares. Obtenga m\u00e1s informaci\u00f3n aqu\u00ed!","breadcrumb":{"@id":"https:\/\/pro.costa-verde.com\/canal-de-denuncias\/#breadcrumb"},"inLanguage":"es","potentialAction":[{"@type":"ReadAction","target":["https:\/\/pro.costa-verde.com\/canal-de-denuncias\/"]}]},{"@type":"ImageObject","inLanguage":"es","@id":"https:\/\/pro.costa-verde.com\/canal-de-denuncias\/#primaryimage","url":"https:\/\/pro.costa-verde.com\/wp-content\/uploads\/2021\/04\/costa.verde_.png","contentUrl":"https:\/\/pro.costa-verde.com\/wp-content\/uploads\/2021\/04\/costa.verde_.png","width":200,"height":200,"caption":"Costa Verde - Canal de Denuncias"},{"@type":"BreadcrumbList","@id":"https:\/\/pro.costa-verde.com\/canal-de-denuncias\/#breadcrumb","itemListElement":[{"@type":"ListItem","position":1,"name":"In\u00edcio","item":"https:\/\/pro.costa-verde.com\/es\/"},{"@type":"ListItem","position":2,"name":"Canal de Denuncias"}]},{"@type":"WebSite","@id":"https:\/\/pro.costa-verde.com\/#website","url":"https:\/\/pro.costa-verde.com\/","name":"Costa Verde","description":"Loja Online","potentialAction":[{"@type":"SearchAction","target":{"@type":"EntryPoint","urlTemplate":"https:\/\/pro.costa-verde.com\/?s={search_term_string}"},"query-input":{"@type":"PropertyValueSpecification","valueRequired":true,"valueName":"search_term_string"}}],"inLanguage":"es"}]}},"_links":{"self":[{"href":"https:\/\/pro.costa-verde.com\/es\/wp-json\/wp\/v2\/pages\/54369","targetHints":{"allow":["GET"]}}],"collection":[{"href":"https:\/\/pro.costa-verde.com\/es\/wp-json\/wp\/v2\/pages"}],"about":[{"href":"https:\/\/pro.costa-verde.com\/es\/wp-json\/wp\/v2\/types\/page"}],"author":[{"embeddable":true,"href":"https:\/\/pro.costa-verde.com\/es\/wp-json\/wp\/v2\/users\/438"}],"replies":[{"embeddable":true,"href":"https:\/\/pro.costa-verde.com\/es\/wp-json\/wp\/v2\/comments?post=54369"}],"version-history":[{"count":7,"href":"https:\/\/pro.costa-verde.com\/es\/wp-json\/wp\/v2\/pages\/54369\/revisions"}],"predecessor-version":[{"id":54381,"href":"https:\/\/pro.costa-verde.com\/es\/wp-json\/wp\/v2\/pages\/54369\/revisions\/54381"}],"wp:featuredmedia":[{"embeddable":true,"href":"https:\/\/pro.costa-verde.com\/es\/wp-json\/wp\/v2\/media\/26267"}],"wp:attachment":[{"href":"https:\/\/pro.costa-verde.com\/es\/wp-json\/wp\/v2\/media?parent=54369"}],"curies":[{"name":"wp","href":"https:\/\/api.w.org\/{rel}","templated":true}]}}