{"id":52043,"date":"2023-07-14T16:09:21","date_gmt":"2023-07-14T15:09:21","guid":{"rendered":"https:\/\/pro.costa-verde.com\/?page_id=52043"},"modified":"2023-07-14T16:11:44","modified_gmt":"2023-07-14T15:11:44","slug":"costa-verde-proyecto-citech-boost","status":"publish","type":"page","link":"https:\/\/pro.costa-verde.com\/es\/costa-verde-proyecto-citech-boost\/","title":{"rendered":"Costa Verde en el proyecto CITECH-Boost"},"content":{"rendered":"\t\t<div data-elementor-type=\"wp-page\" data-elementor-id=\"52043\" class=\"elementor elementor-52043\" data-elementor-post-type=\"page\">\n\t\t\t\t\t\t<section class=\"elementor-section elementor-top-section elementor-element elementor-element-4e696d57 elementor-section-boxed elementor-section-height-default elementor-section-height-default\" data-id=\"4e696d57\" data-element_type=\"section\">\n\t\t\t\t\t\t<div class=\"elementor-container elementor-column-gap-default\">\n\t\t\t\t\t<div class=\"elementor-column elementor-col-100 elementor-top-column elementor-element elementor-element-7149df70\" data-id=\"7149df70\" data-element_type=\"column\">\n\t\t\t<div class=\"elementor-widget-wrap elementor-element-populated\">\n\t\t\t\t\t\t<div class=\"elementor-element elementor-element-3311861 elementor-widget elementor-widget-image\" data-id=\"3311861\" data-element_type=\"widget\" data-widget_type=\"image.default\">\n\t\t\t\t<div class=\"elementor-widget-container\">\n\t\t\t\t\t\t\t\t\t\t\t\t\t\t\t<img fetchpriority=\"high\" decoding=\"async\" width=\"1024\" height=\"652\" src=\"https:\/\/pro.costa-verde.com\/wp-content\/uploads\/2023\/07\/citech-1024x652.jpg\" class=\"attachment-large size-large wp-image-52048\" alt=\"\" srcset=\"https:\/\/pro.costa-verde.com\/wp-content\/uploads\/2023\/07\/citech-1024x652.jpg 1024w, https:\/\/pro.costa-verde.com\/wp-content\/uploads\/2023\/07\/citech-300x191.jpg 300w, https:\/\/pro.costa-verde.com\/wp-content\/uploads\/2023\/07\/citech-768x489.jpg 768w, https:\/\/pro.costa-verde.com\/wp-content\/uploads\/2023\/07\/citech-1536x978.jpg 1536w, https:\/\/pro.costa-verde.com\/wp-content\/uploads\/2023\/07\/citech-600x382.jpg 600w, https:\/\/pro.costa-verde.com\/wp-content\/uploads\/2023\/07\/citech-120x76.jpg 120w, https:\/\/pro.costa-verde.com\/wp-content\/uploads\/2023\/07\/citech.jpg 1919w\" sizes=\"(max-width: 1024px) 100vw, 1024px\" \/>\t\t\t\t\t\t\t\t\t\t\t\t\t\t\t<\/div>\n\t\t\t\t<\/div>\n\t\t\t\t<div class=\"elementor-element elementor-element-7843fbcb elementor-widget elementor-widget-text-editor\" data-id=\"7843fbcb\" data-element_type=\"widget\" data-widget_type=\"text-editor.default\">\n\t\t\t\t<div class=\"elementor-widget-container\">\n\t\t\t\t\t\t\t\t\t<p style=\"text-align: justify;\"><span style=\"font-size: 16px;\">Costa Verde fue invitada a participar en el proyecto CITECH-Boost, estando presente en las Conferencias Internacionales, donde se presentaron soluciones centradas en los procesos de innovaci\u00f3n y el futuro de las organizaciones.<\/span><\/p><p style=\"text-align: justify;\"><span style=\"font-size: 16px;\">La innovaci\u00f3n, las mejores pr\u00e1cticas y los principales obst\u00e1culos o resistencias a una cultura de innovaci\u00f3n, fueron algunos de los temas discutidos, as\u00ed como los principales desaf\u00edos a enfrentar por los sectores de Cer\u00e1mica y Vidrio.<\/span><\/p><p style=\"text-align: justify;\"><span style=\"font-size: 16px;\">CITECH-Boost es un programa de formaci\u00f3n de empresas y emprendedores para la generaci\u00f3n y aceleraci\u00f3n de ideas y soluciones innovadoras, a trav\u00e9s de la cooperaci\u00f3n entre las entidades participantes y las sinergias intersectoriales, dirigido a grandes empresas y PYMES de base industrial, as\u00ed como a startups y emprendedores con soluciones innovadoras para los sectores de la Habitaci\u00f3n y la Construcci\u00f3n.<\/span><\/p><p style=\"text-align: justify;\"><span style=\"font-size: 16px;\">Nuevas tecnolog\u00edas de fabricaci\u00f3n, materiales, automaci\u00f3n y rob\u00f3tica, sostenibilidad, eficiencia energ\u00e9tica y econom\u00eda circular, optimizaci\u00f3n de procesos, IA, herramientas digitales y ecodise\u00f1o son los temas que se abordar\u00e1n.<\/span><\/p><p style=\"text-align: justify;\"><span style=\"font-size: 16px; color: var( --e-global-color-text );\">M\u00e1s info <a href=\"https:\/\/lufapohub.pt\/citech\/\">aqu\u00ed<\/a>!<\/span><\/p>\t\t\t\t\t\t\t\t<\/div>\n\t\t\t\t<\/div>\n\t\t\t\t\t<\/div>\n\t\t<\/div>\n\t\t\t\t\t<\/div>\n\t\t<\/section>\n\t\t\t\t<section class=\"elementor-section elementor-top-section elementor-element elementor-element-fd7e509 elementor-section-boxed elementor-section-height-default elementor-section-height-default\" data-id=\"fd7e509\" data-element_type=\"section\">\n\t\t\t\t\t\t<div class=\"elementor-container elementor-column-gap-default\">\n\t\t\t\t\t<div class=\"elementor-column elementor-col-100 elementor-top-column elementor-element elementor-element-d7e7146\" data-id=\"d7e7146\" data-element_type=\"column\">\n\t\t\t<div class=\"elementor-widget-wrap\">\n\t\t\t\t\t\t\t<\/div>\n\t\t<\/div>\n\t\t\t\t\t<\/div>\n\t\t<\/section>\n\t\t\t\t<\/div>\n\t\t","protected":false},"excerpt":{"rendered":"<p>Costa Verde fue invitada a participar en el proyecto CITECH-Boost, estando presente en las Conferencias Internacionales, donde se presentaron soluciones centradas en los procesos de innovaci\u00f3n y el futuro de las organizaciones. La innovaci\u00f3n, las mejores pr\u00e1cticas y los principales obst\u00e1culos o resistencias a una cultura de innovaci\u00f3n, fueron algunos de los temas discutidos, as\u00ed [&hellip;]<\/p>\n","protected":false},"author":438,"featured_media":52048,"parent":0,"menu_order":0,"comment_status":"open","ping_status":"closed","template":"","meta":{"footnotes":""},"class_list":["post-52043","page","type-page","status-publish","has-post-thumbnail","hentry"],"yoast_head":"<!-- This site is optimized with the Yoast SEO plugin v26.9 - https:\/\/yoast.com\/product\/yoast-seo-wordpress\/ -->\n<title>Costa Verde en el proyecto CITECH-Boost - Costa Verde<\/title>\n<meta name=\"description\" content=\"Costa Verde fue invitada a participar en el proyecto CITECH-Boost, estando presente en las Conferencias Internacionales. Sepa m\u00e1s aqu\u00ed!\" \/>\n<meta name=\"robots\" content=\"index, follow, max-snippet:-1, max-image-preview:large, max-video-preview:-1\" \/>\n<link rel=\"canonical\" href=\"https:\/\/pro.costa-verde.com\/costa-verde-no-projeto-citech-boost\/\" \/>\n<meta property=\"og:locale\" content=\"es_ES\" \/>\n<meta property=\"og:type\" content=\"article\" \/>\n<meta property=\"og:title\" content=\"Costa Verde en el proyecto CITECH-Boost - Costa Verde\" \/>\n<meta property=\"og:description\" content=\"Costa Verde fue invitada a participar en el proyecto CITECH-Boost, estando presente en las Conferencias Internacionales. Sepa m\u00e1s aqu\u00ed!\" \/>\n<meta property=\"og:url\" content=\"https:\/\/pro.costa-verde.com\/costa-verde-no-projeto-citech-boost\/\" \/>\n<meta property=\"og:site_name\" content=\"Costa Verde\" \/>\n<meta property=\"article:publisher\" content=\"https:\/\/www.facebook.com\/costaverdeporcelanas\/\" \/>\n<meta property=\"article:modified_time\" content=\"2023-07-14T15:11:44+00:00\" \/>\n<meta property=\"og:image\" content=\"https:\/\/pro.costa-verde.com\/wp-content\/uploads\/2023\/07\/citech.jpg\" \/>\n\t<meta property=\"og:image:width\" content=\"1919\" \/>\n\t<meta property=\"og:image:height\" content=\"1222\" \/>\n\t<meta property=\"og:image:type\" content=\"image\/jpeg\" \/>\n<meta name=\"twitter:card\" content=\"summary_large_image\" \/>\n<meta name=\"twitter:label1\" content=\"Tiempo de lectura\" \/>\n\t<meta name=\"twitter:data1\" content=\"1 minuto\" \/>\n<script type=\"application\/ld+json\" class=\"yoast-schema-graph\">{\"@context\":\"https:\/\/schema.org\",\"@graph\":[{\"@type\":\"WebPage\",\"@id\":\"https:\/\/pro.costa-verde.com\/costa-verde-no-projeto-citech-boost\/\",\"url\":\"https:\/\/pro.costa-verde.com\/costa-verde-no-projeto-citech-boost\/\",\"name\":\"Costa Verde en el proyecto CITECH-Boost - Costa Verde\",\"isPartOf\":{\"@id\":\"https:\/\/pro.costa-verde.com\/#website\"},\"primaryImageOfPage\":{\"@id\":\"https:\/\/pro.costa-verde.com\/costa-verde-no-projeto-citech-boost\/#primaryimage\"},\"image\":{\"@id\":\"https:\/\/pro.costa-verde.com\/costa-verde-no-projeto-citech-boost\/#primaryimage\"},\"thumbnailUrl\":\"https:\/\/pro.costa-verde.com\/wp-content\/uploads\/2023\/07\/citech.jpg\",\"datePublished\":\"2023-07-14T15:09:21+00:00\",\"dateModified\":\"2023-07-14T15:11:44+00:00\",\"description\":\"Costa Verde fue invitada a participar en el proyecto CITECH-Boost, estando presente en las Conferencias Internacionales. Sepa m\u00e1s aqu\u00ed!\",\"breadcrumb\":{\"@id\":\"https:\/\/pro.costa-verde.com\/costa-verde-no-projeto-citech-boost\/#breadcrumb\"},\"inLanguage\":\"es\",\"potentialAction\":[{\"@type\":\"ReadAction\",\"target\":[\"https:\/\/pro.costa-verde.com\/costa-verde-no-projeto-citech-boost\/\"]}]},{\"@type\":\"ImageObject\",\"inLanguage\":\"es\",\"@id\":\"https:\/\/pro.costa-verde.com\/costa-verde-no-projeto-citech-boost\/#primaryimage\",\"url\":\"https:\/\/pro.costa-verde.com\/wp-content\/uploads\/2023\/07\/citech.jpg\",\"contentUrl\":\"https:\/\/pro.costa-verde.com\/wp-content\/uploads\/2023\/07\/citech.jpg\",\"width\":1919,\"height\":1222},{\"@type\":\"BreadcrumbList\",\"@id\":\"https:\/\/pro.costa-verde.com\/costa-verde-no-projeto-citech-boost\/#breadcrumb\",\"itemListElement\":[{\"@type\":\"ListItem\",\"position\":1,\"name\":\"In\u00edcio\",\"item\":\"https:\/\/pro.costa-verde.com\/es\/\"},{\"@type\":\"ListItem\",\"position\":2,\"name\":\"Costa Verde en el proyecto CITECH-Boost\"}]},{\"@type\":\"WebSite\",\"@id\":\"https:\/\/pro.costa-verde.com\/#website\",\"url\":\"https:\/\/pro.costa-verde.com\/\",\"name\":\"Costa Verde\",\"description\":\"Loja Online\",\"potentialAction\":[{\"@type\":\"SearchAction\",\"target\":{\"@type\":\"EntryPoint\",\"urlTemplate\":\"https:\/\/pro.costa-verde.com\/?s={search_term_string}\"},\"query-input\":{\"@type\":\"PropertyValueSpecification\",\"valueRequired\":true,\"valueName\":\"search_term_string\"}}],\"inLanguage\":\"es\"}]}<\/script>\n<!-- \/ Yoast SEO plugin. -->","yoast_head_json":{"title":"Costa Verde en el proyecto CITECH-Boost - Costa Verde","description":"Costa Verde fue invitada a participar en el proyecto CITECH-Boost, estando presente en las Conferencias Internacionales. Sepa m\u00e1s aqu\u00ed!","robots":{"index":"index","follow":"follow","max-snippet":"max-snippet:-1","max-image-preview":"max-image-preview:large","max-video-preview":"max-video-preview:-1"},"canonical":"https:\/\/pro.costa-verde.com\/costa-verde-no-projeto-citech-boost\/","og_locale":"es_ES","og_type":"article","og_title":"Costa Verde en el proyecto CITECH-Boost - Costa Verde","og_description":"Costa Verde fue invitada a participar en el proyecto CITECH-Boost, estando presente en las Conferencias Internacionales. Sepa m\u00e1s aqu\u00ed!","og_url":"https:\/\/pro.costa-verde.com\/costa-verde-no-projeto-citech-boost\/","og_site_name":"Costa Verde","article_publisher":"https:\/\/www.facebook.com\/costaverdeporcelanas\/","article_modified_time":"2023-07-14T15:11:44+00:00","og_image":[{"width":1919,"height":1222,"url":"https:\/\/pro.costa-verde.com\/wp-content\/uploads\/2023\/07\/citech.jpg","type":"image\/jpeg"}],"twitter_card":"summary_large_image","twitter_misc":{"Tiempo de lectura":"1 minuto"},"schema":{"@context":"https:\/\/schema.org","@graph":[{"@type":"WebPage","@id":"https:\/\/pro.costa-verde.com\/costa-verde-no-projeto-citech-boost\/","url":"https:\/\/pro.costa-verde.com\/costa-verde-no-projeto-citech-boost\/","name":"Costa Verde en el proyecto CITECH-Boost - Costa Verde","isPartOf":{"@id":"https:\/\/pro.costa-verde.com\/#website"},"primaryImageOfPage":{"@id":"https:\/\/pro.costa-verde.com\/costa-verde-no-projeto-citech-boost\/#primaryimage"},"image":{"@id":"https:\/\/pro.costa-verde.com\/costa-verde-no-projeto-citech-boost\/#primaryimage"},"thumbnailUrl":"https:\/\/pro.costa-verde.com\/wp-content\/uploads\/2023\/07\/citech.jpg","datePublished":"2023-07-14T15:09:21+00:00","dateModified":"2023-07-14T15:11:44+00:00","description":"Costa Verde fue invitada a participar en el proyecto CITECH-Boost, estando presente en las Conferencias Internacionales. Sepa m\u00e1s aqu\u00ed!","breadcrumb":{"@id":"https:\/\/pro.costa-verde.com\/costa-verde-no-projeto-citech-boost\/#breadcrumb"},"inLanguage":"es","potentialAction":[{"@type":"ReadAction","target":["https:\/\/pro.costa-verde.com\/costa-verde-no-projeto-citech-boost\/"]}]},{"@type":"ImageObject","inLanguage":"es","@id":"https:\/\/pro.costa-verde.com\/costa-verde-no-projeto-citech-boost\/#primaryimage","url":"https:\/\/pro.costa-verde.com\/wp-content\/uploads\/2023\/07\/citech.jpg","contentUrl":"https:\/\/pro.costa-verde.com\/wp-content\/uploads\/2023\/07\/citech.jpg","width":1919,"height":1222},{"@type":"BreadcrumbList","@id":"https:\/\/pro.costa-verde.com\/costa-verde-no-projeto-citech-boost\/#breadcrumb","itemListElement":[{"@type":"ListItem","position":1,"name":"In\u00edcio","item":"https:\/\/pro.costa-verde.com\/es\/"},{"@type":"ListItem","position":2,"name":"Costa Verde en el proyecto CITECH-Boost"}]},{"@type":"WebSite","@id":"https:\/\/pro.costa-verde.com\/#website","url":"https:\/\/pro.costa-verde.com\/","name":"Costa Verde","description":"Loja Online","potentialAction":[{"@type":"SearchAction","target":{"@type":"EntryPoint","urlTemplate":"https:\/\/pro.costa-verde.com\/?s={search_term_string}"},"query-input":{"@type":"PropertyValueSpecification","valueRequired":true,"valueName":"search_term_string"}}],"inLanguage":"es"}]}},"_links":{"self":[{"href":"https:\/\/pro.costa-verde.com\/es\/wp-json\/wp\/v2\/pages\/52043","targetHints":{"allow":["GET"]}}],"collection":[{"href":"https:\/\/pro.costa-verde.com\/es\/wp-json\/wp\/v2\/pages"}],"about":[{"href":"https:\/\/pro.costa-verde.com\/es\/wp-json\/wp\/v2\/types\/page"}],"author":[{"embeddable":true,"href":"https:\/\/pro.costa-verde.com\/es\/wp-json\/wp\/v2\/users\/438"}],"replies":[{"embeddable":true,"href":"https:\/\/pro.costa-verde.com\/es\/wp-json\/wp\/v2\/comments?post=52043"}],"version-history":[{"count":5,"href":"https:\/\/pro.costa-verde.com\/es\/wp-json\/wp\/v2\/pages\/52043\/revisions"}],"predecessor-version":[{"id":52055,"href":"https:\/\/pro.costa-verde.com\/es\/wp-json\/wp\/v2\/pages\/52043\/revisions\/52055"}],"wp:featuredmedia":[{"embeddable":true,"href":"https:\/\/pro.costa-verde.com\/es\/wp-json\/wp\/v2\/media\/52048"}],"wp:attachment":[{"href":"https:\/\/pro.costa-verde.com\/es\/wp-json\/wp\/v2\/media?parent=52043"}],"curies":[{"name":"wp","href":"https:\/\/api.w.org\/{rel}","templated":true}]}}