{"id":49938,"date":"2023-05-03T15:42:34","date_gmt":"2023-05-03T14:42:34","guid":{"rendered":"https:\/\/pro.costa-verde.com\/?page_id=49938"},"modified":"2023-05-03T16:04:17","modified_gmt":"2023-05-03T15:04:17","slug":"costa-verde-recibe-facultad-de-bellas-artes-de-lisboa","status":"publish","type":"page","link":"https:\/\/pro.costa-verde.com\/es\/costa-verde-recibe-facultad-de-bellas-artes-de-lisboa\/","title":{"rendered":"Facultad de Bellas Artes de Lisboa nos visit\u00f3"},"content":{"rendered":"\t\t<div data-elementor-type=\"wp-page\" data-elementor-id=\"49938\" class=\"elementor elementor-49938 elementor-49936\" data-elementor-post-type=\"page\">\n\t\t\t\t\t\t<section class=\"elementor-section elementor-top-section elementor-element elementor-element-4e696d57 elementor-section-boxed elementor-section-height-default elementor-section-height-default\" data-id=\"4e696d57\" data-element_type=\"section\">\n\t\t\t\t\t\t<div class=\"elementor-container elementor-column-gap-default\">\n\t\t\t\t\t<div class=\"elementor-column elementor-col-100 elementor-top-column elementor-element elementor-element-7149df70\" data-id=\"7149df70\" data-element_type=\"column\">\n\t\t\t<div class=\"elementor-widget-wrap elementor-element-populated\">\n\t\t\t\t\t\t<div class=\"elementor-element elementor-element-3311861 elementor-widget elementor-widget-image\" data-id=\"3311861\" data-element_type=\"widget\" data-widget_type=\"image.default\">\n\t\t\t\t<div class=\"elementor-widget-container\">\n\t\t\t\t\t\t\t\t\t\t\t\t\t\t\t<img fetchpriority=\"high\" decoding=\"async\" width=\"1024\" height=\"768\" src=\"https:\/\/pro.costa-verde.com\/wp-content\/uploads\/2023\/05\/FBAUL.jpeg\" class=\"attachment-large size-large wp-image-49942\" alt=\"Costa Verde recebe a Faculdade de Belas-Artes Universidade de Lisboa\" srcset=\"https:\/\/pro.costa-verde.com\/wp-content\/uploads\/2023\/05\/FBAUL.jpeg 1024w, https:\/\/pro.costa-verde.com\/wp-content\/uploads\/2023\/05\/FBAUL-300x225.jpeg 300w, https:\/\/pro.costa-verde.com\/wp-content\/uploads\/2023\/05\/FBAUL-768x576.jpeg 768w, https:\/\/pro.costa-verde.com\/wp-content\/uploads\/2023\/05\/FBAUL-600x450.jpeg 600w, https:\/\/pro.costa-verde.com\/wp-content\/uploads\/2023\/05\/FBAUL-120x90.jpeg 120w\" sizes=\"(max-width: 1024px) 100vw, 1024px\" \/>\t\t\t\t\t\t\t\t\t\t\t\t\t\t\t<\/div>\n\t\t\t\t<\/div>\n\t\t\t\t<div class=\"elementor-element elementor-element-7843fbcb elementor-widget elementor-widget-text-editor\" data-id=\"7843fbcb\" data-element_type=\"widget\" data-widget_type=\"text-editor.default\">\n\t\t\t\t<div class=\"elementor-widget-container\">\n\t\t\t\t\t\t\t\t\t<p><span style=\"color: var( --e-global-color-text );\">Costa Verde recibi\u00f3 la visita de un grupo de estudiantes de \u00faltimo curso de Dise\u00f1o de Equipamiento de la Facultad de Bellas Artes de la Universidad de<br>Lisboa, en el que tuvieron la oportunidad de conocer nuestras instalaciones, as\u00ed como profundizar sus conocimientos t\u00e9cnicos en el \u00e1reas de investigaci\u00f3n,<br>desarrollo, innovaci\u00f3n y marketing.<\/span><br><\/p>\n<p><span lang=\"ES\">Esta visita se deriva del proyecto de colaboraci\u00f3n denominado V, establecido entre Costa Verde, Portugal Faz Bem y la propia facultad, con el fin de potenciar el intercambio de conocimientos y el desarrollo de nuevos productos.&nbsp;<\/span><span style=\"color: var( --e-global-color-text );\">Costa Verde ve as\u00ed reforzada su vinculaci\u00f3n con la academia, como una uni\u00f3n muy importante y enriquecedora para su actividad.&nbsp;<\/span><span style=\"color: var( --e-global-color-text );\">Un agradecimiento muy especial a la arquitecta Joana Beir\u00e3o, fundadora del proyecto Portugal Faz Bem, y a Ana Mestre, profesora adjunta de Dise\u00f1o de Producto e Interiores de la Facultad de Bellas Artes de la Universidad de Lisboa.<\/span><\/p>\n<p style=\"text-align: justify;\">\n<\/p><p><span style=\"font-size:12.0pt\">&nbsp;<\/span><\/p>\t\t\t\t\t\t\t\t<\/div>\n\t\t\t\t<\/div>\n\t\t\t\t\t<\/div>\n\t\t<\/div>\n\t\t\t\t\t<\/div>\n\t\t<\/section>\n\t\t\t\t<\/div>\n\t\t","protected":false},"excerpt":{"rendered":"<p>Costa Verde recibi\u00f3 la visita de un grupo de estudiantes de \u00faltimo curso de Dise\u00f1o de Equipamiento de la Facultad de Bellas Artes de la Universidad de Lisboa, en el que tuvieron la oportunidad de conocer nuestras instalaciones, as\u00ed como profundizar sus conocimientos t\u00e9cnicos en el \u00e1reas de investigaci\u00f3n, desarrollo, innovaci\u00f3n y marketing. Esta visita [&hellip;]<\/p>\n","protected":false},"author":438,"featured_media":49942,"parent":0,"menu_order":0,"comment_status":"open","ping_status":"closed","template":"","meta":{"footnotes":""},"class_list":["post-49938","page","type-page","status-publish","has-post-thumbnail","hentry"],"yoast_head":"<!-- This site is optimized with the Yoast SEO plugin v26.9 - https:\/\/yoast.com\/product\/yoast-seo-wordpress\/ -->\n<title>Facultad de Bellas Artes de Lisboa nos visit\u00f3 - Costa Verde<\/title>\n<meta name=\"description\" content=\"Costa Verde recibe la Facultad de Bellas Artes de Lisboa. Sepa m\u00e1s aqu\u00ed!\" \/>\n<meta name=\"robots\" content=\"index, follow, max-snippet:-1, max-image-preview:large, max-video-preview:-1\" \/>\n<link rel=\"canonical\" href=\"https:\/\/pro.costa-verde.com\/visita-da-faculdade-de-belas-artes-universidade-de-lisboa\/\" \/>\n<meta property=\"og:locale\" content=\"es_ES\" \/>\n<meta property=\"og:type\" content=\"article\" \/>\n<meta property=\"og:title\" content=\"Facultad de Bellas Artes de Lisboa nos visit\u00f3 - Costa Verde\" \/>\n<meta property=\"og:description\" content=\"Costa Verde recibe la Facultad de Bellas Artes de Lisboa. Sepa m\u00e1s aqu\u00ed!\" \/>\n<meta property=\"og:url\" content=\"https:\/\/pro.costa-verde.com\/visita-da-faculdade-de-belas-artes-universidade-de-lisboa\/\" \/>\n<meta property=\"og:site_name\" content=\"Costa Verde\" \/>\n<meta property=\"article:publisher\" content=\"https:\/\/www.facebook.com\/costaverdeporcelanas\/\" \/>\n<meta property=\"article:modified_time\" content=\"2023-05-03T15:04:17+00:00\" \/>\n<meta property=\"og:image\" content=\"https:\/\/pro.costa-verde.com\/wp-content\/uploads\/2023\/05\/FBAUL.jpeg\" \/>\n\t<meta property=\"og:image:width\" content=\"1024\" \/>\n\t<meta property=\"og:image:height\" content=\"768\" \/>\n\t<meta property=\"og:image:type\" content=\"image\/jpeg\" \/>\n<meta name=\"twitter:card\" content=\"summary_large_image\" \/>\n<meta name=\"twitter:label1\" content=\"Tiempo de lectura\" \/>\n\t<meta name=\"twitter:data1\" content=\"1 minuto\" \/>\n<script type=\"application\/ld+json\" class=\"yoast-schema-graph\">{\"@context\":\"https:\/\/schema.org\",\"@graph\":[{\"@type\":\"WebPage\",\"@id\":\"https:\/\/pro.costa-verde.com\/visita-da-faculdade-de-belas-artes-universidade-de-lisboa\/\",\"url\":\"https:\/\/pro.costa-verde.com\/visita-da-faculdade-de-belas-artes-universidade-de-lisboa\/\",\"name\":\"Facultad de Bellas Artes de Lisboa nos visit\u00f3 - Costa Verde\",\"isPartOf\":{\"@id\":\"https:\/\/pro.costa-verde.com\/#website\"},\"primaryImageOfPage\":{\"@id\":\"https:\/\/pro.costa-verde.com\/visita-da-faculdade-de-belas-artes-universidade-de-lisboa\/#primaryimage\"},\"image\":{\"@id\":\"https:\/\/pro.costa-verde.com\/visita-da-faculdade-de-belas-artes-universidade-de-lisboa\/#primaryimage\"},\"thumbnailUrl\":\"https:\/\/pro.costa-verde.com\/wp-content\/uploads\/2023\/05\/FBAUL.jpeg\",\"datePublished\":\"2023-05-03T14:42:34+00:00\",\"dateModified\":\"2023-05-03T15:04:17+00:00\",\"description\":\"Costa Verde recibe la Facultad de Bellas Artes de Lisboa. Sepa m\u00e1s aqu\u00ed!\",\"breadcrumb\":{\"@id\":\"https:\/\/pro.costa-verde.com\/visita-da-faculdade-de-belas-artes-universidade-de-lisboa\/#breadcrumb\"},\"inLanguage\":\"es\",\"potentialAction\":[{\"@type\":\"ReadAction\",\"target\":[\"https:\/\/pro.costa-verde.com\/visita-da-faculdade-de-belas-artes-universidade-de-lisboa\/\"]}]},{\"@type\":\"ImageObject\",\"inLanguage\":\"es\",\"@id\":\"https:\/\/pro.costa-verde.com\/visita-da-faculdade-de-belas-artes-universidade-de-lisboa\/#primaryimage\",\"url\":\"https:\/\/pro.costa-verde.com\/wp-content\/uploads\/2023\/05\/FBAUL.jpeg\",\"contentUrl\":\"https:\/\/pro.costa-verde.com\/wp-content\/uploads\/2023\/05\/FBAUL.jpeg\",\"width\":1024,\"height\":768,\"caption\":\"Costa Verde recebe a Faculdade de Belas-Artes Universidade de Lisboa\"},{\"@type\":\"BreadcrumbList\",\"@id\":\"https:\/\/pro.costa-verde.com\/visita-da-faculdade-de-belas-artes-universidade-de-lisboa\/#breadcrumb\",\"itemListElement\":[{\"@type\":\"ListItem\",\"position\":1,\"name\":\"In\u00edcio\",\"item\":\"https:\/\/pro.costa-verde.com\/es\/\"},{\"@type\":\"ListItem\",\"position\":2,\"name\":\"Facultad de Bellas Artes de Lisboa nos visit\u00f3\"}]},{\"@type\":\"WebSite\",\"@id\":\"https:\/\/pro.costa-verde.com\/#website\",\"url\":\"https:\/\/pro.costa-verde.com\/\",\"name\":\"Costa Verde\",\"description\":\"Loja Online\",\"potentialAction\":[{\"@type\":\"SearchAction\",\"target\":{\"@type\":\"EntryPoint\",\"urlTemplate\":\"https:\/\/pro.costa-verde.com\/?s={search_term_string}\"},\"query-input\":{\"@type\":\"PropertyValueSpecification\",\"valueRequired\":true,\"valueName\":\"search_term_string\"}}],\"inLanguage\":\"es\"}]}<\/script>\n<!-- \/ Yoast SEO plugin. -->","yoast_head_json":{"title":"Facultad de Bellas Artes de Lisboa nos visit\u00f3 - Costa Verde","description":"Costa Verde recibe la Facultad de Bellas Artes de Lisboa. Sepa m\u00e1s aqu\u00ed!","robots":{"index":"index","follow":"follow","max-snippet":"max-snippet:-1","max-image-preview":"max-image-preview:large","max-video-preview":"max-video-preview:-1"},"canonical":"https:\/\/pro.costa-verde.com\/visita-da-faculdade-de-belas-artes-universidade-de-lisboa\/","og_locale":"es_ES","og_type":"article","og_title":"Facultad de Bellas Artes de Lisboa nos visit\u00f3 - Costa Verde","og_description":"Costa Verde recibe la Facultad de Bellas Artes de Lisboa. Sepa m\u00e1s aqu\u00ed!","og_url":"https:\/\/pro.costa-verde.com\/visita-da-faculdade-de-belas-artes-universidade-de-lisboa\/","og_site_name":"Costa Verde","article_publisher":"https:\/\/www.facebook.com\/costaverdeporcelanas\/","article_modified_time":"2023-05-03T15:04:17+00:00","og_image":[{"width":1024,"height":768,"url":"https:\/\/pro.costa-verde.com\/wp-content\/uploads\/2023\/05\/FBAUL.jpeg","type":"image\/jpeg"}],"twitter_card":"summary_large_image","twitter_misc":{"Tiempo de lectura":"1 minuto"},"schema":{"@context":"https:\/\/schema.org","@graph":[{"@type":"WebPage","@id":"https:\/\/pro.costa-verde.com\/visita-da-faculdade-de-belas-artes-universidade-de-lisboa\/","url":"https:\/\/pro.costa-verde.com\/visita-da-faculdade-de-belas-artes-universidade-de-lisboa\/","name":"Facultad de Bellas Artes de Lisboa nos visit\u00f3 - Costa Verde","isPartOf":{"@id":"https:\/\/pro.costa-verde.com\/#website"},"primaryImageOfPage":{"@id":"https:\/\/pro.costa-verde.com\/visita-da-faculdade-de-belas-artes-universidade-de-lisboa\/#primaryimage"},"image":{"@id":"https:\/\/pro.costa-verde.com\/visita-da-faculdade-de-belas-artes-universidade-de-lisboa\/#primaryimage"},"thumbnailUrl":"https:\/\/pro.costa-verde.com\/wp-content\/uploads\/2023\/05\/FBAUL.jpeg","datePublished":"2023-05-03T14:42:34+00:00","dateModified":"2023-05-03T15:04:17+00:00","description":"Costa Verde recibe la Facultad de Bellas Artes de Lisboa. Sepa m\u00e1s aqu\u00ed!","breadcrumb":{"@id":"https:\/\/pro.costa-verde.com\/visita-da-faculdade-de-belas-artes-universidade-de-lisboa\/#breadcrumb"},"inLanguage":"es","potentialAction":[{"@type":"ReadAction","target":["https:\/\/pro.costa-verde.com\/visita-da-faculdade-de-belas-artes-universidade-de-lisboa\/"]}]},{"@type":"ImageObject","inLanguage":"es","@id":"https:\/\/pro.costa-verde.com\/visita-da-faculdade-de-belas-artes-universidade-de-lisboa\/#primaryimage","url":"https:\/\/pro.costa-verde.com\/wp-content\/uploads\/2023\/05\/FBAUL.jpeg","contentUrl":"https:\/\/pro.costa-verde.com\/wp-content\/uploads\/2023\/05\/FBAUL.jpeg","width":1024,"height":768,"caption":"Costa Verde recebe a Faculdade de Belas-Artes Universidade de Lisboa"},{"@type":"BreadcrumbList","@id":"https:\/\/pro.costa-verde.com\/visita-da-faculdade-de-belas-artes-universidade-de-lisboa\/#breadcrumb","itemListElement":[{"@type":"ListItem","position":1,"name":"In\u00edcio","item":"https:\/\/pro.costa-verde.com\/es\/"},{"@type":"ListItem","position":2,"name":"Facultad de Bellas Artes de Lisboa nos visit\u00f3"}]},{"@type":"WebSite","@id":"https:\/\/pro.costa-verde.com\/#website","url":"https:\/\/pro.costa-verde.com\/","name":"Costa Verde","description":"Loja Online","potentialAction":[{"@type":"SearchAction","target":{"@type":"EntryPoint","urlTemplate":"https:\/\/pro.costa-verde.com\/?s={search_term_string}"},"query-input":{"@type":"PropertyValueSpecification","valueRequired":true,"valueName":"search_term_string"}}],"inLanguage":"es"}]}},"_links":{"self":[{"href":"https:\/\/pro.costa-verde.com\/es\/wp-json\/wp\/v2\/pages\/49938","targetHints":{"allow":["GET"]}}],"collection":[{"href":"https:\/\/pro.costa-verde.com\/es\/wp-json\/wp\/v2\/pages"}],"about":[{"href":"https:\/\/pro.costa-verde.com\/es\/wp-json\/wp\/v2\/types\/page"}],"author":[{"embeddable":true,"href":"https:\/\/pro.costa-verde.com\/es\/wp-json\/wp\/v2\/users\/438"}],"replies":[{"embeddable":true,"href":"https:\/\/pro.costa-verde.com\/es\/wp-json\/wp\/v2\/comments?post=49938"}],"version-history":[{"count":6,"href":"https:\/\/pro.costa-verde.com\/es\/wp-json\/wp\/v2\/pages\/49938\/revisions"}],"predecessor-version":[{"id":49967,"href":"https:\/\/pro.costa-verde.com\/es\/wp-json\/wp\/v2\/pages\/49938\/revisions\/49967"}],"wp:featuredmedia":[{"embeddable":true,"href":"https:\/\/pro.costa-verde.com\/es\/wp-json\/wp\/v2\/media\/49942"}],"wp:attachment":[{"href":"https:\/\/pro.costa-verde.com\/es\/wp-json\/wp\/v2\/media?parent=49938"}],"curies":[{"name":"wp","href":"https:\/\/api.w.org\/{rel}","templated":true}]}}