{"id":49714,"date":"2023-04-13T15:20:56","date_gmt":"2023-04-13T14:20:56","guid":{"rendered":"https:\/\/pro.costa-verde.com\/?page_id=49714"},"modified":"2023-04-13T15:44:59","modified_gmt":"2023-04-13T14:44:59","slug":"asociacion-portuguesa-del-pacto-global","status":"publish","type":"page","link":"https:\/\/pro.costa-verde.com\/es\/asociacion-portuguesa-del-pacto-global\/","title":{"rendered":"Asociaci\u00f3n Portuguesa del Pacto Global"},"content":{"rendered":"\t\t<div data-elementor-type=\"wp-page\" data-elementor-id=\"49714\" class=\"elementor elementor-49714 elementor-49700\" data-elementor-post-type=\"page\">\n\t\t\t\t\t\t<section class=\"elementor-section elementor-top-section elementor-element elementor-element-e5cbcdf elementor-section-boxed elementor-section-height-default elementor-section-height-default\" data-id=\"e5cbcdf\" data-element_type=\"section\">\n\t\t\t\t\t\t<div class=\"elementor-container elementor-column-gap-default\">\n\t\t\t\t\t<div class=\"elementor-column elementor-col-100 elementor-top-column elementor-element elementor-element-f8b24ad\" data-id=\"f8b24ad\" data-element_type=\"column\">\n\t\t\t<div class=\"elementor-widget-wrap elementor-element-populated\">\n\t\t\t\t\t\t<div class=\"elementor-element elementor-element-7cf84eb elementor-widget elementor-widget-image\" data-id=\"7cf84eb\" data-element_type=\"widget\" data-widget_type=\"image.default\">\n\t\t\t\t<div class=\"elementor-widget-container\">\n\t\t\t\t\t\t\t\t\t\t\t\t\t\t\t<img fetchpriority=\"high\" decoding=\"async\" width=\"472\" height=\"472\" src=\"https:\/\/pro.costa-verde.com\/wp-content\/uploads\/2023\/04\/Global-Compact.png\" class=\"attachment-large size-large wp-image-49708\" alt=\"Costa Verde integra Associa\u00e7\u00e3o Portuguesa do Pacto Global\" srcset=\"https:\/\/pro.costa-verde.com\/wp-content\/uploads\/2023\/04\/Global-Compact.png 472w, https:\/\/pro.costa-verde.com\/wp-content\/uploads\/2023\/04\/Global-Compact-300x300.png 300w, https:\/\/pro.costa-verde.com\/wp-content\/uploads\/2023\/04\/Global-Compact-150x150.png 150w, https:\/\/pro.costa-verde.com\/wp-content\/uploads\/2023\/04\/Global-Compact-120x120.png 120w\" sizes=\"(max-width: 472px) 100vw, 472px\" \/>\t\t\t\t\t\t\t\t\t\t\t\t\t\t\t<\/div>\n\t\t\t\t<\/div>\n\t\t\t\t\t<\/div>\n\t\t<\/div>\n\t\t\t\t\t<\/div>\n\t\t<\/section>\n\t\t\t\t<section class=\"elementor-section elementor-top-section elementor-element elementor-element-1bec43a5 elementor-section-boxed elementor-section-height-default elementor-section-height-default\" data-id=\"1bec43a5\" data-element_type=\"section\">\n\t\t\t\t\t\t<div class=\"elementor-container elementor-column-gap-default\">\n\t\t\t\t\t<div class=\"elementor-column elementor-col-100 elementor-top-column elementor-element elementor-element-13d4fc2c\" data-id=\"13d4fc2c\" data-element_type=\"column\">\n\t\t\t<div class=\"elementor-widget-wrap elementor-element-populated\">\n\t\t\t\t\t\t<div class=\"elementor-element elementor-element-2920f649 elementor-widget elementor-widget-text-editor\" data-id=\"2920f649\" data-element_type=\"widget\" data-widget_type=\"text-editor.default\">\n\t\t\t\t<div class=\"elementor-widget-container\">\n\t\t\t\t\t\t\t\t\t<p style=\"text-align: justify;\"><strong>Costa Verde forma parte de los \u00f3rganos de gobierno de la Asociaci\u00f3n Portuguesa del Pacto Global<\/strong><\/p>\n<p style=\"text-align: justify;\"><span style=\"color: var( --e-global-color-text );\">Costa Verde fue invitada a formar parte de los \u00f3rganos de gobierno de la Asociaci\u00f3n Portuguesa del Pacto Global, entidad que est\u00e1 organizada al nivel mundial, en 70 redes locales, siendo la red portuguesa una de ellas, en reconocimiento a todo el trabajo realizado por la empreza, en el campo de la <a href=\"https:\/\/pro.costa-verde.com\/es\/sostenibilidad\/\">sostenibilidad y responsabilidad Social.<\/a><\/span><\/p>\n<p style=\"text-align: justify;\">\n<\/p><p style=\"text-align: justify;\"><span style=\"color: var( --e-global-color-text );\">Estas estructuras operacionalizan localmente la estrategia del Pacto Global de las Naciones Unidas, a trav\u00e9s de campa\u00f1as y programas globales adaptados a la realidad y contexto de cada pa\u00eds.<\/span><span style=\"color: var( --e-global-color-text );\">&nbsp; <\/span><span style=\"color: var( --e-global-color-text );\">La <a href=\"https:\/\/globalcompact.pt\/index.php\/pt\/\">Red Pacto Global Portugal<\/a> es la red portuguesa del Pacto Global de las Naciones Unidas, la cual re\u00fane a los suscriptores de la iniciativa con sede u operaciones en Portugal. Las redes juegan un papel clave al nivel de la iniciativa local y son una parte esencial de la estrategia de desarrollo del Pacto Global de las Naciones Unidas. Su labor de compartir conocimientos y metodolog\u00edas entre proyectos, programas y herramientas, contribuye a la profundizaci\u00f3n de la implementaci\u00f3n de los Diez Principios y crea oportunidades para que iniciativas intersectoriales se desarrollen en la acci\u00f3n, incidencia y difusi\u00f3n de los objetivos de las Naciones Unidas.<\/span><\/p>\n<p style=\"text-align: justify;\">\n<\/p><p style=\"text-align: justify;\">\n<\/p><p style=\"text-align: justify;\">Costa Verde se ha adherido a los Diez Principios des del 2014. <a href=\"https:\/\/globalcompact.pt\/index.php\/pt\/un-global-compact\/os-dez-principios\">Sepa m\u00e1s aqu\u00ed!<\/a><\/p>\t\t\t\t\t\t\t\t<\/div>\n\t\t\t\t<\/div>\n\t\t\t\t\t<\/div>\n\t\t<\/div>\n\t\t\t\t\t<\/div>\n\t\t<\/section>\n\t\t\t\t<\/div>\n\t\t","protected":false},"excerpt":{"rendered":"<p>Costa Verde forma parte de los \u00f3rganos de gobierno de la Asociaci\u00f3n Portuguesa del Pacto Global Costa Verde fue invitada a formar parte de los \u00f3rganos de gobierno de la Asociaci\u00f3n Portuguesa del Pacto Global, entidad que est\u00e1 organizada al nivel mundial, en 70 redes locales, siendo la red portuguesa una de ellas, en reconocimiento [&hellip;]<\/p>\n","protected":false},"author":438,"featured_media":49708,"parent":0,"menu_order":0,"comment_status":"closed","ping_status":"closed","template":"","meta":{"footnotes":""},"class_list":["post-49714","page","type-page","status-publish","has-post-thumbnail","hentry"],"yoast_head":"<!-- This site is optimized with the Yoast SEO plugin v26.9 - https:\/\/yoast.com\/product\/yoast-seo-wordpress\/ -->\n<title>Asociaci\u00f3n Portuguesa del Pacto Global -<\/title>\n<meta name=\"description\" content=\"Costa Verde fue invitada a formar parte de los \u00f3rganos de gobierno de la Asociaci\u00f3n Portuguesa del Pacto Global. Sepa m\u00e1s aqu\u00ed!\" \/>\n<meta name=\"robots\" content=\"index, follow, max-snippet:-1, max-image-preview:large, max-video-preview:-1\" \/>\n<link rel=\"canonical\" href=\"https:\/\/pro.costa-verde.com\/associacao-portuguesa-do-pacto-global\/\" \/>\n<meta property=\"og:locale\" content=\"es_ES\" \/>\n<meta property=\"og:type\" content=\"article\" \/>\n<meta property=\"og:title\" content=\"Asociaci\u00f3n Portuguesa del Pacto Global -\" \/>\n<meta property=\"og:description\" content=\"Costa Verde fue invitada a formar parte de los \u00f3rganos de gobierno de la Asociaci\u00f3n Portuguesa del Pacto Global. Sepa m\u00e1s aqu\u00ed!\" \/>\n<meta property=\"og:url\" content=\"https:\/\/pro.costa-verde.com\/associacao-portuguesa-do-pacto-global\/\" \/>\n<meta property=\"og:site_name\" content=\"Costa Verde\" \/>\n<meta property=\"article:publisher\" content=\"https:\/\/www.facebook.com\/costaverdeporcelanas\/\" \/>\n<meta property=\"article:modified_time\" content=\"2023-04-13T14:44:59+00:00\" \/>\n<meta property=\"og:image\" content=\"https:\/\/pro.costa-verde.com\/wp-content\/uploads\/2023\/04\/Global-Compact.png\" \/>\n\t<meta property=\"og:image:width\" content=\"472\" \/>\n\t<meta property=\"og:image:height\" content=\"472\" \/>\n\t<meta property=\"og:image:type\" content=\"image\/png\" \/>\n<meta name=\"twitter:card\" content=\"summary_large_image\" \/>\n<meta name=\"twitter:label1\" content=\"Tiempo de lectura\" \/>\n\t<meta name=\"twitter:data1\" content=\"2 minutos\" \/>\n<script type=\"application\/ld+json\" class=\"yoast-schema-graph\">{\"@context\":\"https:\/\/schema.org\",\"@graph\":[{\"@type\":\"WebPage\",\"@id\":\"https:\/\/pro.costa-verde.com\/associacao-portuguesa-do-pacto-global\/\",\"url\":\"https:\/\/pro.costa-verde.com\/associacao-portuguesa-do-pacto-global\/\",\"name\":\"Asociaci\u00f3n Portuguesa del Pacto Global -\",\"isPartOf\":{\"@id\":\"https:\/\/pro.costa-verde.com\/#website\"},\"primaryImageOfPage\":{\"@id\":\"https:\/\/pro.costa-verde.com\/associacao-portuguesa-do-pacto-global\/#primaryimage\"},\"image\":{\"@id\":\"https:\/\/pro.costa-verde.com\/associacao-portuguesa-do-pacto-global\/#primaryimage\"},\"thumbnailUrl\":\"https:\/\/pro.costa-verde.com\/wp-content\/uploads\/2023\/04\/Global-Compact.png\",\"datePublished\":\"2023-04-13T14:20:56+00:00\",\"dateModified\":\"2023-04-13T14:44:59+00:00\",\"description\":\"Costa Verde fue invitada a formar parte de los \u00f3rganos de gobierno de la Asociaci\u00f3n Portuguesa del Pacto Global. Sepa m\u00e1s aqu\u00ed!\",\"breadcrumb\":{\"@id\":\"https:\/\/pro.costa-verde.com\/associacao-portuguesa-do-pacto-global\/#breadcrumb\"},\"inLanguage\":\"es\",\"potentialAction\":[{\"@type\":\"ReadAction\",\"target\":[\"https:\/\/pro.costa-verde.com\/associacao-portuguesa-do-pacto-global\/\"]}]},{\"@type\":\"ImageObject\",\"inLanguage\":\"es\",\"@id\":\"https:\/\/pro.costa-verde.com\/associacao-portuguesa-do-pacto-global\/#primaryimage\",\"url\":\"https:\/\/pro.costa-verde.com\/wp-content\/uploads\/2023\/04\/Global-Compact.png\",\"contentUrl\":\"https:\/\/pro.costa-verde.com\/wp-content\/uploads\/2023\/04\/Global-Compact.png\",\"width\":472,\"height\":472,\"caption\":\"Costa Verde integra Associa\u00e7\u00e3o Portuguesa do Pacto Global\"},{\"@type\":\"BreadcrumbList\",\"@id\":\"https:\/\/pro.costa-verde.com\/associacao-portuguesa-do-pacto-global\/#breadcrumb\",\"itemListElement\":[{\"@type\":\"ListItem\",\"position\":1,\"name\":\"In\u00edcio\",\"item\":\"https:\/\/pro.costa-verde.com\/es\/\"},{\"@type\":\"ListItem\",\"position\":2,\"name\":\"Asociaci\u00f3n Portuguesa del Pacto Global\"}]},{\"@type\":\"WebSite\",\"@id\":\"https:\/\/pro.costa-verde.com\/#website\",\"url\":\"https:\/\/pro.costa-verde.com\/\",\"name\":\"Costa Verde\",\"description\":\"Loja Online\",\"potentialAction\":[{\"@type\":\"SearchAction\",\"target\":{\"@type\":\"EntryPoint\",\"urlTemplate\":\"https:\/\/pro.costa-verde.com\/?s={search_term_string}\"},\"query-input\":{\"@type\":\"PropertyValueSpecification\",\"valueRequired\":true,\"valueName\":\"search_term_string\"}}],\"inLanguage\":\"es\"}]}<\/script>\n<!-- \/ Yoast SEO plugin. -->","yoast_head_json":{"title":"Asociaci\u00f3n Portuguesa del Pacto Global -","description":"Costa Verde fue invitada a formar parte de los \u00f3rganos de gobierno de la Asociaci\u00f3n Portuguesa del Pacto Global. Sepa m\u00e1s aqu\u00ed!","robots":{"index":"index","follow":"follow","max-snippet":"max-snippet:-1","max-image-preview":"max-image-preview:large","max-video-preview":"max-video-preview:-1"},"canonical":"https:\/\/pro.costa-verde.com\/associacao-portuguesa-do-pacto-global\/","og_locale":"es_ES","og_type":"article","og_title":"Asociaci\u00f3n Portuguesa del Pacto Global -","og_description":"Costa Verde fue invitada a formar parte de los \u00f3rganos de gobierno de la Asociaci\u00f3n Portuguesa del Pacto Global. Sepa m\u00e1s aqu\u00ed!","og_url":"https:\/\/pro.costa-verde.com\/associacao-portuguesa-do-pacto-global\/","og_site_name":"Costa Verde","article_publisher":"https:\/\/www.facebook.com\/costaverdeporcelanas\/","article_modified_time":"2023-04-13T14:44:59+00:00","og_image":[{"width":472,"height":472,"url":"https:\/\/pro.costa-verde.com\/wp-content\/uploads\/2023\/04\/Global-Compact.png","type":"image\/png"}],"twitter_card":"summary_large_image","twitter_misc":{"Tiempo de lectura":"2 minutos"},"schema":{"@context":"https:\/\/schema.org","@graph":[{"@type":"WebPage","@id":"https:\/\/pro.costa-verde.com\/associacao-portuguesa-do-pacto-global\/","url":"https:\/\/pro.costa-verde.com\/associacao-portuguesa-do-pacto-global\/","name":"Asociaci\u00f3n Portuguesa del Pacto Global -","isPartOf":{"@id":"https:\/\/pro.costa-verde.com\/#website"},"primaryImageOfPage":{"@id":"https:\/\/pro.costa-verde.com\/associacao-portuguesa-do-pacto-global\/#primaryimage"},"image":{"@id":"https:\/\/pro.costa-verde.com\/associacao-portuguesa-do-pacto-global\/#primaryimage"},"thumbnailUrl":"https:\/\/pro.costa-verde.com\/wp-content\/uploads\/2023\/04\/Global-Compact.png","datePublished":"2023-04-13T14:20:56+00:00","dateModified":"2023-04-13T14:44:59+00:00","description":"Costa Verde fue invitada a formar parte de los \u00f3rganos de gobierno de la Asociaci\u00f3n Portuguesa del Pacto Global. Sepa m\u00e1s aqu\u00ed!","breadcrumb":{"@id":"https:\/\/pro.costa-verde.com\/associacao-portuguesa-do-pacto-global\/#breadcrumb"},"inLanguage":"es","potentialAction":[{"@type":"ReadAction","target":["https:\/\/pro.costa-verde.com\/associacao-portuguesa-do-pacto-global\/"]}]},{"@type":"ImageObject","inLanguage":"es","@id":"https:\/\/pro.costa-verde.com\/associacao-portuguesa-do-pacto-global\/#primaryimage","url":"https:\/\/pro.costa-verde.com\/wp-content\/uploads\/2023\/04\/Global-Compact.png","contentUrl":"https:\/\/pro.costa-verde.com\/wp-content\/uploads\/2023\/04\/Global-Compact.png","width":472,"height":472,"caption":"Costa Verde integra Associa\u00e7\u00e3o Portuguesa do Pacto Global"},{"@type":"BreadcrumbList","@id":"https:\/\/pro.costa-verde.com\/associacao-portuguesa-do-pacto-global\/#breadcrumb","itemListElement":[{"@type":"ListItem","position":1,"name":"In\u00edcio","item":"https:\/\/pro.costa-verde.com\/es\/"},{"@type":"ListItem","position":2,"name":"Asociaci\u00f3n Portuguesa del Pacto Global"}]},{"@type":"WebSite","@id":"https:\/\/pro.costa-verde.com\/#website","url":"https:\/\/pro.costa-verde.com\/","name":"Costa Verde","description":"Loja Online","potentialAction":[{"@type":"SearchAction","target":{"@type":"EntryPoint","urlTemplate":"https:\/\/pro.costa-verde.com\/?s={search_term_string}"},"query-input":{"@type":"PropertyValueSpecification","valueRequired":true,"valueName":"search_term_string"}}],"inLanguage":"es"}]}},"_links":{"self":[{"href":"https:\/\/pro.costa-verde.com\/es\/wp-json\/wp\/v2\/pages\/49714","targetHints":{"allow":["GET"]}}],"collection":[{"href":"https:\/\/pro.costa-verde.com\/es\/wp-json\/wp\/v2\/pages"}],"about":[{"href":"https:\/\/pro.costa-verde.com\/es\/wp-json\/wp\/v2\/types\/page"}],"author":[{"embeddable":true,"href":"https:\/\/pro.costa-verde.com\/es\/wp-json\/wp\/v2\/users\/438"}],"replies":[{"embeddable":true,"href":"https:\/\/pro.costa-verde.com\/es\/wp-json\/wp\/v2\/comments?post=49714"}],"version-history":[{"count":6,"href":"https:\/\/pro.costa-verde.com\/es\/wp-json\/wp\/v2\/pages\/49714\/revisions"}],"predecessor-version":[{"id":49737,"href":"https:\/\/pro.costa-verde.com\/es\/wp-json\/wp\/v2\/pages\/49714\/revisions\/49737"}],"wp:featuredmedia":[{"embeddable":true,"href":"https:\/\/pro.costa-verde.com\/es\/wp-json\/wp\/v2\/media\/49708"}],"wp:attachment":[{"href":"https:\/\/pro.costa-verde.com\/es\/wp-json\/wp\/v2\/media?parent=49714"}],"curies":[{"name":"wp","href":"https:\/\/api.w.org\/{rel}","templated":true}]}}