{"id":49537,"date":"2023-03-13T15:34:11","date_gmt":"2023-03-13T15:34:11","guid":{"rendered":"https:\/\/pro.costa-verde.com\/?page_id=49537"},"modified":"2024-04-26T18:50:35","modified_gmt":"2024-04-26T17:50:35","slug":"visita-virtual","status":"publish","type":"page","link":"https:\/\/pro.costa-verde.com\/es\/visita-virtual\/","title":{"rendered":"Visita Virtual"},"content":{"rendered":"\t\t<div data-elementor-type=\"wp-page\" data-elementor-id=\"49537\" class=\"elementor elementor-49537 elementor-49535\" data-elementor-post-type=\"page\">\n\t\t\t\t\t\t<section class=\"elementor-section elementor-top-section elementor-element elementor-element-7d58ee8 elementor-section-full_width elementor-section-height-min-height elementor-section-height-default elementor-section-items-middle\" data-id=\"7d58ee8\" data-element_type=\"section\">\n\t\t\t\t\t\t<div class=\"elementor-container elementor-column-gap-default\">\n\t\t\t\t\t<div class=\"elementor-column elementor-col-100 elementor-top-column elementor-element elementor-element-9229a19\" data-id=\"9229a19\" data-element_type=\"column\">\n\t\t\t<div class=\"elementor-widget-wrap elementor-element-populated\">\n\t\t\t\t\t\t<div class=\"elementor-element elementor-element-8bbd44c elementor-widget elementor-widget-text-editor\" data-id=\"8bbd44c\" data-element_type=\"widget\" data-widget_type=\"text-editor.default\">\n\t\t\t\t<div class=\"elementor-widget-container\">\n\t\t\t\t\t\t\t\t\t<h1 style=\"font-style: normal;font-variant-ligatures: normal;font-variant-caps: normal; !important:;font-family: &quot;LustDisplay&quot;, serif;\">Visita Virtual<\/h1>\t\t\t\t\t\t\t\t<\/div>\n\t\t\t\t<\/div>\n\t\t\t\t\t<\/div>\n\t\t<\/div>\n\t\t\t\t\t<\/div>\n\t\t<\/section>\n\t\t\t\t<section class=\"elementor-section elementor-top-section elementor-element elementor-element-ff661e1 elementor-section-boxed elementor-section-height-default elementor-section-height-default\" data-id=\"ff661e1\" data-element_type=\"section\">\n\t\t\t\t\t\t<div class=\"elementor-container elementor-column-gap-default\">\n\t\t\t\t\t<div class=\"elementor-column elementor-col-50 elementor-top-column elementor-element elementor-element-5194713\" data-id=\"5194713\" data-element_type=\"column\">\n\t\t\t<div class=\"elementor-widget-wrap elementor-element-populated\">\n\t\t\t\t\t\t<div class=\"elementor-element elementor-element-90b6367 elementor-widget elementor-widget-image\" data-id=\"90b6367\" data-element_type=\"widget\" data-widget_type=\"image.default\">\n\t\t\t\t<div class=\"elementor-widget-container\">\n\t\t\t\t\t\t\t\t\t\t\t\t\t\t\t<img fetchpriority=\"high\" decoding=\"async\" width=\"1024\" height=\"672\" src=\"https:\/\/pro.costa-verde.com\/wp-content\/uploads\/2023\/03\/WhatsApp-Image-2023-03-08-at-12.01.06-1024x672.jpeg\" class=\"attachment-large size-large wp-image-49128\" alt=\"Porcelana, \u00a1una soluci\u00f3n segura, resistente y elegante!\" srcset=\"https:\/\/pro.costa-verde.com\/wp-content\/uploads\/2023\/03\/WhatsApp-Image-2023-03-08-at-12.01.06-1024x672.jpeg 1024w, https:\/\/pro.costa-verde.com\/wp-content\/uploads\/2023\/03\/WhatsApp-Image-2023-03-08-at-12.01.06-300x197.jpeg 300w, https:\/\/pro.costa-verde.com\/wp-content\/uploads\/2023\/03\/WhatsApp-Image-2023-03-08-at-12.01.06-768x504.jpeg 768w, https:\/\/pro.costa-verde.com\/wp-content\/uploads\/2023\/03\/WhatsApp-Image-2023-03-08-at-12.01.06-1536x1008.jpeg 1536w, https:\/\/pro.costa-verde.com\/wp-content\/uploads\/2023\/03\/WhatsApp-Image-2023-03-08-at-12.01.06-600x394.jpeg 600w, https:\/\/pro.costa-verde.com\/wp-content\/uploads\/2023\/03\/WhatsApp-Image-2023-03-08-at-12.01.06-120x79.jpeg 120w, https:\/\/pro.costa-verde.com\/wp-content\/uploads\/2023\/03\/WhatsApp-Image-2023-03-08-at-12.01.06.jpeg 1600w\" sizes=\"(max-width: 1024px) 100vw, 1024px\" \/>\t\t\t\t\t\t\t\t\t\t\t\t\t\t\t<\/div>\n\t\t\t\t<\/div>\n\t\t\t\t\t<\/div>\n\t\t<\/div>\n\t\t\t\t<div class=\"elementor-column elementor-col-50 elementor-top-column elementor-element elementor-element-f63dde6\" data-id=\"f63dde6\" data-element_type=\"column\">\n\t\t\t<div class=\"elementor-widget-wrap elementor-element-populated\">\n\t\t\t\t\t\t<div class=\"elementor-element elementor-element-bd6f0db elementor-widget elementor-widget-text-editor\" data-id=\"bd6f0db\" data-element_type=\"widget\" data-widget_type=\"text-editor.default\">\n\t\t\t\t<div class=\"elementor-widget-container\">\n\t\t\t\t\t\t\t\t\t<h3 style=\"font-style: normal; font-variant-ligatures: normal; font-variant-caps: normal;\">\u00bfQuieres conocer los secretos de los productos de Costa Verde?<\/h3><p style=\"font-style: normal; font-variant-ligatures: normal; font-variant-caps: normal; font-weight: 400; font-size: 15px; font-family: Roboto, sans-serif; color: #7a7a7a; letter-spacing: normal;\">Ven a viajar con nosotros en el Tour Virtual, un proyecto innovador que lleva nuestra f\u00e1brica hasta ti.<\/p><p style=\"font-style: normal; font-variant-ligatures: normal; font-variant-caps: normal; font-weight: 400; font-size: 15px; font-family: Roboto, sans-serif; color: #7a7a7a; letter-spacing: normal;\">Paso a paso podr\u00e1s desvelar todo el proceso creativo y de producci\u00f3n, desde el dise\u00f1o hasta la mano de obra cualificada y la tecnolog\u00eda m\u00e1s avanzada. Para que consigas un producto que te proporcione los mejores momentos en la mesa.<\/p>\t\t\t\t\t\t\t\t<\/div>\n\t\t\t\t<\/div>\n\t\t\t\t<div class=\"elementor-element elementor-element-e54c6f5 elementor-widget elementor-widget-button\" data-id=\"e54c6f5\" data-element_type=\"widget\" data-widget_type=\"button.default\">\n\t\t\t\t<div class=\"elementor-widget-container\">\n\t\t\t\t\t\t\t\t\t<div class=\"elementor-button-wrapper\">\n\t\t\t\t\t<a class=\"elementor-button elementor-button-link elementor-size-sm\" href=\"https:\/\/costa-verde.com\/virtual-tour\/\">\n\t\t\t\t\t\t<span class=\"elementor-button-content-wrapper\">\n\t\t\t\t\t\t\t\t\t<span class=\"elementor-button-text\">\u00bfEst\u00e1s preparado? \u00a1Vamos!<\/span>\n\t\t\t\t\t<\/span>\n\t\t\t\t\t<\/a>\n\t\t\t\t<\/div>\n\t\t\t\t\t\t\t\t<\/div>\n\t\t\t\t<\/div>\n\t\t\t\t\t<\/div>\n\t\t<\/div>\n\t\t\t\t\t<\/div>\n\t\t<\/section>\n\t\t\t\t<\/div>\n\t\t","protected":false},"excerpt":{"rendered":"<p>Visita Virtual \u00bfQuieres conocer los secretos de los productos de Costa Verde? Ven a viajar con nosotros en el Tour Virtual, un proyecto innovador que lleva nuestra f\u00e1brica hasta ti. Paso a paso podr\u00e1s desvelar todo el proceso creativo y de producci\u00f3n, desde el dise\u00f1o hasta la mano de obra cualificada y la tecnolog\u00eda m\u00e1s [&hellip;]<\/p>\n","protected":false},"author":438,"featured_media":49128,"parent":0,"menu_order":0,"comment_status":"closed","ping_status":"closed","template":"","meta":{"footnotes":""},"class_list":["post-49537","page","type-page","status-publish","has-post-thumbnail","hentry"],"yoast_head":"<!-- This site is optimized with the Yoast SEO plugin v26.9 - https:\/\/yoast.com\/product\/yoast-seo-wordpress\/ -->\n<title>Visita Virtual - Costa Verde<\/title>\n<meta name=\"description\" content=\"Ven a viajar con nosotros en el Tour Virtual, un proyecto innovador que lleva nuestra f\u00e1brica hasta ti. Sepa mas!\" \/>\n<meta name=\"robots\" content=\"index, follow, max-snippet:-1, max-image-preview:large, max-video-preview:-1\" \/>\n<link rel=\"canonical\" href=\"https:\/\/pro.costa-verde.com\/visita-virtual\/\" \/>\n<meta property=\"og:locale\" content=\"es_ES\" \/>\n<meta property=\"og:type\" content=\"article\" \/>\n<meta property=\"og:title\" content=\"Visita Virtual - Costa Verde\" \/>\n<meta property=\"og:description\" content=\"Ven a viajar con nosotros en el Tour Virtual, un proyecto innovador que lleva nuestra f\u00e1brica hasta ti. Sepa mas!\" \/>\n<meta property=\"og:url\" content=\"https:\/\/pro.costa-verde.com\/visita-virtual\/\" \/>\n<meta property=\"og:site_name\" content=\"Costa Verde\" \/>\n<meta property=\"article:publisher\" content=\"https:\/\/www.facebook.com\/costaverdeporcelanas\/\" \/>\n<meta property=\"article:modified_time\" content=\"2024-04-26T17:50:35+00:00\" \/>\n<meta property=\"og:image\" content=\"https:\/\/pro.costa-verde.com\/wp-content\/uploads\/2023\/03\/WhatsApp-Image-2023-03-08-at-12.01.06.jpeg\" \/>\n\t<meta property=\"og:image:width\" content=\"1600\" \/>\n\t<meta property=\"og:image:height\" content=\"1050\" \/>\n\t<meta property=\"og:image:type\" content=\"image\/jpeg\" \/>\n<meta name=\"twitter:card\" content=\"summary_large_image\" \/>\n<meta name=\"twitter:label1\" content=\"Tiempo de lectura\" \/>\n\t<meta name=\"twitter:data1\" content=\"1 minuto\" \/>\n<script type=\"application\/ld+json\" class=\"yoast-schema-graph\">{\"@context\":\"https:\/\/schema.org\",\"@graph\":[{\"@type\":\"WebPage\",\"@id\":\"https:\/\/pro.costa-verde.com\/visita-virtual\/\",\"url\":\"https:\/\/pro.costa-verde.com\/visita-virtual\/\",\"name\":\"Visita Virtual - Costa Verde\",\"isPartOf\":{\"@id\":\"https:\/\/pro.costa-verde.com\/#website\"},\"primaryImageOfPage\":{\"@id\":\"https:\/\/pro.costa-verde.com\/visita-virtual\/#primaryimage\"},\"image\":{\"@id\":\"https:\/\/pro.costa-verde.com\/visita-virtual\/#primaryimage\"},\"thumbnailUrl\":\"https:\/\/pro.costa-verde.com\/wp-content\/uploads\/2023\/03\/WhatsApp-Image-2023-03-08-at-12.01.06.jpeg\",\"datePublished\":\"2023-03-13T15:34:11+00:00\",\"dateModified\":\"2024-04-26T17:50:35+00:00\",\"description\":\"Ven a viajar con nosotros en el Tour Virtual, un proyecto innovador que lleva nuestra f\u00e1brica hasta ti. Sepa mas!\",\"breadcrumb\":{\"@id\":\"https:\/\/pro.costa-verde.com\/visita-virtual\/#breadcrumb\"},\"inLanguage\":\"es\",\"potentialAction\":[{\"@type\":\"ReadAction\",\"target\":[\"https:\/\/pro.costa-verde.com\/visita-virtual\/\"]}]},{\"@type\":\"ImageObject\",\"inLanguage\":\"es\",\"@id\":\"https:\/\/pro.costa-verde.com\/visita-virtual\/#primaryimage\",\"url\":\"https:\/\/pro.costa-verde.com\/wp-content\/uploads\/2023\/03\/WhatsApp-Image-2023-03-08-at-12.01.06.jpeg\",\"contentUrl\":\"https:\/\/pro.costa-verde.com\/wp-content\/uploads\/2023\/03\/WhatsApp-Image-2023-03-08-at-12.01.06.jpeg\",\"width\":1600,\"height\":1050,\"caption\":\"Porcelana, \u00a1una soluci\u00f3n segura, resistente y elegante!\"},{\"@type\":\"BreadcrumbList\",\"@id\":\"https:\/\/pro.costa-verde.com\/visita-virtual\/#breadcrumb\",\"itemListElement\":[{\"@type\":\"ListItem\",\"position\":1,\"name\":\"In\u00edcio\",\"item\":\"https:\/\/pro.costa-verde.com\/es\/\"},{\"@type\":\"ListItem\",\"position\":2,\"name\":\"Visita Virtual\"}]},{\"@type\":\"WebSite\",\"@id\":\"https:\/\/pro.costa-verde.com\/#website\",\"url\":\"https:\/\/pro.costa-verde.com\/\",\"name\":\"Costa Verde\",\"description\":\"Loja Online\",\"potentialAction\":[{\"@type\":\"SearchAction\",\"target\":{\"@type\":\"EntryPoint\",\"urlTemplate\":\"https:\/\/pro.costa-verde.com\/?s={search_term_string}\"},\"query-input\":{\"@type\":\"PropertyValueSpecification\",\"valueRequired\":true,\"valueName\":\"search_term_string\"}}],\"inLanguage\":\"es\"}]}<\/script>\n<!-- \/ Yoast SEO plugin. -->","yoast_head_json":{"title":"Visita Virtual - Costa Verde","description":"Ven a viajar con nosotros en el Tour Virtual, un proyecto innovador que lleva nuestra f\u00e1brica hasta ti. Sepa mas!","robots":{"index":"index","follow":"follow","max-snippet":"max-snippet:-1","max-image-preview":"max-image-preview:large","max-video-preview":"max-video-preview:-1"},"canonical":"https:\/\/pro.costa-verde.com\/visita-virtual\/","og_locale":"es_ES","og_type":"article","og_title":"Visita Virtual - Costa Verde","og_description":"Ven a viajar con nosotros en el Tour Virtual, un proyecto innovador que lleva nuestra f\u00e1brica hasta ti. Sepa mas!","og_url":"https:\/\/pro.costa-verde.com\/visita-virtual\/","og_site_name":"Costa Verde","article_publisher":"https:\/\/www.facebook.com\/costaverdeporcelanas\/","article_modified_time":"2024-04-26T17:50:35+00:00","og_image":[{"width":1600,"height":1050,"url":"https:\/\/pro.costa-verde.com\/wp-content\/uploads\/2023\/03\/WhatsApp-Image-2023-03-08-at-12.01.06.jpeg","type":"image\/jpeg"}],"twitter_card":"summary_large_image","twitter_misc":{"Tiempo de lectura":"1 minuto"},"schema":{"@context":"https:\/\/schema.org","@graph":[{"@type":"WebPage","@id":"https:\/\/pro.costa-verde.com\/visita-virtual\/","url":"https:\/\/pro.costa-verde.com\/visita-virtual\/","name":"Visita Virtual - Costa Verde","isPartOf":{"@id":"https:\/\/pro.costa-verde.com\/#website"},"primaryImageOfPage":{"@id":"https:\/\/pro.costa-verde.com\/visita-virtual\/#primaryimage"},"image":{"@id":"https:\/\/pro.costa-verde.com\/visita-virtual\/#primaryimage"},"thumbnailUrl":"https:\/\/pro.costa-verde.com\/wp-content\/uploads\/2023\/03\/WhatsApp-Image-2023-03-08-at-12.01.06.jpeg","datePublished":"2023-03-13T15:34:11+00:00","dateModified":"2024-04-26T17:50:35+00:00","description":"Ven a viajar con nosotros en el Tour Virtual, un proyecto innovador que lleva nuestra f\u00e1brica hasta ti. Sepa mas!","breadcrumb":{"@id":"https:\/\/pro.costa-verde.com\/visita-virtual\/#breadcrumb"},"inLanguage":"es","potentialAction":[{"@type":"ReadAction","target":["https:\/\/pro.costa-verde.com\/visita-virtual\/"]}]},{"@type":"ImageObject","inLanguage":"es","@id":"https:\/\/pro.costa-verde.com\/visita-virtual\/#primaryimage","url":"https:\/\/pro.costa-verde.com\/wp-content\/uploads\/2023\/03\/WhatsApp-Image-2023-03-08-at-12.01.06.jpeg","contentUrl":"https:\/\/pro.costa-verde.com\/wp-content\/uploads\/2023\/03\/WhatsApp-Image-2023-03-08-at-12.01.06.jpeg","width":1600,"height":1050,"caption":"Porcelana, \u00a1una soluci\u00f3n segura, resistente y elegante!"},{"@type":"BreadcrumbList","@id":"https:\/\/pro.costa-verde.com\/visita-virtual\/#breadcrumb","itemListElement":[{"@type":"ListItem","position":1,"name":"In\u00edcio","item":"https:\/\/pro.costa-verde.com\/es\/"},{"@type":"ListItem","position":2,"name":"Visita Virtual"}]},{"@type":"WebSite","@id":"https:\/\/pro.costa-verde.com\/#website","url":"https:\/\/pro.costa-verde.com\/","name":"Costa Verde","description":"Loja Online","potentialAction":[{"@type":"SearchAction","target":{"@type":"EntryPoint","urlTemplate":"https:\/\/pro.costa-verde.com\/?s={search_term_string}"},"query-input":{"@type":"PropertyValueSpecification","valueRequired":true,"valueName":"search_term_string"}}],"inLanguage":"es"}]}},"_links":{"self":[{"href":"https:\/\/pro.costa-verde.com\/es\/wp-json\/wp\/v2\/pages\/49537","targetHints":{"allow":["GET"]}}],"collection":[{"href":"https:\/\/pro.costa-verde.com\/es\/wp-json\/wp\/v2\/pages"}],"about":[{"href":"https:\/\/pro.costa-verde.com\/es\/wp-json\/wp\/v2\/types\/page"}],"author":[{"embeddable":true,"href":"https:\/\/pro.costa-verde.com\/es\/wp-json\/wp\/v2\/users\/438"}],"replies":[{"embeddable":true,"href":"https:\/\/pro.costa-verde.com\/es\/wp-json\/wp\/v2\/comments?post=49537"}],"version-history":[{"count":11,"href":"https:\/\/pro.costa-verde.com\/es\/wp-json\/wp\/v2\/pages\/49537\/revisions"}],"predecessor-version":[{"id":57763,"href":"https:\/\/pro.costa-verde.com\/es\/wp-json\/wp\/v2\/pages\/49537\/revisions\/57763"}],"wp:featuredmedia":[{"embeddable":true,"href":"https:\/\/pro.costa-verde.com\/es\/wp-json\/wp\/v2\/media\/49128"}],"wp:attachment":[{"href":"https:\/\/pro.costa-verde.com\/es\/wp-json\/wp\/v2\/media?parent=49537"}],"curies":[{"name":"wp","href":"https:\/\/api.w.org\/{rel}","templated":true}]}}