{"id":49477,"date":"2023-03-13T12:57:45","date_gmt":"2023-03-13T12:57:45","guid":{"rendered":"https:\/\/pro.costa-verde.com\/?page_id=49477"},"modified":"2023-03-13T13:01:11","modified_gmt":"2023-03-13T13:01:11","slug":"costa-verde-reconocida-por-chep","status":"publish","type":"page","link":"https:\/\/pro.costa-verde.com\/es\/costa-verde-reconocida-por-chep\/","title":{"rendered":"Costa Verde reconocida por CHEP"},"content":{"rendered":"\t\t<div data-elementor-type=\"wp-page\" data-elementor-id=\"49477\" class=\"elementor elementor-49477 elementor-49475\" data-elementor-post-type=\"page\">\n\t\t\t\t\t\t<section class=\"elementor-section elementor-top-section elementor-element elementor-element-4e696d57 elementor-section-boxed elementor-section-height-default elementor-section-height-default\" data-id=\"4e696d57\" data-element_type=\"section\">\n\t\t\t\t\t\t<div class=\"elementor-container elementor-column-gap-default\">\n\t\t\t\t\t<div class=\"elementor-column elementor-col-100 elementor-top-column elementor-element elementor-element-7149df70\" data-id=\"7149df70\" data-element_type=\"column\">\n\t\t\t<div class=\"elementor-widget-wrap elementor-element-populated\">\n\t\t\t\t\t\t<div class=\"elementor-element elementor-element-3311861 elementor-widget elementor-widget-image\" data-id=\"3311861\" data-element_type=\"widget\" data-widget_type=\"image.default\">\n\t\t\t\t<div class=\"elementor-widget-container\">\n\t\t\t\t\t\t\t\t\t\t\t\t\t\t\t<img fetchpriority=\"high\" decoding=\"async\" width=\"1024\" height=\"702\" src=\"https:\/\/pro.costa-verde.com\/wp-content\/uploads\/2023\/03\/Certificado_Chep_noticias-1024x702.jpg\" class=\"attachment-large size-large wp-image-49482\" alt=\"Costa Verde reconocida por CHEP\" srcset=\"https:\/\/pro.costa-verde.com\/wp-content\/uploads\/2023\/03\/Certificado_Chep_noticias-1024x702.jpg 1024w, https:\/\/pro.costa-verde.com\/wp-content\/uploads\/2023\/03\/Certificado_Chep_noticias-300x206.jpg 300w, https:\/\/pro.costa-verde.com\/wp-content\/uploads\/2023\/03\/Certificado_Chep_noticias-768x527.jpg 768w, https:\/\/pro.costa-verde.com\/wp-content\/uploads\/2023\/03\/Certificado_Chep_noticias-600x412.jpg 600w, https:\/\/pro.costa-verde.com\/wp-content\/uploads\/2023\/03\/Certificado_Chep_noticias-120x82.jpg 120w, https:\/\/pro.costa-verde.com\/wp-content\/uploads\/2023\/03\/Certificado_Chep_noticias.jpg 1086w\" sizes=\"(max-width: 1024px) 100vw, 1024px\" \/>\t\t\t\t\t\t\t\t\t\t\t\t\t\t\t<\/div>\n\t\t\t\t<\/div>\n\t\t\t\t<div class=\"elementor-element elementor-element-7843fbcb elementor-widget elementor-widget-text-editor\" data-id=\"7843fbcb\" data-element_type=\"widget\" data-widget_type=\"text-editor.default\">\n\t\t\t\t<div class=\"elementor-widget-container\">\n\t\t\t\t\t\t\t\t\t<p><a href=\"https:\/\/pro.costa-verde.com\/es\/\">Costa Verde<\/a> fue reconocida por CHEP con el Certificado de Sostenibilidad, como resultado del uso del sistema de pooling.<\/p><p>El modelo de negocio de CHEP se basa en el concepto de \u00abCompartir y Reutilizar\u00bb. Es lo que se denomina pooling. El sistema de pooling se basa en la posibilidad de alquilar palets, que son suministrados por la propia empresa. Se encarga de controlar todo el proceso administrativo, la recogida y la garant\u00eda de calidad de los palets en un sistema de circuito cerrado. CHEP cree que compartir y reutilizar los productos nos hace m\u00e1s sostenibles: y por eso no se pueden comprar sus palets. Costa Verde tambi\u00e9n cree que con el sistema de pooling podemos ser m\u00e1s sostenibles, la que es una de las premisas de la empresa.<\/p><p>Certificada por la\u00a0<strong><b>ISO 14001 \u2013 Sistema de Gesti\u00f3n Ambiental<\/b><\/strong>, Costa Verde se compromete a contribuir activamente a la preservaci\u00f3n del medio ambiente. La mejora continua de su rendimiento, la reducci\u00f3n del impacto sobre el Planeta y el cumplimiento de los requisitos legalmente impuestos son sus principales focos de atenci\u00f3n. Este compromiso medioambiental est\u00e1 integrado en los objetivos estrat\u00e9gicos de la empresa, que cuenta con una\u00a0<strong><b>Estaci\u00f3n de Tratamiento de Aguas Residuales Industriales (ETARI)<\/b><\/strong>\u00a0para tratar eficazmente sus efluentes l\u00edquidos industriales. Toda el agua tratada en esta planta se reutiliza para lavar el suelo de la unidad industrial.<\/p><p>Sepa m\u00e1s <a href=\"https:\/\/www.chep.com\/us\/es-419\/why-chep\/how-chep-works\">aqu\u00ed<\/a>!<\/p>\t\t\t\t\t\t\t\t<\/div>\n\t\t\t\t<\/div>\n\t\t\t\t\t<\/div>\n\t\t<\/div>\n\t\t\t\t\t<\/div>\n\t\t<\/section>\n\t\t\t\t<\/div>\n\t\t","protected":false},"excerpt":{"rendered":"<p>Costa Verde fue reconocida por CHEP con el Certificado de Sostenibilidad, como resultado del uso del sistema de pooling. El modelo de negocio de CHEP se basa en el concepto de \u00abCompartir y Reutilizar\u00bb. Es lo que se denomina pooling. El sistema de pooling se basa en la posibilidad de alquilar palets, que son suministrados [&hellip;]<\/p>\n","protected":false},"author":438,"featured_media":49482,"parent":0,"menu_order":0,"comment_status":"open","ping_status":"closed","template":"","meta":{"footnotes":""},"class_list":["post-49477","page","type-page","status-publish","has-post-thumbnail","hentry"],"yoast_head":"<!-- This site is optimized with the Yoast SEO plugin v26.9 - https:\/\/yoast.com\/product\/yoast-seo-wordpress\/ -->\n<title>Costa Verde reconocida por CHEP - Costa Verde<\/title>\n<meta name=\"description\" content=\"Costa Verde fue reconocida por CHEP con el Certificado de Sostenibilidad, como resultado del uso del sistema de pooling. Sepa mas!\" \/>\n<meta name=\"robots\" content=\"index, follow, max-snippet:-1, max-image-preview:large, max-video-preview:-1\" \/>\n<link rel=\"canonical\" href=\"https:\/\/pro.costa-verde.com\/costa-verde-reconhecida-pela-chep\/\" \/>\n<meta property=\"og:locale\" content=\"es_ES\" \/>\n<meta property=\"og:type\" content=\"article\" \/>\n<meta property=\"og:title\" content=\"Costa Verde reconocida por CHEP - Costa Verde\" \/>\n<meta property=\"og:description\" content=\"Costa Verde fue reconocida por CHEP con el Certificado de Sostenibilidad, como resultado del uso del sistema de pooling. Sepa mas!\" \/>\n<meta property=\"og:url\" content=\"https:\/\/pro.costa-verde.com\/costa-verde-reconhecida-pela-chep\/\" \/>\n<meta property=\"og:site_name\" content=\"Costa Verde\" \/>\n<meta property=\"article:publisher\" content=\"https:\/\/www.facebook.com\/costaverdeporcelanas\/\" \/>\n<meta property=\"article:modified_time\" content=\"2023-03-13T13:01:11+00:00\" \/>\n<meta property=\"og:image\" content=\"https:\/\/pro.costa-verde.com\/wp-content\/uploads\/2023\/03\/Certificado_Chep_noticias.jpg\" \/>\n\t<meta property=\"og:image:width\" content=\"1086\" \/>\n\t<meta property=\"og:image:height\" content=\"745\" \/>\n\t<meta property=\"og:image:type\" content=\"image\/jpeg\" \/>\n<meta name=\"twitter:card\" content=\"summary_large_image\" \/>\n<meta name=\"twitter:label1\" content=\"Tiempo de lectura\" \/>\n\t<meta name=\"twitter:data1\" content=\"2 minutos\" \/>\n<script type=\"application\/ld+json\" class=\"yoast-schema-graph\">{\"@context\":\"https:\/\/schema.org\",\"@graph\":[{\"@type\":\"WebPage\",\"@id\":\"https:\/\/pro.costa-verde.com\/costa-verde-reconhecida-pela-chep\/\",\"url\":\"https:\/\/pro.costa-verde.com\/costa-verde-reconhecida-pela-chep\/\",\"name\":\"Costa Verde reconocida por CHEP - Costa Verde\",\"isPartOf\":{\"@id\":\"https:\/\/pro.costa-verde.com\/#website\"},\"primaryImageOfPage\":{\"@id\":\"https:\/\/pro.costa-verde.com\/costa-verde-reconhecida-pela-chep\/#primaryimage\"},\"image\":{\"@id\":\"https:\/\/pro.costa-verde.com\/costa-verde-reconhecida-pela-chep\/#primaryimage\"},\"thumbnailUrl\":\"https:\/\/pro.costa-verde.com\/wp-content\/uploads\/2023\/03\/Certificado_Chep_noticias.jpg\",\"datePublished\":\"2023-03-13T12:57:45+00:00\",\"dateModified\":\"2023-03-13T13:01:11+00:00\",\"description\":\"Costa Verde fue reconocida por CHEP con el Certificado de Sostenibilidad, como resultado del uso del sistema de pooling. Sepa mas!\",\"breadcrumb\":{\"@id\":\"https:\/\/pro.costa-verde.com\/costa-verde-reconhecida-pela-chep\/#breadcrumb\"},\"inLanguage\":\"es\",\"potentialAction\":[{\"@type\":\"ReadAction\",\"target\":[\"https:\/\/pro.costa-verde.com\/costa-verde-reconhecida-pela-chep\/\"]}]},{\"@type\":\"ImageObject\",\"inLanguage\":\"es\",\"@id\":\"https:\/\/pro.costa-verde.com\/costa-verde-reconhecida-pela-chep\/#primaryimage\",\"url\":\"https:\/\/pro.costa-verde.com\/wp-content\/uploads\/2023\/03\/Certificado_Chep_noticias.jpg\",\"contentUrl\":\"https:\/\/pro.costa-verde.com\/wp-content\/uploads\/2023\/03\/Certificado_Chep_noticias.jpg\",\"width\":1086,\"height\":745,\"caption\":\"Costa Verde reconocida por CHEP\"},{\"@type\":\"BreadcrumbList\",\"@id\":\"https:\/\/pro.costa-verde.com\/costa-verde-reconhecida-pela-chep\/#breadcrumb\",\"itemListElement\":[{\"@type\":\"ListItem\",\"position\":1,\"name\":\"In\u00edcio\",\"item\":\"https:\/\/pro.costa-verde.com\/es\/\"},{\"@type\":\"ListItem\",\"position\":2,\"name\":\"Costa Verde reconocida por CHEP\"}]},{\"@type\":\"WebSite\",\"@id\":\"https:\/\/pro.costa-verde.com\/#website\",\"url\":\"https:\/\/pro.costa-verde.com\/\",\"name\":\"Costa Verde\",\"description\":\"Loja Online\",\"potentialAction\":[{\"@type\":\"SearchAction\",\"target\":{\"@type\":\"EntryPoint\",\"urlTemplate\":\"https:\/\/pro.costa-verde.com\/?s={search_term_string}\"},\"query-input\":{\"@type\":\"PropertyValueSpecification\",\"valueRequired\":true,\"valueName\":\"search_term_string\"}}],\"inLanguage\":\"es\"}]}<\/script>\n<!-- \/ Yoast SEO plugin. -->","yoast_head_json":{"title":"Costa Verde reconocida por CHEP - Costa Verde","description":"Costa Verde fue reconocida por CHEP con el Certificado de Sostenibilidad, como resultado del uso del sistema de pooling. Sepa mas!","robots":{"index":"index","follow":"follow","max-snippet":"max-snippet:-1","max-image-preview":"max-image-preview:large","max-video-preview":"max-video-preview:-1"},"canonical":"https:\/\/pro.costa-verde.com\/costa-verde-reconhecida-pela-chep\/","og_locale":"es_ES","og_type":"article","og_title":"Costa Verde reconocida por CHEP - Costa Verde","og_description":"Costa Verde fue reconocida por CHEP con el Certificado de Sostenibilidad, como resultado del uso del sistema de pooling. Sepa mas!","og_url":"https:\/\/pro.costa-verde.com\/costa-verde-reconhecida-pela-chep\/","og_site_name":"Costa Verde","article_publisher":"https:\/\/www.facebook.com\/costaverdeporcelanas\/","article_modified_time":"2023-03-13T13:01:11+00:00","og_image":[{"width":1086,"height":745,"url":"https:\/\/pro.costa-verde.com\/wp-content\/uploads\/2023\/03\/Certificado_Chep_noticias.jpg","type":"image\/jpeg"}],"twitter_card":"summary_large_image","twitter_misc":{"Tiempo de lectura":"2 minutos"},"schema":{"@context":"https:\/\/schema.org","@graph":[{"@type":"WebPage","@id":"https:\/\/pro.costa-verde.com\/costa-verde-reconhecida-pela-chep\/","url":"https:\/\/pro.costa-verde.com\/costa-verde-reconhecida-pela-chep\/","name":"Costa Verde reconocida por CHEP - Costa Verde","isPartOf":{"@id":"https:\/\/pro.costa-verde.com\/#website"},"primaryImageOfPage":{"@id":"https:\/\/pro.costa-verde.com\/costa-verde-reconhecida-pela-chep\/#primaryimage"},"image":{"@id":"https:\/\/pro.costa-verde.com\/costa-verde-reconhecida-pela-chep\/#primaryimage"},"thumbnailUrl":"https:\/\/pro.costa-verde.com\/wp-content\/uploads\/2023\/03\/Certificado_Chep_noticias.jpg","datePublished":"2023-03-13T12:57:45+00:00","dateModified":"2023-03-13T13:01:11+00:00","description":"Costa Verde fue reconocida por CHEP con el Certificado de Sostenibilidad, como resultado del uso del sistema de pooling. Sepa mas!","breadcrumb":{"@id":"https:\/\/pro.costa-verde.com\/costa-verde-reconhecida-pela-chep\/#breadcrumb"},"inLanguage":"es","potentialAction":[{"@type":"ReadAction","target":["https:\/\/pro.costa-verde.com\/costa-verde-reconhecida-pela-chep\/"]}]},{"@type":"ImageObject","inLanguage":"es","@id":"https:\/\/pro.costa-verde.com\/costa-verde-reconhecida-pela-chep\/#primaryimage","url":"https:\/\/pro.costa-verde.com\/wp-content\/uploads\/2023\/03\/Certificado_Chep_noticias.jpg","contentUrl":"https:\/\/pro.costa-verde.com\/wp-content\/uploads\/2023\/03\/Certificado_Chep_noticias.jpg","width":1086,"height":745,"caption":"Costa Verde reconocida por CHEP"},{"@type":"BreadcrumbList","@id":"https:\/\/pro.costa-verde.com\/costa-verde-reconhecida-pela-chep\/#breadcrumb","itemListElement":[{"@type":"ListItem","position":1,"name":"In\u00edcio","item":"https:\/\/pro.costa-verde.com\/es\/"},{"@type":"ListItem","position":2,"name":"Costa Verde reconocida por CHEP"}]},{"@type":"WebSite","@id":"https:\/\/pro.costa-verde.com\/#website","url":"https:\/\/pro.costa-verde.com\/","name":"Costa Verde","description":"Loja Online","potentialAction":[{"@type":"SearchAction","target":{"@type":"EntryPoint","urlTemplate":"https:\/\/pro.costa-verde.com\/?s={search_term_string}"},"query-input":{"@type":"PropertyValueSpecification","valueRequired":true,"valueName":"search_term_string"}}],"inLanguage":"es"}]}},"_links":{"self":[{"href":"https:\/\/pro.costa-verde.com\/es\/wp-json\/wp\/v2\/pages\/49477","targetHints":{"allow":["GET"]}}],"collection":[{"href":"https:\/\/pro.costa-verde.com\/es\/wp-json\/wp\/v2\/pages"}],"about":[{"href":"https:\/\/pro.costa-verde.com\/es\/wp-json\/wp\/v2\/types\/page"}],"author":[{"embeddable":true,"href":"https:\/\/pro.costa-verde.com\/es\/wp-json\/wp\/v2\/users\/438"}],"replies":[{"embeddable":true,"href":"https:\/\/pro.costa-verde.com\/es\/wp-json\/wp\/v2\/comments?post=49477"}],"version-history":[{"count":5,"href":"https:\/\/pro.costa-verde.com\/es\/wp-json\/wp\/v2\/pages\/49477\/revisions"}],"predecessor-version":[{"id":49531,"href":"https:\/\/pro.costa-verde.com\/es\/wp-json\/wp\/v2\/pages\/49477\/revisions\/49531"}],"wp:featuredmedia":[{"embeddable":true,"href":"https:\/\/pro.costa-verde.com\/es\/wp-json\/wp\/v2\/media\/49482"}],"wp:attachment":[{"href":"https:\/\/pro.costa-verde.com\/es\/wp-json\/wp\/v2\/media?parent=49477"}],"curies":[{"name":"wp","href":"https:\/\/api.w.org\/{rel}","templated":true}]}}