{"id":49065,"date":"2023-03-07T12:59:54","date_gmt":"2023-03-07T12:59:54","guid":{"rendered":"https:\/\/pro.costa-verde.com\/?page_id=49065"},"modified":"2023-03-07T13:05:11","modified_gmt":"2023-03-07T13:05:11","slug":"costa-verde-en-la-feria-ambiente","status":"publish","type":"page","link":"https:\/\/pro.costa-verde.com\/es\/costa-verde-en-la-feria-ambiente\/","title":{"rendered":"Costa Verde en la Feria Ambiente"},"content":{"rendered":"\t\t<div data-elementor-type=\"wp-page\" data-elementor-id=\"49065\" class=\"elementor elementor-49065 elementor-49063\" data-elementor-post-type=\"page\">\n\t\t\t\t\t\t<section class=\"elementor-section elementor-top-section elementor-element elementor-element-4e696d57 elementor-section-boxed elementor-section-height-default elementor-section-height-default\" data-id=\"4e696d57\" data-element_type=\"section\">\n\t\t\t\t\t\t<div class=\"elementor-container elementor-column-gap-default\">\n\t\t\t\t\t<div class=\"elementor-column elementor-col-100 elementor-top-column elementor-element elementor-element-7149df70\" data-id=\"7149df70\" data-element_type=\"column\">\n\t\t\t<div class=\"elementor-widget-wrap elementor-element-populated\">\n\t\t\t\t\t\t<div class=\"elementor-element elementor-element-3311861 elementor-widget elementor-widget-image\" data-id=\"3311861\" data-element_type=\"widget\" data-widget_type=\"image.default\">\n\t\t\t\t<div class=\"elementor-widget-container\">\n\t\t\t\t\t\t\t\t\t\t\t\t\t\t\t<img fetchpriority=\"high\" decoding=\"async\" width=\"1013\" height=\"660\" src=\"https:\/\/pro.costa-verde.com\/wp-content\/uploads\/2023\/03\/imagem_convite_frankfurt.jpg\" class=\"attachment-large size-large wp-image-49078\" alt=\"Costa Verde na Feira Ambiente em Frankfurt\" srcset=\"https:\/\/pro.costa-verde.com\/wp-content\/uploads\/2023\/03\/imagem_convite_frankfurt.jpg 1013w, https:\/\/pro.costa-verde.com\/wp-content\/uploads\/2023\/03\/imagem_convite_frankfurt-300x195.jpg 300w, https:\/\/pro.costa-verde.com\/wp-content\/uploads\/2023\/03\/imagem_convite_frankfurt-768x500.jpg 768w, https:\/\/pro.costa-verde.com\/wp-content\/uploads\/2023\/03\/imagem_convite_frankfurt-600x391.jpg 600w, https:\/\/pro.costa-verde.com\/wp-content\/uploads\/2023\/03\/imagem_convite_frankfurt-120x78.jpg 120w\" sizes=\"(max-width: 1013px) 100vw, 1013px\" \/>\t\t\t\t\t\t\t\t\t\t\t\t\t\t\t<\/div>\n\t\t\t\t<\/div>\n\t\t\t\t<div class=\"elementor-element elementor-element-7843fbcb elementor-widget elementor-widget-text-editor\" data-id=\"7843fbcb\" data-element_type=\"widget\" data-widget_type=\"text-editor.default\">\n\t\t\t\t<div class=\"elementor-widget-container\">\n\t\t\t\t\t\t\t\t\t<p><a href=\"https:\/\/pro.costa-verde.com\/es\/\">Costa Verde<\/a> en Ambiente.<\/p>\n<p>Costa Verde estuvo de regreso en la feria Ambiente, en Frankfurt, Alemania. Con nuevo stand y ubicaci\u00f3n, Costa Verde tuvo la oportunidad de presentar nuevas colecciones, con especial \u00e9nfasis en la l\u00ednea Terra y los diferentes conceptos en vidriados coloreados y reactivos, as\u00ed como soluciones en <a href=\"https:\/\/www.youtube.com\/watch?v=kzBDBAvlJGg\">impresi\u00f3n digital<\/a>. Con una excelente reacci\u00f3n de los mercados, Costa Verde espera as\u00ed un desafiante a\u00f1o 2023, aprovechando esta oportunidad para agradecer una vez m\u00e1s a todos los que nos visitaron.<\/p>\n<p>Ya est\u00e1 prevista una nueva presencia para 2024, entre el 26 y el 30 de enero. Sepa mas <a href=\"https:\/\/ambiente.messefrankfurt.com\/frankfurt\/en.html\">aqu\u00ed<\/a>.<\/p>\t\t\t\t\t\t\t\t<\/div>\n\t\t\t\t<\/div>\n\t\t\t\t\t<\/div>\n\t\t<\/div>\n\t\t\t\t\t<\/div>\n\t\t<\/section>\n\t\t\t\t<\/div>\n\t\t","protected":false},"excerpt":{"rendered":"<p>Costa Verde en Ambiente. Costa Verde estuvo de regreso en la feria Ambiente, en Frankfurt, Alemania. Con nuevo stand y ubicaci\u00f3n, Costa Verde tuvo la oportunidad de presentar nuevas colecciones, con especial \u00e9nfasis en la l\u00ednea Terra y los diferentes conceptos en vidriados coloreados y reactivos, as\u00ed como soluciones en impresi\u00f3n digital. Con una excelente [&hellip;]<\/p>\n","protected":false},"author":438,"featured_media":49078,"parent":0,"menu_order":0,"comment_status":"open","ping_status":"closed","template":"","meta":{"footnotes":""},"class_list":["post-49065","page","type-page","status-publish","has-post-thumbnail","hentry"],"yoast_head":"<!-- This site is optimized with the Yoast SEO plugin v26.9 - https:\/\/yoast.com\/product\/yoast-seo-wordpress\/ -->\n<title>Costa Verde en la Feria Ambiente - Costa Verde<\/title>\n<meta name=\"robots\" content=\"index, follow, max-snippet:-1, max-image-preview:large, max-video-preview:-1\" \/>\n<link rel=\"canonical\" href=\"https:\/\/pro.costa-verde.com\/costa-verde-na-feira-ambiente\/\" \/>\n<meta property=\"og:locale\" content=\"es_ES\" \/>\n<meta property=\"og:type\" content=\"article\" \/>\n<meta property=\"og:title\" content=\"Costa Verde en la Feria Ambiente - Costa Verde\" \/>\n<meta property=\"og:description\" content=\"Costa Verde en Ambiente. Costa Verde estuvo de regreso en la feria Ambiente, en Frankfurt, Alemania. Con nuevo stand y ubicaci\u00f3n, Costa Verde tuvo la oportunidad de presentar nuevas colecciones, con especial \u00e9nfasis en la l\u00ednea Terra y los diferentes conceptos en vidriados coloreados y reactivos, as\u00ed como soluciones en impresi\u00f3n digital. Con una excelente [&hellip;]\" \/>\n<meta property=\"og:url\" content=\"https:\/\/pro.costa-verde.com\/costa-verde-na-feira-ambiente\/\" \/>\n<meta property=\"og:site_name\" content=\"Costa Verde\" \/>\n<meta property=\"article:publisher\" content=\"https:\/\/www.facebook.com\/costaverdeporcelanas\/\" \/>\n<meta property=\"article:modified_time\" content=\"2023-03-07T13:05:11+00:00\" \/>\n<meta property=\"og:image\" content=\"https:\/\/pro.costa-verde.com\/wp-content\/uploads\/2023\/03\/imagem_convite_frankfurt.jpg\" \/>\n\t<meta property=\"og:image:width\" content=\"1013\" \/>\n\t<meta property=\"og:image:height\" content=\"660\" \/>\n\t<meta property=\"og:image:type\" content=\"image\/jpeg\" \/>\n<meta name=\"twitter:card\" content=\"summary_large_image\" \/>\n<meta name=\"twitter:label1\" content=\"Tiempo de lectura\" \/>\n\t<meta name=\"twitter:data1\" content=\"1 minuto\" \/>\n<script type=\"application\/ld+json\" class=\"yoast-schema-graph\">{\"@context\":\"https:\/\/schema.org\",\"@graph\":[{\"@type\":\"WebPage\",\"@id\":\"https:\/\/pro.costa-verde.com\/costa-verde-na-feira-ambiente\/\",\"url\":\"https:\/\/pro.costa-verde.com\/costa-verde-na-feira-ambiente\/\",\"name\":\"Costa Verde en la Feria Ambiente - Costa Verde\",\"isPartOf\":{\"@id\":\"https:\/\/pro.costa-verde.com\/#website\"},\"primaryImageOfPage\":{\"@id\":\"https:\/\/pro.costa-verde.com\/costa-verde-na-feira-ambiente\/#primaryimage\"},\"image\":{\"@id\":\"https:\/\/pro.costa-verde.com\/costa-verde-na-feira-ambiente\/#primaryimage\"},\"thumbnailUrl\":\"https:\/\/pro.costa-verde.com\/wp-content\/uploads\/2023\/03\/imagem_convite_frankfurt.jpg\",\"datePublished\":\"2023-03-07T12:59:54+00:00\",\"dateModified\":\"2023-03-07T13:05:11+00:00\",\"breadcrumb\":{\"@id\":\"https:\/\/pro.costa-verde.com\/costa-verde-na-feira-ambiente\/#breadcrumb\"},\"inLanguage\":\"es\",\"potentialAction\":[{\"@type\":\"ReadAction\",\"target\":[\"https:\/\/pro.costa-verde.com\/costa-verde-na-feira-ambiente\/\"]}]},{\"@type\":\"ImageObject\",\"inLanguage\":\"es\",\"@id\":\"https:\/\/pro.costa-verde.com\/costa-verde-na-feira-ambiente\/#primaryimage\",\"url\":\"https:\/\/pro.costa-verde.com\/wp-content\/uploads\/2023\/03\/imagem_convite_frankfurt.jpg\",\"contentUrl\":\"https:\/\/pro.costa-verde.com\/wp-content\/uploads\/2023\/03\/imagem_convite_frankfurt.jpg\",\"width\":1013,\"height\":660,\"caption\":\"Costa Verde na Feira Ambiente em Frankfurt\"},{\"@type\":\"BreadcrumbList\",\"@id\":\"https:\/\/pro.costa-verde.com\/costa-verde-na-feira-ambiente\/#breadcrumb\",\"itemListElement\":[{\"@type\":\"ListItem\",\"position\":1,\"name\":\"In\u00edcio\",\"item\":\"https:\/\/pro.costa-verde.com\/es\/\"},{\"@type\":\"ListItem\",\"position\":2,\"name\":\"Costa Verde en la Feria Ambiente\"}]},{\"@type\":\"WebSite\",\"@id\":\"https:\/\/pro.costa-verde.com\/#website\",\"url\":\"https:\/\/pro.costa-verde.com\/\",\"name\":\"Costa Verde\",\"description\":\"Loja Online\",\"potentialAction\":[{\"@type\":\"SearchAction\",\"target\":{\"@type\":\"EntryPoint\",\"urlTemplate\":\"https:\/\/pro.costa-verde.com\/?s={search_term_string}\"},\"query-input\":{\"@type\":\"PropertyValueSpecification\",\"valueRequired\":true,\"valueName\":\"search_term_string\"}}],\"inLanguage\":\"es\"}]}<\/script>\n<!-- \/ Yoast SEO plugin. -->","yoast_head_json":{"title":"Costa Verde en la Feria Ambiente - Costa Verde","robots":{"index":"index","follow":"follow","max-snippet":"max-snippet:-1","max-image-preview":"max-image-preview:large","max-video-preview":"max-video-preview:-1"},"canonical":"https:\/\/pro.costa-verde.com\/costa-verde-na-feira-ambiente\/","og_locale":"es_ES","og_type":"article","og_title":"Costa Verde en la Feria Ambiente - Costa Verde","og_description":"Costa Verde en Ambiente. Costa Verde estuvo de regreso en la feria Ambiente, en Frankfurt, Alemania. Con nuevo stand y ubicaci\u00f3n, Costa Verde tuvo la oportunidad de presentar nuevas colecciones, con especial \u00e9nfasis en la l\u00ednea Terra y los diferentes conceptos en vidriados coloreados y reactivos, as\u00ed como soluciones en impresi\u00f3n digital. Con una excelente [&hellip;]","og_url":"https:\/\/pro.costa-verde.com\/costa-verde-na-feira-ambiente\/","og_site_name":"Costa Verde","article_publisher":"https:\/\/www.facebook.com\/costaverdeporcelanas\/","article_modified_time":"2023-03-07T13:05:11+00:00","og_image":[{"width":1013,"height":660,"url":"https:\/\/pro.costa-verde.com\/wp-content\/uploads\/2023\/03\/imagem_convite_frankfurt.jpg","type":"image\/jpeg"}],"twitter_card":"summary_large_image","twitter_misc":{"Tiempo de lectura":"1 minuto"},"schema":{"@context":"https:\/\/schema.org","@graph":[{"@type":"WebPage","@id":"https:\/\/pro.costa-verde.com\/costa-verde-na-feira-ambiente\/","url":"https:\/\/pro.costa-verde.com\/costa-verde-na-feira-ambiente\/","name":"Costa Verde en la Feria Ambiente - Costa Verde","isPartOf":{"@id":"https:\/\/pro.costa-verde.com\/#website"},"primaryImageOfPage":{"@id":"https:\/\/pro.costa-verde.com\/costa-verde-na-feira-ambiente\/#primaryimage"},"image":{"@id":"https:\/\/pro.costa-verde.com\/costa-verde-na-feira-ambiente\/#primaryimage"},"thumbnailUrl":"https:\/\/pro.costa-verde.com\/wp-content\/uploads\/2023\/03\/imagem_convite_frankfurt.jpg","datePublished":"2023-03-07T12:59:54+00:00","dateModified":"2023-03-07T13:05:11+00:00","breadcrumb":{"@id":"https:\/\/pro.costa-verde.com\/costa-verde-na-feira-ambiente\/#breadcrumb"},"inLanguage":"es","potentialAction":[{"@type":"ReadAction","target":["https:\/\/pro.costa-verde.com\/costa-verde-na-feira-ambiente\/"]}]},{"@type":"ImageObject","inLanguage":"es","@id":"https:\/\/pro.costa-verde.com\/costa-verde-na-feira-ambiente\/#primaryimage","url":"https:\/\/pro.costa-verde.com\/wp-content\/uploads\/2023\/03\/imagem_convite_frankfurt.jpg","contentUrl":"https:\/\/pro.costa-verde.com\/wp-content\/uploads\/2023\/03\/imagem_convite_frankfurt.jpg","width":1013,"height":660,"caption":"Costa Verde na Feira Ambiente em Frankfurt"},{"@type":"BreadcrumbList","@id":"https:\/\/pro.costa-verde.com\/costa-verde-na-feira-ambiente\/#breadcrumb","itemListElement":[{"@type":"ListItem","position":1,"name":"In\u00edcio","item":"https:\/\/pro.costa-verde.com\/es\/"},{"@type":"ListItem","position":2,"name":"Costa Verde en la Feria Ambiente"}]},{"@type":"WebSite","@id":"https:\/\/pro.costa-verde.com\/#website","url":"https:\/\/pro.costa-verde.com\/","name":"Costa Verde","description":"Loja Online","potentialAction":[{"@type":"SearchAction","target":{"@type":"EntryPoint","urlTemplate":"https:\/\/pro.costa-verde.com\/?s={search_term_string}"},"query-input":{"@type":"PropertyValueSpecification","valueRequired":true,"valueName":"search_term_string"}}],"inLanguage":"es"}]}},"_links":{"self":[{"href":"https:\/\/pro.costa-verde.com\/es\/wp-json\/wp\/v2\/pages\/49065","targetHints":{"allow":["GET"]}}],"collection":[{"href":"https:\/\/pro.costa-verde.com\/es\/wp-json\/wp\/v2\/pages"}],"about":[{"href":"https:\/\/pro.costa-verde.com\/es\/wp-json\/wp\/v2\/types\/page"}],"author":[{"embeddable":true,"href":"https:\/\/pro.costa-verde.com\/es\/wp-json\/wp\/v2\/users\/438"}],"replies":[{"embeddable":true,"href":"https:\/\/pro.costa-verde.com\/es\/wp-json\/wp\/v2\/comments?post=49065"}],"version-history":[{"count":6,"href":"https:\/\/pro.costa-verde.com\/es\/wp-json\/wp\/v2\/pages\/49065\/revisions"}],"predecessor-version":[{"id":49109,"href":"https:\/\/pro.costa-verde.com\/es\/wp-json\/wp\/v2\/pages\/49065\/revisions\/49109"}],"wp:featuredmedia":[{"embeddable":true,"href":"https:\/\/pro.costa-verde.com\/es\/wp-json\/wp\/v2\/media\/49078"}],"wp:attachment":[{"href":"https:\/\/pro.costa-verde.com\/es\/wp-json\/wp\/v2\/media?parent=49065"}],"curies":[{"name":"wp","href":"https:\/\/api.w.org\/{rel}","templated":true}]}}