{"id":49008,"date":"2023-03-06T13:34:42","date_gmt":"2023-03-06T13:34:42","guid":{"rendered":"https:\/\/pro.costa-verde.com\/?page_id=49008"},"modified":"2023-03-08T11:42:08","modified_gmt":"2023-03-08T11:42:08","slug":"project-based-learning-de-nova-sbe","status":"publish","type":"page","link":"https:\/\/pro.costa-verde.com\/es\/project-based-learning-de-nova-sbe\/","title":{"rendered":"Project-Based Learning de Nova SBE"},"content":{"rendered":"\t\t<div data-elementor-type=\"wp-page\" data-elementor-id=\"49008\" class=\"elementor elementor-49008 elementor-49006\" data-elementor-post-type=\"page\">\n\t\t\t\t\t\t<section class=\"elementor-section elementor-top-section elementor-element elementor-element-4e696d57 elementor-section-boxed elementor-section-height-default elementor-section-height-default\" data-id=\"4e696d57\" data-element_type=\"section\">\n\t\t\t\t\t\t<div class=\"elementor-container elementor-column-gap-default\">\n\t\t\t\t\t<div class=\"elementor-column elementor-col-100 elementor-top-column elementor-element elementor-element-7149df70\" data-id=\"7149df70\" data-element_type=\"column\">\n\t\t\t<div class=\"elementor-widget-wrap elementor-element-populated\">\n\t\t\t\t\t\t<div class=\"elementor-element elementor-element-3311861 elementor-widget elementor-widget-image\" data-id=\"3311861\" data-element_type=\"widget\" data-widget_type=\"image.default\">\n\t\t\t\t<div class=\"elementor-widget-container\">\n\t\t\t\t\t\t\t\t\t\t\t\t\t\t\t<img fetchpriority=\"high\" decoding=\"async\" width=\"1024\" height=\"576\" src=\"https:\/\/pro.costa-verde.com\/wp-content\/uploads\/2023\/03\/nova_sbe-1024x576.jpg\" class=\"attachment-large size-large wp-image-49041\" alt=\"Project-Based Learning NOVA SBE com Costa Verde\" srcset=\"https:\/\/pro.costa-verde.com\/wp-content\/uploads\/2023\/03\/nova_sbe-1024x576.jpg 1024w, https:\/\/pro.costa-verde.com\/wp-content\/uploads\/2023\/03\/nova_sbe-300x169.jpg 300w, https:\/\/pro.costa-verde.com\/wp-content\/uploads\/2023\/03\/nova_sbe-768x432.jpg 768w, https:\/\/pro.costa-verde.com\/wp-content\/uploads\/2023\/03\/nova_sbe-1536x864.jpg 1536w, https:\/\/pro.costa-verde.com\/wp-content\/uploads\/2023\/03\/nova_sbe-600x338.jpg 600w, https:\/\/pro.costa-verde.com\/wp-content\/uploads\/2023\/03\/nova_sbe-120x68.jpg 120w, https:\/\/pro.costa-verde.com\/wp-content\/uploads\/2023\/03\/nova_sbe.jpg 1920w\" sizes=\"(max-width: 1024px) 100vw, 1024px\" \/>\t\t\t\t\t\t\t\t\t\t\t\t\t\t\t<\/div>\n\t\t\t\t<\/div>\n\t\t\t\t<div class=\"elementor-element elementor-element-7843fbcb elementor-widget elementor-widget-text-editor\" data-id=\"7843fbcb\" data-element_type=\"widget\" data-widget_type=\"text-editor.default\">\n\t\t\t\t<div class=\"elementor-widget-container\">\n\t\t\t\t\t\t\t\t\t<p><a href=\"https:\/\/costa-verde.com\/es\/\">Costa Verde<\/a> fue invitada a participar en la \u00faltima edici\u00f3n del <a href=\"https:\/\/novasbe.maglr.com\/pbl\/overview\">Project-Based Learning de Nova SBE.<\/a><\/p><p>Con el lema \u00ab<em>Conectando estudiantes y organizaciones para un futuro sostenible<\/em>\u00ab, Costa Verde desafi\u00f3 a un grupo de 4 estudiantes del Master en Gesti\u00f3n de Nova SBE a pensar estrat\u00e9gicamente sobre el Marketing de Costa Verde y su futuro. Felicitaciones a <a href=\"https:\/\/www.linkedin.com\/in\/marta-cardoso-2984a4183\/\">Marta Cardoso<\/a>, <a href=\"https:\/\/www.linkedin.com\/in\/catarina-mendes-pessoa\/\">Ana Catarina Pessoa<\/a>, <a href=\"https:\/\/www.linkedin.com\/in\/margarida-beatriz-566202207\/\">Margarida Beatriz<\/a> y <a href=\"https:\/\/www.linkedin.com\/in\/martagbmatias\/\">Marta Gabriel Matias<\/a> por el excelente trabajo y resultado compartido, con el que alcanzaron la incre\u00edble marca de 19 puntos. Tambi\u00e9n felicitamos al profesor <a href=\"https:\/\/www.linkedin.com\/in\/andrewjharrison1\/\">Andrew Harrison<\/a> por su colaboraci\u00f3n y presencia, y a <a href=\"https:\/\/www.linkedin.com\/in\/malheirojoana\/\">Joana Malheiro<\/a> por la coordinaci\u00f3n.<\/p><p style=\"text-align: justify;\">El Project-Based Learning en Nova SBE se lleva a cabo con los alumnos del Master en Gesti\u00f3n Nova SBE, un proceso de aprendizaje basado en proyectos, acompa\u00f1ados por profesores y apoyados por expertos empresariales y empresas. Costa Verde asume la proximidad con la Academia como una fuente potencial de nuevos conocimientos e informaci\u00f3n. Con gran experiencia en la interacci\u00f3n con distintas universidades y centros de inteligencia y ciencia en el \u00e1mbito nacional e internacional, contando incluso con profesores de ense\u00f1anza superior en su plantilla, Costa Verde cree que estas colaboraciones le permiten estar a la vanguardia de la innovaci\u00f3n, as\u00ed como ser fuente de nuevos talentos, existiendo as\u00ed una fusi\u00f3n de conocimientos que rompe las barreras de la expansi\u00f3n cient\u00edfica, integrando el entorno universitario en el contexto empresarial.<\/p><p>\u00a1Para este a\u00f1o ya est\u00e1 confirmada la presencia de Costa Verde en la edici\u00f3n de 2023! Un desaf\u00edo m\u00e1s, \u00a1con la certeza de otro excelente resultado! \u00a1Gracias a todos!<\/p>\t\t\t\t\t\t\t\t<\/div>\n\t\t\t\t<\/div>\n\t\t\t\t\t<\/div>\n\t\t<\/div>\n\t\t\t\t\t<\/div>\n\t\t<\/section>\n\t\t\t\t<\/div>\n\t\t","protected":false},"excerpt":{"rendered":"<p>Costa Verde fue invitada a participar en la \u00faltima edici\u00f3n del Project-Based Learning de Nova SBE. Con el lema \u00abConectando estudiantes y organizaciones para un futuro sostenible\u00ab, Costa Verde desafi\u00f3 a un grupo de 4 estudiantes del Master en Gesti\u00f3n de Nova SBE a pensar estrat\u00e9gicamente sobre el Marketing de Costa Verde y su futuro. [&hellip;]<\/p>\n","protected":false},"author":438,"featured_media":49041,"parent":0,"menu_order":0,"comment_status":"open","ping_status":"closed","template":"","meta":{"footnotes":""},"class_list":["post-49008","page","type-page","status-publish","has-post-thumbnail","hentry"],"yoast_head":"<!-- This site is optimized with the Yoast SEO plugin v26.9 - https:\/\/yoast.com\/product\/yoast-seo-wordpress\/ -->\n<title>Project-Based Learning de Nova SBE - Costa Verde<\/title>\n<meta name=\"robots\" content=\"index, follow, max-snippet:-1, max-image-preview:large, max-video-preview:-1\" \/>\n<link rel=\"canonical\" href=\"https:\/\/pro.costa-verde.com\/project-based-learning-da-nova-sbe\/\" \/>\n<meta property=\"og:locale\" content=\"es_ES\" \/>\n<meta property=\"og:type\" content=\"article\" \/>\n<meta property=\"og:title\" content=\"Project-Based Learning de Nova SBE - Costa Verde\" \/>\n<meta property=\"og:description\" content=\"Costa Verde fue invitada a participar en la \u00faltima edici\u00f3n del Project-Based Learning de Nova SBE. Con el lema \u00abConectando estudiantes y organizaciones para un futuro sostenible\u00ab, Costa Verde desafi\u00f3 a un grupo de 4 estudiantes del Master en Gesti\u00f3n de Nova SBE a pensar estrat\u00e9gicamente sobre el Marketing de Costa Verde y su futuro. [&hellip;]\" \/>\n<meta property=\"og:url\" content=\"https:\/\/pro.costa-verde.com\/project-based-learning-da-nova-sbe\/\" \/>\n<meta property=\"og:site_name\" content=\"Costa Verde\" \/>\n<meta property=\"article:publisher\" content=\"https:\/\/www.facebook.com\/costaverdeporcelanas\/\" \/>\n<meta property=\"article:modified_time\" content=\"2023-03-08T11:42:08+00:00\" \/>\n<meta property=\"og:image\" content=\"https:\/\/pro.costa-verde.com\/wp-content\/uploads\/2023\/03\/nova_sbe.jpg\" \/>\n\t<meta property=\"og:image:width\" content=\"1920\" \/>\n\t<meta property=\"og:image:height\" content=\"1080\" \/>\n\t<meta property=\"og:image:type\" content=\"image\/jpeg\" \/>\n<meta name=\"twitter:card\" content=\"summary_large_image\" \/>\n<meta name=\"twitter:label1\" content=\"Tiempo de lectura\" \/>\n\t<meta name=\"twitter:data1\" content=\"2 minutos\" \/>\n<script type=\"application\/ld+json\" class=\"yoast-schema-graph\">{\"@context\":\"https:\/\/schema.org\",\"@graph\":[{\"@type\":\"WebPage\",\"@id\":\"https:\/\/pro.costa-verde.com\/project-based-learning-da-nova-sbe\/\",\"url\":\"https:\/\/pro.costa-verde.com\/project-based-learning-da-nova-sbe\/\",\"name\":\"Project-Based Learning de Nova SBE - Costa Verde\",\"isPartOf\":{\"@id\":\"https:\/\/pro.costa-verde.com\/#website\"},\"primaryImageOfPage\":{\"@id\":\"https:\/\/pro.costa-verde.com\/project-based-learning-da-nova-sbe\/#primaryimage\"},\"image\":{\"@id\":\"https:\/\/pro.costa-verde.com\/project-based-learning-da-nova-sbe\/#primaryimage\"},\"thumbnailUrl\":\"https:\/\/pro.costa-verde.com\/wp-content\/uploads\/2023\/03\/nova_sbe.jpg\",\"datePublished\":\"2023-03-06T13:34:42+00:00\",\"dateModified\":\"2023-03-08T11:42:08+00:00\",\"breadcrumb\":{\"@id\":\"https:\/\/pro.costa-verde.com\/project-based-learning-da-nova-sbe\/#breadcrumb\"},\"inLanguage\":\"es\",\"potentialAction\":[{\"@type\":\"ReadAction\",\"target\":[\"https:\/\/pro.costa-verde.com\/project-based-learning-da-nova-sbe\/\"]}]},{\"@type\":\"ImageObject\",\"inLanguage\":\"es\",\"@id\":\"https:\/\/pro.costa-verde.com\/project-based-learning-da-nova-sbe\/#primaryimage\",\"url\":\"https:\/\/pro.costa-verde.com\/wp-content\/uploads\/2023\/03\/nova_sbe.jpg\",\"contentUrl\":\"https:\/\/pro.costa-verde.com\/wp-content\/uploads\/2023\/03\/nova_sbe.jpg\",\"width\":1920,\"height\":1080,\"caption\":\"Project-Based Learning NOVA SBE com Costa Verde\"},{\"@type\":\"BreadcrumbList\",\"@id\":\"https:\/\/pro.costa-verde.com\/project-based-learning-da-nova-sbe\/#breadcrumb\",\"itemListElement\":[{\"@type\":\"ListItem\",\"position\":1,\"name\":\"In\u00edcio\",\"item\":\"https:\/\/pro.costa-verde.com\/es\/\"},{\"@type\":\"ListItem\",\"position\":2,\"name\":\"Project-Based Learning de Nova SBE\"}]},{\"@type\":\"WebSite\",\"@id\":\"https:\/\/pro.costa-verde.com\/#website\",\"url\":\"https:\/\/pro.costa-verde.com\/\",\"name\":\"Costa Verde\",\"description\":\"Loja Online\",\"potentialAction\":[{\"@type\":\"SearchAction\",\"target\":{\"@type\":\"EntryPoint\",\"urlTemplate\":\"https:\/\/pro.costa-verde.com\/?s={search_term_string}\"},\"query-input\":{\"@type\":\"PropertyValueSpecification\",\"valueRequired\":true,\"valueName\":\"search_term_string\"}}],\"inLanguage\":\"es\"}]}<\/script>\n<!-- \/ Yoast SEO plugin. -->","yoast_head_json":{"title":"Project-Based Learning de Nova SBE - Costa Verde","robots":{"index":"index","follow":"follow","max-snippet":"max-snippet:-1","max-image-preview":"max-image-preview:large","max-video-preview":"max-video-preview:-1"},"canonical":"https:\/\/pro.costa-verde.com\/project-based-learning-da-nova-sbe\/","og_locale":"es_ES","og_type":"article","og_title":"Project-Based Learning de Nova SBE - Costa Verde","og_description":"Costa Verde fue invitada a participar en la \u00faltima edici\u00f3n del Project-Based Learning de Nova SBE. Con el lema \u00abConectando estudiantes y organizaciones para un futuro sostenible\u00ab, Costa Verde desafi\u00f3 a un grupo de 4 estudiantes del Master en Gesti\u00f3n de Nova SBE a pensar estrat\u00e9gicamente sobre el Marketing de Costa Verde y su futuro. [&hellip;]","og_url":"https:\/\/pro.costa-verde.com\/project-based-learning-da-nova-sbe\/","og_site_name":"Costa Verde","article_publisher":"https:\/\/www.facebook.com\/costaverdeporcelanas\/","article_modified_time":"2023-03-08T11:42:08+00:00","og_image":[{"width":1920,"height":1080,"url":"https:\/\/pro.costa-verde.com\/wp-content\/uploads\/2023\/03\/nova_sbe.jpg","type":"image\/jpeg"}],"twitter_card":"summary_large_image","twitter_misc":{"Tiempo de lectura":"2 minutos"},"schema":{"@context":"https:\/\/schema.org","@graph":[{"@type":"WebPage","@id":"https:\/\/pro.costa-verde.com\/project-based-learning-da-nova-sbe\/","url":"https:\/\/pro.costa-verde.com\/project-based-learning-da-nova-sbe\/","name":"Project-Based Learning de Nova SBE - Costa Verde","isPartOf":{"@id":"https:\/\/pro.costa-verde.com\/#website"},"primaryImageOfPage":{"@id":"https:\/\/pro.costa-verde.com\/project-based-learning-da-nova-sbe\/#primaryimage"},"image":{"@id":"https:\/\/pro.costa-verde.com\/project-based-learning-da-nova-sbe\/#primaryimage"},"thumbnailUrl":"https:\/\/pro.costa-verde.com\/wp-content\/uploads\/2023\/03\/nova_sbe.jpg","datePublished":"2023-03-06T13:34:42+00:00","dateModified":"2023-03-08T11:42:08+00:00","breadcrumb":{"@id":"https:\/\/pro.costa-verde.com\/project-based-learning-da-nova-sbe\/#breadcrumb"},"inLanguage":"es","potentialAction":[{"@type":"ReadAction","target":["https:\/\/pro.costa-verde.com\/project-based-learning-da-nova-sbe\/"]}]},{"@type":"ImageObject","inLanguage":"es","@id":"https:\/\/pro.costa-verde.com\/project-based-learning-da-nova-sbe\/#primaryimage","url":"https:\/\/pro.costa-verde.com\/wp-content\/uploads\/2023\/03\/nova_sbe.jpg","contentUrl":"https:\/\/pro.costa-verde.com\/wp-content\/uploads\/2023\/03\/nova_sbe.jpg","width":1920,"height":1080,"caption":"Project-Based Learning NOVA SBE com Costa Verde"},{"@type":"BreadcrumbList","@id":"https:\/\/pro.costa-verde.com\/project-based-learning-da-nova-sbe\/#breadcrumb","itemListElement":[{"@type":"ListItem","position":1,"name":"In\u00edcio","item":"https:\/\/pro.costa-verde.com\/es\/"},{"@type":"ListItem","position":2,"name":"Project-Based Learning de Nova SBE"}]},{"@type":"WebSite","@id":"https:\/\/pro.costa-verde.com\/#website","url":"https:\/\/pro.costa-verde.com\/","name":"Costa Verde","description":"Loja Online","potentialAction":[{"@type":"SearchAction","target":{"@type":"EntryPoint","urlTemplate":"https:\/\/pro.costa-verde.com\/?s={search_term_string}"},"query-input":{"@type":"PropertyValueSpecification","valueRequired":true,"valueName":"search_term_string"}}],"inLanguage":"es"}]}},"_links":{"self":[{"href":"https:\/\/pro.costa-verde.com\/es\/wp-json\/wp\/v2\/pages\/49008","targetHints":{"allow":["GET"]}}],"collection":[{"href":"https:\/\/pro.costa-verde.com\/es\/wp-json\/wp\/v2\/pages"}],"about":[{"href":"https:\/\/pro.costa-verde.com\/es\/wp-json\/wp\/v2\/types\/page"}],"author":[{"embeddable":true,"href":"https:\/\/pro.costa-verde.com\/es\/wp-json\/wp\/v2\/users\/438"}],"replies":[{"embeddable":true,"href":"https:\/\/pro.costa-verde.com\/es\/wp-json\/wp\/v2\/comments?post=49008"}],"version-history":[{"count":14,"href":"https:\/\/pro.costa-verde.com\/es\/wp-json\/wp\/v2\/pages\/49008\/revisions"}],"predecessor-version":[{"id":49120,"href":"https:\/\/pro.costa-verde.com\/es\/wp-json\/wp\/v2\/pages\/49008\/revisions\/49120"}],"wp:featuredmedia":[{"embeddable":true,"href":"https:\/\/pro.costa-verde.com\/es\/wp-json\/wp\/v2\/media\/49041"}],"wp:attachment":[{"href":"https:\/\/pro.costa-verde.com\/es\/wp-json\/wp\/v2\/media?parent=49008"}],"curies":[{"name":"wp","href":"https:\/\/api.w.org\/{rel}","templated":true}]}}