{"id":48967,"date":"2023-03-01T10:59:21","date_gmt":"2023-03-01T10:59:21","guid":{"rendered":"https:\/\/pro.costa-verde.com\/?page_id=48967"},"modified":"2023-03-01T11:03:03","modified_gmt":"2023-03-01T11:03:03","slug":"costa-verde-en-chefe-cozinheiro-do-ano-2023","status":"publish","type":"page","link":"https:\/\/pro.costa-verde.com\/es\/costa-verde-en-chefe-cozinheiro-do-ano-2023\/","title":{"rendered":"Costa Verde en Chefe Cozinheiro do Ano 2023"},"content":{"rendered":"\t\t<div data-elementor-type=\"wp-page\" data-elementor-id=\"48967\" class=\"elementor elementor-48967 elementor-48965\" data-elementor-post-type=\"page\">\n\t\t\t\t\t\t<section class=\"elementor-section elementor-top-section elementor-element elementor-element-4e696d57 elementor-section-boxed elementor-section-height-default elementor-section-height-default\" data-id=\"4e696d57\" data-element_type=\"section\">\n\t\t\t\t\t\t<div class=\"elementor-container elementor-column-gap-default\">\n\t\t\t\t\t<div class=\"elementor-column elementor-col-100 elementor-top-column elementor-element elementor-element-7149df70\" data-id=\"7149df70\" data-element_type=\"column\">\n\t\t\t<div class=\"elementor-widget-wrap elementor-element-populated\">\n\t\t\t\t\t\t<div class=\"elementor-element elementor-element-3311861 elementor-widget elementor-widget-image\" data-id=\"3311861\" data-element_type=\"widget\" data-widget_type=\"image.default\">\n\t\t\t\t<div class=\"elementor-widget-container\">\n\t\t\t\t\t\t\t\t\t\t\t\t\t\t\t<img fetchpriority=\"high\" decoding=\"async\" width=\"1024\" height=\"1024\" src=\"https:\/\/pro.costa-verde.com\/wp-content\/uploads\/2023\/02\/IG_COSTAVERDE-post-1024x1024.jpg\" class=\"attachment-large size-large wp-image-48973\" alt=\"Chefe Cozinheiro do ano 2023\" srcset=\"https:\/\/pro.costa-verde.com\/wp-content\/uploads\/2023\/02\/IG_COSTAVERDE-post-1024x1024.jpg 1024w, https:\/\/pro.costa-verde.com\/wp-content\/uploads\/2023\/02\/IG_COSTAVERDE-post-300x300.jpg 300w, https:\/\/pro.costa-verde.com\/wp-content\/uploads\/2023\/02\/IG_COSTAVERDE-post-150x150.jpg 150w, https:\/\/pro.costa-verde.com\/wp-content\/uploads\/2023\/02\/IG_COSTAVERDE-post-768x768.jpg 768w, https:\/\/pro.costa-verde.com\/wp-content\/uploads\/2023\/02\/IG_COSTAVERDE-post-1536x1536.jpg 1536w, https:\/\/pro.costa-verde.com\/wp-content\/uploads\/2023\/02\/IG_COSTAVERDE-post-600x600.jpg 600w, https:\/\/pro.costa-verde.com\/wp-content\/uploads\/2023\/02\/IG_COSTAVERDE-post-120x120.jpg 120w, https:\/\/pro.costa-verde.com\/wp-content\/uploads\/2023\/02\/IG_COSTAVERDE-post.jpg 1920w\" sizes=\"(max-width: 1024px) 100vw, 1024px\" \/>\t\t\t\t\t\t\t\t\t\t\t\t\t\t\t<\/div>\n\t\t\t\t<\/div>\n\t\t\t\t<div class=\"elementor-element elementor-element-7843fbcb elementor-widget elementor-widget-text-editor\" data-id=\"7843fbcb\" data-element_type=\"widget\" data-widget_type=\"text-editor.default\">\n\t\t\t\t<div class=\"elementor-widget-container\">\n\t\t\t\t\t\t\t\t\t<p style=\"text-align: justify;\">El concurso \u00abChefe Cozinheiro do Ano 2023\u00bb, el mayor y m\u00e1s importante concurso de cocina para profesionales, en Portugal, le presenta los 18 concursantes que han sido seleccionados para la fase de las Etapas Regionales, despu\u00e9s de una fase de inscripci\u00f3n con m\u00e1s de 100 candidatos.&nbsp;&nbsp;<span style=\"color: var( --e-global-color-text );\">Es un gran placer que Costa Verde patrocine, un a\u00f1o m\u00e1s, este gran evento nacional.<\/span><\/p>\n<p>En esta 34\u00aa edici\u00f3n, los aspirantes a Chef del A\u00f1o 2023 deber\u00e1n presentar un men\u00fa completo que \u00abdefienda y preserve las ra\u00edces de la gastronom\u00eda tradicional portuguesa, los productos y materias primas de origen nacional\u00bb. El men\u00fa deber\u00e1 estar compuesto por una Entrada de Bacalao, un Plato de Pescado, un Plato de Carne de Cerdo y un Postre. Las 3 Etapas Regionales tendr\u00e1n lugar el 13 de abril (Etapa Norte &#8211; Escuela de Hosteler\u00eda y Turismo de Oporto), el 19 de abril (Etapa Central &#8211; Escuela de Hosteler\u00eda y Turismo de Estoril) y el 27 de abril (Etapa Sur e Islas &#8211; lugar por confirmar).<\/p>\n<p style=\"text-align: justify;\">Descubra <a href=\"https:\/\/egosto.pt\/chefecozinheirodoano\/2023\/02\/24\/estes-sao-os-18-concorrentes-apurados-do-cca-2023\/\">aqu\u00ed<\/a> los 18 concursantes seleccionados.<\/p>\t\t\t\t\t\t\t\t<\/div>\n\t\t\t\t<\/div>\n\t\t\t\t\t<\/div>\n\t\t<\/div>\n\t\t\t\t\t<\/div>\n\t\t<\/section>\n\t\t\t\t<\/div>\n\t\t","protected":false},"excerpt":{"rendered":"<p>El concurso \u00abChefe Cozinheiro do Ano 2023\u00bb, el mayor y m\u00e1s importante concurso de cocina para profesionales, en Portugal, le presenta los 18 concursantes que han sido seleccionados para la fase de las Etapas Regionales, despu\u00e9s de una fase de inscripci\u00f3n con m\u00e1s de 100 candidatos.&nbsp;&nbsp;Es un gran placer que Costa Verde patrocine, un a\u00f1o [&hellip;]<\/p>\n","protected":false},"author":438,"featured_media":48973,"parent":0,"menu_order":0,"comment_status":"open","ping_status":"closed","template":"","meta":{"footnotes":""},"class_list":["post-48967","page","type-page","status-publish","has-post-thumbnail","hentry"],"yoast_head":"<!-- This site is optimized with the Yoast SEO plugin v26.9 - https:\/\/yoast.com\/product\/yoast-seo-wordpress\/ -->\n<title>Costa Verde en Chefe Cozinheiro do Ano 2023 - Costa Verde<\/title>\n<meta name=\"robots\" content=\"index, follow, max-snippet:-1, max-image-preview:large, max-video-preview:-1\" \/>\n<link rel=\"canonical\" href=\"https:\/\/pro.costa-verde.com\/a-costa-verde-no-chefe-cozinheiro-do-ano-2023\/\" \/>\n<meta property=\"og:locale\" content=\"es_ES\" \/>\n<meta property=\"og:type\" content=\"article\" \/>\n<meta property=\"og:title\" content=\"Costa Verde en Chefe Cozinheiro do Ano 2023 - Costa Verde\" \/>\n<meta property=\"og:description\" content=\"El concurso \u00abChefe Cozinheiro do Ano 2023\u00bb, el mayor y m\u00e1s importante concurso de cocina para profesionales, en Portugal, le presenta los 18 concursantes que han sido seleccionados para la fase de las Etapas Regionales, despu\u00e9s de una fase de inscripci\u00f3n con m\u00e1s de 100 candidatos.&nbsp;&nbsp;Es un gran placer que Costa Verde patrocine, un a\u00f1o [&hellip;]\" \/>\n<meta property=\"og:url\" content=\"https:\/\/pro.costa-verde.com\/a-costa-verde-no-chefe-cozinheiro-do-ano-2023\/\" \/>\n<meta property=\"og:site_name\" content=\"Costa Verde\" \/>\n<meta property=\"article:publisher\" content=\"https:\/\/www.facebook.com\/costaverdeporcelanas\/\" \/>\n<meta property=\"article:modified_time\" content=\"2023-03-01T11:03:03+00:00\" \/>\n<meta property=\"og:image\" content=\"https:\/\/pro.costa-verde.com\/wp-content\/uploads\/2023\/02\/IG_COSTAVERDE-post.jpg\" \/>\n\t<meta property=\"og:image:width\" content=\"1920\" \/>\n\t<meta property=\"og:image:height\" content=\"1920\" \/>\n\t<meta property=\"og:image:type\" content=\"image\/jpeg\" \/>\n<meta name=\"twitter:card\" content=\"summary_large_image\" \/>\n<meta name=\"twitter:label1\" content=\"Tiempo de lectura\" \/>\n\t<meta name=\"twitter:data1\" content=\"1 minuto\" \/>\n<script type=\"application\/ld+json\" class=\"yoast-schema-graph\">{\"@context\":\"https:\/\/schema.org\",\"@graph\":[{\"@type\":\"WebPage\",\"@id\":\"https:\/\/pro.costa-verde.com\/a-costa-verde-no-chefe-cozinheiro-do-ano-2023\/\",\"url\":\"https:\/\/pro.costa-verde.com\/a-costa-verde-no-chefe-cozinheiro-do-ano-2023\/\",\"name\":\"Costa Verde en Chefe Cozinheiro do Ano 2023 - Costa Verde\",\"isPartOf\":{\"@id\":\"https:\/\/pro.costa-verde.com\/#website\"},\"primaryImageOfPage\":{\"@id\":\"https:\/\/pro.costa-verde.com\/a-costa-verde-no-chefe-cozinheiro-do-ano-2023\/#primaryimage\"},\"image\":{\"@id\":\"https:\/\/pro.costa-verde.com\/a-costa-verde-no-chefe-cozinheiro-do-ano-2023\/#primaryimage\"},\"thumbnailUrl\":\"https:\/\/pro.costa-verde.com\/wp-content\/uploads\/2023\/02\/IG_COSTAVERDE-post.jpg\",\"datePublished\":\"2023-03-01T10:59:21+00:00\",\"dateModified\":\"2023-03-01T11:03:03+00:00\",\"breadcrumb\":{\"@id\":\"https:\/\/pro.costa-verde.com\/a-costa-verde-no-chefe-cozinheiro-do-ano-2023\/#breadcrumb\"},\"inLanguage\":\"es\",\"potentialAction\":[{\"@type\":\"ReadAction\",\"target\":[\"https:\/\/pro.costa-verde.com\/a-costa-verde-no-chefe-cozinheiro-do-ano-2023\/\"]}]},{\"@type\":\"ImageObject\",\"inLanguage\":\"es\",\"@id\":\"https:\/\/pro.costa-verde.com\/a-costa-verde-no-chefe-cozinheiro-do-ano-2023\/#primaryimage\",\"url\":\"https:\/\/pro.costa-verde.com\/wp-content\/uploads\/2023\/02\/IG_COSTAVERDE-post.jpg\",\"contentUrl\":\"https:\/\/pro.costa-verde.com\/wp-content\/uploads\/2023\/02\/IG_COSTAVERDE-post.jpg\",\"width\":1920,\"height\":1920,\"caption\":\"Costa Verde en Chefe Cozinheiro do Ano 2023\"},{\"@type\":\"BreadcrumbList\",\"@id\":\"https:\/\/pro.costa-verde.com\/a-costa-verde-no-chefe-cozinheiro-do-ano-2023\/#breadcrumb\",\"itemListElement\":[{\"@type\":\"ListItem\",\"position\":1,\"name\":\"In\u00edcio\",\"item\":\"https:\/\/pro.costa-verde.com\/es\/\"},{\"@type\":\"ListItem\",\"position\":2,\"name\":\"Costa Verde en Chefe Cozinheiro do Ano 2023\"}]},{\"@type\":\"WebSite\",\"@id\":\"https:\/\/pro.costa-verde.com\/#website\",\"url\":\"https:\/\/pro.costa-verde.com\/\",\"name\":\"Costa Verde\",\"description\":\"Loja Online\",\"potentialAction\":[{\"@type\":\"SearchAction\",\"target\":{\"@type\":\"EntryPoint\",\"urlTemplate\":\"https:\/\/pro.costa-verde.com\/?s={search_term_string}\"},\"query-input\":{\"@type\":\"PropertyValueSpecification\",\"valueRequired\":true,\"valueName\":\"search_term_string\"}}],\"inLanguage\":\"es\"}]}<\/script>\n<!-- \/ Yoast SEO plugin. -->","yoast_head_json":{"title":"Costa Verde en Chefe Cozinheiro do Ano 2023 - Costa Verde","robots":{"index":"index","follow":"follow","max-snippet":"max-snippet:-1","max-image-preview":"max-image-preview:large","max-video-preview":"max-video-preview:-1"},"canonical":"https:\/\/pro.costa-verde.com\/a-costa-verde-no-chefe-cozinheiro-do-ano-2023\/","og_locale":"es_ES","og_type":"article","og_title":"Costa Verde en Chefe Cozinheiro do Ano 2023 - Costa Verde","og_description":"El concurso \u00abChefe Cozinheiro do Ano 2023\u00bb, el mayor y m\u00e1s importante concurso de cocina para profesionales, en Portugal, le presenta los 18 concursantes que han sido seleccionados para la fase de las Etapas Regionales, despu\u00e9s de una fase de inscripci\u00f3n con m\u00e1s de 100 candidatos.&nbsp;&nbsp;Es un gran placer que Costa Verde patrocine, un a\u00f1o [&hellip;]","og_url":"https:\/\/pro.costa-verde.com\/a-costa-verde-no-chefe-cozinheiro-do-ano-2023\/","og_site_name":"Costa Verde","article_publisher":"https:\/\/www.facebook.com\/costaverdeporcelanas\/","article_modified_time":"2023-03-01T11:03:03+00:00","og_image":[{"width":1920,"height":1920,"url":"https:\/\/pro.costa-verde.com\/wp-content\/uploads\/2023\/02\/IG_COSTAVERDE-post.jpg","type":"image\/jpeg"}],"twitter_card":"summary_large_image","twitter_misc":{"Tiempo de lectura":"1 minuto"},"schema":{"@context":"https:\/\/schema.org","@graph":[{"@type":"WebPage","@id":"https:\/\/pro.costa-verde.com\/a-costa-verde-no-chefe-cozinheiro-do-ano-2023\/","url":"https:\/\/pro.costa-verde.com\/a-costa-verde-no-chefe-cozinheiro-do-ano-2023\/","name":"Costa Verde en Chefe Cozinheiro do Ano 2023 - Costa Verde","isPartOf":{"@id":"https:\/\/pro.costa-verde.com\/#website"},"primaryImageOfPage":{"@id":"https:\/\/pro.costa-verde.com\/a-costa-verde-no-chefe-cozinheiro-do-ano-2023\/#primaryimage"},"image":{"@id":"https:\/\/pro.costa-verde.com\/a-costa-verde-no-chefe-cozinheiro-do-ano-2023\/#primaryimage"},"thumbnailUrl":"https:\/\/pro.costa-verde.com\/wp-content\/uploads\/2023\/02\/IG_COSTAVERDE-post.jpg","datePublished":"2023-03-01T10:59:21+00:00","dateModified":"2023-03-01T11:03:03+00:00","breadcrumb":{"@id":"https:\/\/pro.costa-verde.com\/a-costa-verde-no-chefe-cozinheiro-do-ano-2023\/#breadcrumb"},"inLanguage":"es","potentialAction":[{"@type":"ReadAction","target":["https:\/\/pro.costa-verde.com\/a-costa-verde-no-chefe-cozinheiro-do-ano-2023\/"]}]},{"@type":"ImageObject","inLanguage":"es","@id":"https:\/\/pro.costa-verde.com\/a-costa-verde-no-chefe-cozinheiro-do-ano-2023\/#primaryimage","url":"https:\/\/pro.costa-verde.com\/wp-content\/uploads\/2023\/02\/IG_COSTAVERDE-post.jpg","contentUrl":"https:\/\/pro.costa-verde.com\/wp-content\/uploads\/2023\/02\/IG_COSTAVERDE-post.jpg","width":1920,"height":1920,"caption":"Costa Verde en Chefe Cozinheiro do Ano 2023"},{"@type":"BreadcrumbList","@id":"https:\/\/pro.costa-verde.com\/a-costa-verde-no-chefe-cozinheiro-do-ano-2023\/#breadcrumb","itemListElement":[{"@type":"ListItem","position":1,"name":"In\u00edcio","item":"https:\/\/pro.costa-verde.com\/es\/"},{"@type":"ListItem","position":2,"name":"Costa Verde en Chefe Cozinheiro do Ano 2023"}]},{"@type":"WebSite","@id":"https:\/\/pro.costa-verde.com\/#website","url":"https:\/\/pro.costa-verde.com\/","name":"Costa Verde","description":"Loja Online","potentialAction":[{"@type":"SearchAction","target":{"@type":"EntryPoint","urlTemplate":"https:\/\/pro.costa-verde.com\/?s={search_term_string}"},"query-input":{"@type":"PropertyValueSpecification","valueRequired":true,"valueName":"search_term_string"}}],"inLanguage":"es"}]}},"_links":{"self":[{"href":"https:\/\/pro.costa-verde.com\/es\/wp-json\/wp\/v2\/pages\/48967","targetHints":{"allow":["GET"]}}],"collection":[{"href":"https:\/\/pro.costa-verde.com\/es\/wp-json\/wp\/v2\/pages"}],"about":[{"href":"https:\/\/pro.costa-verde.com\/es\/wp-json\/wp\/v2\/types\/page"}],"author":[{"embeddable":true,"href":"https:\/\/pro.costa-verde.com\/es\/wp-json\/wp\/v2\/users\/438"}],"replies":[{"embeddable":true,"href":"https:\/\/pro.costa-verde.com\/es\/wp-json\/wp\/v2\/comments?post=48967"}],"version-history":[{"count":4,"href":"https:\/\/pro.costa-verde.com\/es\/wp-json\/wp\/v2\/pages\/48967\/revisions"}],"predecessor-version":[{"id":49001,"href":"https:\/\/pro.costa-verde.com\/es\/wp-json\/wp\/v2\/pages\/48967\/revisions\/49001"}],"wp:featuredmedia":[{"embeddable":true,"href":"https:\/\/pro.costa-verde.com\/es\/wp-json\/wp\/v2\/media\/48973"}],"wp:attachment":[{"href":"https:\/\/pro.costa-verde.com\/es\/wp-json\/wp\/v2\/media?parent=48967"}],"curies":[{"name":"wp","href":"https:\/\/api.w.org\/{rel}","templated":true}]}}