{"id":45904,"date":"2022-04-28T16:12:21","date_gmt":"2022-04-28T15:12:21","guid":{"rendered":"https:\/\/pro.costa-verde.com\/?page_id=45904"},"modified":"2025-04-17T11:34:35","modified_gmt":"2025-04-17T10:34:35","slug":"peaceful","status":"publish","type":"page","link":"https:\/\/pro.costa-verde.com\/es\/moods\/peaceful\/","title":{"rendered":"Peaceful"},"content":{"rendered":"\t\t<div data-elementor-type=\"wp-page\" data-elementor-id=\"45904\" class=\"elementor elementor-45904 elementor-45902\" data-elementor-post-type=\"page\">\n\t\t\t\t\t\t<section class=\"elementor-section elementor-top-section elementor-element elementor-element-0d9fbc4 elementor-section-stretched elementor-reverse-mobile elementor-reverse-tablet elementor-section-boxed elementor-section-height-default elementor-section-height-default\" data-id=\"0d9fbc4\" data-element_type=\"section\" data-settings=\"{&quot;background_background&quot;:&quot;classic&quot;,&quot;stretch_section&quot;:&quot;section-stretched&quot;}\">\n\t\t\t\t\t\t\t<div class=\"elementor-background-overlay\"><\/div>\n\t\t\t\t\t\t\t<div class=\"elementor-container elementor-column-gap-extended\">\n\t\t\t\t\t<div class=\"elementor-column elementor-col-50 elementor-top-column elementor-element elementor-element-9453f61\" data-id=\"9453f61\" data-element_type=\"column\" data-settings=\"{&quot;background_background&quot;:&quot;classic&quot;}\">\n\t\t\t<div class=\"elementor-widget-wrap elementor-element-populated\">\n\t\t\t\t\t<div class=\"elementor-background-overlay\"><\/div>\n\t\t\t\t\t\t<div class=\"elementor-element elementor-element-373e3ca elementor-widget elementor-widget-gallery\" data-id=\"373e3ca\" data-element_type=\"widget\" data-settings=\"{&quot;gallery_layout&quot;:&quot;justified&quot;,&quot;ideal_row_height&quot;:{&quot;unit&quot;:&quot;px&quot;,&quot;size&quot;:356,&quot;sizes&quot;:[]},&quot;ideal_row_height_tablet&quot;:{&quot;unit&quot;:&quot;px&quot;,&quot;size&quot;:389,&quot;sizes&quot;:[]},&quot;ideal_row_height_mobile&quot;:{&quot;unit&quot;:&quot;px&quot;,&quot;size&quot;:178,&quot;sizes&quot;:[]},&quot;lazyload&quot;:&quot;yes&quot;,&quot;gap&quot;:{&quot;unit&quot;:&quot;px&quot;,&quot;size&quot;:10,&quot;sizes&quot;:[]},&quot;gap_tablet&quot;:{&quot;unit&quot;:&quot;px&quot;,&quot;size&quot;:10,&quot;sizes&quot;:[]},&quot;gap_mobile&quot;:{&quot;unit&quot;:&quot;px&quot;,&quot;size&quot;:10,&quot;sizes&quot;:[]},&quot;link_to&quot;:&quot;file&quot;,&quot;overlay_background&quot;:&quot;yes&quot;,&quot;content_hover_animation&quot;:&quot;fade-in&quot;}\" data-widget_type=\"gallery.default\">\n\t\t\t\t<div class=\"elementor-widget-container\">\n\t\t\t\t\t\t\t<div class=\"elementor-gallery__container\">\n\t\t\t\t\t\t\t<a class=\"e-gallery-item elementor-gallery-item elementor-animated-content\" href=\"https:\/\/pro.costa-verde.com\/wp-content\/uploads\/2022\/04\/Peaceful_03.jpg\" data-elementor-open-lightbox=\"yes\" data-elementor-lightbox-slideshow=\"373e3ca\" data-elementor-lightbox-title=\"Peaceful_Moods_CostaVerde\" data-elementor-lightbox-description=\"Peaceful_Moods_CostaVerde\" data-e-action-hash=\"#elementor-action%3Aaction%3Dlightbox%26settings%3DeyJpZCI6NDU4NjksInVybCI6Imh0dHBzOlwvXC9wcm8uY29zdGEtdmVyZGUuY29tXC93cC1jb250ZW50XC91cGxvYWRzXC8yMDIyXC8wNFwvUGVhY2VmdWxfMDMuanBnIiwic2xpZGVzaG93IjoiMzczZTNjYSJ9\">\n\t\t\t\t\t<div class=\"e-gallery-image elementor-gallery-item__image\" data-thumbnail=\"https:\/\/pro.costa-verde.com\/wp-content\/uploads\/2022\/04\/Peaceful_03-768x492.jpg\" data-width=\"768\" data-height=\"492\" aria-label=\"Peaceful_Moods_CostaVerde\" role=\"img\" ><\/div>\n\t\t\t\t\t\t\t\t\t\t\t<div class=\"elementor-gallery-item__overlay\"><\/div>\n\t\t\t\t\t\t\t\t\t\t\t\t\t\t<\/a>\n\t\t\t\t\t\t\t<a class=\"e-gallery-item elementor-gallery-item elementor-animated-content\" href=\"https:\/\/pro.costa-verde.com\/wp-content\/uploads\/2022\/04\/Peaceful_06-1.jpg\" data-elementor-open-lightbox=\"yes\" data-elementor-lightbox-slideshow=\"373e3ca\" data-elementor-lightbox-title=\"Peaceful_Moods_CostaVerde\" data-elementor-lightbox-description=\"Peaceful_Moods_CostaVerde\" data-e-action-hash=\"#elementor-action%3Aaction%3Dlightbox%26settings%3DeyJpZCI6NDU5MjIsInVybCI6Imh0dHBzOlwvXC9wcm8uY29zdGEtdmVyZGUuY29tXC93cC1jb250ZW50XC91cGxvYWRzXC8yMDIyXC8wNFwvUGVhY2VmdWxfMDYtMS5qcGciLCJzbGlkZXNob3ciOiIzNzNlM2NhIn0%3D\">\n\t\t\t\t\t<div class=\"e-gallery-image elementor-gallery-item__image\" data-thumbnail=\"https:\/\/pro.costa-verde.com\/wp-content\/uploads\/2022\/04\/Peaceful_06-1-768x1199.jpg\" data-width=\"768\" data-height=\"1199\" aria-label=\"Peaceful_Moods_CostaVerde\" role=\"img\" ><\/div>\n\t\t\t\t\t\t\t\t\t\t\t<div class=\"elementor-gallery-item__overlay\"><\/div>\n\t\t\t\t\t\t\t\t\t\t\t\t\t\t<\/a>\n\t\t\t\t\t\t\t<a class=\"e-gallery-item elementor-gallery-item elementor-animated-content\" href=\"https:\/\/pro.costa-verde.com\/wp-content\/uploads\/2022\/04\/Peaceful_02.jpg\" data-elementor-open-lightbox=\"yes\" data-elementor-lightbox-slideshow=\"373e3ca\" data-elementor-lightbox-title=\"Peaceful_Moods_CostaVerde\" data-elementor-lightbox-description=\"Peaceful_Moods_CostaVerde\" data-e-action-hash=\"#elementor-action%3Aaction%3Dlightbox%26settings%3DeyJpZCI6NDU4NjUsInVybCI6Imh0dHBzOlwvXC9wcm8uY29zdGEtdmVyZGUuY29tXC93cC1jb250ZW50XC91cGxvYWRzXC8yMDIyXC8wNFwvUGVhY2VmdWxfMDIuanBnIiwic2xpZGVzaG93IjoiMzczZTNjYSJ9\">\n\t\t\t\t\t<div class=\"e-gallery-image elementor-gallery-item__image\" data-thumbnail=\"https:\/\/pro.costa-verde.com\/wp-content\/uploads\/2022\/04\/Peaceful_02-768x1199.jpg\" data-width=\"768\" data-height=\"1199\" aria-label=\"Peaceful_Moods_CostaVerde\" role=\"img\" ><\/div>\n\t\t\t\t\t\t\t\t\t\t\t<div class=\"elementor-gallery-item__overlay\"><\/div>\n\t\t\t\t\t\t\t\t\t\t\t\t\t\t<\/a>\n\t\t\t\t\t\t\t<a class=\"e-gallery-item elementor-gallery-item elementor-animated-content\" href=\"https:\/\/pro.costa-verde.com\/wp-content\/uploads\/2022\/04\/Peaceful_05.jpg\" data-elementor-open-lightbox=\"yes\" data-elementor-lightbox-slideshow=\"373e3ca\" data-elementor-lightbox-title=\"Peaceful_Moods_CostaVerde\" data-elementor-lightbox-description=\"Peaceful_Moods_CostaVerde\" data-e-action-hash=\"#elementor-action%3Aaction%3Dlightbox%26settings%3DeyJpZCI6NDU4NzcsInVybCI6Imh0dHBzOlwvXC9wcm8uY29zdGEtdmVyZGUuY29tXC93cC1jb250ZW50XC91cGxvYWRzXC8yMDIyXC8wNFwvUGVhY2VmdWxfMDUuanBnIiwic2xpZGVzaG93IjoiMzczZTNjYSJ9\">\n\t\t\t\t\t<div class=\"e-gallery-image elementor-gallery-item__image\" data-thumbnail=\"https:\/\/pro.costa-verde.com\/wp-content\/uploads\/2022\/04\/Peaceful_05-768x492.jpg\" data-width=\"768\" data-height=\"492\" aria-label=\"Peaceful_Moods_CostaVerde\" role=\"img\" ><\/div>\n\t\t\t\t\t\t\t\t\t\t\t<div class=\"elementor-gallery-item__overlay\"><\/div>\n\t\t\t\t\t\t\t\t\t\t\t\t\t\t<\/a>\n\t\t\t\t\t<\/div>\n\t\t\t\t\t<\/div>\n\t\t\t\t<\/div>\n\t\t\t\t\t<\/div>\n\t\t<\/div>\n\t\t\t\t<div class=\"elementor-column elementor-col-50 elementor-top-column elementor-element elementor-element-0291c3a\" data-id=\"0291c3a\" data-element_type=\"column\" data-settings=\"{&quot;motion_fx_motion_fx_scrolling&quot;:&quot;yes&quot;,&quot;motion_fx_translateY_effect&quot;:&quot;yes&quot;,&quot;motion_fx_translateY_direction&quot;:&quot;negative&quot;,&quot;motion_fx_devices&quot;:[&quot;desktop&quot;],&quot;motion_fx_translateY_speed&quot;:{&quot;unit&quot;:&quot;px&quot;,&quot;size&quot;:4,&quot;sizes&quot;:[]},&quot;motion_fx_translateY_affectedRange&quot;:{&quot;unit&quot;:&quot;%&quot;,&quot;size&quot;:&quot;&quot;,&quot;sizes&quot;:{&quot;start&quot;:0,&quot;end&quot;:100}}}\">\n\t\t\t<div class=\"elementor-widget-wrap elementor-element-populated\">\n\t\t\t\t\t\t<div class=\"elementor-element elementor-element-982df95 lust elementor-widget elementor-widget-text-editor\" data-id=\"982df95\" data-element_type=\"widget\" data-widget_type=\"text-editor.default\">\n\t\t\t\t<div class=\"elementor-widget-container\">\n\t\t\t\t\t\t\t\t\t<h1>Peaceful<\/h1>\t\t\t\t\t\t\t\t<\/div>\n\t\t\t\t<\/div>\n\t\t\t\t<div class=\"elementor-element elementor-element-8582e90 background-text elementor-absolute elementor-hidden-phone elementor-invisible elementor-widget elementor-widget-text-editor\" data-id=\"8582e90\" data-element_type=\"widget\" data-settings=\"{&quot;_position&quot;:&quot;absolute&quot;,&quot;_animation&quot;:&quot;fadeIn&quot;}\" data-widget_type=\"text-editor.default\">\n\t\t\t\t<div class=\"elementor-widget-container\">\n\t\t\t\t\t\t\t\t\t<p>Peaceful<\/p>\t\t\t\t\t\t\t\t<\/div>\n\t\t\t\t<\/div>\n\t\t\t\t<div class=\"elementor-element elementor-element-e1d6d4c elementor-widget elementor-widget-text-editor\" data-id=\"e1d6d4c\" data-element_type=\"widget\" data-widget_type=\"text-editor.default\">\n\t\t\t\t<div class=\"elementor-widget-container\">\n\t\t\t\t\t\t\t\t\t<h3><span class=\"TextRun SCXW47103560 BCX4\" lang=\"ES-ES\" xml:lang=\"ES-ES\" data-contrast=\"auto\"><span class=\"NormalTextRun SCXW47103560 BCX4\">La elegancia en la sencillez<\/span><\/span><span class=\"EOP SCXW47103560 BCX4\" data-ccp-props=\"{\">\u00a0<\/span><\/h3>\t\t\t\t\t\t\t\t<\/div>\n\t\t\t\t<\/div>\n\t\t\t\t<div class=\"elementor-element elementor-element-638f0b0 elementor-widget elementor-widget-text-editor\" data-id=\"638f0b0\" data-element_type=\"widget\" data-widget_type=\"text-editor.default\">\n\t\t\t\t<div class=\"elementor-widget-container\">\n\t\t\t\t\t\t\t\t\t<p><span data-contrast=\"auto\">Elegante, sencillo y serena. Peaceful es una colecci\u00f3n dise\u00f1ada pensando en usted y en su capacidad para proporcionarle momentos de calma y tranquilidad. Perm\u00edtase ser audaz en sus emplatados, mediante la blancura tradicional de la porcelana, combinada con el sutil toque de azul reactivo en el borde.\u00a0<\/span><span data-ccp-props=\"{\">\u00a0<\/span><\/p><p><span data-contrast=\"auto\">Ofrezca a sus invitados un momento de ocio, donde la paz y la armon\u00eda son los elementos m\u00e1s importantes. Una excelente decoraci\u00f3n para crear una mesa incre\u00edble, moderna y elegante.<\/span><span data-ccp-props=\"{\">\u00a0<\/span><\/p>\t\t\t\t\t\t\t\t<\/div>\n\t\t\t\t<\/div>\n\t\t\t\t<div class=\"elementor-element elementor-element-c8b9397 lust elementor-widget elementor-widget-text-editor\" data-id=\"c8b9397\" data-element_type=\"widget\" data-widget_type=\"text-editor.default\">\n\t\t\t\t<div class=\"elementor-widget-container\">\n\t\t\t\t\t\t\t\t\t<h5>Links<\/h5>\t\t\t\t\t\t\t\t<\/div>\n\t\t\t\t<\/div>\n\t\t\t\t<div class=\"elementor-element elementor-element-48bad2c elementor-widget-divider--view-line elementor-widget elementor-widget-divider\" data-id=\"48bad2c\" data-element_type=\"widget\" data-widget_type=\"divider.default\">\n\t\t\t\t<div class=\"elementor-widget-container\">\n\t\t\t\t\t\t\t<div class=\"elementor-divider\">\n\t\t\t<span class=\"elementor-divider-separator\">\n\t\t\t\t\t\t<\/span>\n\t\t<\/div>\n\t\t\t\t\t\t<\/div>\n\t\t\t\t<\/div>\n\t\t\t\t<div class=\"elementor-element elementor-element-bd8b57e elementor-widget__width-auto elementor-widget elementor-widget-button\" data-id=\"bd8b57e\" data-element_type=\"widget\" data-widget_type=\"button.default\">\n\t\t\t\t<div class=\"elementor-widget-container\">\n\t\t\t\t\t\t\t\t\t<div class=\"elementor-button-wrapper\">\n\t\t\t\t\t<a class=\"elementor-button elementor-button-link elementor-size-sm\" href=\"https:\/\/pro.costa-verde.com\/wp-content\/uploads\/2025\/04\/Catalogo_MOODS_2025.pdf\" target=\"_blank\">\n\t\t\t\t\t\t<span class=\"elementor-button-content-wrapper\">\n\t\t\t\t\t\t<span class=\"elementor-button-icon\">\n\t\t\t\t<i aria-hidden=\"true\" class=\"stroke pe-7s-download\"><\/i>\t\t\t<\/span>\n\t\t\t\t\t\t\t\t\t<span class=\"elementor-button-text\">Catalogo<\/span>\n\t\t\t\t\t<\/span>\n\t\t\t\t\t<\/a>\n\t\t\t\t<\/div>\n\t\t\t\t\t\t\t\t<\/div>\n\t\t\t\t<\/div>\n\t\t\t\t<div class=\"elementor-element elementor-element-6337bc4 elementor-widget__width-auto elementor-widget elementor-widget-button\" data-id=\"6337bc4\" data-element_type=\"widget\" data-widget_type=\"button.default\">\n\t\t\t\t<div class=\"elementor-widget-container\">\n\t\t\t\t\t\t\t\t\t<div class=\"elementor-button-wrapper\">\n\t\t\t\t\t<a class=\"elementor-button elementor-button-link elementor-size-sm\" href=\"https:\/\/pro.costa-verde.com\/wp-content\/uploads\/2022\/04\/Folheto_Peaceful-1.pdf\" target=\"_blank\">\n\t\t\t\t\t\t<span class=\"elementor-button-content-wrapper\">\n\t\t\t\t\t\t<span class=\"elementor-button-icon\">\n\t\t\t\t<i aria-hidden=\"true\" class=\"stroke pe-7s-download\"><\/i>\t\t\t<\/span>\n\t\t\t\t\t\t\t\t\t<span class=\"elementor-button-text\">folleto<\/span>\n\t\t\t\t\t<\/span>\n\t\t\t\t\t<\/a>\n\t\t\t\t<\/div>\n\t\t\t\t\t\t\t\t<\/div>\n\t\t\t\t<\/div>\n\t\t\t\t<div class=\"elementor-element elementor-element-9b3b4a6 elementor-widget__width-auto elementor-widget elementor-widget-button\" data-id=\"9b3b4a6\" data-element_type=\"widget\" data-widget_type=\"button.default\">\n\t\t\t\t<div class=\"elementor-widget-container\">\n\t\t\t\t\t\t\t\t\t<div class=\"elementor-button-wrapper\">\n\t\t\t\t\t<a class=\"elementor-button elementor-button-link elementor-size-sm\" href=\"#elementor-action%3Aaction%3Dpopup%3Aopen%26settings%3DeyJpZCI6MzY3MjksInRvZ2dsZSI6ZmFsc2V9\" target=\"_blank\">\n\t\t\t\t\t\t<span class=\"elementor-button-content-wrapper\">\n\t\t\t\t\t\t<span class=\"elementor-button-icon\">\n\t\t\t\t<i aria-hidden=\"true\" class=\"stroke pe-7s-play\"><\/i>\t\t\t<\/span>\n\t\t\t\t\t\t\t\t\t<span class=\"elementor-button-text\">Video<\/span>\n\t\t\t\t\t<\/span>\n\t\t\t\t\t<\/a>\n\t\t\t\t<\/div>\n\t\t\t\t\t\t\t\t<\/div>\n\t\t\t\t<\/div>\n\t\t\t\t\t<\/div>\n\t\t<\/div>\n\t\t\t\t\t<\/div>\n\t\t<\/section>\n\t\t\t\t<section class=\"elementor-section elementor-top-section elementor-element elementor-element-b73b742 elementor-section-stretched elementor-section-boxed elementor-section-height-default elementor-section-height-default\" data-id=\"b73b742\" data-element_type=\"section\" data-settings=\"{&quot;stretch_section&quot;:&quot;section-stretched&quot;}\">\n\t\t\t\t\t\t<div class=\"elementor-container elementor-column-gap-default\">\n\t\t\t\t\t<div class=\"elementor-column elementor-col-100 elementor-top-column elementor-element elementor-element-ddac89f\" data-id=\"ddac89f\" data-element_type=\"column\">\n\t\t\t<div class=\"elementor-widget-wrap elementor-element-populated\">\n\t\t\t\t\t\t<div class=\"elementor-element elementor-element-b8d7d1a elementor-widget elementor-widget-text-editor\" data-id=\"b8d7d1a\" data-element_type=\"widget\" data-widget_type=\"text-editor.default\">\n\t\t\t\t<div class=\"elementor-widget-container\">\n\t\t\t\t\t\t\t\t\t<h3>Las piezas de la Colecci\u00f3n Peaceful<\/h3>\t\t\t\t\t\t\t\t<\/div>\n\t\t\t\t<\/div>\n\t\t\t\t<div class=\"elementor-element elementor-element-5137ae2 elementor-align-center button elementor-widget elementor-widget-button\" data-id=\"5137ae2\" data-element_type=\"widget\" data-widget_type=\"button.default\">\n\t\t\t\t<div class=\"elementor-widget-container\">\n\t\t\t\t\t\t\t\t\t<div class=\"elementor-button-wrapper\">\n\t\t\t\t\t<a class=\"elementor-button elementor-button-link elementor-size-md\" href=\"https:\/\/pro.costa-verde.com\/es\/colecciones\/\">\n\t\t\t\t\t\t<span class=\"elementor-button-content-wrapper\">\n\t\t\t\t\t\t\t\t\t<span class=\"elementor-button-text\">VER OTRAS COLECCIONES<\/span>\n\t\t\t\t\t<\/span>\n\t\t\t\t\t<\/a>\n\t\t\t\t<\/div>\n\t\t\t\t\t\t\t\t<\/div>\n\t\t\t\t<\/div>\n\t\t\t\t\t<\/div>\n\t\t<\/div>\n\t\t\t\t\t<\/div>\n\t\t<\/section>\n\t\t\t\t<\/div>\n\t\t","protected":false},"excerpt":{"rendered":"<p>Peaceful Peaceful La elegancia en la sencillez\u00a0 Elegante, sencillo y serena. Peaceful es una colecci\u00f3n dise\u00f1ada pensando en usted y en su capacidad para proporcionarle momentos de calma y tranquilidad. Perm\u00edtase ser audaz en sus emplatados, mediante la blancura tradicional de la porcelana, combinada con el sutil toque de azul reactivo en el borde.\u00a0\u00a0 Ofrezca [&hellip;]<\/p>\n","protected":false},"author":117,"featured_media":45872,"parent":22658,"menu_order":0,"comment_status":"closed","ping_status":"closed","template":"","meta":{"footnotes":""},"class_list":["post-45904","page","type-page","status-publish","has-post-thumbnail","hentry"],"yoast_head":"<!-- This site is optimized with the Yoast SEO plugin v26.9 - https:\/\/yoast.com\/product\/yoast-seo-wordpress\/ -->\n<title>Peaceful - Costa Verde<\/title>\n<meta name=\"robots\" content=\"index, follow, max-snippet:-1, max-image-preview:large, max-video-preview:-1\" \/>\n<link rel=\"canonical\" href=\"https:\/\/pro.costa-verde.com\/colecoes-moods\/peaceful\/\" \/>\n<meta property=\"og:locale\" content=\"es_ES\" \/>\n<meta property=\"og:type\" content=\"article\" \/>\n<meta property=\"og:title\" content=\"Peaceful - Costa Verde\" \/>\n<meta property=\"og:description\" content=\"Peaceful Peaceful La elegancia en la sencillez\u00a0 Elegante, sencillo y serena. Peaceful es una colecci\u00f3n dise\u00f1ada pensando en usted y en su capacidad para proporcionarle momentos de calma y tranquilidad. Perm\u00edtase ser audaz en sus emplatados, mediante la blancura tradicional de la porcelana, combinada con el sutil toque de azul reactivo en el borde.\u00a0\u00a0 Ofrezca [&hellip;]\" \/>\n<meta property=\"og:url\" content=\"https:\/\/pro.costa-verde.com\/colecoes-moods\/peaceful\/\" \/>\n<meta property=\"og:site_name\" content=\"Costa Verde\" \/>\n<meta property=\"article:publisher\" content=\"https:\/\/www.facebook.com\/costaverdeporcelanas\/\" \/>\n<meta property=\"article:modified_time\" content=\"2025-04-17T10:34:35+00:00\" \/>\n<meta property=\"og:image\" content=\"https:\/\/pro.costa-verde.com\/wp-content\/uploads\/2022\/04\/Peaceful_03.jpg\" \/>\n\t<meta property=\"og:image:width\" content=\"1920\" \/>\n\t<meta property=\"og:image:height\" content=\"1230\" \/>\n\t<meta property=\"og:image:type\" content=\"image\/jpeg\" \/>\n<meta name=\"twitter:card\" content=\"summary_large_image\" \/>\n<meta name=\"twitter:label1\" content=\"Tiempo de lectura\" \/>\n\t<meta name=\"twitter:data1\" content=\"5 minutos\" \/>\n<script type=\"application\/ld+json\" class=\"yoast-schema-graph\">{\"@context\":\"https:\/\/schema.org\",\"@graph\":[{\"@type\":\"WebPage\",\"@id\":\"https:\/\/pro.costa-verde.com\/colecoes-moods\/peaceful\/\",\"url\":\"https:\/\/pro.costa-verde.com\/colecoes-moods\/peaceful\/\",\"name\":\"Peaceful - Costa Verde\",\"isPartOf\":{\"@id\":\"https:\/\/pro.costa-verde.com\/#website\"},\"primaryImageOfPage\":{\"@id\":\"https:\/\/pro.costa-verde.com\/colecoes-moods\/peaceful\/#primaryimage\"},\"image\":{\"@id\":\"https:\/\/pro.costa-verde.com\/colecoes-moods\/peaceful\/#primaryimage\"},\"thumbnailUrl\":\"https:\/\/pro.costa-verde.com\/wp-content\/uploads\/2022\/04\/Peaceful_03.jpg\",\"datePublished\":\"2022-04-28T15:12:21+00:00\",\"dateModified\":\"2025-04-17T10:34:35+00:00\",\"breadcrumb\":{\"@id\":\"https:\/\/pro.costa-verde.com\/colecoes-moods\/peaceful\/#breadcrumb\"},\"inLanguage\":\"es\",\"potentialAction\":[{\"@type\":\"ReadAction\",\"target\":[\"https:\/\/pro.costa-verde.com\/colecoes-moods\/peaceful\/\"]}]},{\"@type\":\"ImageObject\",\"inLanguage\":\"es\",\"@id\":\"https:\/\/pro.costa-verde.com\/colecoes-moods\/peaceful\/#primaryimage\",\"url\":\"https:\/\/pro.costa-verde.com\/wp-content\/uploads\/2022\/04\/Peaceful_03.jpg\",\"contentUrl\":\"https:\/\/pro.costa-verde.com\/wp-content\/uploads\/2022\/04\/Peaceful_03.jpg\",\"width\":1920,\"height\":1230,\"caption\":\"Peaceful_Moods_CostaVerde\"},{\"@type\":\"BreadcrumbList\",\"@id\":\"https:\/\/pro.costa-verde.com\/colecoes-moods\/peaceful\/#breadcrumb\",\"itemListElement\":[{\"@type\":\"ListItem\",\"position\":1,\"name\":\"In\u00edcio\",\"item\":\"https:\/\/pro.costa-verde.com\/es\/\"},{\"@type\":\"ListItem\",\"position\":2,\"name\":\"Moods\",\"item\":\"https:\/\/pro.costa-verde.com\/es\/moods\/\"},{\"@type\":\"ListItem\",\"position\":3,\"name\":\"Peaceful\"}]},{\"@type\":\"WebSite\",\"@id\":\"https:\/\/pro.costa-verde.com\/#website\",\"url\":\"https:\/\/pro.costa-verde.com\/\",\"name\":\"Costa Verde\",\"description\":\"Loja Online\",\"potentialAction\":[{\"@type\":\"SearchAction\",\"target\":{\"@type\":\"EntryPoint\",\"urlTemplate\":\"https:\/\/pro.costa-verde.com\/?s={search_term_string}\"},\"query-input\":{\"@type\":\"PropertyValueSpecification\",\"valueRequired\":true,\"valueName\":\"search_term_string\"}}],\"inLanguage\":\"es\"}]}<\/script>\n<!-- \/ Yoast SEO plugin. -->","yoast_head_json":{"title":"Peaceful - Costa Verde","robots":{"index":"index","follow":"follow","max-snippet":"max-snippet:-1","max-image-preview":"max-image-preview:large","max-video-preview":"max-video-preview:-1"},"canonical":"https:\/\/pro.costa-verde.com\/colecoes-moods\/peaceful\/","og_locale":"es_ES","og_type":"article","og_title":"Peaceful - Costa Verde","og_description":"Peaceful Peaceful La elegancia en la sencillez\u00a0 Elegante, sencillo y serena. Peaceful es una colecci\u00f3n dise\u00f1ada pensando en usted y en su capacidad para proporcionarle momentos de calma y tranquilidad. Perm\u00edtase ser audaz en sus emplatados, mediante la blancura tradicional de la porcelana, combinada con el sutil toque de azul reactivo en el borde.\u00a0\u00a0 Ofrezca [&hellip;]","og_url":"https:\/\/pro.costa-verde.com\/colecoes-moods\/peaceful\/","og_site_name":"Costa Verde","article_publisher":"https:\/\/www.facebook.com\/costaverdeporcelanas\/","article_modified_time":"2025-04-17T10:34:35+00:00","og_image":[{"width":1920,"height":1230,"url":"https:\/\/pro.costa-verde.com\/wp-content\/uploads\/2022\/04\/Peaceful_03.jpg","type":"image\/jpeg"}],"twitter_card":"summary_large_image","twitter_misc":{"Tiempo de lectura":"5 minutos"},"schema":{"@context":"https:\/\/schema.org","@graph":[{"@type":"WebPage","@id":"https:\/\/pro.costa-verde.com\/colecoes-moods\/peaceful\/","url":"https:\/\/pro.costa-verde.com\/colecoes-moods\/peaceful\/","name":"Peaceful - Costa Verde","isPartOf":{"@id":"https:\/\/pro.costa-verde.com\/#website"},"primaryImageOfPage":{"@id":"https:\/\/pro.costa-verde.com\/colecoes-moods\/peaceful\/#primaryimage"},"image":{"@id":"https:\/\/pro.costa-verde.com\/colecoes-moods\/peaceful\/#primaryimage"},"thumbnailUrl":"https:\/\/pro.costa-verde.com\/wp-content\/uploads\/2022\/04\/Peaceful_03.jpg","datePublished":"2022-04-28T15:12:21+00:00","dateModified":"2025-04-17T10:34:35+00:00","breadcrumb":{"@id":"https:\/\/pro.costa-verde.com\/colecoes-moods\/peaceful\/#breadcrumb"},"inLanguage":"es","potentialAction":[{"@type":"ReadAction","target":["https:\/\/pro.costa-verde.com\/colecoes-moods\/peaceful\/"]}]},{"@type":"ImageObject","inLanguage":"es","@id":"https:\/\/pro.costa-verde.com\/colecoes-moods\/peaceful\/#primaryimage","url":"https:\/\/pro.costa-verde.com\/wp-content\/uploads\/2022\/04\/Peaceful_03.jpg","contentUrl":"https:\/\/pro.costa-verde.com\/wp-content\/uploads\/2022\/04\/Peaceful_03.jpg","width":1920,"height":1230,"caption":"Peaceful_Moods_CostaVerde"},{"@type":"BreadcrumbList","@id":"https:\/\/pro.costa-verde.com\/colecoes-moods\/peaceful\/#breadcrumb","itemListElement":[{"@type":"ListItem","position":1,"name":"In\u00edcio","item":"https:\/\/pro.costa-verde.com\/es\/"},{"@type":"ListItem","position":2,"name":"Moods","item":"https:\/\/pro.costa-verde.com\/es\/moods\/"},{"@type":"ListItem","position":3,"name":"Peaceful"}]},{"@type":"WebSite","@id":"https:\/\/pro.costa-verde.com\/#website","url":"https:\/\/pro.costa-verde.com\/","name":"Costa Verde","description":"Loja Online","potentialAction":[{"@type":"SearchAction","target":{"@type":"EntryPoint","urlTemplate":"https:\/\/pro.costa-verde.com\/?s={search_term_string}"},"query-input":{"@type":"PropertyValueSpecification","valueRequired":true,"valueName":"search_term_string"}}],"inLanguage":"es"}]}},"_links":{"self":[{"href":"https:\/\/pro.costa-verde.com\/es\/wp-json\/wp\/v2\/pages\/45904","targetHints":{"allow":["GET"]}}],"collection":[{"href":"https:\/\/pro.costa-verde.com\/es\/wp-json\/wp\/v2\/pages"}],"about":[{"href":"https:\/\/pro.costa-verde.com\/es\/wp-json\/wp\/v2\/types\/page"}],"author":[{"embeddable":true,"href":"https:\/\/pro.costa-verde.com\/es\/wp-json\/wp\/v2\/users\/117"}],"replies":[{"embeddable":true,"href":"https:\/\/pro.costa-verde.com\/es\/wp-json\/wp\/v2\/comments?post=45904"}],"version-history":[{"count":15,"href":"https:\/\/pro.costa-verde.com\/es\/wp-json\/wp\/v2\/pages\/45904\/revisions"}],"predecessor-version":[{"id":65490,"href":"https:\/\/pro.costa-verde.com\/es\/wp-json\/wp\/v2\/pages\/45904\/revisions\/65490"}],"up":[{"embeddable":true,"href":"https:\/\/pro.costa-verde.com\/es\/wp-json\/wp\/v2\/pages\/22658"}],"wp:featuredmedia":[{"embeddable":true,"href":"https:\/\/pro.costa-verde.com\/es\/wp-json\/wp\/v2\/media\/45872"}],"wp:attachment":[{"href":"https:\/\/pro.costa-verde.com\/es\/wp-json\/wp\/v2\/media?parent=45904"}],"curies":[{"name":"wp","href":"https:\/\/api.w.org\/{rel}","templated":true}]}}