{"id":19303,"date":"2021-01-25T14:13:44","date_gmt":"2021-01-25T14:13:44","guid":{"rendered":"https:\/\/pro.costa-verde.com\/?page_id=19303"},"modified":"2021-05-04T15:22:53","modified_gmt":"2021-05-04T15:22:53","slug":"design","status":"publish","type":"page","link":"https:\/\/pro.costa-verde.com\/es\/sostenibilidad\/design\/","title":{"rendered":"Design"},"content":{"rendered":"\t\t<div data-elementor-type=\"wp-page\" data-elementor-id=\"19303\" class=\"elementor elementor-19303 elementor-9122\" data-elementor-post-type=\"page\">\n\t\t\t\t\t\t<section class=\"elementor-section elementor-top-section elementor-element elementor-element-a243226 elementor-section-boxed elementor-section-height-default elementor-section-height-default\" data-id=\"a243226\" data-element_type=\"section\" data-settings=\"{&quot;background_background&quot;:&quot;classic&quot;}\">\n\t\t\t\t\t\t\t<div class=\"elementor-background-overlay\"><\/div>\n\t\t\t\t\t\t\t<div class=\"elementor-container elementor-column-gap-extended\">\n\t\t\t\t\t<div class=\"elementor-column elementor-col-50 elementor-top-column elementor-element elementor-element-a223b06\" data-id=\"a223b06\" data-element_type=\"column\">\n\t\t\t<div class=\"elementor-widget-wrap elementor-element-populated\">\n\t\t\t\t\t\t<div class=\"elementor-element elementor-element-982df95 lust elementor-widget elementor-widget-text-editor\" data-id=\"982df95\" data-element_type=\"widget\" data-widget_type=\"text-editor.default\">\n\t\t\t\t<div class=\"elementor-widget-container\">\n\t\t\t\t\t\t\t\t\t<h2>Design<\/h2>\t\t\t\t\t\t\t\t<\/div>\n\t\t\t\t<\/div>\n\t\t\t\t<div class=\"elementor-element elementor-element-7f150ef elementor-widget elementor-widget-text-editor\" data-id=\"7f150ef\" data-element_type=\"widget\" data-widget_type=\"text-editor.default\">\n\t\t\t\t<div class=\"elementor-widget-container\">\n\t\t\t\t\t\t\t\t\t<p>El departamento de Design de Costa Verde se complement\u00f3 en 2003 con el estudio londinense Studio Levien, responsable del desarrollo de los productos m\u00e1s vendidos de la empresa.<\/p><p>Studio Levien es l\u00edder en el desarrollo de art\u00edculos de la l\u00ednea dom\u00e9stica y tambi\u00e9n asesor de Costa Verde sobre las tendencias gastron\u00f3micas de todo el mundo. Esto contribuye a que el fabricante de porcelana mantenga una posici\u00f3n de l\u00edder en un mercado en constante cambio.<\/p>\t\t\t\t\t\t\t\t<\/div>\n\t\t\t\t<\/div>\n\t\t\t\t\t<\/div>\n\t\t<\/div>\n\t\t\t\t<div class=\"elementor-column elementor-col-50 elementor-top-column elementor-element elementor-element-8c6169a\" data-id=\"8c6169a\" data-element_type=\"column\" data-settings=\"{&quot;background_background&quot;:&quot;classic&quot;}\">\n\t\t\t<div class=\"elementor-widget-wrap elementor-element-populated\">\n\t\t\t\t\t<div class=\"elementor-background-overlay\"><\/div>\n\t\t\t\t\t\t<div class=\"elementor-element elementor-element-9a5676c elementor-hidden-desktop elementor-widget elementor-widget-image\" data-id=\"9a5676c\" data-element_type=\"widget\" data-settings=\"{&quot;_animation&quot;:&quot;none&quot;}\" data-widget_type=\"image.default\">\n\t\t\t\t<div class=\"elementor-widget-container\">\n\t\t\t\t\t\t\t\t\t\t\t\t\t\t\t<img fetchpriority=\"high\" decoding=\"async\" width=\"1024\" height=\"549\" src=\"https:\/\/pro.costa-verde.com\/wp-content\/uploads\/2018\/07\/costa-verde_04.07.2018-1024x549.jpg\" class=\"attachment-large size-large wp-image-12436\" alt=\"O departamento de Design da Costa Verde foi complementado em 2003 pelo atelier londrino Studio Levien. Conhe\u00e7a as nossas cole\u00e7\u00f5es!\" srcset=\"https:\/\/pro.costa-verde.com\/wp-content\/uploads\/2018\/07\/costa-verde_04.07.2018-1024x549.jpg 1024w, https:\/\/pro.costa-verde.com\/wp-content\/uploads\/2018\/07\/costa-verde_04.07.2018-300x161.jpg 300w, https:\/\/pro.costa-verde.com\/wp-content\/uploads\/2018\/07\/costa-verde_04.07.2018-768x411.jpg 768w, https:\/\/pro.costa-verde.com\/wp-content\/uploads\/2018\/07\/costa-verde_04.07.2018-600x321.jpg 600w, https:\/\/pro.costa-verde.com\/wp-content\/uploads\/2018\/07\/costa-verde_04.07.2018-120x64.jpg 120w, https:\/\/pro.costa-verde.com\/wp-content\/uploads\/2018\/07\/costa-verde_04.07.2018.jpg 1120w\" sizes=\"(max-width: 1024px) 100vw, 1024px\" \/>\t\t\t\t\t\t\t\t\t\t\t\t\t\t\t<\/div>\n\t\t\t\t<\/div>\n\t\t\t\t\t<\/div>\n\t\t<\/div>\n\t\t\t\t\t<\/div>\n\t\t<\/section>\n\t\t\t\t<section class=\"elementor-section elementor-top-section elementor-element elementor-element-5f6eb1b elementor-section-boxed elementor-section-height-default elementor-section-height-default\" data-id=\"5f6eb1b\" data-element_type=\"section\">\n\t\t\t\t\t\t<div class=\"elementor-container elementor-column-gap-default\">\n\t\t\t\t\t<div class=\"elementor-column elementor-col-100 elementor-top-column elementor-element elementor-element-a0f7ec1\" data-id=\"a0f7ec1\" data-element_type=\"column\">\n\t\t\t<div class=\"elementor-widget-wrap elementor-element-populated\">\n\t\t\t\t\t\t<div class=\"elementor-element elementor-element-a9ff308 elementor-widget elementor-widget-spacer\" data-id=\"a9ff308\" data-element_type=\"widget\" data-widget_type=\"spacer.default\">\n\t\t\t\t<div class=\"elementor-widget-container\">\n\t\t\t\t\t\t\t<div class=\"elementor-spacer\">\n\t\t\t<div class=\"elementor-spacer-inner\"><\/div>\n\t\t<\/div>\n\t\t\t\t\t\t<\/div>\n\t\t\t\t<\/div>\n\t\t\t\t<div class=\"elementor-element elementor-element-4398057 elementor-widget elementor-widget-template\" data-id=\"4398057\" data-element_type=\"widget\" data-widget_type=\"template.default\">\n\t\t\t\t<div class=\"elementor-widget-container\">\n\t\t\t\t\t\t\t<div class=\"elementor-template\">\n\t\t\t\t\t<div data-elementor-type=\"section\" data-elementor-id=\"19351\" class=\"elementor elementor-19351 elementor-8758\" data-elementor-post-type=\"elementor_library\">\n\t\t\t\t\t<section class=\"elementor-section elementor-top-section elementor-element elementor-element-2673ad6c elementor-section-boxed elementor-section-height-default elementor-section-height-default\" data-id=\"2673ad6c\" data-element_type=\"section\">\n\t\t\t\t\t\t<div class=\"elementor-container elementor-column-gap-no\">\n\t\t\t\t\t<div class=\"elementor-column elementor-col-100 elementor-top-column elementor-element elementor-element-4043270d\" data-id=\"4043270d\" data-element_type=\"column\">\n\t\t\t<div class=\"elementor-widget-wrap elementor-element-populated\">\n\t\t\t\t\t\t<section class=\"elementor-section elementor-inner-section elementor-element elementor-element-2828a636 elementor-section-boxed elementor-section-height-default elementor-section-height-default\" data-id=\"2828a636\" data-element_type=\"section\">\n\t\t\t\t\t\t<div class=\"elementor-container elementor-column-gap-default\">\n\t\t\t\t\t<div class=\"elementor-column elementor-col-33 elementor-inner-column elementor-element elementor-element-280ac4e9\" data-id=\"280ac4e9\" data-element_type=\"column\">\n\t\t\t<div class=\"elementor-widget-wrap elementor-element-populated\">\n\t\t\t\t\t\t<div class=\"elementor-element elementor-element-13d67af5 elementor-cta--skin-cover lust elementor-widget elementor-widget-call-to-action\" data-id=\"13d67af5\" data-element_type=\"widget\" data-widget_type=\"call-to-action.default\">\n\t\t\t\t<div class=\"elementor-widget-container\">\n\t\t\t\t\t\t\t<a class=\"elementor-cta\" href=\"https:\/\/pro.costa-verde.com\/es\/sostenibilidad\/calidad\/\">\n\t\t\t\t\t<div class=\"elementor-cta__bg-wrapper\">\n\t\t\t\t<div class=\"elementor-cta__bg elementor-bg\" style=\"background-image: url(https:\/\/pro.costa-verde.com\/wp-content\/uploads\/2020\/10\/close-up-carrinho-pratos-1024x682.jpg);\" role=\"img\" aria-label=\"close-up-carrinho-pratos\"><\/div>\n\t\t\t\t<div class=\"elementor-cta__bg-overlay\"><\/div>\n\t\t\t<\/div>\n\t\t\t\t\t\t\t<div class=\"elementor-cta__content\">\n\t\t\t\t\n\t\t\t\t\t\t\t\t\t<h2 class=\"elementor-cta__title elementor-cta__content-item elementor-content-item\">\n\t\t\t\t\t\tCalidad\t\t\t\t\t<\/h2>\n\t\t\t\t\n\t\t\t\t\n\t\t\t\t\t\t\t<\/div>\n\t\t\t\t\t\t<\/a>\n\t\t\t\t\t\t<\/div>\n\t\t\t\t<\/div>\n\t\t\t\t\t<\/div>\n\t\t<\/div>\n\t\t\t\t<div class=\"elementor-column elementor-col-33 elementor-inner-column elementor-element elementor-element-7442bbd9\" data-id=\"7442bbd9\" data-element_type=\"column\">\n\t\t\t<div class=\"elementor-widget-wrap elementor-element-populated\">\n\t\t\t\t\t\t<div class=\"elementor-element elementor-element-18c351a elementor-cta--skin-cover lust elementor-widget elementor-widget-call-to-action\" data-id=\"18c351a\" data-element_type=\"widget\" data-widget_type=\"call-to-action.default\">\n\t\t\t\t<div class=\"elementor-widget-container\">\n\t\t\t\t\t\t\t<a class=\"elementor-cta\" href=\"https:\/\/pro.costa-verde.com\/es\/sostenibilidad\/ambiente\/\">\n\t\t\t\t\t<div class=\"elementor-cta__bg-wrapper\">\n\t\t\t\t<div class=\"elementor-cta__bg elementor-bg\" style=\"background-image: url(https:\/\/pro.costa-verde.com\/wp-content\/uploads\/2020\/11\/ambiente-planeta-1024x1024.jpg);\" role=\"img\" aria-label=\"empresas de porcelana com certifica\u00e7\u00e3o ambiental, porcelanas da costa verde, empresa certificada ISO 14001, certifica\u00e7\u00e3o ambiental, sistema de gest\u00e3o ambiental\"><\/div>\n\t\t\t\t<div class=\"elementor-cta__bg-overlay\"><\/div>\n\t\t\t<\/div>\n\t\t\t\t\t\t\t<div class=\"elementor-cta__content\">\n\t\t\t\t\n\t\t\t\t\t\t\t\t\t<h2 class=\"elementor-cta__title elementor-cta__content-item elementor-content-item\">\n\t\t\t\t\t\tAmbiente\t\t\t\t\t<\/h2>\n\t\t\t\t\n\t\t\t\t\n\t\t\t\t\t\t\t<\/div>\n\t\t\t\t\t\t<\/a>\n\t\t\t\t\t\t<\/div>\n\t\t\t\t<\/div>\n\t\t\t\t\t<\/div>\n\t\t<\/div>\n\t\t\t\t<div class=\"elementor-column elementor-col-33 elementor-inner-column elementor-element elementor-element-15b9a536\" data-id=\"15b9a536\" data-element_type=\"column\">\n\t\t\t<div class=\"elementor-widget-wrap elementor-element-populated\">\n\t\t\t\t\t\t<div class=\"elementor-element elementor-element-48a7cfc7 elementor-cta--skin-cover lust elementor-widget elementor-widget-call-to-action\" data-id=\"48a7cfc7\" data-element_type=\"widget\" data-widget_type=\"call-to-action.default\">\n\t\t\t\t<div class=\"elementor-widget-container\">\n\t\t\t\t\t\t\t<a class=\"elementor-cta\" href=\"https:\/\/pro.costa-verde.com\/es\/sostenibilidad\/higiene-y-seguridad\/\">\n\t\t\t\t\t<div class=\"elementor-cta__bg-wrapper\">\n\t\t\t\t<div class=\"elementor-cta__bg elementor-bg\" style=\"background-image: url(https:\/\/pro.costa-verde.com\/wp-content\/uploads\/2020\/10\/colaboradora-qualidade-prato-fabrica-costa-verde-1024x682.jpg);\" role=\"img\" aria-label=\"A sa\u00fade e seguran\u00e7a dos trabalhadores \u00e9 para n\u00f3s mais do que um imperativo legal, por isso temos uma abordagem preventiva. Saiba mais aqui!, Sa\u00fade, higiene e seguran\u00e7a nas empresas, empresas com boas pr\u00e1ticas de higiene e seguran\u00e7a\"><\/div>\n\t\t\t\t<div class=\"elementor-cta__bg-overlay\"><\/div>\n\t\t\t<\/div>\n\t\t\t\t\t\t\t<div class=\"elementor-cta__content\">\n\t\t\t\t\n\t\t\t\t\t\t\t\t\t<h2 class=\"elementor-cta__title elementor-cta__content-item elementor-content-item\">\n\t\t\t\t\t\tHigiene y Seguridad\t\t\t\t\t<\/h2>\n\t\t\t\t\n\t\t\t\t\n\t\t\t\t\t\t\t<\/div>\n\t\t\t\t\t\t<\/a>\n\t\t\t\t\t\t<\/div>\n\t\t\t\t<\/div>\n\t\t\t\t\t<\/div>\n\t\t<\/div>\n\t\t\t\t\t<\/div>\n\t\t<\/section>\n\t\t\t\t<section class=\"elementor-section elementor-inner-section elementor-element elementor-element-3912a8bc elementor-section-boxed elementor-section-height-default elementor-section-height-default\" data-id=\"3912a8bc\" data-element_type=\"section\">\n\t\t\t\t\t\t<div class=\"elementor-container elementor-column-gap-default\">\n\t\t\t\t\t<div class=\"elementor-column elementor-col-33 elementor-inner-column elementor-element elementor-element-443e956b\" data-id=\"443e956b\" data-element_type=\"column\">\n\t\t\t<div class=\"elementor-widget-wrap elementor-element-populated\">\n\t\t\t\t\t\t<div class=\"elementor-element elementor-element-4242879e elementor-cta--skin-cover lust elementor-widget elementor-widget-call-to-action\" data-id=\"4242879e\" data-element_type=\"widget\" data-widget_type=\"call-to-action.default\">\n\t\t\t\t<div class=\"elementor-widget-container\">\n\t\t\t\t\t\t\t<a class=\"elementor-cta\" href=\"https:\/\/pro.costa-verde.com\/es\/sostenibilidad\/energia\/\">\n\t\t\t\t\t<div class=\"elementor-cta__bg-wrapper\">\n\t\t\t\t<div class=\"elementor-cta__bg elementor-bg\" style=\"background-image: url(https:\/\/pro.costa-verde.com\/wp-content\/uploads\/2020\/11\/energia-paineis-fotovoltaicos-844x1024.jpg);\" role=\"img\" aria-label=\"A Costa Verde tem um sistema de gest\u00e3o de energia (certifica\u00e7\u00e3o ISO 50001). Assim reduzimos o consumo energ\u00e9tico e a pegada ambiental. empresas certificadas ISO 50001, empresas cer\u00e2mica com certifica\u00e7\u00e3o energ\u00e9tica, empresas com certifica\u00e7\u00e3o energ\u00e9tica, empresas sustent\u00e1veis\"><\/div>\n\t\t\t\t<div class=\"elementor-cta__bg-overlay\"><\/div>\n\t\t\t<\/div>\n\t\t\t\t\t\t\t<div class=\"elementor-cta__content\">\n\t\t\t\t\n\t\t\t\t\t\t\t\t\t<h2 class=\"elementor-cta__title elementor-cta__content-item elementor-content-item\">\n\t\t\t\t\t\tEnerg\u00eda\t\t\t\t\t<\/h2>\n\t\t\t\t\n\t\t\t\t\n\t\t\t\t\t\t\t<\/div>\n\t\t\t\t\t\t<\/a>\n\t\t\t\t\t\t<\/div>\n\t\t\t\t<\/div>\n\t\t\t\t\t<\/div>\n\t\t<\/div>\n\t\t\t\t<div class=\"elementor-column elementor-col-33 elementor-inner-column elementor-element elementor-element-5b72a98d\" data-id=\"5b72a98d\" data-element_type=\"column\">\n\t\t\t<div class=\"elementor-widget-wrap elementor-element-populated\">\n\t\t\t\t\t\t<div class=\"elementor-element elementor-element-41c2ab14 elementor-cta--skin-cover lust elementor-widget elementor-widget-call-to-action\" data-id=\"41c2ab14\" data-element_type=\"widget\" data-widget_type=\"call-to-action.default\">\n\t\t\t\t<div class=\"elementor-widget-container\">\n\t\t\t\t\t\t\t<a class=\"elementor-cta\" href=\"https:\/\/pro.costa-verde.com\/es\/sostenibilidad\/responsabilidad-social\/\">\n\t\t\t\t\t<div class=\"elementor-cta__bg-wrapper\">\n\t\t\t\t<div class=\"elementor-cta__bg elementor-bg\" style=\"background-image: url(https:\/\/pro.costa-verde.com\/wp-content\/uploads\/2020\/10\/colaboradores-trabalham-fabrica-costa-verde.jpg);\" role=\"img\" aria-label=\"colaboradores-trabalham-fabrica-costa-verde\"><\/div>\n\t\t\t\t<div class=\"elementor-cta__bg-overlay\"><\/div>\n\t\t\t<\/div>\n\t\t\t\t\t\t\t<div class=\"elementor-cta__content\">\n\t\t\t\t\n\t\t\t\t\t\t\t\t\t<h2 class=\"elementor-cta__title elementor-cta__content-item elementor-content-item\">\n\t\t\t\t\t\tResponsabilidad Social\t\t\t\t\t<\/h2>\n\t\t\t\t\n\t\t\t\t\n\t\t\t\t\t\t\t<\/div>\n\t\t\t\t\t\t<\/a>\n\t\t\t\t\t\t<\/div>\n\t\t\t\t<\/div>\n\t\t\t\t\t<\/div>\n\t\t<\/div>\n\t\t\t\t<div class=\"elementor-column elementor-col-33 elementor-inner-column elementor-element elementor-element-99e0ceb\" data-id=\"99e0ceb\" data-element_type=\"column\">\n\t\t\t<div class=\"elementor-widget-wrap elementor-element-populated\">\n\t\t\t\t\t\t<div class=\"elementor-element elementor-element-742379e elementor-cta--skin-cover lust elementor-widget elementor-widget-call-to-action\" data-id=\"742379e\" data-element_type=\"widget\" data-widget_type=\"call-to-action.default\">\n\t\t\t\t<div class=\"elementor-widget-container\">\n\t\t\t\t\t\t\t<a class=\"elementor-cta\" href=\"https:\/\/pro.costa-verde.com\/es\/sostenibilidad\/formacion\/\">\n\t\t\t\t\t<div class=\"elementor-cta__bg-wrapper\">\n\t\t\t\t<div class=\"elementor-cta__bg elementor-bg\" style=\"background-image: url(https:\/\/pro.costa-verde.com\/wp-content\/uploads\/2020\/10\/pormenor-decalce-prato-opera-1024x682.jpg);\" role=\"img\" aria-label=\"forma\u00e7\u00e3o, Apostamos permanente na forma\u00e7\u00e3o e atualiza\u00e7\u00e3o dos processos, o que resulta em recursos humanos altamente qualificados. Saiba mais aqui! Empresas com forma\u00e7\u00e3o cont\u00ednua, forma\u00e7\u00e3o dos recursos humanos\"><\/div>\n\t\t\t\t<div class=\"elementor-cta__bg-overlay\"><\/div>\n\t\t\t<\/div>\n\t\t\t\t\t\t\t<div class=\"elementor-cta__content\">\n\t\t\t\t\n\t\t\t\t\t\t\t\t\t<h2 class=\"elementor-cta__title elementor-cta__content-item elementor-content-item\">\n\t\t\t\t\t\tFormaci\u00f3n\t\t\t\t\t<\/h2>\n\t\t\t\t\n\t\t\t\t\n\t\t\t\t\t\t\t<\/div>\n\t\t\t\t\t\t<\/a>\n\t\t\t\t\t\t<\/div>\n\t\t\t\t<\/div>\n\t\t\t\t\t<\/div>\n\t\t<\/div>\n\t\t\t\t\t<\/div>\n\t\t<\/section>\n\t\t\t\t<section class=\"elementor-section elementor-inner-section elementor-element elementor-element-689fab05 elementor-section-boxed elementor-section-height-default elementor-section-height-default\" data-id=\"689fab05\" data-element_type=\"section\">\n\t\t\t\t\t\t<div class=\"elementor-container elementor-column-gap-default\">\n\t\t\t\t\t<div class=\"elementor-column elementor-col-33 elementor-inner-column elementor-element elementor-element-3fddc285\" data-id=\"3fddc285\" data-element_type=\"column\">\n\t\t\t<div class=\"elementor-widget-wrap\">\n\t\t\t\t\t\t\t<\/div>\n\t\t<\/div>\n\t\t\t\t<div class=\"elementor-column elementor-col-33 elementor-inner-column elementor-element elementor-element-be8bede\" data-id=\"be8bede\" data-element_type=\"column\">\n\t\t\t<div class=\"elementor-widget-wrap\">\n\t\t\t\t\t\t\t<\/div>\n\t\t<\/div>\n\t\t\t\t<div class=\"elementor-column elementor-col-33 elementor-inner-column elementor-element elementor-element-8a55d98\" data-id=\"8a55d98\" data-element_type=\"column\">\n\t\t\t<div class=\"elementor-widget-wrap\">\n\t\t\t\t\t\t\t<\/div>\n\t\t<\/div>\n\t\t\t\t\t<\/div>\n\t\t<\/section>\n\t\t\t\t\t<\/div>\n\t\t<\/div>\n\t\t\t\t\t<\/div>\n\t\t<\/section>\n\t\t\t\t<\/div>\n\t\t\t\t<\/div>\n\t\t\t\t\t\t<\/div>\n\t\t\t\t<\/div>\n\t\t\t\t\t<\/div>\n\t\t<\/div>\n\t\t\t\t\t<\/div>\n\t\t<\/section>\n\t\t\t\t<\/div>\n\t\t","protected":false},"excerpt":{"rendered":"<p>Design El departamento de Design de Costa Verde se complement\u00f3 en 2003 con el estudio londinense Studio Levien, responsable del desarrollo de los productos m\u00e1s vendidos de la empresa. Studio Levien es l\u00edder en el desarrollo de art\u00edculos de la l\u00ednea dom\u00e9stica y tambi\u00e9n asesor de Costa Verde sobre las tendencias gastron\u00f3micas de todo el [&hellip;]<\/p>\n","protected":false},"author":3,"featured_media":12436,"parent":19278,"menu_order":0,"comment_status":"closed","ping_status":"closed","template":"","meta":{"footnotes":""},"class_list":["post-19303","page","type-page","status-publish","has-post-thumbnail","hentry"],"yoast_head":"<!-- This site is optimized with the Yoast SEO plugin v26.9 - https:\/\/yoast.com\/product\/yoast-seo-wordpress\/ -->\n<title>Design - Costa Verde<\/title>\n<meta name=\"description\" content=\"El departamento de Dise\u00f1o de Costa Verde fue complementado en 2003 por el estudio londinense Studio Levien. \u00a1Descubre nuestras colecciones!\" \/>\n<meta name=\"robots\" content=\"index, follow, max-snippet:-1, max-image-preview:large, max-video-preview:-1\" \/>\n<link rel=\"canonical\" href=\"https:\/\/pro.costa-verde.com\/sustentabilidade\/design\/\" \/>\n<meta property=\"og:locale\" content=\"es_ES\" \/>\n<meta property=\"og:type\" content=\"article\" \/>\n<meta property=\"og:title\" content=\"Design - Costa Verde\" \/>\n<meta property=\"og:description\" content=\"El departamento de Dise\u00f1o de Costa Verde fue complementado en 2003 por el estudio londinense Studio Levien. \u00a1Descubre nuestras colecciones!\" \/>\n<meta property=\"og:url\" content=\"https:\/\/pro.costa-verde.com\/sustentabilidade\/design\/\" \/>\n<meta property=\"og:site_name\" content=\"Costa Verde\" \/>\n<meta property=\"article:publisher\" content=\"https:\/\/www.facebook.com\/costaverdeporcelanas\/\" \/>\n<meta property=\"article:modified_time\" content=\"2021-05-04T15:22:53+00:00\" \/>\n<meta property=\"og:image\" content=\"https:\/\/pro.costa-verde.com\/wp-content\/uploads\/2018\/07\/costa-verde_04.07.2018.jpg\" \/>\n\t<meta property=\"og:image:width\" content=\"1120\" \/>\n\t<meta property=\"og:image:height\" content=\"600\" \/>\n\t<meta property=\"og:image:type\" content=\"image\/jpeg\" \/>\n<meta name=\"twitter:card\" content=\"summary_large_image\" \/>\n<script type=\"application\/ld+json\" class=\"yoast-schema-graph\">{\"@context\":\"https:\/\/schema.org\",\"@graph\":[{\"@type\":\"WebPage\",\"@id\":\"https:\/\/pro.costa-verde.com\/sustentabilidade\/design\/\",\"url\":\"https:\/\/pro.costa-verde.com\/sustentabilidade\/design\/\",\"name\":\"Design - Costa Verde\",\"isPartOf\":{\"@id\":\"https:\/\/pro.costa-verde.com\/#website\"},\"primaryImageOfPage\":{\"@id\":\"https:\/\/pro.costa-verde.com\/sustentabilidade\/design\/#primaryimage\"},\"image\":{\"@id\":\"https:\/\/pro.costa-verde.com\/sustentabilidade\/design\/#primaryimage\"},\"thumbnailUrl\":\"https:\/\/pro.costa-verde.com\/wp-content\/uploads\/2018\/07\/costa-verde_04.07.2018.jpg\",\"datePublished\":\"2021-01-25T14:13:44+00:00\",\"dateModified\":\"2021-05-04T15:22:53+00:00\",\"description\":\"El departamento de Dise\u00f1o de Costa Verde fue complementado en 2003 por el estudio londinense Studio Levien. \u00a1Descubre nuestras colecciones!\",\"breadcrumb\":{\"@id\":\"https:\/\/pro.costa-verde.com\/sustentabilidade\/design\/#breadcrumb\"},\"inLanguage\":\"es\",\"potentialAction\":[{\"@type\":\"ReadAction\",\"target\":[\"https:\/\/pro.costa-verde.com\/sustentabilidade\/design\/\"]}]},{\"@type\":\"ImageObject\",\"inLanguage\":\"es\",\"@id\":\"https:\/\/pro.costa-verde.com\/sustentabilidade\/design\/#primaryimage\",\"url\":\"https:\/\/pro.costa-verde.com\/wp-content\/uploads\/2018\/07\/costa-verde_04.07.2018.jpg\",\"contentUrl\":\"https:\/\/pro.costa-verde.com\/wp-content\/uploads\/2018\/07\/costa-verde_04.07.2018.jpg\",\"width\":1120,\"height\":600,\"caption\":\"O departamento de Design da Costa Verde foi complementado em 2003 pelo atelier londrino Studio Levien. Conhe\u00e7a as nossas cole\u00e7\u00f5es!\"},{\"@type\":\"BreadcrumbList\",\"@id\":\"https:\/\/pro.costa-verde.com\/sustentabilidade\/design\/#breadcrumb\",\"itemListElement\":[{\"@type\":\"ListItem\",\"position\":1,\"name\":\"In\u00edcio\",\"item\":\"https:\/\/pro.costa-verde.com\/es\/\"},{\"@type\":\"ListItem\",\"position\":2,\"name\":\"Sostenibilidad\",\"item\":\"https:\/\/pro.costa-verde.com\/sustentabilidade\/\"},{\"@type\":\"ListItem\",\"position\":3,\"name\":\"Design\"}]},{\"@type\":\"WebSite\",\"@id\":\"https:\/\/pro.costa-verde.com\/#website\",\"url\":\"https:\/\/pro.costa-verde.com\/\",\"name\":\"Costa Verde\",\"description\":\"Loja Online\",\"potentialAction\":[{\"@type\":\"SearchAction\",\"target\":{\"@type\":\"EntryPoint\",\"urlTemplate\":\"https:\/\/pro.costa-verde.com\/?s={search_term_string}\"},\"query-input\":{\"@type\":\"PropertyValueSpecification\",\"valueRequired\":true,\"valueName\":\"search_term_string\"}}],\"inLanguage\":\"es\"}]}<\/script>\n<!-- \/ Yoast SEO plugin. -->","yoast_head_json":{"title":"Design - Costa Verde","description":"El departamento de Dise\u00f1o de Costa Verde fue complementado en 2003 por el estudio londinense Studio Levien. \u00a1Descubre nuestras colecciones!","robots":{"index":"index","follow":"follow","max-snippet":"max-snippet:-1","max-image-preview":"max-image-preview:large","max-video-preview":"max-video-preview:-1"},"canonical":"https:\/\/pro.costa-verde.com\/sustentabilidade\/design\/","og_locale":"es_ES","og_type":"article","og_title":"Design - Costa Verde","og_description":"El departamento de Dise\u00f1o de Costa Verde fue complementado en 2003 por el estudio londinense Studio Levien. \u00a1Descubre nuestras colecciones!","og_url":"https:\/\/pro.costa-verde.com\/sustentabilidade\/design\/","og_site_name":"Costa Verde","article_publisher":"https:\/\/www.facebook.com\/costaverdeporcelanas\/","article_modified_time":"2021-05-04T15:22:53+00:00","og_image":[{"width":1120,"height":600,"url":"https:\/\/pro.costa-verde.com\/wp-content\/uploads\/2018\/07\/costa-verde_04.07.2018.jpg","type":"image\/jpeg"}],"twitter_card":"summary_large_image","schema":{"@context":"https:\/\/schema.org","@graph":[{"@type":"WebPage","@id":"https:\/\/pro.costa-verde.com\/sustentabilidade\/design\/","url":"https:\/\/pro.costa-verde.com\/sustentabilidade\/design\/","name":"Design - Costa Verde","isPartOf":{"@id":"https:\/\/pro.costa-verde.com\/#website"},"primaryImageOfPage":{"@id":"https:\/\/pro.costa-verde.com\/sustentabilidade\/design\/#primaryimage"},"image":{"@id":"https:\/\/pro.costa-verde.com\/sustentabilidade\/design\/#primaryimage"},"thumbnailUrl":"https:\/\/pro.costa-verde.com\/wp-content\/uploads\/2018\/07\/costa-verde_04.07.2018.jpg","datePublished":"2021-01-25T14:13:44+00:00","dateModified":"2021-05-04T15:22:53+00:00","description":"El departamento de Dise\u00f1o de Costa Verde fue complementado en 2003 por el estudio londinense Studio Levien. \u00a1Descubre nuestras colecciones!","breadcrumb":{"@id":"https:\/\/pro.costa-verde.com\/sustentabilidade\/design\/#breadcrumb"},"inLanguage":"es","potentialAction":[{"@type":"ReadAction","target":["https:\/\/pro.costa-verde.com\/sustentabilidade\/design\/"]}]},{"@type":"ImageObject","inLanguage":"es","@id":"https:\/\/pro.costa-verde.com\/sustentabilidade\/design\/#primaryimage","url":"https:\/\/pro.costa-verde.com\/wp-content\/uploads\/2018\/07\/costa-verde_04.07.2018.jpg","contentUrl":"https:\/\/pro.costa-verde.com\/wp-content\/uploads\/2018\/07\/costa-verde_04.07.2018.jpg","width":1120,"height":600,"caption":"O departamento de Design da Costa Verde foi complementado em 2003 pelo atelier londrino Studio Levien. Conhe\u00e7a as nossas cole\u00e7\u00f5es!"},{"@type":"BreadcrumbList","@id":"https:\/\/pro.costa-verde.com\/sustentabilidade\/design\/#breadcrumb","itemListElement":[{"@type":"ListItem","position":1,"name":"In\u00edcio","item":"https:\/\/pro.costa-verde.com\/es\/"},{"@type":"ListItem","position":2,"name":"Sostenibilidad","item":"https:\/\/pro.costa-verde.com\/sustentabilidade\/"},{"@type":"ListItem","position":3,"name":"Design"}]},{"@type":"WebSite","@id":"https:\/\/pro.costa-verde.com\/#website","url":"https:\/\/pro.costa-verde.com\/","name":"Costa Verde","description":"Loja Online","potentialAction":[{"@type":"SearchAction","target":{"@type":"EntryPoint","urlTemplate":"https:\/\/pro.costa-verde.com\/?s={search_term_string}"},"query-input":{"@type":"PropertyValueSpecification","valueRequired":true,"valueName":"search_term_string"}}],"inLanguage":"es"}]}},"_links":{"self":[{"href":"https:\/\/pro.costa-verde.com\/es\/wp-json\/wp\/v2\/pages\/19303","targetHints":{"allow":["GET"]}}],"collection":[{"href":"https:\/\/pro.costa-verde.com\/es\/wp-json\/wp\/v2\/pages"}],"about":[{"href":"https:\/\/pro.costa-verde.com\/es\/wp-json\/wp\/v2\/types\/page"}],"author":[{"embeddable":true,"href":"https:\/\/pro.costa-verde.com\/es\/wp-json\/wp\/v2\/users\/3"}],"replies":[{"embeddable":true,"href":"https:\/\/pro.costa-verde.com\/es\/wp-json\/wp\/v2\/comments?post=19303"}],"version-history":[{"count":5,"href":"https:\/\/pro.costa-verde.com\/es\/wp-json\/wp\/v2\/pages\/19303\/revisions"}],"predecessor-version":[{"id":27208,"href":"https:\/\/pro.costa-verde.com\/es\/wp-json\/wp\/v2\/pages\/19303\/revisions\/27208"}],"up":[{"embeddable":true,"href":"https:\/\/pro.costa-verde.com\/es\/wp-json\/wp\/v2\/pages\/19278"}],"wp:featuredmedia":[{"embeddable":true,"href":"https:\/\/pro.costa-verde.com\/es\/wp-json\/wp\/v2\/media\/12436"}],"wp:attachment":[{"href":"https:\/\/pro.costa-verde.com\/es\/wp-json\/wp\/v2\/media?parent=19303"}],"curies":[{"name":"wp","href":"https:\/\/api.w.org\/{rel}","templated":true}]}}