{"id":19278,"date":"2021-01-25T14:08:17","date_gmt":"2021-01-25T14:08:17","guid":{"rendered":"https:\/\/pro.costa-verde.com\/?page_id=19278"},"modified":"2023-09-18T17:43:14","modified_gmt":"2023-09-18T16:43:14","slug":"sostenibilidad","status":"publish","type":"page","link":"https:\/\/pro.costa-verde.com\/es\/sostenibilidad\/","title":{"rendered":"Sostenibilidad"},"content":{"rendered":"\t\t<div data-elementor-type=\"wp-page\" data-elementor-id=\"19278\" class=\"elementor elementor-19278 elementor-8724\" data-elementor-post-type=\"page\">\n\t\t\t\t\t\t<section class=\"elementor-section elementor-top-section elementor-element elementor-element-8039b73 elementor-section-boxed elementor-section-height-default elementor-section-height-default\" data-id=\"8039b73\" data-element_type=\"section\" data-settings=\"{&quot;background_background&quot;:&quot;classic&quot;}\">\n\t\t\t\t\t\t\t<div class=\"elementor-background-overlay\"><\/div>\n\t\t\t\t\t\t\t<div class=\"elementor-container elementor-column-gap-extended\">\n\t\t\t\t\t<div class=\"elementor-column elementor-col-100 elementor-top-column elementor-element elementor-element-291a78d\" data-id=\"291a78d\" data-element_type=\"column\">\n\t\t\t<div class=\"elementor-widget-wrap elementor-element-populated\">\n\t\t\t\t\t\t<div class=\"elementor-element elementor-element-6ddcd98 lust elementor-widget elementor-widget-text-editor\" data-id=\"6ddcd98\" data-element_type=\"widget\" data-widget_type=\"text-editor.default\">\n\t\t\t\t<div class=\"elementor-widget-container\">\n\t\t\t\t\t\t\t\t\t<h1>Sostenibilidad<\/h1>\t\t\t\t\t\t\t\t<\/div>\n\t\t\t\t<\/div>\n\t\t\t\t\t<\/div>\n\t\t<\/div>\n\t\t\t\t\t<\/div>\n\t\t<\/section>\n\t\t\t\t<section class=\"elementor-section elementor-top-section elementor-element elementor-element-069f948 elementor-section-boxed elementor-section-height-default elementor-section-height-default\" data-id=\"069f948\" data-element_type=\"section\" data-settings=\"{&quot;background_background&quot;:&quot;classic&quot;}\">\n\t\t\t\t\t\t\t<div class=\"elementor-background-overlay\"><\/div>\n\t\t\t\t\t\t\t<div class=\"elementor-container elementor-column-gap-default\">\n\t\t\t\t\t<div class=\"elementor-column elementor-col-16 elementor-top-column elementor-element elementor-element-011d21d\" data-id=\"011d21d\" data-element_type=\"column\">\n\t\t\t<div class=\"elementor-widget-wrap\">\n\t\t\t\t\t\t\t<\/div>\n\t\t<\/div>\n\t\t\t\t<div class=\"elementor-column elementor-col-66 elementor-top-column elementor-element elementor-element-4341a43\" data-id=\"4341a43\" data-element_type=\"column\" data-settings=\"{&quot;background_background&quot;:&quot;classic&quot;}\">\n\t\t\t<div class=\"elementor-widget-wrap elementor-element-populated\">\n\t\t\t\t\t<div class=\"elementor-background-overlay\"><\/div>\n\t\t\t\t\t\t<div class=\"elementor-element elementor-element-67f66bd elementor-widget elementor-widget-text-editor\" data-id=\"67f66bd\" data-element_type=\"widget\" data-widget_type=\"text-editor.default\">\n\t\t\t\t<div class=\"elementor-widget-container\">\n\t\t\t\t\t\t\t\t\t<p>Costa Verde cuenta con un sistema de gesti\u00f3n integrado, CVIS &#8211; Costa Verde Integrated System, que re\u00fane varias \u00e1reas de certificaci\u00f3n:<\/p>\n<p>Calidad | Ambiente | Salud y seguridad | Energ\u00eda | Responsabilidad social | Formaci\u00f3n |&nbsp;<\/p>\n<p>Las decisiones de la empresa tienen en cuenta la comunidad en la que se inserta y el entorno en el que opera, considerando en el ejercicio de su actividad el respeto a los derechos humanos, la protecci\u00f3n del medio ambiente, el cumplimiento de las normas sociales, el respeto a los valores \u00e9ticos y la inversi\u00f3n en la valorizaci\u00f3n personal.<\/p>\t\t\t\t\t\t\t\t<\/div>\n\t\t\t\t<\/div>\n\t\t\t\t\t<\/div>\n\t\t<\/div>\n\t\t\t\t<div class=\"elementor-column elementor-col-16 elementor-top-column elementor-element elementor-element-e5af3fd\" data-id=\"e5af3fd\" data-element_type=\"column\">\n\t\t\t<div class=\"elementor-widget-wrap\">\n\t\t\t\t\t\t\t<\/div>\n\t\t<\/div>\n\t\t\t\t\t<\/div>\n\t\t<\/section>\n\t\t\t\t<section class=\"elementor-section elementor-top-section elementor-element elementor-element-a452dd5 elementor-section-boxed elementor-section-height-default elementor-section-height-default\" data-id=\"a452dd5\" data-element_type=\"section\">\n\t\t\t\t\t\t<div class=\"elementor-container elementor-column-gap-default\">\n\t\t\t\t\t<div class=\"elementor-column elementor-col-100 elementor-top-column elementor-element elementor-element-62f678b\" data-id=\"62f678b\" data-element_type=\"column\">\n\t\t\t<div class=\"elementor-widget-wrap elementor-element-populated\">\n\t\t\t\t\t\t<div class=\"elementor-element elementor-element-4a7ba54 elementor-widget elementor-widget-template\" data-id=\"4a7ba54\" data-element_type=\"widget\" data-widget_type=\"template.default\">\n\t\t\t\t<div class=\"elementor-widget-container\">\n\t\t\t\t\t\t\t<div class=\"elementor-template\">\n\t\t\t\t\t<div data-elementor-type=\"section\" data-elementor-id=\"19351\" class=\"elementor elementor-19351 elementor-8758\" data-elementor-post-type=\"elementor_library\">\n\t\t\t\t\t<section class=\"elementor-section elementor-top-section elementor-element elementor-element-2673ad6c elementor-section-boxed elementor-section-height-default elementor-section-height-default\" data-id=\"2673ad6c\" data-element_type=\"section\">\n\t\t\t\t\t\t<div class=\"elementor-container elementor-column-gap-no\">\n\t\t\t\t\t<div class=\"elementor-column elementor-col-100 elementor-top-column elementor-element elementor-element-4043270d\" data-id=\"4043270d\" data-element_type=\"column\">\n\t\t\t<div class=\"elementor-widget-wrap elementor-element-populated\">\n\t\t\t\t\t\t<section class=\"elementor-section elementor-inner-section elementor-element elementor-element-2828a636 elementor-section-boxed elementor-section-height-default elementor-section-height-default\" data-id=\"2828a636\" data-element_type=\"section\">\n\t\t\t\t\t\t<div class=\"elementor-container elementor-column-gap-default\">\n\t\t\t\t\t<div class=\"elementor-column elementor-col-33 elementor-inner-column elementor-element elementor-element-280ac4e9\" data-id=\"280ac4e9\" data-element_type=\"column\">\n\t\t\t<div class=\"elementor-widget-wrap elementor-element-populated\">\n\t\t\t\t\t\t<div class=\"elementor-element elementor-element-13d67af5 elementor-cta--skin-cover lust elementor-widget elementor-widget-call-to-action\" data-id=\"13d67af5\" data-element_type=\"widget\" data-widget_type=\"call-to-action.default\">\n\t\t\t\t<div class=\"elementor-widget-container\">\n\t\t\t\t\t\t\t<a class=\"elementor-cta\" href=\"https:\/\/pro.costa-verde.com\/es\/sostenibilidad\/calidad\/\">\n\t\t\t\t\t<div class=\"elementor-cta__bg-wrapper\">\n\t\t\t\t<div class=\"elementor-cta__bg elementor-bg\" style=\"background-image: url(https:\/\/pro.costa-verde.com\/wp-content\/uploads\/2020\/10\/close-up-carrinho-pratos-1024x682.jpg);\" role=\"img\" aria-label=\"close-up-carrinho-pratos\"><\/div>\n\t\t\t\t<div class=\"elementor-cta__bg-overlay\"><\/div>\n\t\t\t<\/div>\n\t\t\t\t\t\t\t<div class=\"elementor-cta__content\">\n\t\t\t\t\n\t\t\t\t\t\t\t\t\t<h2 class=\"elementor-cta__title elementor-cta__content-item elementor-content-item\">\n\t\t\t\t\t\tCalidad\t\t\t\t\t<\/h2>\n\t\t\t\t\n\t\t\t\t\n\t\t\t\t\t\t\t<\/div>\n\t\t\t\t\t\t<\/a>\n\t\t\t\t\t\t<\/div>\n\t\t\t\t<\/div>\n\t\t\t\t\t<\/div>\n\t\t<\/div>\n\t\t\t\t<div class=\"elementor-column elementor-col-33 elementor-inner-column elementor-element elementor-element-7442bbd9\" data-id=\"7442bbd9\" data-element_type=\"column\">\n\t\t\t<div class=\"elementor-widget-wrap elementor-element-populated\">\n\t\t\t\t\t\t<div class=\"elementor-element elementor-element-18c351a elementor-cta--skin-cover lust elementor-widget elementor-widget-call-to-action\" data-id=\"18c351a\" data-element_type=\"widget\" data-widget_type=\"call-to-action.default\">\n\t\t\t\t<div class=\"elementor-widget-container\">\n\t\t\t\t\t\t\t<a class=\"elementor-cta\" href=\"https:\/\/pro.costa-verde.com\/es\/sostenibilidad\/ambiente\/\">\n\t\t\t\t\t<div class=\"elementor-cta__bg-wrapper\">\n\t\t\t\t<div class=\"elementor-cta__bg elementor-bg\" style=\"background-image: url(https:\/\/pro.costa-verde.com\/wp-content\/uploads\/2020\/11\/ambiente-planeta-1024x1024.jpg);\" role=\"img\" aria-label=\"empresas de porcelana com certifica\u00e7\u00e3o ambiental, porcelanas da costa verde, empresa certificada ISO 14001, certifica\u00e7\u00e3o ambiental, sistema de gest\u00e3o ambiental\"><\/div>\n\t\t\t\t<div class=\"elementor-cta__bg-overlay\"><\/div>\n\t\t\t<\/div>\n\t\t\t\t\t\t\t<div class=\"elementor-cta__content\">\n\t\t\t\t\n\t\t\t\t\t\t\t\t\t<h2 class=\"elementor-cta__title elementor-cta__content-item elementor-content-item\">\n\t\t\t\t\t\tAmbiente\t\t\t\t\t<\/h2>\n\t\t\t\t\n\t\t\t\t\n\t\t\t\t\t\t\t<\/div>\n\t\t\t\t\t\t<\/a>\n\t\t\t\t\t\t<\/div>\n\t\t\t\t<\/div>\n\t\t\t\t\t<\/div>\n\t\t<\/div>\n\t\t\t\t<div class=\"elementor-column elementor-col-33 elementor-inner-column elementor-element elementor-element-15b9a536\" data-id=\"15b9a536\" data-element_type=\"column\">\n\t\t\t<div class=\"elementor-widget-wrap elementor-element-populated\">\n\t\t\t\t\t\t<div class=\"elementor-element elementor-element-48a7cfc7 elementor-cta--skin-cover lust elementor-widget elementor-widget-call-to-action\" data-id=\"48a7cfc7\" data-element_type=\"widget\" data-widget_type=\"call-to-action.default\">\n\t\t\t\t<div class=\"elementor-widget-container\">\n\t\t\t\t\t\t\t<a class=\"elementor-cta\" href=\"https:\/\/pro.costa-verde.com\/es\/sostenibilidad\/higiene-y-seguridad\/\">\n\t\t\t\t\t<div class=\"elementor-cta__bg-wrapper\">\n\t\t\t\t<div class=\"elementor-cta__bg elementor-bg\" style=\"background-image: url(https:\/\/pro.costa-verde.com\/wp-content\/uploads\/2020\/10\/colaboradora-qualidade-prato-fabrica-costa-verde-1024x682.jpg);\" role=\"img\" aria-label=\"A sa\u00fade e seguran\u00e7a dos trabalhadores \u00e9 para n\u00f3s mais do que um imperativo legal, por isso temos uma abordagem preventiva. Saiba mais aqui!, Sa\u00fade, higiene e seguran\u00e7a nas empresas, empresas com boas pr\u00e1ticas de higiene e seguran\u00e7a\"><\/div>\n\t\t\t\t<div class=\"elementor-cta__bg-overlay\"><\/div>\n\t\t\t<\/div>\n\t\t\t\t\t\t\t<div class=\"elementor-cta__content\">\n\t\t\t\t\n\t\t\t\t\t\t\t\t\t<h2 class=\"elementor-cta__title elementor-cta__content-item elementor-content-item\">\n\t\t\t\t\t\tHigiene y Seguridad\t\t\t\t\t<\/h2>\n\t\t\t\t\n\t\t\t\t\n\t\t\t\t\t\t\t<\/div>\n\t\t\t\t\t\t<\/a>\n\t\t\t\t\t\t<\/div>\n\t\t\t\t<\/div>\n\t\t\t\t\t<\/div>\n\t\t<\/div>\n\t\t\t\t\t<\/div>\n\t\t<\/section>\n\t\t\t\t<section class=\"elementor-section elementor-inner-section elementor-element elementor-element-3912a8bc elementor-section-boxed elementor-section-height-default elementor-section-height-default\" data-id=\"3912a8bc\" data-element_type=\"section\">\n\t\t\t\t\t\t<div class=\"elementor-container elementor-column-gap-default\">\n\t\t\t\t\t<div class=\"elementor-column elementor-col-33 elementor-inner-column elementor-element elementor-element-443e956b\" data-id=\"443e956b\" data-element_type=\"column\">\n\t\t\t<div class=\"elementor-widget-wrap elementor-element-populated\">\n\t\t\t\t\t\t<div class=\"elementor-element elementor-element-4242879e elementor-cta--skin-cover lust elementor-widget elementor-widget-call-to-action\" data-id=\"4242879e\" data-element_type=\"widget\" data-widget_type=\"call-to-action.default\">\n\t\t\t\t<div class=\"elementor-widget-container\">\n\t\t\t\t\t\t\t<a class=\"elementor-cta\" href=\"https:\/\/pro.costa-verde.com\/es\/sostenibilidad\/energia\/\">\n\t\t\t\t\t<div class=\"elementor-cta__bg-wrapper\">\n\t\t\t\t<div class=\"elementor-cta__bg elementor-bg\" style=\"background-image: url(https:\/\/pro.costa-verde.com\/wp-content\/uploads\/2020\/11\/energia-paineis-fotovoltaicos-844x1024.jpg);\" role=\"img\" aria-label=\"A Costa Verde tem um sistema de gest\u00e3o de energia (certifica\u00e7\u00e3o ISO 50001). Assim reduzimos o consumo energ\u00e9tico e a pegada ambiental. empresas certificadas ISO 50001, empresas cer\u00e2mica com certifica\u00e7\u00e3o energ\u00e9tica, empresas com certifica\u00e7\u00e3o energ\u00e9tica, empresas sustent\u00e1veis\"><\/div>\n\t\t\t\t<div class=\"elementor-cta__bg-overlay\"><\/div>\n\t\t\t<\/div>\n\t\t\t\t\t\t\t<div class=\"elementor-cta__content\">\n\t\t\t\t\n\t\t\t\t\t\t\t\t\t<h2 class=\"elementor-cta__title elementor-cta__content-item elementor-content-item\">\n\t\t\t\t\t\tEnerg\u00eda\t\t\t\t\t<\/h2>\n\t\t\t\t\n\t\t\t\t\n\t\t\t\t\t\t\t<\/div>\n\t\t\t\t\t\t<\/a>\n\t\t\t\t\t\t<\/div>\n\t\t\t\t<\/div>\n\t\t\t\t\t<\/div>\n\t\t<\/div>\n\t\t\t\t<div class=\"elementor-column elementor-col-33 elementor-inner-column elementor-element elementor-element-5b72a98d\" data-id=\"5b72a98d\" data-element_type=\"column\">\n\t\t\t<div class=\"elementor-widget-wrap elementor-element-populated\">\n\t\t\t\t\t\t<div class=\"elementor-element elementor-element-41c2ab14 elementor-cta--skin-cover lust elementor-widget elementor-widget-call-to-action\" data-id=\"41c2ab14\" data-element_type=\"widget\" data-widget_type=\"call-to-action.default\">\n\t\t\t\t<div class=\"elementor-widget-container\">\n\t\t\t\t\t\t\t<a class=\"elementor-cta\" href=\"https:\/\/pro.costa-verde.com\/es\/sostenibilidad\/responsabilidad-social\/\">\n\t\t\t\t\t<div class=\"elementor-cta__bg-wrapper\">\n\t\t\t\t<div class=\"elementor-cta__bg elementor-bg\" style=\"background-image: url(https:\/\/pro.costa-verde.com\/wp-content\/uploads\/2020\/10\/colaboradores-trabalham-fabrica-costa-verde.jpg);\" role=\"img\" aria-label=\"colaboradores-trabalham-fabrica-costa-verde\"><\/div>\n\t\t\t\t<div class=\"elementor-cta__bg-overlay\"><\/div>\n\t\t\t<\/div>\n\t\t\t\t\t\t\t<div class=\"elementor-cta__content\">\n\t\t\t\t\n\t\t\t\t\t\t\t\t\t<h2 class=\"elementor-cta__title elementor-cta__content-item elementor-content-item\">\n\t\t\t\t\t\tResponsabilidad Social\t\t\t\t\t<\/h2>\n\t\t\t\t\n\t\t\t\t\n\t\t\t\t\t\t\t<\/div>\n\t\t\t\t\t\t<\/a>\n\t\t\t\t\t\t<\/div>\n\t\t\t\t<\/div>\n\t\t\t\t\t<\/div>\n\t\t<\/div>\n\t\t\t\t<div class=\"elementor-column elementor-col-33 elementor-inner-column elementor-element elementor-element-99e0ceb\" data-id=\"99e0ceb\" data-element_type=\"column\">\n\t\t\t<div class=\"elementor-widget-wrap elementor-element-populated\">\n\t\t\t\t\t\t<div class=\"elementor-element elementor-element-742379e elementor-cta--skin-cover lust elementor-widget elementor-widget-call-to-action\" data-id=\"742379e\" data-element_type=\"widget\" data-widget_type=\"call-to-action.default\">\n\t\t\t\t<div class=\"elementor-widget-container\">\n\t\t\t\t\t\t\t<a class=\"elementor-cta\" href=\"https:\/\/pro.costa-verde.com\/es\/sostenibilidad\/formacion\/\">\n\t\t\t\t\t<div class=\"elementor-cta__bg-wrapper\">\n\t\t\t\t<div class=\"elementor-cta__bg elementor-bg\" style=\"background-image: url(https:\/\/pro.costa-verde.com\/wp-content\/uploads\/2020\/10\/pormenor-decalce-prato-opera-1024x682.jpg);\" role=\"img\" aria-label=\"forma\u00e7\u00e3o, Apostamos permanente na forma\u00e7\u00e3o e atualiza\u00e7\u00e3o dos processos, o que resulta em recursos humanos altamente qualificados. Saiba mais aqui! Empresas com forma\u00e7\u00e3o cont\u00ednua, forma\u00e7\u00e3o dos recursos humanos\"><\/div>\n\t\t\t\t<div class=\"elementor-cta__bg-overlay\"><\/div>\n\t\t\t<\/div>\n\t\t\t\t\t\t\t<div class=\"elementor-cta__content\">\n\t\t\t\t\n\t\t\t\t\t\t\t\t\t<h2 class=\"elementor-cta__title elementor-cta__content-item elementor-content-item\">\n\t\t\t\t\t\tFormaci\u00f3n\t\t\t\t\t<\/h2>\n\t\t\t\t\n\t\t\t\t\n\t\t\t\t\t\t\t<\/div>\n\t\t\t\t\t\t<\/a>\n\t\t\t\t\t\t<\/div>\n\t\t\t\t<\/div>\n\t\t\t\t\t<\/div>\n\t\t<\/div>\n\t\t\t\t\t<\/div>\n\t\t<\/section>\n\t\t\t\t<section class=\"elementor-section elementor-inner-section elementor-element elementor-element-689fab05 elementor-section-boxed elementor-section-height-default elementor-section-height-default\" data-id=\"689fab05\" data-element_type=\"section\">\n\t\t\t\t\t\t<div class=\"elementor-container elementor-column-gap-default\">\n\t\t\t\t\t<div class=\"elementor-column elementor-col-33 elementor-inner-column elementor-element elementor-element-3fddc285\" data-id=\"3fddc285\" data-element_type=\"column\">\n\t\t\t<div class=\"elementor-widget-wrap\">\n\t\t\t\t\t\t\t<\/div>\n\t\t<\/div>\n\t\t\t\t<div class=\"elementor-column elementor-col-33 elementor-inner-column elementor-element elementor-element-be8bede\" data-id=\"be8bede\" data-element_type=\"column\">\n\t\t\t<div class=\"elementor-widget-wrap\">\n\t\t\t\t\t\t\t<\/div>\n\t\t<\/div>\n\t\t\t\t<div class=\"elementor-column elementor-col-33 elementor-inner-column elementor-element elementor-element-8a55d98\" data-id=\"8a55d98\" data-element_type=\"column\">\n\t\t\t<div class=\"elementor-widget-wrap\">\n\t\t\t\t\t\t\t<\/div>\n\t\t<\/div>\n\t\t\t\t\t<\/div>\n\t\t<\/section>\n\t\t\t\t\t<\/div>\n\t\t<\/div>\n\t\t\t\t\t<\/div>\n\t\t<\/section>\n\t\t\t\t<\/div>\n\t\t\t\t<\/div>\n\t\t\t\t\t\t<\/div>\n\t\t\t\t<\/div>\n\t\t\t\t\t<\/div>\n\t\t<\/div>\n\t\t\t\t\t<\/div>\n\t\t<\/section>\n\t\t\t\t<section class=\"elementor-section elementor-top-section elementor-element elementor-element-e040ef3 elementor-section-boxed elementor-section-height-default elementor-section-height-default\" data-id=\"e040ef3\" data-element_type=\"section\">\n\t\t\t\t\t\t<div class=\"elementor-container elementor-column-gap-extended\">\n\t\t\t\t\t<div class=\"elementor-column elementor-col-100 elementor-top-column elementor-element elementor-element-89dfe78\" data-id=\"89dfe78\" data-element_type=\"column\">\n\t\t\t<div class=\"elementor-widget-wrap elementor-element-populated\">\n\t\t\t\t\t\t<div class=\"elementor-element elementor-element-cf010aa elementor-widget elementor-widget-text-editor\" data-id=\"cf010aa\" data-element_type=\"widget\" data-widget_type=\"text-editor.default\">\n\t\t\t\t<div class=\"elementor-widget-container\">\n\t\t\t\t\t\t\t\t\t<h3><strong><b>Historial de certificaciones<\/b><\/strong><\/h3>\n<p>2002 \u2013 ISO 9001<br>2003 \u2013 ISO 14001<br>2006 \u2013 OHSAS 18001<br>2009 \u2013 DGERT Formaci\u00f3n<br>2013 \u2013 SA 8000<br>2014 \u2013 UN Global Compact<br>2015 \u2013 ISO 50001<br><br><\/p>\t\t\t\t\t\t\t\t<\/div>\n\t\t\t\t<\/div>\n\t\t\t\t\t<\/div>\n\t\t<\/div>\n\t\t\t\t\t<\/div>\n\t\t<\/section>\n\t\t\t\t<\/div>\n\t\t","protected":false},"excerpt":{"rendered":"<p>Sostenibilidad Costa Verde cuenta con un sistema de gesti\u00f3n integrado, CVIS &#8211; Costa Verde Integrated System, que re\u00fane varias \u00e1reas de certificaci\u00f3n: Calidad | Ambiente | Salud y seguridad | Energ\u00eda | Responsabilidad social | Formaci\u00f3n |&nbsp; Las decisiones de la empresa tienen en cuenta la comunidad en la que se inserta y el entorno [&hellip;]<\/p>\n","protected":false},"author":298,"featured_media":12340,"parent":0,"menu_order":0,"comment_status":"closed","ping_status":"closed","template":"","meta":{"footnotes":""},"class_list":["post-19278","page","type-page","status-publish","has-post-thumbnail","hentry"],"yoast_head":"<!-- This site is optimized with the Yoast SEO plugin v26.9 - https:\/\/yoast.com\/product\/yoast-seo-wordpress\/ -->\n<title>Sostenibilidad - Costa Verde<\/title>\n<meta name=\"description\" content=\"Costa Verde rige su actividad por altos est\u00e1ndares de sostenibilidad, que se reflejan en varias certificaciones en diversas \u00e1reas.\" \/>\n<meta name=\"robots\" content=\"index, follow, max-snippet:-1, max-image-preview:large, max-video-preview:-1\" \/>\n<link rel=\"canonical\" href=\"https:\/\/pro.costa-verde.com\/sustentabilidade\/\" \/>\n<meta property=\"og:locale\" content=\"es_ES\" \/>\n<meta property=\"og:type\" content=\"article\" \/>\n<meta property=\"og:title\" content=\"Sostenibilidad - Costa Verde\" \/>\n<meta property=\"og:description\" content=\"Costa Verde rige su actividad por altos est\u00e1ndares de sostenibilidad, que se reflejan en varias certificaciones en diversas \u00e1reas.\" \/>\n<meta property=\"og:url\" content=\"https:\/\/pro.costa-verde.com\/sustentabilidade\/\" \/>\n<meta property=\"og:site_name\" content=\"Costa Verde\" \/>\n<meta property=\"article:publisher\" content=\"https:\/\/www.facebook.com\/costaverdeporcelanas\/\" \/>\n<meta property=\"article:modified_time\" content=\"2023-09-18T16:43:14+00:00\" \/>\n<meta property=\"og:image\" content=\"https:\/\/pro.costa-verde.com\/wp-content\/uploads\/2020\/10\/colaboradora-qualidade-prato-fabrica-costa-verde.jpg\" \/>\n\t<meta property=\"og:image:width\" content=\"1400\" \/>\n\t<meta property=\"og:image:height\" content=\"933\" \/>\n\t<meta property=\"og:image:type\" content=\"image\/jpeg\" \/>\n<meta name=\"twitter:card\" content=\"summary_large_image\" \/>\n<meta name=\"twitter:label1\" content=\"Tiempo de lectura\" \/>\n\t<meta name=\"twitter:data1\" content=\"1 minuto\" \/>\n<script type=\"application\/ld+json\" class=\"yoast-schema-graph\">{\"@context\":\"https:\/\/schema.org\",\"@graph\":[{\"@type\":\"WebPage\",\"@id\":\"https:\/\/pro.costa-verde.com\/sustentabilidade\/\",\"url\":\"https:\/\/pro.costa-verde.com\/sustentabilidade\/\",\"name\":\"Sostenibilidad - Costa Verde\",\"isPartOf\":{\"@id\":\"https:\/\/pro.costa-verde.com\/#website\"},\"primaryImageOfPage\":{\"@id\":\"https:\/\/pro.costa-verde.com\/sustentabilidade\/#primaryimage\"},\"image\":{\"@id\":\"https:\/\/pro.costa-verde.com\/sustentabilidade\/#primaryimage\"},\"thumbnailUrl\":\"https:\/\/pro.costa-verde.com\/wp-content\/uploads\/2020\/10\/colaboradora-qualidade-prato-fabrica-costa-verde.jpg\",\"datePublished\":\"2021-01-25T14:08:17+00:00\",\"dateModified\":\"2023-09-18T16:43:14+00:00\",\"description\":\"Costa Verde rige su actividad por altos est\u00e1ndares de sostenibilidad, que se reflejan en varias certificaciones en diversas \u00e1reas.\",\"breadcrumb\":{\"@id\":\"https:\/\/pro.costa-verde.com\/sustentabilidade\/#breadcrumb\"},\"inLanguage\":\"es\",\"potentialAction\":[{\"@type\":\"ReadAction\",\"target\":[\"https:\/\/pro.costa-verde.com\/sustentabilidade\/\"]}]},{\"@type\":\"ImageObject\",\"inLanguage\":\"es\",\"@id\":\"https:\/\/pro.costa-verde.com\/sustentabilidade\/#primaryimage\",\"url\":\"https:\/\/pro.costa-verde.com\/wp-content\/uploads\/2020\/10\/colaboradora-qualidade-prato-fabrica-costa-verde.jpg\",\"contentUrl\":\"https:\/\/pro.costa-verde.com\/wp-content\/uploads\/2020\/10\/colaboradora-qualidade-prato-fabrica-costa-verde.jpg\",\"width\":1400,\"height\":933,\"caption\":\"Higiene e Seguran\u00e7a Costa Verde\"},{\"@type\":\"BreadcrumbList\",\"@id\":\"https:\/\/pro.costa-verde.com\/sustentabilidade\/#breadcrumb\",\"itemListElement\":[{\"@type\":\"ListItem\",\"position\":1,\"name\":\"In\u00edcio\",\"item\":\"https:\/\/pro.costa-verde.com\/es\/\"},{\"@type\":\"ListItem\",\"position\":2,\"name\":\"Sostenibilidad\"}]},{\"@type\":\"WebSite\",\"@id\":\"https:\/\/pro.costa-verde.com\/#website\",\"url\":\"https:\/\/pro.costa-verde.com\/\",\"name\":\"Costa Verde\",\"description\":\"Loja Online\",\"potentialAction\":[{\"@type\":\"SearchAction\",\"target\":{\"@type\":\"EntryPoint\",\"urlTemplate\":\"https:\/\/pro.costa-verde.com\/?s={search_term_string}\"},\"query-input\":{\"@type\":\"PropertyValueSpecification\",\"valueRequired\":true,\"valueName\":\"search_term_string\"}}],\"inLanguage\":\"es\"}]}<\/script>\n<!-- \/ Yoast SEO plugin. -->","yoast_head_json":{"title":"Sostenibilidad - Costa Verde","description":"Costa Verde rige su actividad por altos est\u00e1ndares de sostenibilidad, que se reflejan en varias certificaciones en diversas \u00e1reas.","robots":{"index":"index","follow":"follow","max-snippet":"max-snippet:-1","max-image-preview":"max-image-preview:large","max-video-preview":"max-video-preview:-1"},"canonical":"https:\/\/pro.costa-verde.com\/sustentabilidade\/","og_locale":"es_ES","og_type":"article","og_title":"Sostenibilidad - Costa Verde","og_description":"Costa Verde rige su actividad por altos est\u00e1ndares de sostenibilidad, que se reflejan en varias certificaciones en diversas \u00e1reas.","og_url":"https:\/\/pro.costa-verde.com\/sustentabilidade\/","og_site_name":"Costa Verde","article_publisher":"https:\/\/www.facebook.com\/costaverdeporcelanas\/","article_modified_time":"2023-09-18T16:43:14+00:00","og_image":[{"width":1400,"height":933,"url":"https:\/\/pro.costa-verde.com\/wp-content\/uploads\/2020\/10\/colaboradora-qualidade-prato-fabrica-costa-verde.jpg","type":"image\/jpeg"}],"twitter_card":"summary_large_image","twitter_misc":{"Tiempo de lectura":"1 minuto"},"schema":{"@context":"https:\/\/schema.org","@graph":[{"@type":"WebPage","@id":"https:\/\/pro.costa-verde.com\/sustentabilidade\/","url":"https:\/\/pro.costa-verde.com\/sustentabilidade\/","name":"Sostenibilidad - Costa Verde","isPartOf":{"@id":"https:\/\/pro.costa-verde.com\/#website"},"primaryImageOfPage":{"@id":"https:\/\/pro.costa-verde.com\/sustentabilidade\/#primaryimage"},"image":{"@id":"https:\/\/pro.costa-verde.com\/sustentabilidade\/#primaryimage"},"thumbnailUrl":"https:\/\/pro.costa-verde.com\/wp-content\/uploads\/2020\/10\/colaboradora-qualidade-prato-fabrica-costa-verde.jpg","datePublished":"2021-01-25T14:08:17+00:00","dateModified":"2023-09-18T16:43:14+00:00","description":"Costa Verde rige su actividad por altos est\u00e1ndares de sostenibilidad, que se reflejan en varias certificaciones en diversas \u00e1reas.","breadcrumb":{"@id":"https:\/\/pro.costa-verde.com\/sustentabilidade\/#breadcrumb"},"inLanguage":"es","potentialAction":[{"@type":"ReadAction","target":["https:\/\/pro.costa-verde.com\/sustentabilidade\/"]}]},{"@type":"ImageObject","inLanguage":"es","@id":"https:\/\/pro.costa-verde.com\/sustentabilidade\/#primaryimage","url":"https:\/\/pro.costa-verde.com\/wp-content\/uploads\/2020\/10\/colaboradora-qualidade-prato-fabrica-costa-verde.jpg","contentUrl":"https:\/\/pro.costa-verde.com\/wp-content\/uploads\/2020\/10\/colaboradora-qualidade-prato-fabrica-costa-verde.jpg","width":1400,"height":933,"caption":"Higiene e Seguran\u00e7a Costa Verde"},{"@type":"BreadcrumbList","@id":"https:\/\/pro.costa-verde.com\/sustentabilidade\/#breadcrumb","itemListElement":[{"@type":"ListItem","position":1,"name":"In\u00edcio","item":"https:\/\/pro.costa-verde.com\/es\/"},{"@type":"ListItem","position":2,"name":"Sostenibilidad"}]},{"@type":"WebSite","@id":"https:\/\/pro.costa-verde.com\/#website","url":"https:\/\/pro.costa-verde.com\/","name":"Costa Verde","description":"Loja Online","potentialAction":[{"@type":"SearchAction","target":{"@type":"EntryPoint","urlTemplate":"https:\/\/pro.costa-verde.com\/?s={search_term_string}"},"query-input":{"@type":"PropertyValueSpecification","valueRequired":true,"valueName":"search_term_string"}}],"inLanguage":"es"}]}},"_links":{"self":[{"href":"https:\/\/pro.costa-verde.com\/es\/wp-json\/wp\/v2\/pages\/19278","targetHints":{"allow":["GET"]}}],"collection":[{"href":"https:\/\/pro.costa-verde.com\/es\/wp-json\/wp\/v2\/pages"}],"about":[{"href":"https:\/\/pro.costa-verde.com\/es\/wp-json\/wp\/v2\/types\/page"}],"author":[{"embeddable":true,"href":"https:\/\/pro.costa-verde.com\/es\/wp-json\/wp\/v2\/users\/298"}],"replies":[{"embeddable":true,"href":"https:\/\/pro.costa-verde.com\/es\/wp-json\/wp\/v2\/comments?post=19278"}],"version-history":[{"count":12,"href":"https:\/\/pro.costa-verde.com\/es\/wp-json\/wp\/v2\/pages\/19278\/revisions"}],"predecessor-version":[{"id":52626,"href":"https:\/\/pro.costa-verde.com\/es\/wp-json\/wp\/v2\/pages\/19278\/revisions\/52626"}],"wp:featuredmedia":[{"embeddable":true,"href":"https:\/\/pro.costa-verde.com\/es\/wp-json\/wp\/v2\/media\/12340"}],"wp:attachment":[{"href":"https:\/\/pro.costa-verde.com\/es\/wp-json\/wp\/v2\/media?parent=19278"}],"curies":[{"name":"wp","href":"https:\/\/api.w.org\/{rel}","templated":true}]}}