{"id":19263,"date":"2021-01-25T13:15:54","date_gmt":"2021-01-25T13:15:54","guid":{"rendered":"https:\/\/pro.costa-verde.com\/?page_id=19263"},"modified":"2021-01-25T13:19:40","modified_gmt":"2021-01-25T13:19:40","slug":"politica-cas","status":"publish","type":"page","link":"https:\/\/pro.costa-verde.com\/es\/politica-cas\/","title":{"rendered":"Pol\u00edtica CAS"},"content":{"rendered":"\t\t<div data-elementor-type=\"wp-page\" data-elementor-id=\"19263\" class=\"elementor elementor-19263 elementor-373\" data-elementor-post-type=\"page\">\n\t\t\t\t\t\t<section class=\"elementor-section elementor-top-section elementor-element elementor-element-552e45b1 elementor-section-full_width elementor-section-height-min-height elementor-section-items-bottom elementor-section-stretched elementor-section-height-default\" data-id=\"552e45b1\" data-element_type=\"section\" data-settings=\"{&quot;stretch_section&quot;:&quot;section-stretched&quot;,&quot;background_background&quot;:&quot;classic&quot;}\">\n\t\t\t\t\t\t\t<div class=\"elementor-background-overlay\"><\/div>\n\t\t\t\t\t\t\t<div class=\"elementor-container elementor-column-gap-default\">\n\t\t\t\t\t<div class=\"elementor-column elementor-col-100 elementor-top-column elementor-element elementor-element-519b2545\" data-id=\"519b2545\" data-element_type=\"column\">\n\t\t\t<div class=\"elementor-widget-wrap elementor-element-populated\">\n\t\t\t\t\t\t<div class=\"elementor-element elementor-element-60145e0a lust elementor-widget elementor-widget-text-editor\" data-id=\"60145e0a\" data-element_type=\"widget\" data-widget_type=\"text-editor.default\">\n\t\t\t\t<div class=\"elementor-widget-container\">\n\t\t\t\t\t\t\t\t\t<h1>Pol\u00edtica CAS<\/h1>\t\t\t\t\t\t\t\t<\/div>\n\t\t\t\t<\/div>\n\t\t\t\t<div class=\"elementor-element elementor-element-69ae054 lust elementor-widget elementor-widget-heading\" data-id=\"69ae054\" data-element_type=\"widget\" data-widget_type=\"heading.default\">\n\t\t\t\t<div class=\"elementor-widget-container\">\n\t\t\t\t\t<h3 class=\"elementor-heading-title elementor-size-default\">Calidad, Medio Ambiente y Seguridad<\/h3>\t\t\t\t<\/div>\n\t\t\t\t<\/div>\n\t\t\t\t\t<\/div>\n\t\t<\/div>\n\t\t\t\t\t<\/div>\n\t\t<\/section>\n\t\t\t\t<section class=\"elementor-section elementor-top-section elementor-element elementor-element-3d66040b elementor-section-boxed elementor-section-height-default elementor-section-height-default\" data-id=\"3d66040b\" data-element_type=\"section\">\n\t\t\t\t\t\t<div class=\"elementor-container elementor-column-gap-wider\">\n\t\t\t\t\t<div class=\"elementor-column elementor-col-25 elementor-top-column elementor-element elementor-element-35b8e84d\" data-id=\"35b8e84d\" data-element_type=\"column\">\n\t\t\t<div class=\"elementor-widget-wrap\">\n\t\t\t\t\t\t\t<\/div>\n\t\t<\/div>\n\t\t\t\t<div class=\"elementor-column elementor-col-50 elementor-top-column elementor-element elementor-element-7f09b5b1\" data-id=\"7f09b5b1\" data-element_type=\"column\">\n\t\t\t<div class=\"elementor-widget-wrap elementor-element-populated\">\n\t\t\t\t\t\t<div class=\"elementor-element elementor-element-f148d9d elementor-widget elementor-widget-text-editor\" data-id=\"f148d9d\" data-element_type=\"widget\" data-widget_type=\"text-editor.default\">\n\t\t\t\t<div class=\"elementor-widget-container\">\n\t\t\t\t\t\t\t\t\t<p>Costa Verde, en los distintos niveles organizativos, asume expl\u00edcitamente su compromiso con los objetivos y pr\u00e1cticas \u00e9ticas, integr\u00e1ndolo en la pol\u00edtica de sostenibilidad organizacional, respet\u00e1ndolo y haci\u00e9ndolo respetar.<\/p><h4><strong>Misi\u00f3n<\/strong><\/h4><p>Ser innovadores, proactivos y flexibles en la creaci\u00f3n de productos y servicios que superen las expectativas, buscando siempre la satisfacci\u00f3n de sus clientes y accionistas, as\u00ed como el respeto al entorno interno y externo de la organizaci\u00f3n.<\/p><h4><strong>Visi\u00f3n estrat\u00e9gica<\/strong><\/h4><p>Ser el l\u00edder del mercado en el segmento del hoteler\u00eda y, al mismo tiempo, una referencia como empresa innovadora y socialmente responsable.<\/p><h4><strong>Valores de la organizaci\u00f3n<\/strong><\/h4><p>Compromiso y dedicaci\u00f3n, flexibilidad, justicia y honestidad, respeto por los dem\u00e1s y el medio ambiente, cooperaci\u00f3n, esp\u00edritu de equipo y gratitud.<\/p>\t\t\t\t\t\t\t\t<\/div>\n\t\t\t\t<\/div>\n\t\t\t\t\t<\/div>\n\t\t<\/div>\n\t\t\t\t<div class=\"elementor-column elementor-col-25 elementor-top-column elementor-element elementor-element-50f149ca\" data-id=\"50f149ca\" data-element_type=\"column\">\n\t\t\t<div class=\"elementor-widget-wrap\">\n\t\t\t\t\t\t\t<\/div>\n\t\t<\/div>\n\t\t\t\t\t<\/div>\n\t\t<\/section>\n\t\t\t\t<\/div>\n\t\t","protected":false},"excerpt":{"rendered":"<p>Pol\u00edtica CAS Calidad, Medio Ambiente y Seguridad Costa Verde, en los distintos niveles organizativos, asume expl\u00edcitamente su compromiso con los objetivos y pr\u00e1cticas \u00e9ticas, integr\u00e1ndolo en la pol\u00edtica de sostenibilidad organizacional, respet\u00e1ndolo y haci\u00e9ndolo respetar. Misi\u00f3n Ser innovadores, proactivos y flexibles en la creaci\u00f3n de productos y servicios que superen las expectativas, buscando siempre la [&hellip;]<\/p>\n","protected":false},"author":298,"featured_media":26267,"parent":0,"menu_order":0,"comment_status":"closed","ping_status":"closed","template":"","meta":{"footnotes":""},"class_list":["post-19263","page","type-page","status-publish","has-post-thumbnail","hentry"],"yoast_head":"<!-- This site is optimized with the Yoast SEO plugin v26.9 - https:\/\/yoast.com\/product\/yoast-seo-wordpress\/ -->\n<title>Pol\u00edtica CAS - Costa Verde<\/title>\n<meta name=\"robots\" content=\"index, follow, max-snippet:-1, max-image-preview:large, max-video-preview:-1\" \/>\n<link rel=\"canonical\" href=\"https:\/\/pro.costa-verde.com\/politica-cvis\/\" \/>\n<meta property=\"og:locale\" content=\"es_ES\" \/>\n<meta property=\"og:type\" content=\"article\" \/>\n<meta property=\"og:title\" content=\"Pol\u00edtica CAS - Costa Verde\" \/>\n<meta property=\"og:description\" content=\"Pol\u00edtica CAS Calidad, Medio Ambiente y Seguridad Costa Verde, en los distintos niveles organizativos, asume expl\u00edcitamente su compromiso con los objetivos y pr\u00e1cticas \u00e9ticas, integr\u00e1ndolo en la pol\u00edtica de sostenibilidad organizacional, respet\u00e1ndolo y haci\u00e9ndolo respetar. Misi\u00f3n Ser innovadores, proactivos y flexibles en la creaci\u00f3n de productos y servicios que superen las expectativas, buscando siempre la [&hellip;]\" \/>\n<meta property=\"og:url\" content=\"https:\/\/pro.costa-verde.com\/politica-cvis\/\" \/>\n<meta property=\"og:site_name\" content=\"Costa Verde\" \/>\n<meta property=\"article:publisher\" content=\"https:\/\/www.facebook.com\/costaverdeporcelanas\/\" \/>\n<meta property=\"article:modified_time\" content=\"2021-01-25T13:19:40+00:00\" \/>\n<meta property=\"og:image\" content=\"https:\/\/pro.costa-verde.com\/wp-content\/uploads\/2021\/04\/costa.verde_.png\" \/>\n\t<meta property=\"og:image:width\" content=\"200\" \/>\n\t<meta property=\"og:image:height\" content=\"200\" \/>\n\t<meta property=\"og:image:type\" content=\"image\/png\" \/>\n<meta name=\"twitter:card\" content=\"summary_large_image\" \/>\n<meta name=\"twitter:label1\" content=\"Tiempo de lectura\" \/>\n\t<meta name=\"twitter:data1\" content=\"1 minuto\" \/>\n<script type=\"application\/ld+json\" class=\"yoast-schema-graph\">{\"@context\":\"https:\/\/schema.org\",\"@graph\":[{\"@type\":\"WebPage\",\"@id\":\"https:\/\/pro.costa-verde.com\/politica-cvis\/\",\"url\":\"https:\/\/pro.costa-verde.com\/politica-cvis\/\",\"name\":\"Pol\u00edtica CAS - Costa Verde\",\"isPartOf\":{\"@id\":\"https:\/\/pro.costa-verde.com\/#website\"},\"primaryImageOfPage\":{\"@id\":\"https:\/\/pro.costa-verde.com\/politica-cvis\/#primaryimage\"},\"image\":{\"@id\":\"https:\/\/pro.costa-verde.com\/politica-cvis\/#primaryimage\"},\"thumbnailUrl\":\"https:\/\/pro.costa-verde.com\/wp-content\/uploads\/2021\/04\/costa.verde_.png\",\"datePublished\":\"2021-01-25T13:15:54+00:00\",\"dateModified\":\"2021-01-25T13:19:40+00:00\",\"breadcrumb\":{\"@id\":\"https:\/\/pro.costa-verde.com\/politica-cvis\/#breadcrumb\"},\"inLanguage\":\"es\",\"potentialAction\":[{\"@type\":\"ReadAction\",\"target\":[\"https:\/\/pro.costa-verde.com\/politica-cvis\/\"]}]},{\"@type\":\"ImageObject\",\"inLanguage\":\"es\",\"@id\":\"https:\/\/pro.costa-verde.com\/politica-cvis\/#primaryimage\",\"url\":\"https:\/\/pro.costa-verde.com\/wp-content\/uploads\/2021\/04\/costa.verde_.png\",\"contentUrl\":\"https:\/\/pro.costa-verde.com\/wp-content\/uploads\/2021\/04\/costa.verde_.png\",\"width\":200,\"height\":200,\"caption\":\"Costa Verde - Canal de Denuncias\"},{\"@type\":\"BreadcrumbList\",\"@id\":\"https:\/\/pro.costa-verde.com\/politica-cvis\/#breadcrumb\",\"itemListElement\":[{\"@type\":\"ListItem\",\"position\":1,\"name\":\"In\u00edcio\",\"item\":\"https:\/\/pro.costa-verde.com\/es\/\"},{\"@type\":\"ListItem\",\"position\":2,\"name\":\"Pol\u00edtica CAS\"}]},{\"@type\":\"WebSite\",\"@id\":\"https:\/\/pro.costa-verde.com\/#website\",\"url\":\"https:\/\/pro.costa-verde.com\/\",\"name\":\"Costa Verde\",\"description\":\"Loja Online\",\"potentialAction\":[{\"@type\":\"SearchAction\",\"target\":{\"@type\":\"EntryPoint\",\"urlTemplate\":\"https:\/\/pro.costa-verde.com\/?s={search_term_string}\"},\"query-input\":{\"@type\":\"PropertyValueSpecification\",\"valueRequired\":true,\"valueName\":\"search_term_string\"}}],\"inLanguage\":\"es\"}]}<\/script>\n<!-- \/ Yoast SEO plugin. -->","yoast_head_json":{"title":"Pol\u00edtica CAS - Costa Verde","robots":{"index":"index","follow":"follow","max-snippet":"max-snippet:-1","max-image-preview":"max-image-preview:large","max-video-preview":"max-video-preview:-1"},"canonical":"https:\/\/pro.costa-verde.com\/politica-cvis\/","og_locale":"es_ES","og_type":"article","og_title":"Pol\u00edtica CAS - Costa Verde","og_description":"Pol\u00edtica CAS Calidad, Medio Ambiente y Seguridad Costa Verde, en los distintos niveles organizativos, asume expl\u00edcitamente su compromiso con los objetivos y pr\u00e1cticas \u00e9ticas, integr\u00e1ndolo en la pol\u00edtica de sostenibilidad organizacional, respet\u00e1ndolo y haci\u00e9ndolo respetar. Misi\u00f3n Ser innovadores, proactivos y flexibles en la creaci\u00f3n de productos y servicios que superen las expectativas, buscando siempre la [&hellip;]","og_url":"https:\/\/pro.costa-verde.com\/politica-cvis\/","og_site_name":"Costa Verde","article_publisher":"https:\/\/www.facebook.com\/costaverdeporcelanas\/","article_modified_time":"2021-01-25T13:19:40+00:00","og_image":[{"width":200,"height":200,"url":"https:\/\/pro.costa-verde.com\/wp-content\/uploads\/2021\/04\/costa.verde_.png","type":"image\/png"}],"twitter_card":"summary_large_image","twitter_misc":{"Tiempo de lectura":"1 minuto"},"schema":{"@context":"https:\/\/schema.org","@graph":[{"@type":"WebPage","@id":"https:\/\/pro.costa-verde.com\/politica-cvis\/","url":"https:\/\/pro.costa-verde.com\/politica-cvis\/","name":"Pol\u00edtica CAS - Costa Verde","isPartOf":{"@id":"https:\/\/pro.costa-verde.com\/#website"},"primaryImageOfPage":{"@id":"https:\/\/pro.costa-verde.com\/politica-cvis\/#primaryimage"},"image":{"@id":"https:\/\/pro.costa-verde.com\/politica-cvis\/#primaryimage"},"thumbnailUrl":"https:\/\/pro.costa-verde.com\/wp-content\/uploads\/2021\/04\/costa.verde_.png","datePublished":"2021-01-25T13:15:54+00:00","dateModified":"2021-01-25T13:19:40+00:00","breadcrumb":{"@id":"https:\/\/pro.costa-verde.com\/politica-cvis\/#breadcrumb"},"inLanguage":"es","potentialAction":[{"@type":"ReadAction","target":["https:\/\/pro.costa-verde.com\/politica-cvis\/"]}]},{"@type":"ImageObject","inLanguage":"es","@id":"https:\/\/pro.costa-verde.com\/politica-cvis\/#primaryimage","url":"https:\/\/pro.costa-verde.com\/wp-content\/uploads\/2021\/04\/costa.verde_.png","contentUrl":"https:\/\/pro.costa-verde.com\/wp-content\/uploads\/2021\/04\/costa.verde_.png","width":200,"height":200,"caption":"Costa Verde - Canal de Denuncias"},{"@type":"BreadcrumbList","@id":"https:\/\/pro.costa-verde.com\/politica-cvis\/#breadcrumb","itemListElement":[{"@type":"ListItem","position":1,"name":"In\u00edcio","item":"https:\/\/pro.costa-verde.com\/es\/"},{"@type":"ListItem","position":2,"name":"Pol\u00edtica CAS"}]},{"@type":"WebSite","@id":"https:\/\/pro.costa-verde.com\/#website","url":"https:\/\/pro.costa-verde.com\/","name":"Costa Verde","description":"Loja Online","potentialAction":[{"@type":"SearchAction","target":{"@type":"EntryPoint","urlTemplate":"https:\/\/pro.costa-verde.com\/?s={search_term_string}"},"query-input":{"@type":"PropertyValueSpecification","valueRequired":true,"valueName":"search_term_string"}}],"inLanguage":"es"}]}},"_links":{"self":[{"href":"https:\/\/pro.costa-verde.com\/es\/wp-json\/wp\/v2\/pages\/19263","targetHints":{"allow":["GET"]}}],"collection":[{"href":"https:\/\/pro.costa-verde.com\/es\/wp-json\/wp\/v2\/pages"}],"about":[{"href":"https:\/\/pro.costa-verde.com\/es\/wp-json\/wp\/v2\/types\/page"}],"author":[{"embeddable":true,"href":"https:\/\/pro.costa-verde.com\/es\/wp-json\/wp\/v2\/users\/298"}],"replies":[{"embeddable":true,"href":"https:\/\/pro.costa-verde.com\/es\/wp-json\/wp\/v2\/comments?post=19263"}],"version-history":[{"count":5,"href":"https:\/\/pro.costa-verde.com\/es\/wp-json\/wp\/v2\/pages\/19263\/revisions"}],"predecessor-version":[{"id":19271,"href":"https:\/\/pro.costa-verde.com\/es\/wp-json\/wp\/v2\/pages\/19263\/revisions\/19271"}],"wp:featuredmedia":[{"embeddable":true,"href":"https:\/\/pro.costa-verde.com\/es\/wp-json\/wp\/v2\/media\/26267"}],"wp:attachment":[{"href":"https:\/\/pro.costa-verde.com\/es\/wp-json\/wp\/v2\/media?parent=19263"}],"curies":[{"name":"wp","href":"https:\/\/api.w.org\/{rel}","templated":true}]}}