{"id":19242,"date":"2021-01-25T13:03:28","date_gmt":"2021-01-25T13:03:28","guid":{"rendered":"https:\/\/pro.costa-verde.com\/?page_id=19242"},"modified":"2025-06-16T11:34:55","modified_gmt":"2025-06-16T10:34:55","slug":"cuidados-uso","status":"publish","type":"page","link":"https:\/\/pro.costa-verde.com\/es\/cuidados-uso\/","title":{"rendered":"Cuidados de uso"},"content":{"rendered":"\t\t<div data-elementor-type=\"wp-page\" data-elementor-id=\"19242\" class=\"elementor elementor-19242 elementor-444\" data-elementor-post-type=\"page\">\n\t\t\t\t\t\t<section class=\"elementor-section elementor-top-section elementor-element elementor-element-078d183 elementor-section-stretched elementor-section-boxed elementor-section-height-default elementor-section-height-default\" data-id=\"078d183\" data-element_type=\"section\" data-settings=\"{&quot;stretch_section&quot;:&quot;section-stretched&quot;}\">\n\t\t\t\t\t\t<div class=\"elementor-container elementor-column-gap-extended\">\n\t\t\t\t\t<div class=\"elementor-column elementor-col-100 elementor-top-column elementor-element elementor-element-63e3b5c\" data-id=\"63e3b5c\" data-element_type=\"column\">\n\t\t\t<div class=\"elementor-widget-wrap elementor-element-populated\">\n\t\t\t\t\t\t<div class=\"elementor-element elementor-element-982df95 lust elementor-widget elementor-widget-text-editor\" data-id=\"982df95\" data-element_type=\"widget\" data-widget_type=\"text-editor.default\">\n\t\t\t\t<div class=\"elementor-widget-container\">\n\t\t\t\t\t\t\t\t\t<h1>Cuidados de Uso<\/h1>\nProteja su colecci\u00f3n de porcelana, proteja su inversi\u00f3n\t\t\t\t\t\t\t\t<\/div>\n\t\t\t\t<\/div>\n\t\t\t\t\t<\/div>\n\t\t<\/div>\n\t\t\t\t\t<\/div>\n\t\t<\/section>\n\t\t\t\t<section class=\"elementor-section elementor-top-section elementor-element elementor-element-0d9fbc4 elementor-section-stretched elementor-section-boxed elementor-section-height-default elementor-section-height-default\" data-id=\"0d9fbc4\" data-element_type=\"section\" data-settings=\"{&quot;background_background&quot;:&quot;classic&quot;,&quot;stretch_section&quot;:&quot;section-stretched&quot;}\">\n\t\t\t\t\t\t\t<div class=\"elementor-background-overlay\"><\/div>\n\t\t\t\t\t\t\t<div class=\"elementor-container elementor-column-gap-extended\">\n\t\t\t\t\t<div class=\"elementor-column elementor-col-50 elementor-top-column elementor-element elementor-element-0291c3a\" data-id=\"0291c3a\" data-element_type=\"column\">\n\t\t\t<div class=\"elementor-widget-wrap elementor-element-populated\">\n\t\t\t\t\t\t<div class=\"elementor-element elementor-element-638f0b0 elementor-widget elementor-widget-text-editor\" data-id=\"638f0b0\" data-element_type=\"widget\" data-widget_type=\"text-editor.default\">\n\t\t\t\t<div class=\"elementor-widget-container\">\n\t\t\t\t\t\t\t\t\t<p>En Costa Verde no s\u00f3lo nos preocupamos por desarrollar productos que satisfagan sus necesidades, sino que es nuestra doble preocupaci\u00f3n informarle sobre c\u00f3mo proteger su producto de porcelana, y que \u00e9ste dure mucho tiempo.<br \/>Todos nuestros productos se someten a pruebas peri\u00f3dicas y cumplen diversas normas nacionales e internacionales, con el objetivo \u00faltimo de garantizar un producto de calidad y una inversi\u00f3n segura. Al comprar porcelana de Costa Verde est\u00e1 eligiendo productos profesionales y resistentes, para uso diario y masivo, en el horno, nevera, congelador, lavadora y microondas (no aplicable cuando se decora con motivos met\u00e1licos).<\/p><p>Para ello compartimos con usted algunas sugerencias que sin duda le ayudar\u00e1n a proteger su inversi\u00f3n:<\/p><ul><li>Utilice siempre cubiertos de acero inoxidable 18\/10;<\/li><li>Busque el \u00e1rea de almacenamiento y manipulaci\u00f3n de la porcelana con superficies de polipropileno, evitando as\u00ed el contacto con el metal u otras superficies;<\/li><li>No arrastre su porcelana sobre superficies met\u00e1licas descubiertas, ya que permite la migraci\u00f3n del metal a la base de la porcelana;<\/li><li>No apile art\u00edculos que no hayan sido desarrollados para este fin;<\/li><li>Separe los art\u00edculos de porcelana de otros productos de materiales diferentes, como los cubiertos o la vajilla met\u00e1lica, al lavarlos y secarlos;<\/li><li>Utilice siempre esp\u00e1tulas de silicona;<\/li><li>Lave previamente la porcelana o d\u00e9jela en agua antes de lavarla;<\/li><li>Utilizar detergentes espec\u00edficos y no favorecer el contacto con la porcelana durante mucho tiempo.<\/li><\/ul><p>\u00a0<\/p><p><strong>\u00a1Mantenga su producto Costa Verde como el primer d\u00eda!<\/strong><\/p>\t\t\t\t\t\t\t\t<\/div>\n\t\t\t\t<\/div>\n\t\t\t\t\t<\/div>\n\t\t<\/div>\n\t\t\t\t<div class=\"elementor-column elementor-col-50 elementor-top-column elementor-element elementor-element-9453f61\" data-id=\"9453f61\" data-element_type=\"column\" data-settings=\"{&quot;background_background&quot;:&quot;classic&quot;}\">\n\t\t\t<div class=\"elementor-widget-wrap elementor-element-populated\">\n\t\t\t\t\t<div class=\"elementor-background-overlay\"><\/div>\n\t\t\t\t\t\t<div class=\"elementor-element elementor-element-0ee10b7 elementor-widget elementor-widget-image\" data-id=\"0ee10b7\" data-element_type=\"widget\" data-widget_type=\"image.default\">\n\t\t\t\t<div class=\"elementor-widget-container\">\n\t\t\t\t\t\t\t\t\t\t\t\t\t\t\t<img fetchpriority=\"high\" decoding=\"async\" width=\"683\" height=\"1024\" src=\"https:\/\/pro.costa-verde.com\/wp-content\/uploads\/2020\/10\/duo-cacarola-683x1024.jpg\" class=\"attachment-large size-large wp-image-12328\" alt=\"ca\u00e7arola, tachinho de porcelana, cuidados a ter com a porcelan, cuidados de utiliza\u00e7\u00e3o da porcelana cole\u00e7\u00e3o duo\" srcset=\"https:\/\/pro.costa-verde.com\/wp-content\/uploads\/2020\/10\/duo-cacarola-683x1024.jpg 683w, https:\/\/pro.costa-verde.com\/wp-content\/uploads\/2020\/10\/duo-cacarola-200x300.jpg 200w, https:\/\/pro.costa-verde.com\/wp-content\/uploads\/2020\/10\/duo-cacarola-768x1152.jpg 768w, https:\/\/pro.costa-verde.com\/wp-content\/uploads\/2020\/10\/duo-cacarola-600x900.jpg 600w, https:\/\/pro.costa-verde.com\/wp-content\/uploads\/2020\/10\/duo-cacarola-100x150.jpg 100w, https:\/\/pro.costa-verde.com\/wp-content\/uploads\/2020\/10\/duo-cacarola.jpg 891w\" sizes=\"(max-width: 683px) 100vw, 683px\" \/>\t\t\t\t\t\t\t\t\t\t\t\t\t\t\t<\/div>\n\t\t\t\t<\/div>\n\t\t\t\t\t<\/div>\n\t\t<\/div>\n\t\t\t\t\t<\/div>\n\t\t<\/section>\n\t\t\t\t<section class=\"elementor-section elementor-top-section elementor-element elementor-element-95a5797 elementor-section-stretched elementor-section-boxed elementor-section-height-default elementor-section-height-default\" data-id=\"95a5797\" data-element_type=\"section\" data-settings=\"{&quot;stretch_section&quot;:&quot;section-stretched&quot;}\">\n\t\t\t\t\t\t<div class=\"elementor-container elementor-column-gap-extended\">\n\t\t\t\t\t<div class=\"elementor-column elementor-col-100 elementor-top-column elementor-element elementor-element-fa9bbaa\" data-id=\"fa9bbaa\" data-element_type=\"column\">\n\t\t\t<div class=\"elementor-widget-wrap elementor-element-populated\">\n\t\t\t\t\t\t<div class=\"elementor-element elementor-element-9a83c5e lust elementor-widget elementor-widget-text-editor\" data-id=\"9a83c5e\" data-element_type=\"widget\" data-widget_type=\"text-editor.default\">\n\t\t\t\t<div class=\"elementor-widget-container\">\n\t\t\t\t\t\t\t\t\t<h1>Gesti\u00f3n Responsable de Envases<\/h1>\t\t\t\t\t\t\t\t<\/div>\n\t\t\t\t<\/div>\n\t\t\t\t\t<\/div>\n\t\t<\/div>\n\t\t\t\t\t<\/div>\n\t\t<\/section>\n\t\t\t\t<section class=\"elementor-section elementor-top-section elementor-element elementor-element-0d13f9f elementor-section-stretched elementor-section-boxed elementor-section-height-default elementor-section-height-default\" data-id=\"0d13f9f\" data-element_type=\"section\" data-settings=\"{&quot;background_background&quot;:&quot;classic&quot;,&quot;stretch_section&quot;:&quot;section-stretched&quot;}\">\n\t\t\t\t\t\t\t<div class=\"elementor-background-overlay\"><\/div>\n\t\t\t\t\t\t\t<div class=\"elementor-container elementor-column-gap-extended\">\n\t\t\t\t\t<div class=\"elementor-column elementor-col-50 elementor-top-column elementor-element elementor-element-c1441d4\" data-id=\"c1441d4\" data-element_type=\"column\">\n\t\t\t<div class=\"elementor-widget-wrap elementor-element-populated\">\n\t\t\t\t\t\t<div class=\"elementor-element elementor-element-744bf97 elementor-widget elementor-widget-text-editor\" data-id=\"744bf97\" data-element_type=\"widget\" data-widget_type=\"text-editor.default\">\n\t\t\t\t<div class=\"elementor-widget-container\">\n\t\t\t\t\t\t\t\t\t<p>Como parte de nuestro compromiso con la sostenibilidad y la econom\u00eda circular, informamos que los envases de nuestros productos son reciclables.<\/p><p data-start=\"971\" data-end=\"1278\">Nuestras cajas de cart\u00f3n cuentan con certificaci\u00f3n FSC, lo que garantiza que provienen de fuentes responsables. Las empresas que los producen apoyan la conservaci\u00f3n de los espacios forestales y ofrecen beneficios sociales, permitiendo as\u00ed que el mercado act\u00fae como incentivo para una mejor gesti\u00f3n forestal.<\/p><p data-start=\"1280\" data-end=\"1394\">Los envases de cart\u00f3n deben depositarse en el contenedor azul y los envases de pl\u00e1stico en el contenedor amarillo.<\/p><p data-start=\"1396\" data-end=\"1600\">Hacemos un llamado a la correcta gesti\u00f3n de los residuos de envases, contribuyendo as\u00ed a la reducci\u00f3n del impacto ambiental y a la promoci\u00f3n de buenas pr\u00e1cticas de gesti\u00f3n de residuos y econom\u00eda circular.<\/p>\t\t\t\t\t\t\t\t<\/div>\n\t\t\t\t<\/div>\n\t\t\t\t\t<\/div>\n\t\t<\/div>\n\t\t\t\t<div class=\"elementor-column elementor-col-50 elementor-top-column elementor-element elementor-element-c0e37ae\" data-id=\"c0e37ae\" data-element_type=\"column\" data-settings=\"{&quot;background_background&quot;:&quot;classic&quot;}\">\n\t\t\t<div class=\"elementor-widget-wrap elementor-element-populated\">\n\t\t\t\t\t<div class=\"elementor-background-overlay\"><\/div>\n\t\t\t\t\t\t<div class=\"elementor-element elementor-element-d994f6d elementor-widget elementor-widget-image\" data-id=\"d994f6d\" data-element_type=\"widget\" data-widget_type=\"image.default\">\n\t\t\t\t<div class=\"elementor-widget-container\">\n\t\t\t\t\t\t\t\t\t\t\t\t<figure class=\"wp-caption\">\n\t\t\t\t\t\t\t\t\t\t<img decoding=\"async\" width=\"506\" height=\"447\" src=\"https:\/\/pro.costa-verde.com\/wp-content\/uploads\/2025\/06\/gestao-responsavel-de-embalagens.png\" class=\"attachment-large size-large wp-image-66357\" alt=\"\" srcset=\"https:\/\/pro.costa-verde.com\/wp-content\/uploads\/2025\/06\/gestao-responsavel-de-embalagens.png 506w, https:\/\/pro.costa-verde.com\/wp-content\/uploads\/2025\/06\/gestao-responsavel-de-embalagens-300x265.png 300w, https:\/\/pro.costa-verde.com\/wp-content\/uploads\/2025\/06\/gestao-responsavel-de-embalagens-120x106.png 120w\" sizes=\"(max-width: 506px) 100vw, 506px\" \/>\t\t\t\t\t\t\t\t\t\t\t<figcaption class=\"widget-image-caption wp-caption-text\">Embalagens - Envases \/ Caixas de cart\u00e3o - Cajas de cart\u00f3n<\/figcaption>\n\t\t\t\t\t\t\t\t\t\t<\/figure>\n\t\t\t\t\t\t\t\t\t<\/div>\n\t\t\t\t<\/div>\n\t\t\t\t\t<\/div>\n\t\t<\/div>\n\t\t\t\t\t<\/div>\n\t\t<\/section>\n\t\t\t\t<\/div>\n\t\t","protected":false},"excerpt":{"rendered":"<p>Cuidados de Uso Proteja su colecci\u00f3n de porcelana, proteja su inversi\u00f3n En Costa Verde no s\u00f3lo nos preocupamos por desarrollar productos que satisfagan sus necesidades, sino que es nuestra doble preocupaci\u00f3n informarle sobre c\u00f3mo proteger su producto de porcelana, y que \u00e9ste dure mucho tiempo.Todos nuestros productos se someten a pruebas peri\u00f3dicas y cumplen diversas [&hellip;]<\/p>\n","protected":false},"author":3,"featured_media":12328,"parent":0,"menu_order":0,"comment_status":"closed","ping_status":"closed","template":"","meta":{"footnotes":""},"class_list":["post-19242","page","type-page","status-publish","has-post-thumbnail","hentry"],"yoast_head":"<!-- This site is optimized with the Yoast SEO plugin v26.9 - https:\/\/yoast.com\/product\/yoast-seo-wordpress\/ -->\n<title>Cuidados de uso - Costa Verde<\/title>\n<meta name=\"description\" content=\"Proteje tu servicio de porcelana, proteje tu inversi\u00f3n. Aqu\u00ed puedes descubrir c\u00f3mo hacer que tus piezas de porcelana duren.\" \/>\n<meta name=\"robots\" content=\"index, follow, max-snippet:-1, max-image-preview:large, max-video-preview:-1\" \/>\n<link rel=\"canonical\" href=\"https:\/\/pro.costa-verde.com\/cuidados-utilizacao\/\" \/>\n<meta property=\"og:locale\" content=\"es_ES\" \/>\n<meta property=\"og:type\" content=\"article\" \/>\n<meta property=\"og:title\" content=\"Cuidados de uso - Costa Verde\" \/>\n<meta property=\"og:description\" content=\"Proteje tu servicio de porcelana, proteje tu inversi\u00f3n. Aqu\u00ed puedes descubrir c\u00f3mo hacer que tus piezas de porcelana duren.\" \/>\n<meta property=\"og:url\" content=\"https:\/\/pro.costa-verde.com\/cuidados-utilizacao\/\" \/>\n<meta property=\"og:site_name\" content=\"Costa Verde\" \/>\n<meta property=\"article:publisher\" content=\"https:\/\/www.facebook.com\/costaverdeporcelanas\/\" \/>\n<meta property=\"article:modified_time\" content=\"2025-06-16T10:34:55+00:00\" \/>\n<meta property=\"og:image\" content=\"https:\/\/pro.costa-verde.com\/wp-content\/uploads\/2020\/10\/duo-cacarola.jpg\" \/>\n\t<meta property=\"og:image:width\" content=\"891\" \/>\n\t<meta property=\"og:image:height\" content=\"1336\" \/>\n\t<meta property=\"og:image:type\" content=\"image\/jpeg\" \/>\n<meta name=\"twitter:card\" content=\"summary_large_image\" \/>\n<meta name=\"twitter:label1\" content=\"Tiempo de lectura\" \/>\n\t<meta name=\"twitter:data1\" content=\"2 minutos\" \/>\n<script type=\"application\/ld+json\" class=\"yoast-schema-graph\">{\"@context\":\"https:\/\/schema.org\",\"@graph\":[{\"@type\":\"WebPage\",\"@id\":\"https:\/\/pro.costa-verde.com\/cuidados-utilizacao\/\",\"url\":\"https:\/\/pro.costa-verde.com\/cuidados-utilizacao\/\",\"name\":\"Cuidados de uso - Costa Verde\",\"isPartOf\":{\"@id\":\"https:\/\/pro.costa-verde.com\/#website\"},\"primaryImageOfPage\":{\"@id\":\"https:\/\/pro.costa-verde.com\/cuidados-utilizacao\/#primaryimage\"},\"image\":{\"@id\":\"https:\/\/pro.costa-verde.com\/cuidados-utilizacao\/#primaryimage\"},\"thumbnailUrl\":\"https:\/\/pro.costa-verde.com\/wp-content\/uploads\/2020\/10\/duo-cacarola.jpg\",\"datePublished\":\"2021-01-25T13:03:28+00:00\",\"dateModified\":\"2025-06-16T10:34:55+00:00\",\"description\":\"Proteje tu servicio de porcelana, proteje tu inversi\u00f3n. Aqu\u00ed puedes descubrir c\u00f3mo hacer que tus piezas de porcelana duren.\",\"breadcrumb\":{\"@id\":\"https:\/\/pro.costa-verde.com\/cuidados-utilizacao\/#breadcrumb\"},\"inLanguage\":\"es\",\"potentialAction\":[{\"@type\":\"ReadAction\",\"target\":[\"https:\/\/pro.costa-verde.com\/cuidados-utilizacao\/\"]}]},{\"@type\":\"ImageObject\",\"inLanguage\":\"es\",\"@id\":\"https:\/\/pro.costa-verde.com\/cuidados-utilizacao\/#primaryimage\",\"url\":\"https:\/\/pro.costa-verde.com\/wp-content\/uploads\/2020\/10\/duo-cacarola.jpg\",\"contentUrl\":\"https:\/\/pro.costa-verde.com\/wp-content\/uploads\/2020\/10\/duo-cacarola.jpg\",\"width\":891,\"height\":1336,\"caption\":\"Ca\u00e7arola Duo\"},{\"@type\":\"BreadcrumbList\",\"@id\":\"https:\/\/pro.costa-verde.com\/cuidados-utilizacao\/#breadcrumb\",\"itemListElement\":[{\"@type\":\"ListItem\",\"position\":1,\"name\":\"In\u00edcio\",\"item\":\"https:\/\/pro.costa-verde.com\/es\/\"},{\"@type\":\"ListItem\",\"position\":2,\"name\":\"Cuidados de uso\"}]},{\"@type\":\"WebSite\",\"@id\":\"https:\/\/pro.costa-verde.com\/#website\",\"url\":\"https:\/\/pro.costa-verde.com\/\",\"name\":\"Costa Verde\",\"description\":\"Loja Online\",\"potentialAction\":[{\"@type\":\"SearchAction\",\"target\":{\"@type\":\"EntryPoint\",\"urlTemplate\":\"https:\/\/pro.costa-verde.com\/?s={search_term_string}\"},\"query-input\":{\"@type\":\"PropertyValueSpecification\",\"valueRequired\":true,\"valueName\":\"search_term_string\"}}],\"inLanguage\":\"es\"}]}<\/script>\n<!-- \/ Yoast SEO plugin. -->","yoast_head_json":{"title":"Cuidados de uso - Costa Verde","description":"Proteje tu servicio de porcelana, proteje tu inversi\u00f3n. Aqu\u00ed puedes descubrir c\u00f3mo hacer que tus piezas de porcelana duren.","robots":{"index":"index","follow":"follow","max-snippet":"max-snippet:-1","max-image-preview":"max-image-preview:large","max-video-preview":"max-video-preview:-1"},"canonical":"https:\/\/pro.costa-verde.com\/cuidados-utilizacao\/","og_locale":"es_ES","og_type":"article","og_title":"Cuidados de uso - Costa Verde","og_description":"Proteje tu servicio de porcelana, proteje tu inversi\u00f3n. Aqu\u00ed puedes descubrir c\u00f3mo hacer que tus piezas de porcelana duren.","og_url":"https:\/\/pro.costa-verde.com\/cuidados-utilizacao\/","og_site_name":"Costa Verde","article_publisher":"https:\/\/www.facebook.com\/costaverdeporcelanas\/","article_modified_time":"2025-06-16T10:34:55+00:00","og_image":[{"width":891,"height":1336,"url":"https:\/\/pro.costa-verde.com\/wp-content\/uploads\/2020\/10\/duo-cacarola.jpg","type":"image\/jpeg"}],"twitter_card":"summary_large_image","twitter_misc":{"Tiempo de lectura":"2 minutos"},"schema":{"@context":"https:\/\/schema.org","@graph":[{"@type":"WebPage","@id":"https:\/\/pro.costa-verde.com\/cuidados-utilizacao\/","url":"https:\/\/pro.costa-verde.com\/cuidados-utilizacao\/","name":"Cuidados de uso - Costa Verde","isPartOf":{"@id":"https:\/\/pro.costa-verde.com\/#website"},"primaryImageOfPage":{"@id":"https:\/\/pro.costa-verde.com\/cuidados-utilizacao\/#primaryimage"},"image":{"@id":"https:\/\/pro.costa-verde.com\/cuidados-utilizacao\/#primaryimage"},"thumbnailUrl":"https:\/\/pro.costa-verde.com\/wp-content\/uploads\/2020\/10\/duo-cacarola.jpg","datePublished":"2021-01-25T13:03:28+00:00","dateModified":"2025-06-16T10:34:55+00:00","description":"Proteje tu servicio de porcelana, proteje tu inversi\u00f3n. Aqu\u00ed puedes descubrir c\u00f3mo hacer que tus piezas de porcelana duren.","breadcrumb":{"@id":"https:\/\/pro.costa-verde.com\/cuidados-utilizacao\/#breadcrumb"},"inLanguage":"es","potentialAction":[{"@type":"ReadAction","target":["https:\/\/pro.costa-verde.com\/cuidados-utilizacao\/"]}]},{"@type":"ImageObject","inLanguage":"es","@id":"https:\/\/pro.costa-verde.com\/cuidados-utilizacao\/#primaryimage","url":"https:\/\/pro.costa-verde.com\/wp-content\/uploads\/2020\/10\/duo-cacarola.jpg","contentUrl":"https:\/\/pro.costa-verde.com\/wp-content\/uploads\/2020\/10\/duo-cacarola.jpg","width":891,"height":1336,"caption":"Ca\u00e7arola Duo"},{"@type":"BreadcrumbList","@id":"https:\/\/pro.costa-verde.com\/cuidados-utilizacao\/#breadcrumb","itemListElement":[{"@type":"ListItem","position":1,"name":"In\u00edcio","item":"https:\/\/pro.costa-verde.com\/es\/"},{"@type":"ListItem","position":2,"name":"Cuidados de uso"}]},{"@type":"WebSite","@id":"https:\/\/pro.costa-verde.com\/#website","url":"https:\/\/pro.costa-verde.com\/","name":"Costa Verde","description":"Loja Online","potentialAction":[{"@type":"SearchAction","target":{"@type":"EntryPoint","urlTemplate":"https:\/\/pro.costa-verde.com\/?s={search_term_string}"},"query-input":{"@type":"PropertyValueSpecification","valueRequired":true,"valueName":"search_term_string"}}],"inLanguage":"es"}]}},"_links":{"self":[{"href":"https:\/\/pro.costa-verde.com\/es\/wp-json\/wp\/v2\/pages\/19242","targetHints":{"allow":["GET"]}}],"collection":[{"href":"https:\/\/pro.costa-verde.com\/es\/wp-json\/wp\/v2\/pages"}],"about":[{"href":"https:\/\/pro.costa-verde.com\/es\/wp-json\/wp\/v2\/types\/page"}],"author":[{"embeddable":true,"href":"https:\/\/pro.costa-verde.com\/es\/wp-json\/wp\/v2\/users\/3"}],"replies":[{"embeddable":true,"href":"https:\/\/pro.costa-verde.com\/es\/wp-json\/wp\/v2\/comments?post=19242"}],"version-history":[{"count":9,"href":"https:\/\/pro.costa-verde.com\/es\/wp-json\/wp\/v2\/pages\/19242\/revisions"}],"predecessor-version":[{"id":66381,"href":"https:\/\/pro.costa-verde.com\/es\/wp-json\/wp\/v2\/pages\/19242\/revisions\/66381"}],"wp:featuredmedia":[{"embeddable":true,"href":"https:\/\/pro.costa-verde.com\/es\/wp-json\/wp\/v2\/media\/12328"}],"wp:attachment":[{"href":"https:\/\/pro.costa-verde.com\/es\/wp-json\/wp\/v2\/media?parent=19242"}],"curies":[{"name":"wp","href":"https:\/\/api.w.org\/{rel}","templated":true}]}}