{"id":19217,"date":"2021-01-25T12:46:41","date_gmt":"2021-01-25T12:46:41","guid":{"rendered":"https:\/\/pro.costa-verde.com\/?page_id=19217"},"modified":"2024-12-13T15:43:03","modified_gmt":"2024-12-13T15:43:03","slug":"universal","status":"publish","type":"page","link":"https:\/\/pro.costa-verde.com\/es\/colecciones-costa-verde\/universal\/","title":{"rendered":"Universal"},"content":{"rendered":"\t\t<div data-elementor-type=\"wp-page\" data-elementor-id=\"19217\" class=\"elementor elementor-19217 elementor-9769\" data-elementor-post-type=\"page\">\n\t\t\t\t\t\t<section class=\"elementor-section elementor-top-section elementor-element elementor-element-0d9fbc4 elementor-section-stretched elementor-reverse-mobile elementor-reverse-tablet elementor-section-boxed elementor-section-height-default elementor-section-height-default\" data-id=\"0d9fbc4\" data-element_type=\"section\" data-settings=\"{&quot;background_background&quot;:&quot;classic&quot;,&quot;stretch_section&quot;:&quot;section-stretched&quot;}\">\n\t\t\t\t\t\t\t<div class=\"elementor-background-overlay\"><\/div>\n\t\t\t\t\t\t\t<div class=\"elementor-container elementor-column-gap-extended\">\n\t\t\t\t\t<div class=\"elementor-column elementor-col-50 elementor-top-column elementor-element elementor-element-9453f61\" data-id=\"9453f61\" data-element_type=\"column\" data-settings=\"{&quot;background_background&quot;:&quot;classic&quot;}\">\n\t\t\t<div class=\"elementor-widget-wrap elementor-element-populated\">\n\t\t\t\t\t<div class=\"elementor-background-overlay\"><\/div>\n\t\t\t\t\t\t<div class=\"elementor-element elementor-element-b42b775 elementor-widget elementor-widget-gallery\" data-id=\"b42b775\" data-element_type=\"widget\" data-settings=\"{&quot;gallery_layout&quot;:&quot;justified&quot;,&quot;ideal_row_height&quot;:{&quot;unit&quot;:&quot;px&quot;,&quot;size&quot;:393,&quot;sizes&quot;:[]},&quot;ideal_row_height_tablet&quot;:{&quot;unit&quot;:&quot;px&quot;,&quot;size&quot;:325,&quot;sizes&quot;:[]},&quot;lazyload&quot;:&quot;yes&quot;,&quot;ideal_row_height_mobile&quot;:{&quot;unit&quot;:&quot;px&quot;,&quot;size&quot;:150,&quot;sizes&quot;:[]},&quot;gap&quot;:{&quot;unit&quot;:&quot;px&quot;,&quot;size&quot;:10,&quot;sizes&quot;:[]},&quot;gap_tablet&quot;:{&quot;unit&quot;:&quot;px&quot;,&quot;size&quot;:10,&quot;sizes&quot;:[]},&quot;gap_mobile&quot;:{&quot;unit&quot;:&quot;px&quot;,&quot;size&quot;:10,&quot;sizes&quot;:[]},&quot;link_to&quot;:&quot;file&quot;,&quot;overlay_background&quot;:&quot;yes&quot;,&quot;content_hover_animation&quot;:&quot;fade-in&quot;}\" data-widget_type=\"gallery.default\">\n\t\t\t\t<div class=\"elementor-widget-container\">\n\t\t\t\t\t\t\t<div class=\"elementor-gallery__container\">\n\t\t\t\t\t\t\t<a class=\"e-gallery-item elementor-gallery-item elementor-animated-content\" href=\"https:\/\/pro.costa-verde.com\/wp-content\/uploads\/2020\/11\/201112_COSTAVERDE_UNVERSAL_0487.jpg\" data-elementor-open-lightbox=\"yes\" data-elementor-lightbox-slideshow=\"b42b775\" data-elementor-lightbox-title=\"201112_COSTAVERDE_UNVERSAL_0487\" data-e-action-hash=\"#elementor-action%3Aaction%3Dlightbox%26settings%3DeyJpZCI6OTc3NCwidXJsIjoiaHR0cHM6XC9cL3Byby5jb3N0YS12ZXJkZS5jb21cL3dwLWNvbnRlbnRcL3VwbG9hZHNcLzIwMjBcLzExXC8yMDExMTJfQ09TVEFWRVJERV9VTlZFUlNBTF8wNDg3LmpwZyIsInNsaWRlc2hvdyI6ImI0MmI3NzUifQ%3D%3D\">\n\t\t\t\t\t<div class=\"e-gallery-image elementor-gallery-item__image\" data-thumbnail=\"https:\/\/pro.costa-verde.com\/wp-content\/uploads\/2020\/11\/201112_COSTAVERDE_UNVERSAL_0487-768x1024.jpg\" data-width=\"768\" data-height=\"1024\" aria-label=\"\" role=\"img\" ><\/div>\n\t\t\t\t\t\t\t\t\t\t\t<div class=\"elementor-gallery-item__overlay\"><\/div>\n\t\t\t\t\t\t\t\t\t\t\t\t\t\t<\/a>\n\t\t\t\t\t\t\t<a class=\"e-gallery-item elementor-gallery-item elementor-animated-content\" href=\"https:\/\/pro.costa-verde.com\/wp-content\/uploads\/2020\/11\/201112_COSTAVERDE_UNVERSAL_0474.jpg\" data-elementor-open-lightbox=\"yes\" data-elementor-lightbox-slideshow=\"b42b775\" data-elementor-lightbox-title=\"201112_COSTAVERDE_UNVERSAL_0474\" data-e-action-hash=\"#elementor-action%3Aaction%3Dlightbox%26settings%3DeyJpZCI6OTc3MiwidXJsIjoiaHR0cHM6XC9cL3Byby5jb3N0YS12ZXJkZS5jb21cL3dwLWNvbnRlbnRcL3VwbG9hZHNcLzIwMjBcLzExXC8yMDExMTJfQ09TVEFWRVJERV9VTlZFUlNBTF8wNDc0LmpwZyIsInNsaWRlc2hvdyI6ImI0MmI3NzUifQ%3D%3D\">\n\t\t\t\t\t<div class=\"e-gallery-image elementor-gallery-item__image\" data-thumbnail=\"https:\/\/pro.costa-verde.com\/wp-content\/uploads\/2020\/11\/201112_COSTAVERDE_UNVERSAL_0474-768x1024.jpg\" data-width=\"768\" data-height=\"1024\" aria-label=\"\" role=\"img\" ><\/div>\n\t\t\t\t\t\t\t\t\t\t\t<div class=\"elementor-gallery-item__overlay\"><\/div>\n\t\t\t\t\t\t\t\t\t\t\t\t\t\t<\/a>\n\t\t\t\t\t\t\t<a class=\"e-gallery-item elementor-gallery-item elementor-animated-content\" href=\"https:\/\/pro.costa-verde.com\/wp-content\/uploads\/2020\/11\/201112_COSTAVERDE_UNVERSAL_0448.jpg\" data-elementor-open-lightbox=\"yes\" data-elementor-lightbox-slideshow=\"b42b775\" data-elementor-lightbox-title=\"201112_COSTAVERDE_UNVERSAL_0448\" data-elementor-lightbox-description=\"Cole\u00e7\u00e3o Universal- Cole\u00e7\u00f5es Costa Verde\" data-e-action-hash=\"#elementor-action%3Aaction%3Dlightbox%26settings%3DeyJpZCI6OTc3NSwidXJsIjoiaHR0cHM6XC9cL3Byby5jb3N0YS12ZXJkZS5jb21cL3dwLWNvbnRlbnRcL3VwbG9hZHNcLzIwMjBcLzExXC8yMDExMTJfQ09TVEFWRVJERV9VTlZFUlNBTF8wNDQ4LmpwZyIsInNsaWRlc2hvdyI6ImI0MmI3NzUifQ%3D%3D\">\n\t\t\t\t\t<div class=\"e-gallery-image elementor-gallery-item__image\" data-thumbnail=\"https:\/\/pro.costa-verde.com\/wp-content\/uploads\/2020\/11\/201112_COSTAVERDE_UNVERSAL_0448-768x763.jpg\" data-width=\"768\" data-height=\"763\" aria-label=\"Cole\u00e7\u00e3o Universal- Cole\u00e7\u00f5es Costa Verde A cole\u00e7\u00e3o Universal foi pensada para em cada pe\u00e7a, mais do que uma refei\u00e7\u00e3o, seja poss\u00edvel descobrir o mundo. Compre Universal online!\" role=\"img\" ><\/div>\n\t\t\t\t\t\t\t\t\t\t\t<div class=\"elementor-gallery-item__overlay\"><\/div>\n\t\t\t\t\t\t\t\t\t\t\t\t\t\t<\/a>\n\t\t\t\t\t\t\t<a class=\"e-gallery-item elementor-gallery-item elementor-animated-content\" href=\"https:\/\/pro.costa-verde.com\/wp-content\/uploads\/2020\/11\/201112_COSTAVERDE_UNVERSAL_0469.jpg\" data-elementor-open-lightbox=\"yes\" data-elementor-lightbox-slideshow=\"b42b775\" data-elementor-lightbox-title=\"201112_COSTAVERDE_UNVERSAL_0469\" data-e-action-hash=\"#elementor-action%3Aaction%3Dlightbox%26settings%3DeyJpZCI6OTc3MSwidXJsIjoiaHR0cHM6XC9cL3Byby5jb3N0YS12ZXJkZS5jb21cL3dwLWNvbnRlbnRcL3VwbG9hZHNcLzIwMjBcLzExXC8yMDExMTJfQ09TVEFWRVJERV9VTlZFUlNBTF8wNDY5LmpwZyIsInNsaWRlc2hvdyI6ImI0MmI3NzUifQ%3D%3D\">\n\t\t\t\t\t<div class=\"e-gallery-image elementor-gallery-item__image\" data-thumbnail=\"https:\/\/pro.costa-verde.com\/wp-content\/uploads\/2020\/11\/201112_COSTAVERDE_UNVERSAL_0469-768x1024.jpg\" data-width=\"768\" data-height=\"1024\" aria-label=\"\" role=\"img\" ><\/div>\n\t\t\t\t\t\t\t\t\t\t\t<div class=\"elementor-gallery-item__overlay\"><\/div>\n\t\t\t\t\t\t\t\t\t\t\t\t\t\t<\/a>\n\t\t\t\t\t\t\t<a class=\"e-gallery-item elementor-gallery-item elementor-animated-content\" href=\"https:\/\/pro.costa-verde.com\/wp-content\/uploads\/2020\/11\/201112_COSTAVERDE_UNVERSAL_0480.jpg\" data-elementor-open-lightbox=\"yes\" data-elementor-lightbox-slideshow=\"b42b775\" data-elementor-lightbox-title=\"201112_COSTAVERDE_UNVERSAL_0480\" data-e-action-hash=\"#elementor-action%3Aaction%3Dlightbox%26settings%3DeyJpZCI6OTc3MywidXJsIjoiaHR0cHM6XC9cL3Byby5jb3N0YS12ZXJkZS5jb21cL3dwLWNvbnRlbnRcL3VwbG9hZHNcLzIwMjBcLzExXC8yMDExMTJfQ09TVEFWRVJERV9VTlZFUlNBTF8wNDgwLmpwZyIsInNsaWRlc2hvdyI6ImI0MmI3NzUifQ%3D%3D\">\n\t\t\t\t\t<div class=\"e-gallery-image elementor-gallery-item__image\" data-thumbnail=\"https:\/\/pro.costa-verde.com\/wp-content\/uploads\/2020\/11\/201112_COSTAVERDE_UNVERSAL_0480-768x1024.jpg\" data-width=\"768\" data-height=\"1024\" aria-label=\"\" role=\"img\" ><\/div>\n\t\t\t\t\t\t\t\t\t\t\t<div class=\"elementor-gallery-item__overlay\"><\/div>\n\t\t\t\t\t\t\t\t\t\t\t\t\t\t<\/a>\n\t\t\t\t\t<\/div>\n\t\t\t\t\t<\/div>\n\t\t\t\t<\/div>\n\t\t\t\t\t<\/div>\n\t\t<\/div>\n\t\t\t\t<div class=\"elementor-column elementor-col-50 elementor-top-column elementor-element elementor-element-0291c3a\" data-id=\"0291c3a\" data-element_type=\"column\" data-settings=\"{&quot;motion_fx_motion_fx_scrolling&quot;:&quot;yes&quot;,&quot;motion_fx_translateY_effect&quot;:&quot;yes&quot;,&quot;motion_fx_translateY_direction&quot;:&quot;negative&quot;,&quot;motion_fx_devices&quot;:[&quot;desktop&quot;],&quot;motion_fx_translateY_speed&quot;:{&quot;unit&quot;:&quot;px&quot;,&quot;size&quot;:4,&quot;sizes&quot;:[]},&quot;motion_fx_translateY_affectedRange&quot;:{&quot;unit&quot;:&quot;%&quot;,&quot;size&quot;:&quot;&quot;,&quot;sizes&quot;:{&quot;start&quot;:0,&quot;end&quot;:100}}}\">\n\t\t\t<div class=\"elementor-widget-wrap elementor-element-populated\">\n\t\t\t\t\t\t<div class=\"elementor-element elementor-element-982df95 lust elementor-widget elementor-widget-text-editor\" data-id=\"982df95\" data-element_type=\"widget\" data-widget_type=\"text-editor.default\">\n\t\t\t\t<div class=\"elementor-widget-container\">\n\t\t\t\t\t\t\t\t\t<h1>Universal<\/h1>\t\t\t\t\t\t\t\t<\/div>\n\t\t\t\t<\/div>\n\t\t\t\t<div class=\"elementor-element elementor-element-8582e90 background-text elementor-absolute elementor-hidden-phone elementor-invisible elementor-widget elementor-widget-text-editor\" data-id=\"8582e90\" data-element_type=\"widget\" data-settings=\"{&quot;_position&quot;:&quot;absolute&quot;,&quot;_animation&quot;:&quot;fadeIn&quot;}\" data-widget_type=\"text-editor.default\">\n\t\t\t\t<div class=\"elementor-widget-container\">\n\t\t\t\t\t\t\t\t\t<p>Universal<\/p>\t\t\t\t\t\t\t\t<\/div>\n\t\t\t\t<\/div>\n\t\t\t\t<div class=\"elementor-element elementor-element-e1d6d4c elementor-widget elementor-widget-text-editor\" data-id=\"e1d6d4c\" data-element_type=\"widget\" data-widget_type=\"text-editor.default\">\n\t\t\t\t<div class=\"elementor-widget-container\">\n\t\t\t\t\t\t\t\t\t<h4>El mundo entero en una sola taza.<\/h4>\t\t\t\t\t\t\t\t<\/div>\n\t\t\t\t<\/div>\n\t\t\t\t<div class=\"elementor-element elementor-element-638f0b0 elementor-widget elementor-widget-text-editor\" data-id=\"638f0b0\" data-element_type=\"widget\" data-widget_type=\"text-editor.default\">\n\t\t\t\t<div class=\"elementor-widget-container\">\n\t\t\t\t\t\t\t\t\t<p>Es un sentido de la globalidad que inspira la colecci\u00f3n Universal de Costa Verde. Una vasta colecci\u00f3n de tazas inspiradas en los llamados bowl food\u00a0de todo el mundo, que responde a la necesidad de dar a las m\u00e1s dispares creaciones culinarias la misma originalidad, funcionalidad, elegancia y sentido est\u00e9tico. \u00a0<\/p><p>Ya sea un ramen o una pasta, un curry, una sopa o el m\u00e1s elaborado de los postres, cada pieza de la colecci\u00f3n Universal ha sido dise\u00f1ada para que en ella, m\u00e1s que una comida, tenga la posibilidad de descubrir el mundo.<\/p>\t\t\t\t\t\t\t\t<\/div>\n\t\t\t\t<\/div>\n\t\t\t\t<div class=\"elementor-element elementor-element-ee52c9b lust elementor-widget elementor-widget-text-editor\" data-id=\"ee52c9b\" data-element_type=\"widget\" data-widget_type=\"text-editor.default\">\n\t\t\t\t<div class=\"elementor-widget-container\">\n\t\t\t\t\t\t\t\t\t<h5>Links<\/h5>\t\t\t\t\t\t\t\t<\/div>\n\t\t\t\t<\/div>\n\t\t\t\t<div class=\"elementor-element elementor-element-ce9034c elementor-widget-divider--view-line elementor-widget elementor-widget-divider\" data-id=\"ce9034c\" data-element_type=\"widget\" data-widget_type=\"divider.default\">\n\t\t\t\t<div class=\"elementor-widget-container\">\n\t\t\t\t\t\t\t<div class=\"elementor-divider\">\n\t\t\t<span class=\"elementor-divider-separator\">\n\t\t\t\t\t\t<\/span>\n\t\t<\/div>\n\t\t\t\t\t\t<\/div>\n\t\t\t\t<\/div>\n\t\t\t\t<div class=\"elementor-element elementor-element-8f43c7f elementor-widget__width-auto elementor-widget elementor-widget-button\" data-id=\"8f43c7f\" data-element_type=\"widget\" data-widget_type=\"button.default\">\n\t\t\t\t<div class=\"elementor-widget-container\">\n\t\t\t\t\t\t\t\t\t<div class=\"elementor-button-wrapper\">\n\t\t\t\t\t<a class=\"elementor-button elementor-button-link elementor-size-sm\" href=\"https:\/\/pro.costa-verde.com\/wp-content\/uploads\/2024\/12\/Catalogo_CostaVerde_2024_1.pdf\" target=\"_blank\">\n\t\t\t\t\t\t<span class=\"elementor-button-content-wrapper\">\n\t\t\t\t\t\t<span class=\"elementor-button-icon\">\n\t\t\t\t<i aria-hidden=\"true\" class=\"stroke pe-7s-download\"><\/i>\t\t\t<\/span>\n\t\t\t\t\t\t\t\t\t<span class=\"elementor-button-text\">Cat\u00e1logo<\/span>\n\t\t\t\t\t<\/span>\n\t\t\t\t\t<\/a>\n\t\t\t\t<\/div>\n\t\t\t\t\t\t\t\t<\/div>\n\t\t\t\t<\/div>\n\t\t\t\t<div class=\"elementor-element elementor-element-1a5f7d6 elementor-widget__width-auto elementor-widget elementor-widget-button\" data-id=\"1a5f7d6\" data-element_type=\"widget\" data-widget_type=\"button.default\">\n\t\t\t\t<div class=\"elementor-widget-container\">\n\t\t\t\t\t\t\t\t\t<div class=\"elementor-button-wrapper\">\n\t\t\t\t\t<a class=\"elementor-button elementor-button-link elementor-size-sm\" href=\"https:\/\/pro.costa-verde.com\/wp-content\/uploads\/2021\/09\/Folheto_Universal_web.pdf\" target=\"_blank\">\n\t\t\t\t\t\t<span class=\"elementor-button-content-wrapper\">\n\t\t\t\t\t\t<span class=\"elementor-button-icon\">\n\t\t\t\t<i aria-hidden=\"true\" class=\"stroke pe-7s-download\"><\/i>\t\t\t<\/span>\n\t\t\t\t\t\t\t\t\t<span class=\"elementor-button-text\">Folleto<\/span>\n\t\t\t\t\t<\/span>\n\t\t\t\t\t<\/a>\n\t\t\t\t<\/div>\n\t\t\t\t\t\t\t\t<\/div>\n\t\t\t\t<\/div>\n\t\t\t\t<div class=\"elementor-element elementor-element-64a290f elementor-widget__width-auto elementor-widget elementor-widget-button\" data-id=\"64a290f\" data-element_type=\"widget\" data-widget_type=\"button.default\">\n\t\t\t\t<div class=\"elementor-widget-container\">\n\t\t\t\t\t\t\t\t\t<div class=\"elementor-button-wrapper\">\n\t\t\t\t\t<a class=\"elementor-button elementor-button-link elementor-size-sm\" href=\"#elementor-action%3Aaction%3Dpopup%3Aopen%26settings%3DeyJpZCI6MTc0MDMsInRvZ2dsZSI6ZmFsc2V9\" target=\"_blank\">\n\t\t\t\t\t\t<span class=\"elementor-button-content-wrapper\">\n\t\t\t\t\t\t<span class=\"elementor-button-icon\">\n\t\t\t\t<i aria-hidden=\"true\" class=\"stroke pe-7s-play\"><\/i>\t\t\t<\/span>\n\t\t\t\t\t\t\t\t\t<span class=\"elementor-button-text\">Video<\/span>\n\t\t\t\t\t<\/span>\n\t\t\t\t\t<\/a>\n\t\t\t\t<\/div>\n\t\t\t\t\t\t\t\t<\/div>\n\t\t\t\t<\/div>\n\t\t\t\t\t<\/div>\n\t\t<\/div>\n\t\t\t\t\t<\/div>\n\t\t<\/section>\n\t\t\t\t<section class=\"elementor-section elementor-top-section elementor-element elementor-element-50ec07b elementor-section-stretched elementor-section-boxed elementor-section-height-default elementor-section-height-default\" data-id=\"50ec07b\" data-element_type=\"section\" data-settings=\"{&quot;stretch_section&quot;:&quot;section-stretched&quot;}\">\n\t\t\t\t\t\t<div class=\"elementor-container elementor-column-gap-default\">\n\t\t\t\t\t<div class=\"elementor-column elementor-col-100 elementor-top-column elementor-element elementor-element-18555b8\" data-id=\"18555b8\" data-element_type=\"column\">\n\t\t\t<div class=\"elementor-widget-wrap elementor-element-populated\">\n\t\t\t\t\t\t<div class=\"elementor-element elementor-element-f35cea7 elementor-widget elementor-widget-text-editor\" data-id=\"f35cea7\" data-element_type=\"widget\" data-widget_type=\"text-editor.default\">\n\t\t\t\t<div class=\"elementor-widget-container\">\n\t\t\t\t\t\t\t\t\t<h3>Las piezas de la Colecci\u00f3n Universal<\/h3>\t\t\t\t\t\t\t\t<\/div>\n\t\t\t\t<\/div>\n\t\t\t\t<div class=\"elementor-element elementor-element-4d30d2d elementor-align-center button elementor-widget elementor-widget-button\" data-id=\"4d30d2d\" data-element_type=\"widget\" data-widget_type=\"button.default\">\n\t\t\t\t<div class=\"elementor-widget-container\">\n\t\t\t\t\t\t\t\t\t<div class=\"elementor-button-wrapper\">\n\t\t\t\t\t<a class=\"elementor-button elementor-button-link elementor-size-md\" href=\"https:\/\/pro.costa-verde.com\/es\/colecciones\/\">\n\t\t\t\t\t\t<span class=\"elementor-button-content-wrapper\">\n\t\t\t\t\t\t\t\t\t<span class=\"elementor-button-text\">Ver otras colecciones<\/span>\n\t\t\t\t\t<\/span>\n\t\t\t\t\t<\/a>\n\t\t\t\t<\/div>\n\t\t\t\t\t\t\t\t<\/div>\n\t\t\t\t<\/div>\n\t\t\t\t\t<\/div>\n\t\t<\/div>\n\t\t\t\t\t<\/div>\n\t\t<\/section>\n\t\t\t\t<\/div>\n\t\t","protected":false},"excerpt":{"rendered":"<p>Universal Universal El mundo entero en una sola taza. Es un sentido de la globalidad que inspira la colecci\u00f3n Universal de Costa Verde. Una vasta colecci\u00f3n de tazas inspiradas en los llamados bowl food\u00a0de todo el mundo, que responde a la necesidad de dar a las m\u00e1s dispares creaciones culinarias la misma originalidad, funcionalidad, elegancia [&hellip;]<\/p>\n","protected":false},"author":92,"featured_media":14470,"parent":19108,"menu_order":0,"comment_status":"closed","ping_status":"closed","template":"","meta":{"footnotes":""},"class_list":["post-19217","page","type-page","status-publish","has-post-thumbnail","hentry"],"yoast_head":"<!-- This site is optimized with the Yoast SEO plugin v26.9 - https:\/\/yoast.com\/product\/yoast-seo-wordpress\/ -->\n<title>Universal - Costa Verde<\/title>\n<meta name=\"description\" content=\"La colecci\u00f3n Universal fue dise\u00f1ada para que en cada pieza, m\u00e1s do que una comida, descubra el mundo. \u00a1Compre Universal en l\u00ednea!\" \/>\n<meta name=\"robots\" content=\"index, follow, max-snippet:-1, max-image-preview:large, max-video-preview:-1\" \/>\n<link rel=\"canonical\" href=\"https:\/\/pro.costa-verde.com\/es\/colecciones-costa-verde\/universal\/\" \/>\n<meta property=\"og:locale\" content=\"es_ES\" \/>\n<meta property=\"og:type\" content=\"article\" \/>\n<meta property=\"og:title\" content=\"Universal - Costa Verde\" \/>\n<meta property=\"og:description\" content=\"La colecci\u00f3n Universal fue dise\u00f1ada para que en cada pieza, m\u00e1s do que una comida, descubra el mundo. \u00a1Compre Universal en l\u00ednea!\" \/>\n<meta property=\"og:url\" content=\"https:\/\/pro.costa-verde.com\/es\/colecciones-costa-verde\/universal\/\" \/>\n<meta property=\"og:site_name\" content=\"Costa Verde\" \/>\n<meta property=\"article:publisher\" content=\"https:\/\/www.facebook.com\/costaverdeporcelanas\/\" \/>\n<meta property=\"article:modified_time\" content=\"2024-12-13T15:43:03+00:00\" \/>\n<meta property=\"og:image\" content=\"https:\/\/pro.costa-verde.com\/wp-content\/uploads\/2020\/11\/201112_COSTAVERDE_UNVERSAL_0448.jpg\" \/>\n\t<meta property=\"og:image:width\" content=\"1280\" \/>\n\t<meta property=\"og:image:height\" content=\"1272\" \/>\n\t<meta property=\"og:image:type\" content=\"image\/jpeg\" \/>\n<meta name=\"twitter:card\" content=\"summary_large_image\" \/>\n<meta name=\"twitter:label1\" content=\"Tiempo de lectura\" \/>\n\t<meta name=\"twitter:data1\" content=\"4 minutos\" \/>\n<script type=\"application\/ld+json\" class=\"yoast-schema-graph\">{\"@context\":\"https:\/\/schema.org\",\"@graph\":[{\"@type\":\"WebPage\",\"@id\":\"https:\/\/pro.costa-verde.com\/es\/colecciones-costa-verde\/universal\/\",\"url\":\"https:\/\/pro.costa-verde.com\/es\/colecciones-costa-verde\/universal\/\",\"name\":\"Universal - Costa Verde\",\"isPartOf\":{\"@id\":\"https:\/\/pro.costa-verde.com\/#website\"},\"primaryImageOfPage\":{\"@id\":\"https:\/\/pro.costa-verde.com\/es\/colecciones-costa-verde\/universal\/#primaryimage\"},\"image\":{\"@id\":\"https:\/\/pro.costa-verde.com\/es\/colecciones-costa-verde\/universal\/#primaryimage\"},\"thumbnailUrl\":\"https:\/\/pro.costa-verde.com\/wp-content\/uploads\/2020\/11\/201112_COSTAVERDE_UNVERSAL_0448.jpg\",\"datePublished\":\"2021-01-25T12:46:41+00:00\",\"dateModified\":\"2024-12-13T15:43:03+00:00\",\"description\":\"La colecci\u00f3n Universal fue dise\u00f1ada para que en cada pieza, m\u00e1s do que una comida, descubra el mundo. \u00a1Compre Universal en l\u00ednea!\",\"breadcrumb\":{\"@id\":\"https:\/\/pro.costa-verde.com\/es\/colecciones-costa-verde\/universal\/#breadcrumb\"},\"inLanguage\":\"es\",\"potentialAction\":[{\"@type\":\"ReadAction\",\"target\":[\"https:\/\/pro.costa-verde.com\/es\/colecciones-costa-verde\/universal\/\"]}]},{\"@type\":\"ImageObject\",\"inLanguage\":\"es\",\"@id\":\"https:\/\/pro.costa-verde.com\/es\/colecciones-costa-verde\/universal\/#primaryimage\",\"url\":\"https:\/\/pro.costa-verde.com\/wp-content\/uploads\/2020\/11\/201112_COSTAVERDE_UNVERSAL_0448.jpg\",\"contentUrl\":\"https:\/\/pro.costa-verde.com\/wp-content\/uploads\/2020\/11\/201112_COSTAVERDE_UNVERSAL_0448.jpg\",\"width\":1280,\"height\":1272,\"caption\":\"Cole\u00e7\u00e3o Universal\"},{\"@type\":\"BreadcrumbList\",\"@id\":\"https:\/\/pro.costa-verde.com\/es\/colecciones-costa-verde\/universal\/#breadcrumb\",\"itemListElement\":[{\"@type\":\"ListItem\",\"position\":1,\"name\":\"In\u00edcio\",\"item\":\"https:\/\/pro.costa-verde.com\/es\/\"},{\"@type\":\"ListItem\",\"position\":2,\"name\":\"Colecciones Costa Verde\",\"item\":\"https:\/\/pro.costa-verde.com\/es\/colecciones-costa-verde\/\"},{\"@type\":\"ListItem\",\"position\":3,\"name\":\"Universal\"}]},{\"@type\":\"WebSite\",\"@id\":\"https:\/\/pro.costa-verde.com\/#website\",\"url\":\"https:\/\/pro.costa-verde.com\/\",\"name\":\"Costa Verde\",\"description\":\"Loja Online\",\"potentialAction\":[{\"@type\":\"SearchAction\",\"target\":{\"@type\":\"EntryPoint\",\"urlTemplate\":\"https:\/\/pro.costa-verde.com\/?s={search_term_string}\"},\"query-input\":{\"@type\":\"PropertyValueSpecification\",\"valueRequired\":true,\"valueName\":\"search_term_string\"}}],\"inLanguage\":\"es\"}]}<\/script>\n<!-- \/ Yoast SEO plugin. -->","yoast_head_json":{"title":"Universal - Costa Verde","description":"La colecci\u00f3n Universal fue dise\u00f1ada para que en cada pieza, m\u00e1s do que una comida, descubra el mundo. \u00a1Compre Universal en l\u00ednea!","robots":{"index":"index","follow":"follow","max-snippet":"max-snippet:-1","max-image-preview":"max-image-preview:large","max-video-preview":"max-video-preview:-1"},"canonical":"https:\/\/pro.costa-verde.com\/es\/colecciones-costa-verde\/universal\/","og_locale":"es_ES","og_type":"article","og_title":"Universal - Costa Verde","og_description":"La colecci\u00f3n Universal fue dise\u00f1ada para que en cada pieza, m\u00e1s do que una comida, descubra el mundo. \u00a1Compre Universal en l\u00ednea!","og_url":"https:\/\/pro.costa-verde.com\/es\/colecciones-costa-verde\/universal\/","og_site_name":"Costa Verde","article_publisher":"https:\/\/www.facebook.com\/costaverdeporcelanas\/","article_modified_time":"2024-12-13T15:43:03+00:00","og_image":[{"width":1280,"height":1272,"url":"https:\/\/pro.costa-verde.com\/wp-content\/uploads\/2020\/11\/201112_COSTAVERDE_UNVERSAL_0448.jpg","type":"image\/jpeg"}],"twitter_card":"summary_large_image","twitter_misc":{"Tiempo de lectura":"4 minutos"},"schema":{"@context":"https:\/\/schema.org","@graph":[{"@type":"WebPage","@id":"https:\/\/pro.costa-verde.com\/es\/colecciones-costa-verde\/universal\/","url":"https:\/\/pro.costa-verde.com\/es\/colecciones-costa-verde\/universal\/","name":"Universal - Costa Verde","isPartOf":{"@id":"https:\/\/pro.costa-verde.com\/#website"},"primaryImageOfPage":{"@id":"https:\/\/pro.costa-verde.com\/es\/colecciones-costa-verde\/universal\/#primaryimage"},"image":{"@id":"https:\/\/pro.costa-verde.com\/es\/colecciones-costa-verde\/universal\/#primaryimage"},"thumbnailUrl":"https:\/\/pro.costa-verde.com\/wp-content\/uploads\/2020\/11\/201112_COSTAVERDE_UNVERSAL_0448.jpg","datePublished":"2021-01-25T12:46:41+00:00","dateModified":"2024-12-13T15:43:03+00:00","description":"La colecci\u00f3n Universal fue dise\u00f1ada para que en cada pieza, m\u00e1s do que una comida, descubra el mundo. \u00a1Compre Universal en l\u00ednea!","breadcrumb":{"@id":"https:\/\/pro.costa-verde.com\/es\/colecciones-costa-verde\/universal\/#breadcrumb"},"inLanguage":"es","potentialAction":[{"@type":"ReadAction","target":["https:\/\/pro.costa-verde.com\/es\/colecciones-costa-verde\/universal\/"]}]},{"@type":"ImageObject","inLanguage":"es","@id":"https:\/\/pro.costa-verde.com\/es\/colecciones-costa-verde\/universal\/#primaryimage","url":"https:\/\/pro.costa-verde.com\/wp-content\/uploads\/2020\/11\/201112_COSTAVERDE_UNVERSAL_0448.jpg","contentUrl":"https:\/\/pro.costa-verde.com\/wp-content\/uploads\/2020\/11\/201112_COSTAVERDE_UNVERSAL_0448.jpg","width":1280,"height":1272,"caption":"Cole\u00e7\u00e3o Universal"},{"@type":"BreadcrumbList","@id":"https:\/\/pro.costa-verde.com\/es\/colecciones-costa-verde\/universal\/#breadcrumb","itemListElement":[{"@type":"ListItem","position":1,"name":"In\u00edcio","item":"https:\/\/pro.costa-verde.com\/es\/"},{"@type":"ListItem","position":2,"name":"Colecciones Costa Verde","item":"https:\/\/pro.costa-verde.com\/es\/colecciones-costa-verde\/"},{"@type":"ListItem","position":3,"name":"Universal"}]},{"@type":"WebSite","@id":"https:\/\/pro.costa-verde.com\/#website","url":"https:\/\/pro.costa-verde.com\/","name":"Costa Verde","description":"Loja Online","potentialAction":[{"@type":"SearchAction","target":{"@type":"EntryPoint","urlTemplate":"https:\/\/pro.costa-verde.com\/?s={search_term_string}"},"query-input":{"@type":"PropertyValueSpecification","valueRequired":true,"valueName":"search_term_string"}}],"inLanguage":"es"}]}},"_links":{"self":[{"href":"https:\/\/pro.costa-verde.com\/es\/wp-json\/wp\/v2\/pages\/19217","targetHints":{"allow":["GET"]}}],"collection":[{"href":"https:\/\/pro.costa-verde.com\/es\/wp-json\/wp\/v2\/pages"}],"about":[{"href":"https:\/\/pro.costa-verde.com\/es\/wp-json\/wp\/v2\/types\/page"}],"author":[{"embeddable":true,"href":"https:\/\/pro.costa-verde.com\/es\/wp-json\/wp\/v2\/users\/92"}],"replies":[{"embeddable":true,"href":"https:\/\/pro.costa-verde.com\/es\/wp-json\/wp\/v2\/comments?post=19217"}],"version-history":[{"count":15,"href":"https:\/\/pro.costa-verde.com\/es\/wp-json\/wp\/v2\/pages\/19217\/revisions"}],"predecessor-version":[{"id":62662,"href":"https:\/\/pro.costa-verde.com\/es\/wp-json\/wp\/v2\/pages\/19217\/revisions\/62662"}],"up":[{"embeddable":true,"href":"https:\/\/pro.costa-verde.com\/es\/wp-json\/wp\/v2\/pages\/19108"}],"wp:featuredmedia":[{"embeddable":true,"href":"https:\/\/pro.costa-verde.com\/es\/wp-json\/wp\/v2\/media\/14470"}],"wp:attachment":[{"href":"https:\/\/pro.costa-verde.com\/es\/wp-json\/wp\/v2\/media?parent=19217"}],"curies":[{"name":"wp","href":"https:\/\/api.w.org\/{rel}","templated":true}]}}