{"id":19190,"date":"2021-01-25T12:39:18","date_gmt":"2021-01-25T12:39:18","guid":{"rendered":"https:\/\/pro.costa-verde.com\/?page_id=19190"},"modified":"2024-12-13T15:14:43","modified_gmt":"2024-12-13T15:14:43","slug":"opera","status":"publish","type":"page","link":"https:\/\/pro.costa-verde.com\/es\/colecciones-costa-verde\/opera\/","title":{"rendered":"Opera"},"content":{"rendered":"\t\t<div data-elementor-type=\"wp-page\" data-elementor-id=\"19190\" class=\"elementor elementor-19190 elementor-9741\" data-elementor-post-type=\"page\">\n\t\t\t\t\t\t<section class=\"elementor-section elementor-top-section elementor-element elementor-element-0d9fbc4 elementor-section-stretched elementor-reverse-mobile elementor-reverse-tablet elementor-section-boxed elementor-section-height-default elementor-section-height-default\" data-id=\"0d9fbc4\" data-element_type=\"section\" data-settings=\"{&quot;background_background&quot;:&quot;classic&quot;,&quot;stretch_section&quot;:&quot;section-stretched&quot;}\">\n\t\t\t\t\t\t\t<div class=\"elementor-background-overlay\"><\/div>\n\t\t\t\t\t\t\t<div class=\"elementor-container elementor-column-gap-extended\">\n\t\t\t\t\t<div class=\"elementor-column elementor-col-50 elementor-top-column elementor-element elementor-element-9453f61\" data-id=\"9453f61\" data-element_type=\"column\" data-settings=\"{&quot;background_background&quot;:&quot;classic&quot;}\">\n\t\t\t<div class=\"elementor-widget-wrap elementor-element-populated\">\n\t\t\t\t\t<div class=\"elementor-background-overlay\"><\/div>\n\t\t\t\t\t\t<div class=\"elementor-element elementor-element-b42b775 elementor-widget elementor-widget-gallery\" data-id=\"b42b775\" data-element_type=\"widget\" data-settings=\"{&quot;gallery_layout&quot;:&quot;justified&quot;,&quot;ideal_row_height&quot;:{&quot;unit&quot;:&quot;px&quot;,&quot;size&quot;:286,&quot;sizes&quot;:[]},&quot;ideal_row_height_tablet&quot;:{&quot;unit&quot;:&quot;px&quot;,&quot;size&quot;:325,&quot;sizes&quot;:[]},&quot;lazyload&quot;:&quot;yes&quot;,&quot;ideal_row_height_mobile&quot;:{&quot;unit&quot;:&quot;px&quot;,&quot;size&quot;:150,&quot;sizes&quot;:[]},&quot;gap&quot;:{&quot;unit&quot;:&quot;px&quot;,&quot;size&quot;:10,&quot;sizes&quot;:[]},&quot;gap_tablet&quot;:{&quot;unit&quot;:&quot;px&quot;,&quot;size&quot;:10,&quot;sizes&quot;:[]},&quot;gap_mobile&quot;:{&quot;unit&quot;:&quot;px&quot;,&quot;size&quot;:10,&quot;sizes&quot;:[]},&quot;link_to&quot;:&quot;file&quot;,&quot;overlay_background&quot;:&quot;yes&quot;,&quot;content_hover_animation&quot;:&quot;fade-in&quot;}\" data-widget_type=\"gallery.default\">\n\t\t\t\t<div class=\"elementor-widget-container\">\n\t\t\t\t\t\t\t<div class=\"elementor-gallery__container\">\n\t\t\t\t\t\t\t<a class=\"e-gallery-item elementor-gallery-item elementor-animated-content\" href=\"https:\/\/pro.costa-verde.com\/wp-content\/uploads\/2020\/11\/201105COSTAVERDEOPERA0193.jpg\" data-elementor-open-lightbox=\"yes\" data-elementor-lightbox-slideshow=\"b42b775\" data-elementor-lightbox-title=\"201105COSTAVERDEOPERA0193\" data-e-action-hash=\"#elementor-action%3Aaction%3Dlightbox%26settings%3DeyJpZCI6OTc0MywidXJsIjoiaHR0cHM6XC9cL3Byby5jb3N0YS12ZXJkZS5jb21cL3dwLWNvbnRlbnRcL3VwbG9hZHNcLzIwMjBcLzExXC8yMDExMDVDT1NUQVZFUkRFT1BFUkEwMTkzLmpwZyIsInNsaWRlc2hvdyI6ImI0MmI3NzUifQ%3D%3D\">\n\t\t\t\t\t<div class=\"e-gallery-image elementor-gallery-item__image\" data-thumbnail=\"https:\/\/pro.costa-verde.com\/wp-content\/uploads\/2020\/11\/201105COSTAVERDEOPERA0193-768x576.jpg\" data-width=\"768\" data-height=\"576\" aria-label=\"\" role=\"img\" ><\/div>\n\t\t\t\t\t\t\t\t\t\t\t<div class=\"elementor-gallery-item__overlay\"><\/div>\n\t\t\t\t\t\t\t\t\t\t\t\t\t\t<\/a>\n\t\t\t\t\t\t\t<a class=\"e-gallery-item elementor-gallery-item elementor-animated-content\" href=\"https:\/\/pro.costa-verde.com\/wp-content\/uploads\/2020\/11\/201105COSTAVERDEOPERA0206.jpg\" data-elementor-open-lightbox=\"yes\" data-elementor-lightbox-slideshow=\"b42b775\" data-elementor-lightbox-title=\"Cole\u00e7\u00e3o Opera - Cole\u00e7\u00f5es Costa Verde\" data-elementor-lightbox-description=\"Cole\u00e7\u00e3o Opera - Cole\u00e7\u00f5es Costa Verde\" data-e-action-hash=\"#elementor-action%3Aaction%3Dlightbox%26settings%3DeyJpZCI6OTc0NSwidXJsIjoiaHR0cHM6XC9cL3Byby5jb3N0YS12ZXJkZS5jb21cL3dwLWNvbnRlbnRcL3VwbG9hZHNcLzIwMjBcLzExXC8yMDExMDVDT1NUQVZFUkRFT1BFUkEwMjA2LmpwZyIsInNsaWRlc2hvdyI6ImI0MmI3NzUifQ%3D%3D\">\n\t\t\t\t\t<div class=\"e-gallery-image elementor-gallery-item__image\" data-thumbnail=\"https:\/\/pro.costa-verde.com\/wp-content\/uploads\/2020\/11\/201105COSTAVERDEOPERA0206-768x576.jpg\" data-width=\"768\" data-height=\"576\" aria-label=\"Cole\u00e7\u00e3o Opera - Cole\u00e7\u00f5es Costa Verde.Uma orquestra e os seus solistas. Opera \u00e9 uma linha rom\u00e2ntica concebida com formas completares. Compre Opera online!\" role=\"img\" ><\/div>\n\t\t\t\t\t\t\t\t\t\t\t<div class=\"elementor-gallery-item__overlay\"><\/div>\n\t\t\t\t\t\t\t\t\t\t\t\t\t\t<\/a>\n\t\t\t\t\t\t\t<a class=\"e-gallery-item elementor-gallery-item elementor-animated-content\" href=\"https:\/\/pro.costa-verde.com\/wp-content\/uploads\/2020\/11\/201105COSTAVERDEOPERA0225.jpg\" data-elementor-open-lightbox=\"yes\" data-elementor-lightbox-slideshow=\"b42b775\" data-elementor-lightbox-title=\"201105COSTAVERDEOPERA0225\" data-e-action-hash=\"#elementor-action%3Aaction%3Dlightbox%26settings%3DeyJpZCI6OTc0NywidXJsIjoiaHR0cHM6XC9cL3Byby5jb3N0YS12ZXJkZS5jb21cL3dwLWNvbnRlbnRcL3VwbG9hZHNcLzIwMjBcLzExXC8yMDExMDVDT1NUQVZFUkRFT1BFUkEwMjI1LmpwZyIsInNsaWRlc2hvdyI6ImI0MmI3NzUifQ%3D%3D\">\n\t\t\t\t\t<div class=\"e-gallery-image elementor-gallery-item__image\" data-thumbnail=\"https:\/\/pro.costa-verde.com\/wp-content\/uploads\/2020\/11\/201105COSTAVERDEOPERA0225-768x965.jpg\" data-width=\"768\" data-height=\"965\" aria-label=\"\" role=\"img\" ><\/div>\n\t\t\t\t\t\t\t\t\t\t\t<div class=\"elementor-gallery-item__overlay\"><\/div>\n\t\t\t\t\t\t\t\t\t\t\t\t\t\t<\/a>\n\t\t\t\t\t\t\t<a class=\"e-gallery-item elementor-gallery-item elementor-animated-content\" href=\"https:\/\/pro.costa-verde.com\/wp-content\/uploads\/2020\/11\/201105COSTAVERDEOPERA0215.jpg\" data-elementor-open-lightbox=\"yes\" data-elementor-lightbox-slideshow=\"b42b775\" data-elementor-lightbox-title=\"201105COSTAVERDEOPERA0215\" data-e-action-hash=\"#elementor-action%3Aaction%3Dlightbox%26settings%3DeyJpZCI6OTc0NiwidXJsIjoiaHR0cHM6XC9cL3Byby5jb3N0YS12ZXJkZS5jb21cL3dwLWNvbnRlbnRcL3VwbG9hZHNcLzIwMjBcLzExXC8yMDExMDVDT1NUQVZFUkRFT1BFUkEwMjE1LmpwZyIsInNsaWRlc2hvdyI6ImI0MmI3NzUifQ%3D%3D\">\n\t\t\t\t\t<div class=\"e-gallery-image elementor-gallery-item__image\" data-thumbnail=\"https:\/\/pro.costa-verde.com\/wp-content\/uploads\/2020\/11\/201105COSTAVERDEOPERA0215-768x577.jpg\" data-width=\"768\" data-height=\"577\" aria-label=\"\" role=\"img\" ><\/div>\n\t\t\t\t\t\t\t\t\t\t\t<div class=\"elementor-gallery-item__overlay\"><\/div>\n\t\t\t\t\t\t\t\t\t\t\t\t\t\t<\/a>\n\t\t\t\t\t\t\t<a class=\"e-gallery-item elementor-gallery-item elementor-animated-content\" href=\"https:\/\/pro.costa-verde.com\/wp-content\/uploads\/2020\/11\/201105COSTAVERDEOPERA0203.jpg\" data-elementor-open-lightbox=\"yes\" data-elementor-lightbox-slideshow=\"b42b775\" data-elementor-lightbox-title=\"201105COSTAVERDEOPERA0203\" data-e-action-hash=\"#elementor-action%3Aaction%3Dlightbox%26settings%3DeyJpZCI6OTc0NCwidXJsIjoiaHR0cHM6XC9cL3Byby5jb3N0YS12ZXJkZS5jb21cL3dwLWNvbnRlbnRcL3VwbG9hZHNcLzIwMjBcLzExXC8yMDExMDVDT1NUQVZFUkRFT1BFUkEwMjAzLmpwZyIsInNsaWRlc2hvdyI6ImI0MmI3NzUifQ%3D%3D\">\n\t\t\t\t\t<div class=\"e-gallery-image elementor-gallery-item__image\" data-thumbnail=\"https:\/\/pro.costa-verde.com\/wp-content\/uploads\/2020\/11\/201105COSTAVERDEOPERA0203-768x576.jpg\" data-width=\"768\" data-height=\"576\" aria-label=\"\" role=\"img\" ><\/div>\n\t\t\t\t\t\t\t\t\t\t\t<div class=\"elementor-gallery-item__overlay\"><\/div>\n\t\t\t\t\t\t\t\t\t\t\t\t\t\t<\/a>\n\t\t\t\t\t<\/div>\n\t\t\t\t\t<\/div>\n\t\t\t\t<\/div>\n\t\t\t\t\t<\/div>\n\t\t<\/div>\n\t\t\t\t<div class=\"elementor-column elementor-col-50 elementor-top-column elementor-element elementor-element-0291c3a\" data-id=\"0291c3a\" data-element_type=\"column\" data-settings=\"{&quot;motion_fx_motion_fx_scrolling&quot;:&quot;yes&quot;,&quot;motion_fx_translateY_effect&quot;:&quot;yes&quot;,&quot;motion_fx_translateY_direction&quot;:&quot;negative&quot;,&quot;motion_fx_devices&quot;:[&quot;desktop&quot;],&quot;motion_fx_translateY_speed&quot;:{&quot;unit&quot;:&quot;px&quot;,&quot;size&quot;:4,&quot;sizes&quot;:[]},&quot;motion_fx_translateY_affectedRange&quot;:{&quot;unit&quot;:&quot;%&quot;,&quot;size&quot;:&quot;&quot;,&quot;sizes&quot;:{&quot;start&quot;:0,&quot;end&quot;:100}}}\">\n\t\t\t<div class=\"elementor-widget-wrap elementor-element-populated\">\n\t\t\t\t\t\t<div class=\"elementor-element elementor-element-982df95 lust elementor-widget elementor-widget-text-editor\" data-id=\"982df95\" data-element_type=\"widget\" data-widget_type=\"text-editor.default\">\n\t\t\t\t<div class=\"elementor-widget-container\">\n\t\t\t\t\t\t\t\t\t<h1>Opera<\/h1>\t\t\t\t\t\t\t\t<\/div>\n\t\t\t\t<\/div>\n\t\t\t\t<div class=\"elementor-element elementor-element-8582e90 background-text elementor-absolute elementor-hidden-phone elementor-invisible elementor-widget elementor-widget-text-editor\" data-id=\"8582e90\" data-element_type=\"widget\" data-settings=\"{&quot;_position&quot;:&quot;absolute&quot;,&quot;_animation&quot;:&quot;fadeIn&quot;}\" data-widget_type=\"text-editor.default\">\n\t\t\t\t<div class=\"elementor-widget-container\">\n\t\t\t\t\t\t\t\t\t<p>Opera<\/p>\t\t\t\t\t\t\t\t<\/div>\n\t\t\t\t<\/div>\n\t\t\t\t<div class=\"elementor-element elementor-element-e1d6d4c elementor-widget elementor-widget-text-editor\" data-id=\"e1d6d4c\" data-element_type=\"widget\" data-widget_type=\"text-editor.default\">\n\t\t\t\t<div class=\"elementor-widget-container\">\n\t\t\t\t\t\t\t\t\t<h4>Una orquesta y sus solistas.<\/h4>\t\t\t\t\t\t\t\t<\/div>\n\t\t\t\t<\/div>\n\t\t\t\t<div class=\"elementor-element elementor-element-638f0b0 elementor-widget elementor-widget-text-editor\" data-id=\"638f0b0\" data-element_type=\"widget\" data-widget_type=\"text-editor.default\">\n\t\t\t\t<div class=\"elementor-widget-container\">\n\t\t\t\t\t\t\t\t\t<p>La colecci\u00f3n Opera es una colecci\u00f3n rom\u00e1ntica concebida con un sentido de complementariedad y personalizaci\u00f3n. Una colecci\u00f3n vasta y completa con diversas formas que se complementan, dirigida esencialmente al sector profesional y que da a cada autor la capacidad de infundir en el emplatado su sello personal. Este sentido de la autor\u00eda se refuerza a\u00fan m\u00e1s por la conexi\u00f3n entre la colecci\u00f3n Opera y las colecciones Boheme y Aria, nacidas para acompa\u00f1ar la colecci\u00f3n de base con detalles que enriquecen el conjunto. \u00a0<\/p>\t\t\t\t\t\t\t\t<\/div>\n\t\t\t\t<\/div>\n\t\t\t\t<div class=\"elementor-element elementor-element-ee52c9b lust elementor-widget elementor-widget-text-editor\" data-id=\"ee52c9b\" data-element_type=\"widget\" data-widget_type=\"text-editor.default\">\n\t\t\t\t<div class=\"elementor-widget-container\">\n\t\t\t\t\t\t\t\t\t<h5>Links<\/h5>\t\t\t\t\t\t\t\t<\/div>\n\t\t\t\t<\/div>\n\t\t\t\t<div class=\"elementor-element elementor-element-ce9034c elementor-widget-divider--view-line elementor-widget elementor-widget-divider\" data-id=\"ce9034c\" data-element_type=\"widget\" data-widget_type=\"divider.default\">\n\t\t\t\t<div class=\"elementor-widget-container\">\n\t\t\t\t\t\t\t<div class=\"elementor-divider\">\n\t\t\t<span class=\"elementor-divider-separator\">\n\t\t\t\t\t\t<\/span>\n\t\t<\/div>\n\t\t\t\t\t\t<\/div>\n\t\t\t\t<\/div>\n\t\t\t\t<div class=\"elementor-element elementor-element-8f43c7f elementor-widget__width-auto elementor-widget elementor-widget-button\" data-id=\"8f43c7f\" data-element_type=\"widget\" data-widget_type=\"button.default\">\n\t\t\t\t<div class=\"elementor-widget-container\">\n\t\t\t\t\t\t\t\t\t<div class=\"elementor-button-wrapper\">\n\t\t\t\t\t<a class=\"elementor-button elementor-button-link elementor-size-sm\" href=\"https:\/\/pro.costa-verde.com\/wp-content\/uploads\/2024\/12\/Catalogo_CostaVerde_2024_1.pdf\" target=\"_blank\">\n\t\t\t\t\t\t<span class=\"elementor-button-content-wrapper\">\n\t\t\t\t\t\t<span class=\"elementor-button-icon\">\n\t\t\t\t<i aria-hidden=\"true\" class=\"stroke pe-7s-download\"><\/i>\t\t\t<\/span>\n\t\t\t\t\t\t\t\t\t<span class=\"elementor-button-text\">Cat\u00e1logo<\/span>\n\t\t\t\t\t<\/span>\n\t\t\t\t\t<\/a>\n\t\t\t\t<\/div>\n\t\t\t\t\t\t\t\t<\/div>\n\t\t\t\t<\/div>\n\t\t\t\t<div class=\"elementor-element elementor-element-1a5f7d6 elementor-widget__width-auto elementor-widget elementor-widget-button\" data-id=\"1a5f7d6\" data-element_type=\"widget\" data-widget_type=\"button.default\">\n\t\t\t\t<div class=\"elementor-widget-container\">\n\t\t\t\t\t\t\t\t\t<div class=\"elementor-button-wrapper\">\n\t\t\t\t\t<a class=\"elementor-button elementor-button-link elementor-size-sm\" href=\"https:\/\/pro.costa-verde.com\/wp-content\/uploads\/2021\/09\/Folheto_Opera_web.pdf\" target=\"_blank\">\n\t\t\t\t\t\t<span class=\"elementor-button-content-wrapper\">\n\t\t\t\t\t\t<span class=\"elementor-button-icon\">\n\t\t\t\t<i aria-hidden=\"true\" class=\"stroke pe-7s-download\"><\/i>\t\t\t<\/span>\n\t\t\t\t\t\t\t\t\t<span class=\"elementor-button-text\">Folleto<\/span>\n\t\t\t\t\t<\/span>\n\t\t\t\t\t<\/a>\n\t\t\t\t<\/div>\n\t\t\t\t\t\t\t\t<\/div>\n\t\t\t\t<\/div>\n\t\t\t\t<div class=\"elementor-element elementor-element-6631377 elementor-widget__width-auto elementor-widget elementor-widget-button\" data-id=\"6631377\" data-element_type=\"widget\" data-widget_type=\"button.default\">\n\t\t\t\t<div class=\"elementor-widget-container\">\n\t\t\t\t\t\t\t\t\t<div class=\"elementor-button-wrapper\">\n\t\t\t\t\t<a class=\"elementor-button elementor-button-link elementor-size-sm\" href=\"#elementor-action%3Aaction%3Dpopup%3Aopen%26settings%3DeyJpZCI6MTczNDYsInRvZ2dsZSI6ZmFsc2V9\" target=\"_blank\">\n\t\t\t\t\t\t<span class=\"elementor-button-content-wrapper\">\n\t\t\t\t\t\t<span class=\"elementor-button-icon\">\n\t\t\t\t<i aria-hidden=\"true\" class=\"stroke pe-7s-play\"><\/i>\t\t\t<\/span>\n\t\t\t\t\t\t\t\t\t<span class=\"elementor-button-text\">Video<\/span>\n\t\t\t\t\t<\/span>\n\t\t\t\t\t<\/a>\n\t\t\t\t<\/div>\n\t\t\t\t\t\t\t\t<\/div>\n\t\t\t\t<\/div>\n\t\t\t\t\t<\/div>\n\t\t<\/div>\n\t\t\t\t\t<\/div>\n\t\t<\/section>\n\t\t\t\t<section class=\"elementor-section elementor-top-section elementor-element elementor-element-0f70371 elementor-section-stretched elementor-section-boxed elementor-section-height-default elementor-section-height-default\" data-id=\"0f70371\" data-element_type=\"section\" data-settings=\"{&quot;stretch_section&quot;:&quot;section-stretched&quot;}\">\n\t\t\t\t\t\t<div class=\"elementor-container elementor-column-gap-default\">\n\t\t\t\t\t<div class=\"elementor-column elementor-col-100 elementor-top-column elementor-element elementor-element-f771839\" data-id=\"f771839\" data-element_type=\"column\">\n\t\t\t<div class=\"elementor-widget-wrap elementor-element-populated\">\n\t\t\t\t\t\t<div class=\"elementor-element elementor-element-ba5f8a8 elementor-widget elementor-widget-text-editor\" data-id=\"ba5f8a8\" data-element_type=\"widget\" data-widget_type=\"text-editor.default\">\n\t\t\t\t<div class=\"elementor-widget-container\">\n\t\t\t\t\t\t\t\t\t<h3>Las piezas de la Colecci\u00f3n Opera<\/h3>\t\t\t\t\t\t\t\t<\/div>\n\t\t\t\t<\/div>\n\t\t\t\t<div class=\"elementor-element elementor-element-d92fbe9 elementor-align-center button elementor-widget elementor-widget-button\" data-id=\"d92fbe9\" data-element_type=\"widget\" data-widget_type=\"button.default\">\n\t\t\t\t<div class=\"elementor-widget-container\">\n\t\t\t\t\t\t\t\t\t<div class=\"elementor-button-wrapper\">\n\t\t\t\t\t<a class=\"elementor-button elementor-button-link elementor-size-md\" href=\"https:\/\/pro.costa-verde.com\/es\/colecciones\/\">\n\t\t\t\t\t\t<span class=\"elementor-button-content-wrapper\">\n\t\t\t\t\t\t\t\t\t<span class=\"elementor-button-text\">Ver otras colecciones<\/span>\n\t\t\t\t\t<\/span>\n\t\t\t\t\t<\/a>\n\t\t\t\t<\/div>\n\t\t\t\t\t\t\t\t<\/div>\n\t\t\t\t<\/div>\n\t\t\t\t\t<\/div>\n\t\t<\/div>\n\t\t\t\t\t<\/div>\n\t\t<\/section>\n\t\t\t\t<\/div>\n\t\t","protected":false},"excerpt":{"rendered":"<p>Opera Opera Una orquesta y sus solistas. La colecci\u00f3n Opera es una colecci\u00f3n rom\u00e1ntica concebida con un sentido de complementariedad y personalizaci\u00f3n. Una colecci\u00f3n vasta y completa con diversas formas que se complementan, dirigida esencialmente al sector profesional y que da a cada autor la capacidad de infundir en el emplatado su sello personal. Este [&hellip;]<\/p>\n","protected":false},"author":92,"featured_media":14421,"parent":19108,"menu_order":0,"comment_status":"closed","ping_status":"closed","template":"","meta":{"footnotes":""},"class_list":["post-19190","page","type-page","status-publish","has-post-thumbnail","hentry"],"yoast_head":"<!-- This site is optimized with the Yoast SEO plugin v26.9 - https:\/\/yoast.com\/product\/yoast-seo-wordpress\/ -->\n<title>Opera - Costa Verde<\/title>\n<meta name=\"description\" content=\"Una orquesta y sus solistas. Opera es una colecci\u00f3n rom\u00e1ntica dise\u00f1ada con formas completas. \u00a1Compra Opera online!\" \/>\n<meta name=\"robots\" content=\"index, follow, max-snippet:-1, max-image-preview:large, max-video-preview:-1\" \/>\n<link rel=\"canonical\" href=\"https:\/\/pro.costa-verde.com\/es\/colecciones-costa-verde\/opera\/\" \/>\n<meta property=\"og:locale\" content=\"es_ES\" \/>\n<meta property=\"og:type\" content=\"article\" \/>\n<meta property=\"og:title\" content=\"Opera - Costa Verde\" \/>\n<meta property=\"og:description\" content=\"Una orquesta y sus solistas. Opera es una colecci\u00f3n rom\u00e1ntica dise\u00f1ada con formas completas. \u00a1Compra Opera online!\" \/>\n<meta property=\"og:url\" content=\"https:\/\/pro.costa-verde.com\/es\/colecciones-costa-verde\/opera\/\" \/>\n<meta property=\"og:site_name\" content=\"Costa Verde\" \/>\n<meta property=\"article:publisher\" content=\"https:\/\/www.facebook.com\/costaverdeporcelanas\/\" \/>\n<meta property=\"article:modified_time\" content=\"2024-12-13T15:14:43+00:00\" \/>\n<meta property=\"og:image\" content=\"https:\/\/pro.costa-verde.com\/wp-content\/uploads\/2020\/11\/201105COSTAVERDEOPERA0206.jpg\" \/>\n\t<meta property=\"og:image:width\" content=\"1280\" \/>\n\t<meta property=\"og:image:height\" content=\"960\" \/>\n\t<meta property=\"og:image:type\" content=\"image\/jpeg\" \/>\n<meta name=\"twitter:card\" content=\"summary_large_image\" \/>\n<meta name=\"twitter:label1\" content=\"Tiempo de lectura\" \/>\n\t<meta name=\"twitter:data1\" content=\"9 minutos\" \/>\n<script type=\"application\/ld+json\" class=\"yoast-schema-graph\">{\"@context\":\"https:\/\/schema.org\",\"@graph\":[{\"@type\":\"WebPage\",\"@id\":\"https:\/\/pro.costa-verde.com\/es\/colecciones-costa-verde\/opera\/\",\"url\":\"https:\/\/pro.costa-verde.com\/es\/colecciones-costa-verde\/opera\/\",\"name\":\"Opera - Costa Verde\",\"isPartOf\":{\"@id\":\"https:\/\/pro.costa-verde.com\/#website\"},\"primaryImageOfPage\":{\"@id\":\"https:\/\/pro.costa-verde.com\/es\/colecciones-costa-verde\/opera\/#primaryimage\"},\"image\":{\"@id\":\"https:\/\/pro.costa-verde.com\/es\/colecciones-costa-verde\/opera\/#primaryimage\"},\"thumbnailUrl\":\"https:\/\/pro.costa-verde.com\/wp-content\/uploads\/2020\/11\/201105COSTAVERDEOPERA0206.jpg\",\"datePublished\":\"2021-01-25T12:39:18+00:00\",\"dateModified\":\"2024-12-13T15:14:43+00:00\",\"description\":\"Una orquesta y sus solistas. Opera es una colecci\u00f3n rom\u00e1ntica dise\u00f1ada con formas completas. \u00a1Compra Opera online!\",\"breadcrumb\":{\"@id\":\"https:\/\/pro.costa-verde.com\/es\/colecciones-costa-verde\/opera\/#breadcrumb\"},\"inLanguage\":\"es\",\"potentialAction\":[{\"@type\":\"ReadAction\",\"target\":[\"https:\/\/pro.costa-verde.com\/es\/colecciones-costa-verde\/opera\/\"]}]},{\"@type\":\"ImageObject\",\"inLanguage\":\"es\",\"@id\":\"https:\/\/pro.costa-verde.com\/es\/colecciones-costa-verde\/opera\/#primaryimage\",\"url\":\"https:\/\/pro.costa-verde.com\/wp-content\/uploads\/2020\/11\/201105COSTAVERDEOPERA0206.jpg\",\"contentUrl\":\"https:\/\/pro.costa-verde.com\/wp-content\/uploads\/2020\/11\/201105COSTAVERDEOPERA0206.jpg\",\"width\":1280,\"height\":960,\"caption\":\"Cole\u00e7\u00e3o Opera\"},{\"@type\":\"BreadcrumbList\",\"@id\":\"https:\/\/pro.costa-verde.com\/es\/colecciones-costa-verde\/opera\/#breadcrumb\",\"itemListElement\":[{\"@type\":\"ListItem\",\"position\":1,\"name\":\"In\u00edcio\",\"item\":\"https:\/\/pro.costa-verde.com\/es\/\"},{\"@type\":\"ListItem\",\"position\":2,\"name\":\"Colecciones Costa Verde\",\"item\":\"https:\/\/pro.costa-verde.com\/es\/colecciones-costa-verde\/\"},{\"@type\":\"ListItem\",\"position\":3,\"name\":\"Opera\"}]},{\"@type\":\"WebSite\",\"@id\":\"https:\/\/pro.costa-verde.com\/#website\",\"url\":\"https:\/\/pro.costa-verde.com\/\",\"name\":\"Costa Verde\",\"description\":\"Loja Online\",\"potentialAction\":[{\"@type\":\"SearchAction\",\"target\":{\"@type\":\"EntryPoint\",\"urlTemplate\":\"https:\/\/pro.costa-verde.com\/?s={search_term_string}\"},\"query-input\":{\"@type\":\"PropertyValueSpecification\",\"valueRequired\":true,\"valueName\":\"search_term_string\"}}],\"inLanguage\":\"es\"}]}<\/script>\n<!-- \/ Yoast SEO plugin. -->","yoast_head_json":{"title":"Opera - Costa Verde","description":"Una orquesta y sus solistas. Opera es una colecci\u00f3n rom\u00e1ntica dise\u00f1ada con formas completas. \u00a1Compra Opera online!","robots":{"index":"index","follow":"follow","max-snippet":"max-snippet:-1","max-image-preview":"max-image-preview:large","max-video-preview":"max-video-preview:-1"},"canonical":"https:\/\/pro.costa-verde.com\/es\/colecciones-costa-verde\/opera\/","og_locale":"es_ES","og_type":"article","og_title":"Opera - Costa Verde","og_description":"Una orquesta y sus solistas. Opera es una colecci\u00f3n rom\u00e1ntica dise\u00f1ada con formas completas. \u00a1Compra Opera online!","og_url":"https:\/\/pro.costa-verde.com\/es\/colecciones-costa-verde\/opera\/","og_site_name":"Costa Verde","article_publisher":"https:\/\/www.facebook.com\/costaverdeporcelanas\/","article_modified_time":"2024-12-13T15:14:43+00:00","og_image":[{"width":1280,"height":960,"url":"https:\/\/pro.costa-verde.com\/wp-content\/uploads\/2020\/11\/201105COSTAVERDEOPERA0206.jpg","type":"image\/jpeg"}],"twitter_card":"summary_large_image","twitter_misc":{"Tiempo de lectura":"9 minutos"},"schema":{"@context":"https:\/\/schema.org","@graph":[{"@type":"WebPage","@id":"https:\/\/pro.costa-verde.com\/es\/colecciones-costa-verde\/opera\/","url":"https:\/\/pro.costa-verde.com\/es\/colecciones-costa-verde\/opera\/","name":"Opera - Costa Verde","isPartOf":{"@id":"https:\/\/pro.costa-verde.com\/#website"},"primaryImageOfPage":{"@id":"https:\/\/pro.costa-verde.com\/es\/colecciones-costa-verde\/opera\/#primaryimage"},"image":{"@id":"https:\/\/pro.costa-verde.com\/es\/colecciones-costa-verde\/opera\/#primaryimage"},"thumbnailUrl":"https:\/\/pro.costa-verde.com\/wp-content\/uploads\/2020\/11\/201105COSTAVERDEOPERA0206.jpg","datePublished":"2021-01-25T12:39:18+00:00","dateModified":"2024-12-13T15:14:43+00:00","description":"Una orquesta y sus solistas. Opera es una colecci\u00f3n rom\u00e1ntica dise\u00f1ada con formas completas. \u00a1Compra Opera online!","breadcrumb":{"@id":"https:\/\/pro.costa-verde.com\/es\/colecciones-costa-verde\/opera\/#breadcrumb"},"inLanguage":"es","potentialAction":[{"@type":"ReadAction","target":["https:\/\/pro.costa-verde.com\/es\/colecciones-costa-verde\/opera\/"]}]},{"@type":"ImageObject","inLanguage":"es","@id":"https:\/\/pro.costa-verde.com\/es\/colecciones-costa-verde\/opera\/#primaryimage","url":"https:\/\/pro.costa-verde.com\/wp-content\/uploads\/2020\/11\/201105COSTAVERDEOPERA0206.jpg","contentUrl":"https:\/\/pro.costa-verde.com\/wp-content\/uploads\/2020\/11\/201105COSTAVERDEOPERA0206.jpg","width":1280,"height":960,"caption":"Cole\u00e7\u00e3o Opera"},{"@type":"BreadcrumbList","@id":"https:\/\/pro.costa-verde.com\/es\/colecciones-costa-verde\/opera\/#breadcrumb","itemListElement":[{"@type":"ListItem","position":1,"name":"In\u00edcio","item":"https:\/\/pro.costa-verde.com\/es\/"},{"@type":"ListItem","position":2,"name":"Colecciones Costa Verde","item":"https:\/\/pro.costa-verde.com\/es\/colecciones-costa-verde\/"},{"@type":"ListItem","position":3,"name":"Opera"}]},{"@type":"WebSite","@id":"https:\/\/pro.costa-verde.com\/#website","url":"https:\/\/pro.costa-verde.com\/","name":"Costa Verde","description":"Loja Online","potentialAction":[{"@type":"SearchAction","target":{"@type":"EntryPoint","urlTemplate":"https:\/\/pro.costa-verde.com\/?s={search_term_string}"},"query-input":{"@type":"PropertyValueSpecification","valueRequired":true,"valueName":"search_term_string"}}],"inLanguage":"es"}]}},"_links":{"self":[{"href":"https:\/\/pro.costa-verde.com\/es\/wp-json\/wp\/v2\/pages\/19190","targetHints":{"allow":["GET"]}}],"collection":[{"href":"https:\/\/pro.costa-verde.com\/es\/wp-json\/wp\/v2\/pages"}],"about":[{"href":"https:\/\/pro.costa-verde.com\/es\/wp-json\/wp\/v2\/types\/page"}],"author":[{"embeddable":true,"href":"https:\/\/pro.costa-verde.com\/es\/wp-json\/wp\/v2\/users\/92"}],"replies":[{"embeddable":true,"href":"https:\/\/pro.costa-verde.com\/es\/wp-json\/wp\/v2\/comments?post=19190"}],"version-history":[{"count":15,"href":"https:\/\/pro.costa-verde.com\/es\/wp-json\/wp\/v2\/pages\/19190\/revisions"}],"predecessor-version":[{"id":62573,"href":"https:\/\/pro.costa-verde.com\/es\/wp-json\/wp\/v2\/pages\/19190\/revisions\/62573"}],"up":[{"embeddable":true,"href":"https:\/\/pro.costa-verde.com\/es\/wp-json\/wp\/v2\/pages\/19108"}],"wp:featuredmedia":[{"embeddable":true,"href":"https:\/\/pro.costa-verde.com\/es\/wp-json\/wp\/v2\/media\/14421"}],"wp:attachment":[{"href":"https:\/\/pro.costa-verde.com\/es\/wp-json\/wp\/v2\/media?parent=19190"}],"curies":[{"name":"wp","href":"https:\/\/api.w.org\/{rel}","templated":true}]}}