{"id":19028,"date":"2021-01-25T10:28:07","date_gmt":"2021-01-25T10:28:07","guid":{"rendered":"https:\/\/pro.costa-verde.com\/?page_id=19028"},"modified":"2025-03-21T09:44:05","modified_gmt":"2025-03-21T09:44:05","slug":"politica-privacidad","status":"publish","type":"page","link":"https:\/\/pro.costa-verde.com\/es\/politica-privacidad\/","title":{"rendered":"Pol\u00edtica de privacidad"},"content":{"rendered":"\t\t<div data-elementor-type=\"wp-page\" data-elementor-id=\"19028\" class=\"elementor elementor-19028 elementor-3\" data-elementor-post-type=\"page\">\n\t\t\t\t\t\t<section class=\"elementor-section elementor-top-section elementor-element elementor-element-23a0b483 elementor-section-boxed elementor-section-height-default elementor-section-height-default\" data-id=\"23a0b483\" data-element_type=\"section\">\n\t\t\t\t\t\t<div class=\"elementor-container elementor-column-gap-default\">\n\t\t\t\t\t<div class=\"elementor-column elementor-col-16 elementor-top-column elementor-element elementor-element-4ce9ce2\" data-id=\"4ce9ce2\" data-element_type=\"column\">\n\t\t\t<div class=\"elementor-widget-wrap\">\n\t\t\t\t\t\t\t<\/div>\n\t\t<\/div>\n\t\t\t\t<div class=\"elementor-column elementor-col-66 elementor-top-column elementor-element elementor-element-73a53cb\" data-id=\"73a53cb\" data-element_type=\"column\">\n\t\t\t<div class=\"elementor-widget-wrap elementor-element-populated\">\n\t\t\t\t\t\t<div class=\"elementor-element elementor-element-4c8ff727 elementor-widget elementor-widget-text-editor\" data-id=\"4c8ff727\" data-element_type=\"widget\" data-widget_type=\"text-editor.default\">\n\t\t\t\t<div class=\"elementor-widget-container\">\n\t\t\t\t\t\t\t\t\t<h1 class=\"lust\">Pol\u00edtica de privacidad<\/h1>\t\t\t\t\t\t\t\t<\/div>\n\t\t\t\t<\/div>\n\t\t\t\t<div class=\"elementor-element elementor-element-85c4bea elementor-widget elementor-widget-text-editor\" data-id=\"85c4bea\" data-element_type=\"widget\" data-widget_type=\"text-editor.default\">\n\t\t\t\t<div class=\"elementor-widget-container\">\n\t\t\t\t\t\t\t\t\t<p>La Pol\u00edtica de Privacidad de Datos de la empresa COSTA VERDE tiene como objetivo garantizar la protecci\u00f3n y el uso responsable de los datos personales de sus clientes, proveedores y usuarios del sitio web.<\/p>\n<p><span lang=\"ES-MX\">COSTA VERDE asume sus responsabilidades sociales, ya que sus decisiones tienen en cuenta la comunidad donde opera y el medio ambiente donde se desenvuelve, considerando en el ejercicio de su actividad el respeto a los derechos humanos, la protecci\u00f3n del medio ambiente, el cumplimiento de las normas sociales y el respeto a los valores \u00e9ticos y la inversi\u00f3n en el desarrollo personal de sus empleados, toma en serio la privacidad de sus clientes, parceros de negocio, proveedores y empleados.<\/span><\/p>\n<p><span lang=\"ES-MX\">Por ello, adoptamos las mejores pr\u00e1cticas en materia de datos personales y privacidad, cumpliendo con la legislaci\u00f3n europea vigente en materia de tratamiento de datos personales.<\/span><\/p>\n<h4><strong>Seguridad de la informaci\u00f3n personal<\/strong><\/h4>\n<p>Informaciones Personales: Nombre, direcci\u00f3n, correo electr\u00f3nico, n\u00famero de tel\u00e9fono y otra informaci\u00f3n necesaria para identificar al cliente.<\/p>\n<p><span lang=\"ES-MX\">Datos de Navegaci\u00f3n: Cookies, direcciones IP e informaci\u00f3n de navegaci\u00f3n, recopiladas para mejorar la experiencia del usuario y optimizar el sitio web.<\/span><\/p>\n<p><span lang=\"ES-MX\">Datos de transacciones: Informaci\u00f3n relacionada con compras, pagos y preferencias de productos.<\/span><\/p>\n<h4><strong>Finalidades del Tratamiento de Datos<\/strong><\/h4>\n<p>Tramitaci\u00f3n de Pedidos y Entregas: Informaci\u00f3n para garantizar que los pedidos se entreguen correctamente y en tiempo oportuno.<\/p>\n<p><span lang=\"ES-MX\">Comunicaci\u00f3n con el cliente: uso de datos para enviar actualizaciones de pedidos, informaci\u00f3n de productos y responder a consultas de los clientes.<\/span><\/p>\n<p><span lang=\"ES-MX\">Marketing y Promociones: Datos utilizados para ofrecer promociones, novedades y ofertas, normalmente con el consentimiento del cliente.<\/span><\/p>\n<p><span lang=\"ES-MX\">Mejora del Servicio: Se analizan los datos de navegaci\u00f3n y preferencias para mejorar los servicios, personalizar la experiencia del usuario y realizar mejoras continuas en el sitio web y el servicio.<\/span><\/p>\n<h4><strong>Seguridad de la informaci\u00f3n personal en l\u00ednea<\/strong><\/h4>\n<p>Los datos recopilados en este sitio web tienen como principal finalidad responder a las solicitudes de contacto de los usuarios, as\u00ed como recopilar y analizar datos de tr\u00e1fico an\u00f3nimos, a trav\u00e9s de servicios de estad\u00edsticas externos, que nos permitan mejorar.<\/p>\n<p>Para garantizar la seguridad de los datos y la m\u00e1xima confidencialidad, tratamos la informaci\u00f3n recibida de manera absolutamente confidencial, de acuerdo con nuestras pol\u00edticas y procedimientos internos de seguridad y confidencialidad, que usted puede solicitarnos en cualquier momento.<\/p>\n<p>Por tanto, todos los datos recogidos a trav\u00e9s de los formularios de este sitio web no son facilitados por COSTA VERDE a entidades externas y \u00fanicamente se utilizan para satisfacer las solicitudes de los usuarios, responder a contactos o comunicarles sobre alg\u00fan producto concreto.<\/p>\n<p>Existen diversas circunstancias en las que solicitamos sus datos personales.<\/p>\n<p>Toda su informaci\u00f3n personal ser\u00e1 utilizada \u00fanicamente para su conveniencia en el manejo de su contacto, para su informaci\u00f3n sobre nuestros productos.<\/p>\n<h4 style=\"font-style: normal; font-variant-ligatures: normal; font-variant-caps: normal;\"><span style=\"font-weight: 600;\">Cookies<\/span><\/h4>\n<div>\n<p><span lang=\"ES-MX\">Las cookies son peque\u00f1os archivos de texto que se guardan en el dispositivo de un usuario cuando visita determinados sitios web. En visitas posteriores, el archivo se env\u00eda de nuevo al sitio web de origen, lo que permite identificar las preferencias del usuario.<\/span><\/p>\n<p><span lang=\"ES-MX\">El uso de cookies es ahora una pr\u00e1ctica com\u00fan en la mayor\u00eda de los sitios web, especialmente desde el auge del comercio electr\u00f3nico.<\/span><\/p>\n<p><span lang=\"ES-MX\">En este sitio web, cuando el usuario lo autoriza, utilizamos Cookies de personalizaci\u00f3n y Cookies de estad\u00edsticas, que nos permiten comprender, atrav\u00e9s de la recopilaci\u00f3n de estad\u00edsticas de uso, c\u00f3mo los usuarios navegan por<br>nuestro sitio web y c\u00f3mo podemos mejorar su experiencia y las caracter\u00edsticas del sitio web.<\/span><\/p>\n<p><span lang=\"ES-MX\">La informaci\u00f3n recopilada, as\u00ed como las p\u00e1ginas visitadas o el tiempo de permanencia en el sitio web, no permiten identificar usuarios espec\u00edficos, dado que las visitas son an\u00f3nimas.<\/span><\/p>\n<h4 style=\"font-style: normal; font-variant-ligatures: normal; font-variant-caps: normal;\"><span style=\"font-weight: 600;\">Intercambio de datos<\/span><\/h4>\n<div>\n<p><span lang=\"ES-MX\">COSTA VERDE comparte datos personales solo cuando es necesario para cumplir con sus finalidades, como entregar productos (con transportistas) y procesar pagos (con instituciones financieras).<\/span><\/p>\n<p><span lang=\"ES-MX\">Se podr\u00e1n establecer parcer\u00edas comerciales con fines de marketing y publicidad, pero s\u00f3lo con el consentimiento expl\u00edcito del usuario.<\/span><\/p>\n<p><span lang=\"ES-MX\">Todos los terceros involucrados siguen las pol\u00edticas de protecci\u00f3n de datos requeridas por COSTA VERDE.<\/span><\/p>\n<h4 style=\"font-style: normal; font-variant-ligatures: normal; font-variant-caps: normal;\"><span style=\"font-weight: 600;\">Derechos del sujeto de datos<\/span><\/h4>\n<div>\n<p><span lang=\"ES-MX\">Acceso a los datos: El interesado puede solicitar una copia de sus datos personales.<\/span><\/p>\n<p><span lang=\"ES-MX\">Correcci\u00f3n y Actualizaci\u00f3n: Derecho a actualizar datos inexactos o desactualizados.<\/span><\/p>\n<p><span lang=\"ES-MX\">Revocaci\u00f3n del Consentimiento y Supresi\u00f3n: Los clientes podr\u00e1n solicitar la supresi\u00f3n de sus datos personales, siempre y cuando ello no comprometa las obligaciones legales de COSTA VERDE.<\/span><\/p>\n<p><span lang=\"ES-MX\">Portabilidad de Datos: Derecho a transferir los datos a otra entidad, cuando corresponda.<\/span><\/p>\n<h4 style=\"font-style: normal; font-variant-ligatures: normal; font-variant-caps: normal;\"><span style=\"font-weight: 600;\">Medidas de Seguridad<\/span><\/h4>\n<div>\n<p><span lang=\"ES-MX\">Protecci\u00f3n T\u00e9cnica: COSTA VERDE adopta un sistema de encriptaci\u00f3n, firewall y otras tecnolog\u00edas para evitar accesos no autorizados.<\/span><\/p>\n<p><span lang=\"ES-MX\">Acceso Controlado: S\u00f3lo los empleados autorizados tienen acceso a los datos personales, respetando siempre los principios de confidencialidad.<\/span><\/p>\n<p><span lang=\"ES-MX\">Monitoreo y Auditor\u00eda: Se realizan medidas peri\u00f3dicas de monitoreo y auditor\u00eda de seguridad para garantizar la integridad de los datos.<\/span><\/p>\n<h4 style=\"font-style: normal; font-variant-ligatures: normal; font-variant-caps: normal;\"><span style=\"font-weight: 600;\">Periodo de Conservaci\u00f3n de los datos<\/span><\/h4>\n<div>\n<p><span lang=\"ES-MX\">COSTA VERDE conserva los datos personales durante el tiempo necesario para cumplir con las finalidades para las que fueron recogidos, considerando tambi\u00e9n los plazos legales.<\/span><\/p>\n<p><\/p>\n<h4 style=\"font-style: normal; font-variant-ligatures: normal; font-variant-caps: normal;\"><span style=\"font-weight: 600;\">Cambios en la Pol\u00edtica de Privacidad<\/span><\/h4>\n<div>\n<p><span lang=\"ES-MX\">COSTA VERDE se reserva el derecho de modificar su pol\u00edtica de privacidad en cualquier momento. Los cambios se comunicar\u00e1n a trav\u00e9s de la p\u00e1gina web, pudiendo los clientes consultar la versi\u00f3n actualizada en cualquier momento.<\/span><\/p>\n<p><\/p>\n<h4 style=\"font-style: normal; font-variant-ligatures: normal; font-variant-caps: normal;\"><span style=\"font-weight: 600;\">Contactos y Dudas<\/span><\/h4>\n<div>\n<p><span lang=\"ES-MX\">Para m\u00e1s informaciones, o ejercer los derechos del interesado, los clientes pueden dirigirse al servicio de atenci\u00f3n al cliente o al responsable de protecci\u00f3n de datos de COSTA VERDE.<\/span><\/p>\n<p><span lang=\"ES-MX\">Esta pol\u00edtica es esencial para garantizar que todos los involucrados con la empresa entiendan c\u00f3mo se tratan sus datos y garantizar el cumplimiento de las leyes de protecci\u00f3n de datos, fortaleciendo la confianza entre COSTA VERDE y sus clientes.<\/span><\/p>\n<p><\/p>\n<h4 style=\"font-style: normal; font-variant-ligatures: normal; font-variant-caps: normal;\"><span style=\"font-weight: 600;\">T\u00e9rminos y Condiciones<\/span><\/h4>\n<div>\n<p>Al aceptar los T\u00e9rminos y Condiciones, el usuario consiente la recogida y tratamiento inform\u00e1tico de sus datos, autorizando a que los mismos sean introducidos y mantenidos, durante el tiempo necesario, en una base de datos adecuada.<\/p>\n<p><span lang=\"ES-MX\">El responsable del tratamiento de los datos es COSTA VERDE.<\/span><\/p>\n<p><span lang=\"ES-MX\">De acuerdo con la Ley n\u00b0 67\/98 del 26 de octubre, los Usuarios tienen garantizado el acceso a sus datos y pueden solicitar por escrito su actualizaci\u00f3n, migraci\u00f3n, correcci\u00f3n o eliminaci\u00f3n total, enviando una carta a la direcci\u00f3n Z.I. Vagos \u2013 PO Box 27 3844-909 Vagos, Portugal Tel. +351 234 799 200 (Llamada a la red fija nacional \u2013 disponible de 8:30 a 17:30 horas, del lunes al viernes) o por correo electr\u00f3nico <\/span><span lang=\"ES-MX\"><a href=\"mailto:rgpd@multidados.com\">rgpd@multidados.com<\/a><\/span><span lang=\"ES-MX\">. Para cualquier consulta sobre privacidad o cookies, por favor, contacte con nosotros a trav\u00e9s del correo electr\u00f3nico <\/span><span lang=\"ES-MX\"><a href=\"mailto:rgpd@multidados.com\">rgpd@multidados.com<\/a><\/span><span lang=\"ES-MX\"> desde la consultor\u00eda externa especializada en esta materia.<\/span><\/p>\n<\/div>\n<\/div>\n<\/div>\n<\/div>\n<\/div>\n<\/div>\n<\/div>\n<\/div>\n<p>Gracias, el equipo de RGPD de COSTA VERDE.<\/p>\t\t\t\t\t\t\t\t<\/div>\n\t\t\t\t<\/div>\n\t\t\t\t\t<\/div>\n\t\t<\/div>\n\t\t\t\t<div class=\"elementor-column elementor-col-16 elementor-top-column elementor-element elementor-element-82776ae\" data-id=\"82776ae\" data-element_type=\"column\">\n\t\t\t<div class=\"elementor-widget-wrap\">\n\t\t\t\t\t\t\t<\/div>\n\t\t<\/div>\n\t\t\t\t\t<\/div>\n\t\t<\/section>\n\t\t\t\t<\/div>\n\t\t","protected":false},"excerpt":{"rendered":"<p>Pol\u00edtica de privacidad La Pol\u00edtica de Privacidad de Datos de la empresa COSTA VERDE tiene como objetivo garantizar la protecci\u00f3n y el uso responsable de los datos personales de sus clientes, proveedores y usuarios del sitio web. COSTA VERDE asume sus responsabilidades sociales, ya que sus decisiones tienen en cuenta la comunidad donde opera y [&hellip;]<\/p>\n","protected":false},"author":298,"featured_media":26267,"parent":0,"menu_order":0,"comment_status":"closed","ping_status":"open","template":"","meta":{"footnotes":""},"class_list":["post-19028","page","type-page","status-publish","has-post-thumbnail","hentry"],"yoast_head":"<!-- This site is optimized with the Yoast SEO plugin v26.9 - https:\/\/yoast.com\/product\/yoast-seo-wordpress\/ -->\n<title>Pol\u00edtica de privacidad - Costa Verde<\/title>\n<meta name=\"robots\" content=\"index, follow, max-snippet:-1, max-image-preview:large, max-video-preview:-1\" \/>\n<link rel=\"canonical\" href=\"https:\/\/pro.costa-verde.com\/politica-privacidade\/\" \/>\n<meta property=\"og:locale\" content=\"es_ES\" \/>\n<meta property=\"og:type\" content=\"article\" \/>\n<meta property=\"og:title\" content=\"Pol\u00edtica de privacidad - Costa Verde\" \/>\n<meta property=\"og:description\" content=\"Pol\u00edtica de privacidad La Pol\u00edtica de Privacidad de Datos de la empresa COSTA VERDE tiene como objetivo garantizar la protecci\u00f3n y el uso responsable de los datos personales de sus clientes, proveedores y usuarios del sitio web. COSTA VERDE asume sus responsabilidades sociales, ya que sus decisiones tienen en cuenta la comunidad donde opera y [&hellip;]\" \/>\n<meta property=\"og:url\" content=\"https:\/\/pro.costa-verde.com\/politica-privacidade\/\" \/>\n<meta property=\"og:site_name\" content=\"Costa Verde\" \/>\n<meta property=\"article:publisher\" content=\"https:\/\/www.facebook.com\/costaverdeporcelanas\/\" \/>\n<meta property=\"article:modified_time\" content=\"2025-03-21T09:44:05+00:00\" \/>\n<meta property=\"og:image\" content=\"https:\/\/pro.costa-verde.com\/wp-content\/uploads\/2021\/04\/costa.verde_.png\" \/>\n\t<meta property=\"og:image:width\" content=\"200\" \/>\n\t<meta property=\"og:image:height\" content=\"200\" \/>\n\t<meta property=\"og:image:type\" content=\"image\/png\" \/>\n<meta name=\"twitter:card\" content=\"summary_large_image\" \/>\n<meta name=\"twitter:label1\" content=\"Tiempo de lectura\" \/>\n\t<meta name=\"twitter:data1\" content=\"5 minutos\" \/>\n<script type=\"application\/ld+json\" class=\"yoast-schema-graph\">{\"@context\":\"https:\/\/schema.org\",\"@graph\":[{\"@type\":\"WebPage\",\"@id\":\"https:\/\/pro.costa-verde.com\/politica-privacidade\/\",\"url\":\"https:\/\/pro.costa-verde.com\/politica-privacidade\/\",\"name\":\"Pol\u00edtica de privacidad - Costa Verde\",\"isPartOf\":{\"@id\":\"https:\/\/pro.costa-verde.com\/#website\"},\"primaryImageOfPage\":{\"@id\":\"https:\/\/pro.costa-verde.com\/politica-privacidade\/#primaryimage\"},\"image\":{\"@id\":\"https:\/\/pro.costa-verde.com\/politica-privacidade\/#primaryimage\"},\"thumbnailUrl\":\"https:\/\/pro.costa-verde.com\/wp-content\/uploads\/2021\/04\/costa.verde_.png\",\"datePublished\":\"2021-01-25T10:28:07+00:00\",\"dateModified\":\"2025-03-21T09:44:05+00:00\",\"breadcrumb\":{\"@id\":\"https:\/\/pro.costa-verde.com\/politica-privacidade\/#breadcrumb\"},\"inLanguage\":\"es\",\"potentialAction\":[{\"@type\":\"ReadAction\",\"target\":[\"https:\/\/pro.costa-verde.com\/politica-privacidade\/\"]}]},{\"@type\":\"ImageObject\",\"inLanguage\":\"es\",\"@id\":\"https:\/\/pro.costa-verde.com\/politica-privacidade\/#primaryimage\",\"url\":\"https:\/\/pro.costa-verde.com\/wp-content\/uploads\/2021\/04\/costa.verde_.png\",\"contentUrl\":\"https:\/\/pro.costa-verde.com\/wp-content\/uploads\/2021\/04\/costa.verde_.png\",\"width\":200,\"height\":200,\"caption\":\"Costa Verde - Canal de Denuncias\"},{\"@type\":\"BreadcrumbList\",\"@id\":\"https:\/\/pro.costa-verde.com\/politica-privacidade\/#breadcrumb\",\"itemListElement\":[{\"@type\":\"ListItem\",\"position\":1,\"name\":\"In\u00edcio\",\"item\":\"https:\/\/pro.costa-verde.com\/es\/\"},{\"@type\":\"ListItem\",\"position\":2,\"name\":\"Pol\u00edtica de privacidad\"}]},{\"@type\":\"WebSite\",\"@id\":\"https:\/\/pro.costa-verde.com\/#website\",\"url\":\"https:\/\/pro.costa-verde.com\/\",\"name\":\"Costa Verde\",\"description\":\"Loja Online\",\"potentialAction\":[{\"@type\":\"SearchAction\",\"target\":{\"@type\":\"EntryPoint\",\"urlTemplate\":\"https:\/\/pro.costa-verde.com\/?s={search_term_string}\"},\"query-input\":{\"@type\":\"PropertyValueSpecification\",\"valueRequired\":true,\"valueName\":\"search_term_string\"}}],\"inLanguage\":\"es\"}]}<\/script>\n<!-- \/ Yoast SEO plugin. -->","yoast_head_json":{"title":"Pol\u00edtica de privacidad - Costa Verde","robots":{"index":"index","follow":"follow","max-snippet":"max-snippet:-1","max-image-preview":"max-image-preview:large","max-video-preview":"max-video-preview:-1"},"canonical":"https:\/\/pro.costa-verde.com\/politica-privacidade\/","og_locale":"es_ES","og_type":"article","og_title":"Pol\u00edtica de privacidad - Costa Verde","og_description":"Pol\u00edtica de privacidad La Pol\u00edtica de Privacidad de Datos de la empresa COSTA VERDE tiene como objetivo garantizar la protecci\u00f3n y el uso responsable de los datos personales de sus clientes, proveedores y usuarios del sitio web. COSTA VERDE asume sus responsabilidades sociales, ya que sus decisiones tienen en cuenta la comunidad donde opera y [&hellip;]","og_url":"https:\/\/pro.costa-verde.com\/politica-privacidade\/","og_site_name":"Costa Verde","article_publisher":"https:\/\/www.facebook.com\/costaverdeporcelanas\/","article_modified_time":"2025-03-21T09:44:05+00:00","og_image":[{"width":200,"height":200,"url":"https:\/\/pro.costa-verde.com\/wp-content\/uploads\/2021\/04\/costa.verde_.png","type":"image\/png"}],"twitter_card":"summary_large_image","twitter_misc":{"Tiempo de lectura":"5 minutos"},"schema":{"@context":"https:\/\/schema.org","@graph":[{"@type":"WebPage","@id":"https:\/\/pro.costa-verde.com\/politica-privacidade\/","url":"https:\/\/pro.costa-verde.com\/politica-privacidade\/","name":"Pol\u00edtica de privacidad - Costa Verde","isPartOf":{"@id":"https:\/\/pro.costa-verde.com\/#website"},"primaryImageOfPage":{"@id":"https:\/\/pro.costa-verde.com\/politica-privacidade\/#primaryimage"},"image":{"@id":"https:\/\/pro.costa-verde.com\/politica-privacidade\/#primaryimage"},"thumbnailUrl":"https:\/\/pro.costa-verde.com\/wp-content\/uploads\/2021\/04\/costa.verde_.png","datePublished":"2021-01-25T10:28:07+00:00","dateModified":"2025-03-21T09:44:05+00:00","breadcrumb":{"@id":"https:\/\/pro.costa-verde.com\/politica-privacidade\/#breadcrumb"},"inLanguage":"es","potentialAction":[{"@type":"ReadAction","target":["https:\/\/pro.costa-verde.com\/politica-privacidade\/"]}]},{"@type":"ImageObject","inLanguage":"es","@id":"https:\/\/pro.costa-verde.com\/politica-privacidade\/#primaryimage","url":"https:\/\/pro.costa-verde.com\/wp-content\/uploads\/2021\/04\/costa.verde_.png","contentUrl":"https:\/\/pro.costa-verde.com\/wp-content\/uploads\/2021\/04\/costa.verde_.png","width":200,"height":200,"caption":"Costa Verde - Canal de Denuncias"},{"@type":"BreadcrumbList","@id":"https:\/\/pro.costa-verde.com\/politica-privacidade\/#breadcrumb","itemListElement":[{"@type":"ListItem","position":1,"name":"In\u00edcio","item":"https:\/\/pro.costa-verde.com\/es\/"},{"@type":"ListItem","position":2,"name":"Pol\u00edtica de privacidad"}]},{"@type":"WebSite","@id":"https:\/\/pro.costa-verde.com\/#website","url":"https:\/\/pro.costa-verde.com\/","name":"Costa Verde","description":"Loja Online","potentialAction":[{"@type":"SearchAction","target":{"@type":"EntryPoint","urlTemplate":"https:\/\/pro.costa-verde.com\/?s={search_term_string}"},"query-input":{"@type":"PropertyValueSpecification","valueRequired":true,"valueName":"search_term_string"}}],"inLanguage":"es"}]}},"_links":{"self":[{"href":"https:\/\/pro.costa-verde.com\/es\/wp-json\/wp\/v2\/pages\/19028","targetHints":{"allow":["GET"]}}],"collection":[{"href":"https:\/\/pro.costa-verde.com\/es\/wp-json\/wp\/v2\/pages"}],"about":[{"href":"https:\/\/pro.costa-verde.com\/es\/wp-json\/wp\/v2\/types\/page"}],"author":[{"embeddable":true,"href":"https:\/\/pro.costa-verde.com\/es\/wp-json\/wp\/v2\/users\/298"}],"replies":[{"embeddable":true,"href":"https:\/\/pro.costa-verde.com\/es\/wp-json\/wp\/v2\/comments?post=19028"}],"version-history":[{"count":14,"href":"https:\/\/pro.costa-verde.com\/es\/wp-json\/wp\/v2\/pages\/19028\/revisions"}],"predecessor-version":[{"id":63869,"href":"https:\/\/pro.costa-verde.com\/es\/wp-json\/wp\/v2\/pages\/19028\/revisions\/63869"}],"wp:featuredmedia":[{"embeddable":true,"href":"https:\/\/pro.costa-verde.com\/es\/wp-json\/wp\/v2\/media\/26267"}],"wp:attachment":[{"href":"https:\/\/pro.costa-verde.com\/es\/wp-json\/wp\/v2\/media?parent=19028"}],"curies":[{"name":"wp","href":"https:\/\/api.w.org\/{rel}","templated":true}]}}