{"id":19015,"date":"2021-01-25T10:25:12","date_gmt":"2021-01-25T10:25:12","guid":{"rendered":"https:\/\/pro.costa-verde.com\/?page_id=19015"},"modified":"2022-11-17T14:28:28","modified_gmt":"2022-11-17T14:28:28","slug":"contactos","status":"publish","type":"page","link":"https:\/\/pro.costa-verde.com\/es\/contactos\/","title":{"rendered":"Contactos"},"content":{"rendered":"\t\t<div data-elementor-type=\"wp-page\" data-elementor-id=\"19015\" class=\"elementor elementor-19015 elementor-381\" data-elementor-post-type=\"page\">\n\t\t\t\t\t\t<section class=\"elementor-section elementor-top-section elementor-element elementor-element-0430413 elementor-section-boxed elementor-section-height-default elementor-section-height-default\" data-id=\"0430413\" data-element_type=\"section\">\n\t\t\t\t\t\t<div class=\"elementor-container elementor-column-gap-default\">\n\t\t\t\t\t<div class=\"elementor-column elementor-col-50 elementor-top-column elementor-element elementor-element-3587dc4 elementor-invisible\" data-id=\"3587dc4\" data-element_type=\"column\" data-settings=\"{&quot;animation&quot;:&quot;fadeIn&quot;}\">\n\t\t\t<div class=\"elementor-widget-wrap elementor-element-populated\">\n\t\t\t\t\t\t<div class=\"elementor-element elementor-element-982df95 lust elementor-widget elementor-widget-text-editor\" data-id=\"982df95\" data-element_type=\"widget\" data-widget_type=\"text-editor.default\">\n\t\t\t\t<div class=\"elementor-widget-container\">\n\t\t\t\t\t\t\t\t\t<h1>Contactos<\/h1>\t\t\t\t\t\t\t\t<\/div>\n\t\t\t\t<\/div>\n\t\t\t\t<div class=\"elementor-element elementor-element-184d22f lust elementor-widget elementor-widget-text-editor\" data-id=\"184d22f\" data-element_type=\"widget\" data-widget_type=\"text-editor.default\">\n\t\t\t\t<div class=\"elementor-widget-container\">\n\t\t\t\t\t\t\t\t\t<p>Ll\u00e1menos, env\u00edenos un correo electr\u00f3nico a trav\u00e9s de<br \/><a href=\"mailto:geral@costa-verde.com\">geral@costa-verde.com<\/a> o rellene el formulario.<br \/>Estaremos encantados de hablar con usted.<\/p>\t\t\t\t\t\t\t\t<\/div>\n\t\t\t\t<\/div>\n\t\t\t\t<div class=\"elementor-element elementor-element-975df19 elementor-widget-divider--view-line elementor-widget elementor-widget-divider\" data-id=\"975df19\" data-element_type=\"widget\" data-widget_type=\"divider.default\">\n\t\t\t\t<div class=\"elementor-widget-container\">\n\t\t\t\t\t\t\t<div class=\"elementor-divider\">\n\t\t\t<span class=\"elementor-divider-separator\">\n\t\t\t\t\t\t<\/span>\n\t\t<\/div>\n\t\t\t\t\t\t<\/div>\n\t\t\t\t<\/div>\n\t\t\t\t<div class=\"elementor-element elementor-element-3c4e8c7a elementor-widget elementor-widget-text-editor\" data-id=\"3c4e8c7a\" data-element_type=\"widget\" data-widget_type=\"text-editor.default\">\n\t\t\t\t<div class=\"elementor-widget-container\">\n\t\t\t\t\t\t\t\t\t<p>ZI Vagos \u2013 PO Box 27<br \/>3840-385 Vagos, Portugal<\/p><p><strong>L\u00ednea de atenci\u00f3n al cliente:<\/strong><br \/>Tel.\u00a0<a href=\"tel:00351234799200\">+351 234 799 200<\/a> <span style=\"font-size: 10pt;\">(Costo de una llamada internacional, disponible de 8h30 a 17h30, de lunes a viernes)<\/span><br \/>Correo electr\u00f3nico. <a href=\"mailto:geral@costa-verde.com\" target=\"_blank\" rel=\"noopener noreferrer\">geral@costa-verde.com<\/a><\/p>\t\t\t\t\t\t\t\t<\/div>\n\t\t\t\t<\/div>\n\t\t\t\t<div class=\"elementor-element elementor-element-f1b50bd elementor-widget elementor-widget-google_maps\" data-id=\"f1b50bd\" data-element_type=\"widget\" data-widget_type=\"google_maps.default\">\n\t\t\t\t<div class=\"elementor-widget-container\">\n\t\t\t\t\t\t\t<div class=\"elementor-custom-embed\">\n\t\t\t<iframe loading=\"lazy\"\n\t\t\t\t\tsrc=\"https:\/\/maps.google.com\/maps?q=ZI%20Vagos%20%E2%80%93%20PO%20Box%2027%203840-385%20Vagos%2C%20Portugal&#038;t=m&#038;z=12&#038;output=embed&#038;iwloc=near\"\n\t\t\t\t\ttitle=\"ZI Vagos \u2013 PO Box 27 3840-385 Vagos, Portugal\"\n\t\t\t\t\taria-label=\"ZI Vagos \u2013 PO Box 27 3840-385 Vagos, Portugal\"\n\t\t\t><\/iframe>\n\t\t<\/div>\n\t\t\t\t\t\t<\/div>\n\t\t\t\t<\/div>\n\t\t\t\t\t<\/div>\n\t\t<\/div>\n\t\t\t\t<div class=\"elementor-column elementor-col-50 elementor-top-column elementor-element elementor-element-17abed0 elementor-invisible\" data-id=\"17abed0\" data-element_type=\"column\" data-settings=\"{&quot;background_background&quot;:&quot;classic&quot;,&quot;animation&quot;:&quot;fadeIn&quot;}\">\n\t\t\t<div class=\"elementor-widget-wrap elementor-element-populated\">\n\t\t\t\t\t\t<div class=\"elementor-element elementor-element-4669319 elementor-widget elementor-widget-text-editor\" data-id=\"4669319\" data-element_type=\"widget\" data-widget_type=\"text-editor.default\">\n\t\t\t\t<div class=\"elementor-widget-container\">\n\t\t\t\t\t\t\t\t\t\n<div class=\"wpcf7 no-js\" id=\"wpcf7-f18998-o1\" lang=\"pt-PT\" dir=\"ltr\" data-wpcf7-id=\"18998\">\n<div class=\"screen-reader-response\"><p role=\"status\" aria-live=\"polite\" aria-atomic=\"true\"><\/p> <ul><\/ul><\/div>\n<form action=\"\/es\/wp-json\/wp\/v2\/pages\/19015#wpcf7-f18998-o1\" method=\"post\" class=\"wpcf7-form init\" aria-label=\"Formul\u00e1rio de contacto\" novalidate=\"novalidate\" data-status=\"init\">\n<fieldset class=\"hidden-fields-container\"><input type=\"hidden\" name=\"_wpcf7\" value=\"18998\" \/><input type=\"hidden\" name=\"_wpcf7_version\" value=\"6.1.4\" \/><input type=\"hidden\" name=\"_wpcf7_locale\" value=\"pt_PT\" \/><input type=\"hidden\" name=\"_wpcf7_unit_tag\" value=\"wpcf7-f18998-o1\" \/><input type=\"hidden\" name=\"_wpcf7_container_post\" value=\"0\" \/><input type=\"hidden\" name=\"_wpcf7_posted_data_hash\" value=\"\" \/><input type=\"hidden\" name=\"_wpcf7_recaptcha_response\" value=\"\" \/>\n<\/fieldset>\n<p><label> Elija una de las siguientes opciones*<br \/>\n<span class=\"wpcf7-form-control-wrap\" data-name=\"assunto\"><select class=\"wpcf7-form-control wpcf7-select wpcf7-validates-as-required\" aria-required=\"true\" aria-invalid=\"false\" name=\"assunto\"><option value=\"\">&#8212;Por favor escolha uma op\u00e7\u00e3o&#8212;<\/option><option value=\"Comercial\">Comercial<\/option><option value=\"Contabilidad\">Contabilidad<\/option><option value=\"Innovaci\u00f3n y Desarrollo\">Innovaci\u00f3n y Desarrollo<\/option><option value=\"Tienda\">Tienda<\/option><option value=\"Marketing\">Marketing<\/option><option value=\"Recursos Humanos\">Recursos Humanos<\/option><option value=\"Sustentabilidad\">Sustentabilidad<\/option><\/select><\/span> <\/label>\n<\/p>\n<p><label> Nombre*<br \/>\n<span class=\"wpcf7-form-control-wrap\" data-name=\"your-name\"><input size=\"40\" maxlength=\"400\" class=\"wpcf7-form-control wpcf7-text wpcf7-validates-as-required\" aria-required=\"true\" aria-invalid=\"false\" value=\"\" type=\"text\" name=\"your-name\" \/><\/span> <\/label>\n<\/p>\n<p><label> Correo electr\u00f3nico*<br \/>\n<span class=\"wpcf7-form-control-wrap\" data-name=\"your-email\"><input size=\"40\" maxlength=\"400\" class=\"wpcf7-form-control wpcf7-email wpcf7-validates-as-required wpcf7-text wpcf7-validates-as-email\" aria-required=\"true\" aria-invalid=\"false\" value=\"\" type=\"email\" name=\"your-email\" \/><\/span> <\/label>\n<\/p>\n<p><label> Tel\u00e9fono*<br \/>\n<span class=\"wpcf7-form-control-wrap\" data-name=\"your-phone\"><input size=\"40\" maxlength=\"400\" class=\"wpcf7-form-control wpcf7-tel wpcf7-validates-as-required wpcf7-text wpcf7-validates-as-tel\" aria-required=\"true\" aria-invalid=\"false\" value=\"\" type=\"tel\" name=\"your-phone\" \/><\/span> <\/label>\n<\/p>\n<p><label> Escriba su mensaje*<br \/>\n<span class=\"wpcf7-form-control-wrap\" data-name=\"your-message\"><textarea cols=\"100\" rows=\"3\" maxlength=\"2000\" class=\"wpcf7-form-control wpcf7-textarea wpcf7-validates-as-required\" aria-required=\"true\" aria-invalid=\"false\" name=\"your-message\"><\/textarea><\/span> <\/label>\n<\/p>\n<p><span class=\"wpcf7-form-control-wrap\" data-name=\"politica\"><span class=\"wpcf7-form-control wpcf7-acceptance\"><span class=\"wpcf7-list-item\"><label><input type=\"checkbox\" name=\"politica\" value=\"1\" aria-invalid=\"false\" \/><span class=\"wpcf7-list-item-label\">Doy mi consentimiento para el tratamiento de datos y acepto la pol\u00edtica de privacidad. *<\/span><\/label><\/span><\/span><\/span>\n<\/p>\n<p><input class=\"wpcf7-form-control wpcf7-submit has-spinner\" type=\"submit\" value=\"Enviar mensaje\" \/>\n<\/p>\n<p>Costa Verde se compromete a aplicar el RGPD. Para procesar sus datos personales, necesitamos su consentimiento. Haga clic <a href=\"https:\/\/pro.costa-verde.com\/es\/politica-privacidad\/\" target=\"_blank\">aqui<\/a> y conozca nuestra pol\u00edtica de privacidad.\n<\/p><div class=\"wpcf7-response-output\" aria-hidden=\"true\"><\/div>\n<\/form>\n<\/div>\n\t\t\t\t\t\t\t\t<\/div>\n\t\t\t\t<\/div>\n\t\t\t\t\t<\/div>\n\t\t<\/div>\n\t\t\t\t\t<\/div>\n\t\t<\/section>\n\t\t\t\t<\/div>\n\t\t","protected":false},"excerpt":{"rendered":"<p>Contactos Ll\u00e1menos, env\u00edenos un correo electr\u00f3nico a trav\u00e9s degeral@costa-verde.com o rellene el formulario.Estaremos encantados de hablar con usted. ZI Vagos \u2013 PO Box 273840-385 Vagos, Portugal L\u00ednea de atenci\u00f3n al cliente:Tel.\u00a0+351 234 799 200 (Costo de una llamada internacional, disponible de 8h30 a 17h30, de lunes a viernes)Correo electr\u00f3nico. geral@costa-verde.com<\/p>\n","protected":false},"author":298,"featured_media":21816,"parent":0,"menu_order":0,"comment_status":"closed","ping_status":"closed","template":"","meta":{"footnotes":""},"class_list":["post-19015","page","type-page","status-publish","has-post-thumbnail","hentry"],"yoast_head":"<!-- This site is optimized with the Yoast SEO plugin v26.9 - https:\/\/yoast.com\/product\/yoast-seo-wordpress\/ -->\n<title>Contactos - Costa Verde<\/title>\n<meta name=\"description\" content=\"\u00bfTienes una pregunta? \u00bfLe gustar\u00eda visitar nuestra sala de exposici\u00f3n o nuestra f\u00e1brica? \u00a1Encuentra nuestros contactos aqu\u00ed!\" \/>\n<meta name=\"robots\" content=\"index, follow, max-snippet:-1, max-image-preview:large, max-video-preview:-1\" \/>\n<link rel=\"canonical\" href=\"https:\/\/pro.costa-verde.com\/contactos\/\" \/>\n<meta property=\"og:locale\" content=\"es_ES\" \/>\n<meta property=\"og:type\" content=\"article\" \/>\n<meta property=\"og:title\" content=\"Contactos - Costa Verde\" \/>\n<meta property=\"og:description\" content=\"\u00bfTienes una pregunta? \u00bfLe gustar\u00eda visitar nuestra sala de exposici\u00f3n o nuestra f\u00e1brica? \u00a1Encuentra nuestros contactos aqu\u00ed!\" \/>\n<meta property=\"og:url\" content=\"https:\/\/pro.costa-verde.com\/contactos\/\" \/>\n<meta property=\"og:site_name\" content=\"Costa Verde\" \/>\n<meta property=\"article:publisher\" content=\"https:\/\/www.facebook.com\/costaverdeporcelanas\/\" \/>\n<meta property=\"article:modified_time\" content=\"2022-11-17T14:28:28+00:00\" \/>\n<meta property=\"og:image\" content=\"https:\/\/pro.costa-verde.com\/wp-content\/uploads\/2021\/02\/86-comprar-porcelana-Costa-Verde.jpg\" \/>\n\t<meta property=\"og:image:width\" content=\"1120\" \/>\n\t<meta property=\"og:image:height\" content=\"600\" \/>\n\t<meta property=\"og:image:type\" content=\"image\/jpeg\" \/>\n<meta name=\"twitter:card\" content=\"summary_large_image\" \/>\n<meta name=\"twitter:label1\" content=\"Tiempo de lectura\" \/>\n\t<meta name=\"twitter:data1\" content=\"1 minuto\" \/>\n<script type=\"application\/ld+json\" class=\"yoast-schema-graph\">{\"@context\":\"https:\/\/schema.org\",\"@graph\":[{\"@type\":\"WebPage\",\"@id\":\"https:\/\/pro.costa-verde.com\/contactos\/\",\"url\":\"https:\/\/pro.costa-verde.com\/contactos\/\",\"name\":\"Contactos - Costa Verde\",\"isPartOf\":{\"@id\":\"https:\/\/pro.costa-verde.com\/#website\"},\"primaryImageOfPage\":{\"@id\":\"https:\/\/pro.costa-verde.com\/contactos\/#primaryimage\"},\"image\":{\"@id\":\"https:\/\/pro.costa-verde.com\/contactos\/#primaryimage\"},\"thumbnailUrl\":\"https:\/\/pro.costa-verde.com\/wp-content\/uploads\/2021\/02\/86-comprar-porcelana-Costa-Verde.jpg\",\"datePublished\":\"2021-01-25T10:25:12+00:00\",\"dateModified\":\"2022-11-17T14:28:28+00:00\",\"description\":\"\u00bfTienes una pregunta? \u00bfLe gustar\u00eda visitar nuestra sala de exposici\u00f3n o nuestra f\u00e1brica? \u00a1Encuentra nuestros contactos aqu\u00ed!\",\"breadcrumb\":{\"@id\":\"https:\/\/pro.costa-verde.com\/contactos\/#breadcrumb\"},\"inLanguage\":\"es\",\"potentialAction\":[{\"@type\":\"ReadAction\",\"target\":[\"https:\/\/pro.costa-verde.com\/contactos\/\"]}]},{\"@type\":\"ImageObject\",\"inLanguage\":\"es\",\"@id\":\"https:\/\/pro.costa-verde.com\/contactos\/#primaryimage\",\"url\":\"https:\/\/pro.costa-verde.com\/wp-content\/uploads\/2021\/02\/86-comprar-porcelana-Costa-Verde.jpg\",\"contentUrl\":\"https:\/\/pro.costa-verde.com\/wp-content\/uploads\/2021\/02\/86-comprar-porcelana-Costa-Verde.jpg\",\"width\":1120,\"height\":600,\"caption\":\"Contacte-nos! Tem alguma quest\u00e3o? Encontre aqui os nossos contactos! Gostaria de visitar o nosso showroom ou a nossa f\u00e1brica?\"},{\"@type\":\"BreadcrumbList\",\"@id\":\"https:\/\/pro.costa-verde.com\/contactos\/#breadcrumb\",\"itemListElement\":[{\"@type\":\"ListItem\",\"position\":1,\"name\":\"In\u00edcio\",\"item\":\"https:\/\/pro.costa-verde.com\/es\/\"},{\"@type\":\"ListItem\",\"position\":2,\"name\":\"Contactos\"}]},{\"@type\":\"WebSite\",\"@id\":\"https:\/\/pro.costa-verde.com\/#website\",\"url\":\"https:\/\/pro.costa-verde.com\/\",\"name\":\"Costa Verde\",\"description\":\"Loja Online\",\"potentialAction\":[{\"@type\":\"SearchAction\",\"target\":{\"@type\":\"EntryPoint\",\"urlTemplate\":\"https:\/\/pro.costa-verde.com\/?s={search_term_string}\"},\"query-input\":{\"@type\":\"PropertyValueSpecification\",\"valueRequired\":true,\"valueName\":\"search_term_string\"}}],\"inLanguage\":\"es\"}]}<\/script>\n<!-- \/ Yoast SEO plugin. -->","yoast_head_json":{"title":"Contactos - Costa Verde","description":"\u00bfTienes una pregunta? \u00bfLe gustar\u00eda visitar nuestra sala de exposici\u00f3n o nuestra f\u00e1brica? \u00a1Encuentra nuestros contactos aqu\u00ed!","robots":{"index":"index","follow":"follow","max-snippet":"max-snippet:-1","max-image-preview":"max-image-preview:large","max-video-preview":"max-video-preview:-1"},"canonical":"https:\/\/pro.costa-verde.com\/contactos\/","og_locale":"es_ES","og_type":"article","og_title":"Contactos - Costa Verde","og_description":"\u00bfTienes una pregunta? \u00bfLe gustar\u00eda visitar nuestra sala de exposici\u00f3n o nuestra f\u00e1brica? \u00a1Encuentra nuestros contactos aqu\u00ed!","og_url":"https:\/\/pro.costa-verde.com\/contactos\/","og_site_name":"Costa Verde","article_publisher":"https:\/\/www.facebook.com\/costaverdeporcelanas\/","article_modified_time":"2022-11-17T14:28:28+00:00","og_image":[{"width":1120,"height":600,"url":"https:\/\/pro.costa-verde.com\/wp-content\/uploads\/2021\/02\/86-comprar-porcelana-Costa-Verde.jpg","type":"image\/jpeg"}],"twitter_card":"summary_large_image","twitter_misc":{"Tiempo de lectura":"1 minuto"},"schema":{"@context":"https:\/\/schema.org","@graph":[{"@type":"WebPage","@id":"https:\/\/pro.costa-verde.com\/contactos\/","url":"https:\/\/pro.costa-verde.com\/contactos\/","name":"Contactos - Costa Verde","isPartOf":{"@id":"https:\/\/pro.costa-verde.com\/#website"},"primaryImageOfPage":{"@id":"https:\/\/pro.costa-verde.com\/contactos\/#primaryimage"},"image":{"@id":"https:\/\/pro.costa-verde.com\/contactos\/#primaryimage"},"thumbnailUrl":"https:\/\/pro.costa-verde.com\/wp-content\/uploads\/2021\/02\/86-comprar-porcelana-Costa-Verde.jpg","datePublished":"2021-01-25T10:25:12+00:00","dateModified":"2022-11-17T14:28:28+00:00","description":"\u00bfTienes una pregunta? \u00bfLe gustar\u00eda visitar nuestra sala de exposici\u00f3n o nuestra f\u00e1brica? \u00a1Encuentra nuestros contactos aqu\u00ed!","breadcrumb":{"@id":"https:\/\/pro.costa-verde.com\/contactos\/#breadcrumb"},"inLanguage":"es","potentialAction":[{"@type":"ReadAction","target":["https:\/\/pro.costa-verde.com\/contactos\/"]}]},{"@type":"ImageObject","inLanguage":"es","@id":"https:\/\/pro.costa-verde.com\/contactos\/#primaryimage","url":"https:\/\/pro.costa-verde.com\/wp-content\/uploads\/2021\/02\/86-comprar-porcelana-Costa-Verde.jpg","contentUrl":"https:\/\/pro.costa-verde.com\/wp-content\/uploads\/2021\/02\/86-comprar-porcelana-Costa-Verde.jpg","width":1120,"height":600,"caption":"Contacte-nos! Tem alguma quest\u00e3o? Encontre aqui os nossos contactos! Gostaria de visitar o nosso showroom ou a nossa f\u00e1brica?"},{"@type":"BreadcrumbList","@id":"https:\/\/pro.costa-verde.com\/contactos\/#breadcrumb","itemListElement":[{"@type":"ListItem","position":1,"name":"In\u00edcio","item":"https:\/\/pro.costa-verde.com\/es\/"},{"@type":"ListItem","position":2,"name":"Contactos"}]},{"@type":"WebSite","@id":"https:\/\/pro.costa-verde.com\/#website","url":"https:\/\/pro.costa-verde.com\/","name":"Costa Verde","description":"Loja Online","potentialAction":[{"@type":"SearchAction","target":{"@type":"EntryPoint","urlTemplate":"https:\/\/pro.costa-verde.com\/?s={search_term_string}"},"query-input":{"@type":"PropertyValueSpecification","valueRequired":true,"valueName":"search_term_string"}}],"inLanguage":"es"}]}},"_links":{"self":[{"href":"https:\/\/pro.costa-verde.com\/es\/wp-json\/wp\/v2\/pages\/19015","targetHints":{"allow":["GET"]}}],"collection":[{"href":"https:\/\/pro.costa-verde.com\/es\/wp-json\/wp\/v2\/pages"}],"about":[{"href":"https:\/\/pro.costa-verde.com\/es\/wp-json\/wp\/v2\/types\/page"}],"author":[{"embeddable":true,"href":"https:\/\/pro.costa-verde.com\/es\/wp-json\/wp\/v2\/users\/298"}],"replies":[{"embeddable":true,"href":"https:\/\/pro.costa-verde.com\/es\/wp-json\/wp\/v2\/comments?post=19015"}],"version-history":[{"count":11,"href":"https:\/\/pro.costa-verde.com\/es\/wp-json\/wp\/v2\/pages\/19015\/revisions"}],"predecessor-version":[{"id":48444,"href":"https:\/\/pro.costa-verde.com\/es\/wp-json\/wp\/v2\/pages\/19015\/revisions\/48444"}],"wp:featuredmedia":[{"embeddable":true,"href":"https:\/\/pro.costa-verde.com\/es\/wp-json\/wp\/v2\/media\/21816"}],"wp:attachment":[{"href":"https:\/\/pro.costa-verde.com\/es\/wp-json\/wp\/v2\/media?parent=19015"}],"curies":[{"name":"wp","href":"https:\/\/api.w.org\/{rel}","templated":true}]}}