{"id":32428,"date":"2021-06-29T10:47:59","date_gmt":"2021-06-29T09:48:00","guid":{"rendered":"https:\/\/pro.costa-verde.com\/?post_type=product&#038;p=32428"},"modified":"2021-12-30T15:52:25","modified_gmt":"2021-12-30T15:52:25","slug":"plate-27cm-3","status":"publish","type":"product","link":"https:\/\/pro.costa-verde.com\/en\/produto\/plate-27cm-3\/","title":{"rendered":"Plate 27Cm"},"content":{"rendered":"\t\t<div data-elementor-type=\"product-post\" data-elementor-id=\"32428\" class=\"elementor elementor-32428 elementor-32427\" data-elementor-post-type=\"product\">\n\t\t\t\t\t\t<section class=\"elementor-section elementor-top-section elementor-element elementor-element-6dce9e03 elementor-section-boxed elementor-section-height-default elementor-section-height-default\" data-id=\"6dce9e03\" data-element_type=\"section\">\n\t\t\t\t\t\t<div class=\"elementor-container elementor-column-gap-default\">\n\t\t\t\t\t<div class=\"elementor-column elementor-col-100 elementor-top-column elementor-element elementor-element-81fdf45\" data-id=\"81fdf45\" data-element_type=\"column\">\n\t\t\t<div class=\"elementor-widget-wrap elementor-element-populated\">\n\t\t\t\t\t\t<div class=\"elementor-element elementor-element-5a078657 elementor-widget elementor-widget-text-editor\" data-id=\"5a078657\" data-element_type=\"widget\" data-widget_type=\"text-editor.default\">\n\t\t\t\t<div class=\"elementor-widget-container\">\n\t\t\t\t\t\t\t\t\t<p>O prato 27cm Agma Marino \u00e9 um prato raso que pode ser utilizado com diversos fins, como o de prato de refei\u00e7\u00e3o.<br \/>Combine o vidrado de cor azul e efeito degrad\u00ea, nas formas onduladas desta pe\u00e7a em porcelana, com a frescura do seu prato preferido.<\/p><p>Conhe\u00e7a as pe\u00e7as da cole\u00e7\u00e3o do prato 27cm, <a href=\"https:\/\/pro.costa-verde.com\/colecoes-costa-verde\/agma-marino\/\">Agma Marino<\/a>, e ainda pe\u00e7as de outras <a href=\"https:\/\/pro.costa-verde.com\/colecoes-costa-verde\/\">cole\u00e7\u00f5es Costa Verde<\/a>.<\/p><p><div class=\"bg-margin-for-link\"><input type='hidden' bg_collapse_expand='69d63f06f3ab95045039748' value='69d63f06f3ab95045039748'><input type='hidden' id='bg-show-more-text-69d63f06f3ab95045039748' value='Ver mais'><input type='hidden' id='bg-show-less-text-69d63f06f3ab95045039748' value='Ver menos'><a id='bg-showmore-action-69d63f06f3ab95045039748' class='bg-showmore-plg-link  '  style=\" color:#414141;;\" href='#'>Ver mais<\/a><div id='bg-showmore-hidden-69d63f06f3ab95045039748' ><\/p><p><strong><a href=\"https:\/\/pro.costa-verde.com\/colecoes-costa-verde\/agma-marino\/\">A cole\u00e7\u00e3o Agma Marino<\/a><\/strong><\/p><p>Marino, o azul suave do quinto elemento<\/p><p>Resultado de uma apurada investiga\u00e7\u00e3o e desenvolvimento t\u00e9cnico da Costa Verde, Marino \u00e9 uma nova abordagem de aplica\u00e7\u00e3o de vidrado de cor, caracterizado pela irregularidade e efeito degrad\u00ea.<\/p><p>A <a href=\"https:\/\/pro.costa-verde.com\/colecoes-costa-verde\/agma\/\">linha Agma<\/a>, marcada por relevos ondulados, num jogo de reflexos e sombras, promove assim um conceito in\u00e9dito, criativo e disruptivo \u00e0 arte de empratar.<\/p><p>Uma linha com sentido de performance, visual, toque, pratico e de inspira\u00e7\u00e3o!<\/p><p><strong><a href=\"https:\/\/pro.costa-verde.com\/porcelana-opcao-segura\/\">A Porcelana Costa Verde<\/a><\/strong><\/p><p>Em muitos sentidos, a porcelana \u00e9 excecional. Distingue-se dos demais produtos cera\u0302micos pela coexiste\u0302ncia de tre\u0302s caracteri\u0301sticas te\u0301cnicas, u\u0301nicas e fundamentais: a dureza, a brancura e a translucidez.<\/p><p>Do empratamento ao ambiente da sala, o\u00a0<em>tableware<\/em>\u00a0assume-se como uma forma de express\u00e3o. Na\u00a0<a href=\"https:\/\/pro.costa-verde.com\/sobre-nos\/\">Costa Verde<\/a>, com a nossa experi\u00eancia e saber fazer, produzimos porcelana com um sentido de desempenho e de performance. Do impacto visual \u00e0s sensa\u00e7\u00f5es t\u00e1teis, a porcelana que produzimos \u00e9 pensada para ser vivida e sentida, porque todos os sentidos contam (<a href=\"https:\/\/pro.costa-verde.com\/wp-content\/uploads\/2021\/03\/Catalogo-2021-1.pdf.pagespeed.ce.dZ5B5LtiG4.pdf\">All senses matter<\/a>).<\/p><p>Orgulhosamente fabricadas em Portugal, naquela que provavelmente \u00e9 a melhor\u00a0<a href=\"https:\/\/pro.costa-verde.com\/fabrica-costa-verde\/\">unidade de fabrico de porcelana<\/a>, a Costa Verde, todas as pe\u00e7as s\u00e3o amplamente testadas para resistirem \u00e0 utiliza\u00e7\u00e3o intensa e massiva, como se espera da lou\u00e7a para hotelaria e restaura\u00e7\u00e3o, promovendo a sustentabilidade e a preserva\u00e7\u00e3o do ambiente.<\/p><p><a href=\"https:\/\/pro.costa-verde.com\/colecoes-costa-verde\/\">Conhe\u00e7a todas as cole\u00e7\u00f5es Costa Verde!<\/a> <\/div><\/div><\/p><p>Pe\u00e7as resistentes ao microondas, forno, frigor\u00edfico e m\u00e1quina de lavar.<\/p>\t\t\t\t\t\t\t\t<\/div>\n\t\t\t\t<\/div>\n\t\t\t\t\t<\/div>\n\t\t<\/div>\n\t\t\t\t\t<\/div>\n\t\t<\/section>\n\t\t\t\t<\/div>\n\t\t","protected":false},"excerpt":{"rendered":"<p>Marino, the light blue of the fifth element Considered as the outcome of careful research and technical development by Costa Verde, Marino is a new approach to the application of coloured glaze, characterised by its irregularity and degrade effect. The Agma collection, marked by wavy reliefs, in a game of reflections and shadows, thus promotes [&hellip;]<\/p>\n","protected":false},"featured_media":34481,"comment_status":"open","ping_status":"closed","template":"","meta":[],"product_brand":[],"product_cat":[661],"product_tag":[],"class_list":{"0":"post-32428","1":"product","2":"type-product","3":"status-publish","4":"has-post-thumbnail","6":"product_cat-plates-en-3","7":"pa_colecao-agma-marino-en","9":"first","10":"instock","11":"taxable","12":"shipping-taxable","13":"purchasable","14":"product-type-simple"},"yoast_head":"<!-- This site is optimized with the Yoast SEO plugin v26.9 - https:\/\/yoast.com\/product\/yoast-seo-wordpress\/ -->\n<title>Plate 27Cm - Costa Verde<\/title>\n<meta name=\"description\" content=\"Agma Marino Plate 27Cm\" \/>\n<meta name=\"robots\" content=\"index, follow, max-snippet:-1, max-image-preview:large, max-video-preview:-1\" \/>\n<link rel=\"canonical\" href=\"https:\/\/pro.costa-verde.com\/produto\/prato-27cm-3\/\" \/>\n<meta property=\"og:locale\" content=\"en_US\" \/>\n<meta property=\"og:type\" content=\"article\" \/>\n<meta property=\"og:title\" content=\"Plate 27Cm - Costa Verde\" \/>\n<meta property=\"og:description\" content=\"Agma Marino Plate 27Cm\" \/>\n<meta property=\"og:url\" content=\"https:\/\/pro.costa-verde.com\/produto\/prato-27cm-3\/\" \/>\n<meta property=\"og:site_name\" content=\"Costa Verde\" \/>\n<meta property=\"article:publisher\" content=\"https:\/\/www.facebook.com\/costaverdeporcelanas\/\" \/>\n<meta property=\"article:modified_time\" content=\"2021-12-30T15:52:25+00:00\" \/>\n<meta property=\"og:image\" content=\"https:\/\/pro.costa-verde.com\/wp-content\/uploads\/2021\/09\/Prato-27Cm-Agma-Marino.jpg\" \/>\n\t<meta property=\"og:image:width\" content=\"1920\" \/>\n\t<meta property=\"og:image:height\" content=\"1230\" \/>\n\t<meta property=\"og:image:type\" content=\"image\/jpeg\" \/>\n<meta name=\"twitter:card\" content=\"summary_large_image\" \/>\n<script type=\"application\/ld+json\" class=\"yoast-schema-graph\">{\"@context\":\"https:\/\/schema.org\",\"@graph\":[{\"@type\":\"WebPage\",\"@id\":\"https:\/\/pro.costa-verde.com\/produto\/prato-27cm-3\/\",\"url\":\"https:\/\/pro.costa-verde.com\/produto\/prato-27cm-3\/\",\"name\":\"Plate 27Cm - Costa Verde\",\"isPartOf\":{\"@id\":\"https:\/\/pro.costa-verde.com\/#website\"},\"primaryImageOfPage\":{\"@id\":\"https:\/\/pro.costa-verde.com\/produto\/prato-27cm-3\/#primaryimage\"},\"image\":{\"@id\":\"https:\/\/pro.costa-verde.com\/produto\/prato-27cm-3\/#primaryimage\"},\"thumbnailUrl\":\"https:\/\/pro.costa-verde.com\/wp-content\/uploads\/2021\/09\/Prato-27Cm-Agma-Marino.jpg\",\"datePublished\":\"2021-06-29T09:48:00+00:00\",\"dateModified\":\"2021-12-30T15:52:25+00:00\",\"description\":\"Agma Marino Plate 27Cm\",\"breadcrumb\":{\"@id\":\"https:\/\/pro.costa-verde.com\/produto\/prato-27cm-3\/#breadcrumb\"},\"inLanguage\":\"en-US\",\"potentialAction\":[{\"@type\":\"ReadAction\",\"target\":[\"https:\/\/pro.costa-verde.com\/produto\/prato-27cm-3\/\"]}]},{\"@type\":\"ImageObject\",\"inLanguage\":\"en-US\",\"@id\":\"https:\/\/pro.costa-verde.com\/produto\/prato-27cm-3\/#primaryimage\",\"url\":\"https:\/\/pro.costa-verde.com\/wp-content\/uploads\/2021\/09\/Prato-27Cm-Agma-Marino.jpg\",\"contentUrl\":\"https:\/\/pro.costa-verde.com\/wp-content\/uploads\/2021\/09\/Prato-27Cm-Agma-Marino.jpg\",\"width\":1920,\"height\":1230,\"caption\":\"Plate 27Cm Agma Marino\"},{\"@type\":\"BreadcrumbList\",\"@id\":\"https:\/\/pro.costa-verde.com\/produto\/prato-27cm-3\/#breadcrumb\",\"itemListElement\":[{\"@type\":\"ListItem\",\"position\":1,\"name\":\"In\u00edcio\",\"item\":\"https:\/\/pro.costa-verde.com\/en\/\"},{\"@type\":\"ListItem\",\"position\":2,\"name\":\"Loja online\",\"item\":\"https:\/\/pro.costa-verde.com\/loja-online\/\"},{\"@type\":\"ListItem\",\"position\":3,\"name\":\"Plate 27Cm\"}]},{\"@type\":\"WebSite\",\"@id\":\"https:\/\/pro.costa-verde.com\/#website\",\"url\":\"https:\/\/pro.costa-verde.com\/\",\"name\":\"Costa Verde\",\"description\":\"Loja Online\",\"potentialAction\":[{\"@type\":\"SearchAction\",\"target\":{\"@type\":\"EntryPoint\",\"urlTemplate\":\"https:\/\/pro.costa-verde.com\/?s={search_term_string}\"},\"query-input\":{\"@type\":\"PropertyValueSpecification\",\"valueRequired\":true,\"valueName\":\"search_term_string\"}}],\"inLanguage\":\"en-US\"}]}<\/script>\n<!-- \/ Yoast SEO plugin. -->","yoast_head_json":{"title":"Plate 27Cm - Costa Verde","description":"Agma Marino Plate 27Cm","robots":{"index":"index","follow":"follow","max-snippet":"max-snippet:-1","max-image-preview":"max-image-preview:large","max-video-preview":"max-video-preview:-1"},"canonical":"https:\/\/pro.costa-verde.com\/produto\/prato-27cm-3\/","og_locale":"en_US","og_type":"article","og_title":"Plate 27Cm - Costa Verde","og_description":"Agma Marino Plate 27Cm","og_url":"https:\/\/pro.costa-verde.com\/produto\/prato-27cm-3\/","og_site_name":"Costa Verde","article_publisher":"https:\/\/www.facebook.com\/costaverdeporcelanas\/","article_modified_time":"2021-12-30T15:52:25+00:00","og_image":[{"width":1920,"height":1230,"url":"https:\/\/pro.costa-verde.com\/wp-content\/uploads\/2021\/09\/Prato-27Cm-Agma-Marino.jpg","type":"image\/jpeg"}],"twitter_card":"summary_large_image","schema":{"@context":"https:\/\/schema.org","@graph":[{"@type":"WebPage","@id":"https:\/\/pro.costa-verde.com\/produto\/prato-27cm-3\/","url":"https:\/\/pro.costa-verde.com\/produto\/prato-27cm-3\/","name":"Plate 27Cm - Costa Verde","isPartOf":{"@id":"https:\/\/pro.costa-verde.com\/#website"},"primaryImageOfPage":{"@id":"https:\/\/pro.costa-verde.com\/produto\/prato-27cm-3\/#primaryimage"},"image":{"@id":"https:\/\/pro.costa-verde.com\/produto\/prato-27cm-3\/#primaryimage"},"thumbnailUrl":"https:\/\/pro.costa-verde.com\/wp-content\/uploads\/2021\/09\/Prato-27Cm-Agma-Marino.jpg","datePublished":"2021-06-29T09:48:00+00:00","dateModified":"2021-12-30T15:52:25+00:00","description":"Agma Marino Plate 27Cm","breadcrumb":{"@id":"https:\/\/pro.costa-verde.com\/produto\/prato-27cm-3\/#breadcrumb"},"inLanguage":"en-US","potentialAction":[{"@type":"ReadAction","target":["https:\/\/pro.costa-verde.com\/produto\/prato-27cm-3\/"]}]},{"@type":"ImageObject","inLanguage":"en-US","@id":"https:\/\/pro.costa-verde.com\/produto\/prato-27cm-3\/#primaryimage","url":"https:\/\/pro.costa-verde.com\/wp-content\/uploads\/2021\/09\/Prato-27Cm-Agma-Marino.jpg","contentUrl":"https:\/\/pro.costa-verde.com\/wp-content\/uploads\/2021\/09\/Prato-27Cm-Agma-Marino.jpg","width":1920,"height":1230,"caption":"Plate 27Cm Agma Marino"},{"@type":"BreadcrumbList","@id":"https:\/\/pro.costa-verde.com\/produto\/prato-27cm-3\/#breadcrumb","itemListElement":[{"@type":"ListItem","position":1,"name":"In\u00edcio","item":"https:\/\/pro.costa-verde.com\/en\/"},{"@type":"ListItem","position":2,"name":"Loja online","item":"https:\/\/pro.costa-verde.com\/loja-online\/"},{"@type":"ListItem","position":3,"name":"Plate 27Cm"}]},{"@type":"WebSite","@id":"https:\/\/pro.costa-verde.com\/#website","url":"https:\/\/pro.costa-verde.com\/","name":"Costa Verde","description":"Loja Online","potentialAction":[{"@type":"SearchAction","target":{"@type":"EntryPoint","urlTemplate":"https:\/\/pro.costa-verde.com\/?s={search_term_string}"},"query-input":{"@type":"PropertyValueSpecification","valueRequired":true,"valueName":"search_term_string"}}],"inLanguage":"en-US"}]}},"_links":{"self":[{"href":"https:\/\/pro.costa-verde.com\/en\/wp-json\/wp\/v2\/product\/32428","targetHints":{"allow":["GET"]}}],"collection":[{"href":"https:\/\/pro.costa-verde.com\/en\/wp-json\/wp\/v2\/product"}],"about":[{"href":"https:\/\/pro.costa-verde.com\/en\/wp-json\/wp\/v2\/types\/product"}],"replies":[{"embeddable":true,"href":"https:\/\/pro.costa-verde.com\/en\/wp-json\/wp\/v2\/comments?post=32428"}],"version-history":[{"count":2,"href":"https:\/\/pro.costa-verde.com\/en\/wp-json\/wp\/v2\/product\/32428\/revisions"}],"predecessor-version":[{"id":34715,"href":"https:\/\/pro.costa-verde.com\/en\/wp-json\/wp\/v2\/product\/32428\/revisions\/34715"}],"wp:featuredmedia":[{"embeddable":true,"href":"https:\/\/pro.costa-verde.com\/en\/wp-json\/wp\/v2\/media\/34481"}],"wp:attachment":[{"href":"https:\/\/pro.costa-verde.com\/en\/wp-json\/wp\/v2\/media?parent=32428"}],"wp:term":[{"taxonomy":"product_brand","embeddable":true,"href":"https:\/\/pro.costa-verde.com\/en\/wp-json\/wp\/v2\/product_brand?post=32428"},{"taxonomy":"product_cat","embeddable":true,"href":"https:\/\/pro.costa-verde.com\/en\/wp-json\/wp\/v2\/product_cat?post=32428"},{"taxonomy":"product_tag","embeddable":true,"href":"https:\/\/pro.costa-verde.com\/en\/wp-json\/wp\/v2\/product_tag?post=32428"}],"curies":[{"name":"wp","href":"https:\/\/api.w.org\/{rel}","templated":true}]}}