{"id":18010,"date":"2020-12-07T18:08:26","date_gmt":"2020-12-07T18:08:26","guid":{"rendered":"https:\/\/pro.costa-verde.com\/produto\/saucer-12cm-2\/"},"modified":"2022-01-27T15:56:08","modified_gmt":"2022-01-27T15:56:08","slug":"saucer-12cm-2","status":"publish","type":"product","link":"https:\/\/pro.costa-verde.com\/en\/produto\/saucer-12cm-2\/","title":{"rendered":"Saucer 12cm"},"content":{"rendered":"\t\t<div data-elementor-type=\"product-post\" data-elementor-id=\"18010\" class=\"elementor elementor-18010 elementor-10587\" data-elementor-post-type=\"product\">\n\t\t\t\t\t\t<section class=\"elementor-section elementor-top-section elementor-element elementor-element-72ddc546 elementor-section-boxed elementor-section-height-default elementor-section-height-default\" data-id=\"72ddc546\" data-element_type=\"section\">\n\t\t\t\t\t\t<div class=\"elementor-container elementor-column-gap-default\">\n\t\t\t\t\t<div class=\"elementor-column elementor-col-100 elementor-top-column elementor-element elementor-element-7a9a48f8\" data-id=\"7a9a48f8\" data-element_type=\"column\">\n\t\t\t<div class=\"elementor-widget-wrap elementor-element-populated\">\n\t\t\t\t\t\t\t<\/div>\n\t\t<\/div>\n\t\t\t\t\t<\/div>\n\t\t<\/section>\n\t\t\t\t<section class=\"elementor-section elementor-top-section elementor-element elementor-element-96317ec elementor-section-boxed elementor-section-height-default elementor-section-height-default\" data-id=\"96317ec\" data-element_type=\"section\">\n\t\t\t\t\t\t<div class=\"elementor-container elementor-column-gap-default\">\n\t\t\t\t\t<div class=\"elementor-column elementor-col-100 elementor-top-column elementor-element elementor-element-ff7b26f\" data-id=\"ff7b26f\" data-element_type=\"column\">\n\t\t\t<div class=\"elementor-widget-wrap elementor-element-populated\">\n\t\t\t\t\t\t<div class=\"elementor-element elementor-element-cddca14 elementor-arrows-position-inside elementor-pagination-position-outside elementor-widget elementor-widget-image-carousel\" data-id=\"cddca14\" data-element_type=\"widget\" data-settings=\"{&quot;navigation&quot;:&quot;both&quot;,&quot;autoplay&quot;:&quot;yes&quot;,&quot;pause_on_hover&quot;:&quot;yes&quot;,&quot;pause_on_interaction&quot;:&quot;yes&quot;,&quot;autoplay_speed&quot;:5000,&quot;infinite&quot;:&quot;yes&quot;,&quot;speed&quot;:500}\" data-widget_type=\"image-carousel.default\">\n\t\t\t\t<div class=\"elementor-widget-container\">\n\t\t\t\t\t\t\t<div class=\"elementor-image-carousel-wrapper swiper\" role=\"region\" aria-roledescription=\"carousel\" aria-label=\"Image Carousel\" dir=\"ltr\">\n\t\t\t<div class=\"elementor-image-carousel swiper-wrapper\" aria-live=\"off\">\n\t\t\t\t\t\t\t\t<div class=\"swiper-slide\" role=\"group\" aria-roledescription=\"slide\" aria-label=\"1 of 3\"><a data-elementor-open-lightbox=\"yes\" data-elementor-lightbox-slideshow=\"cddca14\" data-elementor-lightbox-title=\"NOR_Blue_Rim_Chavena_100ml_\" data-e-action-hash=\"#elementor-action%3Aaction%3Dlightbox%26settings%3DeyJpZCI6NDE4MzUsInVybCI6Imh0dHBzOlwvXC9wcm8uY29zdGEtdmVyZGUuY29tXC93cC1jb250ZW50XC91cGxvYWRzXC8yMDIyXC8wMVwvTk9SX0JsdWVfUmltX0NoYXZlbmFfMTAwbWxfLmpwZyIsInNsaWRlc2hvdyI6ImNkZGNhMTQifQ%3D%3D\" href=\"https:\/\/pro.costa-verde.com\/en\/produto\/cup-100ml-2\/\"><figure class=\"swiper-slide-inner\"><img decoding=\"async\" class=\"swiper-slide-image\" src=\"https:\/\/pro.costa-verde.com\/wp-content\/uploads\/2022\/01\/NOR_Blue_Rim_Chavena_100ml_-1024x1024.jpg\" alt=\"Cup 100ml\" \/><figcaption class=\"elementor-image-carousel-caption\">Cup 100ml<\/figcaption><\/figure><\/a><\/div><div class=\"swiper-slide\" role=\"group\" aria-roledescription=\"slide\" aria-label=\"2 of 3\"><a data-elementor-open-lightbox=\"yes\" data-elementor-lightbox-slideshow=\"cddca14\" data-elementor-lightbox-title=\"NOR_Black_Rim_Chavena_100ml_\" data-e-action-hash=\"#elementor-action%3Aaction%3Dlightbox%26settings%3DeyJpZCI6NDE4NjAsInVybCI6Imh0dHBzOlwvXC9wcm8uY29zdGEtdmVyZGUuY29tXC93cC1jb250ZW50XC91cGxvYWRzXC8yMDIyXC8wMVwvTk9SX0JsYWNrX1JpbV9DaGF2ZW5hXzEwMG1sXy5qcGciLCJzbGlkZXNob3ciOiJjZGRjYTE0In0%3D\" href=\"https:\/\/pro.costa-verde.com\/en\/produto\/cup-100ml-2\/\"><figure class=\"swiper-slide-inner\"><img decoding=\"async\" class=\"swiper-slide-image\" src=\"https:\/\/pro.costa-verde.com\/wp-content\/uploads\/2022\/01\/NOR_Black_Rim_Chavena_100ml_-1024x1024.jpg\" alt=\"Cup 100ml\" \/><figcaption class=\"elementor-image-carousel-caption\">Cup 100ml<\/figcaption><\/figure><\/a><\/div><div class=\"swiper-slide\" role=\"group\" aria-roledescription=\"slide\" aria-label=\"3 of 3\"><a data-elementor-open-lightbox=\"yes\" data-elementor-lightbox-slideshow=\"cddca14\" data-elementor-lightbox-title=\"Ch\u00e1vena-100ml-Nordika-Red-Rim_\" data-e-action-hash=\"#elementor-action%3Aaction%3Dlightbox%26settings%3DeyJpZCI6NDE5MjMsInVybCI6Imh0dHBzOlwvXC9wcm8uY29zdGEtdmVyZGUuY29tXC93cC1jb250ZW50XC91cGxvYWRzXC8yMDIyXC8wMVwvQ2hhdmVuYS0xMDBtbC1Ob3JkaWthLVJlZC1SaW1fLTEuanBnIiwic2xpZGVzaG93IjoiY2RkY2ExNCJ9\" href=\"https:\/\/pro.costa-verde.com\/en\/produto\/cup-100ml-2\/\"><figure class=\"swiper-slide-inner\"><img decoding=\"async\" class=\"swiper-slide-image\" src=\"https:\/\/pro.costa-verde.com\/wp-content\/uploads\/2022\/01\/Chavena-100ml-Nordika-Red-Rim_-1-1024x1024.jpg\" alt=\"Cup 100ml\" \/><figcaption class=\"elementor-image-carousel-caption\">Cup 100ml<\/figcaption><\/figure><\/a><\/div>\t\t\t<\/div>\n\t\t\t\t\t\t\t\t\t\t\t\t<div class=\"elementor-swiper-button elementor-swiper-button-prev\" role=\"button\" tabindex=\"0\">\n\t\t\t\t\t\t<i aria-hidden=\"true\" class=\"eicon-chevron-left\"><\/i>\t\t\t\t\t<\/div>\n\t\t\t\t\t<div class=\"elementor-swiper-button elementor-swiper-button-next\" role=\"button\" tabindex=\"0\">\n\t\t\t\t\t\t<i aria-hidden=\"true\" class=\"eicon-chevron-right\"><\/i>\t\t\t\t\t<\/div>\n\t\t\t\t\n\t\t\t\t\t\t\t\t\t<div class=\"swiper-pagination\"><\/div>\n\t\t\t\t\t\t\t\t\t<\/div>\n\t\t\t\t\t\t<\/div>\n\t\t\t\t<\/div>\n\t\t\t\t\t<\/div>\n\t\t<\/div>\n\t\t\t\t\t<\/div>\n\t\t<\/section>\n\t\t\t\t<\/div>\n\t\t","protected":false},"excerpt":{"rendered":"<p>Ch\u00e1vena 100ml Ch\u00e1vena 100ml Ch\u00e1vena 100ml Anterior Seguinte<\/p>\n","protected":false},"featured_media":41701,"comment_status":"open","ping_status":"closed","template":"","meta":[],"product_brand":[],"product_cat":[648],"product_tag":[],"class_list":{"0":"post-18010","1":"product","2":"type-product","3":"status-publish","4":"has-post-thumbnail","6":"product_cat-saucers","7":"pa_colecao-nordika-rim-en","9":"first","10":"instock","11":"taxable","12":"shipping-taxable","13":"product-type-variable"},"yoast_head":"<!-- This site is optimized with the Yoast SEO plugin v26.9 - https:\/\/yoast.com\/product\/yoast-seo-wordpress\/ -->\n<title>Saucer 12cm - Costa Verde<\/title>\n<meta name=\"robots\" content=\"index, follow, max-snippet:-1, max-image-preview:large, max-video-preview:-1\" \/>\n<link rel=\"canonical\" href=\"https:\/\/pro.costa-verde.com\/produto\/pires-12cm-5\/\" \/>\n<meta property=\"og:locale\" content=\"en_US\" \/>\n<meta property=\"og:type\" content=\"article\" \/>\n<meta property=\"og:title\" content=\"Saucer 12cm - Costa Verde\" \/>\n<meta property=\"og:description\" content=\"Ch\u00e1vena 100ml Ch\u00e1vena 100ml Ch\u00e1vena 100ml Anterior Seguinte\" \/>\n<meta property=\"og:url\" content=\"https:\/\/pro.costa-verde.com\/produto\/pires-12cm-5\/\" \/>\n<meta property=\"og:site_name\" content=\"Costa Verde\" \/>\n<meta property=\"article:publisher\" content=\"https:\/\/www.facebook.com\/costaverdeporcelanas\/\" \/>\n<meta property=\"article:modified_time\" content=\"2022-01-27T15:56:08+00:00\" \/>\n<meta property=\"og:image\" content=\"https:\/\/pro.costa-verde.com\/wp-content\/uploads\/2022\/01\/NOR_Blue_Rim_Pires12cm.jpg\" \/>\n\t<meta property=\"og:image:width\" content=\"1920\" \/>\n\t<meta property=\"og:image:height\" content=\"1230\" \/>\n\t<meta property=\"og:image:type\" content=\"image\/jpeg\" \/>\n<meta name=\"twitter:card\" content=\"summary_large_image\" \/>\n<script type=\"application\/ld+json\" class=\"yoast-schema-graph\">{\"@context\":\"https:\/\/schema.org\",\"@graph\":[{\"@type\":\"WebPage\",\"@id\":\"https:\/\/pro.costa-verde.com\/produto\/pires-12cm-5\/\",\"url\":\"https:\/\/pro.costa-verde.com\/produto\/pires-12cm-5\/\",\"name\":\"Saucer 12cm - Costa Verde\",\"isPartOf\":{\"@id\":\"https:\/\/pro.costa-verde.com\/#website\"},\"primaryImageOfPage\":{\"@id\":\"https:\/\/pro.costa-verde.com\/produto\/pires-12cm-5\/#primaryimage\"},\"image\":{\"@id\":\"https:\/\/pro.costa-verde.com\/produto\/pires-12cm-5\/#primaryimage\"},\"thumbnailUrl\":\"https:\/\/pro.costa-verde.com\/wp-content\/uploads\/2022\/01\/NOR_Blue_Rim_Pires12cm.jpg\",\"datePublished\":\"2020-12-07T18:08:26+00:00\",\"dateModified\":\"2022-01-27T15:56:08+00:00\",\"breadcrumb\":{\"@id\":\"https:\/\/pro.costa-verde.com\/produto\/pires-12cm-5\/#breadcrumb\"},\"inLanguage\":\"en-US\",\"potentialAction\":[{\"@type\":\"ReadAction\",\"target\":[\"https:\/\/pro.costa-verde.com\/produto\/pires-12cm-5\/\"]}]},{\"@type\":\"ImageObject\",\"inLanguage\":\"en-US\",\"@id\":\"https:\/\/pro.costa-verde.com\/produto\/pires-12cm-5\/#primaryimage\",\"url\":\"https:\/\/pro.costa-verde.com\/wp-content\/uploads\/2022\/01\/NOR_Blue_Rim_Pires12cm.jpg\",\"contentUrl\":\"https:\/\/pro.costa-verde.com\/wp-content\/uploads\/2022\/01\/NOR_Blue_Rim_Pires12cm.jpg\",\"width\":1920,\"height\":1230,\"caption\":\"NOR_Blue_Rim_Pires12cm\"},{\"@type\":\"BreadcrumbList\",\"@id\":\"https:\/\/pro.costa-verde.com\/produto\/pires-12cm-5\/#breadcrumb\",\"itemListElement\":[{\"@type\":\"ListItem\",\"position\":1,\"name\":\"In\u00edcio\",\"item\":\"https:\/\/pro.costa-verde.com\/en\/\"},{\"@type\":\"ListItem\",\"position\":2,\"name\":\"Loja online\",\"item\":\"https:\/\/pro.costa-verde.com\/loja-online\/\"},{\"@type\":\"ListItem\",\"position\":3,\"name\":\"Saucer 12cm\"}]},{\"@type\":\"WebSite\",\"@id\":\"https:\/\/pro.costa-verde.com\/#website\",\"url\":\"https:\/\/pro.costa-verde.com\/\",\"name\":\"Costa Verde\",\"description\":\"Loja Online\",\"potentialAction\":[{\"@type\":\"SearchAction\",\"target\":{\"@type\":\"EntryPoint\",\"urlTemplate\":\"https:\/\/pro.costa-verde.com\/?s={search_term_string}\"},\"query-input\":{\"@type\":\"PropertyValueSpecification\",\"valueRequired\":true,\"valueName\":\"search_term_string\"}}],\"inLanguage\":\"en-US\"}]}<\/script>\n<!-- \/ Yoast SEO plugin. -->","yoast_head_json":{"title":"Saucer 12cm - Costa Verde","robots":{"index":"index","follow":"follow","max-snippet":"max-snippet:-1","max-image-preview":"max-image-preview:large","max-video-preview":"max-video-preview:-1"},"canonical":"https:\/\/pro.costa-verde.com\/produto\/pires-12cm-5\/","og_locale":"en_US","og_type":"article","og_title":"Saucer 12cm - Costa Verde","og_description":"Ch\u00e1vena 100ml Ch\u00e1vena 100ml Ch\u00e1vena 100ml Anterior Seguinte","og_url":"https:\/\/pro.costa-verde.com\/produto\/pires-12cm-5\/","og_site_name":"Costa Verde","article_publisher":"https:\/\/www.facebook.com\/costaverdeporcelanas\/","article_modified_time":"2022-01-27T15:56:08+00:00","og_image":[{"width":1920,"height":1230,"url":"https:\/\/pro.costa-verde.com\/wp-content\/uploads\/2022\/01\/NOR_Blue_Rim_Pires12cm.jpg","type":"image\/jpeg"}],"twitter_card":"summary_large_image","schema":{"@context":"https:\/\/schema.org","@graph":[{"@type":"WebPage","@id":"https:\/\/pro.costa-verde.com\/produto\/pires-12cm-5\/","url":"https:\/\/pro.costa-verde.com\/produto\/pires-12cm-5\/","name":"Saucer 12cm - Costa Verde","isPartOf":{"@id":"https:\/\/pro.costa-verde.com\/#website"},"primaryImageOfPage":{"@id":"https:\/\/pro.costa-verde.com\/produto\/pires-12cm-5\/#primaryimage"},"image":{"@id":"https:\/\/pro.costa-verde.com\/produto\/pires-12cm-5\/#primaryimage"},"thumbnailUrl":"https:\/\/pro.costa-verde.com\/wp-content\/uploads\/2022\/01\/NOR_Blue_Rim_Pires12cm.jpg","datePublished":"2020-12-07T18:08:26+00:00","dateModified":"2022-01-27T15:56:08+00:00","breadcrumb":{"@id":"https:\/\/pro.costa-verde.com\/produto\/pires-12cm-5\/#breadcrumb"},"inLanguage":"en-US","potentialAction":[{"@type":"ReadAction","target":["https:\/\/pro.costa-verde.com\/produto\/pires-12cm-5\/"]}]},{"@type":"ImageObject","inLanguage":"en-US","@id":"https:\/\/pro.costa-verde.com\/produto\/pires-12cm-5\/#primaryimage","url":"https:\/\/pro.costa-verde.com\/wp-content\/uploads\/2022\/01\/NOR_Blue_Rim_Pires12cm.jpg","contentUrl":"https:\/\/pro.costa-verde.com\/wp-content\/uploads\/2022\/01\/NOR_Blue_Rim_Pires12cm.jpg","width":1920,"height":1230,"caption":"NOR_Blue_Rim_Pires12cm"},{"@type":"BreadcrumbList","@id":"https:\/\/pro.costa-verde.com\/produto\/pires-12cm-5\/#breadcrumb","itemListElement":[{"@type":"ListItem","position":1,"name":"In\u00edcio","item":"https:\/\/pro.costa-verde.com\/en\/"},{"@type":"ListItem","position":2,"name":"Loja online","item":"https:\/\/pro.costa-verde.com\/loja-online\/"},{"@type":"ListItem","position":3,"name":"Saucer 12cm"}]},{"@type":"WebSite","@id":"https:\/\/pro.costa-verde.com\/#website","url":"https:\/\/pro.costa-verde.com\/","name":"Costa Verde","description":"Loja Online","potentialAction":[{"@type":"SearchAction","target":{"@type":"EntryPoint","urlTemplate":"https:\/\/pro.costa-verde.com\/?s={search_term_string}"},"query-input":{"@type":"PropertyValueSpecification","valueRequired":true,"valueName":"search_term_string"}}],"inLanguage":"en-US"}]}},"_links":{"self":[{"href":"https:\/\/pro.costa-verde.com\/en\/wp-json\/wp\/v2\/product\/18010","targetHints":{"allow":["GET"]}}],"collection":[{"href":"https:\/\/pro.costa-verde.com\/en\/wp-json\/wp\/v2\/product"}],"about":[{"href":"https:\/\/pro.costa-verde.com\/en\/wp-json\/wp\/v2\/types\/product"}],"replies":[{"embeddable":true,"href":"https:\/\/pro.costa-verde.com\/en\/wp-json\/wp\/v2\/comments?post=18010"}],"version-history":[{"count":3,"href":"https:\/\/pro.costa-verde.com\/en\/wp-json\/wp\/v2\/product\/18010\/revisions"}],"predecessor-version":[{"id":41991,"href":"https:\/\/pro.costa-verde.com\/en\/wp-json\/wp\/v2\/product\/18010\/revisions\/41991"}],"wp:featuredmedia":[{"embeddable":true,"href":"https:\/\/pro.costa-verde.com\/en\/wp-json\/wp\/v2\/media\/41701"}],"wp:attachment":[{"href":"https:\/\/pro.costa-verde.com\/en\/wp-json\/wp\/v2\/media?parent=18010"}],"wp:term":[{"taxonomy":"product_brand","embeddable":true,"href":"https:\/\/pro.costa-verde.com\/en\/wp-json\/wp\/v2\/product_brand?post=18010"},{"taxonomy":"product_cat","embeddable":true,"href":"https:\/\/pro.costa-verde.com\/en\/wp-json\/wp\/v2\/product_cat?post=18010"},{"taxonomy":"product_tag","embeddable":true,"href":"https:\/\/pro.costa-verde.com\/en\/wp-json\/wp\/v2\/product_tag?post=18010"}],"curies":[{"name":"wp","href":"https:\/\/api.w.org\/{rel}","templated":true}]}}