{"id":67807,"date":"2025-11-25T13:00:20","date_gmt":"2025-11-25T13:00:20","guid":{"rendered":"https:\/\/pro.costa-verde.com\/?page_id=67807"},"modified":"2025-11-28T11:12:18","modified_gmt":"2025-11-28T11:12:18","slug":"costa-verde-at-the-jornadas-tecnicas-da-ceramica-2025","status":"publish","type":"page","link":"https:\/\/pro.costa-verde.com\/en\/costa-verde-at-the-jornadas-tecnicas-da-ceramica-2025\/","title":{"rendered":"Costa Verde at the Jornadas T\u00e9cnicas da Cer\u00e2mica 2025"},"content":{"rendered":"\t\t<div data-elementor-type=\"wp-page\" data-elementor-id=\"67807\" class=\"elementor elementor-67807 elementor-67806\" data-elementor-post-type=\"page\">\n\t\t\t\t\t\t<section class=\"elementor-section elementor-top-section elementor-element elementor-element-4e696d57 elementor-section-boxed elementor-section-height-default elementor-section-height-default\" data-id=\"4e696d57\" data-element_type=\"section\">\n\t\t\t\t\t\t<div class=\"elementor-container elementor-column-gap-default\">\n\t\t\t\t\t<div class=\"elementor-column elementor-col-100 elementor-top-column elementor-element elementor-element-7149df70\" data-id=\"7149df70\" data-element_type=\"column\">\n\t\t\t<div class=\"elementor-widget-wrap elementor-element-populated\">\n\t\t\t\t\t\t<div class=\"elementor-element elementor-element-3311861 elementor-widget elementor-widget-image\" data-id=\"3311861\" data-element_type=\"widget\" data-widget_type=\"image.default\">\n\t\t\t\t<div class=\"elementor-widget-container\">\n\t\t\t\t\t\t\t\t\t\t\t\t\t\t\t<img fetchpriority=\"high\" decoding=\"async\" width=\"800\" height=\"533\" src=\"https:\/\/pro.costa-verde.com\/wp-content\/uploads\/2025\/11\/Apresentacao_Costa_Verde.jpg\" class=\"attachment-large size-large wp-image-67855\" alt=\"\" srcset=\"https:\/\/pro.costa-verde.com\/wp-content\/uploads\/2025\/11\/Apresentacao_Costa_Verde.jpg 800w, https:\/\/pro.costa-verde.com\/wp-content\/uploads\/2025\/11\/Apresentacao_Costa_Verde-300x200.jpg 300w, https:\/\/pro.costa-verde.com\/wp-content\/uploads\/2025\/11\/Apresentacao_Costa_Verde-768x512.jpg 768w, https:\/\/pro.costa-verde.com\/wp-content\/uploads\/2025\/11\/Apresentacao_Costa_Verde-600x400.jpg 600w, https:\/\/pro.costa-verde.com\/wp-content\/uploads\/2025\/11\/Apresentacao_Costa_Verde-120x80.jpg 120w\" sizes=\"(max-width: 800px) 100vw, 800px\" \/>\t\t\t\t\t\t\t\t\t\t\t\t\t\t\t<\/div>\n\t\t\t\t<\/div>\n\t\t\t\t<div class=\"elementor-element elementor-element-7843fbcb elementor-widget elementor-widget-text-editor\" data-id=\"7843fbcb\" data-element_type=\"widget\" data-widget_type=\"text-editor.default\">\n\t\t\t\t<div class=\"elementor-widget-container\">\n\t\t\t\t\t\t\t\t\t<h5 data-start=\"151\" data-end=\"229\"><strong data-start=\"151\" data-end=\"229\">Costa Verde presents R&amp;D projects at the Jornadas T\u00e9cnicas da Cer\u00e2mica 2025<\/strong><\/h5><p data-start=\"231\" data-end=\"583\">Costa Verde took part in the Technical Ceramic Conference, organized by CTCV, held at the Convento de S\u00e3o Francisco in Coimbra on November 19, 20, and 21. The event brought together professionals, companies, and sector entities in a space dedicated to the sharing of knowledge, innovation, and technological development applied to the ceramic industry.<\/p><p data-start=\"585\" data-end=\"967\">On November 20, the company was in the spotlight with the participation of Jorge Marinheiro, Costa Verde\u2019s Technical Director, in the session <em data-start=\"727\" data-end=\"776\">\u201cInnovation Ecosystems in the Ceramic Industry\u201d<\/em>, which brought together representatives from various national industries to present and discuss Research and Development (R&amp;D) work and projects aligned with the sector&#8217;s current challenges.<\/p><p data-start=\"969\" data-end=\"1228\">Costa Verde contributed with a presentation dedicated to its main ongoing research projects \u2014 PorCoating, CiPoCer, LaserCer, and LaserMarKer \u2014 with particular emphasis on the latter two, due to the innovative nature of the laser technologies they incorporate.<\/p><p data-start=\"1230\" data-end=\"1673\">The talk, titled <em data-start=\"1247\" data-end=\"1282\">\u201cLaser Technologies for Ceramics\u201d<\/em>, covered the core objectives of each project and presented some preliminary results illustrated through videos and photographic records of laser technologies applied to porcelain pieces. The four research projects were also featured in the PosterTalks event through poster presentations, offering closer contact with the audience and bringing them nearer to the key details of each project.<\/p><p data-start=\"1675\" data-end=\"1875\">Costa Verde\u2019s presence at the Technical Ceramic Conference reinforces the company\u2019s commitment to innovation, technological development, and the ongoing modernization of the national ceramic industry.<\/p><p data-start=\"1877\" data-end=\"1969\">Costa Verde thanks the organizers for the invitation and the opportunity to share knowledge. See the presentation <a href=\"https:\/\/www.youtube.com\/watch?v=LJ2eYBzAKqs\">here<\/a>!<\/p>\t\t\t\t\t\t\t\t<\/div>\n\t\t\t\t<\/div>\n\t\t\t\t\t<\/div>\n\t\t<\/div>\n\t\t\t\t\t<\/div>\n\t\t<\/section>\n\t\t\t\t<\/div>\n\t\t","protected":false},"excerpt":{"rendered":"<p>Costa Verde presents R&amp;D projects at the Jornadas T\u00e9cnicas da Cer\u00e2mica 2025 Costa Verde took part in the Technical Ceramic Conference, organized by CTCV, held at the Convento de S\u00e3o Francisco in Coimbra on November 19, 20, and 21. The event brought together professionals, companies, and sector entities in a space dedicated to the sharing [&hellip;]<\/p>\n","protected":false},"author":438,"featured_media":67855,"parent":0,"menu_order":0,"comment_status":"open","ping_status":"closed","template":"","meta":{"footnotes":""},"class_list":["post-67807","page","type-page","status-publish","has-post-thumbnail","hentry"],"yoast_head":"<!-- This site is optimized with the Yoast SEO plugin v26.9 - https:\/\/yoast.com\/product\/yoast-seo-wordpress\/ -->\n<title>Costa Verde at the Jornadas T\u00e9cnicas da Cer\u00e2mica 2025<\/title>\n<meta name=\"description\" content=\"Costa Verde took part in the Technical Ceramic Conference, organized by CTCV. Know more about this participation!\" \/>\n<meta name=\"robots\" content=\"index, follow, max-snippet:-1, max-image-preview:large, max-video-preview:-1\" \/>\n<link rel=\"canonical\" href=\"https:\/\/pro.costa-verde.com\/en\/costa-verde-at-the-jornadas-tecnicas-da-ceramica-2025\/\" \/>\n<meta property=\"og:locale\" content=\"en_US\" \/>\n<meta property=\"og:type\" content=\"article\" \/>\n<meta property=\"og:title\" content=\"Costa Verde at the Jornadas T\u00e9cnicas da Cer\u00e2mica 2025\" \/>\n<meta property=\"og:description\" content=\"Costa Verde took part in the Technical Ceramic Conference, organized by CTCV. Know more about this participation!\" \/>\n<meta property=\"og:url\" content=\"https:\/\/pro.costa-verde.com\/en\/costa-verde-at-the-jornadas-tecnicas-da-ceramica-2025\/\" \/>\n<meta property=\"og:site_name\" content=\"Costa Verde\" \/>\n<meta property=\"article:publisher\" content=\"https:\/\/www.facebook.com\/costaverdeporcelanas\/\" \/>\n<meta property=\"article:modified_time\" content=\"2025-11-28T11:12:18+00:00\" \/>\n<meta property=\"og:image\" content=\"https:\/\/pro.costa-verde.com\/wp-content\/uploads\/2025\/11\/Apresentacao_Costa_Verde.jpg\" \/>\n\t<meta property=\"og:image:width\" content=\"800\" \/>\n\t<meta property=\"og:image:height\" content=\"533\" \/>\n\t<meta property=\"og:image:type\" content=\"image\/jpeg\" \/>\n<meta name=\"twitter:card\" content=\"summary_large_image\" \/>\n<meta name=\"twitter:label1\" content=\"Est. reading time\" \/>\n\t<meta name=\"twitter:data1\" content=\"2 minutes\" \/>\n<script type=\"application\/ld+json\" class=\"yoast-schema-graph\">{\"@context\":\"https:\/\/schema.org\",\"@graph\":[{\"@type\":\"WebPage\",\"@id\":\"https:\/\/pro.costa-verde.com\/en\/costa-verde-at-the-jornadas-tecnicas-da-ceramica-2025\/\",\"url\":\"https:\/\/pro.costa-verde.com\/en\/costa-verde-at-the-jornadas-tecnicas-da-ceramica-2025\/\",\"name\":\"Costa Verde at the Jornadas T\u00e9cnicas da Cer\u00e2mica 2025\",\"isPartOf\":{\"@id\":\"https:\/\/pro.costa-verde.com\/#website\"},\"primaryImageOfPage\":{\"@id\":\"https:\/\/pro.costa-verde.com\/en\/costa-verde-at-the-jornadas-tecnicas-da-ceramica-2025\/#primaryimage\"},\"image\":{\"@id\":\"https:\/\/pro.costa-verde.com\/en\/costa-verde-at-the-jornadas-tecnicas-da-ceramica-2025\/#primaryimage\"},\"thumbnailUrl\":\"https:\/\/pro.costa-verde.com\/wp-content\/uploads\/2025\/11\/Apresentacao_Costa_Verde.jpg\",\"datePublished\":\"2025-11-25T13:00:20+00:00\",\"dateModified\":\"2025-11-28T11:12:18+00:00\",\"description\":\"Costa Verde took part in the Technical Ceramic Conference, organized by CTCV. Know more about this participation!\",\"breadcrumb\":{\"@id\":\"https:\/\/pro.costa-verde.com\/en\/costa-verde-at-the-jornadas-tecnicas-da-ceramica-2025\/#breadcrumb\"},\"inLanguage\":\"en-US\",\"potentialAction\":[{\"@type\":\"ReadAction\",\"target\":[\"https:\/\/pro.costa-verde.com\/en\/costa-verde-at-the-jornadas-tecnicas-da-ceramica-2025\/\"]}]},{\"@type\":\"ImageObject\",\"inLanguage\":\"en-US\",\"@id\":\"https:\/\/pro.costa-verde.com\/en\/costa-verde-at-the-jornadas-tecnicas-da-ceramica-2025\/#primaryimage\",\"url\":\"https:\/\/pro.costa-verde.com\/wp-content\/uploads\/2025\/11\/Apresentacao_Costa_Verde.jpg\",\"contentUrl\":\"https:\/\/pro.costa-verde.com\/wp-content\/uploads\/2025\/11\/Apresentacao_Costa_Verde.jpg\",\"width\":800,\"height\":533},{\"@type\":\"BreadcrumbList\",\"@id\":\"https:\/\/pro.costa-verde.com\/en\/costa-verde-at-the-jornadas-tecnicas-da-ceramica-2025\/#breadcrumb\",\"itemListElement\":[{\"@type\":\"ListItem\",\"position\":1,\"name\":\"In\u00edcio\",\"item\":\"https:\/\/pro.costa-verde.com\/en\/\"},{\"@type\":\"ListItem\",\"position\":2,\"name\":\"Costa Verde at the Jornadas T\u00e9cnicas da Cer\u00e2mica 2025\"}]},{\"@type\":\"WebSite\",\"@id\":\"https:\/\/pro.costa-verde.com\/#website\",\"url\":\"https:\/\/pro.costa-verde.com\/\",\"name\":\"Costa Verde\",\"description\":\"Loja Online\",\"potentialAction\":[{\"@type\":\"SearchAction\",\"target\":{\"@type\":\"EntryPoint\",\"urlTemplate\":\"https:\/\/pro.costa-verde.com\/?s={search_term_string}\"},\"query-input\":{\"@type\":\"PropertyValueSpecification\",\"valueRequired\":true,\"valueName\":\"search_term_string\"}}],\"inLanguage\":\"en-US\"}]}<\/script>\n<!-- \/ Yoast SEO plugin. -->","yoast_head_json":{"title":"Costa Verde at the Jornadas T\u00e9cnicas da Cer\u00e2mica 2025","description":"Costa Verde took part in the Technical Ceramic Conference, organized by CTCV. Know more about this participation!","robots":{"index":"index","follow":"follow","max-snippet":"max-snippet:-1","max-image-preview":"max-image-preview:large","max-video-preview":"max-video-preview:-1"},"canonical":"https:\/\/pro.costa-verde.com\/en\/costa-verde-at-the-jornadas-tecnicas-da-ceramica-2025\/","og_locale":"en_US","og_type":"article","og_title":"Costa Verde at the Jornadas T\u00e9cnicas da Cer\u00e2mica 2025","og_description":"Costa Verde took part in the Technical Ceramic Conference, organized by CTCV. Know more about this participation!","og_url":"https:\/\/pro.costa-verde.com\/en\/costa-verde-at-the-jornadas-tecnicas-da-ceramica-2025\/","og_site_name":"Costa Verde","article_publisher":"https:\/\/www.facebook.com\/costaverdeporcelanas\/","article_modified_time":"2025-11-28T11:12:18+00:00","og_image":[{"width":800,"height":533,"url":"https:\/\/pro.costa-verde.com\/wp-content\/uploads\/2025\/11\/Apresentacao_Costa_Verde.jpg","type":"image\/jpeg"}],"twitter_card":"summary_large_image","twitter_misc":{"Est. reading time":"2 minutes"},"schema":{"@context":"https:\/\/schema.org","@graph":[{"@type":"WebPage","@id":"https:\/\/pro.costa-verde.com\/en\/costa-verde-at-the-jornadas-tecnicas-da-ceramica-2025\/","url":"https:\/\/pro.costa-verde.com\/en\/costa-verde-at-the-jornadas-tecnicas-da-ceramica-2025\/","name":"Costa Verde at the Jornadas T\u00e9cnicas da Cer\u00e2mica 2025","isPartOf":{"@id":"https:\/\/pro.costa-verde.com\/#website"},"primaryImageOfPage":{"@id":"https:\/\/pro.costa-verde.com\/en\/costa-verde-at-the-jornadas-tecnicas-da-ceramica-2025\/#primaryimage"},"image":{"@id":"https:\/\/pro.costa-verde.com\/en\/costa-verde-at-the-jornadas-tecnicas-da-ceramica-2025\/#primaryimage"},"thumbnailUrl":"https:\/\/pro.costa-verde.com\/wp-content\/uploads\/2025\/11\/Apresentacao_Costa_Verde.jpg","datePublished":"2025-11-25T13:00:20+00:00","dateModified":"2025-11-28T11:12:18+00:00","description":"Costa Verde took part in the Technical Ceramic Conference, organized by CTCV. Know more about this participation!","breadcrumb":{"@id":"https:\/\/pro.costa-verde.com\/en\/costa-verde-at-the-jornadas-tecnicas-da-ceramica-2025\/#breadcrumb"},"inLanguage":"en-US","potentialAction":[{"@type":"ReadAction","target":["https:\/\/pro.costa-verde.com\/en\/costa-verde-at-the-jornadas-tecnicas-da-ceramica-2025\/"]}]},{"@type":"ImageObject","inLanguage":"en-US","@id":"https:\/\/pro.costa-verde.com\/en\/costa-verde-at-the-jornadas-tecnicas-da-ceramica-2025\/#primaryimage","url":"https:\/\/pro.costa-verde.com\/wp-content\/uploads\/2025\/11\/Apresentacao_Costa_Verde.jpg","contentUrl":"https:\/\/pro.costa-verde.com\/wp-content\/uploads\/2025\/11\/Apresentacao_Costa_Verde.jpg","width":800,"height":533},{"@type":"BreadcrumbList","@id":"https:\/\/pro.costa-verde.com\/en\/costa-verde-at-the-jornadas-tecnicas-da-ceramica-2025\/#breadcrumb","itemListElement":[{"@type":"ListItem","position":1,"name":"In\u00edcio","item":"https:\/\/pro.costa-verde.com\/en\/"},{"@type":"ListItem","position":2,"name":"Costa Verde at the Jornadas T\u00e9cnicas da Cer\u00e2mica 2025"}]},{"@type":"WebSite","@id":"https:\/\/pro.costa-verde.com\/#website","url":"https:\/\/pro.costa-verde.com\/","name":"Costa Verde","description":"Loja Online","potentialAction":[{"@type":"SearchAction","target":{"@type":"EntryPoint","urlTemplate":"https:\/\/pro.costa-verde.com\/?s={search_term_string}"},"query-input":{"@type":"PropertyValueSpecification","valueRequired":true,"valueName":"search_term_string"}}],"inLanguage":"en-US"}]}},"_links":{"self":[{"href":"https:\/\/pro.costa-verde.com\/en\/wp-json\/wp\/v2\/pages\/67807","targetHints":{"allow":["GET"]}}],"collection":[{"href":"https:\/\/pro.costa-verde.com\/en\/wp-json\/wp\/v2\/pages"}],"about":[{"href":"https:\/\/pro.costa-verde.com\/en\/wp-json\/wp\/v2\/types\/page"}],"author":[{"embeddable":true,"href":"https:\/\/pro.costa-verde.com\/en\/wp-json\/wp\/v2\/users\/438"}],"replies":[{"embeddable":true,"href":"https:\/\/pro.costa-verde.com\/en\/wp-json\/wp\/v2\/comments?post=67807"}],"version-history":[{"count":15,"href":"https:\/\/pro.costa-verde.com\/en\/wp-json\/wp\/v2\/pages\/67807\/revisions"}],"predecessor-version":[{"id":67879,"href":"https:\/\/pro.costa-verde.com\/en\/wp-json\/wp\/v2\/pages\/67807\/revisions\/67879"}],"wp:featuredmedia":[{"embeddable":true,"href":"https:\/\/pro.costa-verde.com\/en\/wp-json\/wp\/v2\/media\/67855"}],"wp:attachment":[{"href":"https:\/\/pro.costa-verde.com\/en\/wp-json\/wp\/v2\/media?parent=67807"}],"curies":[{"name":"wp","href":"https:\/\/api.w.org\/{rel}","templated":true}]}}