{"id":61488,"date":"2024-11-19T15:20:45","date_gmt":"2024-11-19T15:20:45","guid":{"rendered":"https:\/\/pro.costa-verde.com\/?page_id=61488"},"modified":"2024-11-19T15:22:01","modified_gmt":"2024-11-19T15:22:01","slug":"costa-verde-supports-associacao-salvador","status":"publish","type":"page","link":"https:\/\/pro.costa-verde.com\/en\/costa-verde-supports-associacao-salvador\/","title":{"rendered":"Costa Verde supports Associa\u00e7\u00e3o Salvador"},"content":{"rendered":"\t\t<div data-elementor-type=\"wp-page\" data-elementor-id=\"61488\" class=\"elementor elementor-61488 elementor-61487\" data-elementor-post-type=\"page\">\n\t\t\t\t\t\t<section class=\"elementor-section elementor-top-section elementor-element elementor-element-4e696d57 elementor-section-boxed elementor-section-height-default elementor-section-height-default\" data-id=\"4e696d57\" data-element_type=\"section\">\n\t\t\t\t\t\t<div class=\"elementor-container elementor-column-gap-default\">\n\t\t\t\t\t<div class=\"elementor-column elementor-col-100 elementor-top-column elementor-element elementor-element-7149df70\" data-id=\"7149df70\" data-element_type=\"column\">\n\t\t\t<div class=\"elementor-widget-wrap elementor-element-populated\">\n\t\t\t\t\t\t<div class=\"elementor-element elementor-element-3311861 elementor-widget elementor-widget-image\" data-id=\"3311861\" data-element_type=\"widget\" data-widget_type=\"image.default\">\n\t\t\t\t<div class=\"elementor-widget-container\">\n\t\t\t\t\t\t\t\t\t\t\t\t\t\t\t<img fetchpriority=\"high\" decoding=\"async\" width=\"1024\" height=\"538\" src=\"https:\/\/pro.costa-verde.com\/wp-content\/uploads\/2024\/11\/Associacao_Salvador_Noticia-1024x538.jpeg\" class=\"attachment-large size-large wp-image-61492\" alt=\"\" srcset=\"https:\/\/pro.costa-verde.com\/wp-content\/uploads\/2024\/11\/Associacao_Salvador_Noticia-1024x538.jpeg 1024w, https:\/\/pro.costa-verde.com\/wp-content\/uploads\/2024\/11\/Associacao_Salvador_Noticia-300x158.jpeg 300w, https:\/\/pro.costa-verde.com\/wp-content\/uploads\/2024\/11\/Associacao_Salvador_Noticia-768x403.jpeg 768w, https:\/\/pro.costa-verde.com\/wp-content\/uploads\/2024\/11\/Associacao_Salvador_Noticia-600x315.jpeg 600w, https:\/\/pro.costa-verde.com\/wp-content\/uploads\/2024\/11\/Associacao_Salvador_Noticia-120x63.jpeg 120w, https:\/\/pro.costa-verde.com\/wp-content\/uploads\/2024\/11\/Associacao_Salvador_Noticia.jpeg 1280w\" sizes=\"(max-width: 1024px) 100vw, 1024px\" \/>\t\t\t\t\t\t\t\t\t\t\t\t\t\t\t<\/div>\n\t\t\t\t<\/div>\n\t\t\t\t<div class=\"elementor-element elementor-element-7843fbcb elementor-widget elementor-widget-text-editor\" data-id=\"7843fbcb\" data-element_type=\"widget\" data-widget_type=\"text-editor.default\">\n\t\t\t\t<div class=\"elementor-widget-container\">\n\t\t\t\t\t\t\t\t\t<p><a href=\"https:\/\/pro.costa-verde.com\/en\/\"><b>Costa Verde<\/b><\/a>, which is renowned for its social accountability, is proud to play an active role within various charitable initiatives. Over the years, the company has proven a constant commitment towards supporting various organisations and social initiatives. Recently, Costa Verde has extended this support to Associa\u00e7\u00e3o Salvador, a non-profit organisation dedicated to improving the quality for people with mobility impairments in Portugal.\u00a0<\/p><p><span style=\"color: var( --e-global-color-text );\"><a href=\"https:\/\/associacaosalvador.com\/\"><b>Associa\u00e7\u00e3o Salvador<\/b><\/a>, which was established back in 2003, has been playing a key role towards promoting social inclusion by supporting and developing projects aimed at the autonomy and accessibility for people with mobility impairments. The association carries out vital work by offering direct support services, such as the Transport Support Programme, Technical Assistance for purchasing mobility equipment and also by developing educational and awareness-raising initiatives. Furthermore, the association is dedicated to promoting labour market inclusion, by providing training and support to people with mobility impairments in order to promote their professional integration.<\/span><\/p><p>The importance of Associa\u00e7\u00e3o Salvador is obvious, by being a key reference point for many citizens with motor disabilities, while providing resources, emotional and practical support, as well as fostering a more inclusive and mindful society. The organisation is thus a benchmark in Portugal when it comes to protecting the rights of disabled people, while decisively contributing towards mentality change and the creation of a more accessible country for all.<\/p><p>Costa Verde&#8217;s cooperation with Associa\u00e7\u00e3o Salvador reflects the company&#8217;s ongoing commitment towards social issues. As part of its support, Costa Verde has made a porcelain donation, thus contributing to the association&#8217;s refurbishment of its facilities, while allowing it to improve the working and accommodation conditions for the people benefiting from the services provided by the organisation.\u00a0<\/p><p>Costa Verde is deeply honoured to contribute towards the positive impact of Associa\u00e7\u00e3o Salvador on the lives of people with mobility impairments, for which it reinforces its commitment towards ongoing support for this and other social projects, benefiting the community as a whole.<\/p>\t\t\t\t\t\t\t\t<\/div>\n\t\t\t\t<\/div>\n\t\t\t\t\t<\/div>\n\t\t<\/div>\n\t\t\t\t\t<\/div>\n\t\t<\/section>\n\t\t\t\t<\/div>\n\t\t","protected":false},"excerpt":{"rendered":"<p>Costa Verde, which is renowned for its social accountability, is proud to play an active role within various charitable initiatives. Over the years, the company has proven a constant commitment towards supporting various organisations and social initiatives. Recently, Costa Verde has extended this support to Associa\u00e7\u00e3o Salvador, a non-profit organisation dedicated to improving the quality [&hellip;]<\/p>\n","protected":false},"author":438,"featured_media":61492,"parent":0,"menu_order":0,"comment_status":"open","ping_status":"closed","template":"","meta":{"footnotes":""},"class_list":["post-61488","page","type-page","status-publish","has-post-thumbnail","hentry"],"yoast_head":"<!-- This site is optimized with the Yoast SEO plugin v26.9 - https:\/\/yoast.com\/product\/yoast-seo-wordpress\/ -->\n<title>Costa Verde supports Associa\u00e7\u00e3o Salvador - Costa Verde<\/title>\n<meta name=\"description\" content=\"Associa\u00e7\u00e3o Salvador, has been playing a key role towards promoting social inclusion by supporting and developing projects aimed at the autonomy and accessibility for people with mobility impairments.\" \/>\n<meta name=\"robots\" content=\"index, follow, max-snippet:-1, max-image-preview:large, max-video-preview:-1\" \/>\n<link rel=\"canonical\" href=\"https:\/\/pro.costa-verde.com\/costa-verde-apoia-associacao-salvador\/\" \/>\n<meta property=\"og:locale\" content=\"en_US\" \/>\n<meta property=\"og:type\" content=\"article\" \/>\n<meta property=\"og:title\" content=\"Costa Verde supports Associa\u00e7\u00e3o Salvador - Costa Verde\" \/>\n<meta property=\"og:description\" content=\"Associa\u00e7\u00e3o Salvador, has been playing a key role towards promoting social inclusion by supporting and developing projects aimed at the autonomy and accessibility for people with mobility impairments.\" \/>\n<meta property=\"og:url\" content=\"https:\/\/pro.costa-verde.com\/costa-verde-apoia-associacao-salvador\/\" \/>\n<meta property=\"og:site_name\" content=\"Costa Verde\" \/>\n<meta property=\"article:publisher\" content=\"https:\/\/www.facebook.com\/costaverdeporcelanas\/\" \/>\n<meta property=\"article:modified_time\" content=\"2024-11-19T15:22:01+00:00\" \/>\n<meta property=\"og:image\" content=\"https:\/\/pro.costa-verde.com\/wp-content\/uploads\/2024\/11\/Associacao_Salvador_Noticia.jpeg\" \/>\n\t<meta property=\"og:image:width\" content=\"1280\" \/>\n\t<meta property=\"og:image:height\" content=\"672\" \/>\n\t<meta property=\"og:image:type\" content=\"image\/jpeg\" \/>\n<meta name=\"twitter:card\" content=\"summary_large_image\" \/>\n<meta name=\"twitter:label1\" content=\"Est. reading time\" \/>\n\t<meta name=\"twitter:data1\" content=\"2 minutes\" \/>\n<script type=\"application\/ld+json\" class=\"yoast-schema-graph\">{\"@context\":\"https:\/\/schema.org\",\"@graph\":[{\"@type\":\"WebPage\",\"@id\":\"https:\/\/pro.costa-verde.com\/costa-verde-apoia-associacao-salvador\/\",\"url\":\"https:\/\/pro.costa-verde.com\/costa-verde-apoia-associacao-salvador\/\",\"name\":\"Costa Verde supports Associa\u00e7\u00e3o Salvador - Costa Verde\",\"isPartOf\":{\"@id\":\"https:\/\/pro.costa-verde.com\/#website\"},\"primaryImageOfPage\":{\"@id\":\"https:\/\/pro.costa-verde.com\/costa-verde-apoia-associacao-salvador\/#primaryimage\"},\"image\":{\"@id\":\"https:\/\/pro.costa-verde.com\/costa-verde-apoia-associacao-salvador\/#primaryimage\"},\"thumbnailUrl\":\"https:\/\/pro.costa-verde.com\/wp-content\/uploads\/2024\/11\/Associacao_Salvador_Noticia.jpeg\",\"datePublished\":\"2024-11-19T15:20:45+00:00\",\"dateModified\":\"2024-11-19T15:22:01+00:00\",\"description\":\"Associa\u00e7\u00e3o Salvador, has been playing a key role towards promoting social inclusion by supporting and developing projects aimed at the autonomy and accessibility for people with mobility impairments.\",\"breadcrumb\":{\"@id\":\"https:\/\/pro.costa-verde.com\/costa-verde-apoia-associacao-salvador\/#breadcrumb\"},\"inLanguage\":\"en-US\",\"potentialAction\":[{\"@type\":\"ReadAction\",\"target\":[\"https:\/\/pro.costa-verde.com\/costa-verde-apoia-associacao-salvador\/\"]}]},{\"@type\":\"ImageObject\",\"inLanguage\":\"en-US\",\"@id\":\"https:\/\/pro.costa-verde.com\/costa-verde-apoia-associacao-salvador\/#primaryimage\",\"url\":\"https:\/\/pro.costa-verde.com\/wp-content\/uploads\/2024\/11\/Associacao_Salvador_Noticia.jpeg\",\"contentUrl\":\"https:\/\/pro.costa-verde.com\/wp-content\/uploads\/2024\/11\/Associacao_Salvador_Noticia.jpeg\",\"width\":1280,\"height\":672},{\"@type\":\"BreadcrumbList\",\"@id\":\"https:\/\/pro.costa-verde.com\/costa-verde-apoia-associacao-salvador\/#breadcrumb\",\"itemListElement\":[{\"@type\":\"ListItem\",\"position\":1,\"name\":\"In\u00edcio\",\"item\":\"https:\/\/pro.costa-verde.com\/en\/\"},{\"@type\":\"ListItem\",\"position\":2,\"name\":\"Costa Verde supports Associa\u00e7\u00e3o Salvador\"}]},{\"@type\":\"WebSite\",\"@id\":\"https:\/\/pro.costa-verde.com\/#website\",\"url\":\"https:\/\/pro.costa-verde.com\/\",\"name\":\"Costa Verde\",\"description\":\"Loja Online\",\"potentialAction\":[{\"@type\":\"SearchAction\",\"target\":{\"@type\":\"EntryPoint\",\"urlTemplate\":\"https:\/\/pro.costa-verde.com\/?s={search_term_string}\"},\"query-input\":{\"@type\":\"PropertyValueSpecification\",\"valueRequired\":true,\"valueName\":\"search_term_string\"}}],\"inLanguage\":\"en-US\"}]}<\/script>\n<!-- \/ Yoast SEO plugin. -->","yoast_head_json":{"title":"Costa Verde supports Associa\u00e7\u00e3o Salvador - Costa Verde","description":"Associa\u00e7\u00e3o Salvador, has been playing a key role towards promoting social inclusion by supporting and developing projects aimed at the autonomy and accessibility for people with mobility impairments.","robots":{"index":"index","follow":"follow","max-snippet":"max-snippet:-1","max-image-preview":"max-image-preview:large","max-video-preview":"max-video-preview:-1"},"canonical":"https:\/\/pro.costa-verde.com\/costa-verde-apoia-associacao-salvador\/","og_locale":"en_US","og_type":"article","og_title":"Costa Verde supports Associa\u00e7\u00e3o Salvador - Costa Verde","og_description":"Associa\u00e7\u00e3o Salvador, has been playing a key role towards promoting social inclusion by supporting and developing projects aimed at the autonomy and accessibility for people with mobility impairments.","og_url":"https:\/\/pro.costa-verde.com\/costa-verde-apoia-associacao-salvador\/","og_site_name":"Costa Verde","article_publisher":"https:\/\/www.facebook.com\/costaverdeporcelanas\/","article_modified_time":"2024-11-19T15:22:01+00:00","og_image":[{"width":1280,"height":672,"url":"https:\/\/pro.costa-verde.com\/wp-content\/uploads\/2024\/11\/Associacao_Salvador_Noticia.jpeg","type":"image\/jpeg"}],"twitter_card":"summary_large_image","twitter_misc":{"Est. reading time":"2 minutes"},"schema":{"@context":"https:\/\/schema.org","@graph":[{"@type":"WebPage","@id":"https:\/\/pro.costa-verde.com\/costa-verde-apoia-associacao-salvador\/","url":"https:\/\/pro.costa-verde.com\/costa-verde-apoia-associacao-salvador\/","name":"Costa Verde supports Associa\u00e7\u00e3o Salvador - Costa Verde","isPartOf":{"@id":"https:\/\/pro.costa-verde.com\/#website"},"primaryImageOfPage":{"@id":"https:\/\/pro.costa-verde.com\/costa-verde-apoia-associacao-salvador\/#primaryimage"},"image":{"@id":"https:\/\/pro.costa-verde.com\/costa-verde-apoia-associacao-salvador\/#primaryimage"},"thumbnailUrl":"https:\/\/pro.costa-verde.com\/wp-content\/uploads\/2024\/11\/Associacao_Salvador_Noticia.jpeg","datePublished":"2024-11-19T15:20:45+00:00","dateModified":"2024-11-19T15:22:01+00:00","description":"Associa\u00e7\u00e3o Salvador, has been playing a key role towards promoting social inclusion by supporting and developing projects aimed at the autonomy and accessibility for people with mobility impairments.","breadcrumb":{"@id":"https:\/\/pro.costa-verde.com\/costa-verde-apoia-associacao-salvador\/#breadcrumb"},"inLanguage":"en-US","potentialAction":[{"@type":"ReadAction","target":["https:\/\/pro.costa-verde.com\/costa-verde-apoia-associacao-salvador\/"]}]},{"@type":"ImageObject","inLanguage":"en-US","@id":"https:\/\/pro.costa-verde.com\/costa-verde-apoia-associacao-salvador\/#primaryimage","url":"https:\/\/pro.costa-verde.com\/wp-content\/uploads\/2024\/11\/Associacao_Salvador_Noticia.jpeg","contentUrl":"https:\/\/pro.costa-verde.com\/wp-content\/uploads\/2024\/11\/Associacao_Salvador_Noticia.jpeg","width":1280,"height":672},{"@type":"BreadcrumbList","@id":"https:\/\/pro.costa-verde.com\/costa-verde-apoia-associacao-salvador\/#breadcrumb","itemListElement":[{"@type":"ListItem","position":1,"name":"In\u00edcio","item":"https:\/\/pro.costa-verde.com\/en\/"},{"@type":"ListItem","position":2,"name":"Costa Verde supports Associa\u00e7\u00e3o Salvador"}]},{"@type":"WebSite","@id":"https:\/\/pro.costa-verde.com\/#website","url":"https:\/\/pro.costa-verde.com\/","name":"Costa Verde","description":"Loja Online","potentialAction":[{"@type":"SearchAction","target":{"@type":"EntryPoint","urlTemplate":"https:\/\/pro.costa-verde.com\/?s={search_term_string}"},"query-input":{"@type":"PropertyValueSpecification","valueRequired":true,"valueName":"search_term_string"}}],"inLanguage":"en-US"}]}},"_links":{"self":[{"href":"https:\/\/pro.costa-verde.com\/en\/wp-json\/wp\/v2\/pages\/61488","targetHints":{"allow":["GET"]}}],"collection":[{"href":"https:\/\/pro.costa-verde.com\/en\/wp-json\/wp\/v2\/pages"}],"about":[{"href":"https:\/\/pro.costa-verde.com\/en\/wp-json\/wp\/v2\/types\/page"}],"author":[{"embeddable":true,"href":"https:\/\/pro.costa-verde.com\/en\/wp-json\/wp\/v2\/users\/438"}],"replies":[{"embeddable":true,"href":"https:\/\/pro.costa-verde.com\/en\/wp-json\/wp\/v2\/comments?post=61488"}],"version-history":[{"count":4,"href":"https:\/\/pro.costa-verde.com\/en\/wp-json\/wp\/v2\/pages\/61488\/revisions"}],"predecessor-version":[{"id":61501,"href":"https:\/\/pro.costa-verde.com\/en\/wp-json\/wp\/v2\/pages\/61488\/revisions\/61501"}],"wp:featuredmedia":[{"embeddable":true,"href":"https:\/\/pro.costa-verde.com\/en\/wp-json\/wp\/v2\/media\/61492"}],"wp:attachment":[{"href":"https:\/\/pro.costa-verde.com\/en\/wp-json\/wp\/v2\/media?parent=61488"}],"curies":[{"name":"wp","href":"https:\/\/api.w.org\/{rel}","templated":true}]}}