{"id":12011,"date":"2020-12-23T10:12:28","date_gmt":"2020-12-23T10:12:28","guid":{"rendered":"https:\/\/pro.costa-verde.com\/?page_id=12011"},"modified":"2025-06-16T11:26:06","modified_gmt":"2025-06-16T10:26:06","slug":"care-use","status":"publish","type":"page","link":"https:\/\/pro.costa-verde.com\/en\/care-use\/","title":{"rendered":"Porcelain care of use"},"content":{"rendered":"\t\t<div data-elementor-type=\"wp-page\" data-elementor-id=\"12011\" class=\"elementor elementor-12011 elementor-444\" data-elementor-post-type=\"page\">\n\t\t\t\t\t\t<section class=\"elementor-section elementor-top-section elementor-element elementor-element-078d183 elementor-section-stretched elementor-section-boxed elementor-section-height-default elementor-section-height-default\" data-id=\"078d183\" data-element_type=\"section\" data-settings=\"{&quot;stretch_section&quot;:&quot;section-stretched&quot;}\">\n\t\t\t\t\t\t<div class=\"elementor-container elementor-column-gap-extended\">\n\t\t\t\t\t<div class=\"elementor-column elementor-col-100 elementor-top-column elementor-element elementor-element-63e3b5c\" data-id=\"63e3b5c\" data-element_type=\"column\">\n\t\t\t<div class=\"elementor-widget-wrap elementor-element-populated\">\n\t\t\t\t\t\t<div class=\"elementor-element elementor-element-982df95 lust elementor-widget elementor-widget-text-editor\" data-id=\"982df95\" data-element_type=\"widget\" data-widget_type=\"text-editor.default\">\n\t\t\t\t<div class=\"elementor-widget-container\">\n\t\t\t\t\t\t\t\t\t<h1>Care of Use<\/h1>\nProtect your porcelain collection, protect your investment\t\t\t\t\t\t\t\t<\/div>\n\t\t\t\t<\/div>\n\t\t\t\t\t<\/div>\n\t\t<\/div>\n\t\t\t\t\t<\/div>\n\t\t<\/section>\n\t\t\t\t<section class=\"elementor-section elementor-top-section elementor-element elementor-element-0d9fbc4 elementor-section-stretched elementor-section-boxed elementor-section-height-default elementor-section-height-default\" data-id=\"0d9fbc4\" data-element_type=\"section\" data-settings=\"{&quot;background_background&quot;:&quot;classic&quot;,&quot;stretch_section&quot;:&quot;section-stretched&quot;}\">\n\t\t\t\t\t\t\t<div class=\"elementor-background-overlay\"><\/div>\n\t\t\t\t\t\t\t<div class=\"elementor-container elementor-column-gap-extended\">\n\t\t\t\t\t<div class=\"elementor-column elementor-col-50 elementor-top-column elementor-element elementor-element-0291c3a\" data-id=\"0291c3a\" data-element_type=\"column\">\n\t\t\t<div class=\"elementor-widget-wrap elementor-element-populated\">\n\t\t\t\t\t\t<div class=\"elementor-element elementor-element-638f0b0 elementor-widget elementor-widget-text-editor\" data-id=\"638f0b0\" data-element_type=\"widget\" data-widget_type=\"text-editor.default\">\n\t\t\t\t<div class=\"elementor-widget-container\">\n\t\t\t\t\t\t\t\t\t<p>At Costa Verde, we are not only concerned about developing products which meet your needs, but also about informing you on how to protect your porcelain product, and that it lasts for a long time.<\/p>\n<p>All our products are regularly tested and comply with various national and international standards, with the ultimate goal of ensuring a quality product and a safe investment. By purchasing porcelain from Costa Verde, you are choosing professional, resistant products, for daily and massive use, in the oven, refrigerator, freezer, washing machine and microwave (not applicable when decorated with metallic motifs).<\/p>\n<p>Therefore, we share with you some suggestions that will undoubtedly help you to protect your investment:<\/p>\n<ul>\n<li>Always use 18\/10 stainless steel cutlery;<\/li>\n<li>Cover the porcelain storage and handling area with polypropylene surfaces, thus avoiding contact on metal or other surfaces;<\/li>\n<li>Do not drag your porcelain on uncovered metallic surfaces, as it favours the migration of metal to the base of the porcelain;<\/li>\n<li>Do not stack up articles, which have not been developed for this purpose;<\/li>\n<li>Separate porcelain articles from other products of different materials, such as cutlery or metal dishes, when washing and drying;<\/li>\n<li>Always use silicone spatulas;<\/li>\n<li>Pre-wash the porcelain or leave it in the water before washing;<\/li>\n<li>Use specific detergents and do not promote their contact with porcelain for a long time.<\/li>\n<\/ul>\n<p><strong>Keep your Costa Verde product as on the first day!<\/strong><\/p>\t\t\t\t\t\t\t\t<\/div>\n\t\t\t\t<\/div>\n\t\t\t\t\t<\/div>\n\t\t<\/div>\n\t\t\t\t<div class=\"elementor-column elementor-col-50 elementor-top-column elementor-element elementor-element-9453f61\" data-id=\"9453f61\" data-element_type=\"column\" data-settings=\"{&quot;background_background&quot;:&quot;classic&quot;}\">\n\t\t\t<div class=\"elementor-widget-wrap elementor-element-populated\">\n\t\t\t\t\t<div class=\"elementor-background-overlay\"><\/div>\n\t\t\t\t\t\t<div class=\"elementor-element elementor-element-0ee10b7 elementor-widget elementor-widget-image\" data-id=\"0ee10b7\" data-element_type=\"widget\" data-widget_type=\"image.default\">\n\t\t\t\t<div class=\"elementor-widget-container\">\n\t\t\t\t\t\t\t\t\t\t\t\t\t\t\t<img fetchpriority=\"high\" decoding=\"async\" width=\"683\" height=\"1024\" src=\"https:\/\/pro.costa-verde.com\/wp-content\/uploads\/2020\/10\/duo-cacarola-683x1024.jpg\" class=\"attachment-large size-large wp-image-12326\" alt=\"ca\u00e7arola, tachinho de porcelana, cuidados a ter com a porcelan, cuidados de utiliza\u00e7\u00e3o da porcelana cole\u00e7\u00e3o duo\" srcset=\"https:\/\/pro.costa-verde.com\/wp-content\/uploads\/2020\/10\/duo-cacarola-683x1024.jpg 683w, https:\/\/pro.costa-verde.com\/wp-content\/uploads\/2020\/10\/duo-cacarola-200x300.jpg 200w, https:\/\/pro.costa-verde.com\/wp-content\/uploads\/2020\/10\/duo-cacarola-768x1152.jpg 768w, https:\/\/pro.costa-verde.com\/wp-content\/uploads\/2020\/10\/duo-cacarola-600x900.jpg 600w, https:\/\/pro.costa-verde.com\/wp-content\/uploads\/2020\/10\/duo-cacarola-100x150.jpg 100w, https:\/\/pro.costa-verde.com\/wp-content\/uploads\/2020\/10\/duo-cacarola.jpg 891w\" sizes=\"(max-width: 683px) 100vw, 683px\" \/>\t\t\t\t\t\t\t\t\t\t\t\t\t\t\t<\/div>\n\t\t\t\t<\/div>\n\t\t\t\t\t<\/div>\n\t\t<\/div>\n\t\t\t\t\t<\/div>\n\t\t<\/section>\n\t\t\t\t<section class=\"elementor-section elementor-top-section elementor-element elementor-element-cddc7cd elementor-section-stretched elementor-section-boxed elementor-section-height-default elementor-section-height-default\" data-id=\"cddc7cd\" data-element_type=\"section\" data-settings=\"{&quot;stretch_section&quot;:&quot;section-stretched&quot;}\">\n\t\t\t\t\t\t<div class=\"elementor-container elementor-column-gap-extended\">\n\t\t\t\t\t<div class=\"elementor-column elementor-col-100 elementor-top-column elementor-element elementor-element-dcecbe3\" data-id=\"dcecbe3\" data-element_type=\"column\">\n\t\t\t<div class=\"elementor-widget-wrap elementor-element-populated\">\n\t\t\t\t\t\t<div class=\"elementor-element elementor-element-3b55f05 lust elementor-widget elementor-widget-text-editor\" data-id=\"3b55f05\" data-element_type=\"widget\" data-widget_type=\"text-editor.default\">\n\t\t\t\t<div class=\"elementor-widget-container\">\n\t\t\t\t\t\t\t\t\t<h1>Responsible Packaging Management<\/h1>\t\t\t\t\t\t\t\t<\/div>\n\t\t\t\t<\/div>\n\t\t\t\t\t<\/div>\n\t\t<\/div>\n\t\t\t\t\t<\/div>\n\t\t<\/section>\n\t\t\t\t<section class=\"elementor-section elementor-top-section elementor-element elementor-element-c04297f elementor-section-stretched elementor-section-boxed elementor-section-height-default elementor-section-height-default\" data-id=\"c04297f\" data-element_type=\"section\" data-settings=\"{&quot;background_background&quot;:&quot;classic&quot;,&quot;stretch_section&quot;:&quot;section-stretched&quot;}\">\n\t\t\t\t\t\t\t<div class=\"elementor-background-overlay\"><\/div>\n\t\t\t\t\t\t\t<div class=\"elementor-container elementor-column-gap-extended\">\n\t\t\t\t\t<div class=\"elementor-column elementor-col-50 elementor-top-column elementor-element elementor-element-7c90643\" data-id=\"7c90643\" data-element_type=\"column\">\n\t\t\t<div class=\"elementor-widget-wrap elementor-element-populated\">\n\t\t\t\t\t\t<div class=\"elementor-element elementor-element-e892d8a elementor-widget elementor-widget-text-editor\" data-id=\"e892d8a\" data-element_type=\"widget\" data-widget_type=\"text-editor.default\">\n\t\t\t\t<div class=\"elementor-widget-container\">\n\t\t\t\t\t\t\t\t\t<p>As part of our commitment to sustainability and the circular economy, we would like to inform you that our product packaging is recyclable.<\/p><p data-start=\"240\" data-end=\"485\">Our cardboard boxes are FSC certified, ensuring they come from responsible sources. The companies that produce them support forest conservation and provide social benefits, allowing the market to act as an incentive for better forest management.<\/p><p data-start=\"487\" data-end=\"606\">Cardboard packaging should be disposed of in the blue recycling bin, and plastic packaging in the yellow recycling bin.<\/p><p data-start=\"608\" data-end=\"795\">We encourage the correct disposal of packaging waste, thereby contributing to the reduction of environmental impact and promoting good waste management practices and the circular economy.<\/p>\t\t\t\t\t\t\t\t<\/div>\n\t\t\t\t<\/div>\n\t\t\t\t\t<\/div>\n\t\t<\/div>\n\t\t\t\t<div class=\"elementor-column elementor-col-50 elementor-top-column elementor-element elementor-element-dd525a9\" data-id=\"dd525a9\" data-element_type=\"column\" data-settings=\"{&quot;background_background&quot;:&quot;classic&quot;}\">\n\t\t\t<div class=\"elementor-widget-wrap elementor-element-populated\">\n\t\t\t\t\t<div class=\"elementor-background-overlay\"><\/div>\n\t\t\t\t\t\t<div class=\"elementor-element elementor-element-ddacb1d elementor-widget elementor-widget-image\" data-id=\"ddacb1d\" data-element_type=\"widget\" data-widget_type=\"image.default\">\n\t\t\t\t<div class=\"elementor-widget-container\">\n\t\t\t\t\t\t\t\t\t\t\t\t<figure class=\"wp-caption\">\n\t\t\t\t\t\t\t\t\t\t<img decoding=\"async\" width=\"506\" height=\"447\" src=\"https:\/\/pro.costa-verde.com\/wp-content\/uploads\/2025\/06\/gestao-responsavel-de-embalagens.png\" class=\"attachment-large size-large wp-image-66355\" alt=\"\" srcset=\"https:\/\/pro.costa-verde.com\/wp-content\/uploads\/2025\/06\/gestao-responsavel-de-embalagens.png 506w, https:\/\/pro.costa-verde.com\/wp-content\/uploads\/2025\/06\/gestao-responsavel-de-embalagens-300x265.png 300w, https:\/\/pro.costa-verde.com\/wp-content\/uploads\/2025\/06\/gestao-responsavel-de-embalagens-120x106.png 120w\" sizes=\"(max-width: 506px) 100vw, 506px\" \/>\t\t\t\t\t\t\t\t\t\t\t<figcaption class=\"widget-image-caption wp-caption-text\">Embalagens - Packaging \/ Caixas de cart\u00e3o - Cardboard boxes \/ Pl\u00e1stico - Plastic<\/figcaption>\n\t\t\t\t\t\t\t\t\t\t<\/figure>\n\t\t\t\t\t\t\t\t\t<\/div>\n\t\t\t\t<\/div>\n\t\t\t\t\t<\/div>\n\t\t<\/div>\n\t\t\t\t\t<\/div>\n\t\t<\/section>\n\t\t\t\t<\/div>\n\t\t","protected":false},"excerpt":{"rendered":"<p>Care of Use Protect your porcelain collection, protect your investment At Costa Verde, we are not only concerned about developing products which meet your needs, but also about informing you on how to protect your porcelain product, and that it lasts for a long time. All our products are regularly tested and comply with various [&hellip;]<\/p>\n","protected":false},"author":3,"featured_media":12326,"parent":0,"menu_order":0,"comment_status":"closed","ping_status":"closed","template":"","meta":{"footnotes":""},"class_list":["post-12011","page","type-page","status-publish","has-post-thumbnail","hentry"],"yoast_head":"<!-- This site is optimized with the Yoast SEO plugin v26.9 - https:\/\/yoast.com\/product\/yoast-seo-wordpress\/ -->\n<title>Porcelain care of use - Costa Verde<\/title>\n<meta name=\"description\" content=\"Protect your porcelain service, protect your investment. Here you can find how to make your porcelain pieces last longer.\" \/>\n<meta name=\"robots\" content=\"index, follow, max-snippet:-1, max-image-preview:large, max-video-preview:-1\" \/>\n<link rel=\"canonical\" href=\"https:\/\/pro.costa-verde.com\/cuidados-utilizacao\/\" \/>\n<meta property=\"og:locale\" content=\"en_US\" \/>\n<meta property=\"og:type\" content=\"article\" \/>\n<meta property=\"og:title\" content=\"Porcelain care of use - Costa Verde\" \/>\n<meta property=\"og:description\" content=\"Protect your porcelain service, protect your investment. Here you can find how to make your porcelain pieces last longer.\" \/>\n<meta property=\"og:url\" content=\"https:\/\/pro.costa-verde.com\/cuidados-utilizacao\/\" \/>\n<meta property=\"og:site_name\" content=\"Costa Verde\" \/>\n<meta property=\"article:publisher\" content=\"https:\/\/www.facebook.com\/costaverdeporcelanas\/\" \/>\n<meta property=\"article:modified_time\" content=\"2025-06-16T10:26:06+00:00\" \/>\n<meta property=\"og:image\" content=\"https:\/\/pro.costa-verde.com\/wp-content\/uploads\/2020\/10\/duo-cacarola.jpg\" \/>\n\t<meta property=\"og:image:width\" content=\"891\" \/>\n\t<meta property=\"og:image:height\" content=\"1336\" \/>\n\t<meta property=\"og:image:type\" content=\"image\/jpeg\" \/>\n<meta name=\"twitter:card\" content=\"summary_large_image\" \/>\n<meta name=\"twitter:label1\" content=\"Est. reading time\" \/>\n\t<meta name=\"twitter:data1\" content=\"2 minutes\" \/>\n<script type=\"application\/ld+json\" class=\"yoast-schema-graph\">{\"@context\":\"https:\/\/schema.org\",\"@graph\":[{\"@type\":\"WebPage\",\"@id\":\"https:\/\/pro.costa-verde.com\/cuidados-utilizacao\/\",\"url\":\"https:\/\/pro.costa-verde.com\/cuidados-utilizacao\/\",\"name\":\"Porcelain care of use - Costa Verde\",\"isPartOf\":{\"@id\":\"https:\/\/pro.costa-verde.com\/#website\"},\"primaryImageOfPage\":{\"@id\":\"https:\/\/pro.costa-verde.com\/cuidados-utilizacao\/#primaryimage\"},\"image\":{\"@id\":\"https:\/\/pro.costa-verde.com\/cuidados-utilizacao\/#primaryimage\"},\"thumbnailUrl\":\"https:\/\/pro.costa-verde.com\/wp-content\/uploads\/2020\/10\/duo-cacarola.jpg\",\"datePublished\":\"2020-12-23T10:12:28+00:00\",\"dateModified\":\"2025-06-16T10:26:06+00:00\",\"description\":\"Protect your porcelain service, protect your investment. Here you can find how to make your porcelain pieces last longer.\",\"breadcrumb\":{\"@id\":\"https:\/\/pro.costa-verde.com\/cuidados-utilizacao\/#breadcrumb\"},\"inLanguage\":\"en-US\",\"potentialAction\":[{\"@type\":\"ReadAction\",\"target\":[\"https:\/\/pro.costa-verde.com\/cuidados-utilizacao\/\"]}]},{\"@type\":\"ImageObject\",\"inLanguage\":\"en-US\",\"@id\":\"https:\/\/pro.costa-verde.com\/cuidados-utilizacao\/#primaryimage\",\"url\":\"https:\/\/pro.costa-verde.com\/wp-content\/uploads\/2020\/10\/duo-cacarola.jpg\",\"contentUrl\":\"https:\/\/pro.costa-verde.com\/wp-content\/uploads\/2020\/10\/duo-cacarola.jpg\",\"width\":891,\"height\":1336,\"caption\":\"Ca\u00e7arola Duo\"},{\"@type\":\"BreadcrumbList\",\"@id\":\"https:\/\/pro.costa-verde.com\/cuidados-utilizacao\/#breadcrumb\",\"itemListElement\":[{\"@type\":\"ListItem\",\"position\":1,\"name\":\"In\u00edcio\",\"item\":\"https:\/\/pro.costa-verde.com\/en\/\"},{\"@type\":\"ListItem\",\"position\":2,\"name\":\"Porcelain care of use\"}]},{\"@type\":\"WebSite\",\"@id\":\"https:\/\/pro.costa-verde.com\/#website\",\"url\":\"https:\/\/pro.costa-verde.com\/\",\"name\":\"Costa Verde\",\"description\":\"Loja Online\",\"potentialAction\":[{\"@type\":\"SearchAction\",\"target\":{\"@type\":\"EntryPoint\",\"urlTemplate\":\"https:\/\/pro.costa-verde.com\/?s={search_term_string}\"},\"query-input\":{\"@type\":\"PropertyValueSpecification\",\"valueRequired\":true,\"valueName\":\"search_term_string\"}}],\"inLanguage\":\"en-US\"}]}<\/script>\n<!-- \/ Yoast SEO plugin. -->","yoast_head_json":{"title":"Porcelain care of use - Costa Verde","description":"Protect your porcelain service, protect your investment. Here you can find how to make your porcelain pieces last longer.","robots":{"index":"index","follow":"follow","max-snippet":"max-snippet:-1","max-image-preview":"max-image-preview:large","max-video-preview":"max-video-preview:-1"},"canonical":"https:\/\/pro.costa-verde.com\/cuidados-utilizacao\/","og_locale":"en_US","og_type":"article","og_title":"Porcelain care of use - Costa Verde","og_description":"Protect your porcelain service, protect your investment. Here you can find how to make your porcelain pieces last longer.","og_url":"https:\/\/pro.costa-verde.com\/cuidados-utilizacao\/","og_site_name":"Costa Verde","article_publisher":"https:\/\/www.facebook.com\/costaverdeporcelanas\/","article_modified_time":"2025-06-16T10:26:06+00:00","og_image":[{"width":891,"height":1336,"url":"https:\/\/pro.costa-verde.com\/wp-content\/uploads\/2020\/10\/duo-cacarola.jpg","type":"image\/jpeg"}],"twitter_card":"summary_large_image","twitter_misc":{"Est. reading time":"2 minutes"},"schema":{"@context":"https:\/\/schema.org","@graph":[{"@type":"WebPage","@id":"https:\/\/pro.costa-verde.com\/cuidados-utilizacao\/","url":"https:\/\/pro.costa-verde.com\/cuidados-utilizacao\/","name":"Porcelain care of use - Costa Verde","isPartOf":{"@id":"https:\/\/pro.costa-verde.com\/#website"},"primaryImageOfPage":{"@id":"https:\/\/pro.costa-verde.com\/cuidados-utilizacao\/#primaryimage"},"image":{"@id":"https:\/\/pro.costa-verde.com\/cuidados-utilizacao\/#primaryimage"},"thumbnailUrl":"https:\/\/pro.costa-verde.com\/wp-content\/uploads\/2020\/10\/duo-cacarola.jpg","datePublished":"2020-12-23T10:12:28+00:00","dateModified":"2025-06-16T10:26:06+00:00","description":"Protect your porcelain service, protect your investment. Here you can find how to make your porcelain pieces last longer.","breadcrumb":{"@id":"https:\/\/pro.costa-verde.com\/cuidados-utilizacao\/#breadcrumb"},"inLanguage":"en-US","potentialAction":[{"@type":"ReadAction","target":["https:\/\/pro.costa-verde.com\/cuidados-utilizacao\/"]}]},{"@type":"ImageObject","inLanguage":"en-US","@id":"https:\/\/pro.costa-verde.com\/cuidados-utilizacao\/#primaryimage","url":"https:\/\/pro.costa-verde.com\/wp-content\/uploads\/2020\/10\/duo-cacarola.jpg","contentUrl":"https:\/\/pro.costa-verde.com\/wp-content\/uploads\/2020\/10\/duo-cacarola.jpg","width":891,"height":1336,"caption":"Ca\u00e7arola Duo"},{"@type":"BreadcrumbList","@id":"https:\/\/pro.costa-verde.com\/cuidados-utilizacao\/#breadcrumb","itemListElement":[{"@type":"ListItem","position":1,"name":"In\u00edcio","item":"https:\/\/pro.costa-verde.com\/en\/"},{"@type":"ListItem","position":2,"name":"Porcelain care of use"}]},{"@type":"WebSite","@id":"https:\/\/pro.costa-verde.com\/#website","url":"https:\/\/pro.costa-verde.com\/","name":"Costa Verde","description":"Loja Online","potentialAction":[{"@type":"SearchAction","target":{"@type":"EntryPoint","urlTemplate":"https:\/\/pro.costa-verde.com\/?s={search_term_string}"},"query-input":{"@type":"PropertyValueSpecification","valueRequired":true,"valueName":"search_term_string"}}],"inLanguage":"en-US"}]}},"_links":{"self":[{"href":"https:\/\/pro.costa-verde.com\/en\/wp-json\/wp\/v2\/pages\/12011","targetHints":{"allow":["GET"]}}],"collection":[{"href":"https:\/\/pro.costa-verde.com\/en\/wp-json\/wp\/v2\/pages"}],"about":[{"href":"https:\/\/pro.costa-verde.com\/en\/wp-json\/wp\/v2\/types\/page"}],"author":[{"embeddable":true,"href":"https:\/\/pro.costa-verde.com\/en\/wp-json\/wp\/v2\/users\/3"}],"replies":[{"embeddable":true,"href":"https:\/\/pro.costa-verde.com\/en\/wp-json\/wp\/v2\/comments?post=12011"}],"version-history":[{"count":9,"href":"https:\/\/pro.costa-verde.com\/en\/wp-json\/wp\/v2\/pages\/12011\/revisions"}],"predecessor-version":[{"id":66377,"href":"https:\/\/pro.costa-verde.com\/en\/wp-json\/wp\/v2\/pages\/12011\/revisions\/66377"}],"wp:featuredmedia":[{"embeddable":true,"href":"https:\/\/pro.costa-verde.com\/en\/wp-json\/wp\/v2\/media\/12326"}],"wp:attachment":[{"href":"https:\/\/pro.costa-verde.com\/en\/wp-json\/wp\/v2\/media?parent=12011"}],"curies":[{"name":"wp","href":"https:\/\/api.w.org\/{rel}","templated":true}]}}